{"id":10365,"date":"2019-07-25T08:12:37","date_gmt":"2019-07-25T08:12:37","guid":{"rendered":"https:\/\/www.tortosaturisme.cat\/fr\/cicloturisme-en-familia\/"},"modified":"2020-08-07T15:52:37","modified_gmt":"2020-08-07T15:52:37","slug":"le-cyclotourisme-en-famille","status":"publish","type":"page","link":"https:\/\/www.tortosaturisme.cat\/fr\/le-cyclotourisme-en-famille\/","title":{"rendered":"Le cyclotourisme en famille"},"content":{"rendered":"<p>[vc_row][vc_column]<div class=\"vc-incubalia-big-header\"><h1 class=\"vc-incubalia-big-header__title\">Le cyclotourisme en famille<\/h1><img decoding=\"async\" class=\"vc-incubalia-big-header__mobile-picture\" src=\"https:\/\/www.tortosaturisme.cat\/wp-content\/uploads\/2019\/07\/Cicloturisme-en-familia-6-mb-768x450.jpg\">\n                  <img decoding=\"async\" class=\"vc-incubalia-big-header__desktop-picture\" src=\"https:\/\/www.tortosaturisme.cat\/wp-content\/uploads\/2019\/07\/Cicloturisme-en-familia-6-dsk-1920x700.jpg\"><\/div>[\/vc_column][\/vc_row][vc_row][vc_column]<div class=\"vc-incubalia-text-1-column-subtitle\"><h3 class=\"vc-incubalia-text-1-column-subtitle__subtitle\">Tortosa est la destination id\u00e9ale pour les familles qui veulent profiter de quelques jours \u00e0 v\u00e9lo avec les plus petits<\/h3><div class=\"vc-incubalia-text-1-column-subtitle__text\">La capitale de la r\u00e9gion de la baie de l&rsquo;\u00c8bre est une ville moyenne, qui dispose d\u2019une piste cyclable dans sa ville et o\u00f9 la voie verte traverse elle-m\u00eame la rivi\u00e8re par l&rsquo;ancien pont du chemin de fer ou le pont rouge. <strong>Un endroit parfait pour d\u00e9couvrir le Delta de l\u2019\u00c8bre ou la voie verte en passant par la Terra Alta.<\/strong><\/p><br \/>\n<p><\/div><\/div><div class=\"vc-incubalia-video-full-width\"><img decoding=\"async\" class=\"vc-incubalia-video-full-width__image-mobile\" src=\"https:\/\/www.tortosaturisme.cat\/wp-content\/uploads\/2019\/07\/Video-768x350.jpg\"><img decoding=\"async\" class=\"vc-incubalia-video-full-width__image-desktop\" src=\"https:\/\/www.tortosaturisme.cat\/wp-content\/uploads\/2019\/07\/Video-via-verda-en-familia-1920x550.jpg\"><div id=\"6bd9736fc4\" class=\"vc-incubalia-video-full-width__play-button\"><img decoding=\"async\" class=\"play-button\" src=\"https:\/\/www.tortosaturisme.cat\/wp-content\/plugins\/vc-incubalia-elements\/elements\/..\/assets\/img\/video-play.png\"><\/div><div class=\"vc-incubalia-video-full-width__youtube-iframe\"><iframe loading=\"lazy\" width=\"560\" height=\"315\" src=\"https:\/\/www.youtube.com\/embed\/8udKz3UAMb4\" frameborder=\"0\" allowfullscreen><\/iframe><\/div><\/div><script>(function($) {\n                $(function() {\n                    $('#6bd9736fc4').on('click', function() {\n                        $(this).parent().parent().find('.vc-incubalia-video-full-width').addClass('play');\n                        \/\/$(this).parent().parent().find('.vc-incubalia-video-full-width__youtube-iframe iframe').attr('src', $('.vc-incubalia-video-full-width__youtube-iframe iframe').attr('src') + '?autoplay=1');\n                    });\n                });\n\n                $(window).load(function() {\n                    height = $('.vc-incubalia-video-full-width').height();\n                    setYoutubeIframeDimensions();\n                });\n\n                $(window).resize(function() {\n                    setYoutubeIframeDimensions();\n                });\n\n                function setYoutubeIframeDimensions()\n                {\n                    if ($('.vc-incubalia-video-full-width').height() > 0) {\n                        height = $('.vc-incubalia-video-full-width').height();\n                    }\n                    $('.vc-incubalia-video-full-width__youtube-iframe iframe').attr('height', height);\n                    let width = height * 16 \/ 9;\n                    $('.vc-incubalia-video-full-width__youtube-iframe iframe').attr('width', width);\n                }\n            })(jQuery)<\/script>[\/vc_column][\/vc_row][vc_row][vc_column]<div class=\"vc-incubalia-text-1-column-subtitle\"><h2 class=\"vc-incubalia-text-1-column-subtitle__title\">La Voie Verte<\/h2><h3 class=\"vc-incubalia-text-1-column-subtitle__subtitle\">Connectez-vous avec la nature et entrez dans des paysages incroyables<\/h3><div class=\"vc-incubalia-text-1-column-subtitle__text\"><strong><a href=\"https:\/\/www.tortosaturisme.cat\/fr\/la-voie-verte\/\">La Voie Verte <\/a>commence \u00e0 Tortosa<\/strong>, \u00e0 travers le pont embl\u00e9matique du chemin de fer ou du pont rouge, et traverse les villages de Roquetes, Jesus, Aldover, Xerta et Benifallet, de l\u00e0, il continue dans la r\u00e9gion voisine de la Terra Haute direction Pinell de Brai, Prat de comte, Bot, Horta de Sant Joan et Arnes. Une bonne id\u00e9e pour les familles qui souhaitent profiter d\u2019<strong>une journ\u00e9e en v\u00e9lo en famille<\/strong> est de choisir un tron\u00e7on simple et en plaine (ou en descente) comme tortosa-Aldover (20 km). Cela nous permettra de nous faire une bonne id\u00e9e de \u00e0 quoi ressemble la voie verte de mani\u00e8re tranquille, sans se presser et sans grande exigence physique. La voie Verte vous connectera \u00e0 la nature et vous profiterez de sites impressionnants remplis de paix et d\u2019air pur, car <strong>on ne peut le faire qu\u2019\u00e0 v\u00e9lo, \u00e0 pied ou \u00e0 cheval !<\/strong><\/p><br \/>\n<p><\/div><\/div><div class=\"vc-incubalia-text-image-full\"><div class=\"vc-incubalia-text-image-full__image-container\"><img decoding=\"async\" class=\"vc-incubalia-text-image-full__image-mobile\" alt=\"\" src=\"https:\/\/www.tortosaturisme.cat\/wp-content\/uploads\/2019\/07\/Cicloturisme-en-familia-7-mb-768x350-768x350.jpg\"><img decoding=\"async\" class=\"vc-incubalia-text-image-full__image-desktop\" alt=\"\" src=\"https:\/\/www.tortosaturisme.cat\/wp-content\/uploads\/2019\/07\/Cicloturisme-en-familia-7-dsk-1920x550.jpg\"><h2 class=\"vc-incubalia-text-image-full__title\">P\u00e9daler la ville<\/h2><i class=\"arrow-down\"><\/i><\/div><div class=\"vc-incubalia-text-image-full__text-container\"><h2 class=\"vc-incubalia-text-image-full__subtitle\">NOTRE VISITE DEPUIS UNE AUTRE VUE<\/h2><div class=\"vc-incubalia-text-image-full__text\"><strong>La m\u00eame ville de Tortosa<\/strong> permet \u00e9galement une <strong>petite balade \u00e0 v\u00e9lo dans le centre-ville.\u00a0<\/strong>Ainsi, au lieu de conna\u00eetre la <strong>Cath\u00e9drale<\/strong>, le <strong>Palais \u00c9piscopal<\/strong>, la promenade le long de la rivi\u00e8re, le <strong>parc Teodor Gonz\u00e0lez<\/strong>, le Llotja et le <strong>pont ferroviaire<\/strong> embl\u00e9matique \u00e0 pied, nous pouvons le faire \u00e0 v\u00e9lo. Les enfants aimeront s\u00fbrement encore la visite.<\/div><\/div><\/div><div class=\"vc-incubalia-text-image-full\"><div class=\"vc-incubalia-text-image-full__image-container\"><img decoding=\"async\" class=\"vc-incubalia-text-image-full__image-mobile\" alt=\"\" src=\"https:\/\/www.tortosaturisme.cat\/wp-content\/uploads\/2019\/06\/Cicloturisme-en-familia-4-mb-768x350.jpg\"><img decoding=\"async\" class=\"vc-incubalia-text-image-full__image-desktop\" alt=\"\" src=\"https:\/\/www.tortosaturisme.cat\/wp-content\/uploads\/2019\/06\/Cicloturisme-en-familia-4-dsk-1920x550.jpg\"><h2 class=\"vc-incubalia-text-image-full__title\"> AVEC TOUT CE QU'IL VOUS FAUT<\/h2><i class=\"arrow-down\"><\/i><\/div><div class=\"vc-incubalia-text-image-full__text-container\"><h2 class=\"vc-incubalia-text-image-full__subtitle\">FAITES VOTRE REMISE PLUS FACILE<\/h2><div class=\"vc-incubalia-text-image-full__text\"><span style=\"font-size: medium;\">Si vous ne voulez pas porter des v\u00e9los toute la journ\u00e9e, il y a dans la ville plusieurs entreprises qui offrent un service de location de v\u00e9los \u2013 y compris \u00e9lectriques- et h\u00f4tels bikefriendly, le sceau qui distingue les \u00e9tablissements qui facilitent la vie des cyclistes. Profite de la ville sur des roulettes sans soucis !<\/span><\/div><\/div><\/div>[\/vc_column][\/vc_row][vc_row][vc_column]<div class=\"vc-incubalia-4-images\"><div class=\"vc-incubalia-4-images__image has-url\"\"><a href=\"https:\/\/www.tortosaturisme.cat\/fr\/routes-a-velo\/\"><img decoding=\"async\" src=\"https:\/\/www.tortosaturisme.cat\/wp-content\/uploads\/2019\/06\/Cicloturisme-en-familia-b-900x400-6.jpg\" alt=\"\"><\/a><div class=\"vc-incubalia-4-images__image-text-container\"><p class=\"vc-incubalia-4-images__image-title\">Itin\u00e9raires familiaux<\/p><p class=\"vc-incubalia-4-images__image-subtitle\"> Itin\u00e9raires avec enfants \u00e0 partir de 7 ans<\/p><\/div><div class=\"vc-incubalia-4-images__image-url-container\"><span class=\"vc-incubalia-4-images__image-url\">Lire la suite<\/span><\/div><\/div><div class=\"vc-incubalia-4-images__image has-url\"\"><a href=\"\/fr\/entreprises-touristiques\/?tourist_company-type=lloguer-de-bicicletes-fr&amp;list-view=cards\"><img decoding=\"async\" src=\"https:\/\/www.tortosaturisme.cat\/wp-content\/uploads\/2019\/06\/Cicloturisme-en-familia-b-900-x-400-5.jpg\" alt=\"\"><\/a><div class=\"vc-incubalia-4-images__image-text-container\"><p class=\"vc-incubalia-4-images__image-title\"> Location de v\u00e9lo<\/p><p class=\"vc-incubalia-4-images__image-subtitle\">Vous n'avez pas \u00e0 charger le v\u00e9lo, le louer \u00e0 Tortosa et commencer \u00e0 p\u00e9daler<\/p><\/div><div class=\"vc-incubalia-4-images__image-url-container\"><span class=\"vc-incubalia-4-images__image-url\">Lire la suite<\/span><\/div><\/div><div class=\"vc-incubalia-4-images__image has-url\"\"><a href=\"\/fr\/entreprises-touristiques\/?tourist_company-type=cicloturisme-fr&amp;list-view=cards\"><img decoding=\"async\" src=\"https:\/\/www.tortosaturisme.cat\/wp-content\/uploads\/2019\/06\/Cicloturisme-en-familia-b-900x400-4.jpg\" alt=\"\"><\/a><div class=\"vc-incubalia-4-images__image-text-container\"><p class=\"vc-incubalia-4-images__image-title\">Services aux cyclistes<\/p><p class=\"vc-incubalia-4-images__image-subtitle\">Transfer, atelier, magasin, tout ce dont vous avez besoin pour une pause en douceur<\/p><\/div><div class=\"vc-incubalia-4-images__image-url-container\"><span class=\"vc-incubalia-4-images__image-url\">Lire la suite<\/span><\/div><\/div><div class=\"vc-incubalia-4-images__image has-url\"\"><a href=\"https:\/\/www.tortosaturisme.cat\/fr\/descarregues-cicloturisme\/\"><img decoding=\"async\" src=\"https:\/\/www.tortosaturisme.cat\/wp-content\/uploads\/2019\/06\/Cicloturisme-en-familia-b-900x400-7.jpg\" alt=\"\"><\/a><div class=\"vc-incubalia-4-images__image-text-container\"><p class=\"vc-incubalia-4-images__image-title\"> Itin\u00e9raires papier <\/p><p class=\"vc-incubalia-4-images__image-subtitle\"> T\u00e9l\u00e9charger le mat\u00e9riel \u00e9dit\u00e9 <\/p><\/div><div class=\"vc-incubalia-4-images__image-url-container\"><span class=\"vc-incubalia-4-images__image-url\">Lire la suite<\/span><\/div><\/div><\/div>[\/vc_column][\/vc_row][vc_row][vc_column]<div class=\"vc-incubalia-3-images\"><h2 class=\"vc-incubalia-3-images__title\">Nous vous proposons<\/h2><div class=\"vc-incubalia-3-images__image\"><a href=\"\/fr\/en-famille\/\"><img decoding=\"async\" src=\"https:\/\/www.tortosaturisme.cat\/wp-content\/uploads\/2018\/02\/B-800-600-escapada-finde.jpg\" alt=\"\"><\/a><a href=\"\/fr\/en-famille\/\"><p class=\"vc-incubalia-3-images__image-title\">Venir en famille<\/p><\/a><p class=\"vc-incubalia-3-images__image-subtitle\">Faites de Tortosa la sc\u00e8ne de votre aventure<\/p><\/div><div class=\"vc-incubalia-3-images__image\"><a href=\"\/fr\/la-cuisine-des-terres-de-lebre\/\"><img decoding=\"async\" src=\"https:\/\/www.tortosaturisme.cat\/wp-content\/uploads\/2018\/02\/B-800-600-cuina.jpg\" alt=\"\"><\/a><a href=\"\/fr\/la-cuisine-des-terres-de-lebre\/\"><p class=\"vc-incubalia-3-images__image-title\">La gastronomie<\/p><\/a><p class=\"vc-incubalia-3-images__image-subtitle\"> D\u00e9couvrir une cuisine en terre<\/p><\/div><div class=\"vc-incubalia-3-images__image\"><a href=\"\/fr\/sillonez-lebre\/\"><img decoding=\"async\" src=\"https:\/\/www.tortosaturisme.cat\/wp-content\/uploads\/2019\/07\/boto-800x600-llagut-sirgador.jpg\" alt=\"\"><\/a><a href=\"\/fr\/sillonez-lebre\/\"><p class=\"vc-incubalia-3-images__image-title\">Naviguer l'\u00c8bre <\/p><\/a><p class=\"vc-incubalia-3-images__image-subtitle\">Une rivi\u00e8re qui marque un territoire, une vue sans pr\u00e9c\u00e9dent sur la ville<\/p><\/div><\/div>[\/vc_column][\/vc_row][vc_row][vc_column][\/vc_column][\/vc_row]<\/p>\n","protected":false},"excerpt":{"rendered":"<p>[vc_row][vc_column][\/vc_column][\/vc_row][vc_row][vc_column][\/vc_column][\/vc_row][vc_row][vc_column][\/vc_column][\/vc_row][vc_row][vc_column][\/vc_column][\/vc_row][vc_row][vc_column][\/vc_column][\/vc_row][vc_row][vc_column][\/vc_column][\/vc_row]<\/p>\n","protected":false},"author":2,"featured_media":0,"parent":0,"menu_order":181,"comment_status":"closed","ping_status":"closed","template":"","meta":{"footnotes":""},"class_list":["post-10365","page","type-page","status-publish","hentry"],"acf":[],"yoast_head":"<!-- This site is optimized with the Yoast SEO plugin v27.4 - https:\/\/yoast.com\/product\/yoast-seo-wordpress\/ -->\n<title>Le cyclotourisme en famille - tortosaturisme<\/title>\n<meta name=\"robots\" content=\"index, follow, max-snippet:-1, max-image-preview:large, max-video-preview:-1\" \/>\n<link rel=\"canonical\" href=\"https:\/\/www.tortosaturisme.cat\/fr\/le-cyclotourisme-en-famille\/\" \/>\n<meta property=\"og:locale\" content=\"fr_FR\" \/>\n<meta property=\"og:type\" content=\"article\" \/>\n<meta property=\"og:title\" content=\"Le cyclotourisme en famille - tortosaturisme\" \/>\n<meta property=\"og:description\" content=\"[vc_row][vc_column][\/vc_column][\/vc_row][vc_row][vc_column][\/vc_column][\/vc_row][vc_row][vc_column][\/vc_column][\/vc_row][vc_row][vc_column][\/vc_column][\/vc_row][vc_row][vc_column][\/vc_column][\/vc_row][vc_row][vc_column][\/vc_column][\/vc_row]\" \/>\n<meta property=\"og:url\" content=\"https:\/\/www.tortosaturisme.cat\/fr\/le-cyclotourisme-en-famille\/\" \/>\n<meta property=\"og:site_name\" content=\"tortosaturisme\" \/>\n<meta property=\"article:modified_time\" content=\"2020-08-07T15:52:37+00:00\" \/>\n<meta name=\"twitter:card\" content=\"summary_large_image\" \/>\n<meta name=\"twitter:label1\" content=\"Dur\u00e9e de lecture estim\u00e9e\" \/>\n\t<meta name=\"twitter:data1\" content=\"4 minutes\" \/>\n<script type=\"application\/ld+json\" class=\"yoast-schema-graph\">{\"@context\":\"https:\\\/\\\/schema.org\",\"@graph\":[{\"@type\":\"WebPage\",\"@id\":\"https:\\\/\\\/www.tortosaturisme.cat\\\/fr\\\/le-cyclotourisme-en-famille\\\/\",\"url\":\"https:\\\/\\\/www.tortosaturisme.cat\\\/fr\\\/le-cyclotourisme-en-famille\\\/\",\"name\":\"Le cyclotourisme en famille - tortosaturisme\",\"isPartOf\":{\"@id\":\"https:\\\/\\\/www.tortosaturisme.cat\\\/fr\\\/#website\"},\"datePublished\":\"2019-07-25T08:12:37+00:00\",\"dateModified\":\"2020-08-07T15:52:37+00:00\",\"breadcrumb\":{\"@id\":\"https:\\\/\\\/www.tortosaturisme.cat\\\/fr\\\/le-cyclotourisme-en-famille\\\/#breadcrumb\"},\"inLanguage\":\"fr-FR\",\"potentialAction\":[{\"@type\":\"ReadAction\",\"target\":[\"https:\\\/\\\/www.tortosaturisme.cat\\\/fr\\\/le-cyclotourisme-en-famille\\\/\"]}]},{\"@type\":\"BreadcrumbList\",\"@id\":\"https:\\\/\\\/www.tortosaturisme.cat\\\/fr\\\/le-cyclotourisme-en-famille\\\/#breadcrumb\",\"itemListElement\":[{\"@type\":\"ListItem\",\"position\":1,\"name\":\"Home\",\"item\":\"https:\\\/\\\/www.tortosaturisme.cat\\\/fr\\\/home-page\\\/\"},{\"@type\":\"ListItem\",\"position\":2,\"name\":\"Le cyclotourisme en famille\"}]},{\"@type\":\"WebSite\",\"@id\":\"https:\\\/\\\/www.tortosaturisme.cat\\\/fr\\\/#website\",\"url\":\"https:\\\/\\\/www.tortosaturisme.cat\\\/fr\\\/\",\"name\":\"tortosaturisme\",\"description\":\"Otro sitio realizado con WordPress\",\"potentialAction\":[{\"@type\":\"SearchAction\",\"target\":{\"@type\":\"EntryPoint\",\"urlTemplate\":\"https:\\\/\\\/www.tortosaturisme.cat\\\/fr\\\/?s={search_term_string}\"},\"query-input\":{\"@type\":\"PropertyValueSpecification\",\"valueRequired\":true,\"valueName\":\"search_term_string\"}}],\"inLanguage\":\"fr-FR\"}]}<\/script>\n<!-- \/ Yoast SEO plugin. -->","yoast_head_json":{"title":"Le cyclotourisme en famille - tortosaturisme","robots":{"index":"index","follow":"follow","max-snippet":"max-snippet:-1","max-image-preview":"max-image-preview:large","max-video-preview":"max-video-preview:-1"},"canonical":"https:\/\/www.tortosaturisme.cat\/fr\/le-cyclotourisme-en-famille\/","og_locale":"fr_FR","og_type":"article","og_title":"Le cyclotourisme en famille - tortosaturisme","og_description":"[vc_row][vc_column][\/vc_column][\/vc_row][vc_row][vc_column][\/vc_column][\/vc_row][vc_row][vc_column][\/vc_column][\/vc_row][vc_row][vc_column][\/vc_column][\/vc_row][vc_row][vc_column][\/vc_column][\/vc_row][vc_row][vc_column][\/vc_column][\/vc_row]","og_url":"https:\/\/www.tortosaturisme.cat\/fr\/le-cyclotourisme-en-famille\/","og_site_name":"tortosaturisme","article_modified_time":"2020-08-07T15:52:37+00:00","twitter_card":"summary_large_image","twitter_misc":{"Dur\u00e9e de lecture estim\u00e9e":"4 minutes"},"schema":{"@context":"https:\/\/schema.org","@graph":[{"@type":"WebPage","@id":"https:\/\/www.tortosaturisme.cat\/fr\/le-cyclotourisme-en-famille\/","url":"https:\/\/www.tortosaturisme.cat\/fr\/le-cyclotourisme-en-famille\/","name":"Le cyclotourisme en famille - tortosaturisme","isPartOf":{"@id":"https:\/\/www.tortosaturisme.cat\/fr\/#website"},"datePublished":"2019-07-25T08:12:37+00:00","dateModified":"2020-08-07T15:52:37+00:00","breadcrumb":{"@id":"https:\/\/www.tortosaturisme.cat\/fr\/le-cyclotourisme-en-famille\/#breadcrumb"},"inLanguage":"fr-FR","potentialAction":[{"@type":"ReadAction","target":["https:\/\/www.tortosaturisme.cat\/fr\/le-cyclotourisme-en-famille\/"]}]},{"@type":"BreadcrumbList","@id":"https:\/\/www.tortosaturisme.cat\/fr\/le-cyclotourisme-en-famille\/#breadcrumb","itemListElement":[{"@type":"ListItem","position":1,"name":"Home","item":"https:\/\/www.tortosaturisme.cat\/fr\/home-page\/"},{"@type":"ListItem","position":2,"name":"Le cyclotourisme en famille"}]},{"@type":"WebSite","@id":"https:\/\/www.tortosaturisme.cat\/fr\/#website","url":"https:\/\/www.tortosaturisme.cat\/fr\/","name":"tortosaturisme","description":"Otro sitio realizado con WordPress","potentialAction":[{"@type":"SearchAction","target":{"@type":"EntryPoint","urlTemplate":"https:\/\/www.tortosaturisme.cat\/fr\/?s={search_term_string}"},"query-input":{"@type":"PropertyValueSpecification","valueRequired":true,"valueName":"search_term_string"}}],"inLanguage":"fr-FR"}]}},"_links":{"self":[{"href":"https:\/\/www.tortosaturisme.cat\/fr\/wp-json\/wp\/v2\/pages\/10365","targetHints":{"allow":["GET"]}}],"collection":[{"href":"https:\/\/www.tortosaturisme.cat\/fr\/wp-json\/wp\/v2\/pages"}],"about":[{"href":"https:\/\/www.tortosaturisme.cat\/fr\/wp-json\/wp\/v2\/types\/page"}],"author":[{"embeddable":true,"href":"https:\/\/www.tortosaturisme.cat\/fr\/wp-json\/wp\/v2\/users\/2"}],"replies":[{"embeddable":true,"href":"https:\/\/www.tortosaturisme.cat\/fr\/wp-json\/wp\/v2\/comments?post=10365"}],"version-history":[{"count":12,"href":"https:\/\/www.tortosaturisme.cat\/fr\/wp-json\/wp\/v2\/pages\/10365\/revisions"}],"predecessor-version":[{"id":15508,"href":"https:\/\/www.tortosaturisme.cat\/fr\/wp-json\/wp\/v2\/pages\/10365\/revisions\/15508"}],"wp:attachment":[{"href":"https:\/\/www.tortosaturisme.cat\/fr\/wp-json\/wp\/v2\/media?parent=10365"}],"curies":[{"name":"wp","href":"https:\/\/api.w.org\/{rel}","templated":true}]}}