{"id":10394,"date":"2019-06-19T08:15:42","date_gmt":"2019-06-19T08:15:42","guid":{"rendered":"https:\/\/www.tortosaturisme.cat\/fr\/descarregues-cicloturisme\/"},"modified":"2020-11-07T15:37:17","modified_gmt":"2020-11-07T15:37:17","slug":"telechargements-cyclotourisme","status":"publish","type":"page","link":"https:\/\/www.tortosaturisme.cat\/fr\/telechargements-cyclotourisme\/","title":{"rendered":"T\u00e9l\u00e9chargements cyclotourisme"},"content":{"rendered":"<p>[vc_row][vc_column]<div class=\"vc-incubalia-small-header\"><h1 class=\"vc-incubalia-small-header__title\">T\u00e9l\u00e9chargements cyclotourisme<\/h1><img decoding=\"async\" class=\"vc-incubalia-small-header__mobile-picture\" src=\"https:\/\/www.tortosaturisme.cat\/wp-content\/uploads\/2019\/06\/Cicloturisme-descarregues-1-768x250.jpg\">\n                  <img decoding=\"async\" class=\"vc-incubalia-small-header__desktop-picture\" src=\"https:\/\/www.tortosaturisme.cat\/wp-content\/uploads\/2019\/06\/Cicloturisme-descarregues-1-1920x330.jpg\"><\/div>[\/vc_column][\/vc_row][vc_row][vc_column]<div class=\"vc-incubalia-3-images\"><h2 class=\"vc-incubalia-3-images__title\">Mat\u00e9riel \u00e9dit\u00e9<\/h2><div class=\"vc-incubalia-3-images__image\"><a href=\"\/wp-content\/uploads\/2019\/09\/bea_guia_cicloturisme_2018_fr.pdf\"><img decoding=\"async\" src=\"https:\/\/www.tortosaturisme.cat\/wp-content\/uploads\/2019\/06\/Cicloturisme-descarregues-b-guia-ccbe-800x600.jpg\" alt=\"\"><\/a><a href=\"\/wp-content\/uploads\/2019\/09\/bea_guia_cicloturisme_2018_fr.pdf\"><p class=\"vc-incubalia-3-images__image-title\">Guide cycliste Terres de l'\u00c8bre<\/p><\/a><p class=\"vc-incubalia-3-images__image-subtitle\">Routes et services pour les cyclistes \u00e0 Tortosa et dans les Terres de l'\u00c8bre<\/p><\/div><div class=\"vc-incubalia-3-images__image\"><a href=\"\/wp-content\/uploads\/2019\/09\/dossier_cicloturisme_2017_fr.pdf\"><img decoding=\"async\" src=\"https:\/\/www.tortosaturisme.cat\/wp-content\/uploads\/2019\/06\/Cicloturisme-descarregues-b-dossier-ccbe-800x600.jpg\" alt=\"\"><\/a><a href=\"\/wp-content\/uploads\/2019\/09\/dossier_cicloturisme_2017_fr.pdf\"><p class=\"vc-incubalia-3-images__image-title\">Dossier V\u00e9lo<\/p><\/a><p class=\"vc-incubalia-3-images__image-subtitle\">Dossier professional amb serveis i productes de Terres de l'\u00c8bre<\/p><\/div><div class=\"vc-incubalia-3-images__image\"><a href=\"\/wp-content\/uploads\/2019\/06\/mapa_cicloturisme_2017.pdf\"><img decoding=\"async\" src=\"https:\/\/www.tortosaturisme.cat\/wp-content\/uploads\/2019\/06\/Cicloturisme-descarregues-b-mapa-ccbe-800x600.jpg\" alt=\"\"><\/a><a href=\"\/wp-content\/uploads\/2019\/06\/mapa_cicloturisme_2017.pdf\"><p class=\"vc-incubalia-3-images__image-title\">Carte des Terres de l'\u00c8bre<\/p><\/a><p class=\"vc-incubalia-3-images__image-subtitle\">Carte publi\u00e9e par le Consell Comarcal del Baix Ebre avec des itin\u00e9raires sur tout le territoire<\/p><\/div><\/div><div class=\"vc-incubalia-3-images\"><div class=\"vc-incubalia-3-images__image\"><a href=\"\/wp-content\/uploads\/2019\/06\/quadriptic_via_verda.pdf\"><img decoding=\"async\" src=\"https:\/\/www.tortosaturisme.cat\/wp-content\/uploads\/2019\/06\/Cicloturisme-descarregues-b-via-verda-ccbe-800x600.jpg\" alt=\"\"><\/a><a href=\"\/wp-content\/uploads\/2019\/06\/quadriptic_via_verda.pdf\"><p class=\"vc-incubalia-3-images__image-title\">Voie Verte Triptyque<\/p><\/a><p class=\"vc-incubalia-3-images__image-subtitle\">Plus de 100 km le long d'une ancienne voie ferr\u00e9e<\/p><\/div><div class=\"vc-incubalia-3-images__image\"><img decoding=\"async\" src=\"\" alt=\"\"><\/div><div class=\"vc-incubalia-3-images__image\"><img decoding=\"async\" src=\"\" alt=\"\"><\/div><\/div>[\/vc_column][\/vc_row]<\/p>\n","protected":false},"excerpt":{"rendered":"<p>[vc_row][vc_column][\/vc_column][\/vc_row][vc_row][vc_column][\/vc_column][\/vc_row]<\/p>\n","protected":false},"author":2,"featured_media":0,"parent":0,"menu_order":187,"comment_status":"closed","ping_status":"closed","template":"","meta":{"footnotes":""},"class_list":["post-10394","page","type-page","status-publish","hentry"],"acf":[],"yoast_head":"<!-- This site is optimized with the Yoast SEO plugin v27.3 - https:\/\/yoast.com\/product\/yoast-seo-wordpress\/ -->\n<title>T\u00e9l\u00e9chargements cyclotourisme - tortosaturisme<\/title>\n<meta name=\"robots\" content=\"index, follow, max-snippet:-1, max-image-preview:large, max-video-preview:-1\" \/>\n<link rel=\"canonical\" href=\"https:\/\/www.tortosaturisme.cat\/fr\/telechargements-cyclotourisme\/\" \/>\n<meta property=\"og:locale\" content=\"fr_FR\" \/>\n<meta property=\"og:type\" content=\"article\" \/>\n<meta property=\"og:title\" content=\"T\u00e9l\u00e9chargements cyclotourisme - tortosaturisme\" \/>\n<meta property=\"og:description\" content=\"[vc_row][vc_column][\/vc_column][\/vc_row][vc_row][vc_column][\/vc_column][\/vc_row]\" \/>\n<meta property=\"og:url\" content=\"https:\/\/www.tortosaturisme.cat\/fr\/telechargements-cyclotourisme\/\" \/>\n<meta property=\"og:site_name\" content=\"tortosaturisme\" \/>\n<meta property=\"article:modified_time\" content=\"2020-11-07T15:37:17+00:00\" \/>\n<meta name=\"twitter:card\" content=\"summary_large_image\" \/>\n<meta name=\"twitter:label1\" content=\"Dur\u00e9e de lecture estim\u00e9e\" \/>\n\t<meta name=\"twitter:data1\" content=\"1 minute\" \/>\n<script type=\"application\/ld+json\" class=\"yoast-schema-graph\">{\"@context\":\"https:\\\/\\\/schema.org\",\"@graph\":[{\"@type\":\"WebPage\",\"@id\":\"https:\\\/\\\/www.tortosaturisme.cat\\\/fr\\\/telechargements-cyclotourisme\\\/\",\"url\":\"https:\\\/\\\/www.tortosaturisme.cat\\\/fr\\\/telechargements-cyclotourisme\\\/\",\"name\":\"T\u00e9l\u00e9chargements cyclotourisme - tortosaturisme\",\"isPartOf\":{\"@id\":\"https:\\\/\\\/www.tortosaturisme.cat\\\/fr\\\/#website\"},\"datePublished\":\"2019-06-19T08:15:42+00:00\",\"dateModified\":\"2020-11-07T15:37:17+00:00\",\"breadcrumb\":{\"@id\":\"https:\\\/\\\/www.tortosaturisme.cat\\\/fr\\\/telechargements-cyclotourisme\\\/#breadcrumb\"},\"inLanguage\":\"fr-FR\",\"potentialAction\":[{\"@type\":\"ReadAction\",\"target\":[\"https:\\\/\\\/www.tortosaturisme.cat\\\/fr\\\/telechargements-cyclotourisme\\\/\"]}]},{\"@type\":\"BreadcrumbList\",\"@id\":\"https:\\\/\\\/www.tortosaturisme.cat\\\/fr\\\/telechargements-cyclotourisme\\\/#breadcrumb\",\"itemListElement\":[{\"@type\":\"ListItem\",\"position\":1,\"name\":\"Home\",\"item\":\"https:\\\/\\\/www.tortosaturisme.cat\\\/fr\\\/home-page\\\/\"},{\"@type\":\"ListItem\",\"position\":2,\"name\":\"T\u00e9l\u00e9chargements cyclotourisme\"}]},{\"@type\":\"WebSite\",\"@id\":\"https:\\\/\\\/www.tortosaturisme.cat\\\/fr\\\/#website\",\"url\":\"https:\\\/\\\/www.tortosaturisme.cat\\\/fr\\\/\",\"name\":\"tortosaturisme\",\"description\":\"Otro sitio realizado con WordPress\",\"potentialAction\":[{\"@type\":\"SearchAction\",\"target\":{\"@type\":\"EntryPoint\",\"urlTemplate\":\"https:\\\/\\\/www.tortosaturisme.cat\\\/fr\\\/?s={search_term_string}\"},\"query-input\":{\"@type\":\"PropertyValueSpecification\",\"valueRequired\":true,\"valueName\":\"search_term_string\"}}],\"inLanguage\":\"fr-FR\"}]}<\/script>\n<!-- \/ Yoast SEO plugin. -->","yoast_head_json":{"title":"T\u00e9l\u00e9chargements cyclotourisme - tortosaturisme","robots":{"index":"index","follow":"follow","max-snippet":"max-snippet:-1","max-image-preview":"max-image-preview:large","max-video-preview":"max-video-preview:-1"},"canonical":"https:\/\/www.tortosaturisme.cat\/fr\/telechargements-cyclotourisme\/","og_locale":"fr_FR","og_type":"article","og_title":"T\u00e9l\u00e9chargements cyclotourisme - tortosaturisme","og_description":"[vc_row][vc_column][\/vc_column][\/vc_row][vc_row][vc_column][\/vc_column][\/vc_row]","og_url":"https:\/\/www.tortosaturisme.cat\/fr\/telechargements-cyclotourisme\/","og_site_name":"tortosaturisme","article_modified_time":"2020-11-07T15:37:17+00:00","twitter_card":"summary_large_image","twitter_misc":{"Dur\u00e9e de lecture estim\u00e9e":"1 minute"},"schema":{"@context":"https:\/\/schema.org","@graph":[{"@type":"WebPage","@id":"https:\/\/www.tortosaturisme.cat\/fr\/telechargements-cyclotourisme\/","url":"https:\/\/www.tortosaturisme.cat\/fr\/telechargements-cyclotourisme\/","name":"T\u00e9l\u00e9chargements cyclotourisme - tortosaturisme","isPartOf":{"@id":"https:\/\/www.tortosaturisme.cat\/fr\/#website"},"datePublished":"2019-06-19T08:15:42+00:00","dateModified":"2020-11-07T15:37:17+00:00","breadcrumb":{"@id":"https:\/\/www.tortosaturisme.cat\/fr\/telechargements-cyclotourisme\/#breadcrumb"},"inLanguage":"fr-FR","potentialAction":[{"@type":"ReadAction","target":["https:\/\/www.tortosaturisme.cat\/fr\/telechargements-cyclotourisme\/"]}]},{"@type":"BreadcrumbList","@id":"https:\/\/www.tortosaturisme.cat\/fr\/telechargements-cyclotourisme\/#breadcrumb","itemListElement":[{"@type":"ListItem","position":1,"name":"Home","item":"https:\/\/www.tortosaturisme.cat\/fr\/home-page\/"},{"@type":"ListItem","position":2,"name":"T\u00e9l\u00e9chargements cyclotourisme"}]},{"@type":"WebSite","@id":"https:\/\/www.tortosaturisme.cat\/fr\/#website","url":"https:\/\/www.tortosaturisme.cat\/fr\/","name":"tortosaturisme","description":"Otro sitio realizado con WordPress","potentialAction":[{"@type":"SearchAction","target":{"@type":"EntryPoint","urlTemplate":"https:\/\/www.tortosaturisme.cat\/fr\/?s={search_term_string}"},"query-input":{"@type":"PropertyValueSpecification","valueRequired":true,"valueName":"search_term_string"}}],"inLanguage":"fr-FR"}]}},"_links":{"self":[{"href":"https:\/\/www.tortosaturisme.cat\/fr\/wp-json\/wp\/v2\/pages\/10394","targetHints":{"allow":["GET"]}}],"collection":[{"href":"https:\/\/www.tortosaturisme.cat\/fr\/wp-json\/wp\/v2\/pages"}],"about":[{"href":"https:\/\/www.tortosaturisme.cat\/fr\/wp-json\/wp\/v2\/types\/page"}],"author":[{"embeddable":true,"href":"https:\/\/www.tortosaturisme.cat\/fr\/wp-json\/wp\/v2\/users\/2"}],"replies":[{"embeddable":true,"href":"https:\/\/www.tortosaturisme.cat\/fr\/wp-json\/wp\/v2\/comments?post=10394"}],"version-history":[{"count":8,"href":"https:\/\/www.tortosaturisme.cat\/fr\/wp-json\/wp\/v2\/pages\/10394\/revisions"}],"predecessor-version":[{"id":15964,"href":"https:\/\/www.tortosaturisme.cat\/fr\/wp-json\/wp\/v2\/pages\/10394\/revisions\/15964"}],"wp:attachment":[{"href":"https:\/\/www.tortosaturisme.cat\/fr\/wp-json\/wp\/v2\/media?parent=10394"}],"curies":[{"name":"wp","href":"https:\/\/api.w.org\/{rel}","templated":true}]}}