{"id":12349,"date":"2020-03-18T08:46:48","date_gmt":"2020-03-18T08:46:48","guid":{"rendered":"https:\/\/www.tortosaturisme.cat\/fr\/tortosa-cota-0\/"},"modified":"2020-09-01T15:08:57","modified_gmt":"2020-09-01T15:08:57","slug":"tortosa-cote-0","status":"publish","type":"page","link":"https:\/\/www.tortosaturisme.cat\/fr\/tortosa-cote-0\/","title":{"rendered":"Tortosa Cote_0"},"content":{"rendered":"<p>[vc_row][vc_column]<div class=\"vc-incubalia-medium-header\"><img decoding=\"async\" class=\"vc-incubalia-medium-header__mobile-picture brightness-100\" src=\"https:\/\/www.tortosaturisme.cat\/wp-content\/uploads\/2020\/03\/cota_0-i-catedral-768x350.jpg\">\n                  <img decoding=\"async\" class=\"vc-incubalia-medium-header__desktop-picture brightness-100\" src=\"https:\/\/www.tortosaturisme.cat\/wp-content\/uploads\/2020\/03\/cota_0-i-catedral-1920x550.jpg\"><\/div>[\/vc_column][\/vc_row][vc_row][vc_column]<div class=\"vc-incubalia-text-1-column-subtitle\"><h2 class=\"vc-incubalia-text-1-column-subtitle__title\">TORTOSA COTE_0<\/h2><h3 class=\"vc-incubalia-text-1-column-subtitle__subtitle\">Action r\u00e9alis\u00e9 par le Programme Op\u00e9rationnel FEDER 2014\/2020-AXE 6, \u00abDertosa-Turtuxa-Tortosa: une ville, trois noms et 2000 ans\u00bb<\/h3><div class=\"vc-incubalia-text-1-column-subtitle__text\"><strong>Tortosa Cote_0<\/strong> est l&rsquo;action la plus ambitieuse de l&rsquo;op\u00e9ration FEDER. Le projet vise \u00e0 r\u00e9cup\u00e9rer les environs de la cath\u00e9drale de Santa Maria gr\u00e2ce \u00e0 <strong>la couverture, la restauration et la mus\u00e9isation<\/strong> du gisement arch\u00e9ologique qui est souterrain au bord de la rivi\u00e8re de la Cath\u00e9drale.<\/p><br \/>\n<p>Urbainement, le projet, r\u00e9sout deux probl\u00e8mes. D&rsquo;une part, afin de couvrir le gisement, un <strong>belv\u00e9d\u00e8re<\/strong> a sera construite en face de la rivi\u00e8re qui se connectara avec la place de l&rsquo;Abside. De cette fa\u00e7on, tout le p\u00e9rim\u00e8tre de la Cath\u00e9drale sera unifi\u00e9 selon les m\u00eames crit\u00e8res et assurera la continuit\u00e9 urbaine de ce lieu. D&rsquo;autre part, l&rsquo;ouverture de la Cath\u00e9drale sur le front du fleuve, assurera la transition topographique entre le Ch\u00e2teau de la Suda et le fleuve Ebre, qui culmine dans ce belv\u00e9d\u00e8re.<\/div><\/div>[\/vc_column][\/vc_row][vc_row][vc_column width=\u00a0\u00bb1\/2&Prime;]<div class=\"vc-incubalia-image-3x2-centered\"><img decoding=\"async\" class=\"vc-incubalia-image-3x2-centered__mobile-picture\" src=\"https:\/\/www.tortosaturisme.cat\/wp-content\/uploads\/2020\/03\/AL\u00c7ATS-COTA_0-768x500-768x500.jpg\" alt=\"\"><img decoding=\"async\" class=\"vc-incubalia-image-3x2-centered__desktop-picture\" src=\"https:\/\/www.tortosaturisme.cat\/wp-content\/uploads\/2020\/03\/AL\u00c7ATS-COTA_0-768x500.jpg\" alt=\"\"><\/div>[\/vc_column][vc_column width=\u00a0\u00bb1\/2&Prime;]<div class=\"vc-incubalia-image-3x2-centered\"><img decoding=\"async\" class=\"vc-incubalia-image-3x2-centered__mobile-picture\" src=\"https:\/\/www.tortosaturisme.cat\/wp-content\/uploads\/2020\/03\/PERFIL-COTA_0-768x500-768x500.jpg\" alt=\"\"><img decoding=\"async\" class=\"vc-incubalia-image-3x2-centered__desktop-picture\" src=\"https:\/\/www.tortosaturisme.cat\/wp-content\/uploads\/2020\/03\/PERFIL-COTA_0-1920x1050-1920x1050.jpg\" alt=\"\"><\/div>[\/vc_column][\/vc_row][vc_row][vc_column]<div class=\"vc-incubalia-text-1-column\"><div class=\"vc-incubalia-text-1-column__text\">Les <strong>d\u00e9couvertes arch\u00e9ologiques<\/strong> sont l&rsquo;axe central de l&rsquo;action Tortosa Cote_0. Les fouilles r\u00e9sultant de la d\u00e9molition des b\u00e2timents en face de la Cath\u00e9drale ont r\u00e9v\u00e9l\u00e9 des \u00e9l\u00e9ments d&rsquo;une grande<strong> importance patrimoniale<\/strong>: une partie du mur romain, l&rsquo;abside d&rsquo;un b\u00e2timent culte de la fin de l&rsquo;antiquit\u00e9, une fabrique de garum et articles li\u00e9s \u00e0 la porte de la rivi\u00e8re \u00e0 la ville. La mus\u00e9isation de ces vestiges permet de transmettre l&rsquo;histoire de la ville presque d\u00e8s le d\u00e9but, soulignant, dans tous les cas, la grande importance que l&rsquo;Ebre a toujours eu dans le d\u00e9veloppement de Tortosa.<\/p><br \/>\n<p>De plus, le projet du mus\u00e9e a \u00e9t\u00e9 con\u00e7u pour \u00eatre un <strong>leader technologique<\/strong>. L&rsquo;espace fonctionnera de fa\u00e7on autonome gr\u00e2ce \u00e0 la domotique et le parcours sera balis\u00e9 par des stations virtuelles qui facilitent une exp\u00e9rience immersive.<\/div><\/div><script>\n            (function($) {\n                $(function() {\n                    $(\".vc_col-sm-6\").parent(\".vc_row\").addClass(\"vc_layout_2\");\n                });\n            })(jQuery);\n            <\/script>[\/vc_column][\/vc_row][vc_row][vc_column width=\u00a0\u00bb1\/2&Prime;]<div class=\"vc-incubalia-image-3x2-centered\"><img decoding=\"async\" class=\"vc-incubalia-image-3x2-centered__mobile-picture\" src=\"https:\/\/www.tortosaturisme.cat\/wp-content\/uploads\/2020\/03\/Arqueologia-cota-0-768x500-768x500.jpg\" alt=\"\"><img decoding=\"async\" class=\"vc-incubalia-image-3x2-centered__desktop-picture\" src=\"https:\/\/www.tortosaturisme.cat\/wp-content\/uploads\/2020\/03\/Arqueologia-cota-0-1920x1050-1920x1050.jpg\" alt=\"\"><\/div>[\/vc_column][vc_column width=\u00a0\u00bb1\/2&Prime;]<div class=\"vc-incubalia-image-3x2-centered\"><img decoding=\"async\" class=\"vc-incubalia-image-3x2-centered__mobile-picture\" src=\"https:\/\/www.tortosaturisme.cat\/wp-content\/uploads\/2020\/03\/excavacions-768x500-768x500.jpg\" alt=\"\"><img decoding=\"async\" class=\"vc-incubalia-image-3x2-centered__desktop-picture\" src=\"https:\/\/www.tortosaturisme.cat\/wp-content\/uploads\/2020\/03\/excavacions-1920x1050-1920x1050.jpg\" alt=\"\"><\/div>[\/vc_column][\/vc_row][vc_row][vc_column]<div class=\"vc-incubalia-text-1-column\"><div class=\"vc-incubalia-text-1-column__text\">Le <strong>budget total<\/strong> de l&rsquo;action Tortosa Cote_0 s&rsquo;\u00e9l\u00e8ve \u00e0 3.378.963,22\u20ac, TVA incluse. Sur ce montant, l&rsquo;<strong>Union Europ\u00e9enne<\/strong> participe en apportant 1.286.894,69\u20ac via le PO FEDER 2014\/2020 AXE-6. En outre, l&rsquo;op\u00e9ration b\u00e9n\u00e9ficie \u00e9galement de 470.309,91\u20ac subventionn\u00e9s par la <strong>Generalitat de Catalunya<\/strong> via le programme PINCAT. Finalement, la <strong>contribution municipale<\/strong> est de 1.621.758,62\u20ac, ce qui repr\u00e9sente le 48% du montant total de l&rsquo;action.<\/div><\/div><script>\n            (function($) {\n                $(function() {\n                    $(\".vc_col-sm-6\").parent(\".vc_row\").addClass(\"vc_layout_2\");\n                });\n            })(jQuery);\n            <\/script><div class=\"vc-incubalia-3-images\"><h2 class=\"vc-incubalia-3-images__title\">En savoir plus<\/h2><div class=\"vc-incubalia-3-images__image\"><a href=\"\/fr\/lugar\/la-catedral-i-lexposicio-permanent\/\"><img decoding=\"async\" src=\"https:\/\/www.tortosaturisme.cat\/wp-content\/uploads\/2020\/03\/FA\u00c7ANA-CATEDRAL-800x600.jpg\" alt=\"\"><\/a><a href=\"\/fr\/lugar\/la-catedral-i-lexposicio-permanent\/\"><p class=\"vc-incubalia-3-images__image-title\">La Cath\u00e9drale de Tortosa<\/p><\/a><p class=\"vc-incubalia-3-images__image-subtitle\">Un bijou du gothique catalan<\/p><\/div><div class=\"vc-incubalia-3-images__image\"><a href=\"\/fr\/la-llum-de-lebre\/\"><img decoding=\"async\" src=\"https:\/\/www.tortosaturisme.cat\/wp-content\/uploads\/2020\/03\/tortosa-nocturna-800x600.jpg\" alt=\"\"><\/a><a href=\"\/fr\/la-llum-de-lebre\/\"><p class=\"vc-incubalia-3-images__image-title\">La lumi\u00e8re de l'Ebre<\/p><\/a><p class=\"vc-incubalia-3-images__image-subtitle\">Mapping permanente dans la fa\u00e7ade de la Cath\u00e9drale<\/p><\/div><div class=\"vc-incubalia-3-images__image\"><a href=\"\/fr\/feder-dertosa-turtuxa-tortosa\/\"><img decoding=\"async\" src=\"https:\/\/www.tortosaturisme.cat\/wp-content\/uploads\/2020\/03\/FEDER_800x600.jpg\" alt=\"\"><\/a><a href=\"\/fr\/feder-dertosa-turtuxa-tortosa\/\"><p class=\"vc-incubalia-3-images__image-title\">Dertosa-Turtuxa-Tortosa: une ville, trois noms et 2000 ans<\/p><\/a><p class=\"vc-incubalia-3-images__image-subtitle\">PO FEDER 2014\/2020 AXE-6<\/p><\/div><\/div>[vc_gmaps link=\u00a0\u00bb#E-8_JTNDaWZyYW1lJTIwc3JjJTNEJTIyaHR0cHMlM0ElMkYlMkZ3d3cuZ29vZ2xlLmNvbSUyRm1hcHMlMkZlbWJlZCUzRnBiJTNEJTIxMW0xOCUyMTFtMTIlMjExbTMlMjExZDc1NC45MDQzODc1Mjc4MDM4JTIxMmQwLjUyMjQxMjk3MDc4MzIzMiUyMTNkNDAuODE0Mzk3MzE5MDY1MTIlMjEybTMlMjExZjAlMjEyZjAlMjEzZjAlMjEzbTIlMjExaTEwMjQlMjEyaTc2OCUyMTRmMTMuMSUyMTNtMyUyMTFtMiUyMTFzMHgxMmEwZTRhMWJjNDljNmE3JTI1M0EweGU2YTNhYWEyMmMyNjg1ZGIlMjEyc0NhdGVkcmFsJTI1MjBkZSUyNTIwVG9ydG9zYSUyMTVlMCUyMTNtMiUyMTFzZXMlMjEyc2VzJTIxNHYxNTg0NTI1MTMwMzcxJTIxNW0yJTIxMXNlcyUyMTJzZXMlMjIlMjB3aWR0aCUzRCUyMjYwMCUyMiUyMGhlaWdodCUzRCUyMjQ1MCUyMiUyMGZyYW1lYm9yZGVyJTNEJTIyMCUyMiUyMHN0eWxlJTNEJTIyYm9yZGVyJTNBMCUzQiUyMiUyMGFsbG93ZnVsbHNjcmVlbiUzRCUyMiUyMiUyMGFyaWEtaGlkZGVuJTNEJTIyZmFsc2UlMjIlMjB0YWJpbmRleCUzRCUyMjAlMjIlM0UlM0MlMkZpZnJhbWUlM0U=\u00a0\u00bb]<div class=\"vc-incubalia-4-icons\"><h2 class=\"vc-incubalia-4-icons__title\"><\/h2><div class=\"vc-incubalia-4-icons__icon\"><a class=\"vc-incubalia-4-icons__icon-url\" href=\"http:\/\/www2.tortosa.cat\/\"><img decoding=\"async\" class=\"vc-incubalia-4-icons__icon-image\" src=\"https:\/\/www.tortosaturisme.cat\/wp-content\/uploads\/2020\/03\/ajuntament-500x500-400x400.jpg\"><\/a><\/div><div class=\"vc-incubalia-4-icons__icon\"><a class=\"vc-incubalia-4-icons__icon-url\" href=\"https:\/\/www.tortosaturisme.cat\"><img decoding=\"async\" class=\"vc-incubalia-4-icons__icon-image\" src=\"https:\/\/www.tortosaturisme.cat\/wp-content\/uploads\/2018\/03\/logo-turisme-400-400x355.jpg\"><\/a><\/div><div class=\"vc-incubalia-4-icons__icon\"><a class=\"vc-incubalia-4-icons__icon-url\" href=\"http:\/\/fonseuropeus.gencat.cat\/ca\/\"><img decoding=\"async\" class=\"vc-incubalia-4-icons__icon-image\" src=\"https:\/\/www.tortosaturisme.cat\/wp-content\/uploads\/2020\/03\/FEder_Vertical_400x400.png\"><\/a><\/div><div class=\"vc-incubalia-4-icons__icon\"><a class=\"vc-incubalia-4-icons__icon-url\" href=\"https:\/\/web.gencat.cat\/ca\/inici\"><img decoding=\"async\" class=\"vc-incubalia-4-icons__icon-image\" src=\"https:\/\/www.tortosaturisme.cat\/wp-content\/uploads\/2020\/03\/generalitat-de-catalunya500x500-400x400.jpg\"><\/a><\/div><\/div>[\/vc_column][\/vc_row]<\/p>\n","protected":false},"excerpt":{"rendered":"<p>[vc_row][vc_column][\/vc_column][\/vc_row][vc_row][vc_column][\/vc_column][\/vc_row][vc_row][vc_column width=\u00a0\u00bb1\/2&Prime;][\/vc_column][vc_column width=\u00a0\u00bb1\/2&Prime;][\/vc_column][\/vc_row][vc_row][vc_column][\/vc_column][\/vc_row][vc_row][vc_column width=\u00a0\u00bb1\/2&Prime;][\/vc_column][vc_column width=\u00a0\u00bb1\/2&Prime;][\/vc_column][\/vc_row][vc_row][vc_column][vc_gmaps link=\u00a0\u00bb#E-8_JTNDaWZyYW1lJTIwc3JjJTNEJTIyaHR0cHMlM0ElMkYlMkZ3d3cuZ29vZ2xlLmNvbSUyRm1hcHMlMkZlbWJlZCUzRnBiJTNEJTIxMW0xOCUyMTFtMTIlMjExbTMlMjExZDc1NC45MDQzODc1Mjc4MDM4JTIxMmQwLjUyMjQxMjk3MDc4MzIzMiUyMTNkNDAuODE0Mzk3MzE5MDY1MTIlMjEybTMlMjExZjAlMjEyZjAlMjEzZjAlMjEzbTIlMjExaTEwMjQlMjEyaTc2OCUyMTRmMTMuMSUyMTNtMyUyMTFtMiUyMTFzMHgxMmEwZTRhMWJjNDljNmE3JTI1M0EweGU2YTNhYWEyMmMyNjg1ZGIlMjEyc0NhdGVkcmFsJTI1MjBkZSUyNTIwVG9ydG9zYSUyMTVlMCUyMTNtMiUyMTFzZXMlMjEyc2VzJTIxNHYxNTg0NTI1MTMwMzcxJTIxNW0yJTIxMXNlcyUyMTJzZXMlMjIlMjB3aWR0aCUzRCUyMjYwMCUyMiUyMGhlaWdodCUzRCUyMjQ1MCUyMiUyMGZyYW1lYm9yZGVyJTNEJTIyMCUyMiUyMHN0eWxlJTNEJTIyYm9yZGVyJTNBMCUzQiUyMiUyMGFsbG93ZnVsbHNjcmVlbiUzRCUyMiUyMiUyMGFyaWEtaGlkZGVuJTNEJTIyZmFsc2UlMjIlMjB0YWJpbmRleCUzRCUyMjAlMjIlM0UlM0MlMkZpZnJhbWUlM0U=\u00a0\u00bb][\/vc_column][\/vc_row]<\/p>\n","protected":false},"author":2,"featured_media":0,"parent":0,"menu_order":160,"comment_status":"closed","ping_status":"closed","template":"","meta":{"_acf_changed":false,"footnotes":""},"class_list":["post-12349","page","type-page","status-publish","hentry"],"acf":[],"yoast_head":"<!-- This site is optimized with the Yoast SEO plugin v27.6 - https:\/\/yoast.com\/product\/yoast-seo-wordpress\/ -->\n<title>Tortosa Cote_0 - Action PO FEDER | Tortosa Turisme<\/title>\n<meta name=\"description\" content=\"Tortosa Cota_0 est un belv\u00e9d\u00e8re qui ouvre la cath\u00e9drale \u00e0 la rivi\u00e8re et est pr\u00e9vu d&#039;un \u00e9quipement qui montre le site arch\u00e9ologique situ\u00e9 sur le front de la rivi\u00e8re. Cette action a \u00e9t\u00e9 mise en \u0153uvre dans le cadre du Programme Op\u00e9rationnel FEDER 2014\/2020 AXE6 &quot;Dertosa-Turtuxa-Tortosa: une ville, trois noms et 2000 ans&quot;.\" \/>\n<meta name=\"robots\" content=\"index, follow, max-snippet:-1, max-image-preview:large, max-video-preview:-1\" \/>\n<link rel=\"canonical\" href=\"https:\/\/www.tortosaturisme.cat\/fr\/tortosa-cote-0\/\" \/>\n<meta property=\"og:locale\" content=\"fr_FR\" \/>\n<meta property=\"og:type\" content=\"article\" \/>\n<meta property=\"og:title\" content=\"Tortosa Cote_0 - Action PO FEDER | Tortosa Turisme\" \/>\n<meta property=\"og:description\" content=\"Tortosa Cota_0 est un belv\u00e9d\u00e8re qui ouvre la cath\u00e9drale \u00e0 la rivi\u00e8re et est pr\u00e9vu d&#039;un \u00e9quipement qui montre le site arch\u00e9ologique situ\u00e9 sur le front de la rivi\u00e8re. Cette action a \u00e9t\u00e9 mise en \u0153uvre dans le cadre du Programme Op\u00e9rationnel FEDER 2014\/2020 AXE6 &quot;Dertosa-Turtuxa-Tortosa: une ville, trois noms et 2000 ans&quot;.\" \/>\n<meta property=\"og:url\" content=\"https:\/\/www.tortosaturisme.cat\/fr\/tortosa-cote-0\/\" \/>\n<meta property=\"og:site_name\" content=\"tortosaturisme\" \/>\n<meta property=\"article:modified_time\" content=\"2020-09-01T15:08:57+00:00\" \/>\n<meta name=\"twitter:card\" content=\"summary_large_image\" \/>\n<meta name=\"twitter:label1\" content=\"Dur\u00e9e de lecture estim\u00e9e\" \/>\n\t<meta name=\"twitter:data1\" content=\"3 minutes\" \/>\n<script type=\"application\/ld+json\" class=\"yoast-schema-graph\">{\"@context\":\"https:\\\/\\\/schema.org\",\"@graph\":[{\"@type\":\"WebPage\",\"@id\":\"https:\\\/\\\/www.tortosaturisme.cat\\\/fr\\\/tortosa-cote-0\\\/\",\"url\":\"https:\\\/\\\/www.tortosaturisme.cat\\\/fr\\\/tortosa-cote-0\\\/\",\"name\":\"Tortosa Cote_0 - Action PO FEDER | Tortosa Turisme\",\"isPartOf\":{\"@id\":\"https:\\\/\\\/www.tortosaturisme.cat\\\/fr\\\/#website\"},\"datePublished\":\"2020-03-18T08:46:48+00:00\",\"dateModified\":\"2020-09-01T15:08:57+00:00\",\"description\":\"Tortosa Cota_0 est un belv\u00e9d\u00e8re qui ouvre la cath\u00e9drale \u00e0 la rivi\u00e8re et est pr\u00e9vu d'un \u00e9quipement qui montre le site arch\u00e9ologique situ\u00e9 sur le front de la rivi\u00e8re. Cette action a \u00e9t\u00e9 mise en \u0153uvre dans le cadre du Programme Op\u00e9rationnel FEDER 2014\\\/2020 AXE6 \\\"Dertosa-Turtuxa-Tortosa: une ville, trois noms et 2000 ans\\\".\",\"breadcrumb\":{\"@id\":\"https:\\\/\\\/www.tortosaturisme.cat\\\/fr\\\/tortosa-cote-0\\\/#breadcrumb\"},\"inLanguage\":\"fr-FR\",\"potentialAction\":[{\"@type\":\"ReadAction\",\"target\":[\"https:\\\/\\\/www.tortosaturisme.cat\\\/fr\\\/tortosa-cote-0\\\/\"]}]},{\"@type\":\"BreadcrumbList\",\"@id\":\"https:\\\/\\\/www.tortosaturisme.cat\\\/fr\\\/tortosa-cote-0\\\/#breadcrumb\",\"itemListElement\":[{\"@type\":\"ListItem\",\"position\":1,\"name\":\"Home\",\"item\":\"https:\\\/\\\/www.tortosaturisme.cat\\\/fr\\\/home-page\\\/\"},{\"@type\":\"ListItem\",\"position\":2,\"name\":\"Tortosa Cote_0\"}]},{\"@type\":\"WebSite\",\"@id\":\"https:\\\/\\\/www.tortosaturisme.cat\\\/fr\\\/#website\",\"url\":\"https:\\\/\\\/www.tortosaturisme.cat\\\/fr\\\/\",\"name\":\"tortosaturisme\",\"description\":\"Otro sitio realizado con WordPress\",\"potentialAction\":[{\"@type\":\"SearchAction\",\"target\":{\"@type\":\"EntryPoint\",\"urlTemplate\":\"https:\\\/\\\/www.tortosaturisme.cat\\\/fr\\\/?s={search_term_string}\"},\"query-input\":{\"@type\":\"PropertyValueSpecification\",\"valueRequired\":true,\"valueName\":\"search_term_string\"}}],\"inLanguage\":\"fr-FR\"}]}<\/script>\n<!-- \/ Yoast SEO plugin. -->","yoast_head_json":{"title":"Tortosa Cote_0 - Action PO FEDER | Tortosa Turisme","description":"Tortosa Cota_0 est un belv\u00e9d\u00e8re qui ouvre la cath\u00e9drale \u00e0 la rivi\u00e8re et est pr\u00e9vu d'un \u00e9quipement qui montre le site arch\u00e9ologique situ\u00e9 sur le front de la rivi\u00e8re. Cette action a \u00e9t\u00e9 mise en \u0153uvre dans le cadre du Programme Op\u00e9rationnel FEDER 2014\/2020 AXE6 \"Dertosa-Turtuxa-Tortosa: une ville, trois noms et 2000 ans\".","robots":{"index":"index","follow":"follow","max-snippet":"max-snippet:-1","max-image-preview":"max-image-preview:large","max-video-preview":"max-video-preview:-1"},"canonical":"https:\/\/www.tortosaturisme.cat\/fr\/tortosa-cote-0\/","og_locale":"fr_FR","og_type":"article","og_title":"Tortosa Cote_0 - Action PO FEDER | Tortosa Turisme","og_description":"Tortosa Cota_0 est un belv\u00e9d\u00e8re qui ouvre la cath\u00e9drale \u00e0 la rivi\u00e8re et est pr\u00e9vu d'un \u00e9quipement qui montre le site arch\u00e9ologique situ\u00e9 sur le front de la rivi\u00e8re. Cette action a \u00e9t\u00e9 mise en \u0153uvre dans le cadre du Programme Op\u00e9rationnel FEDER 2014\/2020 AXE6 \"Dertosa-Turtuxa-Tortosa: une ville, trois noms et 2000 ans\".","og_url":"https:\/\/www.tortosaturisme.cat\/fr\/tortosa-cote-0\/","og_site_name":"tortosaturisme","article_modified_time":"2020-09-01T15:08:57+00:00","twitter_card":"summary_large_image","twitter_misc":{"Dur\u00e9e de lecture estim\u00e9e":"3 minutes"},"schema":{"@context":"https:\/\/schema.org","@graph":[{"@type":"WebPage","@id":"https:\/\/www.tortosaturisme.cat\/fr\/tortosa-cote-0\/","url":"https:\/\/www.tortosaturisme.cat\/fr\/tortosa-cote-0\/","name":"Tortosa Cote_0 - Action PO FEDER | Tortosa Turisme","isPartOf":{"@id":"https:\/\/www.tortosaturisme.cat\/fr\/#website"},"datePublished":"2020-03-18T08:46:48+00:00","dateModified":"2020-09-01T15:08:57+00:00","description":"Tortosa Cota_0 est un belv\u00e9d\u00e8re qui ouvre la cath\u00e9drale \u00e0 la rivi\u00e8re et est pr\u00e9vu d'un \u00e9quipement qui montre le site arch\u00e9ologique situ\u00e9 sur le front de la rivi\u00e8re. Cette action a \u00e9t\u00e9 mise en \u0153uvre dans le cadre du Programme Op\u00e9rationnel FEDER 2014\/2020 AXE6 \"Dertosa-Turtuxa-Tortosa: une ville, trois noms et 2000 ans\".","breadcrumb":{"@id":"https:\/\/www.tortosaturisme.cat\/fr\/tortosa-cote-0\/#breadcrumb"},"inLanguage":"fr-FR","potentialAction":[{"@type":"ReadAction","target":["https:\/\/www.tortosaturisme.cat\/fr\/tortosa-cote-0\/"]}]},{"@type":"BreadcrumbList","@id":"https:\/\/www.tortosaturisme.cat\/fr\/tortosa-cote-0\/#breadcrumb","itemListElement":[{"@type":"ListItem","position":1,"name":"Home","item":"https:\/\/www.tortosaturisme.cat\/fr\/home-page\/"},{"@type":"ListItem","position":2,"name":"Tortosa Cote_0"}]},{"@type":"WebSite","@id":"https:\/\/www.tortosaturisme.cat\/fr\/#website","url":"https:\/\/www.tortosaturisme.cat\/fr\/","name":"tortosaturisme","description":"Otro sitio realizado con WordPress","potentialAction":[{"@type":"SearchAction","target":{"@type":"EntryPoint","urlTemplate":"https:\/\/www.tortosaturisme.cat\/fr\/?s={search_term_string}"},"query-input":{"@type":"PropertyValueSpecification","valueRequired":true,"valueName":"search_term_string"}}],"inLanguage":"fr-FR"}]}},"_links":{"self":[{"href":"https:\/\/www.tortosaturisme.cat\/fr\/wp-json\/wp\/v2\/pages\/12349","targetHints":{"allow":["GET"]}}],"collection":[{"href":"https:\/\/www.tortosaturisme.cat\/fr\/wp-json\/wp\/v2\/pages"}],"about":[{"href":"https:\/\/www.tortosaturisme.cat\/fr\/wp-json\/wp\/v2\/types\/page"}],"author":[{"embeddable":true,"href":"https:\/\/www.tortosaturisme.cat\/fr\/wp-json\/wp\/v2\/users\/2"}],"replies":[{"embeddable":true,"href":"https:\/\/www.tortosaturisme.cat\/fr\/wp-json\/wp\/v2\/comments?post=12349"}],"version-history":[{"count":9,"href":"https:\/\/www.tortosaturisme.cat\/fr\/wp-json\/wp\/v2\/pages\/12349\/revisions"}],"predecessor-version":[{"id":15748,"href":"https:\/\/www.tortosaturisme.cat\/fr\/wp-json\/wp\/v2\/pages\/12349\/revisions\/15748"}],"wp:attachment":[{"href":"https:\/\/www.tortosaturisme.cat\/fr\/wp-json\/wp\/v2\/media?parent=12349"}],"curies":[{"name":"wp","href":"https:\/\/api.w.org\/{rel}","templated":true}]}}