{"id":12363,"date":"2020-03-19T11:41:32","date_gmt":"2020-03-19T11:41:32","guid":{"rendered":"https:\/\/www.tortosaturisme.cat\/fr\/la-llum-de-lebre\/"},"modified":"2020-09-01T15:09:34","modified_gmt":"2020-09-01T15:09:34","slug":"la-lumiere-de-lebre","status":"publish","type":"page","link":"https:\/\/www.tortosaturisme.cat\/fr\/la-lumiere-de-lebre\/","title":{"rendered":"La lumi\u00e8re de l&rsquo;Ebre"},"content":{"rendered":"<p>[vc_row][vc_column]<div class=\"vc-incubalia-medium-header\"><img decoding=\"async\" class=\"vc-incubalia-medium-header__mobile-picture brightness-100\" src=\"https:\/\/www.tortosaturisme.cat\/wp-content\/uploads\/2020\/03\/llum-de-lebre-768x350.jpg\">\n                  <img decoding=\"async\" class=\"vc-incubalia-medium-header__desktop-picture brightness-100\" src=\"https:\/\/www.tortosaturisme.cat\/wp-content\/uploads\/2020\/03\/llum-de-lebre-1920X550.jpg\"><\/div>[\/vc_column][\/vc_row][vc_row][vc_column]<div class=\"vc-incubalia-text-1-column-subtitle\"><h2 class=\"vc-incubalia-text-1-column-subtitle__title\">LA LUMI\u00c8RE DE L'EBRE <\/h2><h3 class=\"vc-incubalia-text-1-column-subtitle__subtitle\">Mapping sur la fa\u00e7ade de la Cath\u00e9drale<br \/>\nAction r\u00e9alis\u00e9 par le Programme Op\u00e9rationnel FEDER 2014\/2020-AXE 6, \u00abDertosa-Turtuxa-Tortosa: une ville, trois noms et 2000 ans\u00bb<br \/>\n<\/h3><div class=\"vc-incubalia-text-1-column-subtitle__text\">Le mapping audiovisuelle \u00ab\u00a0<strong>La lumi\u00e8re de l&rsquo;Ebre<\/strong>\u00a0\u00bb a \u00e9t\u00e9 con\u00e7ue comme le point culminant de toute l&rsquo;op\u00e9ration FEDER \u00ab\u00a0Dertosa-Turtuxa-Tortosa: une ville, trois noms et 2000 ans\u00a0\u00bb. Le Mapping est charg\u00e9e de relier les deux \u00e9l\u00e9ments les plus importants de la ville: le fleuve et son front de rivi\u00e8re; la ville et son c\u0153ur naturel. Tortosa a vu de nombreux peuples et cultures traverser ses rues et l&rsquo;Ebre a \u00e9t\u00e9 t\u00e9moin de tous les changements et transformations qui ont eu lieu.<\/p><br \/>\n<p>.<\/div><\/div>[\/vc_column][\/vc_row][vc_row][vc_column width=\u00a0\u00bb1\/2&Prime;]<div class=\"vc-incubalia-text-1-column\"><div class=\"vc-incubalia-text-1-column__text\">Prenant cette id\u00e9e, \u00ab\u00a0La lumi\u00e8re de l&rsquo;Ebre\u00a0\u00bb sera une <strong>projection audiovisuelle \u00e0 grande \u00e9chelle<\/strong> qui expliquera l&rsquo;\u00e9volution de la ville et de ses habitants au cours de ses 2000 ans d&rsquo;existence. Utilisant la fa\u00e7ade baroque de la cath\u00e9drale comme toile de fond, la cartographie durera environ 10 minutes et combinera couleurs, lumi\u00e8re, musique et effets sonores pour offrir au public un <strong>spectacle captivant, poignant et unique<\/strong> sur le territoire. De cette fa\u00e7on, la technologie devient le point d&rsquo;union entre le patrimoine architectural et la nature et peut devenir une revendication ext\u00e9nuante pour la destination.<\/p><br \/>\n<p>Le<strong> budget total<\/strong> du projet s&rsquo;\u00e9l\u00e8ve \u00e0 un total de 355.776,30\u20ac, TVA incluse. Sur ce montant, l&rsquo;<strong>Union Europ\u00e9enne<\/strong> participe en apportant 147.015,00\u20ac via le PO FEDER 2014\/2020 AXE-6. La <strong>contribution municipale<\/strong> est de 208.761,30\u20ac, ce qui repr\u00e9sente le 58,7% du montant total de l&rsquo;action.<\/div><\/div><script>\n            (function($) {\n                $(function() {\n                    $(\".vc_col-sm-6\").parent(\".vc_row\").addClass(\"vc_layout_2\");\n                });\n            })(jQuery);\n            <\/script>[\/vc_column][vc_column width=\u00a0\u00bb1\/2&Prime;]<div class=\"vc-incubalia-spacer\"><\/div><div class=\"vc-incubalia-image-3x2-centered\"><img decoding=\"async\" class=\"vc-incubalia-image-3x2-centered__mobile-picture\" src=\"https:\/\/www.tortosaturisme.cat\/wp-content\/uploads\/2020\/03\/frontal_catedral_768x370-768x370.jpg\" alt=\"\"><img decoding=\"async\" class=\"vc-incubalia-image-3x2-centered__desktop-picture\" src=\"https:\/\/www.tortosaturisme.cat\/wp-content\/uploads\/2020\/03\/frontal_catedral_1920x925-1920x925.jpg\" alt=\"\"><\/div>[\/vc_column][\/vc_row][vc_row][vc_column]<div class=\"vc-incubalia-image-3x2-centered\"><img decoding=\"async\" class=\"vc-incubalia-image-3x2-centered__mobile-picture\" src=\"https:\/\/www.tortosaturisme.cat\/wp-content\/uploads\/2020\/03\/planol_mapping_768x512.jpg\" alt=\"\"><img decoding=\"async\" class=\"vc-incubalia-image-3x2-centered__desktop-picture\" src=\"https:\/\/www.tortosaturisme.cat\/wp-content\/uploads\/2020\/03\/planol_mapping_1920x1280.jpg\" alt=\"\"><\/div>[\/vc_column][\/vc_row][vc_row][vc_column]<div class=\"vc-incubalia-3-images\"><h2 class=\"vc-incubalia-3-images__title\">En savoir plus<\/h2><div class=\"vc-incubalia-3-images__image\"><a href=\"\/fr\/lugar\/la-catedral-i-lexposicio-permanent\/\"><img decoding=\"async\" src=\"https:\/\/www.tortosaturisme.cat\/wp-content\/uploads\/2020\/03\/FA\u00c7ANA-CATEDRAL-800x600.jpg\" alt=\"\"><\/a><a href=\"\/fr\/lugar\/la-catedral-i-lexposicio-permanent\/\"><p class=\"vc-incubalia-3-images__image-title\">La Cath\u00e9drale de Tortosa<\/p><\/a><p class=\"vc-incubalia-3-images__image-subtitle\">Un bijou du gothique catalan<\/p><\/div><div class=\"vc-incubalia-3-images__image\"><a href=\"\/fr\/tortosa-cota-0\/\"><img decoding=\"async\" src=\"https:\/\/www.tortosaturisme.cat\/wp-content\/uploads\/2020\/03\/AL\u00c7ATS-COTA_0-800x600.jpg\" alt=\"\"><\/a><a href=\"\/fr\/tortosa-cota-0\/\"><p class=\"vc-incubalia-3-images__image-title\">Tortosa Cote_0<\/p><\/a><p class=\"vc-incubalia-3-images__image-subtitle\">Les vestiges du pass\u00e9<\/p><\/div><div class=\"vc-incubalia-3-images__image\"><a href=\"\/fr\/feder-dertosa-turtuxa-tortosa\/\"><img decoding=\"async\" src=\"https:\/\/www.tortosaturisme.cat\/wp-content\/uploads\/2020\/03\/FEDER_800x600.jpg\" alt=\"\"><\/a><a href=\"\/fr\/feder-dertosa-turtuxa-tortosa\/\"><p class=\"vc-incubalia-3-images__image-title\">Dertosa-Turtuxa-Tortosa: une ville, trois noms et 2000 ans<\/p><\/a><p class=\"vc-incubalia-3-images__image-subtitle\">PO FEDER 2014\/2020 AXE-6<\/p><\/div><\/div>[vc_gmaps link=\u00a0\u00bb#E-8_JTNDaWZyYW1lJTIwc3JjJTNEJTIyaHR0cHMlM0ElMkYlMkZ3d3cuZ29vZ2xlLmNvbSUyRm1hcHMlMkZlbWJlZCUzRnBiJTNEJTIxMW0xOCUyMTFtMTIlMjExbTMlMjExZDc1NC45MDQzODc1Mjc4MDM4JTIxMmQwLjUyMjQxMjk3MDc4MzIzMiUyMTNkNDAuODE0Mzk3MzE5MDY1MTIlMjEybTMlMjExZjAlMjEyZjAlMjEzZjAlMjEzbTIlMjExaTEwMjQlMjEyaTc2OCUyMTRmMTMuMSUyMTNtMyUyMTFtMiUyMTFzMHgxMmEwZTRhMWJjNDljNmE3JTI1M0EweGU2YTNhYWEyMmMyNjg1ZGIlMjEyc0NhdGVkcmFsJTI1MjBkZSUyNTIwVG9ydG9zYSUyMTVlMCUyMTNtMiUyMTFzZXMlMjEyc2VzJTIxNHYxNTg0NTI1MTMwMzcxJTIxNW0yJTIxMXNlcyUyMTJzZXMlMjIlMjB3aWR0aCUzRCUyMjYwMCUyMiUyMGhlaWdodCUzRCUyMjQ1MCUyMiUyMGZyYW1lYm9yZGVyJTNEJTIyMCUyMiUyMHN0eWxlJTNEJTIyYm9yZGVyJTNBMCUzQiUyMiUyMGFsbG93ZnVsbHNjcmVlbiUzRCUyMiUyMiUyMGFyaWEtaGlkZGVuJTNEJTIyZmFsc2UlMjIlMjB0YWJpbmRleCUzRCUyMjAlMjIlM0UlM0MlMkZpZnJhbWUlM0U=\u00a0\u00bb]<div class=\"vc-incubalia-4-icons\"><h2 class=\"vc-incubalia-4-icons__title\"><\/h2><div class=\"vc-incubalia-4-icons__icon\"><a class=\"vc-incubalia-4-icons__icon-url\" href=\"http:\/\/www2.tortosa.cat\/\"><img decoding=\"async\" class=\"vc-incubalia-4-icons__icon-image\" src=\"https:\/\/www.tortosaturisme.cat\/wp-content\/uploads\/2020\/03\/ajuntament-500x500-400x400.jpg\"><\/a><\/div><div class=\"vc-incubalia-4-icons__icon\"><a class=\"vc-incubalia-4-icons__icon-url\" href=\"https:\/\/www.tortosaturisme.cat\"><img decoding=\"async\" class=\"vc-incubalia-4-icons__icon-image\" src=\"https:\/\/www.tortosaturisme.cat\/wp-content\/uploads\/2018\/03\/logo-turisme-400-400x355.jpg\"><\/a><\/div><div class=\"vc-incubalia-4-icons__icon\"><a class=\"vc-incubalia-4-icons__icon-url\" href=\"http:\/\/fonseuropeus.gencat.cat\/ca\/\"><img decoding=\"async\" class=\"vc-incubalia-4-icons__icon-image\" src=\"https:\/\/www.tortosaturisme.cat\/wp-content\/uploads\/2020\/03\/FEder_Vertical_400x400.png\"><\/a><\/div><div class=\"vc-incubalia-4-icons__icon\"><a class=\"vc-incubalia-4-icons__icon-url\" href=\"https:\/\/web.gencat.cat\/ca\/inici\"><img decoding=\"async\" class=\"vc-incubalia-4-icons__icon-image\" src=\"https:\/\/www.tortosaturisme.cat\/wp-content\/uploads\/2020\/03\/generalitat-de-catalunya500x500-400x400.jpg\"><\/a><\/div><\/div>[\/vc_column][\/vc_row]<\/p>\n","protected":false},"excerpt":{"rendered":"<p>[vc_row][vc_column][\/vc_column][\/vc_row][vc_row][vc_column][\/vc_column][\/vc_row][vc_row][vc_column width=\u00a0\u00bb1\/2&Prime;][\/vc_column][vc_column width=\u00a0\u00bb1\/2&Prime;][\/vc_column][\/vc_row][vc_row][vc_column][\/vc_column][\/vc_row][vc_row][vc_column][vc_gmaps link=\u00a0\u00bb#E-8_JTNDaWZyYW1lJTIwc3JjJTNEJTIyaHR0cHMlM0ElMkYlMkZ3d3cuZ29vZ2xlLmNvbSUyRm1hcHMlMkZlbWJlZCUzRnBiJTNEJTIxMW0xOCUyMTFtMTIlMjExbTMlMjExZDc1NC45MDQzODc1Mjc4MDM4JTIxMmQwLjUyMjQxMjk3MDc4MzIzMiUyMTNkNDAuODE0Mzk3MzE5MDY1MTIlMjEybTMlMjExZjAlMjEyZjAlMjEzZjAlMjEzbTIlMjExaTEwMjQlMjEyaTc2OCUyMTRmMTMuMSUyMTNtMyUyMTFtMiUyMTFzMHgxMmEwZTRhMWJjNDljNmE3JTI1M0EweGU2YTNhYWEyMmMyNjg1ZGIlMjEyc0NhdGVkcmFsJTI1MjBkZSUyNTIwVG9ydG9zYSUyMTVlMCUyMTNtMiUyMTFzZXMlMjEyc2VzJTIxNHYxNTg0NTI1MTMwMzcxJTIxNW0yJTIxMXNlcyUyMTJzZXMlMjIlMjB3aWR0aCUzRCUyMjYwMCUyMiUyMGhlaWdodCUzRCUyMjQ1MCUyMiUyMGZyYW1lYm9yZGVyJTNEJTIyMCUyMiUyMHN0eWxlJTNEJTIyYm9yZGVyJTNBMCUzQiUyMiUyMGFsbG93ZnVsbHNjcmVlbiUzRCUyMiUyMiUyMGFyaWEtaGlkZGVuJTNEJTIyZmFsc2UlMjIlMjB0YWJpbmRleCUzRCUyMjAlMjIlM0UlM0MlMkZpZnJhbWUlM0U=\u00a0\u00bb][\/vc_column][\/vc_row]<\/p>\n","protected":false},"author":2,"featured_media":0,"parent":0,"menu_order":156,"comment_status":"closed","ping_status":"closed","template":"","meta":{"_acf_changed":false,"footnotes":""},"class_list":["post-12363","page","type-page","status-publish","hentry"],"acf":[],"yoast_head":"<!-- This site is optimized with the Yoast SEO plugin v27.6 - https:\/\/yoast.com\/product\/yoast-seo-wordpress\/ -->\n<title>La lumi\u00e8re de l&#039;Ebre - Actuaci\u00f3 PO FEDER | Tortosa Turisme<\/title>\n<meta name=\"description\" content=\"La lumi\u00e8re de l&#039;Ebre est une cartographie audiovisuelle permanente qui sera projet\u00e9e sur la fa\u00e7ade de la Cath\u00e9drale de Tortosa. Cette action est mise en \u0153uvre \u00e0 travers le Programme Op\u00e9rationnel FEDER 2014\/2020 EIX-6 &quot;Dertosa-Turtuxa-Tortosa: une ville, trois noms et 2000 ans&quot;.\" \/>\n<meta name=\"robots\" content=\"index, follow, max-snippet:-1, max-image-preview:large, max-video-preview:-1\" \/>\n<link rel=\"canonical\" href=\"https:\/\/www.tortosaturisme.cat\/fr\/la-lumiere-de-lebre\/\" \/>\n<meta property=\"og:locale\" content=\"fr_FR\" \/>\n<meta property=\"og:type\" content=\"article\" \/>\n<meta property=\"og:title\" content=\"La lumi\u00e8re de l&#039;Ebre - Actuaci\u00f3 PO FEDER | Tortosa Turisme\" \/>\n<meta property=\"og:description\" content=\"La lumi\u00e8re de l&#039;Ebre est une cartographie audiovisuelle permanente qui sera projet\u00e9e sur la fa\u00e7ade de la Cath\u00e9drale de Tortosa. Cette action est mise en \u0153uvre \u00e0 travers le Programme Op\u00e9rationnel FEDER 2014\/2020 EIX-6 &quot;Dertosa-Turtuxa-Tortosa: une ville, trois noms et 2000 ans&quot;.\" \/>\n<meta property=\"og:url\" content=\"https:\/\/www.tortosaturisme.cat\/fr\/la-lumiere-de-lebre\/\" \/>\n<meta property=\"og:site_name\" content=\"tortosaturisme\" \/>\n<meta property=\"article:modified_time\" content=\"2020-09-01T15:09:34+00:00\" \/>\n<meta name=\"twitter:card\" content=\"summary_large_image\" \/>\n<meta name=\"twitter:label1\" content=\"Dur\u00e9e de lecture estim\u00e9e\" \/>\n\t<meta name=\"twitter:data1\" content=\"2 minutes\" \/>\n<script type=\"application\/ld+json\" class=\"yoast-schema-graph\">{\"@context\":\"https:\\\/\\\/schema.org\",\"@graph\":[{\"@type\":\"WebPage\",\"@id\":\"https:\\\/\\\/www.tortosaturisme.cat\\\/fr\\\/la-lumiere-de-lebre\\\/\",\"url\":\"https:\\\/\\\/www.tortosaturisme.cat\\\/fr\\\/la-lumiere-de-lebre\\\/\",\"name\":\"La lumi\u00e8re de l'Ebre - Actuaci\u00f3 PO FEDER | Tortosa Turisme\",\"isPartOf\":{\"@id\":\"https:\\\/\\\/www.tortosaturisme.cat\\\/fr\\\/#website\"},\"datePublished\":\"2020-03-19T11:41:32+00:00\",\"dateModified\":\"2020-09-01T15:09:34+00:00\",\"description\":\"La lumi\u00e8re de l'Ebre est une cartographie audiovisuelle permanente qui sera projet\u00e9e sur la fa\u00e7ade de la Cath\u00e9drale de Tortosa. Cette action est mise en \u0153uvre \u00e0 travers le Programme Op\u00e9rationnel FEDER 2014\\\/2020 EIX-6 \\\"Dertosa-Turtuxa-Tortosa: une ville, trois noms et 2000 ans\\\".\",\"breadcrumb\":{\"@id\":\"https:\\\/\\\/www.tortosaturisme.cat\\\/fr\\\/la-lumiere-de-lebre\\\/#breadcrumb\"},\"inLanguage\":\"fr-FR\",\"potentialAction\":[{\"@type\":\"ReadAction\",\"target\":[\"https:\\\/\\\/www.tortosaturisme.cat\\\/fr\\\/la-lumiere-de-lebre\\\/\"]}]},{\"@type\":\"BreadcrumbList\",\"@id\":\"https:\\\/\\\/www.tortosaturisme.cat\\\/fr\\\/la-lumiere-de-lebre\\\/#breadcrumb\",\"itemListElement\":[{\"@type\":\"ListItem\",\"position\":1,\"name\":\"Home\",\"item\":\"https:\\\/\\\/www.tortosaturisme.cat\\\/fr\\\/home-page\\\/\"},{\"@type\":\"ListItem\",\"position\":2,\"name\":\"La lumi\u00e8re de l&rsquo;Ebre\"}]},{\"@type\":\"WebSite\",\"@id\":\"https:\\\/\\\/www.tortosaturisme.cat\\\/fr\\\/#website\",\"url\":\"https:\\\/\\\/www.tortosaturisme.cat\\\/fr\\\/\",\"name\":\"tortosaturisme\",\"description\":\"Otro sitio realizado con WordPress\",\"potentialAction\":[{\"@type\":\"SearchAction\",\"target\":{\"@type\":\"EntryPoint\",\"urlTemplate\":\"https:\\\/\\\/www.tortosaturisme.cat\\\/fr\\\/?s={search_term_string}\"},\"query-input\":{\"@type\":\"PropertyValueSpecification\",\"valueRequired\":true,\"valueName\":\"search_term_string\"}}],\"inLanguage\":\"fr-FR\"}]}<\/script>\n<!-- \/ Yoast SEO plugin. -->","yoast_head_json":{"title":"La lumi\u00e8re de l'Ebre - Actuaci\u00f3 PO FEDER | Tortosa Turisme","description":"La lumi\u00e8re de l'Ebre est une cartographie audiovisuelle permanente qui sera projet\u00e9e sur la fa\u00e7ade de la Cath\u00e9drale de Tortosa. Cette action est mise en \u0153uvre \u00e0 travers le Programme Op\u00e9rationnel FEDER 2014\/2020 EIX-6 \"Dertosa-Turtuxa-Tortosa: une ville, trois noms et 2000 ans\".","robots":{"index":"index","follow":"follow","max-snippet":"max-snippet:-1","max-image-preview":"max-image-preview:large","max-video-preview":"max-video-preview:-1"},"canonical":"https:\/\/www.tortosaturisme.cat\/fr\/la-lumiere-de-lebre\/","og_locale":"fr_FR","og_type":"article","og_title":"La lumi\u00e8re de l'Ebre - Actuaci\u00f3 PO FEDER | Tortosa Turisme","og_description":"La lumi\u00e8re de l'Ebre est une cartographie audiovisuelle permanente qui sera projet\u00e9e sur la fa\u00e7ade de la Cath\u00e9drale de Tortosa. Cette action est mise en \u0153uvre \u00e0 travers le Programme Op\u00e9rationnel FEDER 2014\/2020 EIX-6 \"Dertosa-Turtuxa-Tortosa: une ville, trois noms et 2000 ans\".","og_url":"https:\/\/www.tortosaturisme.cat\/fr\/la-lumiere-de-lebre\/","og_site_name":"tortosaturisme","article_modified_time":"2020-09-01T15:09:34+00:00","twitter_card":"summary_large_image","twitter_misc":{"Dur\u00e9e de lecture estim\u00e9e":"2 minutes"},"schema":{"@context":"https:\/\/schema.org","@graph":[{"@type":"WebPage","@id":"https:\/\/www.tortosaturisme.cat\/fr\/la-lumiere-de-lebre\/","url":"https:\/\/www.tortosaturisme.cat\/fr\/la-lumiere-de-lebre\/","name":"La lumi\u00e8re de l'Ebre - Actuaci\u00f3 PO FEDER | Tortosa Turisme","isPartOf":{"@id":"https:\/\/www.tortosaturisme.cat\/fr\/#website"},"datePublished":"2020-03-19T11:41:32+00:00","dateModified":"2020-09-01T15:09:34+00:00","description":"La lumi\u00e8re de l'Ebre est une cartographie audiovisuelle permanente qui sera projet\u00e9e sur la fa\u00e7ade de la Cath\u00e9drale de Tortosa. Cette action est mise en \u0153uvre \u00e0 travers le Programme Op\u00e9rationnel FEDER 2014\/2020 EIX-6 \"Dertosa-Turtuxa-Tortosa: une ville, trois noms et 2000 ans\".","breadcrumb":{"@id":"https:\/\/www.tortosaturisme.cat\/fr\/la-lumiere-de-lebre\/#breadcrumb"},"inLanguage":"fr-FR","potentialAction":[{"@type":"ReadAction","target":["https:\/\/www.tortosaturisme.cat\/fr\/la-lumiere-de-lebre\/"]}]},{"@type":"BreadcrumbList","@id":"https:\/\/www.tortosaturisme.cat\/fr\/la-lumiere-de-lebre\/#breadcrumb","itemListElement":[{"@type":"ListItem","position":1,"name":"Home","item":"https:\/\/www.tortosaturisme.cat\/fr\/home-page\/"},{"@type":"ListItem","position":2,"name":"La lumi\u00e8re de l&rsquo;Ebre"}]},{"@type":"WebSite","@id":"https:\/\/www.tortosaturisme.cat\/fr\/#website","url":"https:\/\/www.tortosaturisme.cat\/fr\/","name":"tortosaturisme","description":"Otro sitio realizado con WordPress","potentialAction":[{"@type":"SearchAction","target":{"@type":"EntryPoint","urlTemplate":"https:\/\/www.tortosaturisme.cat\/fr\/?s={search_term_string}"},"query-input":{"@type":"PropertyValueSpecification","valueRequired":true,"valueName":"search_term_string"}}],"inLanguage":"fr-FR"}]}},"_links":{"self":[{"href":"https:\/\/www.tortosaturisme.cat\/fr\/wp-json\/wp\/v2\/pages\/12363","targetHints":{"allow":["GET"]}}],"collection":[{"href":"https:\/\/www.tortosaturisme.cat\/fr\/wp-json\/wp\/v2\/pages"}],"about":[{"href":"https:\/\/www.tortosaturisme.cat\/fr\/wp-json\/wp\/v2\/types\/page"}],"author":[{"embeddable":true,"href":"https:\/\/www.tortosaturisme.cat\/fr\/wp-json\/wp\/v2\/users\/2"}],"replies":[{"embeddable":true,"href":"https:\/\/www.tortosaturisme.cat\/fr\/wp-json\/wp\/v2\/comments?post=12363"}],"version-history":[{"count":7,"href":"https:\/\/www.tortosaturisme.cat\/fr\/wp-json\/wp\/v2\/pages\/12363\/revisions"}],"predecessor-version":[{"id":15749,"href":"https:\/\/www.tortosaturisme.cat\/fr\/wp-json\/wp\/v2\/pages\/12363\/revisions\/15749"}],"wp:attachment":[{"href":"https:\/\/www.tortosaturisme.cat\/fr\/wp-json\/wp\/v2\/media?parent=12363"}],"curies":[{"name":"wp","href":"https:\/\/api.w.org\/{rel}","templated":true}]}}