{"id":13214,"date":"2020-05-06T14:48:47","date_gmt":"2020-05-06T14:48:47","guid":{"rendered":"https:\/\/www.tortosaturisme.cat\/fr\/descarregues-senderisme\/"},"modified":"2020-07-02T09:40:51","modified_gmt":"2020-07-02T09:40:51","slug":"telechargements-randonee","status":"publish","type":"page","link":"https:\/\/www.tortosaturisme.cat\/fr\/telechargements-randonee\/","title":{"rendered":"T\u00e9l\u00e9chargements Randon\u00e9e"},"content":{"rendered":"<p>[vc_row][vc_column]<div class=\"vc-incubalia-small-header\"><h1 class=\"vc-incubalia-small-header__title\">T\u00e9l\u00e9chargements Randon\u00e9e<\/h1><img decoding=\"async\" class=\"vc-incubalia-small-header__mobile-picture\" src=\"https:\/\/www.tortosaturisme.cat\/wp-content\/uploads\/2020\/05\/3-cor-mb-e1588775293453-768x250.jpg\">\n                  <img decoding=\"async\" class=\"vc-incubalia-small-header__desktop-picture\" src=\"https:\/\/www.tortosaturisme.cat\/wp-content\/uploads\/2020\/05\/3-cor-ds-e1588776774440-1920x330.jpg\"><\/div>[\/vc_column][\/vc_row][vc_row][vc_column]<div class=\"vc-incubalia-3-images\"><h2 class=\"vc-incubalia-3-images__title\">Mat\u00e9riel \u00c9dit\u00e9<\/h2><div class=\"vc-incubalia-3-images__image\"><a href=\"\/wp-content\/uploads\/2019\/10\/itinerari_cova_avellanes-web-en-fr.pdf\"><img decoding=\"async\" src=\"https:\/\/www.tortosaturisme.cat\/wp-content\/uploads\/2019\/10\/6279920686_8deb50b968_c.jpg\" alt=\"\"><\/a><a href=\"\/wp-content\/uploads\/2019\/10\/itinerari_cova_avellanes-web-en-fr.pdf\"><p class=\"vc-incubalia-3-images__image-title\">Itin\u00e9raires Cova Avellanes<\/p><\/a><p class=\"vc-incubalia-3-images__image-subtitle\">Le Pla d'Av\u00e0ria et le Marturi<\/p><\/div><div class=\"vc-incubalia-3-images__image\"><a href=\"\/wp-content\/uploads\/2019\/11\/Font-Nova-web-ES-FR-1.pdf\"><img decoding=\"async\" src=\"https:\/\/www.tortosaturisme.cat\/wp-content\/uploads\/2019\/11\/6311550181_3f8341aed4_o.jpg\" alt=\"\"><\/a><a href=\"\/wp-content\/uploads\/2019\/11\/Font-Nova-web-ES-FR-1.pdf\"><p class=\"vc-incubalia-3-images__image-title\">Itin\u00e9raires La Font Nova<\/p><\/a><p class=\"vc-incubalia-3-images__image-subtitle\">La Moleta, la Vall de l'Infern et les Fonts<\/p><\/div><div class=\"vc-incubalia-3-images__image\"><a href=\"\/wp-content\/uploads\/2019\/11\/itinerari_sant_roc-web-en-fr.pdf\"><img decoding=\"async\" src=\"https:\/\/www.tortosaturisme.cat\/wp-content\/uploads\/2019\/11\/6288836906_a66b74fcf0_o.jpg\" alt=\"\"><\/a><a href=\"\/wp-content\/uploads\/2019\/11\/itinerari_sant_roc-web-en-fr.pdf\"><p class=\"vc-incubalia-3-images__image-title\">Itin\u00e9raires Sant Roc<\/p><\/a><p class=\"vc-incubalia-3-images__image-subtitle\">La Source del Teix, Source dels Ullals et le Pla de l'Hedra<\/p><\/div><\/div>[\/vc_column][\/vc_row][vc_row][vc_column]<div class=\"vc-incubalia-3-images\"><div class=\"vc-incubalia-3-images__image\"><a href=\"\/wp-content\/uploads\/2019\/11\/ItToscar_es-fr.pdf\"><img decoding=\"async\" src=\"https:\/\/www.tortosaturisme.cat\/wp-content\/uploads\/2019\/11\/18697258290_aaa5fce908_o.jpg\" alt=\"\"><\/a><a href=\"\/wp-content\/uploads\/2019\/11\/ItToscar_es-fr.pdf\"><p class=\"vc-incubalia-3-images__image-title\">Itin\u00e9raires El Toscar<\/p><\/a><p class=\"vc-incubalia-3-images__image-subtitle\">La pi\u00e8rre et l'eau, els R\u00f2ssecs, Grotte Pintada et la Grotte dels Adells<\/p><\/div><div class=\"vc-incubalia-3-images__image\"><img decoding=\"async\" src=\"\" alt=\"\"><\/div><div class=\"vc-incubalia-3-images__image\"><img decoding=\"async\" src=\"\" alt=\"\"><\/div><\/div>[\/vc_column][\/vc_row]<\/p>\n","protected":false},"excerpt":{"rendered":"<p>[vc_row][vc_column][\/vc_column][\/vc_row][vc_row][vc_column][\/vc_column][\/vc_row][vc_row][vc_column][\/vc_column][\/vc_row]<\/p>\n","protected":false},"author":4,"featured_media":0,"parent":0,"menu_order":0,"comment_status":"closed","ping_status":"closed","template":"","meta":{"footnotes":""},"class_list":["post-13214","page","type-page","status-publish","hentry"],"acf":[],"yoast_head":"<!-- This site is optimized with the Yoast SEO plugin v27.3 - https:\/\/yoast.com\/product\/yoast-seo-wordpress\/ -->\n<title>T\u00e9l\u00e9chargements Randon\u00e9e - tortosaturisme<\/title>\n<meta name=\"robots\" content=\"index, follow, max-snippet:-1, max-image-preview:large, max-video-preview:-1\" \/>\n<link rel=\"canonical\" href=\"https:\/\/www.tortosaturisme.cat\/fr\/telechargements-randonee\/\" \/>\n<meta property=\"og:locale\" content=\"fr_FR\" \/>\n<meta property=\"og:type\" content=\"article\" \/>\n<meta property=\"og:title\" content=\"T\u00e9l\u00e9chargements Randon\u00e9e - tortosaturisme\" \/>\n<meta property=\"og:description\" content=\"[vc_row][vc_column][\/vc_column][\/vc_row][vc_row][vc_column][\/vc_column][\/vc_row][vc_row][vc_column][\/vc_column][\/vc_row]\" \/>\n<meta property=\"og:url\" content=\"https:\/\/www.tortosaturisme.cat\/fr\/telechargements-randonee\/\" \/>\n<meta property=\"og:site_name\" content=\"tortosaturisme\" \/>\n<meta property=\"article:modified_time\" content=\"2020-07-02T09:40:51+00:00\" \/>\n<meta name=\"twitter:card\" content=\"summary_large_image\" \/>\n<meta name=\"twitter:label1\" content=\"Dur\u00e9e de lecture estim\u00e9e\" \/>\n\t<meta name=\"twitter:data1\" content=\"1 minute\" \/>\n<script type=\"application\/ld+json\" class=\"yoast-schema-graph\">{\"@context\":\"https:\\\/\\\/schema.org\",\"@graph\":[{\"@type\":\"WebPage\",\"@id\":\"https:\\\/\\\/www.tortosaturisme.cat\\\/fr\\\/telechargements-randonee\\\/\",\"url\":\"https:\\\/\\\/www.tortosaturisme.cat\\\/fr\\\/telechargements-randonee\\\/\",\"name\":\"T\u00e9l\u00e9chargements Randon\u00e9e - tortosaturisme\",\"isPartOf\":{\"@id\":\"https:\\\/\\\/www.tortosaturisme.cat\\\/fr\\\/#website\"},\"datePublished\":\"2020-05-06T14:48:47+00:00\",\"dateModified\":\"2020-07-02T09:40:51+00:00\",\"breadcrumb\":{\"@id\":\"https:\\\/\\\/www.tortosaturisme.cat\\\/fr\\\/telechargements-randonee\\\/#breadcrumb\"},\"inLanguage\":\"fr-FR\",\"potentialAction\":[{\"@type\":\"ReadAction\",\"target\":[\"https:\\\/\\\/www.tortosaturisme.cat\\\/fr\\\/telechargements-randonee\\\/\"]}]},{\"@type\":\"BreadcrumbList\",\"@id\":\"https:\\\/\\\/www.tortosaturisme.cat\\\/fr\\\/telechargements-randonee\\\/#breadcrumb\",\"itemListElement\":[{\"@type\":\"ListItem\",\"position\":1,\"name\":\"Home\",\"item\":\"https:\\\/\\\/www.tortosaturisme.cat\\\/fr\\\/home-page\\\/\"},{\"@type\":\"ListItem\",\"position\":2,\"name\":\"T\u00e9l\u00e9chargements Randon\u00e9e\"}]},{\"@type\":\"WebSite\",\"@id\":\"https:\\\/\\\/www.tortosaturisme.cat\\\/fr\\\/#website\",\"url\":\"https:\\\/\\\/www.tortosaturisme.cat\\\/fr\\\/\",\"name\":\"tortosaturisme\",\"description\":\"Otro sitio realizado con WordPress\",\"potentialAction\":[{\"@type\":\"SearchAction\",\"target\":{\"@type\":\"EntryPoint\",\"urlTemplate\":\"https:\\\/\\\/www.tortosaturisme.cat\\\/fr\\\/?s={search_term_string}\"},\"query-input\":{\"@type\":\"PropertyValueSpecification\",\"valueRequired\":true,\"valueName\":\"search_term_string\"}}],\"inLanguage\":\"fr-FR\"}]}<\/script>\n<!-- \/ Yoast SEO plugin. -->","yoast_head_json":{"title":"T\u00e9l\u00e9chargements Randon\u00e9e - tortosaturisme","robots":{"index":"index","follow":"follow","max-snippet":"max-snippet:-1","max-image-preview":"max-image-preview:large","max-video-preview":"max-video-preview:-1"},"canonical":"https:\/\/www.tortosaturisme.cat\/fr\/telechargements-randonee\/","og_locale":"fr_FR","og_type":"article","og_title":"T\u00e9l\u00e9chargements Randon\u00e9e - tortosaturisme","og_description":"[vc_row][vc_column][\/vc_column][\/vc_row][vc_row][vc_column][\/vc_column][\/vc_row][vc_row][vc_column][\/vc_column][\/vc_row]","og_url":"https:\/\/www.tortosaturisme.cat\/fr\/telechargements-randonee\/","og_site_name":"tortosaturisme","article_modified_time":"2020-07-02T09:40:51+00:00","twitter_card":"summary_large_image","twitter_misc":{"Dur\u00e9e de lecture estim\u00e9e":"1 minute"},"schema":{"@context":"https:\/\/schema.org","@graph":[{"@type":"WebPage","@id":"https:\/\/www.tortosaturisme.cat\/fr\/telechargements-randonee\/","url":"https:\/\/www.tortosaturisme.cat\/fr\/telechargements-randonee\/","name":"T\u00e9l\u00e9chargements Randon\u00e9e - tortosaturisme","isPartOf":{"@id":"https:\/\/www.tortosaturisme.cat\/fr\/#website"},"datePublished":"2020-05-06T14:48:47+00:00","dateModified":"2020-07-02T09:40:51+00:00","breadcrumb":{"@id":"https:\/\/www.tortosaturisme.cat\/fr\/telechargements-randonee\/#breadcrumb"},"inLanguage":"fr-FR","potentialAction":[{"@type":"ReadAction","target":["https:\/\/www.tortosaturisme.cat\/fr\/telechargements-randonee\/"]}]},{"@type":"BreadcrumbList","@id":"https:\/\/www.tortosaturisme.cat\/fr\/telechargements-randonee\/#breadcrumb","itemListElement":[{"@type":"ListItem","position":1,"name":"Home","item":"https:\/\/www.tortosaturisme.cat\/fr\/home-page\/"},{"@type":"ListItem","position":2,"name":"T\u00e9l\u00e9chargements Randon\u00e9e"}]},{"@type":"WebSite","@id":"https:\/\/www.tortosaturisme.cat\/fr\/#website","url":"https:\/\/www.tortosaturisme.cat\/fr\/","name":"tortosaturisme","description":"Otro sitio realizado con WordPress","potentialAction":[{"@type":"SearchAction","target":{"@type":"EntryPoint","urlTemplate":"https:\/\/www.tortosaturisme.cat\/fr\/?s={search_term_string}"},"query-input":{"@type":"PropertyValueSpecification","valueRequired":true,"valueName":"search_term_string"}}],"inLanguage":"fr-FR"}]}},"_links":{"self":[{"href":"https:\/\/www.tortosaturisme.cat\/fr\/wp-json\/wp\/v2\/pages\/13214","targetHints":{"allow":["GET"]}}],"collection":[{"href":"https:\/\/www.tortosaturisme.cat\/fr\/wp-json\/wp\/v2\/pages"}],"about":[{"href":"https:\/\/www.tortosaturisme.cat\/fr\/wp-json\/wp\/v2\/types\/page"}],"author":[{"embeddable":true,"href":"https:\/\/www.tortosaturisme.cat\/fr\/wp-json\/wp\/v2\/users\/4"}],"replies":[{"embeddable":true,"href":"https:\/\/www.tortosaturisme.cat\/fr\/wp-json\/wp\/v2\/comments?post=13214"}],"version-history":[{"count":5,"href":"https:\/\/www.tortosaturisme.cat\/fr\/wp-json\/wp\/v2\/pages\/13214\/revisions"}],"predecessor-version":[{"id":14447,"href":"https:\/\/www.tortosaturisme.cat\/fr\/wp-json\/wp\/v2\/pages\/13214\/revisions\/14447"}],"wp:attachment":[{"href":"https:\/\/www.tortosaturisme.cat\/fr\/wp-json\/wp\/v2\/media?parent=13214"}],"curies":[{"name":"wp","href":"https:\/\/api.w.org\/{rel}","templated":true}]}}