{"id":14155,"date":"2020-06-04T08:14:33","date_gmt":"2020-06-04T08:14:33","guid":{"rendered":"https:\/\/www.tortosaturisme.cat\/fr\/tortosa-segura-covid19\/"},"modified":"2020-09-10T12:37:00","modified_gmt":"2020-09-10T12:37:00","slug":"tortosa-en-securite","status":"publish","type":"page","link":"https:\/\/www.tortosaturisme.cat\/fr\/tortosa-en-securite\/","title":{"rendered":"Tortosa en securit\u00e9"},"content":{"rendered":"<p>[vc_row][vc_column]<div class=\"vc-incubalia-medium-header\"><img decoding=\"async\" class=\"vc-incubalia-medium-header__mobile-picture brightness-100\" src=\"https:\/\/www.tortosaturisme.cat\/wp-content\/uploads\/2020\/06\/tortosa-oberta-768x350.jpg\">\n                  <img decoding=\"async\" class=\"vc-incubalia-medium-header__desktop-picture brightness-100\" src=\"https:\/\/www.tortosaturisme.cat\/wp-content\/uploads\/2020\/06\/tortosa-oberta-1920x550.jpg\"><\/div><div class=\"vc-incubalia-text-title\"><h2 class=\"vc-incubalia-text-title__title\">VOTRE S\u00c9CURIT\u00c9 EST UNE PRIORIT\u00c9 POUR NOUS<\/h2><\/div><div class=\"vc-incubalia-text-1-column\"><h2 class=\"vc-incubalia-text-1-column__title\"><span class=\"first-word\">DANS<\/span> QUELLE SITUATION SOMMES-NOUS?<\/h2><div class=\"vc-incubalia-text-1-column__text\"><strong>Terres de l\u2019Ebre<\/strong>, depuis le d\u00e9but de la pand\u00e9mie, est l&rsquo;un des zones o\u00f9 l\u2019incidence des infections est la plus baisse en Catalogne. Vous pouvez consulter <a href=\"http:\/\/aquas.gencat.cat\/ca\/actualitat\/ultimes-dades-coronavirus\/mapa-per-abs\/\" target=\"_blank\" rel=\"noopener\">ici <\/a>une carte interactive mise \u00e0 jour par le D\u00e9partement de la Sant\u00e9 de la Generalitat de Catalunya qui montre le nombre de cas cumul\u00e9s du COVID-19 dans chaque zone de sant\u00e9 de base du territoire.<\/p><br \/>\n<p>Tortosa, depuis le 18 juin, est dans la<a href=\"https:\/\/canalsalut.gencat.cat\/ca\/salut-a-z\/c\/coronavirus-2019-ncov\/ciutadania\/represa-de-la-normalitat\/index.html#googtrans(ca|fr)\" target=\"_blank\" rel=\"noopener\"><strong> phase de la nouvelle r\u00e9alit\u00e9<\/strong><\/a>. Une fois le processus de d\u00e9contamination progressive termin\u00e9, la ville a entam\u00e9 la reprise de la <strong>normalit\u00e9<\/strong> sans abandonner les mesures de pr\u00e9vention pour \u00e9viter les risques de contagion et de repousse \u00e9ventuelle: le maintien de la <strong>distance physique<\/strong> interpersonnelle, le <strong>lavage<\/strong> fr\u00e9quent des <strong>mains<\/strong> et l&rsquo;utilisation de <strong>masque<\/strong>. Les \u00e9tablissements de commerce et de restauration, ainsi que les espaces culturels et de loisirs qui peuvent \u00eatre visit\u00e9s, doivent \u00e9galement suivre strictement le maintien des limites de jaugeage, la d\u00e9sinfection des surfaces et la mise en place de mesures de circulation pour \u00e9viter les points de congestion.<\/p><br \/>\n<p>De plus, la ville b\u00e9n\u00e9ficie d&rsquo;un <strong>bon climat<\/strong> et dispose de plusieurs <strong>espaces ouverts<\/strong> \u00e0 d\u00e9couvrir en toute tranquillit\u00e9. Que ce soit \u00e0 pied ou \u00e0 v\u00e9lo, visiter Tortosa, c&rsquo;est d\u00e9couvrir une ville ouverte sur la nature et loin de la foule des grandes villes.<\/div><\/div><script>\n            (function($) {\n                $(function() {\n                    $(\".vc_col-sm-6\").parent(\".vc_row\").addClass(\"vc_layout_2\");\n                });\n            })(jQuery);\n            <\/script><div class=\"vc-incubalia-text-1-column\"><h2 class=\"vc-incubalia-text-1-column__title\"><span class=\"first-word\">ENGAG\u00c9S<\/span> POUR LA S\u00c9CURIT\u00c9<\/h2><div class=\"vc-incubalia-text-1-column__text\"><\/p><br \/>\n<p align=\"justify\">La Mairie de Tortosa s&rsquo;efforce de faire de la ville une destination capable de respecter pleinement les garanties de s\u00e9curit\u00e9 sanitaire. Pour cette raison:<\/p><br \/>\n<p><\/div><\/div><script>\n            (function($) {\n                $(function() {\n                    $(\".vc_col-sm-6\").parent(\".vc_row\").addClass(\"vc_layout_2\");\n                });\n            })(jQuery);\n            <\/script><div class=\"vc-incubalia-3-images\"><div class=\"vc-incubalia-3-images__image\"><img decoding=\"async\" src=\"https:\/\/www.tortosaturisme.cat\/wp-content\/uploads\/2020\/06\/of_turisme_800x600.jpg\" alt=\"\"><p class=\"vc-incubalia-3-images__image-subtitle\">Tous les services et \u00e9quipements touristiques municipaux ont \u00e9t\u00e9 adapt\u00e9s aux nouvelles mesures publi\u00e9es par le Minist\u00e8re de l'industrie, du Commerce et du Tourisme visant \u00e0 minimiser les risques de contagion<\/p><\/div><div class=\"vc-incubalia-3-images__image\"><img decoding=\"async\" src=\"https:\/\/www.tortosaturisme.cat\/wp-content\/uploads\/2020\/06\/parque800x600.jpg\" alt=\"\"><p class=\"vc-incubalia-3-images__image-subtitle\">La d\u00e9sinfection quotidienne des espaces publics s'est intensifi\u00e9e<\/p><\/div><div class=\"vc-incubalia-3-images__image\"><img decoding=\"async\" src=\"https:\/\/www.tortosaturisme.cat\/wp-content\/uploads\/2020\/06\/terrasses_800x600.jpg\" alt=\"\"><p class=\"vc-incubalia-3-images__image-subtitle\">L'espace de travail des terrasses des \u00e9tablissements de restauration a \u00e9t\u00e9 agrandi afin d'assurer la distance de s\u00e9curit\u00e9 requise<\/p><\/div><\/div><div class=\"vc-incubalia-text-1-column\"><h2 class=\"vc-incubalia-text-1-column__title\"><span class=\"first-word\">QUE<\/span> DEVEZ-VOUS SAVOIR AVANT DE VENIR?<\/h2><div class=\"vc-incubalia-text-1-column__text\">L&rsquo;<strong>Office de Tourisme<\/strong>, ainsi que les diff\u00e9rents \u00e9quipements touristiques et culturels municipaux, suivent strictement les mesures de contr\u00f4le et de pr\u00e9vention :<\/p><br \/>\n<ul><br \/>\n<li>Capacit\u00e9 limit\u00e9e<\/li><br \/>\n<li>L&rsquo;utilisation de masques est obligatoire pour y acc\u00e9der<\/li><br \/>\n<li>Fournir du gel hydro alcoolique \u00e0 l&rsquo;entr\u00e9e du bureau pour une utilisation avant et apr\u00e8s l&rsquo;acc\u00e8s<\/li><br \/>\n<li>Ils ont marqu\u00e9 l&rsquo;itin\u00e9raire \u00e0 suivre et les distances de s\u00e9curit\u00e9 de deux m\u00e8tres<\/li><br \/>\n<li>Ils ont des codes QR pour emp\u00eacher la distribution de documents papier.<\/li><br \/>\n<\/ul><br \/>\n<p>L\u2019<strong>Office de Tourisme<\/strong>, les <strong>Jardins du Prince<\/strong> et les <strong>Coll\u00e8ges Royaux<\/strong> ouvrent \u00e0 des<strong><a href=\"\/fr\/l-office-de-tourisme\/\"> heures r\u00e9guli\u00e8res<\/a>.<\/strong><\/p><br \/>\n<p>Les <strong>entreprises touristiques<\/strong> qui op\u00e8rent dans la ville suivent les protocoles respectifs publi\u00e9s par \u00ab\u00a0l\u2019Institut per la Qualitat Tur\u00edstica Espanyola (ICTE)\u00a0\u00bb (Institut pour la Qualit\u00e9 du Tourisme Espagnol (ICTE) ).<\/div><\/div><script>\n            (function($) {\n                $(function() {\n                    $(\".vc_col-sm-6\").parent(\".vc_row\").addClass(\"vc_layout_2\");\n                });\n            })(jQuery);\n            <\/script><div class=\"vc-incubalia-text-1-column\"><h2 class=\"vc-incubalia-text-1-column__title\"><span class=\"first-word\">INFORMATIONS<\/span> UTILITAIRES<\/h2><div class=\"vc-incubalia-text-1-column__text\"><\/div><\/div><script>\n            (function($) {\n                $(function() {\n                    $(\".vc_col-sm-6\").parent(\".vc_row\").addClass(\"vc_layout_2\");\n                });\n            })(jQuery);\n            <\/script><div class=\"vc-incubalia-3-images\"><div class=\"vc-incubalia-3-images__image\"><a href=\"\/fr\/restaurants-a-domicili\/\"><img decoding=\"async\" src=\"https:\/\/www.tortosaturisme.cat\/wp-content\/uploads\/2020\/06\/icono_habitatge.jpg\" alt=\"\"><\/a><a href=\"\/fr\/restaurants-a-domicili\/\"><p class=\"vc-incubalia-3-images__image-title\">Restaurants \u00e0 domicile<\/p><\/a><\/div><div class=\"vc-incubalia-3-images__image\"><a href=\"\/fr\/serveis\/\"><img decoding=\"async\" src=\"https:\/\/www.tortosaturisme.cat\/wp-content\/uploads\/2020\/06\/icono_emergencia.jpg\" alt=\"\"><\/a><a href=\"\/fr\/serveis\/\"><p class=\"vc-incubalia-3-images__image-title\">En cas d'urgence<\/p><\/a><\/div><div class=\"vc-incubalia-3-images__image\"><a href=\"http:\/\/www2.tortosa.cat\/public_files\/banners\/a6b95b82cd.pdf\"><img decoding=\"async\" src=\"https:\/\/www.tortosaturisme.cat\/wp-content\/uploads\/2020\/06\/Icono_Directori.jpg\" alt=\"\"><\/a><a href=\"http:\/\/www2.tortosa.cat\/public_files\/banners\/a6b95b82cd.pdf\"><p class=\"vc-incubalia-3-images__image-title\">Annuaire des \u00e9tablissements d'accueil<\/p><\/a><\/div><\/div><div class=\"vc-incubalia-text-1-column\"><h2 class=\"vc-incubalia-text-1-column__title\"><span class=\"first-word\">CONSEILS<\/span> ET MESURES PR\u00c9VENTIVES<\/h2><div class=\"vc-incubalia-text-1-column__text\"><\/p><br \/>\n<ol><br \/>\n<li>Lavez-vous souvent les mains avec du savon et de l&rsquo;eau ou une solution hydro alcoolique<\/li><br \/>\n<li>Dans les espaces publics, l&rsquo;utilisation du masque est obligatoire dans les espaces ouverts et ferm\u00e9s<\/li><br \/>\n<li>Respectez autant que possible la distance de s\u00e9curit\u00e9 de deux m\u00e8tres des autres personnes<\/li><br \/>\n<li>\u00a0Suivez les consignes de s\u00e9curit\u00e9 des \u00e9tablissements que vous visitez<\/li><br \/>\n<li>\u00c9vitez de toucher les \u00e9l\u00e9ments ext\u00e9rieurs tels que le mobilier urbain, les monuments, etc.<\/li><br \/>\n<\/ol><br \/>\n<p><\/div><\/div><script>\n            (function($) {\n                $(function() {\n                    $(\".vc_col-sm-6\").parent(\".vc_row\").addClass(\"vc_layout_2\");\n                });\n            })(jQuery);\n            <\/script>[\/vc_column][\/vc_row]<\/p>\n","protected":false},"excerpt":{"rendered":"<p>[vc_row][vc_column][\/vc_column][\/vc_row]<\/p>\n","protected":false},"author":2,"featured_media":0,"parent":0,"menu_order":0,"comment_status":"closed","ping_status":"closed","template":"","meta":{"footnotes":""},"class_list":["post-14155","page","type-page","status-publish","hentry"],"acf":[],"yoast_head":"<!-- This site is optimized with the Yoast SEO plugin v27.5 - https:\/\/yoast.com\/product\/yoast-seo-wordpress\/ -->\n<title>Tortosa segura, mesures de prevenci\u00f3 del COVID19 | Tortosa Turisme<\/title>\n<meta name=\"description\" content=\"La vostra seguretat \u00e9s una prioritat per a nosaltres. Per aix\u00f2 us facilitem informaci\u00f3 actualitzada sobre el nostre estat actual en relaci\u00f3 el COVID19, les mesures que es prenen per convertir la ciutat en un espai segur i les recomanacions que s&#039;han de seguir per prevenir el contagi.\" \/>\n<meta name=\"robots\" content=\"index, follow, max-snippet:-1, max-image-preview:large, max-video-preview:-1\" \/>\n<link rel=\"canonical\" href=\"https:\/\/www.tortosaturisme.cat\/fr\/tortosa-en-securite\/\" \/>\n<meta property=\"og:locale\" content=\"fr_FR\" \/>\n<meta property=\"og:type\" content=\"article\" \/>\n<meta property=\"og:title\" content=\"Tortosa segura, mesures de prevenci\u00f3 del COVID19 | Tortosa Turisme\" \/>\n<meta property=\"og:description\" content=\"La vostra seguretat \u00e9s una prioritat per a nosaltres. Per aix\u00f2 us facilitem informaci\u00f3 actualitzada sobre el nostre estat actual en relaci\u00f3 el COVID19, les mesures que es prenen per convertir la ciutat en un espai segur i les recomanacions que s&#039;han de seguir per prevenir el contagi.\" \/>\n<meta property=\"og:url\" content=\"https:\/\/www.tortosaturisme.cat\/fr\/tortosa-en-securite\/\" \/>\n<meta property=\"og:site_name\" content=\"tortosaturisme\" \/>\n<meta property=\"article:modified_time\" content=\"2020-09-10T12:37:00+00:00\" \/>\n<meta name=\"twitter:card\" content=\"summary_large_image\" \/>\n<meta name=\"twitter:label1\" content=\"Dur\u00e9e de lecture estim\u00e9e\" \/>\n\t<meta name=\"twitter:data1\" content=\"3 minutes\" \/>\n<script type=\"application\/ld+json\" class=\"yoast-schema-graph\">{\"@context\":\"https:\\\/\\\/schema.org\",\"@graph\":[{\"@type\":\"WebPage\",\"@id\":\"https:\\\/\\\/www.tortosaturisme.cat\\\/fr\\\/tortosa-en-securite\\\/\",\"url\":\"https:\\\/\\\/www.tortosaturisme.cat\\\/fr\\\/tortosa-en-securite\\\/\",\"name\":\"Tortosa segura, mesures de prevenci\u00f3 del COVID19 | Tortosa Turisme\",\"isPartOf\":{\"@id\":\"https:\\\/\\\/www.tortosaturisme.cat\\\/fr\\\/#website\"},\"datePublished\":\"2020-06-04T08:14:33+00:00\",\"dateModified\":\"2020-09-10T12:37:00+00:00\",\"description\":\"La vostra seguretat \u00e9s una prioritat per a nosaltres. Per aix\u00f2 us facilitem informaci\u00f3 actualitzada sobre el nostre estat actual en relaci\u00f3 el COVID19, les mesures que es prenen per convertir la ciutat en un espai segur i les recomanacions que s'han de seguir per prevenir el contagi.\",\"breadcrumb\":{\"@id\":\"https:\\\/\\\/www.tortosaturisme.cat\\\/fr\\\/tortosa-en-securite\\\/#breadcrumb\"},\"inLanguage\":\"fr-FR\",\"potentialAction\":[{\"@type\":\"ReadAction\",\"target\":[\"https:\\\/\\\/www.tortosaturisme.cat\\\/fr\\\/tortosa-en-securite\\\/\"]}]},{\"@type\":\"BreadcrumbList\",\"@id\":\"https:\\\/\\\/www.tortosaturisme.cat\\\/fr\\\/tortosa-en-securite\\\/#breadcrumb\",\"itemListElement\":[{\"@type\":\"ListItem\",\"position\":1,\"name\":\"Home\",\"item\":\"https:\\\/\\\/www.tortosaturisme.cat\\\/fr\\\/home-page\\\/\"},{\"@type\":\"ListItem\",\"position\":2,\"name\":\"Tortosa en securit\u00e9\"}]},{\"@type\":\"WebSite\",\"@id\":\"https:\\\/\\\/www.tortosaturisme.cat\\\/fr\\\/#website\",\"url\":\"https:\\\/\\\/www.tortosaturisme.cat\\\/fr\\\/\",\"name\":\"tortosaturisme\",\"description\":\"Otro sitio realizado con WordPress\",\"potentialAction\":[{\"@type\":\"SearchAction\",\"target\":{\"@type\":\"EntryPoint\",\"urlTemplate\":\"https:\\\/\\\/www.tortosaturisme.cat\\\/fr\\\/?s={search_term_string}\"},\"query-input\":{\"@type\":\"PropertyValueSpecification\",\"valueRequired\":true,\"valueName\":\"search_term_string\"}}],\"inLanguage\":\"fr-FR\"}]}<\/script>\n<!-- \/ Yoast SEO plugin. -->","yoast_head_json":{"title":"Tortosa segura, mesures de prevenci\u00f3 del COVID19 | Tortosa Turisme","description":"La vostra seguretat \u00e9s una prioritat per a nosaltres. Per aix\u00f2 us facilitem informaci\u00f3 actualitzada sobre el nostre estat actual en relaci\u00f3 el COVID19, les mesures que es prenen per convertir la ciutat en un espai segur i les recomanacions que s'han de seguir per prevenir el contagi.","robots":{"index":"index","follow":"follow","max-snippet":"max-snippet:-1","max-image-preview":"max-image-preview:large","max-video-preview":"max-video-preview:-1"},"canonical":"https:\/\/www.tortosaturisme.cat\/fr\/tortosa-en-securite\/","og_locale":"fr_FR","og_type":"article","og_title":"Tortosa segura, mesures de prevenci\u00f3 del COVID19 | Tortosa Turisme","og_description":"La vostra seguretat \u00e9s una prioritat per a nosaltres. Per aix\u00f2 us facilitem informaci\u00f3 actualitzada sobre el nostre estat actual en relaci\u00f3 el COVID19, les mesures que es prenen per convertir la ciutat en un espai segur i les recomanacions que s'han de seguir per prevenir el contagi.","og_url":"https:\/\/www.tortosaturisme.cat\/fr\/tortosa-en-securite\/","og_site_name":"tortosaturisme","article_modified_time":"2020-09-10T12:37:00+00:00","twitter_card":"summary_large_image","twitter_misc":{"Dur\u00e9e de lecture estim\u00e9e":"3 minutes"},"schema":{"@context":"https:\/\/schema.org","@graph":[{"@type":"WebPage","@id":"https:\/\/www.tortosaturisme.cat\/fr\/tortosa-en-securite\/","url":"https:\/\/www.tortosaturisme.cat\/fr\/tortosa-en-securite\/","name":"Tortosa segura, mesures de prevenci\u00f3 del COVID19 | Tortosa Turisme","isPartOf":{"@id":"https:\/\/www.tortosaturisme.cat\/fr\/#website"},"datePublished":"2020-06-04T08:14:33+00:00","dateModified":"2020-09-10T12:37:00+00:00","description":"La vostra seguretat \u00e9s una prioritat per a nosaltres. Per aix\u00f2 us facilitem informaci\u00f3 actualitzada sobre el nostre estat actual en relaci\u00f3 el COVID19, les mesures que es prenen per convertir la ciutat en un espai segur i les recomanacions que s'han de seguir per prevenir el contagi.","breadcrumb":{"@id":"https:\/\/www.tortosaturisme.cat\/fr\/tortosa-en-securite\/#breadcrumb"},"inLanguage":"fr-FR","potentialAction":[{"@type":"ReadAction","target":["https:\/\/www.tortosaturisme.cat\/fr\/tortosa-en-securite\/"]}]},{"@type":"BreadcrumbList","@id":"https:\/\/www.tortosaturisme.cat\/fr\/tortosa-en-securite\/#breadcrumb","itemListElement":[{"@type":"ListItem","position":1,"name":"Home","item":"https:\/\/www.tortosaturisme.cat\/fr\/home-page\/"},{"@type":"ListItem","position":2,"name":"Tortosa en securit\u00e9"}]},{"@type":"WebSite","@id":"https:\/\/www.tortosaturisme.cat\/fr\/#website","url":"https:\/\/www.tortosaturisme.cat\/fr\/","name":"tortosaturisme","description":"Otro sitio realizado con WordPress","potentialAction":[{"@type":"SearchAction","target":{"@type":"EntryPoint","urlTemplate":"https:\/\/www.tortosaturisme.cat\/fr\/?s={search_term_string}"},"query-input":{"@type":"PropertyValueSpecification","valueRequired":true,"valueName":"search_term_string"}}],"inLanguage":"fr-FR"}]}},"_links":{"self":[{"href":"https:\/\/www.tortosaturisme.cat\/fr\/wp-json\/wp\/v2\/pages\/14155","targetHints":{"allow":["GET"]}}],"collection":[{"href":"https:\/\/www.tortosaturisme.cat\/fr\/wp-json\/wp\/v2\/pages"}],"about":[{"href":"https:\/\/www.tortosaturisme.cat\/fr\/wp-json\/wp\/v2\/types\/page"}],"author":[{"embeddable":true,"href":"https:\/\/www.tortosaturisme.cat\/fr\/wp-json\/wp\/v2\/users\/2"}],"replies":[{"embeddable":true,"href":"https:\/\/www.tortosaturisme.cat\/fr\/wp-json\/wp\/v2\/comments?post=14155"}],"version-history":[{"count":18,"href":"https:\/\/www.tortosaturisme.cat\/fr\/wp-json\/wp\/v2\/pages\/14155\/revisions"}],"predecessor-version":[{"id":15762,"href":"https:\/\/www.tortosaturisme.cat\/fr\/wp-json\/wp\/v2\/pages\/14155\/revisions\/15762"}],"wp:attachment":[{"href":"https:\/\/www.tortosaturisme.cat\/fr\/wp-json\/wp\/v2\/media?parent=14155"}],"curies":[{"name":"wp","href":"https:\/\/api.w.org\/{rel}","templated":true}]}}