{"id":14590,"date":"2020-06-18T06:35:18","date_gmt":"2020-06-18T06:35:18","guid":{"rendered":"https:\/\/www.tortosaturisme.cat\/fr\/els-ports-muntanya-en-familia\/"},"modified":"2020-09-01T15:12:13","modified_gmt":"2020-09-01T15:12:13","slug":"els-ports-montagne-en-famille","status":"publish","type":"page","link":"https:\/\/www.tortosaturisme.cat\/fr\/els-ports-montagne-en-famille\/","title":{"rendered":"Els Ports montagne en famille"},"content":{"rendered":"<p>[vc_row][vc_column]<div class=\"vc-incubalia-big-header\"><h1 class=\"vc-incubalia-big-header__title\">Nature et Montagne en famille<\/h1><img decoding=\"async\" class=\"vc-incubalia-big-header__mobile-picture\" src=\"https:\/\/www.tortosaturisme.cat\/wp-content\/uploads\/2020\/07\/Muntanya_Fam\u00edlia_OK_768x450.jpg\">\n                  <img decoding=\"async\" class=\"vc-incubalia-big-header__desktop-picture\" src=\"https:\/\/www.tortosaturisme.cat\/wp-content\/uploads\/2020\/07\/Muntanya_Fam\u00edlia_OK_1920x700.jpg\"><\/div>[\/vc_column][\/vc_row][vc_row][vc_column]<div class=\"vc-incubalia-text-1-column-subtitle\"><h3 class=\"vc-incubalia-text-1-column-subtitle__subtitle\">Le Parc Naturel des Ports, un lieu exceptionnel pour profiter de la nature<\/h3><div class=\"vc-incubalia-text-1-column-subtitle__text\">Tortosa est situ\u00e9e au pied d&rsquo;Els Ports, dont la <strong>silhouette caract\u00e9ristique<\/strong> figure dans de nombreuses images de la ville. Lieu tr\u00e8s appr\u00e9ci\u00e9 de tous les citoyens, le massif d&rsquo;Els Ports est un espace de grand int\u00e9r\u00eat naturel d\u00e9clar\u00e9 R\u00e9serve de Biosph\u00e8re par l&rsquo;UNESCO. Une partie de ce massif est le <strong>Parc Naturel des Ports<\/strong>, qui comprend 861 hectares de <strong>r\u00e9serves naturelles<\/strong> et 205 hectares de refuge <strong>faunique<\/strong>.<\/p><br \/>\n<p>Les possibilit\u00e9s offertes par le Parc Naturel d&rsquo;Els Ports sont infinies, mais toujours li\u00e9es aux concepts de milieu naturel, de <strong>bien-\u00eatre familial<\/strong> et de tourisme actif. Le parc propose des exp\u00e9riences non quantifiables pour les plus audacieux, mais aussi surtout pour ceux qui veulent passer un week-end en<strong> pleine nature<\/strong> pour respirer l&rsquo;air frais et se ressourcer en profitant d&rsquo;un moment tr\u00e8s sp\u00e9cial avec toute la famille. C&rsquo;est un cadre s\u00fbr, calme et paisible au bord de Tortosa pour des<strong> activit\u00e9s de plein air<\/strong> au rythme souhait\u00e9.<\/div><\/div><div class=\"vc-incubalia-video-full-width\"><img decoding=\"async\" class=\"vc-incubalia-video-full-width__image-mobile\" src=\"https:\/\/www.tortosaturisme.cat\/wp-content\/uploads\/2020\/06\/ports_ruta_768x350.jpg\"><img decoding=\"async\" class=\"vc-incubalia-video-full-width__image-desktop\" src=\"https:\/\/www.tortosaturisme.cat\/wp-content\/uploads\/2020\/06\/ports_ruta_1920x550.jpg\"><div id=\"b14ec5dfcc\" class=\"vc-incubalia-video-full-width__play-button\"><img decoding=\"async\" class=\"play-button\" src=\"https:\/\/www.tortosaturisme.cat\/wp-content\/plugins\/vc-incubalia-elements\/elements\/..\/assets\/img\/video-play.png\"><\/div><div class=\"vc-incubalia-video-full-width__youtube-iframe\"><iframe loading=\"lazy\" width=\"560\" height=\"315\" src=\"https:\/\/www.youtube.com\/embed\/Wji3fSXxM_M\" frameborder=\"0\" allowfullscreen><\/iframe><\/div><\/div><script>(function($) {\n                $(function() {\n                    $('#b14ec5dfcc').on('click', function() {\n                        $(this).parent().parent().find('.vc-incubalia-video-full-width').addClass('play');\n                        \/\/$(this).parent().parent().find('.vc-incubalia-video-full-width__youtube-iframe iframe').attr('src', $('.vc-incubalia-video-full-width__youtube-iframe iframe').attr('src') + '?autoplay=1');\n                    });\n                });\n\n                $(window).load(function() {\n                    height = $('.vc-incubalia-video-full-width').height();\n                    setYoutubeIframeDimensions();\n                });\n\n                $(window).resize(function() {\n                    setYoutubeIframeDimensions();\n                });\n\n                function setYoutubeIframeDimensions()\n                {\n                    if ($('.vc-incubalia-video-full-width').height() > 0) {\n                        height = $('.vc-incubalia-video-full-width').height();\n                    }\n                    $('.vc-incubalia-video-full-width__youtube-iframe iframe').attr('height', height);\n                    let width = height * 16 \/ 9;\n                    $('.vc-incubalia-video-full-width__youtube-iframe iframe').attr('width', width);\n                }\n            })(jQuery)<\/script><div class=\"vc-incubalia-text-1-column-subtitle\"><h2 class=\"vc-incubalia-text-1-column-subtitle__title\">Une escapade id\u00e9ale pour les familles<\/h2><div class=\"vc-incubalia-text-1-column-subtitle__text\">Els Ports dispose du tampon familial <strong>Nature et Montagne<\/strong>, distinction de sp\u00e9cialisation accord\u00e9e par l&rsquo;Agence Catalane de Tourisme garantissant qu&rsquo;ils proposent certains services et \u00e9quipements adapt\u00e9s aux <strong>besoins des familles<\/strong> avec enfants.<\/p><br \/>\n<p>Aussi, le Parc permet des <strong>excursions<\/strong> tranquilles avec les plus petits \u00e0 travers des paysages naturels spectaculaires et de d\u00e9couvrir les villages charg\u00e9s d&rsquo;histoire autour d&rsquo;Els Ports. Il y a aussi la possibilit\u00e9 de visiter la for\u00eat de h\u00eatres la plus m\u00e9ridionale d&rsquo;Europe, de prendre des v\u00e9los et d&rsquo;explorer les paysages de la Terra Alta, entre autres choses. Avec plus de 80 km de sentiers balis\u00e9s, toute la famille trouvera des <strong>activit\u00e9s \u00e0 d\u00e9couvrir<\/strong> et \u00e0 pratiquer telles que la randonn\u00e9e, le v\u00e9lo, le canyoning ou les jeux d&rsquo;enfants en plein air.<\/p><br \/>\n<p>L&rsquo;une des meilleures fa\u00e7ons de commencer \u00e0 d\u00e9couvrir ce Parc Naturel est de visiter les c<strong>entres d&rsquo;interpr\u00e9tation et d&rsquo;information<\/strong> sur tout le territoire, tels que Roquetes ou Prat de Comte, pour planifier et personnaliser votre s\u00e9jour et o\u00f9 vous pourrez \u00e9galement visiter les expositions th\u00e9matiques qui interpr\u00e8tent le patrimoine naturel, architectural, ethnologique et paysager d&rsquo;Els Ports.<\/div><\/div>[\/vc_column][\/vc_row][vc_row][vc_column]<div class=\"vc-incubalia-4-images\"><div class=\"vc-incubalia-4-images__image has-url\"\"><a href=\"\/fr\/experiencia\/experience-de-banditisme-emotions-de-la-terre\/\"><img decoding=\"async\" src=\"https:\/\/www.tortosaturisme.cat\/wp-content\/uploads\/2020\/06\/bandoler_900x400.jpg\" alt=\"\"><\/a><div class=\"vc-incubalia-4-images__image-text-container\"><p class=\"vc-incubalia-4-images__image-title\">Exp\u00e9rience de banditisme<\/p><p class=\"vc-incubalia-4-images__image-subtitle\">Vivez une aventure inoubliable en famille<\/p><\/div><div class=\"vc-incubalia-4-images__image-url-container\"><span class=\"vc-incubalia-4-images__image-url\">Lire la suite<\/span><\/div><\/div><div class=\"vc-incubalia-4-images__image has-url\"\"><a href=\"\/fr\/experiencia\/via-verda-via-blava\/\"><img decoding=\"async\" src=\"https:\/\/www.tortosaturisme.cat\/wp-content\/uploads\/2017\/10\/b-2-cicloturisme-900x400.jpg\" alt=\"\"><\/a><div class=\"vc-incubalia-4-images__image-text-container\"><p class=\"vc-incubalia-4-images__image-title\">Voie Verte et Voie Bleue<\/p><p class=\"vc-incubalia-4-images__image-subtitle\">Profitez de notre terre \u00e0 v\u00e9lo et en bateau<\/p><\/div><div class=\"vc-incubalia-4-images__image-url-container\"><span class=\"vc-incubalia-4-images__image-url\">Lire la suite<\/span><\/div><\/div><div class=\"vc-incubalia-4-images__image has-url\"\"><a href=\"\/fr\/experiencia\/rutes-a-cavall-poni-o-remolc\/\"><img decoding=\"async\" src=\"https:\/\/www.tortosaturisme.cat\/wp-content\/uploads\/2020\/06\/hipica_familia_900x400.jpg\" alt=\"\"><\/a><div class=\"vc-incubalia-4-images__image-text-container\"><p class=\"vc-incubalia-4-images__image-title\">\u00c9quitation dans les Ports<\/p><p class=\"vc-incubalia-4-images__image-subtitle\">Nature et divertissement dans la m\u00eame activit\u00e9<\/p><\/div><div class=\"vc-incubalia-4-images__image-url-container\"><span class=\"vc-incubalia-4-images__image-url\">Lire la suite<\/span><\/div><\/div><div class=\"vc-incubalia-4-images__image has-url\"\"><a href=\"\/fr\/experiencia\/aventura-4x4-mont-caro-i-cova-cambra\/\"><img decoding=\"async\" src=\"https:\/\/www.tortosaturisme.cat\/wp-content\/uploads\/2020\/06\/4x4_1280x460-900x400.jpg\" alt=\"\"><\/a><div class=\"vc-incubalia-4-images__image-text-container\"><p class=\"vc-incubalia-4-images__image-title\">MONT CARO EN 4x4<\/p><p class=\"vc-incubalia-4-images__image-subtitle\">D\u00e9couvrez les vues sur le Delta de l'Ebre d'en haut<\/p><\/div><div class=\"vc-incubalia-4-images__image-url-container\"><span class=\"vc-incubalia-4-images__image-url\">Lire la suite<\/span><\/div><\/div><\/div><div class=\"clearfix\"><\/div><div class=\"vc-incubalia-slider-full\"><div class=\"vc-incubalia-slider-full__slide\">\n                <img decoding=\"async\" class=\"vc-incubalia-slider-full__mobile-picture\" src=\"https:\/\/www.tortosaturisme.cat\/wp-content\/uploads\/2020\/06\/ESPAIS-INTERES-768x500.jpg\">\n                                <img class=\"vc-incubalia-slider-full__desktop-picture\" data-img-src=\"https:\/\/www.tortosaturisme.cat\/wp-content\/uploads\/2020\/06\/ESPAIS-INTERES-1920X600-1920x600.jpg\">\n                                <div class=\"vc-incubalia-slider-full__slide-text-container\">\n                                    <div class=\"vc-incubalia-slider-full__slide-text\">\n                                        <h3 class=\"vc-incubalia-slider-full__slide-title\">ESPACES D'INT\u00c9R\u00caT<\/h3>          <\/div>\n                                <\/div>\n                            <\/div><\/div><script>\n        if (typeof incubaliaSliderFullOneTime == \"undefined\") {\n            var incubaliaSliderFullOneTime = true;\n            (function($) {\n\n                $(function() {\n                    if ($(window).width() > 768) {\n                        $(\"[class^=vc-incubalia-slider-full]\").each(\n                            function() {\n                                $(this).attr(\"src\", $(this).data(\"img-src\"))\n                            }\n                        );\n                    } else {\n                        $(window).resize(function() {\n                            if ($(window).width() > 768) {\n                                $(\"[class^=vc-incubalia-slider-full]\").each(\n                                    function() {\n                                        $(this).attr(\"src\", $(this).data(\"img-src\"))\n                                    }\n                                );\n                            }\n                        });\n                    }\n\n                    $(\".vc-incubalia-slider-full\").each(function() {\n                        if ($(this).find(\".vc-incubalia-slider-full__slide\").length > 1) {\n                            $(this).slick({autoplay: true, autoplaySpeed: 3000});\n                        }\n                    });\n                });\n\n            })(jQuery);\n        }\n            <\/script><div class=\"vc-incubalia-6-pills\"><h2 class=\"vc-incubalia-6-pills__title\"><\/h2><div class=\"vc-incubalia-6-pills__pill\"><a class=\"vc-incubalia-6-pills__pill-url\" href=\"\/fr\/lugar\/els-ports-de-tortosa-beseit\/\"><p class=\"vc-incubalia-6-pills__pill-title\">Parc Naturel des Ports<\/p><p class=\"vc-incubalia-6-pills__pill-subtitle\">Informations pratiques<\/p><\/a><\/div><div class=\"vc-incubalia-6-pills__pill\"><a class=\"vc-incubalia-6-pills__pill-url\" href=\"\/fr\/lugar\/les-gubies-dulldemo-o-del-regatxol\/\"><p class=\"vc-incubalia-6-pills__pill-title\">Les G\u00fabies d\u2019Ulldem\u00f3<\/p><p class=\"vc-incubalia-6-pills__pill-subtitle\">Le tr\u00e9sor du Parc Naturel<\/p><\/a><\/div><div class=\"vc-incubalia-6-pills__pill\"><a class=\"vc-incubalia-6-pills__pill-url\" href=\"\/fr\/lugar\/area-recreativa-de-la-cova-avellanes\/\"><p class=\"vc-incubalia-6-pills__pill-title\">Area de loisirs de Cova Avellanes<\/p><p class=\"vc-incubalia-6-pills__pill-subtitle\">Au coeur des Ports<\/p><\/a><\/div><div class=\"vc-incubalia-6-pills__pill\"><a class=\"vc-incubalia-6-pills__pill-url\" href=\"\/fr\/lugar\/area-de-loisirs-de-la-font-nova\/\"><p class=\"vc-incubalia-6-pills__pill-title\">\u00c1rea de loisirs de la Font Nova<\/p><p class=\"vc-incubalia-6-pills__pill-subtitle\">Le d\u00e9but de diff\u00e9rents itin\u00e9raires \u00e0 pied<\/p><\/a><\/div><div class=\"vc-incubalia-6-pills__pill\"><a class=\"vc-incubalia-6-pills__pill-url\" href=\"\/fr\/lugar\/area-de-loisirs-du-toscar\/\"><p class=\"vc-incubalia-6-pills__pill-title\">Area de loisirs du Toscar<\/p><p class=\"vc-incubalia-6-pills__pill-subtitle\">O\u00f9 l'eau jaillit<\/p><\/a><\/div><div class=\"vc-incubalia-6-pills__pill\"><a class=\"vc-incubalia-6-pills__pill-url\" href=\"\/fr\/lugar\/zone-de-loisirs-de-lermitage-de-saint-roc\/\"><p class=\"vc-incubalia-6-pills__pill-title\">\u00c1rea de loisirs de Saint Roc<\/p><p class=\"vc-incubalia-6-pills__pill-subtitle\">\u00c0 c\u00f4t\u00e9 de l'ermitage de Saint Roc<\/p><\/a><\/div><\/div><div class=\"vc-incubalia-3-images\"><h2 class=\"vc-incubalia-3-images__title\">ON VOUS RECOMMANDE<\/h2><div class=\"vc-incubalia-3-images__image\"><a href=\"\/restaurants-per-menjar-en-familia\/ \"><img decoding=\"async\" src=\"https:\/\/www.tortosaturisme.cat\/wp-content\/uploads\/2020\/06\/restaurants_certificats_800x600.jpg\" alt=\"\"><\/a><a href=\"\/restaurants-per-menjar-en-familia\/ \"><p class=\"vc-incubalia-3-images__image-title\">Restaurants certifi\u00e9s<\/p><\/a><p class=\"vc-incubalia-3-images__image-subtitle\">Tampon famille Tourisme et Montagne<\/p><\/div><div class=\"vc-incubalia-3-images__image\"><a href=\"\/fr\/cicloturisme-en-familia\/\"><img decoding=\"async\" src=\"https:\/\/www.tortosaturisme.cat\/wp-content\/uploads\/2019\/06\/Cicloturisme-descarregues-b-guia-ccbe-800x600.jpg\" alt=\"\"><\/a><a href=\"\/fr\/cicloturisme-en-familia\/\"><p class=\"vc-incubalia-3-images__image-title\">Cyclotourisme en famille<\/p><\/a><p class=\"vc-incubalia-3-images__image-subtitle\">Une autre fa\u00e7on de conna\u00eetre le territoire<\/p><\/div><div class=\"vc-incubalia-3-images__image\"><a href=\"\/fr\/telecharger\/\"><img decoding=\"async\" src=\"https:\/\/www.tortosaturisme.cat\/wp-content\/uploads\/2019\/06\/Cicloturisme-descarregues-b-mapa-ccbe-800x600.jpg\" alt=\"\"><\/a><a href=\"\/fr\/telecharger\/\"><p class=\"vc-incubalia-3-images__image-title\">Itin\u00e9raires papier<\/p><\/a><p class=\"vc-incubalia-3-images__image-subtitle\">T\u00e9l\u00e9chargez le mat\u00e9riel \u00e9dit\u00e9<\/p><\/div><\/div>[\/vc_column][\/vc_row]<\/p>\n","protected":false},"excerpt":{"rendered":"<p>[vc_row][vc_column][\/vc_column][\/vc_row][vc_row][vc_column][\/vc_column][\/vc_row][vc_row][vc_column][\/vc_column][\/vc_row]<\/p>\n","protected":false},"author":2,"featured_media":0,"parent":0,"menu_order":0,"comment_status":"closed","ping_status":"closed","template":"","meta":{"footnotes":""},"class_list":["post-14590","page","type-page","status-publish","hentry"],"acf":[],"yoast_head":"<!-- This site is optimized with the Yoast SEO plugin v27.4 - https:\/\/yoast.com\/product\/yoast-seo-wordpress\/ -->\n<title>Tourisme Familial dans le Parc Naturel des Ports | Tortosa Turisme<\/title>\n<meta name=\"description\" content=\"Els Ports, \u00e0 quelques minutes de Tortosa, dispose du tampon familial Nature et Montagne, distinction de sp\u00e9cialisation accord\u00e9e par l&#039;Agence Catalane de Tourisme garantissant qu&#039;ils proposent certains services et \u00e9quipements adapt\u00e9s aux besoins des familles avec enfants pour assurer un s\u00e9jour de qualit\u00e9.\" \/>\n<meta name=\"robots\" content=\"index, follow, max-snippet:-1, max-image-preview:large, max-video-preview:-1\" \/>\n<link rel=\"canonical\" href=\"https:\/\/www.tortosaturisme.cat\/fr\/els-ports-montagne-en-famille\/\" \/>\n<meta property=\"og:locale\" content=\"fr_FR\" \/>\n<meta property=\"og:type\" content=\"article\" \/>\n<meta property=\"og:title\" content=\"Tourisme Familial dans le Parc Naturel des Ports | Tortosa Turisme\" \/>\n<meta property=\"og:description\" content=\"Els Ports, \u00e0 quelques minutes de Tortosa, dispose du tampon familial Nature et Montagne, distinction de sp\u00e9cialisation accord\u00e9e par l&#039;Agence Catalane de Tourisme garantissant qu&#039;ils proposent certains services et \u00e9quipements adapt\u00e9s aux besoins des familles avec enfants pour assurer un s\u00e9jour de qualit\u00e9.\" \/>\n<meta property=\"og:url\" content=\"https:\/\/www.tortosaturisme.cat\/fr\/els-ports-montagne-en-famille\/\" \/>\n<meta property=\"og:site_name\" content=\"tortosaturisme\" \/>\n<meta property=\"article:modified_time\" content=\"2020-09-01T15:12:13+00:00\" \/>\n<meta name=\"twitter:card\" content=\"summary_large_image\" \/>\n<meta name=\"twitter:label1\" content=\"Dur\u00e9e de lecture estim\u00e9e\" \/>\n\t<meta name=\"twitter:data1\" content=\"4 minutes\" \/>\n<script type=\"application\/ld+json\" class=\"yoast-schema-graph\">{\"@context\":\"https:\\\/\\\/schema.org\",\"@graph\":[{\"@type\":\"WebPage\",\"@id\":\"https:\\\/\\\/www.tortosaturisme.cat\\\/fr\\\/els-ports-montagne-en-famille\\\/\",\"url\":\"https:\\\/\\\/www.tortosaturisme.cat\\\/fr\\\/els-ports-montagne-en-famille\\\/\",\"name\":\"Tourisme Familial dans le Parc Naturel des Ports | Tortosa Turisme\",\"isPartOf\":{\"@id\":\"https:\\\/\\\/www.tortosaturisme.cat\\\/fr\\\/#website\"},\"datePublished\":\"2020-06-18T06:35:18+00:00\",\"dateModified\":\"2020-09-01T15:12:13+00:00\",\"description\":\"Els Ports, \u00e0 quelques minutes de Tortosa, dispose du tampon familial Nature et Montagne, distinction de sp\u00e9cialisation accord\u00e9e par l'Agence Catalane de Tourisme garantissant qu'ils proposent certains services et \u00e9quipements adapt\u00e9s aux besoins des familles avec enfants pour assurer un s\u00e9jour de qualit\u00e9.\",\"breadcrumb\":{\"@id\":\"https:\\\/\\\/www.tortosaturisme.cat\\\/fr\\\/els-ports-montagne-en-famille\\\/#breadcrumb\"},\"inLanguage\":\"fr-FR\",\"potentialAction\":[{\"@type\":\"ReadAction\",\"target\":[\"https:\\\/\\\/www.tortosaturisme.cat\\\/fr\\\/els-ports-montagne-en-famille\\\/\"]}]},{\"@type\":\"BreadcrumbList\",\"@id\":\"https:\\\/\\\/www.tortosaturisme.cat\\\/fr\\\/els-ports-montagne-en-famille\\\/#breadcrumb\",\"itemListElement\":[{\"@type\":\"ListItem\",\"position\":1,\"name\":\"Home\",\"item\":\"https:\\\/\\\/www.tortosaturisme.cat\\\/fr\\\/home-page\\\/\"},{\"@type\":\"ListItem\",\"position\":2,\"name\":\"Els Ports montagne en famille\"}]},{\"@type\":\"WebSite\",\"@id\":\"https:\\\/\\\/www.tortosaturisme.cat\\\/fr\\\/#website\",\"url\":\"https:\\\/\\\/www.tortosaturisme.cat\\\/fr\\\/\",\"name\":\"tortosaturisme\",\"description\":\"Otro sitio realizado con WordPress\",\"potentialAction\":[{\"@type\":\"SearchAction\",\"target\":{\"@type\":\"EntryPoint\",\"urlTemplate\":\"https:\\\/\\\/www.tortosaturisme.cat\\\/fr\\\/?s={search_term_string}\"},\"query-input\":{\"@type\":\"PropertyValueSpecification\",\"valueRequired\":true,\"valueName\":\"search_term_string\"}}],\"inLanguage\":\"fr-FR\"}]}<\/script>\n<!-- \/ Yoast SEO plugin. -->","yoast_head_json":{"title":"Tourisme Familial dans le Parc Naturel des Ports | Tortosa Turisme","description":"Els Ports, \u00e0 quelques minutes de Tortosa, dispose du tampon familial Nature et Montagne, distinction de sp\u00e9cialisation accord\u00e9e par l'Agence Catalane de Tourisme garantissant qu'ils proposent certains services et \u00e9quipements adapt\u00e9s aux besoins des familles avec enfants pour assurer un s\u00e9jour de qualit\u00e9.","robots":{"index":"index","follow":"follow","max-snippet":"max-snippet:-1","max-image-preview":"max-image-preview:large","max-video-preview":"max-video-preview:-1"},"canonical":"https:\/\/www.tortosaturisme.cat\/fr\/els-ports-montagne-en-famille\/","og_locale":"fr_FR","og_type":"article","og_title":"Tourisme Familial dans le Parc Naturel des Ports | Tortosa Turisme","og_description":"Els Ports, \u00e0 quelques minutes de Tortosa, dispose du tampon familial Nature et Montagne, distinction de sp\u00e9cialisation accord\u00e9e par l'Agence Catalane de Tourisme garantissant qu'ils proposent certains services et \u00e9quipements adapt\u00e9s aux besoins des familles avec enfants pour assurer un s\u00e9jour de qualit\u00e9.","og_url":"https:\/\/www.tortosaturisme.cat\/fr\/els-ports-montagne-en-famille\/","og_site_name":"tortosaturisme","article_modified_time":"2020-09-01T15:12:13+00:00","twitter_card":"summary_large_image","twitter_misc":{"Dur\u00e9e de lecture estim\u00e9e":"4 minutes"},"schema":{"@context":"https:\/\/schema.org","@graph":[{"@type":"WebPage","@id":"https:\/\/www.tortosaturisme.cat\/fr\/els-ports-montagne-en-famille\/","url":"https:\/\/www.tortosaturisme.cat\/fr\/els-ports-montagne-en-famille\/","name":"Tourisme Familial dans le Parc Naturel des Ports | Tortosa Turisme","isPartOf":{"@id":"https:\/\/www.tortosaturisme.cat\/fr\/#website"},"datePublished":"2020-06-18T06:35:18+00:00","dateModified":"2020-09-01T15:12:13+00:00","description":"Els Ports, \u00e0 quelques minutes de Tortosa, dispose du tampon familial Nature et Montagne, distinction de sp\u00e9cialisation accord\u00e9e par l'Agence Catalane de Tourisme garantissant qu'ils proposent certains services et \u00e9quipements adapt\u00e9s aux besoins des familles avec enfants pour assurer un s\u00e9jour de qualit\u00e9.","breadcrumb":{"@id":"https:\/\/www.tortosaturisme.cat\/fr\/els-ports-montagne-en-famille\/#breadcrumb"},"inLanguage":"fr-FR","potentialAction":[{"@type":"ReadAction","target":["https:\/\/www.tortosaturisme.cat\/fr\/els-ports-montagne-en-famille\/"]}]},{"@type":"BreadcrumbList","@id":"https:\/\/www.tortosaturisme.cat\/fr\/els-ports-montagne-en-famille\/#breadcrumb","itemListElement":[{"@type":"ListItem","position":1,"name":"Home","item":"https:\/\/www.tortosaturisme.cat\/fr\/home-page\/"},{"@type":"ListItem","position":2,"name":"Els Ports montagne en famille"}]},{"@type":"WebSite","@id":"https:\/\/www.tortosaturisme.cat\/fr\/#website","url":"https:\/\/www.tortosaturisme.cat\/fr\/","name":"tortosaturisme","description":"Otro sitio realizado con WordPress","potentialAction":[{"@type":"SearchAction","target":{"@type":"EntryPoint","urlTemplate":"https:\/\/www.tortosaturisme.cat\/fr\/?s={search_term_string}"},"query-input":{"@type":"PropertyValueSpecification","valueRequired":true,"valueName":"search_term_string"}}],"inLanguage":"fr-FR"}]}},"_links":{"self":[{"href":"https:\/\/www.tortosaturisme.cat\/fr\/wp-json\/wp\/v2\/pages\/14590","targetHints":{"allow":["GET"]}}],"collection":[{"href":"https:\/\/www.tortosaturisme.cat\/fr\/wp-json\/wp\/v2\/pages"}],"about":[{"href":"https:\/\/www.tortosaturisme.cat\/fr\/wp-json\/wp\/v2\/types\/page"}],"author":[{"embeddable":true,"href":"https:\/\/www.tortosaturisme.cat\/fr\/wp-json\/wp\/v2\/users\/2"}],"replies":[{"embeddable":true,"href":"https:\/\/www.tortosaturisme.cat\/fr\/wp-json\/wp\/v2\/comments?post=14590"}],"version-history":[{"count":6,"href":"https:\/\/www.tortosaturisme.cat\/fr\/wp-json\/wp\/v2\/pages\/14590\/revisions"}],"predecessor-version":[{"id":15750,"href":"https:\/\/www.tortosaturisme.cat\/fr\/wp-json\/wp\/v2\/pages\/14590\/revisions\/15750"}],"wp:attachment":[{"href":"https:\/\/www.tortosaturisme.cat\/fr\/wp-json\/wp\/v2\/media?parent=14590"}],"curies":[{"name":"wp","href":"https:\/\/api.w.org\/{rel}","templated":true}]}}