{"id":15343,"date":"2020-07-14T08:33:04","date_gmt":"2020-07-14T08:33:04","guid":{"rendered":"https:\/\/www.tortosaturisme.cat\/fr\/rutes-btt\/"},"modified":"2021-05-25T15:24:31","modified_gmt":"2021-05-25T15:24:31","slug":"parcours-pour-vtt","status":"publish","type":"page","link":"https:\/\/www.tortosaturisme.cat\/fr\/parcours-pour-vtt\/","title":{"rendered":"Parcours pour le VTT depuis Tortosa"},"content":{"rendered":"<p>[vc_row][vc_column]<div class=\"vc-incubalia-big-header\"><h1 class=\"vc-incubalia-big-header__title\">parcours pour le VTT depuis Tortosa<\/h1><img decoding=\"async\" class=\"vc-incubalia-big-header__mobile-picture\" src=\"https:\/\/www.tortosaturisme.cat\/wp-content\/uploads\/2020\/07\/Rutes-BTT-OK-768x450.jpg\">\n                  <img decoding=\"async\" class=\"vc-incubalia-big-header__desktop-picture\" src=\"https:\/\/www.tortosaturisme.cat\/wp-content\/uploads\/2020\/07\/Rutes-BTT-OK-1920x700.jpg\"><\/div>[\/vc_column][\/vc_row][vc_row][vc_column]<div class=\"vc-incubalia-text-1-column-subtitle\"><h3 class=\"vc-incubalia-text-1-column-subtitle__subtitle\">Paysages authentiques, mont\u00e9es et descentes intenses sur des sentiers sauvages pour les vrais amateurs de VTT<\/h3><div class=\"vc-incubalia-text-1-column-subtitle__text\">Les alentours de Tortosa c\u2019est un grand ensemble de <strong>sentier, chemin, et ravin<\/strong> qui feront les d\u00e9lices des amoureux du VTT. Le <strong>Parc Naturel \u201cEls Ports\u201d<\/strong> lui-m\u00eame offre des milliers de possibilit\u00e9s avec des mont\u00e9es caillouteuses et des virages sinueux pour ceux qui osent les longues distances et des d\u00e9nivelles abrupts.<\/p><br \/>\n<p>Un circuit de VTT vous fera monter jusqu\u2019au petit sanctuaire de<strong> Mig Cam\u00ed<\/strong> o\u00f9 le circuit continuera de monter jusqu\u2019au deuxi\u00e8me sanctuaire du<strong> Coll de l\u2019Alba<\/strong> o\u00f9 nous pourrons profiter de vues incroyables sur la vall\u00e9e de l\u2019Ebre et du Delta. Si votre id\u00e9e est d\u2019avoir les m\u00e9andres l\u2019Ebre aupr\u00e8s de vous, nous parcourons le chemin naturel de l\u2019Ebre ou le chemin de Sirga jusqu\u2019\u00e0 la m\u00eame embouchure du fleuve.<\/div><\/div><div class=\"vc-incubalia-video-full-width\"><img decoding=\"async\" class=\"vc-incubalia-video-full-width__image-mobile\" src=\"https:\/\/www.tortosaturisme.cat\/wp-content\/uploads\/2020\/07\/pujada-al-caro-mb-780x350-768x350.jpg\"><img decoding=\"async\" class=\"vc-incubalia-video-full-width__image-desktop\" src=\"https:\/\/www.tortosaturisme.cat\/wp-content\/uploads\/2020\/07\/pujada-al-caro-dsk-1920x550.jpg\"><div id=\"3648f6a7dc\" class=\"vc-incubalia-video-full-width__play-button\"><img decoding=\"async\" class=\"play-button\" src=\"https:\/\/www.tortosaturisme.cat\/wp-content\/plugins\/vc-incubalia-elements\/elements\/..\/assets\/img\/video-play.png\"><\/div><div class=\"vc-incubalia-video-full-width__youtube-iframe\"><iframe loading=\"lazy\" width=\"560\" height=\"315\" src=\"https:\/\/www.youtube.com\/embed\/PfSTqnj2J5E\" frameborder=\"0\" allowfullscreen><\/iframe><\/div><\/div><script>(function($) {\n                $(function() {\n                    $('#3648f6a7dc').on('click', function() {\n                        $(this).parent().parent().find('.vc-incubalia-video-full-width').addClass('play');\n                        \/\/$(this).parent().parent().find('.vc-incubalia-video-full-width__youtube-iframe iframe').attr('src', $('.vc-incubalia-video-full-width__youtube-iframe iframe').attr('src') + '?autoplay=1');\n                    });\n                });\n\n                $(window).load(function() {\n                    height = $('.vc-incubalia-video-full-width').height();\n                    setYoutubeIframeDimensions();\n                });\n\n                $(window).resize(function() {\n                    setYoutubeIframeDimensions();\n                });\n\n                function setYoutubeIframeDimensions()\n                {\n                    if ($('.vc-incubalia-video-full-width').height() > 0) {\n                        height = $('.vc-incubalia-video-full-width').height();\n                    }\n                    $('.vc-incubalia-video-full-width__youtube-iframe iframe').attr('height', height);\n                    let width = height * 16 \/ 9;\n                    $('.vc-incubalia-video-full-width__youtube-iframe iframe').attr('width', width);\n                }\n            })(jQuery)<\/script><div class=\"vc-incubalia-text-1-column\"><div class=\"vc-incubalia-text-1-column__text\">Une autre route possible consistera \u00e0 arriver directement jusqu\u2019au sanctuaire du Coll de l\u2019Alba et nous continuerons jusqu\u2019au<strong> parc \u00e9olien<\/strong>. Depuis l\u00e0-bas nous descendrons \u00e0 la Tour de Fullola, un endroit inconnu m\u00eame parmi les Tortosins. Dans ce sens nous pourrons nous perdre dans les montagnes de <strong>B\u00edtem ou Monstapre.<\/strong> Dans la direction contraire, nous pratiquerons la route entre la<strong> Voie heraclea et la Voie Augusta<\/strong>, direction Raval de Crist et Mas de Barberans jusqu\u2019\u00e0 arriv\u00e9 \u00e0 Vinallop et Mianes.<\/p><br \/>\n<p>Une autre possibilit\u00e9 est de d\u00e9couvrir les routes d\u2019Els P orts ou d\u2019arriver directement jusqu\u2019aux habitants de <strong>Alfara de Carles<\/strong>. Sans doute, les alentours de la chaine de <strong>montagne de Card\u00f3<\/strong> est une des autres destinations mieux indiqu\u00e9e pour ceux qui recherchent d\u2019intenses journ\u00e9es sur leurs v\u00e9los VTT. Les endroits montagneux des alentours de Tortosa offrent beaucoup d\u2019alternatives pour les plus exigeants, il s\u2019agit d\u2019un chemin peu pratiqu\u00e9, tr\u00e8s tranquille et ils cachent certains recoins pratiquement inconnus.<\/div><\/div><script>\n            (function($) {\n                $(function() {\n                    $(\".vc_col-sm-6\").parent(\".vc_row\").addClass(\"vc_layout_2\");\n                });\n            })(jQuery);\n            <\/script><div class=\"vc-incubalia-3-images\"><div class=\"vc-incubalia-3-images__image\"><a href=\"\/fr\/ruta-bici\/els-densos-boscos-de-pi-rojal-tortosi\/\"><img decoding=\"async\" src=\"https:\/\/www.tortosaturisme.cat\/wp-content\/uploads\/2020\/07\/racons_ports_800x600.jpg\" alt=\"\"><\/a><a href=\"\/fr\/ruta-bici\/els-densos-boscos-de-pi-rojal-tortosi\/\"><p class=\"vc-incubalia-3-images__image-title\">LES FOR\u00caTS DENSES DE PINS SYLVESTRES DE TORTOSA<\/p><\/a><p class=\"vc-incubalia-3-images__image-subtitle\">Itin\u00e9raire pour entrer dans le cadre naturel unique de La Mola de Cat\u00ed<\/p><\/div><div class=\"vc-incubalia-3-images__image\"><a href=\"\/fr\/ruta-bici\/ruta-del-jaspi\/\"><img decoding=\"async\" src=\"https:\/\/www.tortosaturisme.cat\/wp-content\/uploads\/2020\/07\/roda_btt_800x600.jpg\" alt=\"\"><\/a><a href=\"\/fr\/ruta-bici\/ruta-del-jaspi\/\"><p class=\"vc-incubalia-3-images__image-title\">LA ROUTE DE JASP\u00cd<\/p><\/a><p class=\"vc-incubalia-3-images__image-subtitle\">Sentiers sinueux et vue sur le Delta de l'Ebre depuis le col de l'Alba<\/p><\/div><div class=\"vc-incubalia-3-images__image\"><a href=\"\/fr\/ruta-bici\/terra-darros\/\"><img decoding=\"async\" src=\"https:\/\/www.tortosaturisme.cat\/wp-content\/uploads\/2020\/07\/ciclo_delta_800x600.jpg\" alt=\"\"><\/a><a href=\"\/fr\/ruta-bici\/terra-darros\/\"><p class=\"vc-incubalia-3-images__image-title\">LA TERRE DES RIZI\u00c9RES<\/p><\/a><p class=\"vc-incubalia-3-images__image-subtitle\">Itin\u00e9raire de 92 km qui longe l'ancienne Chemin Naturel de l'Ebre <\/p><\/div><\/div>[\/vc_column][\/vc_row][vc_row][vc_column]<div class=\"vc-incubalia-3-images\"><div class=\"vc-incubalia-3-images__image\"><a href=\"\/fr\/ruta-bici\/serralades-de-cardo-el-boix-un-sorprenent-espai-natural-protegit\/\"><img decoding=\"async\" src=\"https:\/\/www.tortosaturisme.cat\/wp-content\/uploads\/2020\/07\/caro_800x600.jpg\" alt=\"\"><\/a><a href=\"\/fr\/ruta-bici\/serralades-de-cardo-el-boix-un-sorprenent-espai-natural-protegit\/\"><p class=\"vc-incubalia-3-images__image-title\">SERRALADES DE CARD\u00d3 I EL BOIX<\/p><\/a><p class=\"vc-incubalia-3-images__image-subtitle\">Un incroyable espace naturel prot\u00e9g\u00e9 qui demande une bonne pr\u00e9paration physique<\/p><\/div><div class=\"vc-incubalia-3-images__image\"><a href=\"\/fr\/ruta-bici\/endubitem\/\"><img decoding=\"async\" src=\"https:\/\/www.tortosaturisme.cat\/wp-content\/uploads\/2020\/07\/home_btt_800x600.jpg\" alt=\"\"><\/a><a href=\"\/fr\/ruta-bici\/endubitem\/\"><p class=\"vc-incubalia-3-images__image-title\">ENDUB\u00cdTEM<\/p><\/a><p class=\"vc-incubalia-3-images__image-subtitle\">Test de r\u00e9f\u00e9rence de la route Enduro MTB Cup Catalan et Spanish Open<\/p><\/div><div class=\"vc-incubalia-3-images__image\"><a href=\"\/fr\/ruta-bici\/vora-mar-via-augusta\/\"><img decoding=\"async\" src=\"https:\/\/www.tortosaturisme.cat\/wp-content\/uploads\/2020\/07\/mar_800x600.jpg\" alt=\"\"><\/a><a href=\"\/fr\/ruta-bici\/vora-mar-via-augusta\/\"><p class=\"vc-incubalia-3-images__image-title\">A C\u00d4T\u00c9 DE LA MER ET DE LA VOIE AUGUSTA<\/p><\/a><p class=\"vc-incubalia-3-images__image-subtitle\">Paysages c\u00f4tiers roulant le long de l'ancienne route de la voie romaine<\/p><\/div><\/div><div class=\"vc-incubalia-spacer-half\"><\/div><div class=\"vc-incubalia-4-images\"><h2 class=\"vc-incubalia-4-images__title\">ON VOUS PROPOSE<\/h2><div class=\"vc-incubalia-4-images__image has-url\"\"><a href=\"\/fr\/routes-a-velo\/?bike_route-type=natura-fr\"><img decoding=\"async\" src=\"https:\/\/www.tortosaturisme.cat\/wp-content\/uploads\/2017\/10\/b-6-cicloturisme-900x400.jpg\" alt=\"\"><\/a><div class=\"vc-incubalia-4-images__image-text-container\"><p class=\"vc-incubalia-4-images__image-title\">TOUTES LES parcours pour le VTT<\/p><p class=\"vc-incubalia-4-images__image-subtitle\">Offre compl\u00e8te d'itin\u00e9raires pour le VTT<\/p><\/div><div class=\"vc-incubalia-4-images__image-url-container\"><span class=\"vc-incubalia-4-images__image-url\">Lire la suite<\/span><\/div><\/div><div class=\"vc-incubalia-4-images__image has-url\"\"><a href=\"\/fr\/routes-a-velo\/?distance=30-km-fr&amp;list-view=cards\"><img decoding=\"async\" src=\"https:\/\/www.tortosaturisme.cat\/wp-content\/uploads\/2019\/06\/Cicloturisme-en-familia-b-900x400.jpg\" alt=\"\"><\/a><div class=\"vc-incubalia-4-images__image-text-container\"><p class=\"vc-incubalia-4-images__image-title\">itin\u00e9raires de 30 \u00e0 100 km<\/p><p class=\"vc-incubalia-4-images__image-subtitle\">Des kilom\u00e8tres et des kilom\u00e8tres \u00e0 faire sur deux roues<\/p><\/div><div class=\"vc-incubalia-4-images__image-url-container\"><span class=\"vc-incubalia-4-images__image-url\">Lire la suite<\/span><\/div><\/div><div class=\"vc-incubalia-4-images__image has-url\"\"><a href=\"\/fr\/grands-itineraires-velo\/\"><img decoding=\"async\" src=\"https:\/\/www.tortosaturisme.cat\/wp-content\/uploads\/2018\/02\/b-900-600-lloguer-bicis-e1560964897474.jpg\" alt=\"\"><\/a><div class=\"vc-incubalia-4-images__image-text-container\"><p class=\"vc-incubalia-4-images__image-title\">GRANDES ROUTES CYCLABLES<\/p><p class=\"vc-incubalia-4-images__image-subtitle\">Journ\u00e9es de haute intensit\u00e9 pour les cyclistes les plus experts<\/p><\/div><div class=\"vc-incubalia-4-images__image-url-container\"><span class=\"vc-incubalia-4-images__image-url\">Lire la suite<\/span><\/div><\/div><div class=\"vc-incubalia-4-images__image has-url\"\"><a href=\"\/fr\/gr-99-chemin-naturel-ebre\/\"><img decoding=\"async\" src=\"https:\/\/www.tortosaturisme.cat\/wp-content\/uploads\/2017\/10\/b-5-cicloturisme-900x400.jpg\" alt=\"\"><\/a><div class=\"vc-incubalia-4-images__image-text-container\"><p class=\"vc-incubalia-4-images__image-title\">GR-99 Chemin naturel de l'Ebre<\/p><p class=\"vc-incubalia-4-images__image-subtitle\">A pied ou \u00e0 v\u00e9lo, un parcours suivant le cours de l'Ebre<\/p><\/div><div class=\"vc-incubalia-4-images__image-url-container\"><span class=\"vc-incubalia-4-images__image-url\">Lire la suite<\/span><\/div><\/div><\/div>[\/vc_column][\/vc_row][vc_row][vc_column]<div class=\"vc-incubalia-text-1-column\"><div class=\"vc-incubalia-text-1-column__text\"><\/p><br \/>\n<p lang=\"fr-FR\">Venez avec votre v\u00e9lo et profitez des <strong>commodit\u00e9s<\/strong> qu\u2019offrent les entreprises locales avec la location de v\u00e9los. Ne vous inqui\u00e9tez pas, profitez de la route sur votre VTT et de journ\u00e9es rempli d\u2019adr\u00e9naline comme vous le choisissez. L\u2019aventure vous attend ici !<\/p><br \/>\n<p><\/div><\/div><script>\n            (function($) {\n                $(function() {\n                    $(\".vc_col-sm-6\").parent(\".vc_row\").addClass(\"vc_layout_2\");\n                });\n            })(jQuery);\n            <\/script><div class=\"vc-incubalia-6-pills\"><h2 class=\"vc-incubalia-6-pills__title\">SERVICES DE CYCLISME<\/h2><div class=\"vc-incubalia-6-pills__pill\"><a class=\"vc-incubalia-6-pills__pill-url\" href=\"\/fr\/experiencies\/?experience-type=bicicletes-fr&amp;list-view=cards\"><p class=\"vc-incubalia-6-pills__pill-title\">Location de v\u00e9los<\/p><p class=\"vc-incubalia-6-pills__pill-subtitle\">D\u00e9placez-vous confortablement sur le territoire<\/p><\/a><\/div><div class=\"vc-incubalia-6-pills__pill\"><a class=\"vc-incubalia-6-pills__pill-url\" href=\"\/fr\/lugar\/els-ports-de-tortosa-beseit\/\"><p class=\"vc-incubalia-6-pills__pill-title\">Informations utiles d'Els Ports<\/p><p class=\"vc-incubalia-6-pills__pill-subtitle\">Lieux d'int\u00e9r\u00eat, informations pratiques et plans \u00e0 votre disposition<\/p><\/a><\/div><div class=\"vc-incubalia-6-pills__pill\"><a class=\"vc-incubalia-6-pills__pill-url\" href=\"\/fr\/experiencies\/?experience-type=transfer-fr&amp;list-view=cards\"><p class=\"vc-incubalia-6-pills__pill-title\">Transfer<\/p><p class=\"vc-incubalia-6-pills__pill-subtitle\">Service de transport de personnes, de bagages ou de v\u00e9los<\/p><\/a><\/div><div class=\"vc-incubalia-6-pills__pill\"><a class=\"vc-incubalia-6-pills__pill-url\" href=\"\/fr\/experiencies\/?experience-type=amb-bici-fr&amp;list-view=cards\"><p class=\"vc-incubalia-6-pills__pill-title\">Exp\u00e9riences sur deux roues<\/p><p class=\"vc-incubalia-6-pills__pill-subtitle\">D\u00e9couvrez le territoire avec l'aide des plus experts<\/p><\/a><\/div><div class=\"vc-incubalia-6-pills__pill\"><a class=\"vc-incubalia-6-pills__pill-url\" href=\"\/fr\/entreprises-touristiques\/?tourist_company-type=cicloturisme-fr&amp;list-view=cards\"><p class=\"vc-incubalia-6-pills__pill-title\">Entreprises de cyclotourisme<\/p><p class=\"vc-incubalia-6-pills__pill-subtitle\">Tous les avantages pour un amateur de v\u00e9lo<\/p><\/a><\/div><div class=\"vc-incubalia-6-pills__pill\"><a class=\"vc-incubalia-6-pills__pill-url\" href=\"\/fr\/experiencia\/sb-hotels-bike\/\"><p class=\"vc-incubalia-6-pills__pill-title\">Hotel Bikefriendly<\/p><p class=\"vc-incubalia-6-pills__pill-subtitle\">Un h\u00e9bergement con\u00e7u pour les cyclistes<\/p><\/a><\/div><\/div>[\/vc_column][\/vc_row][vc_row][vc_column][\/vc_column][\/vc_row]<\/p>\n","protected":false},"excerpt":{"rendered":"<p>[vc_row][vc_column][\/vc_column][\/vc_row][vc_row][vc_column][\/vc_column][\/vc_row][vc_row][vc_column][\/vc_column][\/vc_row][vc_row][vc_column][\/vc_column][\/vc_row][vc_row][vc_column][\/vc_column][\/vc_row]<\/p>\n","protected":false},"author":2,"featured_media":0,"parent":0,"menu_order":54,"comment_status":"closed","ping_status":"closed","template":"","meta":{"footnotes":""},"class_list":["post-15343","page","type-page","status-publish","hentry"],"acf":[],"yoast_head":"<!-- This site is optimized with the Yoast SEO plugin v27.5 - https:\/\/yoast.com\/product\/yoast-seo-wordpress\/ -->\n<title>Parcours pour le VTT depuis Tortosa | Tortosa Turisme<\/title>\n<meta name=\"description\" content=\"Les alentours de Tortosa c\u2019est un grand ensemble de sentier, chemin, et ravin id\u00e9aux pour les amateurs de tout-terrain ou de VTT. Le Parc Naturel \u201cEls Ports\u201d, le Coll de l\u2019Alba, la Serra de Card\u00f3 le Chemin Naturel de l\u2019Ebre proposent de multiples itin\u00e9raires pour les experts du VTT.\" \/>\n<meta name=\"robots\" content=\"index, follow, max-snippet:-1, max-image-preview:large, max-video-preview:-1\" \/>\n<link rel=\"canonical\" href=\"https:\/\/www.tortosaturisme.cat\/fr\/parcours-pour-vtt\/\" \/>\n<meta property=\"og:locale\" content=\"fr_FR\" \/>\n<meta property=\"og:type\" content=\"article\" \/>\n<meta property=\"og:title\" content=\"Parcours pour le VTT depuis Tortosa | Tortosa Turisme\" \/>\n<meta property=\"og:description\" content=\"Les alentours de Tortosa c\u2019est un grand ensemble de sentier, chemin, et ravin id\u00e9aux pour les amateurs de tout-terrain ou de VTT. Le Parc Naturel \u201cEls Ports\u201d, le Coll de l\u2019Alba, la Serra de Card\u00f3 le Chemin Naturel de l\u2019Ebre proposent de multiples itin\u00e9raires pour les experts du VTT.\" \/>\n<meta property=\"og:url\" content=\"https:\/\/www.tortosaturisme.cat\/fr\/parcours-pour-vtt\/\" \/>\n<meta property=\"og:site_name\" content=\"tortosaturisme\" \/>\n<meta property=\"article:modified_time\" content=\"2021-05-25T15:24:31+00:00\" \/>\n<meta name=\"twitter:card\" content=\"summary_large_image\" \/>\n<meta name=\"twitter:label1\" content=\"Dur\u00e9e de lecture estim\u00e9e\" \/>\n\t<meta name=\"twitter:data1\" content=\"5 minutes\" \/>\n<script type=\"application\/ld+json\" class=\"yoast-schema-graph\">{\"@context\":\"https:\\\/\\\/schema.org\",\"@graph\":[{\"@type\":\"WebPage\",\"@id\":\"https:\\\/\\\/www.tortosaturisme.cat\\\/fr\\\/parcours-pour-vtt\\\/\",\"url\":\"https:\\\/\\\/www.tortosaturisme.cat\\\/fr\\\/parcours-pour-vtt\\\/\",\"name\":\"Parcours pour le VTT depuis Tortosa | Tortosa Turisme\",\"isPartOf\":{\"@id\":\"https:\\\/\\\/www.tortosaturisme.cat\\\/fr\\\/#website\"},\"datePublished\":\"2020-07-14T08:33:04+00:00\",\"dateModified\":\"2021-05-25T15:24:31+00:00\",\"description\":\"Les alentours de Tortosa c\u2019est un grand ensemble de sentier, chemin, et ravin id\u00e9aux pour les amateurs de tout-terrain ou de VTT. Le Parc Naturel \u201cEls Ports\u201d, le Coll de l\u2019Alba, la Serra de Card\u00f3 le Chemin Naturel de l\u2019Ebre proposent de multiples itin\u00e9raires pour les experts du VTT.\",\"breadcrumb\":{\"@id\":\"https:\\\/\\\/www.tortosaturisme.cat\\\/fr\\\/parcours-pour-vtt\\\/#breadcrumb\"},\"inLanguage\":\"fr-FR\",\"potentialAction\":[{\"@type\":\"ReadAction\",\"target\":[\"https:\\\/\\\/www.tortosaturisme.cat\\\/fr\\\/parcours-pour-vtt\\\/\"]}]},{\"@type\":\"BreadcrumbList\",\"@id\":\"https:\\\/\\\/www.tortosaturisme.cat\\\/fr\\\/parcours-pour-vtt\\\/#breadcrumb\",\"itemListElement\":[{\"@type\":\"ListItem\",\"position\":1,\"name\":\"Home\",\"item\":\"https:\\\/\\\/www.tortosaturisme.cat\\\/fr\\\/home-page\\\/\"},{\"@type\":\"ListItem\",\"position\":2,\"name\":\"Parcours pour le VTT depuis Tortosa\"}]},{\"@type\":\"WebSite\",\"@id\":\"https:\\\/\\\/www.tortosaturisme.cat\\\/fr\\\/#website\",\"url\":\"https:\\\/\\\/www.tortosaturisme.cat\\\/fr\\\/\",\"name\":\"tortosaturisme\",\"description\":\"Otro sitio realizado con WordPress\",\"potentialAction\":[{\"@type\":\"SearchAction\",\"target\":{\"@type\":\"EntryPoint\",\"urlTemplate\":\"https:\\\/\\\/www.tortosaturisme.cat\\\/fr\\\/?s={search_term_string}\"},\"query-input\":{\"@type\":\"PropertyValueSpecification\",\"valueRequired\":true,\"valueName\":\"search_term_string\"}}],\"inLanguage\":\"fr-FR\"}]}<\/script>\n<!-- \/ Yoast SEO plugin. -->","yoast_head_json":{"title":"Parcours pour le VTT depuis Tortosa | Tortosa Turisme","description":"Les alentours de Tortosa c\u2019est un grand ensemble de sentier, chemin, et ravin id\u00e9aux pour les amateurs de tout-terrain ou de VTT. Le Parc Naturel \u201cEls Ports\u201d, le Coll de l\u2019Alba, la Serra de Card\u00f3 le Chemin Naturel de l\u2019Ebre proposent de multiples itin\u00e9raires pour les experts du VTT.","robots":{"index":"index","follow":"follow","max-snippet":"max-snippet:-1","max-image-preview":"max-image-preview:large","max-video-preview":"max-video-preview:-1"},"canonical":"https:\/\/www.tortosaturisme.cat\/fr\/parcours-pour-vtt\/","og_locale":"fr_FR","og_type":"article","og_title":"Parcours pour le VTT depuis Tortosa | Tortosa Turisme","og_description":"Les alentours de Tortosa c\u2019est un grand ensemble de sentier, chemin, et ravin id\u00e9aux pour les amateurs de tout-terrain ou de VTT. Le Parc Naturel \u201cEls Ports\u201d, le Coll de l\u2019Alba, la Serra de Card\u00f3 le Chemin Naturel de l\u2019Ebre proposent de multiples itin\u00e9raires pour les experts du VTT.","og_url":"https:\/\/www.tortosaturisme.cat\/fr\/parcours-pour-vtt\/","og_site_name":"tortosaturisme","article_modified_time":"2021-05-25T15:24:31+00:00","twitter_card":"summary_large_image","twitter_misc":{"Dur\u00e9e de lecture estim\u00e9e":"5 minutes"},"schema":{"@context":"https:\/\/schema.org","@graph":[{"@type":"WebPage","@id":"https:\/\/www.tortosaturisme.cat\/fr\/parcours-pour-vtt\/","url":"https:\/\/www.tortosaturisme.cat\/fr\/parcours-pour-vtt\/","name":"Parcours pour le VTT depuis Tortosa | Tortosa Turisme","isPartOf":{"@id":"https:\/\/www.tortosaturisme.cat\/fr\/#website"},"datePublished":"2020-07-14T08:33:04+00:00","dateModified":"2021-05-25T15:24:31+00:00","description":"Les alentours de Tortosa c\u2019est un grand ensemble de sentier, chemin, et ravin id\u00e9aux pour les amateurs de tout-terrain ou de VTT. Le Parc Naturel \u201cEls Ports\u201d, le Coll de l\u2019Alba, la Serra de Card\u00f3 le Chemin Naturel de l\u2019Ebre proposent de multiples itin\u00e9raires pour les experts du VTT.","breadcrumb":{"@id":"https:\/\/www.tortosaturisme.cat\/fr\/parcours-pour-vtt\/#breadcrumb"},"inLanguage":"fr-FR","potentialAction":[{"@type":"ReadAction","target":["https:\/\/www.tortosaturisme.cat\/fr\/parcours-pour-vtt\/"]}]},{"@type":"BreadcrumbList","@id":"https:\/\/www.tortosaturisme.cat\/fr\/parcours-pour-vtt\/#breadcrumb","itemListElement":[{"@type":"ListItem","position":1,"name":"Home","item":"https:\/\/www.tortosaturisme.cat\/fr\/home-page\/"},{"@type":"ListItem","position":2,"name":"Parcours pour le VTT depuis Tortosa"}]},{"@type":"WebSite","@id":"https:\/\/www.tortosaturisme.cat\/fr\/#website","url":"https:\/\/www.tortosaturisme.cat\/fr\/","name":"tortosaturisme","description":"Otro sitio realizado con WordPress","potentialAction":[{"@type":"SearchAction","target":{"@type":"EntryPoint","urlTemplate":"https:\/\/www.tortosaturisme.cat\/fr\/?s={search_term_string}"},"query-input":{"@type":"PropertyValueSpecification","valueRequired":true,"valueName":"search_term_string"}}],"inLanguage":"fr-FR"}]}},"_links":{"self":[{"href":"https:\/\/www.tortosaturisme.cat\/fr\/wp-json\/wp\/v2\/pages\/15343","targetHints":{"allow":["GET"]}}],"collection":[{"href":"https:\/\/www.tortosaturisme.cat\/fr\/wp-json\/wp\/v2\/pages"}],"about":[{"href":"https:\/\/www.tortosaturisme.cat\/fr\/wp-json\/wp\/v2\/types\/page"}],"author":[{"embeddable":true,"href":"https:\/\/www.tortosaturisme.cat\/fr\/wp-json\/wp\/v2\/users\/2"}],"replies":[{"embeddable":true,"href":"https:\/\/www.tortosaturisme.cat\/fr\/wp-json\/wp\/v2\/comments?post=15343"}],"version-history":[{"count":15,"href":"https:\/\/www.tortosaturisme.cat\/fr\/wp-json\/wp\/v2\/pages\/15343\/revisions"}],"predecessor-version":[{"id":16964,"href":"https:\/\/www.tortosaturisme.cat\/fr\/wp-json\/wp\/v2\/pages\/15343\/revisions\/16964"}],"wp:attachment":[{"href":"https:\/\/www.tortosaturisme.cat\/fr\/wp-json\/wp\/v2\/media?parent=15343"}],"curies":[{"name":"wp","href":"https:\/\/api.w.org\/{rel}","templated":true}]}}