{"id":16029,"date":"2020-07-28T09:04:03","date_gmt":"2020-07-28T09:04:03","guid":{"rendered":"https:\/\/www.tortosaturisme.cat\/fr\/ciutat-amb-caracter\/"},"modified":"2020-11-24T08:21:16","modified_gmt":"2020-11-24T08:21:16","slug":"ciutat-amb-caracter","status":"publish","type":"page","link":"https:\/\/www.tortosaturisme.cat\/fr\/ciutat-amb-caracter\/","title":{"rendered":"Ciutat amb car\u00e0cter"},"content":{"rendered":"<p>[vc_row][vc_column]<div class=\"vc-incubalia-big-header\"><h1 class=\"vc-incubalia-big-header__title\">Tortosa, Ville de Caract\u00e8re<\/h1><img decoding=\"async\" class=\"vc-incubalia-big-header__mobile-picture\" src=\"https:\/\/www.tortosaturisme.cat\/wp-content\/uploads\/2020\/07\/CAP\u00c7ALERA_CIUTATS_CARACTER_768X450-mb.jpg\">\n                  <img decoding=\"async\" class=\"vc-incubalia-big-header__desktop-picture\" src=\"https:\/\/www.tortosaturisme.cat\/wp-content\/uploads\/2020\/07\/CAP\u00c7ALERA_CIUTATS_CARACTER_1920X700-escriptori-1.jpg\"><\/div><div class=\"vc-incubalia-text-1-column-subtitle\"><h2 class=\"vc-incubalia-text-1-column-subtitle__title\">\u00c0 la d\u00e9couverte de Tortosa<\/h2><div class=\"vc-incubalia-text-1-column-subtitle__text\"><span id=\"p70\"><span id=\"77\">Tortosa<\/span>\u00a0est reconnue par son puissant patrimoine historique et culturel, mais aussi par sa riche gastronomie, qui regroupe les meilleurs produits des Terres de l&rsquo;<span id=\"78\">Ebre<\/span>.\u00a0<\/span><span id=\"p71\">Le riz, les poissons et les fruits de mer du Delta.<\/span><span id=\"p72\">\u00a0Les l\u00e9gumes du potager et ces agrumes, tout en passant par les vins de la Terra\u00a0<span id=\"79\" class=\"s-rg-t\">Alta<\/span>, les huiles, le miel et les sucreries.<\/span><span id=\"p73\">\u00a0Pour\u00a0<span id=\"80\" class=\"s-rg-t\">ceci Tortosa<\/span>\u00a0a\u00a0<span id=\"81\" class=\"s-rg-t\">acqu\u00e9rit<\/span>\u00a0la distinction de <a href=\"http:\/\/www.catalunya.com\/villes-et-cites-de-caractere-de-catalogne-8-1-567395?language=fr\"><span style=\"color: #ff0000;\"><strong>Ville de caract\u00e8re<\/strong><\/span><\/a> de l\u2019Agence Catalane de Tourisme.<\/span><\/p><br \/>\n<p><span id=\"p74\">Se balader par\u00a0<span id=\"82\" class=\"s-rg-t\">Tortosa<\/span>\u00a0\u00e0 travers ces <span style=\"color: #000000;\">deux mill\u00e9niums<\/span> d&rsquo;histoire et admirer les vestiges que les <strong>diff\u00e9rentes civilisations<\/strong> qui sont pass\u00e9es et qu&rsquo;y on laiss\u00e9e son empreinte dans les rues, places et monuments.<\/span><span id=\"p75\">\u00a0Cette longue histoire et tradition ont dot\u00e9 le long des si\u00e8cles d&rsquo;un caract\u00e8re singulier, d&rsquo;une forte personnalit\u00e9 qui rend ce <strong>territoire unique.<\/strong><\/span><\/p><br \/>\n<p><span id=\"p76\"><span id=\"83\" class=\"s-rg-t\">Tortosa<\/span>\u00a0garde un <strong>tr\u00e9sor unique en Europe<\/strong>, sa forteresse, dans un cadre de presque <strong>2000 ans<\/strong> d\u2019histoire.<\/span><span id=\"p47\">\u00a0Sans doute, l\u2019ins\u00e9parable fleuve, l\u2019<span id=\"52\">Ebre<\/span>, l\u2019impressionnante cath\u00e9drale, les charmants Coll\u00e9ges Royaux\u00a0ou le singulier quartier j<span id=\"55\">uif<\/span>\u00a0sont les protagonistes qui font si sp\u00e9ciale cette ville de la Catalogne du sud.<\/span><\/div><\/div><div class=\"vc-incubalia-video-3-columns\"><div class=\"vc-incubalia-video-3-columns__video\"><a class=\"vc-incubalia-video-3-columns__video-link\" href=\"https:\/\/www.youtube.com\/watch?v=tlONEnzESB8&amp;list=PLEzrsHt4g9ad1i--dEJAR1BnT8X_9OQO2\">\n                    <img decoding=\"async\" class=\"vc-incubalia-video-3-columns__video-mobile-picture\" src=\"https:\/\/www.tortosaturisme.cat\/wp-content\/uploads\/2020\/07\/Video_fortificacions_640x640-640x460.jpg\">\n                    <img decoding=\"async\" class=\"vc-incubalia-video-3-columns__video-desktop-picture\" src=\"https:\/\/www.tortosaturisme.cat\/wp-content\/uploads\/2020\/07\/Video_fortificacions_640x640-640x460.jpg\">\n                    <\/a><div class=\"vc-incubalia-video-3-columns__video-text-container\"><p class=\"vc-incubalia-video-3-columns__video-title\">LE CH\u00c2TEAU ET SES REMPARTS<\/p><img decoding=\"async\" class=\"play-button\" src=\"https:\/\/www.tortosaturisme.cat\/wp-content\/plugins\/vc-incubalia-elements\/elements\/..\/assets\/img\/video-play.png\"><\/div><div class=\"vc-incubalia-video-3-columns__video-url-container\"><h4 class=\"vc-incubalia-video-3-columns__video-text\">Tortosa, unique par ses remparts et sa forteresse<\/h4><span class=\"vc-incubalia-video-3-columns__video-url\"><\/span><\/div><\/div><div class=\"vc-incubalia-video-3-columns__video\"><a class=\"vc-incubalia-video-3-columns__video-link\" href=\"https:\/\/www.youtube.com\/watch?v=ZTnvuQ4mvHg&amp;list=PLEzrsHt4g9ad1i--dEJAR1BnT8X_9OQO2&amp;index=3\">\n                    <img decoding=\"async\" class=\"vc-incubalia-video-3-columns__video-mobile-picture\" src=\"https:\/\/www.tortosaturisme.cat\/wp-content\/uploads\/2020\/07\/Video_reials_collegis_2_640x640-640x460.jpg\">\n                    <img decoding=\"async\" class=\"vc-incubalia-video-3-columns__video-desktop-picture\" src=\"https:\/\/www.tortosaturisme.cat\/wp-content\/uploads\/2020\/07\/Video_reials_collegis_2_640x640-640x460.jpg\">\n                    <\/a><div class=\"vc-incubalia-video-3-columns__video-text-container\"><p class=\"vc-incubalia-video-3-columns__video-title\">VILLE DE LA RENAISSANCE<\/p><img decoding=\"async\" class=\"play-button\" src=\"https:\/\/www.tortosaturisme.cat\/wp-content\/plugins\/vc-incubalia-elements\/elements\/..\/assets\/img\/video-play.png\"><\/div><div class=\"vc-incubalia-video-3-columns__video-url-container\"><h4 class=\"vc-incubalia-video-3-columns__video-text\">Les Coll\u00e8ges Royaux, un bijou de l'architecture de la renaissance en Catalogne<\/h4><span class=\"vc-incubalia-video-3-columns__video-url\"><\/span><\/div><\/div><div class=\"vc-incubalia-video-3-columns__video\"><a class=\"vc-incubalia-video-3-columns__video-link\" href=\"https:\/\/www.youtube.com\/watch?v=P0-O76S9AHo&amp;list=PLEzrsHt4g9ad1i--dEJAR1BnT8X_9OQO2&amp;index=6\">\n                    <img decoding=\"async\" class=\"vc-incubalia-video-3-columns__video-mobile-picture\" src=\"https:\/\/www.tortosaturisme.cat\/wp-content\/uploads\/2020\/07\/Video_call_jueu_640x640-640x460.jpg\">\n                    <img decoding=\"async\" class=\"vc-incubalia-video-3-columns__video-desktop-picture\" src=\"https:\/\/www.tortosaturisme.cat\/wp-content\/uploads\/2020\/07\/Video_call_jueu_640x640-640x460.jpg\">\n                    <\/a><div class=\"vc-incubalia-video-3-columns__video-text-container\"><p class=\"vc-incubalia-video-3-columns__video-title\">L'EMPREINTE JUIVE<\/p><img decoding=\"async\" class=\"play-button\" src=\"https:\/\/www.tortosaturisme.cat\/wp-content\/plugins\/vc-incubalia-elements\/elements\/..\/assets\/img\/video-play.png\"><\/div><div class=\"vc-incubalia-video-3-columns__video-url-container\"><h4 class=\"vc-incubalia-video-3-columns__video-text\">La communaut\u00e9 juive de Tortosa \u00e9tait l'une de plus anciennes et riches de la Catalogne.<\/h4><span class=\"vc-incubalia-video-3-columns__video-url\"><\/span><\/div><\/div><\/div><script>(function($) {\n                $(function() {\n                    $('.vc-incubalia-video-3-columns__video-link').YouTubePopUp();\n                });\n            })(jQuery)<\/script><div class=\"vc-incubalia-text-1-column-subtitle\"><div class=\"vc-incubalia-text-1-column-subtitle__text\"><\/p><br \/>\n<p lang=\"fr-FR\">La ville regorge de patrimoine architecturale et culturel. L\u2019art nouveau avait \u00e9galement un point de r\u00e9f\u00e9rence \u00e0 Tortosa, avec de nombreuses et spectaculaires maisons style art nouveau. Le parc Teordor Gonz\u00e1lez lui-m\u00eame, en plus d&rsquo;\u00eatre l&rsquo;un des principaux poumons de la ville, contient des \u00e9l\u00e9ments art nouveau remarquables. Les Jardins du Prince sont un espace botanique riche de style romantique. On peut aussi suivre les traces de Hemingway, qui a v\u00e9cu dans la ville en 1938 couvrant la Guerre Civile en tant que journaliste.<\/p><br \/>\n<p><strong>La f\u00eate de la Renaissance<\/strong> en Juillet est aussi une sp\u00e9cificit\u00e9 de Tortosa par rapport aux autres f\u00eates de r\u00e9cr\u00e9ation en Espagne\u00a0: la ville devient un mod\u00e8le de vie au XVI\u00e8me si\u00e8cle, et des milliers d&rsquo;habitants s&rsquo;habillent, mangent et vivent comme \u00e0 l&rsquo;\u00e9poque. Les traditions sont \u00e9galement tr\u00e8s vivantes \u00e0 Tortosa, qui est la seule ville catalane \u00e0 avoir un Centre d&rsquo;Interpr\u00e9tation de P\u00e2ques ouvert toute l&rsquo;ann\u00e9e. La ville vit entre mer et montagne, entre mar\u00e9cages, les plaines du Delta et le Massif du Port. La ville devient aussi le c\u0153ur et le centre n\u00e9vralgique d&rsquo;un territoire d\u00e9clar\u00e9 <strong>R\u00e9serve de la Biosph\u00e8re<\/strong> par l&rsquo;UNESCO.<\/div><\/div><div class=\"vc-incubalia-medium-header\"><img decoding=\"async\" class=\"vc-incubalia-medium-header__mobile-picture brightness-100\" src=\"\">\n                  <img decoding=\"async\" class=\"vc-incubalia-medium-header__desktop-picture brightness-100\" src=\"https:\/\/www.tortosaturisme.cat\/wp-content\/uploads\/2020\/07\/TORTOSA_CARACTER_1920X550.jpg\"><\/div><div class=\"vc-incubalia-spacer-half\"><\/div><div class=\"vc-incubalia-4-images\"><h2 class=\"vc-incubalia-4-images__title\">Explore tous les coins de la ville <\/h2><div class=\"vc-incubalia-4-images__image has-url\"\"><a href=\"\/fr\/les-incontournables\/\"><img decoding=\"async\" src=\"https:\/\/www.tortosaturisme.cat\/wp-content\/uploads\/2018\/02\/b-900-navega.jpg\" alt=\"\"><\/a><div class=\"vc-incubalia-4-images__image-text-container\"><p class=\"vc-incubalia-4-images__image-title\">Les 10 incontournables<\/p><p class=\"vc-incubalia-4-images__image-subtitle\">Profitez des atouts principales de la ville <\/p><\/div><div class=\"vc-incubalia-4-images__image-url-container\"><span class=\"vc-incubalia-4-images__image-url\">Lire la suite<\/span><\/div><\/div><div class=\"vc-incubalia-4-images__image has-url\"\"><a href=\"\/experiencies\/?experience-type=visites-guiades&list-view=cards\"><img decoding=\"async\" src=\"https:\/\/www.tortosaturisme.cat\/wp-content\/uploads\/2018\/02\/b-900-visites-guiades.jpg\" alt=\"\"><\/a><div class=\"vc-incubalia-4-images__image-text-container\"><p class=\"vc-incubalia-4-images__image-title\">Visites Guid\u00e9es<\/p><p class=\"vc-incubalia-4-images__image-subtitle\">D\u00e9couvrez tous les coins de la ville de la main des plus exp\u00e9riment\u00e9es <\/p><\/div><div class=\"vc-incubalia-4-images__image-url-container\"><span class=\"vc-incubalia-4-images__image-url\">Lire la suite<\/span><\/div><\/div><div class=\"vc-incubalia-4-images__image has-url\"\"><a href=\"\/rutes\/\"><img decoding=\"async\" src=\"https:\/\/www.tortosaturisme.cat\/wp-content\/uploads\/2020\/06\/escorxador_parella_visitar_900x400.jpg\" alt=\"\"><\/a><div class=\"vc-incubalia-4-images__image-text-container\"><p class=\"vc-incubalia-4-images__image-title\">Itin\u00e9raires<\/p><p class=\"vc-incubalia-4-images__image-subtitle\"> Explorez la ville sous diff\u00e9rents points de vue<\/p><\/div><div class=\"vc-incubalia-4-images__image-url-container\"><span class=\"vc-incubalia-4-images__image-url\">Lire la suite<\/span><\/div><\/div><div class=\"vc-incubalia-4-images__image has-url\"\"><a href=\"\/llocs\/?place-type=monument&list-view=cards\"><img decoding=\"async\" src=\"https:\/\/www.tortosaturisme.cat\/wp-content\/uploads\/2020\/03\/passeig_cultures_900x400.jpg\" alt=\"\"><\/a><div class=\"vc-incubalia-4-images__image-text-container\"><p class=\"vc-incubalia-4-images__image-title\"> Mus\u00e9es et monuments<\/p><p class=\"vc-incubalia-4-images__image-subtitle\">D\u00e9couvrez le riche patrimoine historique et monumental de Tortosa<\/p><\/div><div class=\"vc-incubalia-4-images__image-url-container\"><span class=\"vc-incubalia-4-images__image-url\">Lire la suite<\/span><\/div><\/div><\/div><div class=\"vc-incubalia-spacer-half\"><\/div><div class=\"vc-incubalia-3-images\"><h2 class=\"vc-incubalia-3-images__title\">VIVEZ, SENTEZ ET PARTAGEZ DES EXP\u00c9RIENCES \u00c0 TORTOSA<\/h2><div class=\"vc-incubalia-3-images__image\"><a href=\"\/experiencies\/?experience-type=navegacio&amp;list-view=cards\"><img decoding=\"async\" src=\"https:\/\/www.tortosaturisme.cat\/wp-content\/uploads\/2020\/06\/posta-sol_riu_800x600.jpg\" alt=\"\"><\/a><a href=\"\/experiencies\/?experience-type=navegacio&amp;list-view=cards\"><p class=\"vc-incubalia-3-images__image-title\"> NAVIGUEZ DANS L'EBRE<\/p><\/a><p class=\"vc-incubalia-3-images__image-subtitle\"> Une exp\u00e9rience unique pour se connecter \u00e0 l'\u00e2me de la ville<\/p><\/div><div class=\"vc-incubalia-3-images__image\"><a href=\"\/mes-a-mes\/\"><img decoding=\"async\" src=\"https:\/\/www.tortosaturisme.cat\/wp-content\/uploads\/2018\/02\/b-800-festa-del-renaixement-1.jpg\" alt=\"\"><\/a><a href=\"\/mes-a-mes\/\"><p class=\"vc-incubalia-3-images__image-title\">LA TORTOSA LA PLUS FESTIVE<\/p><\/a><p class=\"vc-incubalia-3-images__image-subtitle\"> Voyagez au XVIe si\u00e8cle, foires renomm\u00e9es, spectacles gastronomiques, art \u00e9ph\u00e9m\u00e8re et bien plus<\/p><\/div><div class=\"vc-incubalia-3-images__image\"><a href=\"\/la-cuina-de-les-terres-de-lebre\/\"><img decoding=\"async\" src=\"https:\/\/www.tortosaturisme.cat\/wp-content\/uploads\/2020\/06\/art_viure_800x600.jpg\" alt=\"\"><\/a><a href=\"\/la-cuina-de-les-terres-de-lebre\/\"><p class=\"vc-incubalia-3-images__image-title\">G\u00d4UTEZ LA GASTRONOMIE LOCALE<\/p><\/a><p class=\"vc-incubalia-3-images__image-subtitle\"> Une cuisine attach\u00e9e \u00e0 la terre qui met en valeur les produits locaux<\/p><\/div><\/div><div class=\"vc-incubalia-3-images\"><div class=\"vc-incubalia-3-images__image\"><a href=\"\/experiencies\/?experience-type=a-laire-lliure&amp;list-view=cards\"><img decoding=\"async\" src=\"https:\/\/www.tortosaturisme.cat\/wp-content\/uploads\/2020\/06\/excursio_800x600.jpg\" alt=\"\"><\/a><a href=\"\/experiencies\/?experience-type=a-laire-lliure&amp;list-view=cards\"><p class=\"vc-incubalia-3-images__image-title\"> CONSULTEZ LES ACTIVIT\u00c9S \u00c0 R\u00c9ALISER EN PLEIN AIR<\/p><\/a><p class=\"vc-incubalia-3-images__image-subtitle\"> Le parc naturel du delta de l'\u00c8bre et le parc naturel des ports \u00e0 quelques peux kilom\u00e8tres de Tortosa<\/p><\/div><div class=\"vc-incubalia-3-images__image\"><a href=\"\/cicloturisme\/\"><img decoding=\"async\" src=\"https:\/\/www.tortosaturisme.cat\/wp-content\/uploads\/2020\/07\/caro_800x600.jpg\" alt=\"\"><\/a><a href=\"\/cicloturisme\/\"><p class=\"vc-incubalia-3-images__image-title\">\u00c0 TRAVERS LE PARADIS DU V\u00c9LO<\/p><\/a><p class=\"vc-incubalia-3-images__image-subtitle\">Un emplacement id\u00e9al pour les amateurs du v\u00e9lo<\/p><\/div><div class=\"vc-incubalia-3-images__image\"><a href=\"\/de-compres\/\"><img decoding=\"async\" src=\"https:\/\/www.tortosaturisme.cat\/wp-content\/uploads\/2020\/07\/cc_compres_800x600.jpg\" alt=\"\"><\/a><a href=\"\/de-compres\/\"><p class=\"vc-incubalia-3-images__image-title\">SHOPPING<\/p><\/a><p class=\"vc-incubalia-3-images__image-subtitle\"> Des dizaines de boutiques avec une offre de produits riche et vari\u00e9e <\/p><\/div><\/div><div class=\"vc-incubalia-3-buttons\"><h2 class=\"vc-incubalia-3-buttons__title\">ORGANISEZ-VOUS<\/h2><div class=\"vc-incubalia-3-buttons__button\"><a href=\"\/allotjaments\/\"><div class=\"vc-incubalia-3-buttons__button-container\"><div class=\"vc-incubalia-3-buttons__button-container-image\"><img decoding=\"async\" src=\"\"><\/div><div class=\"vc-incubalia-3-buttons__button-container-title\"><h4>H\u00c9BERGEMENT<\/h4><\/div><\/div><\/a><\/div><div class=\"vc-incubalia-3-buttons__button\"><a href=\"\/com-arribar-hi\/\"><div class=\"vc-incubalia-3-buttons__button-container\"><div class=\"vc-incubalia-3-buttons__button-container-image\"><img decoding=\"async\" src=\"\"><\/div><div class=\"vc-incubalia-3-buttons__button-container-title\"><h4>COMMENT S'Y RENDRE<\/h4><\/div><\/div><\/a><\/div><div class=\"vc-incubalia-3-buttons__button\"><a href=\"\/loficina-de-turisme\/\"><div class=\"vc-incubalia-3-buttons__button-container\"><div class=\"vc-incubalia-3-buttons__button-container-image\"><img decoding=\"async\" src=\"\"><\/div><div class=\"vc-incubalia-3-buttons__button-container-title\"><h4>OFFICE DE TOURISME<\/h4><\/div><\/div><\/a><\/div><\/div>[\/vc_column][\/vc_row]<\/p>\n","protected":false},"excerpt":{"rendered":"<p>[vc_row][vc_column][\/vc_column][\/vc_row]<\/p>\n","protected":false},"author":2,"featured_media":0,"parent":0,"menu_order":0,"comment_status":"closed","ping_status":"closed","template":"","meta":{"footnotes":""},"class_list":["post-16029","page","type-page","status-publish","hentry"],"acf":[],"yoast_head":"<!-- This site is optimized with the Yoast SEO plugin v27.5 - https:\/\/yoast.com\/product\/yoast-seo-wordpress\/ -->\n<title>Tortosa, Ciutat amb car\u00e0cter | Tortosa Turisme<\/title>\n<meta name=\"description\" content=\"Situada al cor de la Reserva de la Biosfera de les Terres de l\u2019Ebre, entre els parcs naturals del delta de l\u2019Ebre i dels Ports, Tortosa \u00e9s un parad\u00eds per als amants de la cultura i el seu immens patrimoni li ha servit per ser designada Capital de la Cultura Catalana 2021.\" \/>\n<meta name=\"robots\" content=\"index, follow, max-snippet:-1, max-image-preview:large, max-video-preview:-1\" \/>\n<link rel=\"canonical\" href=\"https:\/\/www.tortosaturisme.cat\/fr\/ciutat-amb-caracter\/\" \/>\n<meta property=\"og:locale\" content=\"fr_FR\" \/>\n<meta property=\"og:type\" content=\"article\" \/>\n<meta property=\"og:title\" content=\"Tortosa, Ciutat amb car\u00e0cter | Tortosa Turisme\" \/>\n<meta property=\"og:description\" content=\"Situada al cor de la Reserva de la Biosfera de les Terres de l\u2019Ebre, entre els parcs naturals del delta de l\u2019Ebre i dels Ports, Tortosa \u00e9s un parad\u00eds per als amants de la cultura i el seu immens patrimoni li ha servit per ser designada Capital de la Cultura Catalana 2021.\" \/>\n<meta property=\"og:url\" content=\"https:\/\/www.tortosaturisme.cat\/fr\/ciutat-amb-caracter\/\" \/>\n<meta property=\"og:site_name\" content=\"tortosaturisme\" \/>\n<meta property=\"article:modified_time\" content=\"2020-11-24T08:21:16+00:00\" \/>\n<meta name=\"twitter:card\" content=\"summary_large_image\" \/>\n<meta name=\"twitter:label1\" content=\"Dur\u00e9e de lecture estim\u00e9e\" \/>\n\t<meta name=\"twitter:data1\" content=\"5 minutes\" \/>\n<script type=\"application\/ld+json\" class=\"yoast-schema-graph\">{\"@context\":\"https:\\\/\\\/schema.org\",\"@graph\":[{\"@type\":\"WebPage\",\"@id\":\"https:\\\/\\\/www.tortosaturisme.cat\\\/fr\\\/ciutat-amb-caracter\\\/\",\"url\":\"https:\\\/\\\/www.tortosaturisme.cat\\\/fr\\\/ciutat-amb-caracter\\\/\",\"name\":\"Tortosa, Ciutat amb car\u00e0cter | Tortosa Turisme\",\"isPartOf\":{\"@id\":\"https:\\\/\\\/www.tortosaturisme.cat\\\/fr\\\/#website\"},\"datePublished\":\"2020-07-28T09:04:03+00:00\",\"dateModified\":\"2020-11-24T08:21:16+00:00\",\"description\":\"Situada al cor de la Reserva de la Biosfera de les Terres de l\u2019Ebre, entre els parcs naturals del delta de l\u2019Ebre i dels Ports, Tortosa \u00e9s un parad\u00eds per als amants de la cultura i el seu immens patrimoni li ha servit per ser designada Capital de la Cultura Catalana 2021.\",\"breadcrumb\":{\"@id\":\"https:\\\/\\\/www.tortosaturisme.cat\\\/fr\\\/ciutat-amb-caracter\\\/#breadcrumb\"},\"inLanguage\":\"fr-FR\",\"potentialAction\":[{\"@type\":\"ReadAction\",\"target\":[\"https:\\\/\\\/www.tortosaturisme.cat\\\/fr\\\/ciutat-amb-caracter\\\/\"]}]},{\"@type\":\"BreadcrumbList\",\"@id\":\"https:\\\/\\\/www.tortosaturisme.cat\\\/fr\\\/ciutat-amb-caracter\\\/#breadcrumb\",\"itemListElement\":[{\"@type\":\"ListItem\",\"position\":1,\"name\":\"Home\",\"item\":\"https:\\\/\\\/www.tortosaturisme.cat\\\/fr\\\/home-page\\\/\"},{\"@type\":\"ListItem\",\"position\":2,\"name\":\"Ciutat amb car\u00e0cter\"}]},{\"@type\":\"WebSite\",\"@id\":\"https:\\\/\\\/www.tortosaturisme.cat\\\/fr\\\/#website\",\"url\":\"https:\\\/\\\/www.tortosaturisme.cat\\\/fr\\\/\",\"name\":\"tortosaturisme\",\"description\":\"Otro sitio realizado con WordPress\",\"potentialAction\":[{\"@type\":\"SearchAction\",\"target\":{\"@type\":\"EntryPoint\",\"urlTemplate\":\"https:\\\/\\\/www.tortosaturisme.cat\\\/fr\\\/?s={search_term_string}\"},\"query-input\":{\"@type\":\"PropertyValueSpecification\",\"valueRequired\":true,\"valueName\":\"search_term_string\"}}],\"inLanguage\":\"fr-FR\"}]}<\/script>\n<!-- \/ Yoast SEO plugin. -->","yoast_head_json":{"title":"Tortosa, Ciutat amb car\u00e0cter | Tortosa Turisme","description":"Situada al cor de la Reserva de la Biosfera de les Terres de l\u2019Ebre, entre els parcs naturals del delta de l\u2019Ebre i dels Ports, Tortosa \u00e9s un parad\u00eds per als amants de la cultura i el seu immens patrimoni li ha servit per ser designada Capital de la Cultura Catalana 2021.","robots":{"index":"index","follow":"follow","max-snippet":"max-snippet:-1","max-image-preview":"max-image-preview:large","max-video-preview":"max-video-preview:-1"},"canonical":"https:\/\/www.tortosaturisme.cat\/fr\/ciutat-amb-caracter\/","og_locale":"fr_FR","og_type":"article","og_title":"Tortosa, Ciutat amb car\u00e0cter | Tortosa Turisme","og_description":"Situada al cor de la Reserva de la Biosfera de les Terres de l\u2019Ebre, entre els parcs naturals del delta de l\u2019Ebre i dels Ports, Tortosa \u00e9s un parad\u00eds per als amants de la cultura i el seu immens patrimoni li ha servit per ser designada Capital de la Cultura Catalana 2021.","og_url":"https:\/\/www.tortosaturisme.cat\/fr\/ciutat-amb-caracter\/","og_site_name":"tortosaturisme","article_modified_time":"2020-11-24T08:21:16+00:00","twitter_card":"summary_large_image","twitter_misc":{"Dur\u00e9e de lecture estim\u00e9e":"5 minutes"},"schema":{"@context":"https:\/\/schema.org","@graph":[{"@type":"WebPage","@id":"https:\/\/www.tortosaturisme.cat\/fr\/ciutat-amb-caracter\/","url":"https:\/\/www.tortosaturisme.cat\/fr\/ciutat-amb-caracter\/","name":"Tortosa, Ciutat amb car\u00e0cter | Tortosa Turisme","isPartOf":{"@id":"https:\/\/www.tortosaturisme.cat\/fr\/#website"},"datePublished":"2020-07-28T09:04:03+00:00","dateModified":"2020-11-24T08:21:16+00:00","description":"Situada al cor de la Reserva de la Biosfera de les Terres de l\u2019Ebre, entre els parcs naturals del delta de l\u2019Ebre i dels Ports, Tortosa \u00e9s un parad\u00eds per als amants de la cultura i el seu immens patrimoni li ha servit per ser designada Capital de la Cultura Catalana 2021.","breadcrumb":{"@id":"https:\/\/www.tortosaturisme.cat\/fr\/ciutat-amb-caracter\/#breadcrumb"},"inLanguage":"fr-FR","potentialAction":[{"@type":"ReadAction","target":["https:\/\/www.tortosaturisme.cat\/fr\/ciutat-amb-caracter\/"]}]},{"@type":"BreadcrumbList","@id":"https:\/\/www.tortosaturisme.cat\/fr\/ciutat-amb-caracter\/#breadcrumb","itemListElement":[{"@type":"ListItem","position":1,"name":"Home","item":"https:\/\/www.tortosaturisme.cat\/fr\/home-page\/"},{"@type":"ListItem","position":2,"name":"Ciutat amb car\u00e0cter"}]},{"@type":"WebSite","@id":"https:\/\/www.tortosaturisme.cat\/fr\/#website","url":"https:\/\/www.tortosaturisme.cat\/fr\/","name":"tortosaturisme","description":"Otro sitio realizado con WordPress","potentialAction":[{"@type":"SearchAction","target":{"@type":"EntryPoint","urlTemplate":"https:\/\/www.tortosaturisme.cat\/fr\/?s={search_term_string}"},"query-input":{"@type":"PropertyValueSpecification","valueRequired":true,"valueName":"search_term_string"}}],"inLanguage":"fr-FR"}]}},"_links":{"self":[{"href":"https:\/\/www.tortosaturisme.cat\/fr\/wp-json\/wp\/v2\/pages\/16029","targetHints":{"allow":["GET"]}}],"collection":[{"href":"https:\/\/www.tortosaturisme.cat\/fr\/wp-json\/wp\/v2\/pages"}],"about":[{"href":"https:\/\/www.tortosaturisme.cat\/fr\/wp-json\/wp\/v2\/types\/page"}],"author":[{"embeddable":true,"href":"https:\/\/www.tortosaturisme.cat\/fr\/wp-json\/wp\/v2\/users\/2"}],"replies":[{"embeddable":true,"href":"https:\/\/www.tortosaturisme.cat\/fr\/wp-json\/wp\/v2\/comments?post=16029"}],"version-history":[{"count":36,"href":"https:\/\/www.tortosaturisme.cat\/fr\/wp-json\/wp\/v2\/pages\/16029\/revisions"}],"predecessor-version":[{"id":16153,"href":"https:\/\/www.tortosaturisme.cat\/fr\/wp-json\/wp\/v2\/pages\/16029\/revisions\/16153"}],"wp:attachment":[{"href":"https:\/\/www.tortosaturisme.cat\/fr\/wp-json\/wp\/v2\/media?parent=16029"}],"curies":[{"name":"wp","href":"https:\/\/api.w.org\/{rel}","templated":true}]}}