{"id":16116,"date":"2020-07-30T06:01:56","date_gmt":"2020-07-30T06:01:56","guid":{"rendered":"https:\/\/www.tortosaturisme.cat\/fr\/que-tastar-a-tortosa\/"},"modified":"2025-02-05T17:03:58","modified_gmt":"2025-02-05T17:03:58","slug":"que-tastar-a-tortosa","status":"publish","type":"page","link":"https:\/\/www.tortosaturisme.cat\/fr\/que-tastar-a-tortosa\/","title":{"rendered":"Gastronomia, qu\u00e8 tastar a Tortosa"},"content":{"rendered":"<p>[vc_row][vc_column]<div class=\"vc-incubalia-big-header\"><h1 class=\"vc-incubalia-big-header__title\">Gastronomie, quoi manger \u00e0 Tortosa?<\/h1><img decoding=\"async\" class=\"vc-incubalia-big-header__mobile-picture\" src=\"https:\/\/www.tortosaturisme.cat\/wp-content\/uploads\/2020\/07\/cap\u00e7alera_gastronomia_tortosa_768x450.jpg\">\n                  <img decoding=\"async\" class=\"vc-incubalia-big-header__desktop-picture\" src=\"https:\/\/www.tortosaturisme.cat\/wp-content\/uploads\/2020\/07\/cap\u00e7alera_gastronomia_tortosa_1920x700.jpg\"><\/div>[\/vc_column][\/vc_row][vc_row][vc_column]<div class=\"vc-incubalia-text-1-column-subtitle\"><h2 class=\"vc-incubalia-text-1-column-subtitle__title\">UNE CUISINE ATTACH\u00c9 \u00c0 SON TERROIR<\/h2><h3 class=\"vc-incubalia-text-1-column-subtitle__subtitle\">Au coeur des Terres de l'Ebre, Tortosa reunit et offre \u00e0 sa gastronomie la richesse et la variet\u00e9 de produits de l'\u00c9bre<\/h3><div class=\"vc-incubalia-text-1-column-subtitle__text\">Go\u00fbter la gastronomie de Tortosa est \u00e9gale \u00e0 go\u00fbter <strong>le meilleur de la terre et de la mer<\/strong> et d\u00e9guster des produits les plus typiques d&rsquo;un terroir caract\u00e9ris\u00e9 par ses bons produits et se r\u00e9galer avec la cuisine de Tortosa.<\/p><br \/>\n<p>L&rsquo;un des tr\u00e9sors de la terre que l&rsquo;on ne peut manquer de go\u00fbter c&rsquo;est <strong>l&rsquo;huile de l&rsquo;Appellation d&rsquo;Origine Prot\u00e9g\u00e9e Baix Ebre-Montsi\u00e0<\/strong>, l&rsquo;\u00e9l\u00e9ment indispensable dans tous les plats de Tortosa. Sans aucun doute, <strong>le riz<\/strong>, l&rsquo;une des cultures les plus traditionnelles du delta de l&rsquo;\u00c9bre, fait partie des plats les plus typiques de Tortosa. Les moules et les hu\u00eetres ce sont aussi des produits phares du territoire, ainsi que les crevettes de Sant Carles de la R\u00e0pita ou bien le thon de\u00a0 l\u2019Ametlla de Mar, des villages de p\u00eacheurs \u00e0 moins de 30 minutes en voiture de Tortosa. Les assiettes \u00e0 base de <strong>poisson<\/strong> et de <strong>fruits de mer<\/strong> raviront aussi les palais les plus exigeants.<\/div><\/div><div class=\"vc-incubalia-medium-header\"><img decoding=\"async\" class=\"vc-incubalia-medium-header__mobile-picture brightness-100\" src=\"https:\/\/www.tortosaturisme.cat\/wp-content\/uploads\/2020\/07\/plats_tortosa_768x350.jpg\">\n                  <img decoding=\"async\" class=\"vc-incubalia-medium-header__desktop-picture brightness-100\" src=\"https:\/\/www.tortosaturisme.cat\/wp-content\/uploads\/2020\/07\/plas_tortosa_1920x550.jpg\"><\/div><div class=\"vc-incubalia-text-1-column-subtitle\"><div class=\"vc-incubalia-text-1-column-subtitle__text\">Parler de Tortosa, c&rsquo;est parler de la <strong>morue<\/strong>, l&rsquo;un des protagonistes du march\u00e9 municipal, un produit de la mer tr\u00e8s pr\u00e9cieux, tr\u00e8s tendre et frais, qui en ville prend forme de mille fa\u00e7ons diff\u00e9rentes.<\/p><br \/>\n<p>Tendres et savoureux, les <strong>artichauts<\/strong> sont aussi les autres protagonistes dans les assiettes des restaurants de Tortosa, ainsi que les baldanes, (boudin noir \u00e0 base de riz), un produit local tr\u00e8s appr\u00e9ci\u00e9. Les <strong>agrumes<\/strong> et notamment la mandarine de la vari\u00e9t\u00e9 cl\u00e9mentine, ainsi que les p\u00eaches sont parmi les fruits les plus pris\u00e9s.<\/p><br \/>\n<p>Pour les amateurs du <strong>vin<\/strong>, on vous proppose l&rsquo;star des Terres de l&rsquo;\u00c9bre, l&rsquo;AOC Terra Alta, avec une s\u00e9lection de vins de caract\u00e8re d&rsquo;une renomm\u00e9e mondiale. Un tr\u00e8s bon choix pour d\u00e9guster la gastronomie de Tortosa c&rsquo;est se balader tout simplement par le centre de la vielle ville et d&rsquo;entrer dans les \u00e9tablissements du centre pour d\u00e9guster les d\u00e9licieuses tapas avec des vins de grand prestige.<\/p><br \/>\n<p>Surtout, il ne faut pas rater les sucreries. Les sucreries sont \u00e9galement tr\u00e8s pris\u00e9es, les pastissets sont les plus connus (les classiques sont \u00e0 base de confiture de cheveux d&rsquo;ange, mais il y en a aussi au fromage frais, chocolat ou bien \u00e0 l&rsquo;orange), ainsi que le <strong>menjar blanc<\/strong> ou les <strong>Garrofetes del papa<\/strong>, (des petits g\u00e2teaux faits pour le pape Luna). De plus, dans presque toutes les p\u00e2tisseries et boulangeries de la ville, vous trouverez du coc (c&rsquo;est un g\u00e2teau qui a une recette simple et qui est pr\u00e9sent dans presque tous les go\u00fbters) et enfin le g\u00e2teau appel\u00e9 Sopa de la Reina, ce sont les deux cr\u00e9ations les plus authentiques de Tortosa qui vaut le coup de manger.<\/div><\/div><div class=\"vc-incubalia-3-images\"><h2 class=\"vc-incubalia-3-images__title\">NOS RECETTES<\/h2><div class=\"vc-incubalia-3-images__image\"><a href=\"\/fr\/recepta-pastissets\/\"><img decoding=\"async\" src=\"https:\/\/www.tortosaturisme.cat\/wp-content\/uploads\/2020\/07\/pastissets_800x600.jpg\" alt=\"\"><\/a><a href=\"\/fr\/recepta-pastissets\/\"><p class=\"vc-incubalia-3-images__image-title\">Pastissets<\/p><\/a><\/div><div class=\"vc-incubalia-3-images__image\"><a href=\"\/fr\/recepta-menjar-blanc\/\"><img decoding=\"async\" src=\"https:\/\/www.tortosaturisme.cat\/wp-content\/uploads\/2020\/07\/menjar_blan_800x600.jpg\" alt=\"\"><\/a><a href=\"\/fr\/recepta-menjar-blanc\/\"><p class=\"vc-incubalia-3-images__image-title\">Menjar Blanc<\/p><\/a><\/div><div class=\"vc-incubalia-3-images__image\"><a href=\"\/fr\/recepta-bunyols-abadejo\/\"><img decoding=\"async\" src=\"https:\/\/www.tortosaturisme.cat\/wp-content\/uploads\/2020\/07\/bunyols_800x600.jpg\" alt=\"\"><\/a><a href=\"\/fr\/recepta-bunyols-abadejo\/\"><p class=\"vc-incubalia-3-images__image-title\">Acras de morue<\/p><\/a><\/div><\/div>[\/vc_column][\/vc_row][vc_row][vc_column]<div class=\"vc-incubalia-4-images\"><h2 class=\"vc-incubalia-4-images__title\">Nos recommendations<\/h2><div class=\"vc-incubalia-4-images__image has-url\"\"><a href=\"\/fr\/tortosa-de-tapes\/\"><img decoding=\"async\" src=\"https:\/\/www.tortosaturisme.cat\/wp-content\/uploads\/2020\/07\/taps_900x400.jpg\" alt=\"\"><\/a><div class=\"vc-incubalia-4-images__image-text-container\"><p class=\"vc-incubalia-4-images__image-title\">DE TAPAS \u00c0 TORTOSA<\/p><\/div><div class=\"vc-incubalia-4-images__image-url-container\"><span class=\"vc-incubalia-4-images__image-url\">Lire la suite<\/span><\/div><\/div><div class=\"vc-incubalia-4-images__image has-url\"\"><a href=\"\/fr\/le-marche\/\"><img decoding=\"async\" src=\"https:\/\/www.tortosaturisme.cat\/wp-content\/uploads\/2020\/07\/mercat_900x400.jpg\" alt=\"\"><\/a><div class=\"vc-incubalia-4-images__image-text-container\"><p class=\"vc-incubalia-4-images__image-title\">March\u00e9 de Tortosa<\/p><\/div><div class=\"vc-incubalia-4-images__image-url-container\"><span class=\"vc-incubalia-4-images__image-url\">Lire la suite<\/span><\/div><\/div><div class=\"vc-incubalia-4-images__image has-url\"\"><a href=\"fr\/journees-gastronomiques\/\"><img decoding=\"async\" src=\"https:\/\/www.tortosaturisme.cat\/wp-content\/uploads\/2020\/07\/tapes_900x400.jpg\" alt=\"\"><\/a><div class=\"vc-incubalia-4-images__image-text-container\"><p class=\"vc-incubalia-4-images__image-title\">JOURN\u00c9ES GASTRON\u00d2MIQUES<\/p><\/div><div class=\"vc-incubalia-4-images__image-url-container\"><span class=\"vc-incubalia-4-images__image-url\">Lire la suite<\/span><\/div><\/div><div class=\"vc-incubalia-4-images__image has-url\"\"><a href=\"\/fr\/experiencies\/?experience-type=gastronomiques&list-view=cards\"><img decoding=\"async\" src=\"https:\/\/www.tortosaturisme.cat\/wp-content\/uploads\/2020\/07\/experiencies_gastronomiques_900x400.jpg\" alt=\"\"><\/a><div class=\"vc-incubalia-4-images__image-text-container\"><p class=\"vc-incubalia-4-images__image-title\">EXP\u00c9RIENCIES DE D\u00c9GUSTATION ET GASTRONOMIE<\/p><\/div><div class=\"vc-incubalia-4-images__image-url-container\"><span class=\"vc-incubalia-4-images__image-url\">Lire la suite<\/span><\/div><\/div><\/div><div class=\"vc-incubalia-spacer-half\"><\/div><div class=\"vc-incubalia-5-cards\"><h2 class=\"vc-incubalia-5-cards__title\">EN SAVOIR PLUS<\/h2><div class=\"vc-incubalia-5-cards__card card-1 has-url\"><a href=\"\/la-cuina-de-les-terres-de-lebre\/\"><img decoding=\"async\" class=\"vc-incubalia-5-cards__card-mobile-picture\" src=\"https:\/\/www.tortosaturisme.cat\/wp-content\/uploads\/2018\/02\/B-1280-cuina-tor-640x460.jpg\">\n                      <img decoding=\"async\" class=\"vc-incubalia-5-cards__card-desktop-picture\" src=\"https:\/\/www.tortosaturisme.cat\/wp-content\/uploads\/2018\/02\/B-1280-cuina-tor.jpg\"><\/a><div class=\"vc-incubalia-5-cards__card-text-container\"><p class=\"vc-incubalia-5-cards__card-title\">La cuisine des Terres de l'\u00c9bre<\/p><\/div><div class=\"vc-incubalia-5-cards__card-url-container\"><span class=\"vc-incubalia-5-cards__card-url\">Lire la suite<\/span><\/div><\/div><div class=\"vc-incubalia-5-cards__card card-2 has-url\"><a href=\"\/restaurants\/\"><img decoding=\"async\" class=\"vc-incubalia-5-cards__card-mobile-picture\" src=\"\">\n                      <img decoding=\"async\" class=\"vc-incubalia-5-cards__card-desktop-picture\" src=\"https:\/\/www.tortosaturisme.cat\/wp-content\/uploads\/2020\/07\/restaurants_1280x460-640x460.jpg\"><\/a><div class=\"vc-incubalia-5-cards__card-text-container\"><p class=\"vc-incubalia-5-cards__card-title\">RESTAURANTS<\/p><\/div><div class=\"vc-incubalia-5-cards__card-url-container\"><span class=\"vc-incubalia-5-cards__card-url\">Lire la suite<\/span><\/div><\/div><div class=\"vc-incubalia-5-cards__card-3-and-4-container\"><div class=\"vc-incubalia-5-cards__card card-3 has-url\"><a href=\"\/el-millor-de-la-mar\/\"><img decoding=\"async\" class=\"vc-incubalia-5-cards__card-mobile-picture\" src=\"https:\/\/www.tortosaturisme.cat\/wp-content\/uploads\/2018\/02\/b-1280-millor-mar-640x460.jpg\">\n                      <img decoding=\"async\" class=\"vc-incubalia-5-cards__card-desktop-picture\" src=\"https:\/\/www.tortosaturisme.cat\/wp-content\/uploads\/2018\/02\/b-1280-millor-mar-640x460.jpg\"><\/a><div class=\"vc-incubalia-5-cards__card-text-container\"><p class=\"vc-incubalia-5-cards__card-title\">Le meilleur de la mer<\/p><\/div><div class=\"vc-incubalia-5-cards__card-url-container\"><span class=\"vc-incubalia-5-cards__card-url\">Lire la suite<\/span><\/div><\/div><div class=\"vc-incubalia-5-cards__card card-4 has-url\"><a href=\"\/el-millor-de-la-terra\/\"><img decoding=\"async\" class=\"vc-incubalia-5-cards__card-mobile-picture\" src=\"https:\/\/www.tortosaturisme.cat\/wp-content\/uploads\/2018\/02\/b-1280-millor-terra-640x460.jpg\">\n                      <img decoding=\"async\" class=\"vc-incubalia-5-cards__card-desktop-picture\" src=\"https:\/\/www.tortosaturisme.cat\/wp-content\/uploads\/2018\/02\/b-1280-millor-terra-640x460.jpg\"><\/a><div class=\"vc-incubalia-5-cards__card-text-container\"><p class=\"vc-incubalia-5-cards__card-title\">Le meilleur de la terre<\/p><\/div><div class=\"vc-incubalia-5-cards__card-url-container\"><span class=\"vc-incubalia-5-cards__card-url\">Lire la suite<\/span><\/div><\/div><\/div><div class=\"vc-incubalia-5-cards__card card-5 has-url\"><a href=\"\/la-do-terra-alta\/\"><img decoding=\"async\" class=\"vc-incubalia-5-cards__card-mobile-picture\" src=\"https:\/\/www.tortosaturisme.cat\/wp-content\/uploads\/2020\/07\/vi-1280x460-640x460.jpg\">\n                      <img decoding=\"async\" class=\"vc-incubalia-5-cards__card-desktop-picture\" src=\"https:\/\/www.tortosaturisme.cat\/wp-content\/uploads\/2020\/07\/vi-1280x460-640x449.jpg\"><\/a><div class=\"vc-incubalia-5-cards__card-text-container\"><p class=\"vc-incubalia-5-cards__card-title\">(AOC) Terra Alta<\/p><\/div><div class=\"vc-incubalia-5-cards__card-url-container\"><span class=\"vc-incubalia-5-cards__card-url\">Lire la suite<\/span><\/div><\/div><\/div>[\/vc_column][\/vc_row]<\/p>\n","protected":false},"excerpt":{"rendered":"<p>[vc_row][vc_column][\/vc_column][\/vc_row][vc_row][vc_column][\/vc_column][\/vc_row][vc_row][vc_column][\/vc_column][\/vc_row]<\/p>\n","protected":false},"author":2,"featured_media":0,"parent":0,"menu_order":51,"comment_status":"closed","ping_status":"closed","template":"","meta":{"footnotes":""},"class_list":["post-16116","page","type-page","status-publish","hentry"],"acf":[],"yoast_head":"<!-- This site is optimized with the Yoast SEO plugin v27.5 - https:\/\/yoast.com\/product\/yoast-seo-wordpress\/ -->\n<title>Qu\u00e8 tastar a Tortosa? Els plats t\u00edpics de la ciutat | Tortosa Turisme<\/title>\n<meta name=\"description\" content=\"Tortosa, situada al cor de les Terres de l&#039;Ebre, gaudeix d&#039;una gastronomia basada en la riquesa i varietat dels productes ebrencs. L&#039;abadejo, les baldanes, l&#039;arr\u00f2s del Delta i els vins DO de la Terra Alta s\u00f3n alguns dels protagonistes de la cuina tortosina. I no ens oblidem dels dol\u00e7os: els pastissets s\u00f3n l&#039;estrella!\" \/>\n<meta name=\"robots\" content=\"index, follow, max-snippet:-1, max-image-preview:large, max-video-preview:-1\" \/>\n<link rel=\"canonical\" href=\"https:\/\/www.tortosaturisme.cat\/fr\/que-tastar-a-tortosa\/\" \/>\n<meta property=\"og:locale\" content=\"fr_FR\" \/>\n<meta property=\"og:type\" content=\"article\" \/>\n<meta property=\"og:title\" content=\"Qu\u00e8 tastar a Tortosa? Els plats t\u00edpics de la ciutat | Tortosa Turisme\" \/>\n<meta property=\"og:description\" content=\"Tortosa, situada al cor de les Terres de l&#039;Ebre, gaudeix d&#039;una gastronomia basada en la riquesa i varietat dels productes ebrencs. L&#039;abadejo, les baldanes, l&#039;arr\u00f2s del Delta i els vins DO de la Terra Alta s\u00f3n alguns dels protagonistes de la cuina tortosina. I no ens oblidem dels dol\u00e7os: els pastissets s\u00f3n l&#039;estrella!\" \/>\n<meta property=\"og:url\" content=\"https:\/\/www.tortosaturisme.cat\/fr\/que-tastar-a-tortosa\/\" \/>\n<meta property=\"og:site_name\" content=\"tortosaturisme\" \/>\n<meta property=\"article:modified_time\" content=\"2025-02-05T17:03:58+00:00\" \/>\n<meta name=\"twitter:card\" content=\"summary_large_image\" \/>\n<meta name=\"twitter:label1\" content=\"Dur\u00e9e de lecture estim\u00e9e\" \/>\n\t<meta name=\"twitter:data1\" content=\"4 minutes\" \/>\n<script type=\"application\/ld+json\" class=\"yoast-schema-graph\">{\"@context\":\"https:\\\/\\\/schema.org\",\"@graph\":[{\"@type\":\"WebPage\",\"@id\":\"https:\\\/\\\/www.tortosaturisme.cat\\\/fr\\\/que-tastar-a-tortosa\\\/\",\"url\":\"https:\\\/\\\/www.tortosaturisme.cat\\\/fr\\\/que-tastar-a-tortosa\\\/\",\"name\":\"Qu\u00e8 tastar a Tortosa? Els plats t\u00edpics de la ciutat | Tortosa Turisme\",\"isPartOf\":{\"@id\":\"https:\\\/\\\/www.tortosaturisme.cat\\\/fr\\\/#website\"},\"datePublished\":\"2020-07-30T06:01:56+00:00\",\"dateModified\":\"2025-02-05T17:03:58+00:00\",\"description\":\"Tortosa, situada al cor de les Terres de l'Ebre, gaudeix d'una gastronomia basada en la riquesa i varietat dels productes ebrencs. L'abadejo, les baldanes, l'arr\u00f2s del Delta i els vins DO de la Terra Alta s\u00f3n alguns dels protagonistes de la cuina tortosina. I no ens oblidem dels dol\u00e7os: els pastissets s\u00f3n l'estrella!\",\"breadcrumb\":{\"@id\":\"https:\\\/\\\/www.tortosaturisme.cat\\\/fr\\\/que-tastar-a-tortosa\\\/#breadcrumb\"},\"inLanguage\":\"fr-FR\",\"potentialAction\":[{\"@type\":\"ReadAction\",\"target\":[\"https:\\\/\\\/www.tortosaturisme.cat\\\/fr\\\/que-tastar-a-tortosa\\\/\"]}]},{\"@type\":\"BreadcrumbList\",\"@id\":\"https:\\\/\\\/www.tortosaturisme.cat\\\/fr\\\/que-tastar-a-tortosa\\\/#breadcrumb\",\"itemListElement\":[{\"@type\":\"ListItem\",\"position\":1,\"name\":\"Home\",\"item\":\"https:\\\/\\\/www.tortosaturisme.cat\\\/fr\\\/home-page\\\/\"},{\"@type\":\"ListItem\",\"position\":2,\"name\":\"Gastronomia, qu\u00e8 tastar a Tortosa\"}]},{\"@type\":\"WebSite\",\"@id\":\"https:\\\/\\\/www.tortosaturisme.cat\\\/fr\\\/#website\",\"url\":\"https:\\\/\\\/www.tortosaturisme.cat\\\/fr\\\/\",\"name\":\"tortosaturisme\",\"description\":\"Otro sitio realizado con WordPress\",\"potentialAction\":[{\"@type\":\"SearchAction\",\"target\":{\"@type\":\"EntryPoint\",\"urlTemplate\":\"https:\\\/\\\/www.tortosaturisme.cat\\\/fr\\\/?s={search_term_string}\"},\"query-input\":{\"@type\":\"PropertyValueSpecification\",\"valueRequired\":true,\"valueName\":\"search_term_string\"}}],\"inLanguage\":\"fr-FR\"}]}<\/script>\n<!-- \/ Yoast SEO plugin. -->","yoast_head_json":{"title":"Qu\u00e8 tastar a Tortosa? Els plats t\u00edpics de la ciutat | Tortosa Turisme","description":"Tortosa, situada al cor de les Terres de l'Ebre, gaudeix d'una gastronomia basada en la riquesa i varietat dels productes ebrencs. L'abadejo, les baldanes, l'arr\u00f2s del Delta i els vins DO de la Terra Alta s\u00f3n alguns dels protagonistes de la cuina tortosina. I no ens oblidem dels dol\u00e7os: els pastissets s\u00f3n l'estrella!","robots":{"index":"index","follow":"follow","max-snippet":"max-snippet:-1","max-image-preview":"max-image-preview:large","max-video-preview":"max-video-preview:-1"},"canonical":"https:\/\/www.tortosaturisme.cat\/fr\/que-tastar-a-tortosa\/","og_locale":"fr_FR","og_type":"article","og_title":"Qu\u00e8 tastar a Tortosa? Els plats t\u00edpics de la ciutat | Tortosa Turisme","og_description":"Tortosa, situada al cor de les Terres de l'Ebre, gaudeix d'una gastronomia basada en la riquesa i varietat dels productes ebrencs. L'abadejo, les baldanes, l'arr\u00f2s del Delta i els vins DO de la Terra Alta s\u00f3n alguns dels protagonistes de la cuina tortosina. I no ens oblidem dels dol\u00e7os: els pastissets s\u00f3n l'estrella!","og_url":"https:\/\/www.tortosaturisme.cat\/fr\/que-tastar-a-tortosa\/","og_site_name":"tortosaturisme","article_modified_time":"2025-02-05T17:03:58+00:00","twitter_card":"summary_large_image","twitter_misc":{"Dur\u00e9e de lecture estim\u00e9e":"4 minutes"},"schema":{"@context":"https:\/\/schema.org","@graph":[{"@type":"WebPage","@id":"https:\/\/www.tortosaturisme.cat\/fr\/que-tastar-a-tortosa\/","url":"https:\/\/www.tortosaturisme.cat\/fr\/que-tastar-a-tortosa\/","name":"Qu\u00e8 tastar a Tortosa? Els plats t\u00edpics de la ciutat | Tortosa Turisme","isPartOf":{"@id":"https:\/\/www.tortosaturisme.cat\/fr\/#website"},"datePublished":"2020-07-30T06:01:56+00:00","dateModified":"2025-02-05T17:03:58+00:00","description":"Tortosa, situada al cor de les Terres de l'Ebre, gaudeix d'una gastronomia basada en la riquesa i varietat dels productes ebrencs. L'abadejo, les baldanes, l'arr\u00f2s del Delta i els vins DO de la Terra Alta s\u00f3n alguns dels protagonistes de la cuina tortosina. I no ens oblidem dels dol\u00e7os: els pastissets s\u00f3n l'estrella!","breadcrumb":{"@id":"https:\/\/www.tortosaturisme.cat\/fr\/que-tastar-a-tortosa\/#breadcrumb"},"inLanguage":"fr-FR","potentialAction":[{"@type":"ReadAction","target":["https:\/\/www.tortosaturisme.cat\/fr\/que-tastar-a-tortosa\/"]}]},{"@type":"BreadcrumbList","@id":"https:\/\/www.tortosaturisme.cat\/fr\/que-tastar-a-tortosa\/#breadcrumb","itemListElement":[{"@type":"ListItem","position":1,"name":"Home","item":"https:\/\/www.tortosaturisme.cat\/fr\/home-page\/"},{"@type":"ListItem","position":2,"name":"Gastronomia, qu\u00e8 tastar a Tortosa"}]},{"@type":"WebSite","@id":"https:\/\/www.tortosaturisme.cat\/fr\/#website","url":"https:\/\/www.tortosaturisme.cat\/fr\/","name":"tortosaturisme","description":"Otro sitio realizado con WordPress","potentialAction":[{"@type":"SearchAction","target":{"@type":"EntryPoint","urlTemplate":"https:\/\/www.tortosaturisme.cat\/fr\/?s={search_term_string}"},"query-input":{"@type":"PropertyValueSpecification","valueRequired":true,"valueName":"search_term_string"}}],"inLanguage":"fr-FR"}]}},"_links":{"self":[{"href":"https:\/\/www.tortosaturisme.cat\/fr\/wp-json\/wp\/v2\/pages\/16116","targetHints":{"allow":["GET"]}}],"collection":[{"href":"https:\/\/www.tortosaturisme.cat\/fr\/wp-json\/wp\/v2\/pages"}],"about":[{"href":"https:\/\/www.tortosaturisme.cat\/fr\/wp-json\/wp\/v2\/types\/page"}],"author":[{"embeddable":true,"href":"https:\/\/www.tortosaturisme.cat\/fr\/wp-json\/wp\/v2\/users\/2"}],"replies":[{"embeddable":true,"href":"https:\/\/www.tortosaturisme.cat\/fr\/wp-json\/wp\/v2\/comments?post=16116"}],"version-history":[{"count":23,"href":"https:\/\/www.tortosaturisme.cat\/fr\/wp-json\/wp\/v2\/pages\/16116\/revisions"}],"predecessor-version":[{"id":37010,"href":"https:\/\/www.tortosaturisme.cat\/fr\/wp-json\/wp\/v2\/pages\/16116\/revisions\/37010"}],"wp:attachment":[{"href":"https:\/\/www.tortosaturisme.cat\/fr\/wp-json\/wp\/v2\/media?parent=16116"}],"curies":[{"name":"wp","href":"https:\/\/api.w.org\/{rel}","templated":true}]}}