{"id":16156,"date":"2020-09-01T05:57:19","date_gmt":"2020-09-01T05:57:19","guid":{"rendered":"https:\/\/www.tortosaturisme.cat\/fr\/recepta-pastissets\/"},"modified":"2020-11-24T10:29:46","modified_gmt":"2020-11-24T10:29:46","slug":"recepta-pastissets","status":"publish","type":"page","link":"https:\/\/www.tortosaturisme.cat\/fr\/recepta-pastissets\/","title":{"rendered":"Recepta Pastissets"},"content":{"rendered":"<p>[vc_row][vc_column]<div class=\"vc-incubalia-medium-header\"><img decoding=\"async\" class=\"vc-incubalia-medium-header__mobile-picture brightness-100\" src=\"https:\/\/www.tortosaturisme.cat\/wp-content\/uploads\/2020\/09\/pastissets_768x350.jpg\">\n                  <img decoding=\"async\" class=\"vc-incubalia-medium-header__desktop-picture brightness-100\" src=\"https:\/\/www.tortosaturisme.cat\/wp-content\/uploads\/2020\/09\/pastissets_1920x550.jpg\"><\/div><div class=\"vc-incubalia-text-1-column-subtitle\"><h2 class=\"vc-incubalia-text-1-column-subtitle__title\">PASTISSETS DE TORTOSA<\/h2><div class=\"vc-incubalia-text-1-column-subtitle__text\">Les <strong>pastissets<\/strong> sont l\u2019un des principaux h\u00e9ritages du pass\u00e9 <strong>arabe<\/strong> de la ville. En forme de demie lune et bourr\u00e9es de confiture de cheveux d\u2019ange, ce g\u00e2teau artisanal est devenu l\u2019un des produits les plus repr\u00e9sentatifs du territoire et d\u2019un incontournable de la gastronomie de la ville. Document\u00e9s depuis le 8\u00e8me si\u00e8cle et pr\u00e9sents dans les recettes catalanes m\u00e9di\u00e9vales, ils \u00e9taient autrefois pr\u00e9par\u00e9s pour des festivit\u00e9s importantes et pour <strong>honorer la visite de la famille ou des amis<\/strong>. Aujourd\u2019hui, cependant, ils sont consomm\u00e9s toute l\u2019ann\u00e9e et de nouvelles vari\u00e9t\u00e9s sont apparues. Dans les p\u00e2tisseries et boulangeries de Tortosa, vous trouverez des pastissets farcis traditionnels, mais aussi des pastissets farcis au chocolat, fromage frais, \u00e0 l\u2019orange, entre d\u2019autres ingr\u00e9dients. <strong>Tout un plaisir les d\u00e9guster<\/strong>.<\/div><\/div>[\/vc_column][\/vc_row][vc_row][vc_column width=\u00a0\u00bb1\/2&Prime;]<div class=\"vc-incubalia-text-1-column\"><h2 class=\"vc-incubalia-text-1-column__title\"><span class=\"first-word\">INGR\u00c9DIENTS<\/span> <\/h2><div class=\"vc-incubalia-text-1-column__text\"><\/p><br \/>\n<ul><br \/>\n<li>1 tasse de mistela (vin doux)<\/li><br \/>\n<li>1 tasse d\u2019anis<\/li><br \/>\n<li>100 gr de sucre<\/li><br \/>\n<li>30 cl d\u2019huile d\u2019olive<\/li><br \/>\n<li>Farine, jusqu\u2019au moment o\u00f9 vous pouvez travailler la p\u00e2te comme s\u2019il s\u2019agitait d\u2019une p\u00e2te \u00e0 quiche<\/li><br \/>\n<li>Confiture de cheveux d\u2019ange ( chocolat, fromage blanc,\u2026)<\/li><br \/>\n<\/ul><br \/>\n<p><\/div><\/div><script>\n            (function($) {\n                $(function() {\n                    $(\".vc_col-sm-6\").parent(\".vc_row\").addClass(\"vc_layout_2\");\n                });\n            })(jQuery);\n            <\/script>[\/vc_column][vc_column width=\u00a0\u00bb1\/2&Prime;]<div class=\"vc-incubalia-text-1-column\"><h2 class=\"vc-incubalia-text-1-column__title\"><span class=\"first-word\">\u00c9LABORATION<\/span> <\/h2><div class=\"vc-incubalia-text-1-column__text\"><\/p><br \/>\n<ol><br \/>\n<li>Bien m\u00e9langer le vin doux, l\u2019anis, le sucre, l\u2019huile et la farine.<\/li><br \/>\n<li>Faire des petites boulettes de 50 g. environs et les aplatir en faisant une circonf\u00e9rence.<\/li><br \/>\n<li>Placer la farce et les fermer tous les c\u00f4t\u00e9s.<\/li><br \/>\n<li>Enfourner \u00e0 190\u00ba pendant 15 minutes.<\/li><br \/>\n<li>Mettre du sucre par-dessus une fois ils ont refroidi.<\/li><br \/>\n<\/ol><br \/>\n<p><\/div><\/div><script>\n            (function($) {\n                $(function() {\n                    $(\".vc_col-sm-6\").parent(\".vc_row\").addClass(\"vc_layout_2\");\n                });\n            })(jQuery);\n            <\/script>[\/vc_column][\/vc_row]<\/p>\n","protected":false},"excerpt":{"rendered":"<p>[vc_row][vc_column][\/vc_column][\/vc_row][vc_row][vc_column width=\u00a0\u00bb1\/2&Prime;][\/vc_column][vc_column width=\u00a0\u00bb1\/2&Prime;][\/vc_column][\/vc_row]<\/p>\n","protected":false},"author":2,"featured_media":0,"parent":0,"menu_order":47,"comment_status":"closed","ping_status":"closed","template":"","meta":{"footnotes":""},"class_list":["post-16156","page","type-page","status-publish","hentry"],"acf":[],"yoast_head":"<!-- This site is optimized with the Yoast SEO plugin v27.4 - https:\/\/yoast.com\/product\/yoast-seo-wordpress\/ -->\n<title>Recepta Pastissets de Tortosa | Tortosa Turisme<\/title>\n<meta name=\"description\" content=\"Els pastissets s\u00f3n el dol\u00e7 m\u00e9s fam\u00f3s i popular de Tortosa. S\u00f3n un dels principals llegats del passat \u00e0rab de la ciutat, tenen forma de mitja lluna i, tradicionalment, estan farcits de cabell d&#039;\u00e0ngel. Tot un plaer tastar-los.\" \/>\n<meta name=\"robots\" content=\"index, follow, max-snippet:-1, max-image-preview:large, max-video-preview:-1\" \/>\n<link rel=\"canonical\" href=\"https:\/\/www.tortosaturisme.cat\/fr\/recepta-pastissets\/\" \/>\n<meta property=\"og:locale\" content=\"fr_FR\" \/>\n<meta property=\"og:type\" content=\"article\" \/>\n<meta property=\"og:title\" content=\"Recepta Pastissets de Tortosa | Tortosa Turisme\" \/>\n<meta property=\"og:description\" content=\"Els pastissets s\u00f3n el dol\u00e7 m\u00e9s fam\u00f3s i popular de Tortosa. S\u00f3n un dels principals llegats del passat \u00e0rab de la ciutat, tenen forma de mitja lluna i, tradicionalment, estan farcits de cabell d&#039;\u00e0ngel. Tot un plaer tastar-los.\" \/>\n<meta property=\"og:url\" content=\"https:\/\/www.tortosaturisme.cat\/fr\/recepta-pastissets\/\" \/>\n<meta property=\"og:site_name\" content=\"tortosaturisme\" \/>\n<meta property=\"article:modified_time\" content=\"2020-11-24T10:29:46+00:00\" \/>\n<meta name=\"twitter:card\" content=\"summary_large_image\" \/>\n<meta name=\"twitter:label1\" content=\"Dur\u00e9e de lecture estim\u00e9e\" \/>\n\t<meta name=\"twitter:data1\" content=\"2 minutes\" \/>\n<script type=\"application\/ld+json\" class=\"yoast-schema-graph\">{\"@context\":\"https:\\\/\\\/schema.org\",\"@graph\":[{\"@type\":\"WebPage\",\"@id\":\"https:\\\/\\\/www.tortosaturisme.cat\\\/fr\\\/recepta-pastissets\\\/\",\"url\":\"https:\\\/\\\/www.tortosaturisme.cat\\\/fr\\\/recepta-pastissets\\\/\",\"name\":\"Recepta Pastissets de Tortosa | Tortosa Turisme\",\"isPartOf\":{\"@id\":\"https:\\\/\\\/www.tortosaturisme.cat\\\/fr\\\/#website\"},\"datePublished\":\"2020-09-01T05:57:19+00:00\",\"dateModified\":\"2020-11-24T10:29:46+00:00\",\"description\":\"Els pastissets s\u00f3n el dol\u00e7 m\u00e9s fam\u00f3s i popular de Tortosa. S\u00f3n un dels principals llegats del passat \u00e0rab de la ciutat, tenen forma de mitja lluna i, tradicionalment, estan farcits de cabell d'\u00e0ngel. Tot un plaer tastar-los.\",\"breadcrumb\":{\"@id\":\"https:\\\/\\\/www.tortosaturisme.cat\\\/fr\\\/recepta-pastissets\\\/#breadcrumb\"},\"inLanguage\":\"fr-FR\",\"potentialAction\":[{\"@type\":\"ReadAction\",\"target\":[\"https:\\\/\\\/www.tortosaturisme.cat\\\/fr\\\/recepta-pastissets\\\/\"]}]},{\"@type\":\"BreadcrumbList\",\"@id\":\"https:\\\/\\\/www.tortosaturisme.cat\\\/fr\\\/recepta-pastissets\\\/#breadcrumb\",\"itemListElement\":[{\"@type\":\"ListItem\",\"position\":1,\"name\":\"Home\",\"item\":\"https:\\\/\\\/www.tortosaturisme.cat\\\/fr\\\/home-page\\\/\"},{\"@type\":\"ListItem\",\"position\":2,\"name\":\"Recepta Pastissets\"}]},{\"@type\":\"WebSite\",\"@id\":\"https:\\\/\\\/www.tortosaturisme.cat\\\/fr\\\/#website\",\"url\":\"https:\\\/\\\/www.tortosaturisme.cat\\\/fr\\\/\",\"name\":\"tortosaturisme\",\"description\":\"Otro sitio realizado con WordPress\",\"potentialAction\":[{\"@type\":\"SearchAction\",\"target\":{\"@type\":\"EntryPoint\",\"urlTemplate\":\"https:\\\/\\\/www.tortosaturisme.cat\\\/fr\\\/?s={search_term_string}\"},\"query-input\":{\"@type\":\"PropertyValueSpecification\",\"valueRequired\":true,\"valueName\":\"search_term_string\"}}],\"inLanguage\":\"fr-FR\"}]}<\/script>\n<!-- \/ Yoast SEO plugin. -->","yoast_head_json":{"title":"Recepta Pastissets de Tortosa | Tortosa Turisme","description":"Els pastissets s\u00f3n el dol\u00e7 m\u00e9s fam\u00f3s i popular de Tortosa. S\u00f3n un dels principals llegats del passat \u00e0rab de la ciutat, tenen forma de mitja lluna i, tradicionalment, estan farcits de cabell d'\u00e0ngel. Tot un plaer tastar-los.","robots":{"index":"index","follow":"follow","max-snippet":"max-snippet:-1","max-image-preview":"max-image-preview:large","max-video-preview":"max-video-preview:-1"},"canonical":"https:\/\/www.tortosaturisme.cat\/fr\/recepta-pastissets\/","og_locale":"fr_FR","og_type":"article","og_title":"Recepta Pastissets de Tortosa | Tortosa Turisme","og_description":"Els pastissets s\u00f3n el dol\u00e7 m\u00e9s fam\u00f3s i popular de Tortosa. S\u00f3n un dels principals llegats del passat \u00e0rab de la ciutat, tenen forma de mitja lluna i, tradicionalment, estan farcits de cabell d'\u00e0ngel. Tot un plaer tastar-los.","og_url":"https:\/\/www.tortosaturisme.cat\/fr\/recepta-pastissets\/","og_site_name":"tortosaturisme","article_modified_time":"2020-11-24T10:29:46+00:00","twitter_card":"summary_large_image","twitter_misc":{"Dur\u00e9e de lecture estim\u00e9e":"2 minutes"},"schema":{"@context":"https:\/\/schema.org","@graph":[{"@type":"WebPage","@id":"https:\/\/www.tortosaturisme.cat\/fr\/recepta-pastissets\/","url":"https:\/\/www.tortosaturisme.cat\/fr\/recepta-pastissets\/","name":"Recepta Pastissets de Tortosa | Tortosa Turisme","isPartOf":{"@id":"https:\/\/www.tortosaturisme.cat\/fr\/#website"},"datePublished":"2020-09-01T05:57:19+00:00","dateModified":"2020-11-24T10:29:46+00:00","description":"Els pastissets s\u00f3n el dol\u00e7 m\u00e9s fam\u00f3s i popular de Tortosa. S\u00f3n un dels principals llegats del passat \u00e0rab de la ciutat, tenen forma de mitja lluna i, tradicionalment, estan farcits de cabell d'\u00e0ngel. Tot un plaer tastar-los.","breadcrumb":{"@id":"https:\/\/www.tortosaturisme.cat\/fr\/recepta-pastissets\/#breadcrumb"},"inLanguage":"fr-FR","potentialAction":[{"@type":"ReadAction","target":["https:\/\/www.tortosaturisme.cat\/fr\/recepta-pastissets\/"]}]},{"@type":"BreadcrumbList","@id":"https:\/\/www.tortosaturisme.cat\/fr\/recepta-pastissets\/#breadcrumb","itemListElement":[{"@type":"ListItem","position":1,"name":"Home","item":"https:\/\/www.tortosaturisme.cat\/fr\/home-page\/"},{"@type":"ListItem","position":2,"name":"Recepta Pastissets"}]},{"@type":"WebSite","@id":"https:\/\/www.tortosaturisme.cat\/fr\/#website","url":"https:\/\/www.tortosaturisme.cat\/fr\/","name":"tortosaturisme","description":"Otro sitio realizado con WordPress","potentialAction":[{"@type":"SearchAction","target":{"@type":"EntryPoint","urlTemplate":"https:\/\/www.tortosaturisme.cat\/fr\/?s={search_term_string}"},"query-input":{"@type":"PropertyValueSpecification","valueRequired":true,"valueName":"search_term_string"}}],"inLanguage":"fr-FR"}]}},"_links":{"self":[{"href":"https:\/\/www.tortosaturisme.cat\/fr\/wp-json\/wp\/v2\/pages\/16156","targetHints":{"allow":["GET"]}}],"collection":[{"href":"https:\/\/www.tortosaturisme.cat\/fr\/wp-json\/wp\/v2\/pages"}],"about":[{"href":"https:\/\/www.tortosaturisme.cat\/fr\/wp-json\/wp\/v2\/types\/page"}],"author":[{"embeddable":true,"href":"https:\/\/www.tortosaturisme.cat\/fr\/wp-json\/wp\/v2\/users\/2"}],"replies":[{"embeddable":true,"href":"https:\/\/www.tortosaturisme.cat\/fr\/wp-json\/wp\/v2\/comments?post=16156"}],"version-history":[{"count":2,"href":"https:\/\/www.tortosaturisme.cat\/fr\/wp-json\/wp\/v2\/pages\/16156\/revisions"}],"predecessor-version":[{"id":16174,"href":"https:\/\/www.tortosaturisme.cat\/fr\/wp-json\/wp\/v2\/pages\/16156\/revisions\/16174"}],"wp:attachment":[{"href":"https:\/\/www.tortosaturisme.cat\/fr\/wp-json\/wp\/v2\/media?parent=16156"}],"curies":[{"name":"wp","href":"https:\/\/api.w.org\/{rel}","templated":true}]}}