{"id":16178,"date":"2020-09-01T06:30:54","date_gmt":"2020-09-01T06:30:54","guid":{"rendered":"https:\/\/www.tortosaturisme.cat\/fr\/recepta-bunyols-abadejo\/"},"modified":"2020-11-24T11:14:13","modified_gmt":"2020-11-24T11:14:13","slug":"recepta-bunyols-abadejo","status":"publish","type":"page","link":"https:\/\/www.tortosaturisme.cat\/fr\/recepta-bunyols-abadejo\/","title":{"rendered":"Recette acras de morue"},"content":{"rendered":"<p>[vc_row][vc_column]<div class=\"vc-incubalia-medium-header\"><img decoding=\"async\" class=\"vc-incubalia-medium-header__mobile-picture brightness-100\" src=\"https:\/\/www.tortosaturisme.cat\/wp-content\/uploads\/2020\/09\/bunyols_768x350.jpg\">\n                  <img decoding=\"async\" class=\"vc-incubalia-medium-header__desktop-picture brightness-100\" src=\"https:\/\/www.tortosaturisme.cat\/wp-content\/uploads\/2020\/09\/bunyols_1920x550.jpg\"><\/div>[\/vc_column][\/vc_row][vc_row][vc_column]<div class=\"vc-incubalia-text-1-column-subtitle\"><h2 class=\"vc-incubalia-text-1-column-subtitle__title\">ACRAS DE MORUE<\/h2><div class=\"vc-incubalia-text-1-column-subtitle__text\">Les <strong>acras de morue<\/strong> sont un plat tr\u00e8s typique de la cuisine populaire et de la cuisine maison des Terres de l\u2019Ebre. La morue est l&rsquo;un des produits les plus caract\u00e9ristiques de Tortosa, pr\u00e9sent dans la plupart des menus dans les bars et dans les restaurants. De plus, dans le <strong>march\u00e9 municipal<\/strong>, vous pouvez le trouver cuisin\u00e9 de diff\u00e9rentes mani\u00e8res et pr\u00eat \u00e0 emporter et \u00e0 d\u00e9guster.<\/div><\/div>[\/vc_column][\/vc_row][vc_row][vc_column width=\u00a0\u00bb1\/2&Prime;]<div class=\"vc-incubalia-text-1-column\"><h2 class=\"vc-incubalia-text-1-column__title\"><span class=\"first-word\">INGR\u00c9DIENTS<\/span> <\/h2><div class=\"vc-incubalia-text-1-column__text\"><\/p><br \/>\n<ul><br \/>\n<li>600 gr de pomme de terre<\/li><br \/>\n<li>400 gr de morue<\/li><br \/>\n<li>1 \u0153uf<\/li><br \/>\n<li>3 dents d\u2019ail<\/li><br \/>\n<li>Persil<\/li><br \/>\n<li>Farine de bl\u00e9<\/li><br \/>\n<\/ul><br \/>\n<p><\/div><\/div><script>\n            (function($) {\n                $(function() {\n                    $(\".vc_col-sm-6\").parent(\".vc_row\").addClass(\"vc_layout_2\");\n                });\n            })(jQuery);\n            <\/script>[\/vc_column][vc_column width=\u00a0\u00bb1\/2&Prime;]<div class=\"vc-incubalia-text-1-column\"><h2 class=\"vc-incubalia-text-1-column__title\"><span class=\"first-word\">ELABORACI\u00d3<\/span> <\/h2><div class=\"vc-incubalia-text-1-column__text\"><\/p><br \/>\n<ol><br \/>\n<li>Peler la pomme de terrer et la bouillir pendant 6 minutes<\/li><br \/>\n<li>Rajouter la morue aux pommes de terre et la faire cuire 8 minutes de plus dans le m\u00eame eau<\/li><br \/>\n<li>Passer le tout par une passoire enlever l&rsquo;eau, laisser refroidir et m\u00e9langer avec l&rsquo;\u0153uf, l&rsquo;ail et le persil<\/li><br \/>\n<li>Bien m\u00e9langer la p\u00e2te et faire des petites boulettes \u00e0 l&rsquo;aide de deux cuill\u00e8res et les enfariner<\/li><br \/>\n<li>Finalement, frire les acras avec de l&rsquo;huile d&rsquo;olive<\/li><br \/>\n<\/ol><br \/>\n<p><\/div><\/div><script>\n            (function($) {\n                $(function() {\n                    $(\".vc_col-sm-6\").parent(\".vc_row\").addClass(\"vc_layout_2\");\n                });\n            })(jQuery);\n            <\/script>[\/vc_column][\/vc_row]<\/p>\n","protected":false},"excerpt":{"rendered":"<p>[vc_row][vc_column][\/vc_column][\/vc_row][vc_row][vc_column][\/vc_column][\/vc_row][vc_row][vc_column width=\u00a0\u00bb1\/2&Prime;][\/vc_column][vc_column width=\u00a0\u00bb1\/2&Prime;][\/vc_column][\/vc_row]<\/p>\n","protected":false},"author":2,"featured_media":0,"parent":0,"menu_order":45,"comment_status":"closed","ping_status":"closed","template":"","meta":{"footnotes":""},"class_list":["post-16178","page","type-page","status-publish","hentry"],"acf":[],"yoast_head":"<!-- This site is optimized with the Yoast SEO plugin v27.4 - https:\/\/yoast.com\/product\/yoast-seo-wordpress\/ -->\n<title>Recepta Bunyols d&#039;abadejo o de bacall\u00e0 | Tortosa Turisme<\/title>\n<meta name=\"description\" content=\"Els bunyols d\u2019abadejo o de bacall\u00e0 s\u00f3n un plat molt t\u00edpic de la cuina popular i casolana de les Terres de l\u2019Ebre. L\u2019abadejo \u00e9s un dels productes m\u00e9s caracter\u00edstics de Tortosa i present a la majoria de bars i restaurants. Al Mercat Municipal el podem trobar cuinat de diverses maneres, ja preparat per emportar.\" \/>\n<meta name=\"robots\" content=\"index, follow, max-snippet:-1, max-image-preview:large, max-video-preview:-1\" \/>\n<link rel=\"canonical\" href=\"https:\/\/www.tortosaturisme.cat\/fr\/recepta-bunyols-abadejo\/\" \/>\n<meta property=\"og:locale\" content=\"fr_FR\" \/>\n<meta property=\"og:type\" content=\"article\" \/>\n<meta property=\"og:title\" content=\"Recepta Bunyols d&#039;abadejo o de bacall\u00e0 | Tortosa Turisme\" \/>\n<meta property=\"og:description\" content=\"Els bunyols d\u2019abadejo o de bacall\u00e0 s\u00f3n un plat molt t\u00edpic de la cuina popular i casolana de les Terres de l\u2019Ebre. L\u2019abadejo \u00e9s un dels productes m\u00e9s caracter\u00edstics de Tortosa i present a la majoria de bars i restaurants. Al Mercat Municipal el podem trobar cuinat de diverses maneres, ja preparat per emportar.\" \/>\n<meta property=\"og:url\" content=\"https:\/\/www.tortosaturisme.cat\/fr\/recepta-bunyols-abadejo\/\" \/>\n<meta property=\"og:site_name\" content=\"tortosaturisme\" \/>\n<meta property=\"article:modified_time\" content=\"2020-11-24T11:14:13+00:00\" \/>\n<meta name=\"twitter:card\" content=\"summary_large_image\" \/>\n<meta name=\"twitter:label1\" content=\"Dur\u00e9e de lecture estim\u00e9e\" \/>\n\t<meta name=\"twitter:data1\" content=\"1 minute\" \/>\n<script type=\"application\/ld+json\" class=\"yoast-schema-graph\">{\"@context\":\"https:\\\/\\\/schema.org\",\"@graph\":[{\"@type\":\"WebPage\",\"@id\":\"https:\\\/\\\/www.tortosaturisme.cat\\\/fr\\\/recepta-bunyols-abadejo\\\/\",\"url\":\"https:\\\/\\\/www.tortosaturisme.cat\\\/fr\\\/recepta-bunyols-abadejo\\\/\",\"name\":\"Recepta Bunyols d'abadejo o de bacall\u00e0 | Tortosa Turisme\",\"isPartOf\":{\"@id\":\"https:\\\/\\\/www.tortosaturisme.cat\\\/fr\\\/#website\"},\"datePublished\":\"2020-09-01T06:30:54+00:00\",\"dateModified\":\"2020-11-24T11:14:13+00:00\",\"description\":\"Els bunyols d\u2019abadejo o de bacall\u00e0 s\u00f3n un plat molt t\u00edpic de la cuina popular i casolana de les Terres de l\u2019Ebre. L\u2019abadejo \u00e9s un dels productes m\u00e9s caracter\u00edstics de Tortosa i present a la majoria de bars i restaurants. Al Mercat Municipal el podem trobar cuinat de diverses maneres, ja preparat per emportar.\",\"breadcrumb\":{\"@id\":\"https:\\\/\\\/www.tortosaturisme.cat\\\/fr\\\/recepta-bunyols-abadejo\\\/#breadcrumb\"},\"inLanguage\":\"fr-FR\",\"potentialAction\":[{\"@type\":\"ReadAction\",\"target\":[\"https:\\\/\\\/www.tortosaturisme.cat\\\/fr\\\/recepta-bunyols-abadejo\\\/\"]}]},{\"@type\":\"BreadcrumbList\",\"@id\":\"https:\\\/\\\/www.tortosaturisme.cat\\\/fr\\\/recepta-bunyols-abadejo\\\/#breadcrumb\",\"itemListElement\":[{\"@type\":\"ListItem\",\"position\":1,\"name\":\"Home\",\"item\":\"https:\\\/\\\/www.tortosaturisme.cat\\\/fr\\\/home-page\\\/\"},{\"@type\":\"ListItem\",\"position\":2,\"name\":\"Recette acras de morue\"}]},{\"@type\":\"WebSite\",\"@id\":\"https:\\\/\\\/www.tortosaturisme.cat\\\/fr\\\/#website\",\"url\":\"https:\\\/\\\/www.tortosaturisme.cat\\\/fr\\\/\",\"name\":\"tortosaturisme\",\"description\":\"Otro sitio realizado con WordPress\",\"potentialAction\":[{\"@type\":\"SearchAction\",\"target\":{\"@type\":\"EntryPoint\",\"urlTemplate\":\"https:\\\/\\\/www.tortosaturisme.cat\\\/fr\\\/?s={search_term_string}\"},\"query-input\":{\"@type\":\"PropertyValueSpecification\",\"valueRequired\":true,\"valueName\":\"search_term_string\"}}],\"inLanguage\":\"fr-FR\"}]}<\/script>\n<!-- \/ Yoast SEO plugin. -->","yoast_head_json":{"title":"Recepta Bunyols d'abadejo o de bacall\u00e0 | Tortosa Turisme","description":"Els bunyols d\u2019abadejo o de bacall\u00e0 s\u00f3n un plat molt t\u00edpic de la cuina popular i casolana de les Terres de l\u2019Ebre. L\u2019abadejo \u00e9s un dels productes m\u00e9s caracter\u00edstics de Tortosa i present a la majoria de bars i restaurants. Al Mercat Municipal el podem trobar cuinat de diverses maneres, ja preparat per emportar.","robots":{"index":"index","follow":"follow","max-snippet":"max-snippet:-1","max-image-preview":"max-image-preview:large","max-video-preview":"max-video-preview:-1"},"canonical":"https:\/\/www.tortosaturisme.cat\/fr\/recepta-bunyols-abadejo\/","og_locale":"fr_FR","og_type":"article","og_title":"Recepta Bunyols d'abadejo o de bacall\u00e0 | Tortosa Turisme","og_description":"Els bunyols d\u2019abadejo o de bacall\u00e0 s\u00f3n un plat molt t\u00edpic de la cuina popular i casolana de les Terres de l\u2019Ebre. L\u2019abadejo \u00e9s un dels productes m\u00e9s caracter\u00edstics de Tortosa i present a la majoria de bars i restaurants. Al Mercat Municipal el podem trobar cuinat de diverses maneres, ja preparat per emportar.","og_url":"https:\/\/www.tortosaturisme.cat\/fr\/recepta-bunyols-abadejo\/","og_site_name":"tortosaturisme","article_modified_time":"2020-11-24T11:14:13+00:00","twitter_card":"summary_large_image","twitter_misc":{"Dur\u00e9e de lecture estim\u00e9e":"1 minute"},"schema":{"@context":"https:\/\/schema.org","@graph":[{"@type":"WebPage","@id":"https:\/\/www.tortosaturisme.cat\/fr\/recepta-bunyols-abadejo\/","url":"https:\/\/www.tortosaturisme.cat\/fr\/recepta-bunyols-abadejo\/","name":"Recepta Bunyols d'abadejo o de bacall\u00e0 | Tortosa Turisme","isPartOf":{"@id":"https:\/\/www.tortosaturisme.cat\/fr\/#website"},"datePublished":"2020-09-01T06:30:54+00:00","dateModified":"2020-11-24T11:14:13+00:00","description":"Els bunyols d\u2019abadejo o de bacall\u00e0 s\u00f3n un plat molt t\u00edpic de la cuina popular i casolana de les Terres de l\u2019Ebre. L\u2019abadejo \u00e9s un dels productes m\u00e9s caracter\u00edstics de Tortosa i present a la majoria de bars i restaurants. Al Mercat Municipal el podem trobar cuinat de diverses maneres, ja preparat per emportar.","breadcrumb":{"@id":"https:\/\/www.tortosaturisme.cat\/fr\/recepta-bunyols-abadejo\/#breadcrumb"},"inLanguage":"fr-FR","potentialAction":[{"@type":"ReadAction","target":["https:\/\/www.tortosaturisme.cat\/fr\/recepta-bunyols-abadejo\/"]}]},{"@type":"BreadcrumbList","@id":"https:\/\/www.tortosaturisme.cat\/fr\/recepta-bunyols-abadejo\/#breadcrumb","itemListElement":[{"@type":"ListItem","position":1,"name":"Home","item":"https:\/\/www.tortosaturisme.cat\/fr\/home-page\/"},{"@type":"ListItem","position":2,"name":"Recette acras de morue"}]},{"@type":"WebSite","@id":"https:\/\/www.tortosaturisme.cat\/fr\/#website","url":"https:\/\/www.tortosaturisme.cat\/fr\/","name":"tortosaturisme","description":"Otro sitio realizado con WordPress","potentialAction":[{"@type":"SearchAction","target":{"@type":"EntryPoint","urlTemplate":"https:\/\/www.tortosaturisme.cat\/fr\/?s={search_term_string}"},"query-input":{"@type":"PropertyValueSpecification","valueRequired":true,"valueName":"search_term_string"}}],"inLanguage":"fr-FR"}]}},"_links":{"self":[{"href":"https:\/\/www.tortosaturisme.cat\/fr\/wp-json\/wp\/v2\/pages\/16178","targetHints":{"allow":["GET"]}}],"collection":[{"href":"https:\/\/www.tortosaturisme.cat\/fr\/wp-json\/wp\/v2\/pages"}],"about":[{"href":"https:\/\/www.tortosaturisme.cat\/fr\/wp-json\/wp\/v2\/types\/page"}],"author":[{"embeddable":true,"href":"https:\/\/www.tortosaturisme.cat\/fr\/wp-json\/wp\/v2\/users\/2"}],"replies":[{"embeddable":true,"href":"https:\/\/www.tortosaturisme.cat\/fr\/wp-json\/wp\/v2\/comments?post=16178"}],"version-history":[{"count":4,"href":"https:\/\/www.tortosaturisme.cat\/fr\/wp-json\/wp\/v2\/pages\/16178\/revisions"}],"predecessor-version":[{"id":16183,"href":"https:\/\/www.tortosaturisme.cat\/fr\/wp-json\/wp\/v2\/pages\/16178\/revisions\/16183"}],"wp:attachment":[{"href":"https:\/\/www.tortosaturisme.cat\/fr\/wp-json\/wp\/v2\/media?parent=16178"}],"curies":[{"name":"wp","href":"https:\/\/api.w.org\/{rel}","templated":true}]}}