{"id":16190,"date":"2020-09-01T06:21:07","date_gmt":"2020-09-01T06:21:07","guid":{"rendered":"https:\/\/www.tortosaturisme.cat\/fr\/recepta-menjar-blanc\/"},"modified":"2020-11-30T13:42:05","modified_gmt":"2020-11-30T13:42:05","slug":"recepta-menjar-blanc","status":"publish","type":"page","link":"https:\/\/www.tortosaturisme.cat\/fr\/recepta-menjar-blanc\/","title":{"rendered":"Recette Menjar Blanc (Blanc-Manger)"},"content":{"rendered":"<p>[vc_row][vc_column]<div class=\"vc-incubalia-medium-header\"><img decoding=\"async\" class=\"vc-incubalia-medium-header__mobile-picture brightness-100\" src=\"https:\/\/www.tortosaturisme.cat\/wp-content\/uploads\/2020\/09\/menjar_blanc768x350.jpg\">\n                  <img decoding=\"async\" class=\"vc-incubalia-medium-header__desktop-picture brightness-100\" src=\"https:\/\/www.tortosaturisme.cat\/wp-content\/uploads\/2020\/09\/menjar_blanc1920x550.jpg\"><\/div>[\/vc_column][\/vc_row][vc_row][vc_column]<div class=\"vc-incubalia-text-1-column-subtitle\"><h2 class=\"vc-incubalia-text-1-column-subtitle__title\">MENJAR BLANC<\/h2><div class=\"vc-incubalia-text-1-column-subtitle__text\">Le blanc manger est pr\u00e9sent dans presque toutes les recettes catalanes depuis le Moyen \u00c2ge. Ce dessert traditionnel est m\u00eame mentionn\u00e9 dans <strong>Don Quichotte<\/strong>, o\u00f9 le monsieur et Sancho Panza le mangent en passant par Barcelone. Bien que ce soit un dessert connu dans toute la Catalogne, dans les Terres de l\u2019Ebre, il a une particularit\u00e9 et est l\u2019utilisation de <strong>farine de riz<\/strong> pour sa pr\u00e9paration. \u00c0 Tortosa, au go\u00fbt sucr\u00e9 et doux, sa consommation est typique lors de la semaine de P\u00e2ques.<\/div><\/div>[\/vc_column][\/vc_row][vc_row][vc_column width=\u00a0\u00bb1\/2&Prime;]<div class=\"vc-incubalia-text-1-column\"><h2 class=\"vc-incubalia-text-1-column__title\"><span class=\"first-word\">INGR\u00c9DIENTS<\/span> <\/h2><div class=\"vc-incubalia-text-1-column__text\"><\/p><br \/>\n<ul><br \/>\n<li>1 litre de lait<\/li><br \/>\n<li>100 gr de sucre<\/li><br \/>\n<li>125 gr de farine de riz<\/li><br \/>\n<li>1 branche de cannelle et de la cannelle en poudre<\/li><br \/>\n<li>1 grande zeste de citron<\/li><br \/>\n<\/ul><br \/>\n<p><\/div><\/div><script>\n            (function($) {\n                $(function() {\n                    $(\".vc_col-sm-6\").parent(\".vc_row\").addClass(\"vc_layout_2\");\n                });\n            })(jQuery);\n            <\/script>[\/vc_column][vc_column width=\u00a0\u00bb1\/2&Prime;]<div class=\"vc-incubalia-text-1-column\"><h2 class=\"vc-incubalia-text-1-column__title\"><span class=\"first-word\">\u00c9LABORATION<\/span> <\/h2><div class=\"vc-incubalia-text-1-column__text\"><\/p><br \/>\n<ol><br \/>\n<li>M\u00e9langer le lait, la farine et le sucre. Remuez jusqu&rsquo;\u00e0 ce qu&rsquo;il n&rsquo;y reste plus de grumeaux<\/li><br \/>\n<li>Ajoutez la branche de cannelle et le zeste de citron. Mettre sur le feu en remuant constamment<\/li><br \/>\n<li>Quand il commence \u00e0 bouillir, continuez \u00e0 remuer pendant 5 minutes<\/li><br \/>\n<li>Retirer du feu,\u00a0 enlever la branche de cannelle et la peau.<\/li><br \/>\n<li>S\u00e9parez la pr\u00e9paration dans des bols individuels et placez-la au r\u00e9frig\u00e9rateur pour qu&rsquo;elle refroidisse<\/li><br \/>\n<li>Avant de servir, d\u00e9corez avec de la cannelle en poudre<\/li><br \/>\n<\/ol><br \/>\n<p><\/div><\/div><script>\n            (function($) {\n                $(function() {\n                    $(\".vc_col-sm-6\").parent(\".vc_row\").addClass(\"vc_layout_2\");\n                });\n            })(jQuery);\n            <\/script>[\/vc_column][\/vc_row]<\/p>\n","protected":false},"excerpt":{"rendered":"<p>[vc_row][vc_column][\/vc_column][\/vc_row][vc_row][vc_column][\/vc_column][\/vc_row][vc_row][vc_column width=\u00a0\u00bb1\/2&Prime;][\/vc_column][vc_column width=\u00a0\u00bb1\/2&Prime;][\/vc_column][\/vc_row]<\/p>\n","protected":false},"author":2,"featured_media":0,"parent":0,"menu_order":46,"comment_status":"closed","ping_status":"closed","template":"","meta":{"footnotes":""},"class_list":["post-16190","page","type-page","status-publish","hentry"],"acf":[],"yoast_head":"<!-- This site is optimized with the Yoast SEO plugin v27.3 - https:\/\/yoast.com\/product\/yoast-seo-wordpress\/ -->\n<title>Recepta Menjar Blanc | Tortosa Turisme<\/title>\n<meta name=\"description\" content=\"El Menjar Blanc \u00e9s un dels postres m\u00e9s tradicionals de la cuina catalana. A Tortosa i a la resta de les Terres de l&#039;Ebre, per\u00f2, presenta una peculiaritat: la recepta utilitza farina d&#039;arr\u00f2s per a la seva elaboraci\u00f3.\" \/>\n<meta name=\"robots\" content=\"index, follow, max-snippet:-1, max-image-preview:large, max-video-preview:-1\" \/>\n<link rel=\"canonical\" href=\"https:\/\/www.tortosaturisme.cat\/fr\/recepta-menjar-blanc\/\" \/>\n<meta property=\"og:locale\" content=\"fr_FR\" \/>\n<meta property=\"og:type\" content=\"article\" \/>\n<meta property=\"og:title\" content=\"Recepta Menjar Blanc | Tortosa Turisme\" \/>\n<meta property=\"og:description\" content=\"El Menjar Blanc \u00e9s un dels postres m\u00e9s tradicionals de la cuina catalana. A Tortosa i a la resta de les Terres de l&#039;Ebre, per\u00f2, presenta una peculiaritat: la recepta utilitza farina d&#039;arr\u00f2s per a la seva elaboraci\u00f3.\" \/>\n<meta property=\"og:url\" content=\"https:\/\/www.tortosaturisme.cat\/fr\/recepta-menjar-blanc\/\" \/>\n<meta property=\"og:site_name\" content=\"tortosaturisme\" \/>\n<meta property=\"article:modified_time\" content=\"2020-11-30T13:42:05+00:00\" \/>\n<meta name=\"twitter:card\" content=\"summary_large_image\" \/>\n<meta name=\"twitter:label1\" content=\"Dur\u00e9e de lecture estim\u00e9e\" \/>\n\t<meta name=\"twitter:data1\" content=\"1 minute\" \/>\n<script type=\"application\/ld+json\" class=\"yoast-schema-graph\">{\"@context\":\"https:\\\/\\\/schema.org\",\"@graph\":[{\"@type\":\"WebPage\",\"@id\":\"https:\\\/\\\/www.tortosaturisme.cat\\\/fr\\\/recepta-menjar-blanc\\\/\",\"url\":\"https:\\\/\\\/www.tortosaturisme.cat\\\/fr\\\/recepta-menjar-blanc\\\/\",\"name\":\"Recepta Menjar Blanc | Tortosa Turisme\",\"isPartOf\":{\"@id\":\"https:\\\/\\\/www.tortosaturisme.cat\\\/fr\\\/#website\"},\"datePublished\":\"2020-09-01T06:21:07+00:00\",\"dateModified\":\"2020-11-30T13:42:05+00:00\",\"description\":\"El Menjar Blanc \u00e9s un dels postres m\u00e9s tradicionals de la cuina catalana. A Tortosa i a la resta de les Terres de l'Ebre, per\u00f2, presenta una peculiaritat: la recepta utilitza farina d'arr\u00f2s per a la seva elaboraci\u00f3.\",\"breadcrumb\":{\"@id\":\"https:\\\/\\\/www.tortosaturisme.cat\\\/fr\\\/recepta-menjar-blanc\\\/#breadcrumb\"},\"inLanguage\":\"fr-FR\",\"potentialAction\":[{\"@type\":\"ReadAction\",\"target\":[\"https:\\\/\\\/www.tortosaturisme.cat\\\/fr\\\/recepta-menjar-blanc\\\/\"]}]},{\"@type\":\"BreadcrumbList\",\"@id\":\"https:\\\/\\\/www.tortosaturisme.cat\\\/fr\\\/recepta-menjar-blanc\\\/#breadcrumb\",\"itemListElement\":[{\"@type\":\"ListItem\",\"position\":1,\"name\":\"Home\",\"item\":\"https:\\\/\\\/www.tortosaturisme.cat\\\/fr\\\/home-page\\\/\"},{\"@type\":\"ListItem\",\"position\":2,\"name\":\"Recette Menjar Blanc (Blanc-Manger)\"}]},{\"@type\":\"WebSite\",\"@id\":\"https:\\\/\\\/www.tortosaturisme.cat\\\/fr\\\/#website\",\"url\":\"https:\\\/\\\/www.tortosaturisme.cat\\\/fr\\\/\",\"name\":\"tortosaturisme\",\"description\":\"Otro sitio realizado con WordPress\",\"potentialAction\":[{\"@type\":\"SearchAction\",\"target\":{\"@type\":\"EntryPoint\",\"urlTemplate\":\"https:\\\/\\\/www.tortosaturisme.cat\\\/fr\\\/?s={search_term_string}\"},\"query-input\":{\"@type\":\"PropertyValueSpecification\",\"valueRequired\":true,\"valueName\":\"search_term_string\"}}],\"inLanguage\":\"fr-FR\"}]}<\/script>\n<!-- \/ Yoast SEO plugin. -->","yoast_head_json":{"title":"Recepta Menjar Blanc | Tortosa Turisme","description":"El Menjar Blanc \u00e9s un dels postres m\u00e9s tradicionals de la cuina catalana. A Tortosa i a la resta de les Terres de l'Ebre, per\u00f2, presenta una peculiaritat: la recepta utilitza farina d'arr\u00f2s per a la seva elaboraci\u00f3.","robots":{"index":"index","follow":"follow","max-snippet":"max-snippet:-1","max-image-preview":"max-image-preview:large","max-video-preview":"max-video-preview:-1"},"canonical":"https:\/\/www.tortosaturisme.cat\/fr\/recepta-menjar-blanc\/","og_locale":"fr_FR","og_type":"article","og_title":"Recepta Menjar Blanc | Tortosa Turisme","og_description":"El Menjar Blanc \u00e9s un dels postres m\u00e9s tradicionals de la cuina catalana. A Tortosa i a la resta de les Terres de l'Ebre, per\u00f2, presenta una peculiaritat: la recepta utilitza farina d'arr\u00f2s per a la seva elaboraci\u00f3.","og_url":"https:\/\/www.tortosaturisme.cat\/fr\/recepta-menjar-blanc\/","og_site_name":"tortosaturisme","article_modified_time":"2020-11-30T13:42:05+00:00","twitter_card":"summary_large_image","twitter_misc":{"Dur\u00e9e de lecture estim\u00e9e":"1 minute"},"schema":{"@context":"https:\/\/schema.org","@graph":[{"@type":"WebPage","@id":"https:\/\/www.tortosaturisme.cat\/fr\/recepta-menjar-blanc\/","url":"https:\/\/www.tortosaturisme.cat\/fr\/recepta-menjar-blanc\/","name":"Recepta Menjar Blanc | Tortosa Turisme","isPartOf":{"@id":"https:\/\/www.tortosaturisme.cat\/fr\/#website"},"datePublished":"2020-09-01T06:21:07+00:00","dateModified":"2020-11-30T13:42:05+00:00","description":"El Menjar Blanc \u00e9s un dels postres m\u00e9s tradicionals de la cuina catalana. A Tortosa i a la resta de les Terres de l'Ebre, per\u00f2, presenta una peculiaritat: la recepta utilitza farina d'arr\u00f2s per a la seva elaboraci\u00f3.","breadcrumb":{"@id":"https:\/\/www.tortosaturisme.cat\/fr\/recepta-menjar-blanc\/#breadcrumb"},"inLanguage":"fr-FR","potentialAction":[{"@type":"ReadAction","target":["https:\/\/www.tortosaturisme.cat\/fr\/recepta-menjar-blanc\/"]}]},{"@type":"BreadcrumbList","@id":"https:\/\/www.tortosaturisme.cat\/fr\/recepta-menjar-blanc\/#breadcrumb","itemListElement":[{"@type":"ListItem","position":1,"name":"Home","item":"https:\/\/www.tortosaturisme.cat\/fr\/home-page\/"},{"@type":"ListItem","position":2,"name":"Recette Menjar Blanc (Blanc-Manger)"}]},{"@type":"WebSite","@id":"https:\/\/www.tortosaturisme.cat\/fr\/#website","url":"https:\/\/www.tortosaturisme.cat\/fr\/","name":"tortosaturisme","description":"Otro sitio realizado con WordPress","potentialAction":[{"@type":"SearchAction","target":{"@type":"EntryPoint","urlTemplate":"https:\/\/www.tortosaturisme.cat\/fr\/?s={search_term_string}"},"query-input":{"@type":"PropertyValueSpecification","valueRequired":true,"valueName":"search_term_string"}}],"inLanguage":"fr-FR"}]}},"_links":{"self":[{"href":"https:\/\/www.tortosaturisme.cat\/fr\/wp-json\/wp\/v2\/pages\/16190","targetHints":{"allow":["GET"]}}],"collection":[{"href":"https:\/\/www.tortosaturisme.cat\/fr\/wp-json\/wp\/v2\/pages"}],"about":[{"href":"https:\/\/www.tortosaturisme.cat\/fr\/wp-json\/wp\/v2\/types\/page"}],"author":[{"embeddable":true,"href":"https:\/\/www.tortosaturisme.cat\/fr\/wp-json\/wp\/v2\/users\/2"}],"replies":[{"embeddable":true,"href":"https:\/\/www.tortosaturisme.cat\/fr\/wp-json\/wp\/v2\/comments?post=16190"}],"version-history":[{"count":10,"href":"https:\/\/www.tortosaturisme.cat\/fr\/wp-json\/wp\/v2\/pages\/16190\/revisions"}],"predecessor-version":[{"id":16251,"href":"https:\/\/www.tortosaturisme.cat\/fr\/wp-json\/wp\/v2\/pages\/16190\/revisions\/16251"}],"wp:attachment":[{"href":"https:\/\/www.tortosaturisme.cat\/fr\/wp-json\/wp\/v2\/media?parent=16190"}],"curies":[{"name":"wp","href":"https:\/\/api.w.org\/{rel}","templated":true}]}}