{"id":1645,"date":"2018-01-29T07:18:09","date_gmt":"2018-01-29T07:18:09","guid":{"rendered":"http:\/\/tortosaturisme-preprod.incubaliadev.com\/fr\/restaurantes\/"},"modified":"2025-09-20T15:48:29","modified_gmt":"2025-09-20T15:48:29","slug":"restaurants-a-tortosa","status":"publish","type":"page","link":"https:\/\/www.tortosaturisme.cat\/fr\/restaurants-a-tortosa\/","title":{"rendered":"Restaurants"},"content":{"rendered":"<p>[vc_row][vc_column][vc_raw_html]JTNDZGl2JTIwc3R5bGUlM0QlMjJ3aWR0aCUzQTk1JTI1JTNCJTIwaGVpZ2h0JTNBJTIwY2FsYyUyODkwdmglMjAtJTIwMTAwcHglMjklM0JtYXJnaW4lM0EwJTIwYXV0byUzQiUyMiUzRSUwQSUyMCUyMCUyMCUyMCUzQ2RpdiUwQSUyMCUyMCUyMCUyMCUyMCUyMCUyMCUyMGlkJTNEJTIyYldpZGdldE1hcCUyMiUwQSUyMCUyMCUyMCUyMCUyMCUyMCUyMCUyMGludGVncmF0aW9uJTNEJTIyc2VnbWVudCUyMiUwQSUyMCUyMCUyMCUyMCUyMCUyMCUyMCUyMHRvcEhlaWdodCUzRCUyMjEwMCUyMiUwQSUyMCUyMCUyMCUyMCUyMCUyMCUyMCUyMGJ0bkNvbG9yJTNEJTI3JTIzYzMwNjFhJTI3JTBBJTIwJTIwJTIwJTIwJTIwJTIwJTIwJTIwc2hvd0N1cnRhaW4lM0QlMjJ0cnVlJTIyJTBBJTIwJTIwJTIwJTIwJTIwJTIwJTIwJTIwc2hvd0J1dHRvbnMlM0QlMjJ0cnVlJTIyJTBBJTIwJTIwJTIwJTIwJTIwJTIwJTIwJTIwdmlld01hcFRleHQlM0QlMjJDQVJURSUyMElOVEVSQUNUSVZFJTIyJTBBJTIwJTIwJTIwJTIwJTIwJTIwJTIwJTIwcGFyZW50dXJpcHJlZml4JTNEJTIyYndpZGdldCUzQSUyMiUwQSUyMCUyMCUyMCUyMCUyMCUyMCUyMCUyMGlnbm9yZUJvdHRvbUNvbnRlbnQlM0QlMjJ0cnVlJTIyJTBBJTIwJTIwJTIwJTIwJTIwJTIwJTIwJTIwZW1iZWR1cmwlM0QlMjJodHRwcyUzQSUyRiUyRm1hcGVzLnRvcnRvc2F0dXJpc21lLmNhdCUyMiUwQSUyMCUyMCUyMCUyMCUyMCUyMCUyMCUyMGVtYmVkbWFpbnVyaSUzRCUyMiUyRmZyJTJGcmVzdGF1cmFudHMlMjIlMEElMjAlMjAlMjAlMjAlMjAlMjAlMjAlMjBtYXBTY3JvbGx3aGVlbCUzRCUyMmZhbHNlJTIyJTBBJTIwJTIwJTIwJTIwJTIwJTIwJTIwJTIwb25Gb2N1cyUzRCUyMiUyMiUwQSUyMCUyMCUyMCUyMCUyMCUyMCUyMCUyMG9uRm9jdXNPdXQlM0QlMjIlMjIlMEElMjAlMjAlMjAlMjAlM0UlM0MlMkZkaXYlM0UlMEElMjAlMjAlMjAlMjAlM0NzY3JpcHQlMjB0eXBlJTNEJTIydGV4dCUyRmphdmFzY3JpcHQlMjIlMjBzcmMlM0QlMjJodHRwcyUzQSUyRiUyRm1hcGVzLnRvcnRvc2F0dXJpc21lLmNhdCUyRmVtYmVkLmpzJTIyJTNFJTNDJTJGc2NyaXB0JTNFJTBBJTNDJTJGZGl2JTNF[\/vc_raw_html][\/vc_column][\/vc_row]<\/p>\n","protected":false},"excerpt":{"rendered":"<p>[vc_row][vc_column][vc_raw_html]JTNDZGl2JTIwc3R5bGUlM0QlMjJ3aWR0aCUzQTk1JTI1JTNCJTIwaGVpZ2h0JTNBJTIwY2FsYyUyODkwdmglMjAtJTIwMTAwcHglMjklM0JtYXJnaW4lM0EwJTIwYXV0byUzQiUyMiUzRSUwQSUyMCUyMCUyMCUyMCUzQ2RpdiUwQSUyMCUyMCUyMCUyMCUyMCUyMCUyMCUyMGlkJTNEJTIyYldpZGdldE1hcCUyMiUwQSUyMCUyMCUyMCUyMCUyMCUyMCUyMCUyMGludGVncmF0aW9uJTNEJTIyc2VnbWVudCUyMiUwQSUyMCUyMCUyMCUyMCUyMCUyMCUyMCUyMHRvcEhlaWdodCUzRCUyMjEwMCUyMiUwQSUyMCUyMCUyMCUyMCUyMCUyMCUyMCUyMGJ0bkNvbG9yJTNEJTI3JTIzYzMwNjFhJTI3JTBBJTIwJTIwJTIwJTIwJTIwJTIwJTIwJTIwc2hvd0N1cnRhaW4lM0QlMjJ0cnVlJTIyJTBBJTIwJTIwJTIwJTIwJTIwJTIwJTIwJTIwc2hvd0J1dHRvbnMlM0QlMjJ0cnVlJTIyJTBBJTIwJTIwJTIwJTIwJTIwJTIwJTIwJTIwdmlld01hcFRleHQlM0QlMjJDQVJURSUyMElOVEVSQUNUSVZFJTIyJTBBJTIwJTIwJTIwJTIwJTIwJTIwJTIwJTIwcGFyZW50dXJpcHJlZml4JTNEJTIyYndpZGdldCUzQSUyMiUwQSUyMCUyMCUyMCUyMCUyMCUyMCUyMCUyMGlnbm9yZUJvdHRvbUNvbnRlbnQlM0QlMjJ0cnVlJTIyJTBBJTIwJTIwJTIwJTIwJTIwJTIwJTIwJTIwZW1iZWR1cmwlM0QlMjJodHRwcyUzQSUyRiUyRm1hcGVzLnRvcnRvc2F0dXJpc21lLmNhdCUyMiUwQSUyMCUyMCUyMCUyMCUyMCUyMCUyMCUyMGVtYmVkbWFpbnVyaSUzRCUyMiUyRmZyJTJGcmVzdGF1cmFudHMlMjIlMEElMjAlMjAlMjAlMjAlMjAlMjAlMjAlMjBtYXBTY3JvbGx3aGVlbCUzRCUyMmZhbHNlJTIyJTBBJTIwJTIwJTIwJTIwJTIwJTIwJTIwJTIwb25Gb2N1cyUzRCUyMiUyMiUwQSUyMCUyMCUyMCUyMCUyMCUyMCUyMCUyMG9uRm9jdXNPdXQlM0QlMjIlMjIlMEElMjAlMjAlMjAlMjAlM0UlM0MlMkZkaXYlM0UlMEElMjAlMjAlMjAlMjAlM0NzY3JpcHQlMjB0eXBlJTNEJTIydGV4dCUyRmphdmFzY3JpcHQlMjIlMjBzcmMlM0QlMjJodHRwcyUzQSUyRiUyRm1hcGVzLnRvcnRvc2F0dXJpc21lLmNhdCUyRmVtYmVkLmpzJTIyJTNFJTNDJTJGc2NyaXB0JTNFJTBBJTNDJTJGZGl2JTNF[\/vc_raw_html][\/vc_column][\/vc_row]<\/p>\n","protected":false},"author":5,"featured_media":0,"parent":0,"menu_order":462,"comment_status":"closed","ping_status":"closed","template":"page-templates\/restaurants.php","meta":{"footnotes":""},"class_list":["post-1645","page","type-page","status-publish","hentry"],"acf":[],"yoast_head":"<!-- This site is optimized with the Yoast SEO plugin v27.5 - https:\/\/yoast.com\/product\/yoast-seo-wordpress\/ -->\n<title>Restaurants \u00e0 Tortosa - Tortosa Turisme<\/title>\n<meta name=\"description\" content=\"D\u00e9couvrez les restaurants \u00e0 Tortosa et savourez des plats traditionnels, la gastronomie locale et une exp\u00e9rience culinaire inoubliable.\" \/>\n<meta name=\"robots\" content=\"index, follow, max-snippet:-1, max-image-preview:large, max-video-preview:-1\" \/>\n<link rel=\"canonical\" href=\"https:\/\/www.tortosaturisme.cat\/fr\/restaurants-a-tortosa\/\" \/>\n<meta property=\"og:locale\" content=\"fr_FR\" \/>\n<meta property=\"og:type\" content=\"article\" \/>\n<meta property=\"og:title\" content=\"Restaurants \u00e0 Tortosa - Tortosa Turisme\" \/>\n<meta property=\"og:description\" content=\"D\u00e9couvrez les restaurants \u00e0 Tortosa et savourez des plats traditionnels, la gastronomie locale et une exp\u00e9rience culinaire inoubliable.\" \/>\n<meta property=\"og:url\" content=\"https:\/\/www.tortosaturisme.cat\/fr\/restaurants-a-tortosa\/\" \/>\n<meta property=\"og:site_name\" content=\"tortosaturisme\" \/>\n<meta property=\"article:modified_time\" content=\"2025-09-20T15:48:29+00:00\" \/>\n<meta name=\"twitter:card\" content=\"summary_large_image\" \/>\n<meta name=\"twitter:label1\" content=\"Dur\u00e9e de lecture estim\u00e9e\" \/>\n\t<meta name=\"twitter:data1\" content=\"1 minute\" \/>\n<script type=\"application\/ld+json\" class=\"yoast-schema-graph\">{\"@context\":\"https:\\\/\\\/schema.org\",\"@graph\":[{\"@type\":\"WebPage\",\"@id\":\"https:\\\/\\\/www.tortosaturisme.cat\\\/fr\\\/restaurants-a-tortosa\\\/\",\"url\":\"https:\\\/\\\/www.tortosaturisme.cat\\\/fr\\\/restaurants-a-tortosa\\\/\",\"name\":\"Restaurants \u00e0 Tortosa - Tortosa Turisme\",\"isPartOf\":{\"@id\":\"https:\\\/\\\/www.tortosaturisme.cat\\\/fr\\\/#website\"},\"datePublished\":\"2018-01-29T07:18:09+00:00\",\"dateModified\":\"2025-09-20T15:48:29+00:00\",\"description\":\"D\u00e9couvrez les restaurants \u00e0 Tortosa et savourez des plats traditionnels, la gastronomie locale et une exp\u00e9rience culinaire inoubliable.\",\"breadcrumb\":{\"@id\":\"https:\\\/\\\/www.tortosaturisme.cat\\\/fr\\\/restaurants-a-tortosa\\\/#breadcrumb\"},\"inLanguage\":\"fr-FR\",\"potentialAction\":[{\"@type\":\"ReadAction\",\"target\":[\"https:\\\/\\\/www.tortosaturisme.cat\\\/fr\\\/restaurants-a-tortosa\\\/\"]}]},{\"@type\":\"BreadcrumbList\",\"@id\":\"https:\\\/\\\/www.tortosaturisme.cat\\\/fr\\\/restaurants-a-tortosa\\\/#breadcrumb\",\"itemListElement\":[{\"@type\":\"ListItem\",\"position\":1,\"name\":\"Home\",\"item\":\"https:\\\/\\\/www.tortosaturisme.cat\\\/fr\\\/home-page\\\/\"},{\"@type\":\"ListItem\",\"position\":2,\"name\":\"Restaurants\"}]},{\"@type\":\"WebSite\",\"@id\":\"https:\\\/\\\/www.tortosaturisme.cat\\\/fr\\\/#website\",\"url\":\"https:\\\/\\\/www.tortosaturisme.cat\\\/fr\\\/\",\"name\":\"tortosaturisme\",\"description\":\"Otro sitio realizado con WordPress\",\"potentialAction\":[{\"@type\":\"SearchAction\",\"target\":{\"@type\":\"EntryPoint\",\"urlTemplate\":\"https:\\\/\\\/www.tortosaturisme.cat\\\/fr\\\/?s={search_term_string}\"},\"query-input\":{\"@type\":\"PropertyValueSpecification\",\"valueRequired\":true,\"valueName\":\"search_term_string\"}}],\"inLanguage\":\"fr-FR\"}]}<\/script>\n<!-- \/ Yoast SEO plugin. -->","yoast_head_json":{"title":"Restaurants \u00e0 Tortosa - Tortosa Turisme","description":"D\u00e9couvrez les restaurants \u00e0 Tortosa et savourez des plats traditionnels, la gastronomie locale et une exp\u00e9rience culinaire inoubliable.","robots":{"index":"index","follow":"follow","max-snippet":"max-snippet:-1","max-image-preview":"max-image-preview:large","max-video-preview":"max-video-preview:-1"},"canonical":"https:\/\/www.tortosaturisme.cat\/fr\/restaurants-a-tortosa\/","og_locale":"fr_FR","og_type":"article","og_title":"Restaurants \u00e0 Tortosa - Tortosa Turisme","og_description":"D\u00e9couvrez les restaurants \u00e0 Tortosa et savourez des plats traditionnels, la gastronomie locale et une exp\u00e9rience culinaire inoubliable.","og_url":"https:\/\/www.tortosaturisme.cat\/fr\/restaurants-a-tortosa\/","og_site_name":"tortosaturisme","article_modified_time":"2025-09-20T15:48:29+00:00","twitter_card":"summary_large_image","twitter_misc":{"Dur\u00e9e de lecture estim\u00e9e":"1 minute"},"schema":{"@context":"https:\/\/schema.org","@graph":[{"@type":"WebPage","@id":"https:\/\/www.tortosaturisme.cat\/fr\/restaurants-a-tortosa\/","url":"https:\/\/www.tortosaturisme.cat\/fr\/restaurants-a-tortosa\/","name":"Restaurants \u00e0 Tortosa - Tortosa Turisme","isPartOf":{"@id":"https:\/\/www.tortosaturisme.cat\/fr\/#website"},"datePublished":"2018-01-29T07:18:09+00:00","dateModified":"2025-09-20T15:48:29+00:00","description":"D\u00e9couvrez les restaurants \u00e0 Tortosa et savourez des plats traditionnels, la gastronomie locale et une exp\u00e9rience culinaire inoubliable.","breadcrumb":{"@id":"https:\/\/www.tortosaturisme.cat\/fr\/restaurants-a-tortosa\/#breadcrumb"},"inLanguage":"fr-FR","potentialAction":[{"@type":"ReadAction","target":["https:\/\/www.tortosaturisme.cat\/fr\/restaurants-a-tortosa\/"]}]},{"@type":"BreadcrumbList","@id":"https:\/\/www.tortosaturisme.cat\/fr\/restaurants-a-tortosa\/#breadcrumb","itemListElement":[{"@type":"ListItem","position":1,"name":"Home","item":"https:\/\/www.tortosaturisme.cat\/fr\/home-page\/"},{"@type":"ListItem","position":2,"name":"Restaurants"}]},{"@type":"WebSite","@id":"https:\/\/www.tortosaturisme.cat\/fr\/#website","url":"https:\/\/www.tortosaturisme.cat\/fr\/","name":"tortosaturisme","description":"Otro sitio realizado con WordPress","potentialAction":[{"@type":"SearchAction","target":{"@type":"EntryPoint","urlTemplate":"https:\/\/www.tortosaturisme.cat\/fr\/?s={search_term_string}"},"query-input":{"@type":"PropertyValueSpecification","valueRequired":true,"valueName":"search_term_string"}}],"inLanguage":"fr-FR"}]}},"_links":{"self":[{"href":"https:\/\/www.tortosaturisme.cat\/fr\/wp-json\/wp\/v2\/pages\/1645","targetHints":{"allow":["GET"]}}],"collection":[{"href":"https:\/\/www.tortosaturisme.cat\/fr\/wp-json\/wp\/v2\/pages"}],"about":[{"href":"https:\/\/www.tortosaturisme.cat\/fr\/wp-json\/wp\/v2\/types\/page"}],"author":[{"embeddable":true,"href":"https:\/\/www.tortosaturisme.cat\/fr\/wp-json\/wp\/v2\/users\/5"}],"replies":[{"embeddable":true,"href":"https:\/\/www.tortosaturisme.cat\/fr\/wp-json\/wp\/v2\/comments?post=1645"}],"version-history":[{"count":3,"href":"https:\/\/www.tortosaturisme.cat\/fr\/wp-json\/wp\/v2\/pages\/1645\/revisions"}],"predecessor-version":[{"id":36841,"href":"https:\/\/www.tortosaturisme.cat\/fr\/wp-json\/wp\/v2\/pages\/1645\/revisions\/36841"}],"wp:attachment":[{"href":"https:\/\/www.tortosaturisme.cat\/fr\/wp-json\/wp\/v2\/media?parent=1645"}],"curies":[{"name":"wp","href":"https:\/\/api.w.org\/{rel}","templated":true}]}}