{"id":17296,"date":"2022-03-18T08:54:17","date_gmt":"2022-03-18T08:54:17","guid":{"rendered":"https:\/\/www.tortosaturisme.cat\/fr\/?page_id=17296"},"modified":"2022-03-20T09:47:57","modified_gmt":"2022-03-20T09:47:57","slug":"pedestal-generic","status":"publish","type":"page","link":"https:\/\/www.tortosaturisme.cat\/fr\/pedestal-generic\/","title":{"rendered":"Pedestal generic"},"content":{"rendered":"<p>[vc_row][vc_column]<div class=\"vc-incubalia-text-title\"><h2 class=\"vc-incubalia-text-title__title\">SOCLES<\/h2><\/div><div class=\"vc-incubalia-text-1-column\"><h2 class=\"vc-incubalia-text-1-column__title\"><span class=\"first-word\">1<\/span> <\/h2><div class=\"vc-incubalia-text-1-column__text\">L&rsquo;un des honneurs les plus recherch\u00e9s par les \u00e9lites citoyennes \u00e9tait l&rsquo;octroi, de la part de la curie municipale, d\u2019un espace public pour \u00e9riger une statue en faveur de membres \u00e9minents de la communaut\u00e9. Les donateurs des statues \u00e9taient souvent les propres personnes honor\u00e9es ou leurs proches. Il \u00e9tait courant que les donateurs fournissent les fonds n\u00e9cessaires pour les payer, ce qui \u00e9tait explicitement indiqu\u00e9 dans de nombreuses inscriptions accompagnant les socles des statues.<\/p><br \/>\n<p>Les donateurs visaient \u00e0 avoir un monument qui exalterait leur propre prestige et celui de leur famille devant les autres citoyens, et qui permettrait aux g\u00e9n\u00e9rations futures de se souvenir d&rsquo;eux.<\/p><br \/>\n<p>Ces monuments \u00e9taient autrefois dress\u00e9s dans les lieux les plus embl\u00e9matiques de l&rsquo;espace public, notamment dans le forum, \u00e0 proximit\u00e9 des monuments d\u00e9di\u00e9s aux divinit\u00e9s et aux empereurs.<\/p><br \/>\n<p>\u00c0 Tortosa, aucune des statues qui d\u00e9coraient l&rsquo;espace urbain n&rsquo;a \u00e9t\u00e9 r\u00e9cup\u00e9r\u00e9e, mais plusieurs socles avec les d\u00e9dicaces correspondantes sont connus.<\/p><br \/>\n<p>L(ucio)\u00b7MVNNIO\u00b7L(uci)\u00b7F(ilio)<\/p><br \/>\n<p>GAL(eria)\u00b7PLACIDO<\/p><br \/>\n<p>II\u00b7VIR(o)\u00b7FLAMINI<\/p><br \/>\n<p>ROM(ae)\u00b7ET\u00b7AVG(usti)<\/p><br \/>\n<p>L(ucius)\u00b7MVNNIVS<\/p><br \/>\n<p>PLACIDVS\u00b7EX<\/p><br \/>\n<p>TEST(amento)\u00b7PATRIS<\/p><br \/>\n<p>\u00c0 Luci Muni Placido, fils de Luci, de la tribu Galeria, duumvir, flamine de Rome et d\u2019Auguste. Lucius M. Placidus (son fils) a \u00e9rig\u00e9 cette pierre tombale sur disposition testamentaire de ses parents.<\/p><br \/>\n<p>&nbsp;<\/p><br \/>\n<p>&nbsp;<\/p><br \/>\n<p>Socle en gr\u00e8s avec une inscription d\u00e9di\u00e9e \u00e0 Luci Muni Placido, magistrat municipal.<\/p><br \/>\n<p>Cette inscription a \u00e9t\u00e9 retrouv\u00e9e en 1900 lors de fouilles pr\u00e8s de la cath\u00e9drale.<\/p><br \/>\n<p>Dat\u00e9 du IIe si\u00e8cle apr\u00e8s J.-C.<\/div><\/div><script>\n            (function($) {\n                $(function() {\n                    $(\".vc_col-sm-6\").parent(\".vc_row\").addClass(\"vc_layout_2\");\n                });\n            })(jQuery);\n            <\/script><div class=\"vc-incubalia-text-1-column\"><h2 class=\"vc-incubalia-text-1-column__title\"><span class=\"first-word\">2<\/span> <\/h2><div class=\"vc-incubalia-text-1-column__text\">C(aio)\u00b7 CASSIO \u00b7C(ai) \u00b7F(ilio)<\/p><br \/>\n<p>GAL(eria) \u00b7NIGRO<\/p><br \/>\n<p>C(aius)\u00b7 CASSIVS \u00b7AVITVS<\/p><br \/>\n<p>PATRI\u00b7 OMNIBVS<\/p><br \/>\n<p>HONORIBVS<\/p><br \/>\n<p>FVNCTO\u00b7 DE \u00b7SVA<\/p><br \/>\n<p>PECVNIA<\/p><br \/>\n<p>POSVIT<\/p><br \/>\n<p>\u00c0 Caius Cassi Niger, fils de Cassi, de la tribu Galeria, ayant rempli toutes les magistratures. Caius Cassi Avit a \u00e9rig\u00e9 ce monument en l\u2019honneur de son p\u00e8re avec son argent.<\/p><br \/>\n<p>&nbsp;<\/p><br \/>\n<p>&nbsp;<\/p><br \/>\n<p>Socle en jaspe de la Cinta avec une inscription d\u00e9di\u00e9e \u00e0 Caius Cassius Nigro, magistrat municipal.<\/p><br \/>\n<p>Cette inscription provient de l\u2019\u00e9glise de San Nicolau, aujourd\u2019hui disparue, dans le quartier de Remolinos de Tortosa. R\u00e9utilis\u00e9e comme bloc de construction.<\/p><br \/>\n<p>Dat\u00e9 entre les Ier et IIe si\u00e8cles apr\u00e8s J.-C.<\/div><\/div><script>\n            (function($) {\n                $(function() {\n                    $(\".vc_col-sm-6\").parent(\".vc_row\").addClass(\"vc_layout_2\");\n                });\n            })(jQuery);\n            <\/script>[\/vc_column][\/vc_row]<\/p>\n","protected":false},"excerpt":{"rendered":"<p>[vc_row][vc_column][\/vc_column][\/vc_row]<\/p>\n","protected":false},"author":4,"featured_media":0,"parent":0,"menu_order":0,"comment_status":"closed","ping_status":"closed","template":"","meta":{"footnotes":""},"class_list":["post-17296","page","type-page","status-publish","hentry"],"acf":[],"yoast_head":"<!-- This site is optimized with the Yoast SEO plugin v27.5 - https:\/\/yoast.com\/product\/yoast-seo-wordpress\/ -->\n<title>Pedestal generic - tortosaturisme<\/title>\n<meta name=\"robots\" content=\"index, follow, max-snippet:-1, max-image-preview:large, max-video-preview:-1\" \/>\n<link rel=\"canonical\" href=\"https:\/\/www.tortosaturisme.cat\/fr\/pedestal-generic\/\" \/>\n<meta property=\"og:locale\" content=\"fr_FR\" \/>\n<meta property=\"og:type\" content=\"article\" \/>\n<meta property=\"og:title\" content=\"Pedestal generic - tortosaturisme\" \/>\n<meta property=\"og:description\" content=\"[vc_row][vc_column][\/vc_column][\/vc_row]\" \/>\n<meta property=\"og:url\" content=\"https:\/\/www.tortosaturisme.cat\/fr\/pedestal-generic\/\" \/>\n<meta property=\"og:site_name\" content=\"tortosaturisme\" \/>\n<meta property=\"article:modified_time\" content=\"2022-03-20T09:47:57+00:00\" \/>\n<meta name=\"twitter:card\" content=\"summary_large_image\" \/>\n<meta name=\"twitter:label1\" content=\"Dur\u00e9e de lecture estim\u00e9e\" \/>\n\t<meta name=\"twitter:data1\" content=\"2 minutes\" \/>\n<script type=\"application\/ld+json\" class=\"yoast-schema-graph\">{\"@context\":\"https:\\\/\\\/schema.org\",\"@graph\":[{\"@type\":\"WebPage\",\"@id\":\"https:\\\/\\\/www.tortosaturisme.cat\\\/fr\\\/pedestal-generic\\\/\",\"url\":\"https:\\\/\\\/www.tortosaturisme.cat\\\/fr\\\/pedestal-generic\\\/\",\"name\":\"Pedestal generic - tortosaturisme\",\"isPartOf\":{\"@id\":\"https:\\\/\\\/www.tortosaturisme.cat\\\/fr\\\/#website\"},\"datePublished\":\"2022-03-18T08:54:17+00:00\",\"dateModified\":\"2022-03-20T09:47:57+00:00\",\"breadcrumb\":{\"@id\":\"https:\\\/\\\/www.tortosaturisme.cat\\\/fr\\\/pedestal-generic\\\/#breadcrumb\"},\"inLanguage\":\"fr-FR\",\"potentialAction\":[{\"@type\":\"ReadAction\",\"target\":[\"https:\\\/\\\/www.tortosaturisme.cat\\\/fr\\\/pedestal-generic\\\/\"]}]},{\"@type\":\"BreadcrumbList\",\"@id\":\"https:\\\/\\\/www.tortosaturisme.cat\\\/fr\\\/pedestal-generic\\\/#breadcrumb\",\"itemListElement\":[{\"@type\":\"ListItem\",\"position\":1,\"name\":\"Home\",\"item\":\"https:\\\/\\\/www.tortosaturisme.cat\\\/fr\\\/home-page\\\/\"},{\"@type\":\"ListItem\",\"position\":2,\"name\":\"Pedestal generic\"}]},{\"@type\":\"WebSite\",\"@id\":\"https:\\\/\\\/www.tortosaturisme.cat\\\/fr\\\/#website\",\"url\":\"https:\\\/\\\/www.tortosaturisme.cat\\\/fr\\\/\",\"name\":\"tortosaturisme\",\"description\":\"Otro sitio realizado con WordPress\",\"potentialAction\":[{\"@type\":\"SearchAction\",\"target\":{\"@type\":\"EntryPoint\",\"urlTemplate\":\"https:\\\/\\\/www.tortosaturisme.cat\\\/fr\\\/?s={search_term_string}\"},\"query-input\":{\"@type\":\"PropertyValueSpecification\",\"valueRequired\":true,\"valueName\":\"search_term_string\"}}],\"inLanguage\":\"fr-FR\"}]}<\/script>\n<!-- \/ Yoast SEO plugin. -->","yoast_head_json":{"title":"Pedestal generic - tortosaturisme","robots":{"index":"index","follow":"follow","max-snippet":"max-snippet:-1","max-image-preview":"max-image-preview:large","max-video-preview":"max-video-preview:-1"},"canonical":"https:\/\/www.tortosaturisme.cat\/fr\/pedestal-generic\/","og_locale":"fr_FR","og_type":"article","og_title":"Pedestal generic - tortosaturisme","og_description":"[vc_row][vc_column][\/vc_column][\/vc_row]","og_url":"https:\/\/www.tortosaturisme.cat\/fr\/pedestal-generic\/","og_site_name":"tortosaturisme","article_modified_time":"2022-03-20T09:47:57+00:00","twitter_card":"summary_large_image","twitter_misc":{"Dur\u00e9e de lecture estim\u00e9e":"2 minutes"},"schema":{"@context":"https:\/\/schema.org","@graph":[{"@type":"WebPage","@id":"https:\/\/www.tortosaturisme.cat\/fr\/pedestal-generic\/","url":"https:\/\/www.tortosaturisme.cat\/fr\/pedestal-generic\/","name":"Pedestal generic - tortosaturisme","isPartOf":{"@id":"https:\/\/www.tortosaturisme.cat\/fr\/#website"},"datePublished":"2022-03-18T08:54:17+00:00","dateModified":"2022-03-20T09:47:57+00:00","breadcrumb":{"@id":"https:\/\/www.tortosaturisme.cat\/fr\/pedestal-generic\/#breadcrumb"},"inLanguage":"fr-FR","potentialAction":[{"@type":"ReadAction","target":["https:\/\/www.tortosaturisme.cat\/fr\/pedestal-generic\/"]}]},{"@type":"BreadcrumbList","@id":"https:\/\/www.tortosaturisme.cat\/fr\/pedestal-generic\/#breadcrumb","itemListElement":[{"@type":"ListItem","position":1,"name":"Home","item":"https:\/\/www.tortosaturisme.cat\/fr\/home-page\/"},{"@type":"ListItem","position":2,"name":"Pedestal generic"}]},{"@type":"WebSite","@id":"https:\/\/www.tortosaturisme.cat\/fr\/#website","url":"https:\/\/www.tortosaturisme.cat\/fr\/","name":"tortosaturisme","description":"Otro sitio realizado con WordPress","potentialAction":[{"@type":"SearchAction","target":{"@type":"EntryPoint","urlTemplate":"https:\/\/www.tortosaturisme.cat\/fr\/?s={search_term_string}"},"query-input":{"@type":"PropertyValueSpecification","valueRequired":true,"valueName":"search_term_string"}}],"inLanguage":"fr-FR"}]}},"_links":{"self":[{"href":"https:\/\/www.tortosaturisme.cat\/fr\/wp-json\/wp\/v2\/pages\/17296","targetHints":{"allow":["GET"]}}],"collection":[{"href":"https:\/\/www.tortosaturisme.cat\/fr\/wp-json\/wp\/v2\/pages"}],"about":[{"href":"https:\/\/www.tortosaturisme.cat\/fr\/wp-json\/wp\/v2\/types\/page"}],"author":[{"embeddable":true,"href":"https:\/\/www.tortosaturisme.cat\/fr\/wp-json\/wp\/v2\/users\/4"}],"replies":[{"embeddable":true,"href":"https:\/\/www.tortosaturisme.cat\/fr\/wp-json\/wp\/v2\/comments?post=17296"}],"version-history":[{"count":4,"href":"https:\/\/www.tortosaturisme.cat\/fr\/wp-json\/wp\/v2\/pages\/17296\/revisions"}],"predecessor-version":[{"id":17376,"href":"https:\/\/www.tortosaturisme.cat\/fr\/wp-json\/wp\/v2\/pages\/17296\/revisions\/17376"}],"wp:attachment":[{"href":"https:\/\/www.tortosaturisme.cat\/fr\/wp-json\/wp\/v2\/media?parent=17296"}],"curies":[{"name":"wp","href":"https:\/\/api.w.org\/{rel}","templated":true}]}}