{"id":17316,"date":"2022-03-20T12:11:56","date_gmt":"2022-03-20T12:11:56","guid":{"rendered":"https:\/\/www.tortosaturisme.cat\/fr\/?page_id=17316"},"modified":"2022-03-20T12:11:59","modified_gmt":"2022-03-20T12:11:59","slug":"claveguera","status":"publish","type":"page","link":"https:\/\/www.tortosaturisme.cat\/fr\/claveguera\/","title":{"rendered":"Claveguera"},"content":{"rendered":"<p>[vc_row][vc_column]<div class=\"vc-incubalia-text-title\"><h2 class=\"vc-incubalia-text-title__title\">\u00c9gout (Ier si\u00e8cle)<\/h2><\/div><div class=\"vc-incubalia-text-1-column\"><div class=\"vc-incubalia-text-1-column__text\">Illumin\u00e9 \u00e0 droite du foss\u00e9, nous pouvons voir l\u2019exutoire d&rsquo;un \u00e9gout de section pentagonale qui parcourt le sous-sol romain en le traversant dans le sens est-ouest (de la cath\u00e9drale vers le fleuve).<\/p><br \/>\n<p>C&rsquo;est la sortie d&rsquo;une grande canalisation, recouverte d&rsquo;une vo\u00fbte en pierre et en mortier, qui \u00e9vacuait les eaux us\u00e9es et pluviales des secteurs de la ville situ\u00e9s \u00e0 des cotes plus \u00e9lev\u00e9es. Comme cela \u00e9tait courant dans les villes romaines dot\u00e9es d&rsquo;un syst\u00e8me d&rsquo;assainissement solide et complexe, l&rsquo;\u00e9gout a \u00e9t\u00e9 r\u00e9utilis\u00e9 \u00e0 l&rsquo;\u00e9poque musulmane.<\/div><\/div><script>\n            (function($) {\n                $(function() {\n                    $(\".vc_col-sm-6\").parent(\".vc_row\").addClass(\"vc_layout_2\");\n                });\n            })(jQuery);\n            <\/script>[\/vc_column][\/vc_row]<\/p>\n","protected":false},"excerpt":{"rendered":"<p>[vc_row][vc_column][\/vc_column][\/vc_row]<\/p>\n","protected":false},"author":4,"featured_media":0,"parent":0,"menu_order":0,"comment_status":"closed","ping_status":"closed","template":"","meta":{"footnotes":""},"class_list":["post-17316","page","type-page","status-publish","hentry"],"acf":[],"yoast_head":"<!-- This site is optimized with the Yoast SEO plugin v27.5 - https:\/\/yoast.com\/product\/yoast-seo-wordpress\/ -->\n<title>Claveguera - tortosaturisme<\/title>\n<meta name=\"robots\" content=\"index, follow, max-snippet:-1, max-image-preview:large, max-video-preview:-1\" \/>\n<link rel=\"canonical\" href=\"https:\/\/www.tortosaturisme.cat\/fr\/claveguera\/\" \/>\n<meta property=\"og:locale\" content=\"fr_FR\" \/>\n<meta property=\"og:type\" content=\"article\" \/>\n<meta property=\"og:title\" content=\"Claveguera - tortosaturisme\" \/>\n<meta property=\"og:description\" content=\"[vc_row][vc_column][\/vc_column][\/vc_row]\" \/>\n<meta property=\"og:url\" content=\"https:\/\/www.tortosaturisme.cat\/fr\/claveguera\/\" \/>\n<meta property=\"og:site_name\" content=\"tortosaturisme\" \/>\n<meta property=\"article:modified_time\" content=\"2022-03-20T12:11:59+00:00\" \/>\n<meta name=\"twitter:card\" content=\"summary_large_image\" \/>\n<meta name=\"twitter:label1\" content=\"Dur\u00e9e de lecture estim\u00e9e\" \/>\n\t<meta name=\"twitter:data1\" content=\"1 minute\" \/>\n<script type=\"application\/ld+json\" class=\"yoast-schema-graph\">{\"@context\":\"https:\\\/\\\/schema.org\",\"@graph\":[{\"@type\":\"WebPage\",\"@id\":\"https:\\\/\\\/www.tortosaturisme.cat\\\/fr\\\/claveguera\\\/\",\"url\":\"https:\\\/\\\/www.tortosaturisme.cat\\\/fr\\\/claveguera\\\/\",\"name\":\"Claveguera - tortosaturisme\",\"isPartOf\":{\"@id\":\"https:\\\/\\\/www.tortosaturisme.cat\\\/fr\\\/#website\"},\"datePublished\":\"2022-03-20T12:11:56+00:00\",\"dateModified\":\"2022-03-20T12:11:59+00:00\",\"breadcrumb\":{\"@id\":\"https:\\\/\\\/www.tortosaturisme.cat\\\/fr\\\/claveguera\\\/#breadcrumb\"},\"inLanguage\":\"fr-FR\",\"potentialAction\":[{\"@type\":\"ReadAction\",\"target\":[\"https:\\\/\\\/www.tortosaturisme.cat\\\/fr\\\/claveguera\\\/\"]}]},{\"@type\":\"BreadcrumbList\",\"@id\":\"https:\\\/\\\/www.tortosaturisme.cat\\\/fr\\\/claveguera\\\/#breadcrumb\",\"itemListElement\":[{\"@type\":\"ListItem\",\"position\":1,\"name\":\"Home\",\"item\":\"https:\\\/\\\/www.tortosaturisme.cat\\\/fr\\\/home-page\\\/\"},{\"@type\":\"ListItem\",\"position\":2,\"name\":\"Claveguera\"}]},{\"@type\":\"WebSite\",\"@id\":\"https:\\\/\\\/www.tortosaturisme.cat\\\/fr\\\/#website\",\"url\":\"https:\\\/\\\/www.tortosaturisme.cat\\\/fr\\\/\",\"name\":\"tortosaturisme\",\"description\":\"Otro sitio realizado con WordPress\",\"potentialAction\":[{\"@type\":\"SearchAction\",\"target\":{\"@type\":\"EntryPoint\",\"urlTemplate\":\"https:\\\/\\\/www.tortosaturisme.cat\\\/fr\\\/?s={search_term_string}\"},\"query-input\":{\"@type\":\"PropertyValueSpecification\",\"valueRequired\":true,\"valueName\":\"search_term_string\"}}],\"inLanguage\":\"fr-FR\"}]}<\/script>\n<!-- \/ Yoast SEO plugin. -->","yoast_head_json":{"title":"Claveguera - tortosaturisme","robots":{"index":"index","follow":"follow","max-snippet":"max-snippet:-1","max-image-preview":"max-image-preview:large","max-video-preview":"max-video-preview:-1"},"canonical":"https:\/\/www.tortosaturisme.cat\/fr\/claveguera\/","og_locale":"fr_FR","og_type":"article","og_title":"Claveguera - tortosaturisme","og_description":"[vc_row][vc_column][\/vc_column][\/vc_row]","og_url":"https:\/\/www.tortosaturisme.cat\/fr\/claveguera\/","og_site_name":"tortosaturisme","article_modified_time":"2022-03-20T12:11:59+00:00","twitter_card":"summary_large_image","twitter_misc":{"Dur\u00e9e de lecture estim\u00e9e":"1 minute"},"schema":{"@context":"https:\/\/schema.org","@graph":[{"@type":"WebPage","@id":"https:\/\/www.tortosaturisme.cat\/fr\/claveguera\/","url":"https:\/\/www.tortosaturisme.cat\/fr\/claveguera\/","name":"Claveguera - tortosaturisme","isPartOf":{"@id":"https:\/\/www.tortosaturisme.cat\/fr\/#website"},"datePublished":"2022-03-20T12:11:56+00:00","dateModified":"2022-03-20T12:11:59+00:00","breadcrumb":{"@id":"https:\/\/www.tortosaturisme.cat\/fr\/claveguera\/#breadcrumb"},"inLanguage":"fr-FR","potentialAction":[{"@type":"ReadAction","target":["https:\/\/www.tortosaturisme.cat\/fr\/claveguera\/"]}]},{"@type":"BreadcrumbList","@id":"https:\/\/www.tortosaturisme.cat\/fr\/claveguera\/#breadcrumb","itemListElement":[{"@type":"ListItem","position":1,"name":"Home","item":"https:\/\/www.tortosaturisme.cat\/fr\/home-page\/"},{"@type":"ListItem","position":2,"name":"Claveguera"}]},{"@type":"WebSite","@id":"https:\/\/www.tortosaturisme.cat\/fr\/#website","url":"https:\/\/www.tortosaturisme.cat\/fr\/","name":"tortosaturisme","description":"Otro sitio realizado con WordPress","potentialAction":[{"@type":"SearchAction","target":{"@type":"EntryPoint","urlTemplate":"https:\/\/www.tortosaturisme.cat\/fr\/?s={search_term_string}"},"query-input":{"@type":"PropertyValueSpecification","valueRequired":true,"valueName":"search_term_string"}}],"inLanguage":"fr-FR"}]}},"_links":{"self":[{"href":"https:\/\/www.tortosaturisme.cat\/fr\/wp-json\/wp\/v2\/pages\/17316","targetHints":{"allow":["GET"]}}],"collection":[{"href":"https:\/\/www.tortosaturisme.cat\/fr\/wp-json\/wp\/v2\/pages"}],"about":[{"href":"https:\/\/www.tortosaturisme.cat\/fr\/wp-json\/wp\/v2\/types\/page"}],"author":[{"embeddable":true,"href":"https:\/\/www.tortosaturisme.cat\/fr\/wp-json\/wp\/v2\/users\/4"}],"replies":[{"embeddable":true,"href":"https:\/\/www.tortosaturisme.cat\/fr\/wp-json\/wp\/v2\/comments?post=17316"}],"version-history":[{"count":3,"href":"https:\/\/www.tortosaturisme.cat\/fr\/wp-json\/wp\/v2\/pages\/17316\/revisions"}],"predecessor-version":[{"id":17433,"href":"https:\/\/www.tortosaturisme.cat\/fr\/wp-json\/wp\/v2\/pages\/17316\/revisions\/17433"}],"wp:attachment":[{"href":"https:\/\/www.tortosaturisme.cat\/fr\/wp-json\/wp\/v2\/media?parent=17316"}],"curies":[{"name":"wp","href":"https:\/\/api.w.org\/{rel}","templated":true}]}}