{"id":17340,"date":"2022-03-20T12:22:10","date_gmt":"2022-03-20T12:22:10","guid":{"rendered":"https:\/\/www.tortosaturisme.cat\/fr\/?page_id=17340"},"modified":"2022-03-20T12:22:13","modified_gmt":"2022-03-20T12:22:13","slug":"paviment","status":"publish","type":"page","link":"https:\/\/www.tortosaturisme.cat\/fr\/paviment\/","title":{"rendered":"Paviment"},"content":{"rendered":"<p>[vc_row][vc_column]<div class=\"vc-incubalia-text-title\"><h2 class=\"vc-incubalia-text-title__title\">Base du temple romain<\/h2><\/div><div class=\"vc-incubalia-text-1-column\"><div class=\"vc-incubalia-text-1-column__text\">Ici vous voyez la base d&rsquo;un temple romain. Son c\u00f4t\u00e9 sud fut localis\u00e9 sous le b\u00e2timent voisin de l&rsquo;\u00c9v\u00each\u00e9, o\u00f9 ses vestiges sont visibles de nos jours. La construction du temple remonte \u00e0 environ l\u2019an 100 apr\u00e8s J.-C., ce qui en fait un contemporain de la rang\u00e9e de tabernae qui se trouve \u00e0 c\u00f4t\u00e9. L&rsquo;ensemble ferait partie d&rsquo;un projet de monumentalisation de ce secteur de la ville qui pourrait \u00eatre li\u00e9 \u00e0 la cr\u00e9ation du forum.<\/p><br \/>\n<p>Au Ve si\u00e8cle, les structures externes du temple avaient d\u00e9j\u00e0 \u00e9t\u00e9 pill\u00e9es. \u00c0 cette \u00e9poque, la base \u00e9tait en partie couverte par un complexe de salaisons, mais aussi perfor\u00e9e de puits pour d\u00e9chets, et m\u00eame de fosses fun\u00e9raires.<\/div><\/div><script>\n            (function($) {\n                $(function() {\n                    $(\".vc_col-sm-6\").parent(\".vc_row\").addClass(\"vc_layout_2\");\n                });\n            })(jQuery);\n            <\/script>[\/vc_column][\/vc_row]<\/p>\n","protected":false},"excerpt":{"rendered":"<p>[vc_row][vc_column][\/vc_column][\/vc_row]<\/p>\n","protected":false},"author":4,"featured_media":0,"parent":0,"menu_order":0,"comment_status":"closed","ping_status":"closed","template":"","meta":{"footnotes":""},"class_list":["post-17340","page","type-page","status-publish","hentry"],"acf":[],"yoast_head":"<!-- This site is optimized with the Yoast SEO plugin v27.4 - https:\/\/yoast.com\/product\/yoast-seo-wordpress\/ -->\n<title>Paviment - tortosaturisme<\/title>\n<meta name=\"robots\" content=\"index, follow, max-snippet:-1, max-image-preview:large, max-video-preview:-1\" \/>\n<link rel=\"canonical\" href=\"https:\/\/www.tortosaturisme.cat\/fr\/paviment\/\" \/>\n<meta property=\"og:locale\" content=\"fr_FR\" \/>\n<meta property=\"og:type\" content=\"article\" \/>\n<meta property=\"og:title\" content=\"Paviment - tortosaturisme\" \/>\n<meta property=\"og:description\" content=\"[vc_row][vc_column][\/vc_column][\/vc_row]\" \/>\n<meta property=\"og:url\" content=\"https:\/\/www.tortosaturisme.cat\/fr\/paviment\/\" \/>\n<meta property=\"og:site_name\" content=\"tortosaturisme\" \/>\n<meta property=\"article:modified_time\" content=\"2022-03-20T12:22:13+00:00\" \/>\n<meta name=\"twitter:card\" content=\"summary_large_image\" \/>\n<meta name=\"twitter:label1\" content=\"Dur\u00e9e de lecture estim\u00e9e\" \/>\n\t<meta name=\"twitter:data1\" content=\"1 minute\" \/>\n<script type=\"application\/ld+json\" class=\"yoast-schema-graph\">{\"@context\":\"https:\\\/\\\/schema.org\",\"@graph\":[{\"@type\":\"WebPage\",\"@id\":\"https:\\\/\\\/www.tortosaturisme.cat\\\/fr\\\/paviment\\\/\",\"url\":\"https:\\\/\\\/www.tortosaturisme.cat\\\/fr\\\/paviment\\\/\",\"name\":\"Paviment - tortosaturisme\",\"isPartOf\":{\"@id\":\"https:\\\/\\\/www.tortosaturisme.cat\\\/fr\\\/#website\"},\"datePublished\":\"2022-03-20T12:22:10+00:00\",\"dateModified\":\"2022-03-20T12:22:13+00:00\",\"breadcrumb\":{\"@id\":\"https:\\\/\\\/www.tortosaturisme.cat\\\/fr\\\/paviment\\\/#breadcrumb\"},\"inLanguage\":\"fr-FR\",\"potentialAction\":[{\"@type\":\"ReadAction\",\"target\":[\"https:\\\/\\\/www.tortosaturisme.cat\\\/fr\\\/paviment\\\/\"]}]},{\"@type\":\"BreadcrumbList\",\"@id\":\"https:\\\/\\\/www.tortosaturisme.cat\\\/fr\\\/paviment\\\/#breadcrumb\",\"itemListElement\":[{\"@type\":\"ListItem\",\"position\":1,\"name\":\"Home\",\"item\":\"https:\\\/\\\/www.tortosaturisme.cat\\\/fr\\\/home-page\\\/\"},{\"@type\":\"ListItem\",\"position\":2,\"name\":\"Paviment\"}]},{\"@type\":\"WebSite\",\"@id\":\"https:\\\/\\\/www.tortosaturisme.cat\\\/fr\\\/#website\",\"url\":\"https:\\\/\\\/www.tortosaturisme.cat\\\/fr\\\/\",\"name\":\"tortosaturisme\",\"description\":\"Otro sitio realizado con WordPress\",\"potentialAction\":[{\"@type\":\"SearchAction\",\"target\":{\"@type\":\"EntryPoint\",\"urlTemplate\":\"https:\\\/\\\/www.tortosaturisme.cat\\\/fr\\\/?s={search_term_string}\"},\"query-input\":{\"@type\":\"PropertyValueSpecification\",\"valueRequired\":true,\"valueName\":\"search_term_string\"}}],\"inLanguage\":\"fr-FR\"}]}<\/script>\n<!-- \/ Yoast SEO plugin. -->","yoast_head_json":{"title":"Paviment - tortosaturisme","robots":{"index":"index","follow":"follow","max-snippet":"max-snippet:-1","max-image-preview":"max-image-preview:large","max-video-preview":"max-video-preview:-1"},"canonical":"https:\/\/www.tortosaturisme.cat\/fr\/paviment\/","og_locale":"fr_FR","og_type":"article","og_title":"Paviment - tortosaturisme","og_description":"[vc_row][vc_column][\/vc_column][\/vc_row]","og_url":"https:\/\/www.tortosaturisme.cat\/fr\/paviment\/","og_site_name":"tortosaturisme","article_modified_time":"2022-03-20T12:22:13+00:00","twitter_card":"summary_large_image","twitter_misc":{"Dur\u00e9e de lecture estim\u00e9e":"1 minute"},"schema":{"@context":"https:\/\/schema.org","@graph":[{"@type":"WebPage","@id":"https:\/\/www.tortosaturisme.cat\/fr\/paviment\/","url":"https:\/\/www.tortosaturisme.cat\/fr\/paviment\/","name":"Paviment - tortosaturisme","isPartOf":{"@id":"https:\/\/www.tortosaturisme.cat\/fr\/#website"},"datePublished":"2022-03-20T12:22:10+00:00","dateModified":"2022-03-20T12:22:13+00:00","breadcrumb":{"@id":"https:\/\/www.tortosaturisme.cat\/fr\/paviment\/#breadcrumb"},"inLanguage":"fr-FR","potentialAction":[{"@type":"ReadAction","target":["https:\/\/www.tortosaturisme.cat\/fr\/paviment\/"]}]},{"@type":"BreadcrumbList","@id":"https:\/\/www.tortosaturisme.cat\/fr\/paviment\/#breadcrumb","itemListElement":[{"@type":"ListItem","position":1,"name":"Home","item":"https:\/\/www.tortosaturisme.cat\/fr\/home-page\/"},{"@type":"ListItem","position":2,"name":"Paviment"}]},{"@type":"WebSite","@id":"https:\/\/www.tortosaturisme.cat\/fr\/#website","url":"https:\/\/www.tortosaturisme.cat\/fr\/","name":"tortosaturisme","description":"Otro sitio realizado con WordPress","potentialAction":[{"@type":"SearchAction","target":{"@type":"EntryPoint","urlTemplate":"https:\/\/www.tortosaturisme.cat\/fr\/?s={search_term_string}"},"query-input":{"@type":"PropertyValueSpecification","valueRequired":true,"valueName":"search_term_string"}}],"inLanguage":"fr-FR"}]}},"_links":{"self":[{"href":"https:\/\/www.tortosaturisme.cat\/fr\/wp-json\/wp\/v2\/pages\/17340","targetHints":{"allow":["GET"]}}],"collection":[{"href":"https:\/\/www.tortosaturisme.cat\/fr\/wp-json\/wp\/v2\/pages"}],"about":[{"href":"https:\/\/www.tortosaturisme.cat\/fr\/wp-json\/wp\/v2\/types\/page"}],"author":[{"embeddable":true,"href":"https:\/\/www.tortosaturisme.cat\/fr\/wp-json\/wp\/v2\/users\/4"}],"replies":[{"embeddable":true,"href":"https:\/\/www.tortosaturisme.cat\/fr\/wp-json\/wp\/v2\/comments?post=17340"}],"version-history":[{"count":2,"href":"https:\/\/www.tortosaturisme.cat\/fr\/wp-json\/wp\/v2\/pages\/17340\/revisions"}],"predecessor-version":[{"id":17438,"href":"https:\/\/www.tortosaturisme.cat\/fr\/wp-json\/wp\/v2\/pages\/17340\/revisions\/17438"}],"wp:attachment":[{"href":"https:\/\/www.tortosaturisme.cat\/fr\/wp-json\/wp\/v2\/media?parent=17340"}],"curies":[{"name":"wp","href":"https:\/\/api.w.org\/{rel}","templated":true}]}}