{"id":33685,"date":"2023-03-14T11:00:26","date_gmt":"2023-03-14T11:00:26","guid":{"rendered":"https:\/\/www.tortosaturisme.cat\/videomapping\/"},"modified":"2026-03-27T14:35:32","modified_gmt":"2026-03-27T13:35:32","slug":"videomapping-la-lumiere-de-lebre","status":"publish","type":"page","link":"https:\/\/www.tortosaturisme.cat\/fr\/videomapping-la-lumiere-de-lebre\/","title":{"rendered":"La Lumi\u00e8re de l&rsquo;Ebre"},"content":{"rendered":"<p>[vc_row][vc_column]<div class=\"vc-incubalia-text-title\"><h2 class=\"vc-incubalia-text-title__title\">Tortosa: la lumi\u00e8re de l'\u00c8bre<\/h2><\/div><div class=\"vc-incubalia-image-huge\"><img decoding=\"async\" class=\"vc-incubalia-image-huge__mobile-picture brightness-100\" src=\"https:\/\/www.tortosaturisme.cat\/wp-content\/uploads\/2023\/03\/768x550-Mapping-768x550.jpg\" alt=\"\"><img decoding=\"async\" class=\"vc-incubalia-image-huge__desktop-picture brightness-100\" src=\"https:\/\/www.tortosaturisme.cat\/wp-content\/uploads\/2023\/03\/1920x1050-9-1920x1050.jpg\" alt=\"Projecci\u00f3 de la llum de l'Ebre a la catedral de Tortosa\"><\/div>[\/vc_column][\/vc_row][vc_row][vc_column][\/vc_column][\/vc_row][vc_row][vc_column]<div class=\"vc-incubalia-text-1-column-subtitle\"><h3 class=\"vc-incubalia-text-1-column-subtitle__subtitle\">La Lumi\u00e8re de l'\u00c8bre est une installation permanente de vid\u00e9o projection en plein air, pionni\u00e8re dans l'\u00c9tat, avec des projections r\u00e9guli\u00e8res les week-ends<\/h3><div class=\"vc-incubalia-text-1-column-subtitle__text\"><strong>Tortosa a une histoire privil\u00e9gi\u00e9e que cette projection vid\u00e9o unique nous apporte de mani\u00e8re impactante.<\/strong> L&rsquo;endroit o\u00f9 se trouve aujourd&rsquo;hui la cath\u00e9drale est un espace o\u00f9 la vie bat depuis les origines de la ville. C&rsquo;est le m\u00eame lieu o\u00f9 les <strong>Romains<\/strong> ont construit le<strong> temple<\/strong> principal du forum, plus part les <strong>Wisigoths<\/strong> en ont fait leur <strong>centre religieux<\/strong> et, \u00e0 leur tour, les <strong>Andalous<\/strong> ont construit une impressionnante <strong>mosqu\u00e9e<\/strong> \u00e0 5 nefs, \u00e0 laquelle a succ\u00e9d\u00e9 la <strong>cat\u00e9drale romane<\/strong> pour finalement construire la<strong> cath\u00e9drale gothique<\/strong> avec son impressionnante fa\u00e7ade baroque. Tous ces \u00e9difices vont rena\u00eetre gr\u00e2ce \u00e0 la magie de la projection.<\/p><br \/>\n<p>&nbsp;<\/div><\/div><div class=\"vc-incubalia-video-full-width\"><img decoding=\"async\" class=\"vc-incubalia-video-full-width__image-mobile\" src=\"https:\/\/www.tortosaturisme.cat\/wp-content\/uploads\/2023\/11\/Mapping-anunci-768x350-1-768x350.jpg\"><img decoding=\"async\" class=\"vc-incubalia-video-full-width__image-desktop\" src=\"https:\/\/www.tortosaturisme.cat\/wp-content\/uploads\/2023\/11\/Mapping-anunci-1920x550-1-1920x550.jpg\"><div id=\"adab76394a\" class=\"vc-incubalia-video-full-width__play-button\"><img decoding=\"async\" class=\"play-button\" src=\"https:\/\/www.tortosaturisme.cat\/wp-content\/plugins\/vc-incubalia-elements\/elements\/..\/assets\/img\/video-play.png\"><\/div><div class=\"vc-incubalia-video-full-width__youtube-iframe\"><iframe loading=\"lazy\" width=\"560\" height=\"315\" src=\"https:\/\/www.youtube.com\/embed\/p1ByTa3x-L4\" frameborder=\"0\" allowfullscreen><\/iframe><\/div><\/div><script>(function($) {\n                $(function() {\n                    $('#adab76394a').on('click', function() {\n                        $(this).parent().parent().find('.vc-incubalia-video-full-width').addClass('play');\n                        \/\/$(this).parent().parent().find('.vc-incubalia-video-full-width__youtube-iframe iframe').attr('src', $('.vc-incubalia-video-full-width__youtube-iframe iframe').attr('src') + '?autoplay=1');\n                    });\n                });\n\n                $(window).load(function() {\n                    height = $('.vc-incubalia-video-full-width').height();\n                    setYoutubeIframeDimensions();\n                });\n\n                $(window).resize(function() {\n                    setYoutubeIframeDimensions();\n                });\n\n                function setYoutubeIframeDimensions()\n                {\n                    if ($('.vc-incubalia-video-full-width').height() > 0) {\n                        height = $('.vc-incubalia-video-full-width').height();\n                    }\n                    $('.vc-incubalia-video-full-width__youtube-iframe iframe').attr('height', height);\n                    let width = height * 16 \/ 9;\n                    $('.vc-incubalia-video-full-width__youtube-iframe iframe').attr('width', width);\n                }\n            })(jQuery)<\/script>[\/vc_column][\/vc_row][vc_row][vc_column]<div class=\"vc-incubalia-text-1-column-subtitle\"><h2 class=\"vc-incubalia-text-1-column-subtitle__title\">HORAIRES 2024<\/h2><h3 class=\"vc-incubalia-text-1-column-subtitle__subtitle\"> Les projections s'adaptent selon la p\u00e9riode de l'ann\u00e9e et le coucher de soleil.<\/h3><div class=\"vc-incubalia-text-1-column-subtitle__text\"><\/p><br \/>\n<ul><br \/>\n<li data-start=\"1566\" data-end=\"1649\"><strong>Janvier, f\u00e9vrier et mars<\/strong> : vendredis et samedis \u00e0 20h30 et 21h00 (jusqu\u2019au 29 mars)<\/li><br \/>\n<li data-start=\"1651\" data-end=\"1741\"><strong>Avril et mai<\/strong> : vendredis et samedis \u00e0 22h00 et 22h30 (pas de projection les 3 et 4 avril).<\/li><br \/>\n<li data-start=\"1743\" data-end=\"1954\"><strong>Juin et juillet<\/strong> : Jusqu\u2019au 21 juin, vendredis et samedis \u00e0 22h30 et 23h00. \u00c0 partir du 26 juin, jeudis, vendredis et samedis \u00e0 22h30, 22h45 et 23h00. S\u00e9ances suppl\u00e9mentaires : le 23 juin \u00e0 22h30, 22h45 et 23h00.<\/li><br \/>\n<li data-start=\"1956\" data-end=\"2117\"><strong>Ao\u00fbt et septembre<\/strong> : Jusqu\u2019au 11 septembre, jeudis, vendredis et samedis \u00e0 22h00, 22h30 et 23h00. \u00c0 partir du 12 septembre, vendredis et samedis \u00e0 22h00 et 22h30.<\/li><br \/>\n<li data-start=\"2119\" data-end=\"2262\"><strong>Octobre, novembre et d\u00e9cembre<\/strong> : vendredis et samedis \u00e0 20h30 et 21h00. S\u00e9ances suppl\u00e9mentaires : les 11 octobre et 7 d\u00e9cembre \u00e0 20h30 et 21h00<\/li><br \/>\n<\/ul><br \/>\n<p>S\u00e9ances suppl\u00e9mentaires les veilles de jours f\u00e9ri\u00e9s selon l&rsquo;horaire du mois correspondant et <strong>repos pendant les f\u00eates religieuses (P\u00e2ques et No\u00ebl).<\/strong><\/p><br \/>\n<p>&nbsp;<\/div><\/div><div class=\"vc-incubalia-image-3x2-centered\"><img decoding=\"async\" class=\"vc-incubalia-image-3x2-centered__mobile-picture\" src=\"https:\/\/www.tortosaturisme.cat\/wp-content\/uploads\/2023\/03\/768x512-mapping-2-768x512.jpg\" alt=\"\"><img decoding=\"async\" class=\"vc-incubalia-image-3x2-centered__desktop-picture\" src=\"https:\/\/www.tortosaturisme.cat\/wp-content\/uploads\/2023\/03\/1920x1280-Mapping-1920x1280.png\" alt=\"\"><\/div>[\/vc_column][\/vc_row][vc_row][vc_column]<div class=\"vc-incubalia-text-1-column-subtitle\"><div class=\"vc-incubalia-text-1-column-subtitle__text\"><strong>La Lumi\u00e8re de l&rsquo;\u00c8bre<\/strong> vous invite \u00e0 voyager dans le temps avec <strong>cette spectaculaire vid\u00e9o projection sur la fa\u00e7ade de la cath\u00e9drale de Tortosa<\/strong>, dans lequel vous d\u00e9couvrirez les origines mythiques de la ville et certains de ses moments les plus marquants, de l&rsquo;\u00e2ge anthique au baroque, avec de multiples effets visuels et jeux de lumi\u00e8res afin de cr\u00e9er <strong>un spectacle saisissant et passionnant.<\/strong><\/div><\/div>[\/vc_column][\/vc_row][vc_row][vc_column]<div class=\"vc-incubalia-image-3x2-centered\"><img decoding=\"async\" class=\"vc-incubalia-image-3x2-centered__mobile-picture\" src=\"https:\/\/www.tortosaturisme.cat\/wp-content\/uploads\/2023\/03\/768x512-mapping-1-768x512.jpg\" alt=\"\"><img decoding=\"async\" class=\"vc-incubalia-image-3x2-centered__desktop-picture\" src=\"https:\/\/www.tortosaturisme.cat\/wp-content\/uploads\/2023\/03\/Mapping-La-llum-de-lEbre-1920x1280-1-1920x1280.png\" alt=\"\"><\/div>[\/vc_column][\/vc_row][vc_row][vc_column]<div class=\"vc-incubalia-4-icons\"><h2 class=\"vc-incubalia-4-icons__title\"><\/h2><div class=\"vc-incubalia-4-icons__icon\"><a class=\"vc-incubalia-4-icons__icon-url\" href=\"http:\/\/www2.tortosa.cat\/\"><img decoding=\"async\" class=\"vc-incubalia-4-icons__icon-image\" src=\"https:\/\/www.tortosaturisme.cat\/wp-content\/uploads\/2020\/03\/ajuntament-500x500-400x400.jpg\"><\/a><\/div><div class=\"vc-incubalia-4-icons__icon\"><a class=\"vc-incubalia-4-icons__icon-url\" href=\"http:\/\/www.tortosaturisme.cat\"><img decoding=\"async\" class=\"vc-incubalia-4-icons__icon-image\" src=\"https:\/\/www.tortosaturisme.cat\/wp-content\/uploads\/2018\/03\/logo-turisme-400-400x355.jpg\"><\/a><\/div><div class=\"vc-incubalia-4-icons__icon\"><a class=\"vc-incubalia-4-icons__icon-url\" href=\"http:\/\/fonseuropeus.gencat.cat\/ca\/\"><img decoding=\"async\" class=\"vc-incubalia-4-icons__icon-image\" src=\"https:\/\/www.tortosaturisme.cat\/wp-content\/uploads\/2020\/03\/FEder_Vertical_400x400.png\"><\/a><\/div><div class=\"vc-incubalia-4-icons__icon\"><a class=\"vc-incubalia-4-icons__icon-url\" href=\"https:\/\/web.gencat.cat\/ca\/inici\"><img decoding=\"async\" class=\"vc-incubalia-4-icons__icon-image\" src=\"https:\/\/www.tortosaturisme.cat\/wp-content\/uploads\/2020\/03\/generalitat-de-catalunya500x500-400x400.jpg\"><\/a><\/div><\/div><div class=\"vc-incubalia-5-cards\"><h2 class=\"vc-incubalia-5-cards__title\">Recommandations<\/h2><div class=\"vc-incubalia-5-cards__card card-1 has-url\"><a href=\"\/lugar\/tortosa-cota-0\/\"><img decoding=\"async\" class=\"vc-incubalia-5-cards__card-mobile-picture\" src=\"https:\/\/www.tortosaturisme.cat\/wp-content\/uploads\/2023\/03\/1280x460-Cota-0-640x460.png\">\n                      <img decoding=\"async\" class=\"vc-incubalia-5-cards__card-desktop-picture\" src=\"https:\/\/www.tortosaturisme.cat\/wp-content\/uploads\/2023\/03\/1280x460-Cota-0-1280x460.png\"><\/a><div class=\"vc-incubalia-5-cards__card-text-container\"><p class=\"vc-incubalia-5-cards__card-title\">Tortosa Cota 0<\/p><p class=\"vc-incubalia-5-cards__card-subtitle\"> D\u00e9couvrez \u00e0 quoi ressemblait Tortosa pour les Romains, les Wisigoths, les Andalous et les Chr\u00e9tiens.<\/p><\/div><div class=\"vc-incubalia-5-cards__card-url-container\"><span class=\"vc-incubalia-5-cards__card-url\">Lire la suite<\/span><\/div><\/div><div class=\"vc-incubalia-5-cards__card card-2 has-url\"><a href=\"\/ruta\/les-fortificacions\/\"><img decoding=\"async\" class=\"vc-incubalia-5-cards__card-mobile-picture\" src=\"https:\/\/www.tortosaturisme.cat\/wp-content\/uploads\/2023\/03\/b-1280-fortifcacions-640x460.jpg\">\n                      <img decoding=\"async\" class=\"vc-incubalia-5-cards__card-desktop-picture\" src=\"https:\/\/www.tortosaturisme.cat\/wp-content\/uploads\/2023\/03\/b-1280-fortifcacions-640x460.jpg\"><\/a><div class=\"vc-incubalia-5-cards__card-text-container\"><p class=\"vc-incubalia-5-cards__card-title\">Route des fortifications<\/p><p class=\"vc-incubalia-5-cards__card-subtitle\">Parcourez les remparts m\u00e9di\u00e9vaux et les bastions, les douves et les ravelins modernes<\/p><\/div><div class=\"vc-incubalia-5-cards__card-url-container\"><span class=\"vc-incubalia-5-cards__card-url\">Lire la suite<\/span><\/div><\/div><div class=\"vc-incubalia-5-cards__card-3-and-4-container\"><div class=\"vc-incubalia-5-cards__card card-3 has-url\"><a href=\"\/lugar\/el-passeig-de-les-cultures\/\"><img decoding=\"async\" class=\"vc-incubalia-5-cards__card-mobile-picture\" src=\"https:\/\/www.tortosaturisme.cat\/wp-content\/uploads\/2023\/03\/1280x480-passeig-cultures-640x460.jpg\">\n                      <img decoding=\"async\" class=\"vc-incubalia-5-cards__card-desktop-picture\" src=\"https:\/\/www.tortosaturisme.cat\/wp-content\/uploads\/2023\/03\/1280x480-passeig-cultures-640x460.jpg\"><\/a><div class=\"vc-incubalia-5-cards__card-text-container\"><p class=\"vc-incubalia-5-cards__card-title\">Le passage des cultures<\/p><p class=\"vc-incubalia-5-cards__card-subtitle\">Une visite pour d\u00e9couvrir quelques-uns des hommes et des femmes qui ont fa\u00e7onn\u00e9 Tortosa<\/p><\/div><div class=\"vc-incubalia-5-cards__card-url-container\"><span class=\"vc-incubalia-5-cards__card-url\">Lire la suite<\/span><\/div><\/div><div class=\"vc-incubalia-5-cards__card card-4 has-url\"><a href=\"\/ruta\/hemingway-i-la-guerra-civil\/\"><img decoding=\"async\" class=\"vc-incubalia-5-cards__card-mobile-picture\" src=\"https:\/\/www.tortosaturisme.cat\/wp-content\/uploads\/2023\/03\/B-1280-visites-guiades-640x460.jpg\">\n                      <img decoding=\"async\" class=\"vc-incubalia-5-cards__card-desktop-picture\" src=\"https:\/\/www.tortosaturisme.cat\/wp-content\/uploads\/2023\/03\/B-1280-visites-guiades-640x460.jpg\"><\/a><div class=\"vc-incubalia-5-cards__card-text-container\"><p class=\"vc-incubalia-5-cards__card-title\">Hemingway et la Guerre Civile<\/p><p class=\"vc-incubalia-5-cards__card-subtitle\">Un parcours pour en savoir plus sur son passage et les \u00e9v\u00e9nements tragiques<\/p><\/div><div class=\"vc-incubalia-5-cards__card-url-container\"><span class=\"vc-incubalia-5-cards__card-url\">Lire la suite<\/span><\/div><\/div><\/div><div class=\"vc-incubalia-5-cards__card card-5 has-url\"><a href=\"\/ruta\/la-tortosa-del-renaixement\/\"><img decoding=\"async\" class=\"vc-incubalia-5-cards__card-mobile-picture\" src=\"https:\/\/www.tortosaturisme.cat\/wp-content\/uploads\/2018\/02\/b-1280-ciutat-renaixement-2-640x460.jpg\">\n                      <img decoding=\"async\" class=\"vc-incubalia-5-cards__card-desktop-picture\" src=\"https:\/\/www.tortosaturisme.cat\/wp-content\/uploads\/2018\/02\/b-1280-ciutat-renaixement-2-640x449.jpg\"><\/a><div class=\"vc-incubalia-5-cards__card-text-container\"><p class=\"vc-incubalia-5-cards__card-title\">La ville de la Renaissance<\/p><p class=\"vc-incubalia-5-cards__card-subtitle\">\u00c9merveillez-vous devant la splendeur du XVIe si\u00e8cle<\/p><\/div><div class=\"vc-incubalia-5-cards__card-url-container\"><span class=\"vc-incubalia-5-cards__card-url\">Lire la suite<\/span><\/div><\/div><\/div>[\/vc_column][\/vc_row][vc_row][vc_column]<div class=\"vc-incubalia-4-images\"><h2 class=\"vc-incubalia-4-images__title\">Vivez la ville et le territoire<\/h2><div class=\"vc-incubalia-4-images__image has-url\"\"><a href=\"\/experiencies\/\"><img decoding=\"async\" src=\"https:\/\/www.tortosaturisme.cat\/wp-content\/uploads\/2018\/02\/b-900-lloguer-bicis.jpg\" alt=\"\"><\/a><div class=\"vc-incubalia-4-images__image-text-container\"><p class=\"vc-incubalia-4-images__image-title\">Exp\u00e9riences<\/p><p class=\"vc-incubalia-4-images__image-subtitle\"> Des activit\u00e9s culturelles, d'aventure, en groupe, pour toute la famille et, surtout, pour s'amuser!<\/p><\/div><div class=\"vc-incubalia-4-images__image-url-container\"><span class=\"vc-incubalia-4-images__image-url\">Lire la suite<\/span><\/div><\/div><div class=\"vc-incubalia-4-images__image has-url\"\"><a href=\"\/experiencies\/?experience-type=a-laire-lliure&amp;list-view=cards\"><img decoding=\"async\" src=\"https:\/\/www.tortosaturisme.cat\/wp-content\/uploads\/2018\/02\/b-900-600-aire-lliure.jpg\" alt=\"\"><\/a><div class=\"vc-incubalia-4-images__image-text-container\"><p class=\"vc-incubalia-4-images__image-title\">\u00c0 l'aire libre<\/p><p class=\"vc-incubalia-4-images__image-subtitle\">Excursions \u00e0 pied, en 4x4 ou \u00e0 v\u00e8lo<\/p><\/div><div class=\"vc-incubalia-4-images__image-url-container\"><span class=\"vc-incubalia-4-images__image-url\">Lire la suite<\/span><\/div><\/div><div class=\"vc-incubalia-4-images__image has-url\"\"><a href=\"\/experiencies\/?experience-type=al-riu&amp;list-view=cards\"><img decoding=\"async\" src=\"https:\/\/www.tortosaturisme.cat\/wp-content\/uploads\/2020\/06\/sirgador_900x400.jpg\" alt=\"\"><\/a><div class=\"vc-incubalia-4-images__image-text-container\"><p class=\"vc-incubalia-4-images__image-title\">Sur le fleuve<\/p><p class=\"vc-incubalia-4-images__image-subtitle\">Naviguez \u00e0 bord du luth ou explorez-le en canot ou en kayak<\/p><\/div><div class=\"vc-incubalia-4-images__image-url-container\"><span class=\"vc-incubalia-4-images__image-url\">Lire la suite<\/span><\/div><\/div><div class=\"vc-incubalia-4-images__image has-url\"\"><a href=\"\/experiencies\/?experience-type=amb-nens&amp;list-view=cards\"><img decoding=\"async\" src=\"https:\/\/www.tortosaturisme.cat\/wp-content\/uploads\/2020\/03\/passeig_cultures_900x400.jpg\" alt=\"\"><\/a><div class=\"vc-incubalia-4-images__image-text-container\"><p class=\"vc-incubalia-4-images__image-title\">Avec les enfants<\/p><p class=\"vc-incubalia-4-images__image-subtitle\">Une visite inoubliable<\/p><\/div><div class=\"vc-incubalia-4-images__image-url-container\"><span class=\"vc-incubalia-4-images__image-url\">Lire la suite<\/span><\/div><\/div><\/div>[\/vc_column][\/vc_row][vc_row][vc_column][\/vc_column][\/vc_row][vc_row][vc_column width=\u00a0\u00bb1\/6&Prime;][\/vc_column][vc_column width=\u00a0\u00bb1\/6&Prime;]<div class=\"vc-incubalia-3-images\"><div class=\"vc-incubalia-3-images__image\"><img decoding=\"async\" src=\"\" alt=\"\"><\/div><div class=\"vc-incubalia-3-images__image\"><img decoding=\"async\" src=\"\" alt=\"\"><\/div><div class=\"vc-incubalia-3-images__image\"><a href=\"https:\/\/terresdelebre.travel\/\"><img decoding=\"async\" src=\"https:\/\/www.tortosaturisme.cat\/wp-content\/uploads\/2020\/09\/terres-de-lebre-reserva-biosfera400x400.jpg\" alt=\"\"><\/a><\/div><\/div>[\/vc_column][vc_column width=\u00a0\u00bb1\/6&Prime;]<div class=\"vc-incubalia-text-1-column\"><div class=\"vc-incubalia-text-1-column__text\">Campagne de promotion en ligne avec le soutien du Patronat de Tourisme de la Diputaci\u00f3 de Tarragona<\/div><\/div><script>\n            (function($) {\n                $(function() {\n                    $(\".vc_col-sm-6\").parent(\".vc_row\").addClass(\"vc_layout_2\");\n                });\n            })(jQuery);\n            <\/script>[\/vc_column][vc_column width=\u00a0\u00bb1\/6&Prime;][\/vc_column][vc_column width=\u00a0\u00bb1\/6&Prime;][\/vc_column][vc_column width=\u00a0\u00bb1\/6&Prime;][\/vc_column][\/vc_row][vc_row][vc_column][\/vc_column][\/vc_row]<\/p>\n","protected":false},"excerpt":{"rendered":"<p>[vc_row][vc_column][\/vc_column][\/vc_row][vc_row][vc_column][\/vc_column][\/vc_row][vc_row][vc_column][\/vc_column][\/vc_row][vc_row][vc_column][\/vc_column][\/vc_row][vc_row][vc_column][\/vc_column][\/vc_row][vc_row][vc_column][\/vc_column][\/vc_row][vc_row][vc_column][\/vc_column][\/vc_row][vc_row][vc_column][\/vc_column][\/vc_row][vc_row][vc_column][\/vc_column][\/vc_row][vc_row][vc_column width=\u00a0\u00bb1\/6&Prime;][\/vc_column][vc_column width=\u00a0\u00bb1\/6&Prime;][\/vc_column][vc_column width=\u00a0\u00bb1\/6&Prime;][\/vc_column][vc_column width=\u00a0\u00bb1\/6&Prime;][\/vc_column][vc_column width=\u00a0\u00bb1\/6&Prime;][\/vc_column][vc_column width=\u00a0\u00bb1\/6&Prime;][\/vc_column][\/vc_row][vc_row][vc_column][\/vc_column][\/vc_row]<\/p>\n","protected":false},"author":2,"featured_media":0,"parent":0,"menu_order":16,"comment_status":"closed","ping_status":"closed","template":"","meta":{"footnotes":""},"class_list":["post-33685","page","type-page","status-publish","hentry"],"acf":[],"yoast_head":"<!-- This site is optimized with the Yoast SEO plugin v27.3 - https:\/\/yoast.com\/product\/yoast-seo-wordpress\/ -->\n<title>La Lumi\u00e8re de l&#039;Ebre - Tortosa Turisme<\/title>\n<meta name=\"description\" content=\"Vivez la Lumi\u00e8re de l&#039;Ebre : un videomapping spectaculaire retra\u00e7ant 2000 ans d\u2019histoire sur la fa\u00e7ade baroque de la cath\u00e9drale de Tortosa.\" \/>\n<meta name=\"robots\" content=\"index, follow, max-snippet:-1, max-image-preview:large, max-video-preview:-1\" \/>\n<link rel=\"canonical\" href=\"https:\/\/www.tortosaturisme.cat\/fr\/videomapping-la-lumiere-de-lebre\/\" \/>\n<meta property=\"og:locale\" content=\"fr_FR\" \/>\n<meta property=\"og:type\" content=\"article\" \/>\n<meta property=\"og:title\" content=\"La Lumi\u00e8re de l&#039;Ebre - Tortosa Turisme\" \/>\n<meta property=\"og:description\" content=\"Vivez la Lumi\u00e8re de l&#039;Ebre : un videomapping spectaculaire retra\u00e7ant 2000 ans d\u2019histoire sur la fa\u00e7ade baroque de la cath\u00e9drale de Tortosa.\" \/>\n<meta property=\"og:url\" content=\"https:\/\/www.tortosaturisme.cat\/fr\/videomapping-la-lumiere-de-lebre\/\" \/>\n<meta property=\"og:site_name\" content=\"tortosaturisme\" \/>\n<meta property=\"article:modified_time\" content=\"2026-03-27T13:35:32+00:00\" \/>\n<meta name=\"twitter:card\" content=\"summary_large_image\" \/>\n<meta name=\"twitter:label1\" content=\"Dur\u00e9e de lecture estim\u00e9e\" \/>\n\t<meta name=\"twitter:data1\" content=\"4 minutes\" \/>\n<script type=\"application\/ld+json\" class=\"yoast-schema-graph\">{\"@context\":\"https:\\\/\\\/schema.org\",\"@graph\":[{\"@type\":\"WebPage\",\"@id\":\"https:\\\/\\\/www.tortosaturisme.cat\\\/fr\\\/videomapping-la-lumiere-de-lebre\\\/\",\"url\":\"https:\\\/\\\/www.tortosaturisme.cat\\\/fr\\\/videomapping-la-lumiere-de-lebre\\\/\",\"name\":\"La Lumi\u00e8re de l'Ebre - Tortosa Turisme\",\"isPartOf\":{\"@id\":\"https:\\\/\\\/www.tortosaturisme.cat\\\/fr\\\/#website\"},\"datePublished\":\"2023-03-14T11:00:26+00:00\",\"dateModified\":\"2026-03-27T13:35:32+00:00\",\"description\":\"Vivez la Lumi\u00e8re de l'Ebre : un videomapping spectaculaire retra\u00e7ant 2000 ans d\u2019histoire sur la fa\u00e7ade baroque de la cath\u00e9drale de Tortosa.\",\"breadcrumb\":{\"@id\":\"https:\\\/\\\/www.tortosaturisme.cat\\\/fr\\\/videomapping-la-lumiere-de-lebre\\\/#breadcrumb\"},\"inLanguage\":\"fr-FR\",\"potentialAction\":[{\"@type\":\"ReadAction\",\"target\":[\"https:\\\/\\\/www.tortosaturisme.cat\\\/fr\\\/videomapping-la-lumiere-de-lebre\\\/\"]}]},{\"@type\":\"BreadcrumbList\",\"@id\":\"https:\\\/\\\/www.tortosaturisme.cat\\\/fr\\\/videomapping-la-lumiere-de-lebre\\\/#breadcrumb\",\"itemListElement\":[{\"@type\":\"ListItem\",\"position\":1,\"name\":\"Home\",\"item\":\"https:\\\/\\\/www.tortosaturisme.cat\\\/fr\\\/home-page\\\/\"},{\"@type\":\"ListItem\",\"position\":2,\"name\":\"La Lumi\u00e8re de l&#8217;Ebre\"}]},{\"@type\":\"WebSite\",\"@id\":\"https:\\\/\\\/www.tortosaturisme.cat\\\/fr\\\/#website\",\"url\":\"https:\\\/\\\/www.tortosaturisme.cat\\\/fr\\\/\",\"name\":\"tortosaturisme\",\"description\":\"Otro sitio realizado con WordPress\",\"potentialAction\":[{\"@type\":\"SearchAction\",\"target\":{\"@type\":\"EntryPoint\",\"urlTemplate\":\"https:\\\/\\\/www.tortosaturisme.cat\\\/fr\\\/?s={search_term_string}\"},\"query-input\":{\"@type\":\"PropertyValueSpecification\",\"valueRequired\":true,\"valueName\":\"search_term_string\"}}],\"inLanguage\":\"fr-FR\"}]}<\/script>\n<!-- \/ Yoast SEO plugin. -->","yoast_head_json":{"title":"La Lumi\u00e8re de l'Ebre - Tortosa Turisme","description":"Vivez la Lumi\u00e8re de l'Ebre : un videomapping spectaculaire retra\u00e7ant 2000 ans d\u2019histoire sur la fa\u00e7ade baroque de la cath\u00e9drale de Tortosa.","robots":{"index":"index","follow":"follow","max-snippet":"max-snippet:-1","max-image-preview":"max-image-preview:large","max-video-preview":"max-video-preview:-1"},"canonical":"https:\/\/www.tortosaturisme.cat\/fr\/videomapping-la-lumiere-de-lebre\/","og_locale":"fr_FR","og_type":"article","og_title":"La Lumi\u00e8re de l'Ebre - Tortosa Turisme","og_description":"Vivez la Lumi\u00e8re de l'Ebre : un videomapping spectaculaire retra\u00e7ant 2000 ans d\u2019histoire sur la fa\u00e7ade baroque de la cath\u00e9drale de Tortosa.","og_url":"https:\/\/www.tortosaturisme.cat\/fr\/videomapping-la-lumiere-de-lebre\/","og_site_name":"tortosaturisme","article_modified_time":"2026-03-27T13:35:32+00:00","twitter_card":"summary_large_image","twitter_misc":{"Dur\u00e9e de lecture estim\u00e9e":"4 minutes"},"schema":{"@context":"https:\/\/schema.org","@graph":[{"@type":"WebPage","@id":"https:\/\/www.tortosaturisme.cat\/fr\/videomapping-la-lumiere-de-lebre\/","url":"https:\/\/www.tortosaturisme.cat\/fr\/videomapping-la-lumiere-de-lebre\/","name":"La Lumi\u00e8re de l'Ebre - Tortosa Turisme","isPartOf":{"@id":"https:\/\/www.tortosaturisme.cat\/fr\/#website"},"datePublished":"2023-03-14T11:00:26+00:00","dateModified":"2026-03-27T13:35:32+00:00","description":"Vivez la Lumi\u00e8re de l'Ebre : un videomapping spectaculaire retra\u00e7ant 2000 ans d\u2019histoire sur la fa\u00e7ade baroque de la cath\u00e9drale de Tortosa.","breadcrumb":{"@id":"https:\/\/www.tortosaturisme.cat\/fr\/videomapping-la-lumiere-de-lebre\/#breadcrumb"},"inLanguage":"fr-FR","potentialAction":[{"@type":"ReadAction","target":["https:\/\/www.tortosaturisme.cat\/fr\/videomapping-la-lumiere-de-lebre\/"]}]},{"@type":"BreadcrumbList","@id":"https:\/\/www.tortosaturisme.cat\/fr\/videomapping-la-lumiere-de-lebre\/#breadcrumb","itemListElement":[{"@type":"ListItem","position":1,"name":"Home","item":"https:\/\/www.tortosaturisme.cat\/fr\/home-page\/"},{"@type":"ListItem","position":2,"name":"La Lumi\u00e8re de l&#8217;Ebre"}]},{"@type":"WebSite","@id":"https:\/\/www.tortosaturisme.cat\/fr\/#website","url":"https:\/\/www.tortosaturisme.cat\/fr\/","name":"tortosaturisme","description":"Otro sitio realizado con WordPress","potentialAction":[{"@type":"SearchAction","target":{"@type":"EntryPoint","urlTemplate":"https:\/\/www.tortosaturisme.cat\/fr\/?s={search_term_string}"},"query-input":{"@type":"PropertyValueSpecification","valueRequired":true,"valueName":"search_term_string"}}],"inLanguage":"fr-FR"}]}},"_links":{"self":[{"href":"https:\/\/www.tortosaturisme.cat\/fr\/wp-json\/wp\/v2\/pages\/33685","targetHints":{"allow":["GET"]}}],"collection":[{"href":"https:\/\/www.tortosaturisme.cat\/fr\/wp-json\/wp\/v2\/pages"}],"about":[{"href":"https:\/\/www.tortosaturisme.cat\/fr\/wp-json\/wp\/v2\/types\/page"}],"author":[{"embeddable":true,"href":"https:\/\/www.tortosaturisme.cat\/fr\/wp-json\/wp\/v2\/users\/2"}],"replies":[{"embeddable":true,"href":"https:\/\/www.tortosaturisme.cat\/fr\/wp-json\/wp\/v2\/comments?post=33685"}],"version-history":[{"count":23,"href":"https:\/\/www.tortosaturisme.cat\/fr\/wp-json\/wp\/v2\/pages\/33685\/revisions"}],"predecessor-version":[{"id":41630,"href":"https:\/\/www.tortosaturisme.cat\/fr\/wp-json\/wp\/v2\/pages\/33685\/revisions\/41630"}],"wp:attachment":[{"href":"https:\/\/www.tortosaturisme.cat\/fr\/wp-json\/wp\/v2\/media?parent=33685"}],"curies":[{"name":"wp","href":"https:\/\/api.w.org\/{rel}","templated":true}]}}