{"id":35034,"date":"2024-10-11T11:10:16","date_gmt":"2024-10-11T11:10:16","guid":{"rendered":"https:\/\/www.tortosaturisme.cat\/?page_id=35034"},"modified":"2024-10-11T11:10:16","modified_gmt":"2024-10-11T11:10:16","slug":"accessibilitat","status":"publish","type":"page","link":"https:\/\/www.tortosaturisme.cat\/fr\/accessibilitat\/","title":{"rendered":"Accessibilitat"},"content":{"rendered":"<p>[vc_row][vc_column][vc_column_text][\/vc_column][\/vc_row][vc_row][vc_column]<div class=\"vc-incubalia-text-1-column\"><div class=\"vc-incubalia-text-1-column__text\"><\/p><br \/>\n<h3><strong>ACCESSIBILITAT<\/strong><\/h3><br \/>\n<p><strong>Pol\u00edtica d&rsquo;accessibilitat<\/strong><\/p><br \/>\n<p>L&#8217;empresa Tortosa Turisme s&rsquo;ha comprom\u00e8s a fer accessible el vostre lloc web de conformitat amb el Reial Decret 1112\/2018, de 7 de setembre, sobre accessibilitat dels llocs web i aplicacions per a dispositius m\u00f2bils del sector p\u00fablic, o desenvolupaments finan\u00e7ats des d&rsquo;Europa.<\/p><br \/>\n<p>Aquesta declaraci\u00f3 d&rsquo;accessibilitat s&rsquo;aplica al lloc web https:\/\/www.tortosaturisme.cat\/es\/ excloent-ne els continguts incrustats provinents d&rsquo;altres dominis.<\/p><br \/>\n<p><strong>Situaci\u00f3 de compliment<\/strong><\/p><br \/>\n<p>Aquest lloc web \u00e9s parcialment conforme amb el RD 1112\/2018 a causa de la manca de conformitat dels aspectes que s&rsquo;indiquen a continuaci\u00f3.<\/p><br \/>\n<p><strong>Contingut no accessible<\/strong><\/p><br \/>\n<p>El contingut que es recull a continuaci\u00f3 no \u00e9s accessible pels motius seg\u00fcents:<\/p><br \/>\n<ul><br \/>\n<li>Manca de conformitat:<br \/>\n<ul><br \/>\n<li>Poden existir algunes imatges l&rsquo;alternativa de les quals no estigui implementada o no sigui correcta &#8211; \u2013 Requisit 9.1.1.1 Contingut no textual UNE-EN 301549:2022<\/li><br \/>\n<li>Pot existir elements de cap\u00e7alera incorrectament implementats, o l&rsquo;ordre l\u00f2gic dels quals no sigui el correcte &#8211; Requisit n\u00famero 9.1.3.1 Informaci\u00f3 i relacions d&rsquo;UNE-EN 301549:2022<\/li><br \/>\n<li>Pot haver-hi elements el contrast dels quals no sigui suficient en algunes p\u00e0gines \u2013 Requisit 9.1.4.3 Contrast UNE-EN 301549:2020<\/li><br \/>\n<li>Poden existir alguns enlla\u00e7os la funci\u00f3 dels quals o objectiu no estiguin correctament definits. &#8211; Requisit n\u00famero 9.2.4.4 Prop\u00f2sit dels enlla\u00e7os d&rsquo;UNE-EN 301549:2020<\/li><br \/>\n<li>Poden haver-hi encap\u00e7alaments que no siguin clars o breus, o que no haurien de ser encap\u00e7alats \u2013 Requisit n\u00famero 9.2.4.6 Encap\u00e7alats i etiquetes d&rsquo;UNE-EN 301549:2022<\/li><br \/>\n<li>Poden existir elements provinents d&rsquo;altres sistemes o webs, que no disposin d&rsquo;una definici\u00f3 de funci\u00f3 suficient. &#8211; Requisit n\u00famero 9.4.1.2. Nom, funci\u00f3 i valor d&rsquo;UNE-EN 301549:2020<\/li><br \/>\n<li>Poden existir elements que sorgeixin en pantalla, els quals no estiguin correctament identificats mitjan\u00e7ant el missatge d&rsquo;estat o rol &#8211; \u2013 Requisit n\u00famero 9.4.1.3 Missatges d&rsquo;estat d&rsquo;UNE-EN<\/li><br \/>\n<li>Podrien haver-hi errors puntuals d&rsquo;edici\u00f3 en alguna p\u00e0gina web.<\/li><br \/>\n<\/ul><br \/>\n<\/li><br \/>\n<li>C\u00e0rrega desproporcionada: No \u00e9s aplicable.<\/li><br \/>\n<li>El contingut no entra dins l\u2019\u00e0mbit de la legislaci\u00f3 aplicable.<\/li><br \/>\n<\/ul><br \/>\n<p>Podrien existir fitxers ofim\u00e0tics en PDF o altres formats publicats abans del 20 de setembre de 2018 que no compleixin \u00edntegrament tots els requisits d&rsquo;accessibilitat.<\/p><br \/>\n<p>Hi pot haver continguts de tercers que no estiguin desenvolupats en aquesta Unitat, ni sota el seu control, com a fitxers ofim\u00e0tics de diferents organismes que s&rsquo;hagin de publicar en aquest lloc.<\/p><br \/>\n<p><strong>Preparaci\u00f3 d&rsquo;aquesta declaraci\u00f3 d&rsquo;accessibilitat<\/strong><\/p><br \/>\n<p>Aquesta declaraci\u00f3 va ser preparada el 29\/07\/2024.<\/p><br \/>\n<p><img loading=\"lazy\" decoding=\"async\" class=\"alignnone  wp-image-35003\" src=\"https:\/\/www.tortosaturisme.cat\/wp-content\/uploads\/2024\/08\/Sello-Accesibilidad-Web-Tortosa-Turisme-285x300.png\" alt=\"\" width=\"205\" height=\"216\" srcset=\"https:\/\/www.tortosaturisme.cat\/wp-content\/uploads\/2024\/08\/Sello-Accesibilidad-Web-Tortosa-Turisme-285x300.png 285w, https:\/\/www.tortosaturisme.cat\/wp-content\/uploads\/2024\/08\/Sello-Accesibilidad-Web-Tortosa-Turisme-972x1024.png 972w, https:\/\/www.tortosaturisme.cat\/wp-content\/uploads\/2024\/08\/Sello-Accesibilidad-Web-Tortosa-Turisme-768x809.png 768w, https:\/\/www.tortosaturisme.cat\/wp-content\/uploads\/2024\/08\/Sello-Accesibilidad-Web-Tortosa-Turisme.png 1018w\" sizes=\"auto, (max-width: 205px) 100vw, 205px\" \/><\/p><br \/>\n<p>El m\u00e8tode emprat per preparar la declaraci\u00f3 ha estat una autoavaluaci\u00f3 externa duta a terme per l&#8217;empresa Tu Web Accessible.<\/p><br \/>\n<p>\u00daltima revisi\u00f3 de la declaraci\u00f3: 29\/07\/2024.<\/p><br \/>\n<p><strong>Observacions i dades de contacte<\/strong><\/p><br \/>\n<p>Podeu realitzar comunicacions sobre requisits d&rsquo;accessibilitat [article 10.2.a) del RD 1112\/2018 com, per exemple:<\/p><br \/>\n<ul><br \/>\n<li>Informar sobre qualsevol possible incompliment per part d&rsquo;aquest lloc web.<\/li><br \/>\n<li>Transmetre altres dificultats per accedir al contingut.<\/li><br \/>\n<li>Formular qualsevol altra consulta o suggeriment de millora relativa a l&rsquo;accessibilitat del lloc web a trav\u00e9s del seg\u00fcent turisme@tortosa.cat o trucant al 977 449 648 de dilluns a divendres de 10 a 13:30 i de 16 a 18:30.<\/li><br \/>\n<\/ul><br \/>\n<p>Podeu presentar:<\/p><br \/>\n<ul><br \/>\n<li>Una queixa relativa al compliment dels requisits del RD 1112\/2018<\/li><br \/>\n<li>Una sol\u00b7licitud d&rsquo;informaci\u00f3 accessible relativa a:<br \/>\n<ul><br \/>\n<li>Continguts que estan exclosos de l\u2019\u00e0mbit d\u2019aplicaci\u00f3 del RD 1112\/2018 segons el que estableix l\u2019article 3, apartat 4.<\/li><br \/>\n<li>Continguts que estan exempts del compliment dels requisits d\u2019accessibilitat per imposar una c\u00e0rrega desproporcionada.<\/li><br \/>\n<\/ul><br \/>\n<\/li><br \/>\n<\/ul><br \/>\n<p>A la sol\u00b7licitud d&rsquo;informaci\u00f3 accessible, cal concretar, amb tota claredat, els fets, les raons i la petici\u00f3 que permetin constatar que es tracta d&rsquo;una sol\u00b7licitud raonable i leg\u00edtima.<\/p><br \/>\n<p><\/div><\/div><script>\n            (function($) {\n                $(function() {\n                    $(\".vc_col-sm-6\").parent(\".vc_row\").addClass(\"vc_layout_2\");\n                });\n            })(jQuery);\n            <\/script>[\/vc_column][\/vc_row]<\/p>\n","protected":false},"excerpt":{"rendered":"<p>[vc_row][vc_column][vc_column_text][\/vc_column][\/vc_row][vc_row][vc_column][\/vc_column][\/vc_row]<\/p>\n","protected":false},"author":4,"featured_media":0,"parent":0,"menu_order":0,"comment_status":"closed","ping_status":"closed","template":"","meta":{"footnotes":""},"class_list":["post-35034","page","type-page","status-publish","hentry"],"acf":[],"yoast_head":"<!-- This site is optimized with the Yoast SEO plugin v27.5 - https:\/\/yoast.com\/product\/yoast-seo-wordpress\/ -->\n<title>Accessibilitat - tortosaturisme<\/title>\n<meta name=\"robots\" content=\"index, follow, max-snippet:-1, max-image-preview:large, max-video-preview:-1\" \/>\n<link rel=\"canonical\" href=\"https:\/\/www.tortosaturisme.cat\/fr\/accessibilitat\/\" \/>\n<meta property=\"og:locale\" content=\"fr_FR\" \/>\n<meta property=\"og:type\" content=\"article\" \/>\n<meta property=\"og:title\" content=\"Accessibilitat - tortosaturisme\" \/>\n<meta property=\"og:description\" content=\"[vc_row][vc_column][vc_column_text][\/vc_column][\/vc_row][vc_row][vc_column][\/vc_column][\/vc_row]\" \/>\n<meta property=\"og:url\" content=\"https:\/\/www.tortosaturisme.cat\/fr\/accessibilitat\/\" \/>\n<meta property=\"og:site_name\" content=\"tortosaturisme\" \/>\n<meta property=\"og:image\" content=\"https:\/\/www.tortosaturisme.cat\/wp-content\/uploads\/2024\/08\/Sello-Accesibilidad-Web-Tortosa-Turisme-285x300.png\" \/>\n<meta name=\"twitter:card\" content=\"summary_large_image\" \/>\n<meta name=\"twitter:label1\" content=\"Dur\u00e9e de lecture estim\u00e9e\" \/>\n\t<meta name=\"twitter:data1\" content=\"4 minutes\" \/>\n<script type=\"application\/ld+json\" class=\"yoast-schema-graph\">{\"@context\":\"https:\\\/\\\/schema.org\",\"@graph\":[{\"@type\":\"WebPage\",\"@id\":\"https:\\\/\\\/www.tortosaturisme.cat\\\/fr\\\/accessibilitat\\\/\",\"url\":\"https:\\\/\\\/www.tortosaturisme.cat\\\/fr\\\/accessibilitat\\\/\",\"name\":\"Accessibilitat - tortosaturisme\",\"isPartOf\":{\"@id\":\"https:\\\/\\\/www.tortosaturisme.cat\\\/fr\\\/#website\"},\"primaryImageOfPage\":{\"@id\":\"https:\\\/\\\/www.tortosaturisme.cat\\\/fr\\\/accessibilitat\\\/#primaryimage\"},\"image\":{\"@id\":\"https:\\\/\\\/www.tortosaturisme.cat\\\/fr\\\/accessibilitat\\\/#primaryimage\"},\"thumbnailUrl\":\"https:\\\/\\\/www.tortosaturisme.cat\\\/wp-content\\\/uploads\\\/2024\\\/08\\\/Sello-Accesibilidad-Web-Tortosa-Turisme-285x300.png\",\"datePublished\":\"2024-10-11T11:10:16+00:00\",\"breadcrumb\":{\"@id\":\"https:\\\/\\\/www.tortosaturisme.cat\\\/fr\\\/accessibilitat\\\/#breadcrumb\"},\"inLanguage\":\"fr-FR\",\"potentialAction\":[{\"@type\":\"ReadAction\",\"target\":[\"https:\\\/\\\/www.tortosaturisme.cat\\\/fr\\\/accessibilitat\\\/\"]}]},{\"@type\":\"ImageObject\",\"inLanguage\":\"fr-FR\",\"@id\":\"https:\\\/\\\/www.tortosaturisme.cat\\\/fr\\\/accessibilitat\\\/#primaryimage\",\"url\":\"https:\\\/\\\/www.tortosaturisme.cat\\\/wp-content\\\/uploads\\\/2024\\\/08\\\/Sello-Accesibilidad-Web-Tortosa-Turisme-285x300.png\",\"contentUrl\":\"https:\\\/\\\/www.tortosaturisme.cat\\\/wp-content\\\/uploads\\\/2024\\\/08\\\/Sello-Accesibilidad-Web-Tortosa-Turisme-285x300.png\"},{\"@type\":\"BreadcrumbList\",\"@id\":\"https:\\\/\\\/www.tortosaturisme.cat\\\/fr\\\/accessibilitat\\\/#breadcrumb\",\"itemListElement\":[{\"@type\":\"ListItem\",\"position\":1,\"name\":\"Home\",\"item\":\"https:\\\/\\\/www.tortosaturisme.cat\\\/fr\\\/home-page\\\/\"},{\"@type\":\"ListItem\",\"position\":2,\"name\":\"Accessibilitat\"}]},{\"@type\":\"WebSite\",\"@id\":\"https:\\\/\\\/www.tortosaturisme.cat\\\/fr\\\/#website\",\"url\":\"https:\\\/\\\/www.tortosaturisme.cat\\\/fr\\\/\",\"name\":\"tortosaturisme\",\"description\":\"Otro sitio realizado con WordPress\",\"potentialAction\":[{\"@type\":\"SearchAction\",\"target\":{\"@type\":\"EntryPoint\",\"urlTemplate\":\"https:\\\/\\\/www.tortosaturisme.cat\\\/fr\\\/?s={search_term_string}\"},\"query-input\":{\"@type\":\"PropertyValueSpecification\",\"valueRequired\":true,\"valueName\":\"search_term_string\"}}],\"inLanguage\":\"fr-FR\"}]}<\/script>\n<!-- \/ Yoast SEO plugin. -->","yoast_head_json":{"title":"Accessibilitat - tortosaturisme","robots":{"index":"index","follow":"follow","max-snippet":"max-snippet:-1","max-image-preview":"max-image-preview:large","max-video-preview":"max-video-preview:-1"},"canonical":"https:\/\/www.tortosaturisme.cat\/fr\/accessibilitat\/","og_locale":"fr_FR","og_type":"article","og_title":"Accessibilitat - tortosaturisme","og_description":"[vc_row][vc_column][vc_column_text][\/vc_column][\/vc_row][vc_row][vc_column][\/vc_column][\/vc_row]","og_url":"https:\/\/www.tortosaturisme.cat\/fr\/accessibilitat\/","og_site_name":"tortosaturisme","og_image":[{"url":"https:\/\/www.tortosaturisme.cat\/wp-content\/uploads\/2024\/08\/Sello-Accesibilidad-Web-Tortosa-Turisme-285x300.png","type":"","width":"","height":""}],"twitter_card":"summary_large_image","twitter_misc":{"Dur\u00e9e de lecture estim\u00e9e":"4 minutes"},"schema":{"@context":"https:\/\/schema.org","@graph":[{"@type":"WebPage","@id":"https:\/\/www.tortosaturisme.cat\/fr\/accessibilitat\/","url":"https:\/\/www.tortosaturisme.cat\/fr\/accessibilitat\/","name":"Accessibilitat - tortosaturisme","isPartOf":{"@id":"https:\/\/www.tortosaturisme.cat\/fr\/#website"},"primaryImageOfPage":{"@id":"https:\/\/www.tortosaturisme.cat\/fr\/accessibilitat\/#primaryimage"},"image":{"@id":"https:\/\/www.tortosaturisme.cat\/fr\/accessibilitat\/#primaryimage"},"thumbnailUrl":"https:\/\/www.tortosaturisme.cat\/wp-content\/uploads\/2024\/08\/Sello-Accesibilidad-Web-Tortosa-Turisme-285x300.png","datePublished":"2024-10-11T11:10:16+00:00","breadcrumb":{"@id":"https:\/\/www.tortosaturisme.cat\/fr\/accessibilitat\/#breadcrumb"},"inLanguage":"fr-FR","potentialAction":[{"@type":"ReadAction","target":["https:\/\/www.tortosaturisme.cat\/fr\/accessibilitat\/"]}]},{"@type":"ImageObject","inLanguage":"fr-FR","@id":"https:\/\/www.tortosaturisme.cat\/fr\/accessibilitat\/#primaryimage","url":"https:\/\/www.tortosaturisme.cat\/wp-content\/uploads\/2024\/08\/Sello-Accesibilidad-Web-Tortosa-Turisme-285x300.png","contentUrl":"https:\/\/www.tortosaturisme.cat\/wp-content\/uploads\/2024\/08\/Sello-Accesibilidad-Web-Tortosa-Turisme-285x300.png"},{"@type":"BreadcrumbList","@id":"https:\/\/www.tortosaturisme.cat\/fr\/accessibilitat\/#breadcrumb","itemListElement":[{"@type":"ListItem","position":1,"name":"Home","item":"https:\/\/www.tortosaturisme.cat\/fr\/home-page\/"},{"@type":"ListItem","position":2,"name":"Accessibilitat"}]},{"@type":"WebSite","@id":"https:\/\/www.tortosaturisme.cat\/fr\/#website","url":"https:\/\/www.tortosaturisme.cat\/fr\/","name":"tortosaturisme","description":"Otro sitio realizado con WordPress","potentialAction":[{"@type":"SearchAction","target":{"@type":"EntryPoint","urlTemplate":"https:\/\/www.tortosaturisme.cat\/fr\/?s={search_term_string}"},"query-input":{"@type":"PropertyValueSpecification","valueRequired":true,"valueName":"search_term_string"}}],"inLanguage":"fr-FR"}]}},"_links":{"self":[{"href":"https:\/\/www.tortosaturisme.cat\/fr\/wp-json\/wp\/v2\/pages\/35034","targetHints":{"allow":["GET"]}}],"collection":[{"href":"https:\/\/www.tortosaturisme.cat\/fr\/wp-json\/wp\/v2\/pages"}],"about":[{"href":"https:\/\/www.tortosaturisme.cat\/fr\/wp-json\/wp\/v2\/types\/page"}],"author":[{"embeddable":true,"href":"https:\/\/www.tortosaturisme.cat\/fr\/wp-json\/wp\/v2\/users\/4"}],"replies":[{"embeddable":true,"href":"https:\/\/www.tortosaturisme.cat\/fr\/wp-json\/wp\/v2\/comments?post=35034"}],"version-history":[{"count":3,"href":"https:\/\/www.tortosaturisme.cat\/fr\/wp-json\/wp\/v2\/pages\/35034\/revisions"}],"predecessor-version":[{"id":35791,"href":"https:\/\/www.tortosaturisme.cat\/fr\/wp-json\/wp\/v2\/pages\/35034\/revisions\/35791"}],"wp:attachment":[{"href":"https:\/\/www.tortosaturisme.cat\/fr\/wp-json\/wp\/v2\/media?parent=35034"}],"curies":[{"name":"wp","href":"https:\/\/api.w.org\/{rel}","templated":true}]}}