{"id":38411,"date":"2025-06-03T11:39:29","date_gmt":"2025-06-03T11:39:29","guid":{"rendered":"https:\/\/www.tortosaturisme.cat\/recepta-baldana-amb-ceba-i-tomata\/"},"modified":"2025-06-26T21:58:49","modified_gmt":"2025-06-26T21:58:49","slug":"recette-boudin-noir-avec-oignon-et-tomate","status":"publish","type":"page","link":"https:\/\/www.tortosaturisme.cat\/fr\/recette-boudin-noir-avec-oignon-et-tomate\/","title":{"rendered":"Recette Boudin noir avec oignon et tomate"},"content":{"rendered":"<p>[vc_row][vc_column]<div class=\"vc-incubalia-big-header\"><h1 class=\"vc-incubalia-big-header__title\">Boudin noir avec oignon et tomate<\/h1><img decoding=\"async\" class=\"vc-incubalia-big-header__mobile-picture\" src=\"https:\/\/www.tortosaturisme.cat\/wp-content\/uploads\/2025\/06\/Imatge-movil-768x512-1-768x450.png\">\n                  <img decoding=\"async\" class=\"vc-incubalia-big-header__desktop-picture\" src=\"https:\/\/www.tortosaturisme.cat\/wp-content\/uploads\/2025\/06\/Escrip-tori-1920x1280-1-1920x700.png\"><\/div>[\/vc_column][\/vc_row][vc_row][vc_column]<div class=\"vc-incubalia-text-1-column\"><div class=\"vc-incubalia-text-1-column__text\">Cette recette fait partie du <a href=\"\/fr\/llibre-blanc-del-turisme-gastronomic\/\"><strong>Livre Blanc du tourisme gastronomique \u00e0 Tortosa <\/strong><\/a>et a \u00e9t\u00e9 fournie par le <a href=\"\/fr\/restaurante\/forn-de-la-canonja-espai-gastronomic\/\"><strong>restaurant El Forn de la Canonja<\/strong><\/a>. Elle a \u00e9t\u00e9 pr\u00e9par\u00e9e \u00e0 <strong>l\u2019\u00c9cole H\u00f4teli\u00e8re du Lyc\u00e9e Dertosa de Tortosa<\/strong> par la cheffe <strong>Margaret Nofre<\/strong>.<\/div><\/div><script>\n            (function($) {\n                $(function() {\n                    $(\".vc_col-sm-6\").parent(\".vc_row\").addClass(\"vc_layout_2\");\n                });\n            })(jQuery);\n            <\/script><div class=\"vc-incubalia-text-1-column\"><h2 class=\"vc-incubalia-text-1-column__title\"><span class=\"first-word\">Ingr\u00e9dients<\/span> <\/h2><div class=\"vc-incubalia-text-1-column__text\">4 boudins noirs (de type <em>baldana<\/em> catalane)<\/p><br \/>\n<p>1 oignon<\/p><br \/>\n<p>4 tomates bien m\u00fbres<\/p><br \/>\n<p>Huile d\u2019olive<\/p><br \/>\n<p>Sel<\/div><\/div><script>\n            (function($) {\n                $(function() {\n                    $(\".vc_col-sm-6\").parent(\".vc_row\").addClass(\"vc_layout_2\");\n                });\n            })(jQuery);\n            <\/script><div class=\"vc-incubalia-image-3x2-centered\"><img decoding=\"async\" class=\"vc-incubalia-image-3x2-centered__mobile-picture\" src=\"https:\/\/www.tortosaturisme.cat\/wp-content\/uploads\/2025\/06\/imatge-movil-768x512-2.png\" alt=\"\"><img decoding=\"async\" class=\"vc-incubalia-image-3x2-centered__desktop-picture\" src=\"https:\/\/www.tortosaturisme.cat\/wp-content\/uploads\/2025\/06\/Disseny-sense-titol13.png\" alt=\"\"><\/div>[\/vc_column][\/vc_row][vc_row][vc_column]<div class=\"vc-incubalia-text-image\"><h3 class=\"vc-incubalia-text-image__title\">Pr\u00e9paration<\/h3><div class=\"vc-incubalia-text-image__container\"><div class=\"vc-incubalia-text-image__image mobile desktop\"><img decoding=\"async\" src=\"https:\/\/www.tortosaturisme.cat\/wp-content\/uploads\/2025\/06\/Texto-con-imagen-900x6003-1.png\" alt=\"\"><\/div><div class=\"vc-incubalia-text-image__text\"><h4 class=\"vc-incubalia-text-image__subtitle\">1<\/h4>Faire trois entailles superficielles et diagonales sur les boudins. \u00c9plucher et couper l\u2019oignon en julienne, puis \u00e9plucher et couper les tomates en brunoise (petits d\u00e9s). Dans une po\u00eale avec de l\u2019huile d\u2019olive bien chaude, faire revenir les boudins entiers. Cela va apporter du go\u00fbt \u00e0 l\u2019huile.<\/div><\/div><\/div><div class=\"vc-incubalia-text-image\"><div class=\"vc-incubalia-text-image__container\"><div class=\"vc-incubalia-text-image__image mobile desktop\"><img decoding=\"async\" src=\"https:\/\/www.tortosaturisme.cat\/wp-content\/uploads\/2025\/06\/Disseny-sense-titol14.png\" alt=\"\"><\/div><div class=\"vc-incubalia-text-image__text\"><h4 class=\"vc-incubalia-text-image__subtitle\">2<\/h4>Dans une po\u00eale avec un peu d\u2019huile, \u00e0 feu moyen, faire frire l\u00e9g\u00e8rement les boudins pour qu\u2019ils lib\u00e8rent leur ar\u00f4me dans l\u2019huile. Les retirer ensuite et les r\u00e9server.<\/div><\/div><\/div><div class=\"vc-incubalia-text-image\"><div class=\"vc-incubalia-text-image__container\"><div class=\"vc-incubalia-text-image__image mobile desktop\"><img decoding=\"async\" src=\"https:\/\/www.tortosaturisme.cat\/wp-content\/uploads\/2025\/06\/Texto-con-imagen-900x600-1.png\" alt=\"\"><\/div><div class=\"vc-incubalia-text-image__text\"><h4 class=\"vc-incubalia-text-image__subtitle\">3<\/h4>Dans la m\u00eame huile, faire fondre l\u2019oignon. Lorsqu\u2019il est bien confit, ajouter les tomates et laisser cuire \u00e0 couvert, \u00e0 feu moyen.<\/div><\/div><\/div><div class=\"vc-incubalia-text-image\"><div class=\"vc-incubalia-text-image__container\"><div class=\"vc-incubalia-text-image__image mobile desktop\"><img decoding=\"async\" src=\"https:\/\/www.tortosaturisme.cat\/wp-content\/uploads\/2025\/06\/Texto-con-imagen-900x6001-1.png\" alt=\"\"><\/div><div class=\"vc-incubalia-text-image__text\"><h4 class=\"vc-incubalia-text-image__subtitle\">4<\/h4>Une fois les tomates bien cuites et leur eau \u00e9vapor\u00e9e, rectifier l\u2019assaisonnement, incorporer les boudins, et laisser mijoter le tout encore 2 \u00e0 3 minutes \u00e0 feu doux.<\/div><\/div><\/div><div class=\"vc-incubalia-text-image\"><div class=\"vc-incubalia-text-image__container\"><div class=\"vc-incubalia-text-image__image mobile desktop\"><img decoding=\"async\" src=\"https:\/\/www.tortosaturisme.cat\/wp-content\/uploads\/2025\/06\/Texto-con-imagen-900x6002-1.png\" alt=\"\"><\/div><div class=\"vc-incubalia-text-image__text\"><h4 class=\"vc-incubalia-text-image__subtitle\">5<\/h4>Pour servir, dresser une couche de sofrito (m\u00e9lange oignon-tomate) dans l\u2019assiette et d\u00e9poser les boudins par-dessus.<\/div><\/div><\/div>[\/vc_column][\/vc_row][vc_row][vc_column]<div class=\"vc-incubalia-image-3x2-centered\"><img decoding=\"async\" class=\"vc-incubalia-image-3x2-centered__mobile-picture\" src=\"https:\/\/www.tortosaturisme.cat\/wp-content\/uploads\/2025\/06\/Baldana-768-x512.png\" alt=\"\"><img decoding=\"async\" class=\"vc-incubalia-image-3x2-centered__desktop-picture\" src=\"https:\/\/www.tortosaturisme.cat\/wp-content\/uploads\/2025\/06\/Baldana-1920x1280-1.png\" alt=\"\"><\/div>[\/vc_column][\/vc_row][vc_row][vc_column]<div class=\"vc-incubalia-4-icons\"><h2 class=\"vc-incubalia-4-icons__title\"><\/h2><div class=\"vc-incubalia-4-icons__icon\"><a class=\"vc-incubalia-4-icons__icon-url\" href=\"http:\/\/www2.tortosa.cat\/\"><img decoding=\"async\" class=\"vc-incubalia-4-icons__icon-image\" src=\"https:\/\/www.tortosaturisme.cat\/wp-content\/uploads\/2020\/03\/ajuntament-500x500-400x400.jpg\"><\/a><\/div><div class=\"vc-incubalia-4-icons__icon\"><a class=\"vc-incubalia-4-icons__icon-url\" href=\"http:\/\/www.tortosaturisme.cat\/fr\/\"><img decoding=\"async\" class=\"vc-incubalia-4-icons__icon-image\" src=\"https:\/\/www.tortosaturisme.cat\/wp-content\/uploads\/2018\/03\/logo-turisme-400-400x355.jpg\"><\/a><\/div><div class=\"vc-incubalia-4-icons__icon\"><a class=\"vc-incubalia-4-icons__icon-url\" href=\"\"><img decoding=\"async\" class=\"vc-incubalia-4-icons__icon-image\" src=\"\"><\/a><\/div><div class=\"vc-incubalia-4-icons__icon\"><a class=\"vc-incubalia-4-icons__icon-url\" href=\"\"><img decoding=\"async\" class=\"vc-incubalia-4-icons__icon-image\" src=\"\"><\/a><\/div><\/div><div class=\"vc-incubalia-image-3x2-centered\"><img decoding=\"async\" class=\"vc-incubalia-image-3x2-centered__mobile-picture\" src=\"https:\/\/www.tortosaturisme.cat\/wp-content\/uploads\/2025\/05\/Petit-next-gen.jpg\" alt=\"\"><img decoding=\"async\" class=\"vc-incubalia-image-3x2-centered__desktop-picture\" src=\"https:\/\/www.tortosaturisme.cat\/wp-content\/uploads\/2024\/11\/01-Logo-web.jpg\" alt=\"\"><\/div>[\/vc_column][\/vc_row]<\/p>\n","protected":false},"excerpt":{"rendered":"<p>[vc_row][vc_column][\/vc_column][\/vc_row][vc_row][vc_column][\/vc_column][\/vc_row][vc_row][vc_column][\/vc_column][\/vc_row][vc_row][vc_column][\/vc_column][\/vc_row][vc_row][vc_column][\/vc_column][\/vc_row]<\/p>\n","protected":false},"author":4,"featured_media":0,"parent":0,"menu_order":0,"comment_status":"closed","ping_status":"closed","template":"","meta":{"footnotes":""},"class_list":["post-38411","page","type-page","status-publish","hentry"],"acf":[],"yoast_head":"<!-- This site is optimized with the Yoast SEO plugin v27.4 - https:\/\/yoast.com\/product\/yoast-seo-wordpress\/ -->\n<title>Baldana amb Ceba i Tomata \u2013 Recepta tradicional de Tortosa - tortosaturisme<\/title>\n<meta name=\"description\" content=\"Descobreix la recepta tradicional de baldanes amb ceba i tomata madura, un plat senzill i sabor\u00f3s de la cuina t\u00edpica de Tortosa.\" \/>\n<meta name=\"robots\" content=\"index, follow, max-snippet:-1, max-image-preview:large, max-video-preview:-1\" \/>\n<link rel=\"canonical\" href=\"https:\/\/www.tortosaturisme.cat\/fr\/recette-boudin-noir-avec-oignon-et-tomate\/\" \/>\n<meta property=\"og:locale\" content=\"fr_FR\" \/>\n<meta property=\"og:type\" content=\"article\" \/>\n<meta property=\"og:title\" content=\"Baldana amb Ceba i Tomata \u2013 Recepta tradicional de Tortosa - tortosaturisme\" \/>\n<meta property=\"og:description\" content=\"Descobreix la recepta tradicional de baldanes amb ceba i tomata madura, un plat senzill i sabor\u00f3s de la cuina t\u00edpica de Tortosa.\" \/>\n<meta property=\"og:url\" content=\"https:\/\/www.tortosaturisme.cat\/fr\/recette-boudin-noir-avec-oignon-et-tomate\/\" \/>\n<meta property=\"og:site_name\" content=\"tortosaturisme\" \/>\n<meta property=\"article:modified_time\" content=\"2025-06-26T21:58:49+00:00\" \/>\n<meta name=\"twitter:card\" content=\"summary_large_image\" \/>\n<meta name=\"twitter:label1\" content=\"Dur\u00e9e de lecture estim\u00e9e\" \/>\n\t<meta name=\"twitter:data1\" content=\"1 minute\" \/>\n<script type=\"application\/ld+json\" class=\"yoast-schema-graph\">{\"@context\":\"https:\\\/\\\/schema.org\",\"@graph\":[{\"@type\":\"WebPage\",\"@id\":\"https:\\\/\\\/www.tortosaturisme.cat\\\/fr\\\/recette-boudin-noir-avec-oignon-et-tomate\\\/\",\"url\":\"https:\\\/\\\/www.tortosaturisme.cat\\\/fr\\\/recette-boudin-noir-avec-oignon-et-tomate\\\/\",\"name\":\"Baldana amb Ceba i Tomata \u2013 Recepta tradicional de Tortosa - tortosaturisme\",\"isPartOf\":{\"@id\":\"https:\\\/\\\/www.tortosaturisme.cat\\\/fr\\\/#website\"},\"datePublished\":\"2025-06-03T11:39:29+00:00\",\"dateModified\":\"2025-06-26T21:58:49+00:00\",\"description\":\"Descobreix la recepta tradicional de baldanes amb ceba i tomata madura, un plat senzill i sabor\u00f3s de la cuina t\u00edpica de Tortosa.\",\"breadcrumb\":{\"@id\":\"https:\\\/\\\/www.tortosaturisme.cat\\\/fr\\\/recette-boudin-noir-avec-oignon-et-tomate\\\/#breadcrumb\"},\"inLanguage\":\"fr-FR\",\"potentialAction\":[{\"@type\":\"ReadAction\",\"target\":[\"https:\\\/\\\/www.tortosaturisme.cat\\\/fr\\\/recette-boudin-noir-avec-oignon-et-tomate\\\/\"]}]},{\"@type\":\"BreadcrumbList\",\"@id\":\"https:\\\/\\\/www.tortosaturisme.cat\\\/fr\\\/recette-boudin-noir-avec-oignon-et-tomate\\\/#breadcrumb\",\"itemListElement\":[{\"@type\":\"ListItem\",\"position\":1,\"name\":\"Home\",\"item\":\"https:\\\/\\\/www.tortosaturisme.cat\\\/fr\\\/home-page\\\/\"},{\"@type\":\"ListItem\",\"position\":2,\"name\":\"Recette Boudin noir avec oignon et tomate\"}]},{\"@type\":\"WebSite\",\"@id\":\"https:\\\/\\\/www.tortosaturisme.cat\\\/fr\\\/#website\",\"url\":\"https:\\\/\\\/www.tortosaturisme.cat\\\/fr\\\/\",\"name\":\"tortosaturisme\",\"description\":\"Otro sitio realizado con WordPress\",\"potentialAction\":[{\"@type\":\"SearchAction\",\"target\":{\"@type\":\"EntryPoint\",\"urlTemplate\":\"https:\\\/\\\/www.tortosaturisme.cat\\\/fr\\\/?s={search_term_string}\"},\"query-input\":{\"@type\":\"PropertyValueSpecification\",\"valueRequired\":true,\"valueName\":\"search_term_string\"}}],\"inLanguage\":\"fr-FR\"}]}<\/script>\n<!-- \/ Yoast SEO plugin. -->","yoast_head_json":{"title":"Baldana amb Ceba i Tomata \u2013 Recepta tradicional de Tortosa - tortosaturisme","description":"Descobreix la recepta tradicional de baldanes amb ceba i tomata madura, un plat senzill i sabor\u00f3s de la cuina t\u00edpica de Tortosa.","robots":{"index":"index","follow":"follow","max-snippet":"max-snippet:-1","max-image-preview":"max-image-preview:large","max-video-preview":"max-video-preview:-1"},"canonical":"https:\/\/www.tortosaturisme.cat\/fr\/recette-boudin-noir-avec-oignon-et-tomate\/","og_locale":"fr_FR","og_type":"article","og_title":"Baldana amb Ceba i Tomata \u2013 Recepta tradicional de Tortosa - tortosaturisme","og_description":"Descobreix la recepta tradicional de baldanes amb ceba i tomata madura, un plat senzill i sabor\u00f3s de la cuina t\u00edpica de Tortosa.","og_url":"https:\/\/www.tortosaturisme.cat\/fr\/recette-boudin-noir-avec-oignon-et-tomate\/","og_site_name":"tortosaturisme","article_modified_time":"2025-06-26T21:58:49+00:00","twitter_card":"summary_large_image","twitter_misc":{"Dur\u00e9e de lecture estim\u00e9e":"1 minute"},"schema":{"@context":"https:\/\/schema.org","@graph":[{"@type":"WebPage","@id":"https:\/\/www.tortosaturisme.cat\/fr\/recette-boudin-noir-avec-oignon-et-tomate\/","url":"https:\/\/www.tortosaturisme.cat\/fr\/recette-boudin-noir-avec-oignon-et-tomate\/","name":"Baldana amb Ceba i Tomata \u2013 Recepta tradicional de Tortosa - tortosaturisme","isPartOf":{"@id":"https:\/\/www.tortosaturisme.cat\/fr\/#website"},"datePublished":"2025-06-03T11:39:29+00:00","dateModified":"2025-06-26T21:58:49+00:00","description":"Descobreix la recepta tradicional de baldanes amb ceba i tomata madura, un plat senzill i sabor\u00f3s de la cuina t\u00edpica de Tortosa.","breadcrumb":{"@id":"https:\/\/www.tortosaturisme.cat\/fr\/recette-boudin-noir-avec-oignon-et-tomate\/#breadcrumb"},"inLanguage":"fr-FR","potentialAction":[{"@type":"ReadAction","target":["https:\/\/www.tortosaturisme.cat\/fr\/recette-boudin-noir-avec-oignon-et-tomate\/"]}]},{"@type":"BreadcrumbList","@id":"https:\/\/www.tortosaturisme.cat\/fr\/recette-boudin-noir-avec-oignon-et-tomate\/#breadcrumb","itemListElement":[{"@type":"ListItem","position":1,"name":"Home","item":"https:\/\/www.tortosaturisme.cat\/fr\/home-page\/"},{"@type":"ListItem","position":2,"name":"Recette Boudin noir avec oignon et tomate"}]},{"@type":"WebSite","@id":"https:\/\/www.tortosaturisme.cat\/fr\/#website","url":"https:\/\/www.tortosaturisme.cat\/fr\/","name":"tortosaturisme","description":"Otro sitio realizado con WordPress","potentialAction":[{"@type":"SearchAction","target":{"@type":"EntryPoint","urlTemplate":"https:\/\/www.tortosaturisme.cat\/fr\/?s={search_term_string}"},"query-input":{"@type":"PropertyValueSpecification","valueRequired":true,"valueName":"search_term_string"}}],"inLanguage":"fr-FR"}]}},"_links":{"self":[{"href":"https:\/\/www.tortosaturisme.cat\/fr\/wp-json\/wp\/v2\/pages\/38411","targetHints":{"allow":["GET"]}}],"collection":[{"href":"https:\/\/www.tortosaturisme.cat\/fr\/wp-json\/wp\/v2\/pages"}],"about":[{"href":"https:\/\/www.tortosaturisme.cat\/fr\/wp-json\/wp\/v2\/types\/page"}],"author":[{"embeddable":true,"href":"https:\/\/www.tortosaturisme.cat\/fr\/wp-json\/wp\/v2\/users\/4"}],"replies":[{"embeddable":true,"href":"https:\/\/www.tortosaturisme.cat\/fr\/wp-json\/wp\/v2\/comments?post=38411"}],"version-history":[{"count":6,"href":"https:\/\/www.tortosaturisme.cat\/fr\/wp-json\/wp\/v2\/pages\/38411\/revisions"}],"predecessor-version":[{"id":38786,"href":"https:\/\/www.tortosaturisme.cat\/fr\/wp-json\/wp\/v2\/pages\/38411\/revisions\/38786"}],"wp:attachment":[{"href":"https:\/\/www.tortosaturisme.cat\/fr\/wp-json\/wp\/v2\/media?parent=38411"}],"curies":[{"name":"wp","href":"https:\/\/api.w.org\/{rel}","templated":true}]}}