{"id":38495,"date":"2025-06-18T11:13:49","date_gmt":"2025-06-18T11:13:49","guid":{"rendered":"https:\/\/www.tortosaturisme.cat\/recepta-menjar-blanc-2\/"},"modified":"2025-07-04T16:21:50","modified_gmt":"2025-07-04T16:21:50","slug":"recette-blanc-manger-catalan","status":"publish","type":"page","link":"https:\/\/www.tortosaturisme.cat\/fr\/recette-blanc-manger-catalan\/","title":{"rendered":"recette blanc-manger catalan"},"content":{"rendered":"<p>[vc_row][vc_column][\/vc_column][\/vc_row][vc_row][vc_column]<div class=\"vc-incubalia-big-header\"><h1 class=\"vc-incubalia-big-header__title\">Blanc-manger catalan<\/h1><img decoding=\"async\" class=\"vc-incubalia-big-header__mobile-picture\" src=\"https:\/\/www.tortosaturisme.cat\/wp-content\/uploads\/2025\/06\/Capcalera-principal-768x750-1.jpg\">\n                  <img decoding=\"async\" class=\"vc-incubalia-big-header__desktop-picture\" src=\"https:\/\/www.tortosaturisme.cat\/wp-content\/uploads\/2025\/06\/Capcalera-gran-1920x7001-1.jpg\"><\/div><div class=\"vc-incubalia-text-1-column\"><div class=\"vc-incubalia-text-1-column__text\"><\/p><br \/>\n<p data-start=\"950\" data-end=\"1202\">Le <strong>blanc-manger<\/strong> est un dessert que <strong>nous partageons avec d&rsquo;autres villes catalanes<\/strong> comme Reus. Cependant, sa particularit\u00e9 \u00e0 Tortosa est <strong>qu\u2019il est pr\u00e9par\u00e9 avec de la farine de riz<\/strong>. C\u2019est un plat li\u00e9 \u00e0 la f\u00eate de la Chandeleur, le 2 f\u00e9vrier, \u00e0 Tortosa.<\/p><br \/>\n<p data-start=\"1204\" data-end=\"1353\">Cette recette fait partie du <strong>Livre Blanc du tourisme gastronomique \u00e0 Tortosa<\/strong> et a \u00e9t\u00e9 partag\u00e9e par <strong>Marc Duran<\/strong> du <strong>restaurant La Torreta de Remolins<\/strong>.<\/p><br \/>\n<p><\/div><\/div><script>\n            (function($) {\n                $(function() {\n                    $(\".vc_col-sm-6\").parent(\".vc_row\").addClass(\"vc_layout_2\");\n                });\n            })(jQuery);\n            <\/script>[\/vc_column][\/vc_row][vc_row][vc_column]<div class=\"vc-incubalia-text-1-column\"><h2 class=\"vc-incubalia-text-1-column__title\"><span class=\"first-word\">INGR\u00c9DIENTS<\/span> <\/h2><div class=\"vc-incubalia-text-1-column__text\">500 ml de lait<\/p><br \/>\n<p>40 g de farine de riz<\/p><br \/>\n<p>75 g de sucre<\/p><br \/>\n<p>Cannelle en b\u00e2ton et en poudre<\/p><br \/>\n<p>1 citron<\/div><\/div><script>\n            (function($) {\n                $(function() {\n                    $(\".vc_col-sm-6\").parent(\".vc_row\").addClass(\"vc_layout_2\");\n                });\n            })(jQuery);\n            <\/script>[\/vc_column][\/vc_row][vc_row][vc_column]<div class=\"vc-incubalia-image-3x2-centered\"><img decoding=\"async\" class=\"vc-incubalia-image-3x2-centered__mobile-picture\" src=\"https:\/\/www.tortosaturisme.cat\/wp-content\/uploads\/2025\/06\/Disseny-sense-titol2.jpg\" alt=\"\"><img decoding=\"async\" class=\"vc-incubalia-image-3x2-centered__desktop-picture\" src=\"https:\/\/www.tortosaturisme.cat\/wp-content\/uploads\/2025\/06\/Disseny-sense-titol3.jpg\" alt=\"\"><\/div>[\/vc_column][\/vc_row][vc_row][vc_column]<div class=\"vc-incubalia-text-video\"><h3 class=\"vc-incubalia-text-video__title\">PR\u00c9PARATION<\/h3><div class=\"vc-incubalia-text-video__container\"><div class=\"vc-incubalia-text-video__video mobile desktop\"><iframe loading=\"lazy\" width=\"560\" height=\"315\" src=\"https:\/\/www.youtube.com\/embed\/\" frameborder=\"0\" allowfullscreen><\/iframe><\/div><div class=\"vc-incubalia-text-video__text\">Vid\u00e9o avec la <strong>recette traditionnelle tortosine du blanc-manger<\/strong>. Enregistr\u00e9e \u00e0 l\u2019<strong>\u00c9cole d\u2019H\u00f4tellerie du lyc\u00e9e Dertosa de Tortosa<\/strong>, r\u00e9alis\u00e9e par la cuisini\u00e8re <strong>Margaret Nofre<\/strong>.<\/div><\/div><\/div><script>(function($) {\n                $(window).load(function() {\n                    setYoutubeIframeDimensions();\n                });\n\n                $(window).resize(function() {\n                    setYoutubeIframeDimensions();\n                });\n\n                function setYoutubeIframeDimensions()\n                {\n                    $('.vc-incubalia-text-video iframe').attr('width', '100%');let yt_height = $('.vc-incubalia-text-video iframe').width() * 9 \/ 16;\n                        $('.vc-incubalia-text-video iframe').attr('height', yt_height);\n                }\n            })(jQuery)<\/script><div class=\"vc-incubalia-spacer-half\"><\/div><div class=\"vc-incubalia-text-image\"><h3 class=\"vc-incubalia-text-image__title\">\u00e9tape par \u00e9tape<\/h3><div class=\"vc-incubalia-text-image__container\"><div class=\"vc-incubalia-text-image__image mobile desktop\"><img decoding=\"async\" src=\"https:\/\/www.tortosaturisme.cat\/wp-content\/uploads\/2025\/06\/1-1-900x600.jpg\" alt=\"\"><\/div><div class=\"vc-incubalia-text-image__text\"><h4 class=\"vc-incubalia-text-image__subtitle\">1<\/h4>Commencez par faire infuser 400 ml de lait avec le b\u00e2ton de cannelle et le zeste du citron.<\/div><\/div><\/div><div class=\"vc-incubalia-text-image\"><div class=\"vc-incubalia-text-image__container\"><div class=\"vc-incubalia-text-image__image mobile desktop\"><img decoding=\"async\" src=\"https:\/\/www.tortosaturisme.cat\/wp-content\/uploads\/2025\/06\/2-1-900x600.jpg\" alt=\"\"><\/div><div class=\"vc-incubalia-text-image__text\"><h4 class=\"vc-incubalia-text-image__subtitle\">2<\/h4>Pour cela, mettez le lait, la cannelle et le zeste \u00e0 feu doux pendant vingt minutes<\/div><\/div><\/div><div class=\"vc-incubalia-text-image\"><div class=\"vc-incubalia-text-image__container\"><div class=\"vc-incubalia-text-image__image mobile desktop\"><img decoding=\"async\" src=\"https:\/\/www.tortosaturisme.cat\/wp-content\/uploads\/2025\/06\/3-1-900x600.jpg\" alt=\"\"><\/div><div class=\"vc-incubalia-text-image__text\"><\/div><\/div><\/div><div class=\"vc-incubalia-text-image\"><div class=\"vc-incubalia-text-image__container\"><div class=\"vc-incubalia-text-image__image mobile desktop\"><img decoding=\"async\" src=\"https:\/\/www.tortosaturisme.cat\/wp-content\/uploads\/2025\/06\/5-1-900x600.jpg\" alt=\"\"><\/div><div class=\"vc-incubalia-text-image__text\"><h4 class=\"vc-incubalia-text-image__subtitle\">3<\/h4>Pendant ce temps, m\u00e9langez la farine de riz avec le sucre, puis ajoutez-y le lait restant (non infus\u00e9 et froid). Remuez bien pour \u00e9viter les grumeaux.<\/div><\/div><\/div><div class=\"vc-incubalia-text-image\"><div class=\"vc-incubalia-text-image__container\"><div class=\"vc-incubalia-text-image__image mobile desktop\"><img decoding=\"async\" src=\"https:\/\/www.tortosaturisme.cat\/wp-content\/uploads\/2025\/06\/4-1-900x600.jpg\" alt=\"\"><\/div><div class=\"vc-incubalia-text-image__text\"><h4 class=\"vc-incubalia-text-image__subtitle\">4<\/h4>Retirez la cannelle et le zeste du lait infus\u00e9, puis incorporez petit \u00e0 petit le m\u00e9lange de farine et de sucre, sans cesser de remuer.<\/div><\/div><\/div><div class=\"vc-incubalia-text-image\"><div class=\"vc-incubalia-text-image__container\"><div class=\"vc-incubalia-text-image__image mobile desktop\"><img decoding=\"async\" src=\"https:\/\/www.tortosaturisme.cat\/wp-content\/uploads\/2025\/06\/6-1-900x600.jpg\" alt=\"\"><\/div><div class=\"vc-incubalia-text-image__text\"><h4 class=\"vc-incubalia-text-image__subtitle\">5<\/h4>Continuez \u00e0 remuer \u00e0 feu doux jusqu\u2019\u00e0 ce que la pr\u00e9paration \u00e9paississe. Une fois la texture souhait\u00e9e obtenue, versez dans des ramequins ou des bols et laissez refroidir.<\/div><\/div><\/div><div class=\"vc-incubalia-text-image\"><div class=\"vc-incubalia-text-image__container\"><div class=\"vc-incubalia-text-image__image mobile desktop\"><img decoding=\"async\" src=\"https:\/\/www.tortosaturisme.cat\/wp-content\/uploads\/2025\/06\/7-900x600.jpg\" alt=\"\"><\/div><div class=\"vc-incubalia-text-image__text\"><h4 class=\"vc-incubalia-text-image__subtitle\">6<\/h4>Enfin, saupoudrez de cannelle en poudre avant de servir.<\/div><\/div><\/div>[\/vc_column][\/vc_row][vc_row][vc_column]<div class=\"vc-incubalia-image-3x2-centered\"><img decoding=\"async\" class=\"vc-incubalia-image-3x2-centered__mobile-picture\" src=\"https:\/\/www.tortosaturisme.cat\/wp-content\/uploads\/2025\/06\/Capcalera-principal-768x750-1.jpg\" alt=\"\"><img decoding=\"async\" class=\"vc-incubalia-image-3x2-centered__desktop-picture\" src=\"https:\/\/www.tortosaturisme.cat\/wp-content\/uploads\/2025\/06\/8.jpg\" alt=\"\"><\/div>[\/vc_column][\/vc_row][vc_row][vc_column]<div class=\"vc-incubalia-4-icons\"><h2 class=\"vc-incubalia-4-icons__title\"><\/h2><div class=\"vc-incubalia-4-icons__icon\"><a class=\"vc-incubalia-4-icons__icon-url\" href=\"https:\/\/www.tortosa.cat\"><img decoding=\"async\" class=\"vc-incubalia-4-icons__icon-image\" src=\"https:\/\/www.tortosaturisme.cat\/wp-content\/uploads\/2020\/03\/ajuntament-500x500-400x400.jpg\"><\/a><\/div><div class=\"vc-incubalia-4-icons__icon\"><a class=\"vc-incubalia-4-icons__icon-url\" href=\"http:\/\/www.tortosaturisme.cat\/fr\/\"><img decoding=\"async\" class=\"vc-incubalia-4-icons__icon-image\" src=\"https:\/\/www.tortosaturisme.cat\/wp-content\/uploads\/2018\/03\/Perfil-Logo-Tortosa-Turisme-300-x-300-400x400.jpg\"><\/a><\/div><div class=\"vc-incubalia-4-icons__icon\"><a class=\"vc-incubalia-4-icons__icon-url\" href=\"\"><img decoding=\"async\" class=\"vc-incubalia-4-icons__icon-image\" src=\"\"><\/a><\/div><div class=\"vc-incubalia-4-icons__icon\"><a class=\"vc-incubalia-4-icons__icon-url\" href=\"\"><img decoding=\"async\" class=\"vc-incubalia-4-icons__icon-image\" src=\"\"><\/a><\/div><\/div>[\/vc_column][\/vc_row][vc_row][vc_column]<div class=\"vc-incubalia-image-3x2-centered\"><img decoding=\"async\" class=\"vc-incubalia-image-3x2-centered__mobile-picture\" src=\"https:\/\/www.tortosaturisme.cat\/wp-content\/uploads\/2025\/05\/Petit-next-gen.jpg\" alt=\"\"><img decoding=\"async\" class=\"vc-incubalia-image-3x2-centered__desktop-picture\" src=\"https:\/\/www.tortosaturisme.cat\/wp-content\/uploads\/2025\/05\/Next-gen-logos-petit.jpg\" alt=\"\"><\/div>[\/vc_column][\/vc_row][vc_row][vc_column][\/vc_column][\/vc_row]<\/p>\n","protected":false},"excerpt":{"rendered":"<p>[vc_row][vc_column][\/vc_column][\/vc_row][vc_row][vc_column][\/vc_column][\/vc_row][vc_row][vc_column][\/vc_column][\/vc_row][vc_row][vc_column][\/vc_column][\/vc_row][vc_row][vc_column][\/vc_column][\/vc_row][vc_row][vc_column][\/vc_column][\/vc_row][vc_row][vc_column][\/vc_column][\/vc_row][vc_row][vc_column][\/vc_column][\/vc_row][vc_row][vc_column][\/vc_column][\/vc_row]<\/p>\n","protected":false},"author":4,"featured_media":0,"parent":0,"menu_order":0,"comment_status":"closed","ping_status":"closed","template":"","meta":{"footnotes":""},"class_list":["post-38495","page","type-page","status-publish","hentry"],"acf":[],"yoast_head":"<!-- This site is optimized with the Yoast SEO plugin v27.4 - https:\/\/yoast.com\/product\/yoast-seo-wordpress\/ -->\n<title>recette blanc-manger catalan - tortosaturisme<\/title>\n<meta name=\"robots\" content=\"index, follow, max-snippet:-1, max-image-preview:large, max-video-preview:-1\" \/>\n<link rel=\"canonical\" href=\"https:\/\/www.tortosaturisme.cat\/fr\/recette-blanc-manger-catalan\/\" \/>\n<meta property=\"og:locale\" content=\"fr_FR\" \/>\n<meta property=\"og:type\" content=\"article\" \/>\n<meta property=\"og:title\" content=\"recette blanc-manger catalan - tortosaturisme\" \/>\n<meta property=\"og:description\" content=\"[vc_row][vc_column][\/vc_column][\/vc_row][vc_row][vc_column][\/vc_column][\/vc_row][vc_row][vc_column][\/vc_column][\/vc_row][vc_row][vc_column][\/vc_column][\/vc_row][vc_row][vc_column][\/vc_column][\/vc_row][vc_row][vc_column][\/vc_column][\/vc_row][vc_row][vc_column][\/vc_column][\/vc_row][vc_row][vc_column][\/vc_column][\/vc_row][vc_row][vc_column][\/vc_column][\/vc_row]\" \/>\n<meta property=\"og:url\" content=\"https:\/\/www.tortosaturisme.cat\/fr\/recette-blanc-manger-catalan\/\" \/>\n<meta property=\"og:site_name\" content=\"tortosaturisme\" \/>\n<meta property=\"article:modified_time\" content=\"2025-07-04T16:21:50+00:00\" \/>\n<meta name=\"twitter:card\" content=\"summary_large_image\" \/>\n<meta name=\"twitter:label1\" content=\"Dur\u00e9e de lecture estim\u00e9e\" \/>\n\t<meta name=\"twitter:data1\" content=\"1 minute\" \/>\n<script type=\"application\/ld+json\" class=\"yoast-schema-graph\">{\"@context\":\"https:\\\/\\\/schema.org\",\"@graph\":[{\"@type\":\"WebPage\",\"@id\":\"https:\\\/\\\/www.tortosaturisme.cat\\\/fr\\\/recette-blanc-manger-catalan\\\/\",\"url\":\"https:\\\/\\\/www.tortosaturisme.cat\\\/fr\\\/recette-blanc-manger-catalan\\\/\",\"name\":\"recette blanc-manger catalan - tortosaturisme\",\"isPartOf\":{\"@id\":\"https:\\\/\\\/www.tortosaturisme.cat\\\/fr\\\/#website\"},\"datePublished\":\"2025-06-18T11:13:49+00:00\",\"dateModified\":\"2025-07-04T16:21:50+00:00\",\"breadcrumb\":{\"@id\":\"https:\\\/\\\/www.tortosaturisme.cat\\\/fr\\\/recette-blanc-manger-catalan\\\/#breadcrumb\"},\"inLanguage\":\"fr-FR\",\"potentialAction\":[{\"@type\":\"ReadAction\",\"target\":[\"https:\\\/\\\/www.tortosaturisme.cat\\\/fr\\\/recette-blanc-manger-catalan\\\/\"]}]},{\"@type\":\"BreadcrumbList\",\"@id\":\"https:\\\/\\\/www.tortosaturisme.cat\\\/fr\\\/recette-blanc-manger-catalan\\\/#breadcrumb\",\"itemListElement\":[{\"@type\":\"ListItem\",\"position\":1,\"name\":\"Home\",\"item\":\"https:\\\/\\\/www.tortosaturisme.cat\\\/fr\\\/home-page\\\/\"},{\"@type\":\"ListItem\",\"position\":2,\"name\":\"recette blanc-manger catalan\"}]},{\"@type\":\"WebSite\",\"@id\":\"https:\\\/\\\/www.tortosaturisme.cat\\\/fr\\\/#website\",\"url\":\"https:\\\/\\\/www.tortosaturisme.cat\\\/fr\\\/\",\"name\":\"tortosaturisme\",\"description\":\"Otro sitio realizado con WordPress\",\"potentialAction\":[{\"@type\":\"SearchAction\",\"target\":{\"@type\":\"EntryPoint\",\"urlTemplate\":\"https:\\\/\\\/www.tortosaturisme.cat\\\/fr\\\/?s={search_term_string}\"},\"query-input\":{\"@type\":\"PropertyValueSpecification\",\"valueRequired\":true,\"valueName\":\"search_term_string\"}}],\"inLanguage\":\"fr-FR\"}]}<\/script>\n<!-- \/ Yoast SEO plugin. -->","yoast_head_json":{"title":"recette blanc-manger catalan - tortosaturisme","robots":{"index":"index","follow":"follow","max-snippet":"max-snippet:-1","max-image-preview":"max-image-preview:large","max-video-preview":"max-video-preview:-1"},"canonical":"https:\/\/www.tortosaturisme.cat\/fr\/recette-blanc-manger-catalan\/","og_locale":"fr_FR","og_type":"article","og_title":"recette blanc-manger catalan - tortosaturisme","og_description":"[vc_row][vc_column][\/vc_column][\/vc_row][vc_row][vc_column][\/vc_column][\/vc_row][vc_row][vc_column][\/vc_column][\/vc_row][vc_row][vc_column][\/vc_column][\/vc_row][vc_row][vc_column][\/vc_column][\/vc_row][vc_row][vc_column][\/vc_column][\/vc_row][vc_row][vc_column][\/vc_column][\/vc_row][vc_row][vc_column][\/vc_column][\/vc_row][vc_row][vc_column][\/vc_column][\/vc_row]","og_url":"https:\/\/www.tortosaturisme.cat\/fr\/recette-blanc-manger-catalan\/","og_site_name":"tortosaturisme","article_modified_time":"2025-07-04T16:21:50+00:00","twitter_card":"summary_large_image","twitter_misc":{"Dur\u00e9e de lecture estim\u00e9e":"1 minute"},"schema":{"@context":"https:\/\/schema.org","@graph":[{"@type":"WebPage","@id":"https:\/\/www.tortosaturisme.cat\/fr\/recette-blanc-manger-catalan\/","url":"https:\/\/www.tortosaturisme.cat\/fr\/recette-blanc-manger-catalan\/","name":"recette blanc-manger catalan - tortosaturisme","isPartOf":{"@id":"https:\/\/www.tortosaturisme.cat\/fr\/#website"},"datePublished":"2025-06-18T11:13:49+00:00","dateModified":"2025-07-04T16:21:50+00:00","breadcrumb":{"@id":"https:\/\/www.tortosaturisme.cat\/fr\/recette-blanc-manger-catalan\/#breadcrumb"},"inLanguage":"fr-FR","potentialAction":[{"@type":"ReadAction","target":["https:\/\/www.tortosaturisme.cat\/fr\/recette-blanc-manger-catalan\/"]}]},{"@type":"BreadcrumbList","@id":"https:\/\/www.tortosaturisme.cat\/fr\/recette-blanc-manger-catalan\/#breadcrumb","itemListElement":[{"@type":"ListItem","position":1,"name":"Home","item":"https:\/\/www.tortosaturisme.cat\/fr\/home-page\/"},{"@type":"ListItem","position":2,"name":"recette blanc-manger catalan"}]},{"@type":"WebSite","@id":"https:\/\/www.tortosaturisme.cat\/fr\/#website","url":"https:\/\/www.tortosaturisme.cat\/fr\/","name":"tortosaturisme","description":"Otro sitio realizado con WordPress","potentialAction":[{"@type":"SearchAction","target":{"@type":"EntryPoint","urlTemplate":"https:\/\/www.tortosaturisme.cat\/fr\/?s={search_term_string}"},"query-input":{"@type":"PropertyValueSpecification","valueRequired":true,"valueName":"search_term_string"}}],"inLanguage":"fr-FR"}]}},"_links":{"self":[{"href":"https:\/\/www.tortosaturisme.cat\/fr\/wp-json\/wp\/v2\/pages\/38495","targetHints":{"allow":["GET"]}}],"collection":[{"href":"https:\/\/www.tortosaturisme.cat\/fr\/wp-json\/wp\/v2\/pages"}],"about":[{"href":"https:\/\/www.tortosaturisme.cat\/fr\/wp-json\/wp\/v2\/types\/page"}],"author":[{"embeddable":true,"href":"https:\/\/www.tortosaturisme.cat\/fr\/wp-json\/wp\/v2\/users\/4"}],"replies":[{"embeddable":true,"href":"https:\/\/www.tortosaturisme.cat\/fr\/wp-json\/wp\/v2\/comments?post=38495"}],"version-history":[{"count":7,"href":"https:\/\/www.tortosaturisme.cat\/fr\/wp-json\/wp\/v2\/pages\/38495\/revisions"}],"predecessor-version":[{"id":39009,"href":"https:\/\/www.tortosaturisme.cat\/fr\/wp-json\/wp\/v2\/pages\/38495\/revisions\/39009"}],"wp:attachment":[{"href":"https:\/\/www.tortosaturisme.cat\/fr\/wp-json\/wp\/v2\/media?parent=38495"}],"curies":[{"name":"wp","href":"https:\/\/api.w.org\/{rel}","templated":true}]}}