{"id":39076,"date":"2025-06-20T09:28:29","date_gmt":"2025-06-20T09:28:29","guid":{"rendered":"https:\/\/www.tortosaturisme.cat\/la-daga-daldana-una-aventura-en-geocatxe\/"},"modified":"2025-09-20T11:55:48","modified_gmt":"2025-09-20T11:55:48","slug":"la-dague-daldana-une-aventure-de-geocaching","status":"publish","type":"page","link":"https:\/\/www.tortosaturisme.cat\/fr\/la-dague-daldana-une-aventure-de-geocaching\/","title":{"rendered":"La dague d\u2019Aldana, une aventure de g\u00e9ocaching"},"content":{"rendered":"<p>[vc_row][vc_column]<div class=\"vc-incubalia-big-header\"><img decoding=\"async\" class=\"vc-incubalia-big-header__mobile-picture brightness-100\" src=\"https:\/\/www.tortosaturisme.cat\/wp-content\/uploads\/2025\/07\/Banner-Daga-Aldana-768x450-1.jpg\">\n                  <img decoding=\"async\" class=\"vc-incubalia-big-header__desktop-picture brightness-100\" src=\"https:\/\/www.tortosaturisme.cat\/wp-content\/uploads\/2025\/07\/La-daga-daldana-1920x700-1.jpg\"><\/div>[\/vc_column][\/vc_row][vc_row][vc_column]<div class=\"vc-incubalia-text-1-column-subtitle\"><h2 class=\"vc-incubalia-text-1-column-subtitle__title\">Une aventure de g\u00e9ocaching historique au c\u0153ur de Tortosa<\/h2><h3 class=\"vc-incubalia-text-1-column-subtitle__subtitle\">Mets ton esprit \u00e0 l\u2019\u00e9preuve. D\u00e9couvre un secret cach\u00e9 depuis des si\u00e8cles.<\/h3><div class=\"vc-incubalia-text-1-column-subtitle__text\"><\/p><br \/>\n<p data-start=\"0\" data-end=\"345\"><strong>Tortosa, 1585<\/strong>. Les portes grincent, l\u2019air est charg\u00e9 de poudre et de secrets. Entre ombres et trahisons, une l\u00e9gende perdure :<strong> la disparition de la dague de Joan d\u2019Aldana<\/strong>. Ce noble tortosain a captur\u00e9 le roi <strong>Fran\u00e7ois Ier<\/strong> lors de la <strong>bataille de Pavie<\/strong>, et en r\u00e9compense, il a re\u00e7u trois tr\u00e9sors. Mais seuls deux sont arriv\u00e9s jusqu\u2019\u00e0 aujourd\u2019hui&#8230;<\/p><br \/>\n<p data-start=\"347\" data-end=\"464\">La dague a \u00e9t\u00e9 perdue. Ou peut-\u00eatre cach\u00e9e. Aujourd\u2019hui, <strong>500 ans plus tard<\/strong>,<strong> c\u2019est toi qui peux d\u00e9chiffrer le myst\u00e8re<\/strong>.<\/p><br \/>\n<p data-start=\"466\" data-end=\"649\">Revivez la Renaissance et suis les 10 indices qui te m\u00e8neront \u00e0 r\u00e9soudre l\u2019\u00e9nigme de la dague disparue de la famille Aldana. Une exp\u00e9rience immersive entre rues, remparts et l\u00e9gendes.<\/p><br \/>\n<p data-start=\"651\" data-end=\"744\">\ud83c\udfaf <em>G\u00e9olocalisation r\u00e9elle<\/em> | \ud83e\udde0 <em>\u00c9nigmes \u00e0 r\u00e9soudre<\/em> | \ud83c\udfd9\ufe0f <em>Itin\u00e9raires dans le centre historique<\/em><\/p><br \/>\n<p data-start=\"746\" data-end=\"809\" data-is-last-node=\"\" data-is-only-node=\"\">\ud83d\udce5 <a href=\"https:\/\/turfhunt.locatify.com\/\">Commence l\u2019aventure<\/a><br data-start=\"768\" data-end=\"771\" \/>\ud83d\udcdc <a href=\"https:\/\/www.tortosaturisme.cat\/wp-content\/uploads\/2025\/08\/Pergami-FR.pdf\">T\u00e9l\u00e9charge le parchemin des indices<\/a><\/p><br \/>\n<p><\/div><\/div><div class=\"vc-incubalia-image-3x2-centered\"><img decoding=\"async\" class=\"vc-incubalia-image-3x2-centered__mobile-picture\" src=\"https:\/\/www.tortosaturisme.cat\/wp-content\/uploads\/2025\/07\/Aldana-1-768x512-1.jpg\" alt=\"\"><img decoding=\"async\" class=\"vc-incubalia-image-3x2-centered__desktop-picture\" src=\"https:\/\/www.tortosaturisme.cat\/wp-content\/uploads\/2025\/07\/Joan-dAldana-1024x1280.jpg\" alt=\"\"><\/div>[\/vc_column][\/vc_row][vc_row][vc_column]<div class=\"vc-incubalia-text-1-column\"><h2 class=\"vc-incubalia-text-1-column__title\"><span class=\"first-word\">\ud83d\uddfa\ufe0f<\/span> Comment fonctionne le jeu<\/h2><div class=\"vc-incubalia-text-1-column__text\"><\/p><br \/>\n<p data-start=\"0\" data-end=\"478\">\ud83d\udccd <strong>Lieu :<\/strong> Remparts et fortifications de Tortosa<br data-start=\"79\" data-end=\"82\" data-is-only-node=\"\" \/>\ud83d\udd75\ufe0f <strong>M\u00e9canique :<\/strong> R\u00e9sous les 10 \u00e9preuves sous forme de g\u00e9ocaching<br data-start=\"145\" data-end=\"148\" \/>\ud83d\udcf2 <strong>N\u00e9cessaire :<\/strong> T\u00e9l\u00e9phone portable avec GPS, l\u2019application du jeu et le d\u00e9pliant pour noter les indices<br data-start=\"251\" data-end=\"254\" \/>\ud83e\uddfe <strong>Indispensable :<\/strong> T\u00e9l\u00e9charge le d\u00e9pliant officiel pour noter les r\u00e9ponses et compl\u00e9ter le parcours<br data-start=\"353\" data-end=\"356\" \/>\u231b <strong>Dur\u00e9e estim\u00e9e :<\/strong> 1,5 \u00e0 2 heures<br data-start=\"388\" data-end=\"391\" \/>\ud83d\udc68\u200d\ud83d\udc69\u200d\ud83d\udc67\u200d\ud83d\udc66 <strong>Public :<\/strong> Id\u00e9al pour les familles, groupes d\u2019amis et passionn\u00e9s d\u2019histoire<\/p><br \/>\n<p data-start=\"480\" data-end=\"589\">\ud83d\udd10 L\u2019objectif ? Trouver le mot de passe final et r\u00e9cup\u00e9rer la Dague d\u2019Aldana avant qu\u2019il ne soit trop tard&#8230;<\/p><br \/>\n<p data-start=\"591\" data-end=\"682\" data-is-last-node=\"\" data-is-only-node=\"\"><strong>ATTENTION : Pense toujours \u00e0 remettre les indices \u00e0 leur place, tels que tu les as trouv\u00e9s.<\/strong><\/p><br \/>\n<p><\/div><\/div><script>\n            (function($) {\n                $(function() {\n                    $(\".vc_col-sm-6\").parent(\".vc_row\").addClass(\"vc_layout_2\");\n                });\n            })(jQuery);\n            <\/script><div class=\"vc-incubalia-text-1-column\"><h2 class=\"vc-incubalia-text-1-column__title\"><span class=\"first-word\">\u2139\ufe0f<\/span> Informations pratiques<\/h2><div class=\"vc-incubalia-text-1-column__text\"><\/p><br \/>\n<p data-start=\"27\" data-end=\"314\"><strong>\ud83d\udccd Qu\u2019est-ce qu\u2019il faut pour jouer ?<\/strong><br data-start=\"63\" data-end=\"66\" \/>Le d\u00e9pliant imprim\u00e9 que tu peux r\u00e9cup\u00e9rer \u00e0 l\u2019Office de Tourisme de Tortosa (av. Felip Pedrell 3) ou t\u00e9l\u00e9charger ici<br data-start=\"182\" data-end=\"185\" \/>Un t\u00e9l\u00e9phone avec l\u2019application TurfHunt pour trouver les caches des indices<br data-start=\"261\" data-end=\"264\" \/>Un stylo pour noter les r\u00e9ponses sur le d\u00e9pliant<\/p><br \/>\n<p data-start=\"316\" data-end=\"481\"><strong>\ud83d\udda8\ufe0f Tu as d\u00e9j\u00e0 le d\u00e9pliant imprim\u00e9 ?<\/strong><br data-start=\"352\" data-end=\"355\" \/>Si tu viens avec le d\u00e9pliant t\u00e9l\u00e9charg\u00e9 depuis chez toi, tu peux commencer directement le parcours sans passer par l\u2019office.<\/p><br \/>\n<p data-start=\"483\" data-end=\"749\"><strong>\ud83d\udd53 Autres infos :<\/strong><br data-start=\"500\" data-end=\"503\" \/>Le parcours se fait enti\u00e8rement \u00e0 pied et convient \u00e0 tous les \u00e2ges.<br data-start=\"570\" data-end=\"573\" \/>Par temps chaud, pensez \u00e0 couvrir votre t\u00eate, \u00e0 vous hydrater r\u00e9guli\u00e8rement et \u00e0 mettre de la cr\u00e8me solaire avant de commencer l\u2019activit\u00e9. Profitez du jeu en toute s\u00e9curit\u00e9 !<\/p><br \/>\n<p data-start=\"751\" data-end=\"782\" data-is-last-node=\"\" data-is-only-node=\"\">\ud83c\udf10 <a href=\"https:\/\/turfhunt.locatify.com\/\">Commence le jeu sur TurfHunt<\/a><\/p><br \/>\n<p data-start=\"735\" data-end=\"852\"><\/div><\/div><script>\n            (function($) {\n                $(function() {\n                    $(\".vc_col-sm-6\").parent(\".vc_row\").addClass(\"vc_layout_2\");\n                });\n            })(jQuery);\n            <\/script><div class=\"vc-incubalia-text-1-column\"><div class=\"vc-incubalia-text-1-column__text\"><\/p><br \/>\n<h4><strong>\ud83d\udddd\ufe0f Seuls les plus d\u00e9termin\u00e9s d\u00e9couvriront la Dague.<\/strong><\/h4><br \/>\n<h4><strong>Rel\u00e8ve tous les d\u00e9fis, note les indices sur le d\u00e9pliant et acc\u00e8de au secret final.<\/strong><br \/><br \/>\n<strong>Le myst\u00e8re t\u2019attend. Oseras-tu relever le d\u00e9fi ?<\/strong><\/h4><br \/>\n<p><\/div><\/div><script>\n            (function($) {\n                $(function() {\n                    $(\".vc_col-sm-6\").parent(\".vc_row\").addClass(\"vc_layout_2\");\n                });\n            })(jQuery);\n            <\/script><div class=\"vc-incubalia-3-black-boxes\"><a class=\"vc-incubalia-3-black-boxes__box\" href=\"https:\/\/www.tortosaturisme.cat\/wp-content\/uploads\/2025\/08\/TRIPTIC-V2-Amb-foto-FR.pdf\"><div class=\"vc-incubalia-3-black-boxes__box-title-container\"><p class=\"vc-incubalia-3-black-boxes__box-title\">T\u00e9l\u00e9charge<\/p><\/div><\/a><a class=\"vc-incubalia-3-black-boxes__box\" href=\"https:\/\/www.tortosaturisme.cat\/wp-content\/uploads\/2025\/08\/Pergami-FR.pdf\"><div class=\"vc-incubalia-3-black-boxes__box-title-container\"><p class=\"vc-incubalia-3-black-boxes__box-title\">Le parchemin<\/p><\/div><\/a><a class=\"vc-incubalia-3-black-boxes__box\" href=\"https:\/\/www.tortosaturisme.cat\/wp-content\/uploads\/2025\/08\/Instruccions-FR.pdf\"><div class=\"vc-incubalia-3-black-boxes__box-title-container\"><p class=\"vc-incubalia-3-black-boxes__box-title\">\u00e0 propos du jeu<\/p><\/div><\/a><\/div><div class=\"vc-incubalia-image-3x2-centered\"><img decoding=\"async\" class=\"vc-incubalia-image-3x2-centered__mobile-picture\" src=\"https:\/\/www.tortosaturisme.cat\/wp-content\/uploads\/2025\/07\/Aldana-768x512-1.jpg\" alt=\"\"><img decoding=\"async\" class=\"vc-incubalia-image-3x2-centered__desktop-picture\" src=\"https:\/\/www.tortosaturisme.cat\/wp-content\/uploads\/2025\/07\/Marc-Antoni-Aldana-2-1024x1280.jpg\" alt=\"\"><\/div>[\/vc_column][\/vc_row][vc_row][vc_column]<div class=\"vc-incubalia-4-icons\"><h2 class=\"vc-incubalia-4-icons__title\"><\/h2><div class=\"vc-incubalia-4-icons__icon\"><a class=\"vc-incubalia-4-icons__icon-url\" href=\"http:\/\/www2.tortosa.cat\/\"><img decoding=\"async\" class=\"vc-incubalia-4-icons__icon-image\" src=\"https:\/\/www.tortosaturisme.cat\/wp-content\/uploads\/2020\/03\/ajuntament-500x500-400x400.jpg\"><\/a><\/div><div class=\"vc-incubalia-4-icons__icon\"><a class=\"vc-incubalia-4-icons__icon-url\" href=\"http:\/\/www.tortosaturisme.cat\"><img decoding=\"async\" class=\"vc-incubalia-4-icons__icon-image\" src=\"https:\/\/www.tortosaturisme.cat\/wp-content\/uploads\/2018\/03\/logo-turisme-400-400x355.jpg\"><\/a><\/div><div class=\"vc-incubalia-4-icons__icon\"><a class=\"vc-incubalia-4-icons__icon-url\" href=\"\"><img decoding=\"async\" class=\"vc-incubalia-4-icons__icon-image\" src=\"\"><\/a><\/div><div class=\"vc-incubalia-4-icons__icon\"><a class=\"vc-incubalia-4-icons__icon-url\" href=\"\"><img decoding=\"async\" class=\"vc-incubalia-4-icons__icon-image\" src=\"\"><\/a><\/div><\/div><div class=\"vc-incubalia-image-3x2-centered\"><img decoding=\"async\" class=\"vc-incubalia-image-3x2-centered__mobile-picture\" src=\"\" alt=\"\"><img decoding=\"async\" class=\"vc-incubalia-image-3x2-centered__desktop-picture\" src=\"https:\/\/www.tortosaturisme.cat\/wp-content\/uploads\/2024\/11\/01-Logo-web.jpg\" alt=\"\"><\/div>[\/vc_column][\/vc_row]<\/p>\n","protected":false},"excerpt":{"rendered":"<p>[vc_row][vc_column][\/vc_column][\/vc_row][vc_row][vc_column][\/vc_column][\/vc_row][vc_row][vc_column][\/vc_column][\/vc_row][vc_row][vc_column][\/vc_column][\/vc_row]<\/p>\n","protected":false},"author":2,"featured_media":0,"parent":0,"menu_order":0,"comment_status":"closed","ping_status":"closed","template":"","meta":{"footnotes":""},"class_list":["post-39076","page","type-page","status-publish","hentry"],"acf":[],"yoast_head":"<!-- This site is optimized with the Yoast SEO plugin v27.4 - https:\/\/yoast.com\/product\/yoast-seo-wordpress\/ -->\n<title>La dague d\u2019Aldana, une aventure de g\u00e9ocaching - tortosaturisme<\/title>\n<meta name=\"description\" content=\"D\u00e9couvrez le myst\u00e8re de la dague perdue de Joan d\u2019Aldana \u00e0 Tortosa. Suivez indices et l\u00e9gendes dans une exp\u00e9rience immersive du XVIe si\u00e8cle.\" \/>\n<meta name=\"robots\" content=\"index, follow, max-snippet:-1, max-image-preview:large, max-video-preview:-1\" \/>\n<link rel=\"canonical\" href=\"https:\/\/www.tortosaturisme.cat\/fr\/la-dague-daldana-une-aventure-de-geocaching\/\" \/>\n<meta property=\"og:locale\" content=\"fr_FR\" \/>\n<meta property=\"og:type\" content=\"article\" \/>\n<meta property=\"og:title\" content=\"La dague d\u2019Aldana, une aventure de g\u00e9ocaching - tortosaturisme\" \/>\n<meta property=\"og:description\" content=\"D\u00e9couvrez le myst\u00e8re de la dague perdue de Joan d\u2019Aldana \u00e0 Tortosa. Suivez indices et l\u00e9gendes dans une exp\u00e9rience immersive du XVIe si\u00e8cle.\" \/>\n<meta property=\"og:url\" content=\"https:\/\/www.tortosaturisme.cat\/fr\/la-dague-daldana-une-aventure-de-geocaching\/\" \/>\n<meta property=\"og:site_name\" content=\"tortosaturisme\" \/>\n<meta property=\"article:modified_time\" content=\"2025-09-20T11:55:48+00:00\" \/>\n<meta name=\"twitter:card\" content=\"summary_large_image\" \/>\n<meta name=\"twitter:label1\" content=\"Dur\u00e9e de lecture estim\u00e9e\" \/>\n\t<meta name=\"twitter:data1\" content=\"3 minutes\" \/>\n<script type=\"application\/ld+json\" class=\"yoast-schema-graph\">{\"@context\":\"https:\\\/\\\/schema.org\",\"@graph\":[{\"@type\":\"WebPage\",\"@id\":\"https:\\\/\\\/www.tortosaturisme.cat\\\/fr\\\/la-dague-daldana-une-aventure-de-geocaching\\\/\",\"url\":\"https:\\\/\\\/www.tortosaturisme.cat\\\/fr\\\/la-dague-daldana-une-aventure-de-geocaching\\\/\",\"name\":\"La dague d\u2019Aldana, une aventure de g\u00e9ocaching - tortosaturisme\",\"isPartOf\":{\"@id\":\"https:\\\/\\\/www.tortosaturisme.cat\\\/fr\\\/#website\"},\"datePublished\":\"2025-06-20T09:28:29+00:00\",\"dateModified\":\"2025-09-20T11:55:48+00:00\",\"description\":\"D\u00e9couvrez le myst\u00e8re de la dague perdue de Joan d\u2019Aldana \u00e0 Tortosa. Suivez indices et l\u00e9gendes dans une exp\u00e9rience immersive du XVIe si\u00e8cle.\",\"breadcrumb\":{\"@id\":\"https:\\\/\\\/www.tortosaturisme.cat\\\/fr\\\/la-dague-daldana-une-aventure-de-geocaching\\\/#breadcrumb\"},\"inLanguage\":\"fr-FR\",\"potentialAction\":[{\"@type\":\"ReadAction\",\"target\":[\"https:\\\/\\\/www.tortosaturisme.cat\\\/fr\\\/la-dague-daldana-une-aventure-de-geocaching\\\/\"]}]},{\"@type\":\"BreadcrumbList\",\"@id\":\"https:\\\/\\\/www.tortosaturisme.cat\\\/fr\\\/la-dague-daldana-une-aventure-de-geocaching\\\/#breadcrumb\",\"itemListElement\":[{\"@type\":\"ListItem\",\"position\":1,\"name\":\"Home\",\"item\":\"https:\\\/\\\/www.tortosaturisme.cat\\\/fr\\\/home-page\\\/\"},{\"@type\":\"ListItem\",\"position\":2,\"name\":\"La dague d\u2019Aldana, une aventure de g\u00e9ocaching\"}]},{\"@type\":\"WebSite\",\"@id\":\"https:\\\/\\\/www.tortosaturisme.cat\\\/fr\\\/#website\",\"url\":\"https:\\\/\\\/www.tortosaturisme.cat\\\/fr\\\/\",\"name\":\"tortosaturisme\",\"description\":\"Otro sitio realizado con WordPress\",\"potentialAction\":[{\"@type\":\"SearchAction\",\"target\":{\"@type\":\"EntryPoint\",\"urlTemplate\":\"https:\\\/\\\/www.tortosaturisme.cat\\\/fr\\\/?s={search_term_string}\"},\"query-input\":{\"@type\":\"PropertyValueSpecification\",\"valueRequired\":true,\"valueName\":\"search_term_string\"}}],\"inLanguage\":\"fr-FR\"}]}<\/script>\n<!-- \/ Yoast SEO plugin. -->","yoast_head_json":{"title":"La dague d\u2019Aldana, une aventure de g\u00e9ocaching - tortosaturisme","description":"D\u00e9couvrez le myst\u00e8re de la dague perdue de Joan d\u2019Aldana \u00e0 Tortosa. Suivez indices et l\u00e9gendes dans une exp\u00e9rience immersive du XVIe si\u00e8cle.","robots":{"index":"index","follow":"follow","max-snippet":"max-snippet:-1","max-image-preview":"max-image-preview:large","max-video-preview":"max-video-preview:-1"},"canonical":"https:\/\/www.tortosaturisme.cat\/fr\/la-dague-daldana-une-aventure-de-geocaching\/","og_locale":"fr_FR","og_type":"article","og_title":"La dague d\u2019Aldana, une aventure de g\u00e9ocaching - tortosaturisme","og_description":"D\u00e9couvrez le myst\u00e8re de la dague perdue de Joan d\u2019Aldana \u00e0 Tortosa. Suivez indices et l\u00e9gendes dans une exp\u00e9rience immersive du XVIe si\u00e8cle.","og_url":"https:\/\/www.tortosaturisme.cat\/fr\/la-dague-daldana-une-aventure-de-geocaching\/","og_site_name":"tortosaturisme","article_modified_time":"2025-09-20T11:55:48+00:00","twitter_card":"summary_large_image","twitter_misc":{"Dur\u00e9e de lecture estim\u00e9e":"3 minutes"},"schema":{"@context":"https:\/\/schema.org","@graph":[{"@type":"WebPage","@id":"https:\/\/www.tortosaturisme.cat\/fr\/la-dague-daldana-une-aventure-de-geocaching\/","url":"https:\/\/www.tortosaturisme.cat\/fr\/la-dague-daldana-une-aventure-de-geocaching\/","name":"La dague d\u2019Aldana, une aventure de g\u00e9ocaching - tortosaturisme","isPartOf":{"@id":"https:\/\/www.tortosaturisme.cat\/fr\/#website"},"datePublished":"2025-06-20T09:28:29+00:00","dateModified":"2025-09-20T11:55:48+00:00","description":"D\u00e9couvrez le myst\u00e8re de la dague perdue de Joan d\u2019Aldana \u00e0 Tortosa. Suivez indices et l\u00e9gendes dans une exp\u00e9rience immersive du XVIe si\u00e8cle.","breadcrumb":{"@id":"https:\/\/www.tortosaturisme.cat\/fr\/la-dague-daldana-une-aventure-de-geocaching\/#breadcrumb"},"inLanguage":"fr-FR","potentialAction":[{"@type":"ReadAction","target":["https:\/\/www.tortosaturisme.cat\/fr\/la-dague-daldana-une-aventure-de-geocaching\/"]}]},{"@type":"BreadcrumbList","@id":"https:\/\/www.tortosaturisme.cat\/fr\/la-dague-daldana-une-aventure-de-geocaching\/#breadcrumb","itemListElement":[{"@type":"ListItem","position":1,"name":"Home","item":"https:\/\/www.tortosaturisme.cat\/fr\/home-page\/"},{"@type":"ListItem","position":2,"name":"La dague d\u2019Aldana, une aventure de g\u00e9ocaching"}]},{"@type":"WebSite","@id":"https:\/\/www.tortosaturisme.cat\/fr\/#website","url":"https:\/\/www.tortosaturisme.cat\/fr\/","name":"tortosaturisme","description":"Otro sitio realizado con WordPress","potentialAction":[{"@type":"SearchAction","target":{"@type":"EntryPoint","urlTemplate":"https:\/\/www.tortosaturisme.cat\/fr\/?s={search_term_string}"},"query-input":{"@type":"PropertyValueSpecification","valueRequired":true,"valueName":"search_term_string"}}],"inLanguage":"fr-FR"}]}},"_links":{"self":[{"href":"https:\/\/www.tortosaturisme.cat\/fr\/wp-json\/wp\/v2\/pages\/39076","targetHints":{"allow":["GET"]}}],"collection":[{"href":"https:\/\/www.tortosaturisme.cat\/fr\/wp-json\/wp\/v2\/pages"}],"about":[{"href":"https:\/\/www.tortosaturisme.cat\/fr\/wp-json\/wp\/v2\/types\/page"}],"author":[{"embeddable":true,"href":"https:\/\/www.tortosaturisme.cat\/fr\/wp-json\/wp\/v2\/users\/2"}],"replies":[{"embeddable":true,"href":"https:\/\/www.tortosaturisme.cat\/fr\/wp-json\/wp\/v2\/comments?post=39076"}],"version-history":[{"count":8,"href":"https:\/\/www.tortosaturisme.cat\/fr\/wp-json\/wp\/v2\/pages\/39076\/revisions"}],"predecessor-version":[{"id":39244,"href":"https:\/\/www.tortosaturisme.cat\/fr\/wp-json\/wp\/v2\/pages\/39076\/revisions\/39244"}],"wp:attachment":[{"href":"https:\/\/www.tortosaturisme.cat\/fr\/wp-json\/wp\/v2\/media?parent=39076"}],"curies":[{"name":"wp","href":"https:\/\/api.w.org\/{rel}","templated":true}]}}