{"id":39292,"date":"2025-08-15T15:30:38","date_gmt":"2025-08-15T15:30:38","guid":{"rendered":"https:\/\/www.tortosaturisme.cat\/?page_id=39292"},"modified":"2025-08-15T15:30:42","modified_gmt":"2025-08-15T15:30:42","slug":"un-symbole-mysterieux","status":"publish","type":"page","link":"https:\/\/www.tortosaturisme.cat\/fr\/un-symbole-mysterieux\/","title":{"rendered":"Un symbole myst\u00e9rieux"},"content":{"rendered":"<p>[vc_row][vc_column]<div class=\"vc-incubalia-big-header\"><h1 class=\"vc-incubalia-big-header__title\">Un symbole myst\u00e9rieux t\u2019attend au Mus\u00e9e de Tortosa !<\/h1><img decoding=\"async\" class=\"vc-incubalia-big-header__mobile-picture\" src=\"https:\/\/www.tortosaturisme.cat\/wp-content\/uploads\/2025\/08\/Capcalera-gran-movil.jpg\">\n                  <img decoding=\"async\" class=\"vc-incubalia-big-header__desktop-picture\" src=\"https:\/\/www.tortosaturisme.cat\/wp-content\/uploads\/2025\/08\/Capacalera-web.png\"><\/div>[\/vc_column][\/vc_row][vc_row][vc_column]<div class=\"vc-incubalia-text-1-column\"><h2 class=\"vc-incubalia-text-1-column__title\"><span class=\"first-word\">Accompagne<\/span> Cloe dans une aventure digitale unique.<\/h2><div class=\"vc-incubalia-text-1-column__text\"><strong>Cloe<\/strong> a besoin de toi. Avec son amulette magique, elle peut d\u00e9chiffrer des messages perdus et voyager dans des histoires anciennes\u2026 mais elle ne peut pas seule. <strong>Tu es la cl\u00e9 !<\/strong><\/p><br \/>\n<p><strong>Pr\u00eat pour la mission ?<\/strong><\/p><br \/>\n<ul><br \/>\n<li>Une aventure <strong>interactive, accessible et captivante<\/strong>.<\/li><br \/>\n<li><strong>Id\u00e9al pour<\/strong> les couples, les familles et les amateurs d\u2019histoires.<\/li><br \/>\n<li><strong>Apprentissage, plaisir et myst\u00e8re<\/strong> en un seul parcours.<\/li><br \/>\n<\/ul><br \/>\n<p><\/div><\/div><script>\n            (function($) {\n                $(function() {\n                    $(\".vc_col-sm-6\").parent(\".vc_row\").addClass(\"vc_layout_2\");\n                });\n            })(jQuery);\n            <\/script><div class=\"vc-incubalia-image-centered\"><img decoding=\"async\" class=\"vc-incubalia-image-centered__mobile-picture\" src=\"https:\/\/www.tortosaturisme.cat\/wp-content\/uploads\/2025\/08\/Peca-Misteriosa-Museu.jpg\" alt=\"\"><img decoding=\"async\" class=\"vc-incubalia-image-centered__desktop-picture\" src=\"https:\/\/www.tortosaturisme.cat\/wp-content\/uploads\/2025\/08\/Peca-Misteriosa-Museu-2.jpg\" alt=\"\"><\/div>[\/vc_column][\/vc_row][vc_row][vc_column]<div class=\"vc-incubalia-text-1-column\"><h2 class=\"vc-incubalia-text-1-column__title\"><span class=\"first-word\">Comment<\/span> jouer<\/h2><div class=\"vc-incubalia-text-1-column__text\"><\/p><br \/>\n<ul><br \/>\n<li><strong>Scanne<\/strong> le QR \u00e0 l\u2019entr\u00e9e du mus\u00e9e.<\/li><br \/>\n<li><strong>R\u00e9sous<\/strong> 10 d\u00e9fis en 60 minutes et d\u00e9couvre les secrets historiques cach\u00e9s.<\/li><br \/>\n<li>Pas d\u2019application \u00e0 t\u00e9l\u00e9charger \u2013 <strong>seulement ton navigateur.<\/strong><\/li><br \/>\n<\/ul><br \/>\n<p><\/div><\/div><script>\n            (function($) {\n                $(function() {\n                    $(\".vc_col-sm-6\").parent(\".vc_row\").addClass(\"vc_layout_2\");\n                });\n            })(jQuery);\n            <\/script>[\/vc_column][\/vc_row][vc_row][vc_column]<div class=\"vc-incubalia-image-3x2-centered\"><img decoding=\"async\" class=\"vc-incubalia-image-3x2-centered__mobile-picture\" src=\"https:\/\/www.tortosaturisme.cat\/wp-content\/uploads\/2025\/08\/4.jpg\" alt=\"\"><img decoding=\"async\" class=\"vc-incubalia-image-3x2-centered__desktop-picture\" src=\"https:\/\/www.tortosaturisme.cat\/wp-content\/uploads\/2025\/08\/Peca-Misteriosa-3-2.jpg\" alt=\"\"><\/div>[\/vc_column][\/vc_row][vc_row][vc_column]<div class=\"vc-incubalia-text-1-column\"><div class=\"vc-incubalia-text-1-column__text\"><\/p><br \/>\n<h2 style=\"text-align: center;\"><strong>Rejoins Cloe et d\u00e9couvre les secrets cach\u00e9s !<\/strong><\/h2><br \/>\n<h3 style=\"text-align: center;\"><\/h3><br \/>\n<p><\/div><\/div><script>\n            (function($) {\n                $(function() {\n                    $(\".vc_col-sm-6\").parent(\".vc_row\").addClass(\"vc_layout_2\");\n                });\n            })(jQuery);\n            <\/script>[\/vc_column][\/vc_row]<\/p>\n","protected":false},"excerpt":{"rendered":"<p>[vc_row][vc_column][\/vc_column][\/vc_row][vc_row][vc_column][\/vc_column][\/vc_row][vc_row][vc_column][\/vc_column][\/vc_row][vc_row][vc_column][\/vc_column][\/vc_row][vc_row][vc_column][\/vc_column][\/vc_row]<\/p>\n","protected":false},"author":4,"featured_media":0,"parent":0,"menu_order":0,"comment_status":"closed","ping_status":"closed","template":"","meta":{"footnotes":""},"class_list":["post-39292","page","type-page","status-publish","hentry"],"acf":[],"yoast_head":"<!-- This site is optimized with the Yoast SEO plugin v27.5 - https:\/\/yoast.com\/product\/yoast-seo-wordpress\/ -->\n<title>Un symbole myst\u00e9rieux - tortosaturisme<\/title>\n<meta name=\"description\" content=\"Acompanya la Cloe al Museu de Tortosa i ajuda-la a desxifrar misteris amb el seu amulet m\u00e0gic en aquesta aventura digital \u00fanica.\" \/>\n<meta name=\"robots\" content=\"index, follow, max-snippet:-1, max-image-preview:large, max-video-preview:-1\" \/>\n<link rel=\"canonical\" href=\"https:\/\/www.tortosaturisme.cat\/fr\/un-symbole-mysterieux\/\" \/>\n<meta property=\"og:locale\" content=\"fr_FR\" \/>\n<meta property=\"og:type\" content=\"article\" \/>\n<meta property=\"og:title\" content=\"Un symbole myst\u00e9rieux - tortosaturisme\" \/>\n<meta property=\"og:description\" content=\"Acompanya la Cloe al Museu de Tortosa i ajuda-la a desxifrar misteris amb el seu amulet m\u00e0gic en aquesta aventura digital \u00fanica.\" \/>\n<meta property=\"og:url\" content=\"https:\/\/www.tortosaturisme.cat\/fr\/un-symbole-mysterieux\/\" \/>\n<meta property=\"og:site_name\" content=\"tortosaturisme\" \/>\n<meta property=\"article:modified_time\" content=\"2025-08-15T15:30:42+00:00\" \/>\n<meta name=\"twitter:card\" content=\"summary_large_image\" \/>\n<meta name=\"twitter:label1\" content=\"Dur\u00e9e de lecture estim\u00e9e\" \/>\n\t<meta name=\"twitter:data1\" content=\"2 minutes\" \/>\n<script type=\"application\/ld+json\" class=\"yoast-schema-graph\">{\"@context\":\"https:\\\/\\\/schema.org\",\"@graph\":[{\"@type\":\"WebPage\",\"@id\":\"https:\\\/\\\/www.tortosaturisme.cat\\\/fr\\\/un-symbole-mysterieux\\\/\",\"url\":\"https:\\\/\\\/www.tortosaturisme.cat\\\/fr\\\/un-symbole-mysterieux\\\/\",\"name\":\"Un symbole myst\u00e9rieux - tortosaturisme\",\"isPartOf\":{\"@id\":\"https:\\\/\\\/www.tortosaturisme.cat\\\/fr\\\/#website\"},\"datePublished\":\"2025-08-15T15:30:38+00:00\",\"dateModified\":\"2025-08-15T15:30:42+00:00\",\"description\":\"Acompanya la Cloe al Museu de Tortosa i ajuda-la a desxifrar misteris amb el seu amulet m\u00e0gic en aquesta aventura digital \u00fanica.\",\"breadcrumb\":{\"@id\":\"https:\\\/\\\/www.tortosaturisme.cat\\\/fr\\\/un-symbole-mysterieux\\\/#breadcrumb\"},\"inLanguage\":\"fr-FR\",\"potentialAction\":[{\"@type\":\"ReadAction\",\"target\":[\"https:\\\/\\\/www.tortosaturisme.cat\\\/fr\\\/un-symbole-mysterieux\\\/\"]}]},{\"@type\":\"BreadcrumbList\",\"@id\":\"https:\\\/\\\/www.tortosaturisme.cat\\\/fr\\\/un-symbole-mysterieux\\\/#breadcrumb\",\"itemListElement\":[{\"@type\":\"ListItem\",\"position\":1,\"name\":\"Home\",\"item\":\"https:\\\/\\\/www.tortosaturisme.cat\\\/fr\\\/home-page\\\/\"},{\"@type\":\"ListItem\",\"position\":2,\"name\":\"Un symbole myst\u00e9rieux\"}]},{\"@type\":\"WebSite\",\"@id\":\"https:\\\/\\\/www.tortosaturisme.cat\\\/fr\\\/#website\",\"url\":\"https:\\\/\\\/www.tortosaturisme.cat\\\/fr\\\/\",\"name\":\"tortosaturisme\",\"description\":\"Otro sitio realizado con WordPress\",\"potentialAction\":[{\"@type\":\"SearchAction\",\"target\":{\"@type\":\"EntryPoint\",\"urlTemplate\":\"https:\\\/\\\/www.tortosaturisme.cat\\\/fr\\\/?s={search_term_string}\"},\"query-input\":{\"@type\":\"PropertyValueSpecification\",\"valueRequired\":true,\"valueName\":\"search_term_string\"}}],\"inLanguage\":\"fr-FR\"}]}<\/script>\n<!-- \/ Yoast SEO plugin. -->","yoast_head_json":{"title":"Un symbole myst\u00e9rieux - tortosaturisme","description":"Acompanya la Cloe al Museu de Tortosa i ajuda-la a desxifrar misteris amb el seu amulet m\u00e0gic en aquesta aventura digital \u00fanica.","robots":{"index":"index","follow":"follow","max-snippet":"max-snippet:-1","max-image-preview":"max-image-preview:large","max-video-preview":"max-video-preview:-1"},"canonical":"https:\/\/www.tortosaturisme.cat\/fr\/un-symbole-mysterieux\/","og_locale":"fr_FR","og_type":"article","og_title":"Un symbole myst\u00e9rieux - tortosaturisme","og_description":"Acompanya la Cloe al Museu de Tortosa i ajuda-la a desxifrar misteris amb el seu amulet m\u00e0gic en aquesta aventura digital \u00fanica.","og_url":"https:\/\/www.tortosaturisme.cat\/fr\/un-symbole-mysterieux\/","og_site_name":"tortosaturisme","article_modified_time":"2025-08-15T15:30:42+00:00","twitter_card":"summary_large_image","twitter_misc":{"Dur\u00e9e de lecture estim\u00e9e":"2 minutes"},"schema":{"@context":"https:\/\/schema.org","@graph":[{"@type":"WebPage","@id":"https:\/\/www.tortosaturisme.cat\/fr\/un-symbole-mysterieux\/","url":"https:\/\/www.tortosaturisme.cat\/fr\/un-symbole-mysterieux\/","name":"Un symbole myst\u00e9rieux - tortosaturisme","isPartOf":{"@id":"https:\/\/www.tortosaturisme.cat\/fr\/#website"},"datePublished":"2025-08-15T15:30:38+00:00","dateModified":"2025-08-15T15:30:42+00:00","description":"Acompanya la Cloe al Museu de Tortosa i ajuda-la a desxifrar misteris amb el seu amulet m\u00e0gic en aquesta aventura digital \u00fanica.","breadcrumb":{"@id":"https:\/\/www.tortosaturisme.cat\/fr\/un-symbole-mysterieux\/#breadcrumb"},"inLanguage":"fr-FR","potentialAction":[{"@type":"ReadAction","target":["https:\/\/www.tortosaturisme.cat\/fr\/un-symbole-mysterieux\/"]}]},{"@type":"BreadcrumbList","@id":"https:\/\/www.tortosaturisme.cat\/fr\/un-symbole-mysterieux\/#breadcrumb","itemListElement":[{"@type":"ListItem","position":1,"name":"Home","item":"https:\/\/www.tortosaturisme.cat\/fr\/home-page\/"},{"@type":"ListItem","position":2,"name":"Un symbole myst\u00e9rieux"}]},{"@type":"WebSite","@id":"https:\/\/www.tortosaturisme.cat\/fr\/#website","url":"https:\/\/www.tortosaturisme.cat\/fr\/","name":"tortosaturisme","description":"Otro sitio realizado con WordPress","potentialAction":[{"@type":"SearchAction","target":{"@type":"EntryPoint","urlTemplate":"https:\/\/www.tortosaturisme.cat\/fr\/?s={search_term_string}"},"query-input":{"@type":"PropertyValueSpecification","valueRequired":true,"valueName":"search_term_string"}}],"inLanguage":"fr-FR"}]}},"_links":{"self":[{"href":"https:\/\/www.tortosaturisme.cat\/fr\/wp-json\/wp\/v2\/pages\/39292","targetHints":{"allow":["GET"]}}],"collection":[{"href":"https:\/\/www.tortosaturisme.cat\/fr\/wp-json\/wp\/v2\/pages"}],"about":[{"href":"https:\/\/www.tortosaturisme.cat\/fr\/wp-json\/wp\/v2\/types\/page"}],"author":[{"embeddable":true,"href":"https:\/\/www.tortosaturisme.cat\/fr\/wp-json\/wp\/v2\/users\/4"}],"replies":[{"embeddable":true,"href":"https:\/\/www.tortosaturisme.cat\/fr\/wp-json\/wp\/v2\/comments?post=39292"}],"version-history":[{"count":6,"href":"https:\/\/www.tortosaturisme.cat\/fr\/wp-json\/wp\/v2\/pages\/39292\/revisions"}],"predecessor-version":[{"id":39311,"href":"https:\/\/www.tortosaturisme.cat\/fr\/wp-json\/wp\/v2\/pages\/39292\/revisions\/39311"}],"wp:attachment":[{"href":"https:\/\/www.tortosaturisme.cat\/fr\/wp-json\/wp\/v2\/media?parent=39292"}],"curies":[{"name":"wp","href":"https:\/\/api.w.org\/{rel}","templated":true}]}}