{"id":39372,"date":"2025-08-16T10:52:59","date_gmt":"2025-08-16T10:52:59","guid":{"rendered":"https:\/\/www.tortosaturisme.cat\/?page_id=39372"},"modified":"2025-09-30T10:06:12","modified_gmt":"2025-09-30T10:06:12","slug":"ruta-matematica-a-tortosa","status":"publish","type":"page","link":"https:\/\/www.tortosaturisme.cat\/fr\/ruta-matematica-a-tortosa\/","title":{"rendered":"Ruta matem\u00e0tica Tortosa"},"content":{"rendered":"<p>[vc_row][vc_column]<div class=\"vc-incubalia-big-header\"><h1 class=\"vc-incubalia-big-header__title\">RUTA MATEM\u00c0TICA A TORTOSA<\/h1><img decoding=\"async\" class=\"vc-incubalia-big-header__mobile-picture\" src=\"https:\/\/www.tortosaturisme.cat\/wp-content\/uploads\/2025\/08\/Ruta-matematica-movil.jpg\">\n                  <img decoding=\"async\" class=\"vc-incubalia-big-header__desktop-picture\" src=\"https:\/\/www.tortosaturisme.cat\/wp-content\/uploads\/2025\/08\/El-text-del-paragraf.jpg\"><\/div>[\/vc_column][\/vc_row][vc_row][vc_column]<div class=\"vc-incubalia-text-1-column\"><h2 class=\"vc-incubalia-text-1-column__title\"><span class=\"first-word\">Desxifra<\/span> enigmes mentre explores la ciutat!<\/h2><div class=\"vc-incubalia-text-1-column__text\">Viu una experi\u00e8ncia que <strong>combina exploraci\u00f3, hist\u00f2ria i reptes de l\u00f2gica<\/strong>. Amb la Ruta Matem\u00e0tica, <strong>seguir\u00e0s pistes pels carrers i places de Tortosa<\/strong>, connectant amb la seva arquitectura i el seu passat d\u2019una manera diferent.<\/p><br \/>\n<p>A cada ciutat, la ruta ret homenatge a una cient\u00edfica catalana. A Tortosa, <strong>coneixer\u00e0s Griselda Pascual i Xufr\u00e9<\/strong>, pionera de les matem\u00e0tiques i docent que va ser catedr\u00e0tica a l\u2019Institut local als anys 50.<\/p><br \/>\n<p>Aquest projecte forma part d\u2019una xarxa amb cinc rutes \u00faniques a <strong>Barcelona, Girona, Lleida, Tarragona i Tortosa.<\/strong><\/p><br \/>\n<p>Un projecte de la Generalitat de Catalunya en col\u00b7laboraci\u00f3 amb CASIO.<\/div><\/div><script>\n            (function($) {\n                $(function() {\n                    $(\".vc_col-sm-6\").parent(\".vc_row\").addClass(\"vc_layout_2\");\n                });\n            })(jQuery);\n            <\/script>[\/vc_column][\/vc_row][vc_row][vc_column]<div class=\"vc-incubalia-6-images\"><div class=\"vc-incubalia-6-images__image\"\"><img decoding=\"async\" src=\"https:\/\/www.tortosaturisme.cat\/wp-content\/uploads\/2025\/08\/1.png\" alt=\"\"><div class=\"vc-incubalia-6-images__image-text-container\"><\/div><div class=\"vc-incubalia-6-images__image-url-container\"><span class=\"vc-incubalia-6-images__image-url\">Lire la suite<\/span><\/div><\/div><div class=\"vc-incubalia-6-images__image\"\"><img decoding=\"async\" src=\"https:\/\/www.tortosaturisme.cat\/wp-content\/uploads\/2025\/08\/2.png\" alt=\"\"><div class=\"vc-incubalia-6-images__image-text-container\"><\/div><div class=\"vc-incubalia-6-images__image-url-container\"><span class=\"vc-incubalia-6-images__image-url\">Lire la suite<\/span><\/div><\/div><div class=\"vc-incubalia-6-images__image\"\"><img decoding=\"async\" src=\"https:\/\/www.tortosaturisme.cat\/wp-content\/uploads\/2025\/08\/4.png\" alt=\"\"><div class=\"vc-incubalia-6-images__image-text-container\"><\/div><div class=\"vc-incubalia-6-images__image-url-container\"><span class=\"vc-incubalia-6-images__image-url\">Lire la suite<\/span><\/div><\/div><div class=\"vc-incubalia-6-images__image\"\"><img decoding=\"async\" src=\"https:\/\/www.tortosaturisme.cat\/wp-content\/uploads\/2025\/08\/3.png\" alt=\"\"><div class=\"vc-incubalia-6-images__image-text-container\"><\/div><div class=\"vc-incubalia-6-images__image-url-container\"><span class=\"vc-incubalia-6-images__image-url\">Lire la suite<\/span><\/div><\/div><div class=\"vc-incubalia-6-images__image\"\"><img decoding=\"async\" src=\"https:\/\/www.tortosaturisme.cat\/wp-content\/uploads\/2025\/08\/5.png\" alt=\"\"><div class=\"vc-incubalia-6-images__image-text-container\"><\/div><div class=\"vc-incubalia-6-images__image-url-container\"><span class=\"vc-incubalia-6-images__image-url\">Lire la suite<\/span><\/div><\/div><div class=\"vc-incubalia-6-images__image\"\"><img decoding=\"async\" src=\"https:\/\/www.tortosaturisme.cat\/wp-content\/uploads\/2025\/08\/6.png\" alt=\"\"><div class=\"vc-incubalia-6-images__image-text-container\"><\/div><div class=\"vc-incubalia-6-images__image-url-container\"><span class=\"vc-incubalia-6-images__image-url\">Lire la suite<\/span><\/div><\/div><\/div>[\/vc_column][\/vc_row][vc_row][vc_column]<div class=\"vc-incubalia-text-1-column\"><h2 class=\"vc-incubalia-text-1-column__title\"><span class=\"first-word\">Com<\/span> funciona<\/h2><div class=\"vc-incubalia-text-1-column__text\"><strong>1. Recull la guia a l&rsquo;Oficina de Turisme de Catalunya a les Terres de l\u2019Ebre<\/strong> (Rambla Felip Pedrell, 3). Si ho necessites, et deixarem una calculadora* \u2014 recorda retornar-la el mateix dia dins l\u2019horari d\u2019obertura<strong>.<\/strong><\/p><br \/>\n<p><strong>2. Segueix les pistes, <\/strong>recorre <strong>el trajecte indicat<\/strong>, <strong>resol reptes<\/strong> i descobreix racons amagats de la ciutat.<\/div><\/div><script>\n            (function($) {\n                $(function() {\n                    $(\".vc_col-sm-6\").parent(\".vc_row\").addClass(\"vc_layout_2\");\n                });\n            })(jQuery);\n            <\/script>[\/vc_column][\/vc_row][vc_row][vc_column]<div class=\"vc-incubalia-image-3x2-centered\"><img decoding=\"async\" class=\"vc-incubalia-image-3x2-centered__mobile-picture\" src=\"https:\/\/www.tortosaturisme.cat\/wp-content\/uploads\/2025\/08\/Disseny-sense-titol28.jpg\" alt=\"\"><img decoding=\"async\" class=\"vc-incubalia-image-3x2-centered__desktop-picture\" src=\"https:\/\/www.tortosaturisme.cat\/wp-content\/uploads\/2025\/08\/El-text-del-paragraf1.jpg\" alt=\"\"><\/div><div class=\"vc-incubalia-text-1-column\"><h2 class=\"vc-incubalia-text-1-column__title\"><span class=\"first-word\">Dades<\/span> pr\u00e0ctiques<\/h2><div class=\"vc-incubalia-text-1-column__text\"><\/p><br \/>\n<ol><br \/>\n<li><strong>Dist\u00e0ncia<\/strong>: 3 km<\/li><br \/>\n<li><strong>Durada<\/strong>: 1 dia<\/li><br \/>\n<li><strong>Nivell<\/strong>: Baix<\/li><br \/>\n<li><strong>Temporada<\/strong>: Tot l\u2019any<\/li><br \/>\n<li><strong>Contacte<\/strong>:<br \/><br \/>\nOficina de Turisme de Catalunya a les Terres de l\u2019Ebre<br \/><br \/>\nTel. 977 44 96 48 \u2013 <a href=\"mailto:ot.terresebre@gencat.cat\">ot.terresebre@gencat.cat\u00a0<\/a><\/li><br \/>\n<\/ol><br \/>\n<h2><\/h2><br \/>\n<h2 style=\"text-align: left;\"><strong>Vine a l&rsquo;Oficina de Turisme i comen\u00e7a l\u2019aventura avui mateix!<\/strong><\/h2><br \/>\n<p><\/div><\/div><script>\n            (function($) {\n                $(function() {\n                    $(\".vc_col-sm-6\").parent(\".vc_row\").addClass(\"vc_layout_2\");\n                });\n            })(jQuery);\n            <\/script><div class=\"vc-incubalia-image-3x2-centered\"><img decoding=\"async\" class=\"vc-incubalia-image-3x2-centered__mobile-picture\" src=\"\" alt=\"\"><img decoding=\"async\" class=\"vc-incubalia-image-3x2-centered__desktop-picture\" src=\"\" alt=\"\"><\/div>[\/vc_column][\/vc_row]<\/p>\n","protected":false},"excerpt":{"rendered":"<p>[vc_row][vc_column][\/vc_column][\/vc_row][vc_row][vc_column][\/vc_column][\/vc_row][vc_row][vc_column][\/vc_column][\/vc_row][vc_row][vc_column][\/vc_column][\/vc_row][vc_row][vc_column][\/vc_column][\/vc_row]<\/p>\n","protected":false},"author":4,"featured_media":0,"parent":0,"menu_order":0,"comment_status":"closed","ping_status":"closed","template":"","meta":{"footnotes":""},"class_list":["post-39372","page","type-page","status-publish","hentry"],"acf":[],"yoast_head":"<!-- This site is optimized with the Yoast SEO plugin v27.5 - https:\/\/yoast.com\/product\/yoast-seo-wordpress\/ -->\n<title>Ruta matem\u00e0tica Tortosa - tortosaturisme<\/title>\n<meta name=\"robots\" content=\"index, follow, max-snippet:-1, max-image-preview:large, max-video-preview:-1\" \/>\n<link rel=\"canonical\" href=\"https:\/\/www.tortosaturisme.cat\/fr\/ruta-matematica-a-tortosa\/\" \/>\n<meta property=\"og:locale\" content=\"fr_FR\" \/>\n<meta property=\"og:type\" content=\"article\" \/>\n<meta property=\"og:title\" content=\"Ruta matem\u00e0tica Tortosa - tortosaturisme\" \/>\n<meta property=\"og:description\" content=\"[vc_row][vc_column][\/vc_column][\/vc_row][vc_row][vc_column][\/vc_column][\/vc_row][vc_row][vc_column][\/vc_column][\/vc_row][vc_row][vc_column][\/vc_column][\/vc_row][vc_row][vc_column][\/vc_column][\/vc_row]\" \/>\n<meta property=\"og:url\" content=\"https:\/\/www.tortosaturisme.cat\/fr\/ruta-matematica-a-tortosa\/\" \/>\n<meta property=\"og:site_name\" content=\"tortosaturisme\" \/>\n<meta property=\"article:modified_time\" content=\"2025-09-30T10:06:12+00:00\" \/>\n<meta name=\"twitter:card\" content=\"summary_large_image\" \/>\n<meta name=\"twitter:label1\" content=\"Dur\u00e9e de lecture estim\u00e9e\" \/>\n\t<meta name=\"twitter:data1\" content=\"2 minutes\" \/>\n<script type=\"application\/ld+json\" class=\"yoast-schema-graph\">{\"@context\":\"https:\\\/\\\/schema.org\",\"@graph\":[{\"@type\":\"WebPage\",\"@id\":\"https:\\\/\\\/www.tortosaturisme.cat\\\/fr\\\/ruta-matematica-a-tortosa\\\/\",\"url\":\"https:\\\/\\\/www.tortosaturisme.cat\\\/fr\\\/ruta-matematica-a-tortosa\\\/\",\"name\":\"Ruta matem\u00e0tica Tortosa - tortosaturisme\",\"isPartOf\":{\"@id\":\"https:\\\/\\\/www.tortosaturisme.cat\\\/fr\\\/#website\"},\"datePublished\":\"2025-08-16T10:52:59+00:00\",\"dateModified\":\"2025-09-30T10:06:12+00:00\",\"breadcrumb\":{\"@id\":\"https:\\\/\\\/www.tortosaturisme.cat\\\/fr\\\/ruta-matematica-a-tortosa\\\/#breadcrumb\"},\"inLanguage\":\"fr-FR\",\"potentialAction\":[{\"@type\":\"ReadAction\",\"target\":[\"https:\\\/\\\/www.tortosaturisme.cat\\\/fr\\\/ruta-matematica-a-tortosa\\\/\"]}]},{\"@type\":\"BreadcrumbList\",\"@id\":\"https:\\\/\\\/www.tortosaturisme.cat\\\/fr\\\/ruta-matematica-a-tortosa\\\/#breadcrumb\",\"itemListElement\":[{\"@type\":\"ListItem\",\"position\":1,\"name\":\"Home\",\"item\":\"https:\\\/\\\/www.tortosaturisme.cat\\\/fr\\\/home-page\\\/\"},{\"@type\":\"ListItem\",\"position\":2,\"name\":\"Ruta matem\u00e0tica Tortosa\"}]},{\"@type\":\"WebSite\",\"@id\":\"https:\\\/\\\/www.tortosaturisme.cat\\\/fr\\\/#website\",\"url\":\"https:\\\/\\\/www.tortosaturisme.cat\\\/fr\\\/\",\"name\":\"tortosaturisme\",\"description\":\"Otro sitio realizado con WordPress\",\"potentialAction\":[{\"@type\":\"SearchAction\",\"target\":{\"@type\":\"EntryPoint\",\"urlTemplate\":\"https:\\\/\\\/www.tortosaturisme.cat\\\/fr\\\/?s={search_term_string}\"},\"query-input\":{\"@type\":\"PropertyValueSpecification\",\"valueRequired\":true,\"valueName\":\"search_term_string\"}}],\"inLanguage\":\"fr-FR\"}]}<\/script>\n<!-- \/ Yoast SEO plugin. -->","yoast_head_json":{"title":"Ruta matem\u00e0tica Tortosa - tortosaturisme","robots":{"index":"index","follow":"follow","max-snippet":"max-snippet:-1","max-image-preview":"max-image-preview:large","max-video-preview":"max-video-preview:-1"},"canonical":"https:\/\/www.tortosaturisme.cat\/fr\/ruta-matematica-a-tortosa\/","og_locale":"fr_FR","og_type":"article","og_title":"Ruta matem\u00e0tica Tortosa - tortosaturisme","og_description":"[vc_row][vc_column][\/vc_column][\/vc_row][vc_row][vc_column][\/vc_column][\/vc_row][vc_row][vc_column][\/vc_column][\/vc_row][vc_row][vc_column][\/vc_column][\/vc_row][vc_row][vc_column][\/vc_column][\/vc_row]","og_url":"https:\/\/www.tortosaturisme.cat\/fr\/ruta-matematica-a-tortosa\/","og_site_name":"tortosaturisme","article_modified_time":"2025-09-30T10:06:12+00:00","twitter_card":"summary_large_image","twitter_misc":{"Dur\u00e9e de lecture estim\u00e9e":"2 minutes"},"schema":{"@context":"https:\/\/schema.org","@graph":[{"@type":"WebPage","@id":"https:\/\/www.tortosaturisme.cat\/fr\/ruta-matematica-a-tortosa\/","url":"https:\/\/www.tortosaturisme.cat\/fr\/ruta-matematica-a-tortosa\/","name":"Ruta matem\u00e0tica Tortosa - tortosaturisme","isPartOf":{"@id":"https:\/\/www.tortosaturisme.cat\/fr\/#website"},"datePublished":"2025-08-16T10:52:59+00:00","dateModified":"2025-09-30T10:06:12+00:00","breadcrumb":{"@id":"https:\/\/www.tortosaturisme.cat\/fr\/ruta-matematica-a-tortosa\/#breadcrumb"},"inLanguage":"fr-FR","potentialAction":[{"@type":"ReadAction","target":["https:\/\/www.tortosaturisme.cat\/fr\/ruta-matematica-a-tortosa\/"]}]},{"@type":"BreadcrumbList","@id":"https:\/\/www.tortosaturisme.cat\/fr\/ruta-matematica-a-tortosa\/#breadcrumb","itemListElement":[{"@type":"ListItem","position":1,"name":"Home","item":"https:\/\/www.tortosaturisme.cat\/fr\/home-page\/"},{"@type":"ListItem","position":2,"name":"Ruta matem\u00e0tica Tortosa"}]},{"@type":"WebSite","@id":"https:\/\/www.tortosaturisme.cat\/fr\/#website","url":"https:\/\/www.tortosaturisme.cat\/fr\/","name":"tortosaturisme","description":"Otro sitio realizado con WordPress","potentialAction":[{"@type":"SearchAction","target":{"@type":"EntryPoint","urlTemplate":"https:\/\/www.tortosaturisme.cat\/fr\/?s={search_term_string}"},"query-input":{"@type":"PropertyValueSpecification","valueRequired":true,"valueName":"search_term_string"}}],"inLanguage":"fr-FR"}]}},"_links":{"self":[{"href":"https:\/\/www.tortosaturisme.cat\/fr\/wp-json\/wp\/v2\/pages\/39372","targetHints":{"allow":["GET"]}}],"collection":[{"href":"https:\/\/www.tortosaturisme.cat\/fr\/wp-json\/wp\/v2\/pages"}],"about":[{"href":"https:\/\/www.tortosaturisme.cat\/fr\/wp-json\/wp\/v2\/types\/page"}],"author":[{"embeddable":true,"href":"https:\/\/www.tortosaturisme.cat\/fr\/wp-json\/wp\/v2\/users\/4"}],"replies":[{"embeddable":true,"href":"https:\/\/www.tortosaturisme.cat\/fr\/wp-json\/wp\/v2\/comments?post=39372"}],"version-history":[{"count":9,"href":"https:\/\/www.tortosaturisme.cat\/fr\/wp-json\/wp\/v2\/pages\/39372\/revisions"}],"predecessor-version":[{"id":39667,"href":"https:\/\/www.tortosaturisme.cat\/fr\/wp-json\/wp\/v2\/pages\/39372\/revisions\/39667"}],"wp:attachment":[{"href":"https:\/\/www.tortosaturisme.cat\/fr\/wp-json\/wp\/v2\/media?parent=39372"}],"curies":[{"name":"wp","href":"https:\/\/api.w.org\/{rel}","templated":true}]}}