{"id":40550,"date":"2026-03-06T11:54:54","date_gmt":"2026-03-06T10:54:54","guid":{"rendered":"https:\/\/www.tortosaturisme.cat\/jeu-a-la-recherche-de-la-tombe-de-saint-ruf\/"},"modified":"2026-03-16T11:45:59","modified_gmt":"2026-03-16T10:45:59","slug":"jeu-a-la-recherche-de-la-tombe-de-saint-ruf","status":"publish","type":"page","link":"https:\/\/www.tortosaturisme.cat\/fr\/jeu-a-la-recherche-de-la-tombe-de-saint-ruf\/","title":{"rendered":"Jeu \u00c0 la recherche de la tombe de Saint Ruf"},"content":{"rendered":"<p>[vc_row][vc_column]<div class=\"vc-incubalia-big-header\"><img decoding=\"async\" class=\"vc-incubalia-big-header__mobile-picture brightness-100\" src=\"https:\/\/www.tortosaturisme.cat\/wp-content\/uploads\/2026\/03\/02-Recerca-tomba-sant-ruf-home-768-x-450-pxjpg.jpg\">\n                  <img decoding=\"async\" class=\"vc-incubalia-big-header__desktop-picture brightness-100\" src=\"https:\/\/www.tortosaturisme.cat\/wp-content\/uploads\/2026\/03\/01-Recerca-tomba-sant-ruf-home-1920x7001-1.jpg\"><\/div>[\/vc_column][\/vc_row][vc_row][vc_column]<div class=\"vc-incubalia-text-1-column-subtitle\"><h2 class=\"vc-incubalia-text-1-column-subtitle__title\">Une l\u00e9gende capable d\u2019\u00e9branler les fondations de Tortosa<\/h2><h3 class=\"vc-incubalia-text-1-column-subtitle__subtitle\">Une histoire qui vous captivera d\u00e8s la premi\u00e8re minute<\/h3><div class=\"vc-incubalia-text-1-column-subtitle__text\">Saint Ruf, premier \u00e9v\u00eaque de la ville et fils de Simon de Cyr\u00e8ne, fut enterr\u00e9 avec un tr\u00e9sor. Pourtant, si la tombe est d\u00e9couverte, Tortosa s\u2019effondrera pour toujours.<br data-start=\"3153\" data-end=\"3156\" \/>Vous pouvez l\u2019emp\u00eacher : relevez les d\u00e9fis et r\u00e9solvez les \u00e9nigmes de l\u2019aventure pour sauver la ville d\u2019un destin terrible.<\/div><\/div><div class=\"vc-incubalia-text-1-column-subtitle\"><h2 class=\"vc-incubalia-text-1-column-subtitle__title\">Une histoire qui vous accroche d\u00e8s le d\u00e9but<\/h2><div class=\"vc-incubalia-text-1-column-subtitle__text\"><\/p><br \/>\n<p data-start=\"3330\" data-end=\"3566\">Vous avez re\u00e7u un avertissement inqui\u00e9tant : quelqu\u2019un est sur le point d\u2019ouvrir la tombe de Saint Ruf, le premier \u00e9v\u00eaque de Tortosa.<br data-start=\"3463\" data-end=\"3466\" \/>La question n\u2019est pas seulement o\u00f9 se trouve la tombe, mais aussi qui tire les ficelles et pourquoi.<\/p><br \/>\n<p data-start=\"3568\" data-end=\"3817\">L\u2019aventure commence \u00e0 l\u2019Office de tourisme, situ\u00e9 dans l\u2019ancien abattoir, et vous fera parcourir le centre historique de la ville tout en observant les d\u00e9tails et en r\u00e9solvant des d\u00e9fis pour d\u00e9couvrir son patrimoine et les histoires qui l\u2019entourent.<\/p><br \/>\n<p>&nbsp;<\/p><br \/>\n<p>&nbsp;<\/div><\/div><div class=\"vc-incubalia-text-1-column-subtitle\"><h2 class=\"vc-incubalia-text-1-column-subtitle__title\">Pour qui ?<\/h2><div class=\"vc-incubalia-text-1-column-subtitle__text\"><\/p><br \/>\n<ul><br \/>\n<li data-start=\"3837\" data-end=\"3910\"><strong>Jeunes et adultes<\/strong> qui souhaitent d\u00e9couvrir la ville de mani\u00e8re ludique.<\/li><br \/>\n<li data-start=\"3837\" data-end=\"3910\"><strong>Couples et groupes d\u2019amis<\/strong> \u00e0 la recherche d\u2019une activit\u00e9 originale dans le centre historique.<\/li><br \/>\n<li data-start=\"3837\" data-end=\"3910\"><strong>Groupes scolaires \u00e0 partir du secondaire<\/strong> pour explorer la ville en jouant.<\/li><br \/>\n<li data-start=\"3837\" data-end=\"3910\"><strong>Visiteurs qui veulent non seulement \u00ab\u00a0voir Tortosa\u00a0\u00bb<\/strong>, mais aussi la ressentir : l\u00e9gendes, pierres, symboles et m\u00e9moire.<\/li><br \/>\n<\/ul><br \/>\n<p>&nbsp;<\/div><\/div>[\/vc_column][\/vc_row][vc_row][vc_column]<div class=\"vc-incubalia-3-images\"><div class=\"vc-incubalia-3-images__image\"><img decoding=\"async\" src=\"\" alt=\"\"><\/div><div class=\"vc-incubalia-3-images__image\"><a href=\" https:\/\/joc-misteri-sant-ruf-tortosa.identifytravel.app?utm_campaign=web&utm_source=web&utm_medium=web\"><img decoding=\"async\" src=\"https:\/\/www.tortosaturisme.cat\/wp-content\/uploads\/2026\/03\/Frances.jpg\" alt=\"\"><\/a><a href=\" https:\/\/joc-misteri-sant-ruf-tortosa.identifytravel.app?utm_campaign=web&utm_source=web&utm_medium=web\"><p class=\"vc-incubalia-3-images__image-title\">L\u2019aventure commence !<\/p><\/a><p class=\"vc-incubalia-3-images__image-subtitle\">Cliquez sur l\u2019image pour acc\u00e9der au jeu<\/p><\/div><div class=\"vc-incubalia-3-images__image\"><img decoding=\"async\" src=\"\" alt=\"\"><\/div><\/div>[\/vc_column][\/vc_row][vc_row][vc_column]<div class=\"vc-incubalia-4-icons\"><h2 class=\"vc-incubalia-4-icons__title\"><\/h2><div class=\"vc-incubalia-4-icons__icon\"><a class=\"vc-incubalia-4-icons__icon-url\" href=\"http:\/\/www2.tortosa.cat\/\"><img decoding=\"async\" class=\"vc-incubalia-4-icons__icon-image\" src=\"https:\/\/www.tortosaturisme.cat\/wp-content\/uploads\/2020\/03\/ajuntament-500x500-400x400.jpg\"><\/a><\/div><div class=\"vc-incubalia-4-icons__icon\"><a class=\"vc-incubalia-4-icons__icon-url\" href=\"http:\/\/www.tortosaturisme.cat\"><img decoding=\"async\" class=\"vc-incubalia-4-icons__icon-image\" src=\"https:\/\/www.tortosaturisme.cat\/wp-content\/uploads\/2018\/03\/logo-turisme-400-400x355.jpg\"><\/a><\/div><div class=\"vc-incubalia-4-icons__icon\"><a class=\"vc-incubalia-4-icons__icon-url\" href=\"\"><img decoding=\"async\" class=\"vc-incubalia-4-icons__icon-image\" src=\"\"><\/a><\/div><div class=\"vc-incubalia-4-icons__icon\"><a class=\"vc-incubalia-4-icons__icon-url\" href=\"\"><img decoding=\"async\" class=\"vc-incubalia-4-icons__icon-image\" src=\"\"><\/a><\/div><\/div><div class=\"vc-incubalia-image-3x2-centered\"><img decoding=\"async\" class=\"vc-incubalia-image-3x2-centered__mobile-picture\" src=\"\" alt=\"\"><img decoding=\"async\" class=\"vc-incubalia-image-3x2-centered__desktop-picture\" src=\"https:\/\/www.tortosaturisme.cat\/wp-content\/uploads\/2024\/11\/01-Logo-web.jpg\" alt=\"\"><\/div>[\/vc_column][\/vc_row]<\/p>\n","protected":false},"excerpt":{"rendered":"<p>[vc_row][vc_column][\/vc_column][\/vc_row][vc_row][vc_column][\/vc_column][\/vc_row][vc_row][vc_column][\/vc_column][\/vc_row][vc_row][vc_column][\/vc_column][\/vc_row]<\/p>\n","protected":false},"author":2,"featured_media":0,"parent":0,"menu_order":0,"comment_status":"closed","ping_status":"closed","template":"","meta":{"footnotes":""},"class_list":["post-40550","page","type-page","status-publish","hentry"],"acf":[],"yoast_head":"<!-- This site is optimized with the Yoast SEO plugin v27.5 - https:\/\/yoast.com\/product\/yoast-seo-wordpress\/ -->\n<title>Jeu \u00c0 la recherche de la tombe de Saint Ruf - tortosaturisme<\/title>\n<meta name=\"description\" content=\"Aventure dans le centre historique de Tortosa : r\u00e9solvez des \u00e9nigmes pour trouver la tombe de Saint Ruf et d\u00e9couvrir ses l\u00e9gendes.\" \/>\n<meta name=\"robots\" content=\"index, follow, max-snippet:-1, max-image-preview:large, max-video-preview:-1\" \/>\n<link rel=\"canonical\" href=\"https:\/\/www.tortosaturisme.cat\/fr\/jeu-a-la-recherche-de-la-tombe-de-saint-ruf\/\" \/>\n<meta property=\"og:locale\" content=\"fr_FR\" \/>\n<meta property=\"og:type\" content=\"article\" \/>\n<meta property=\"og:title\" content=\"Jeu \u00c0 la recherche de la tombe de Saint Ruf - tortosaturisme\" \/>\n<meta property=\"og:description\" content=\"Aventure dans le centre historique de Tortosa : r\u00e9solvez des \u00e9nigmes pour trouver la tombe de Saint Ruf et d\u00e9couvrir ses l\u00e9gendes.\" \/>\n<meta property=\"og:url\" content=\"https:\/\/www.tortosaturisme.cat\/fr\/jeu-a-la-recherche-de-la-tombe-de-saint-ruf\/\" \/>\n<meta property=\"og:site_name\" content=\"tortosaturisme\" \/>\n<meta property=\"article:modified_time\" content=\"2026-03-16T10:45:59+00:00\" \/>\n<meta name=\"twitter:card\" content=\"summary_large_image\" \/>\n<meta name=\"twitter:label1\" content=\"Dur\u00e9e de lecture estim\u00e9e\" \/>\n\t<meta name=\"twitter:data1\" content=\"2 minutes\" \/>\n<script type=\"application\/ld+json\" class=\"yoast-schema-graph\">{\"@context\":\"https:\\\/\\\/schema.org\",\"@graph\":[{\"@type\":\"WebPage\",\"@id\":\"https:\\\/\\\/www.tortosaturisme.cat\\\/fr\\\/jeu-a-la-recherche-de-la-tombe-de-saint-ruf\\\/\",\"url\":\"https:\\\/\\\/www.tortosaturisme.cat\\\/fr\\\/jeu-a-la-recherche-de-la-tombe-de-saint-ruf\\\/\",\"name\":\"Jeu \u00c0 la recherche de la tombe de Saint Ruf - tortosaturisme\",\"isPartOf\":{\"@id\":\"https:\\\/\\\/www.tortosaturisme.cat\\\/fr\\\/#website\"},\"datePublished\":\"2026-03-06T10:54:54+00:00\",\"dateModified\":\"2026-03-16T10:45:59+00:00\",\"description\":\"Aventure dans le centre historique de Tortosa : r\u00e9solvez des \u00e9nigmes pour trouver la tombe de Saint Ruf et d\u00e9couvrir ses l\u00e9gendes.\",\"breadcrumb\":{\"@id\":\"https:\\\/\\\/www.tortosaturisme.cat\\\/fr\\\/jeu-a-la-recherche-de-la-tombe-de-saint-ruf\\\/#breadcrumb\"},\"inLanguage\":\"fr-FR\",\"potentialAction\":[{\"@type\":\"ReadAction\",\"target\":[\"https:\\\/\\\/www.tortosaturisme.cat\\\/fr\\\/jeu-a-la-recherche-de-la-tombe-de-saint-ruf\\\/\"]}]},{\"@type\":\"BreadcrumbList\",\"@id\":\"https:\\\/\\\/www.tortosaturisme.cat\\\/fr\\\/jeu-a-la-recherche-de-la-tombe-de-saint-ruf\\\/#breadcrumb\",\"itemListElement\":[{\"@type\":\"ListItem\",\"position\":1,\"name\":\"Home\",\"item\":\"https:\\\/\\\/www.tortosaturisme.cat\\\/fr\\\/home-page\\\/\"},{\"@type\":\"ListItem\",\"position\":2,\"name\":\"Jeu \u00c0 la recherche de la tombe de Saint Ruf\"}]},{\"@type\":\"WebSite\",\"@id\":\"https:\\\/\\\/www.tortosaturisme.cat\\\/fr\\\/#website\",\"url\":\"https:\\\/\\\/www.tortosaturisme.cat\\\/fr\\\/\",\"name\":\"tortosaturisme\",\"description\":\"Otro sitio realizado con WordPress\",\"potentialAction\":[{\"@type\":\"SearchAction\",\"target\":{\"@type\":\"EntryPoint\",\"urlTemplate\":\"https:\\\/\\\/www.tortosaturisme.cat\\\/fr\\\/?s={search_term_string}\"},\"query-input\":{\"@type\":\"PropertyValueSpecification\",\"valueRequired\":true,\"valueName\":\"search_term_string\"}}],\"inLanguage\":\"fr-FR\"}]}<\/script>\n<!-- \/ Yoast SEO plugin. -->","yoast_head_json":{"title":"Jeu \u00c0 la recherche de la tombe de Saint Ruf - tortosaturisme","description":"Aventure dans le centre historique de Tortosa : r\u00e9solvez des \u00e9nigmes pour trouver la tombe de Saint Ruf et d\u00e9couvrir ses l\u00e9gendes.","robots":{"index":"index","follow":"follow","max-snippet":"max-snippet:-1","max-image-preview":"max-image-preview:large","max-video-preview":"max-video-preview:-1"},"canonical":"https:\/\/www.tortosaturisme.cat\/fr\/jeu-a-la-recherche-de-la-tombe-de-saint-ruf\/","og_locale":"fr_FR","og_type":"article","og_title":"Jeu \u00c0 la recherche de la tombe de Saint Ruf - tortosaturisme","og_description":"Aventure dans le centre historique de Tortosa : r\u00e9solvez des \u00e9nigmes pour trouver la tombe de Saint Ruf et d\u00e9couvrir ses l\u00e9gendes.","og_url":"https:\/\/www.tortosaturisme.cat\/fr\/jeu-a-la-recherche-de-la-tombe-de-saint-ruf\/","og_site_name":"tortosaturisme","article_modified_time":"2026-03-16T10:45:59+00:00","twitter_card":"summary_large_image","twitter_misc":{"Dur\u00e9e de lecture estim\u00e9e":"2 minutes"},"schema":{"@context":"https:\/\/schema.org","@graph":[{"@type":"WebPage","@id":"https:\/\/www.tortosaturisme.cat\/fr\/jeu-a-la-recherche-de-la-tombe-de-saint-ruf\/","url":"https:\/\/www.tortosaturisme.cat\/fr\/jeu-a-la-recherche-de-la-tombe-de-saint-ruf\/","name":"Jeu \u00c0 la recherche de la tombe de Saint Ruf - tortosaturisme","isPartOf":{"@id":"https:\/\/www.tortosaturisme.cat\/fr\/#website"},"datePublished":"2026-03-06T10:54:54+00:00","dateModified":"2026-03-16T10:45:59+00:00","description":"Aventure dans le centre historique de Tortosa : r\u00e9solvez des \u00e9nigmes pour trouver la tombe de Saint Ruf et d\u00e9couvrir ses l\u00e9gendes.","breadcrumb":{"@id":"https:\/\/www.tortosaturisme.cat\/fr\/jeu-a-la-recherche-de-la-tombe-de-saint-ruf\/#breadcrumb"},"inLanguage":"fr-FR","potentialAction":[{"@type":"ReadAction","target":["https:\/\/www.tortosaturisme.cat\/fr\/jeu-a-la-recherche-de-la-tombe-de-saint-ruf\/"]}]},{"@type":"BreadcrumbList","@id":"https:\/\/www.tortosaturisme.cat\/fr\/jeu-a-la-recherche-de-la-tombe-de-saint-ruf\/#breadcrumb","itemListElement":[{"@type":"ListItem","position":1,"name":"Home","item":"https:\/\/www.tortosaturisme.cat\/fr\/home-page\/"},{"@type":"ListItem","position":2,"name":"Jeu \u00c0 la recherche de la tombe de Saint Ruf"}]},{"@type":"WebSite","@id":"https:\/\/www.tortosaturisme.cat\/fr\/#website","url":"https:\/\/www.tortosaturisme.cat\/fr\/","name":"tortosaturisme","description":"Otro sitio realizado con WordPress","potentialAction":[{"@type":"SearchAction","target":{"@type":"EntryPoint","urlTemplate":"https:\/\/www.tortosaturisme.cat\/fr\/?s={search_term_string}"},"query-input":{"@type":"PropertyValueSpecification","valueRequired":true,"valueName":"search_term_string"}}],"inLanguage":"fr-FR"}]}},"_links":{"self":[{"href":"https:\/\/www.tortosaturisme.cat\/fr\/wp-json\/wp\/v2\/pages\/40550","targetHints":{"allow":["GET"]}}],"collection":[{"href":"https:\/\/www.tortosaturisme.cat\/fr\/wp-json\/wp\/v2\/pages"}],"about":[{"href":"https:\/\/www.tortosaturisme.cat\/fr\/wp-json\/wp\/v2\/types\/page"}],"author":[{"embeddable":true,"href":"https:\/\/www.tortosaturisme.cat\/fr\/wp-json\/wp\/v2\/users\/2"}],"replies":[{"embeddable":true,"href":"https:\/\/www.tortosaturisme.cat\/fr\/wp-json\/wp\/v2\/comments?post=40550"}],"version-history":[{"count":4,"href":"https:\/\/www.tortosaturisme.cat\/fr\/wp-json\/wp\/v2\/pages\/40550\/revisions"}],"predecessor-version":[{"id":40735,"href":"https:\/\/www.tortosaturisme.cat\/fr\/wp-json\/wp\/v2\/pages\/40550\/revisions\/40735"}],"wp:attachment":[{"href":"https:\/\/www.tortosaturisme.cat\/fr\/wp-json\/wp\/v2\/media?parent=40550"}],"curies":[{"name":"wp","href":"https:\/\/api.w.org\/{rel}","templated":true}]}}