{"id":41686,"date":"2025-10-13T10:40:05","date_gmt":"2025-10-13T10:40:05","guid":{"rendered":"https:\/\/www.tortosaturisme.cat\/tortosa-cuina-de-memoria\/"},"modified":"2026-03-31T18:24:50","modified_gmt":"2026-03-31T16:24:50","slug":"tortosa-cuina-de-memoria","status":"publish","type":"page","link":"https:\/\/www.tortosaturisme.cat\/fr\/tortosa-cuina-de-memoria\/","title":{"rendered":"Tortosa, cuina de mem\u00f2ria"},"content":{"rendered":"<p>[vc_row][vc_column]<div class=\"vc-incubalia-big-header\"><img decoding=\"async\" class=\"vc-incubalia-big-header__mobile-picture brightness-100\" src=\"https:\/\/www.tortosaturisme.cat\/wp-content\/uploads\/2025\/09\/header-plat-cuina-memoria-2.jpg\">\n                  <img decoding=\"async\" class=\"vc-incubalia-big-header__desktop-picture brightness-100\" src=\"https:\/\/www.tortosaturisme.cat\/wp-content\/uploads\/2025\/09\/header-plat-cuina-memoria-1.jpg\"><\/div>[\/vc_column][\/vc_row][vc_row][vc_column]<div class=\"vc-incubalia-text-1-column-subtitle\"><h3 class=\"vc-incubalia-text-1-column-subtitle__subtitle\">Viens dans la ville o\u00f9 le temps a du go\u00fbt : celui du fleuve, du potager, de la montagne et de la mer. Une cuisine dont on se souvient, qui se vit et se transmet.<\/h3><div class=\"vc-incubalia-text-1-column-subtitle__text\"><\/div><\/div><div class=\"vc-incubalia-text-1-column-subtitle\"><h2 class=\"vc-incubalia-text-1-column-subtitle__title\">Une ville qui se d\u00e9guste<\/h2><h3 class=\"vc-incubalia-text-1-column-subtitle__subtitle\">O\u00f9 l\u2019histoire se cuisine \u00e0 feu doux<\/h3><div class=\"vc-incubalia-text-1-column-subtitle__text\">\u00c0 Tortosa, le temps s\u2019assoit \u00e0 table : des <strong>huiles d\u2019olive vierges extra<\/strong> aux <strong>artichauts<\/strong> tendres du potager, des <strong>agrumes<\/strong> parfum\u00e9s de B\u00edtem aux <strong>riz<\/strong> du Delta.<br data-start=\"154\" data-end=\"157\" \/>Nos plats naissent du territoire et des mains qui le travaillent, de <strong>la m\u00e9moire transmise de g\u00e9n\u00e9ration en g\u00e9n\u00e9ration<\/strong>, qui bat encore aujourd\u2019hui aux fourneaux des restaurants locaux.<\/div><\/div><div class=\"vc-incubalia-video-full-width\"><img decoding=\"async\" class=\"vc-incubalia-video-full-width__image-mobile\" src=\"https:\/\/www.tortosaturisme.cat\/wp-content\/uploads\/2025\/10\/768x350-cuina-de-memoria-landing-2.jpg\"><img decoding=\"async\" class=\"vc-incubalia-video-full-width__image-desktop\" src=\"https:\/\/www.tortosaturisme.cat\/wp-content\/uploads\/2025\/10\/1920x550-cuina-de-memoria-landing-1.jpg\"><div id=\"fe75ed2f96\" class=\"vc-incubalia-video-full-width__play-button\"><img decoding=\"async\" class=\"play-button\" src=\"https:\/\/www.tortosaturisme.cat\/wp-content\/plugins\/vc-incubalia-elements\/elements\/..\/assets\/img\/video-play.png\"><\/div><div class=\"vc-incubalia-video-full-width__youtube-iframe\"><iframe loading=\"lazy\" width=\"560\" height=\"315\" src=\"https:\/\/www.youtube.com\/embed\/LwlbcwHJvq4\" frameborder=\"0\" allowfullscreen><\/iframe><\/div><\/div><script>(function($) {\n                $(function() {\n                    $('#fe75ed2f96').on('click', function() {\n                        $(this).parent().parent().find('.vc-incubalia-video-full-width').addClass('play');\n                        \/\/$(this).parent().parent().find('.vc-incubalia-video-full-width__youtube-iframe iframe').attr('src', $('.vc-incubalia-video-full-width__youtube-iframe iframe').attr('src') + '?autoplay=1');\n                    });\n                });\n\n                $(window).load(function() {\n                    height = $('.vc-incubalia-video-full-width').height();\n                    setYoutubeIframeDimensions();\n                });\n\n                $(window).resize(function() {\n                    setYoutubeIframeDimensions();\n                });\n\n                function setYoutubeIframeDimensions()\n                {\n                    if ($('.vc-incubalia-video-full-width').height() > 0) {\n                        height = $('.vc-incubalia-video-full-width').height();\n                    }\n                    $('.vc-incubalia-video-full-width__youtube-iframe iframe').attr('height', height);\n                    let width = height * 16 \/ 9;\n                    $('.vc-incubalia-video-full-width__youtube-iframe iframe').attr('width', width);\n                }\n            })(jQuery)<\/script>[\/vc_column][\/vc_row][vc_row][vc_column]<div class=\"vc-incubalia-text-1-column-subtitle\"><h2 class=\"vc-incubalia-text-1-column-subtitle__title\">Le go\u00fbt de notre paysage<\/h2><h3 class=\"vc-incubalia-text-1-column-subtitle__subtitle\">Tortosa est une ville qui se cuisine depuis son territoire<\/h3><div class=\"vc-incubalia-text-1-column-subtitle__text\"><strong>L\u2019\u00c8bre<\/strong> donne vie. Du nord au sud, il traverse les terres auxquelles il donne son nom, nourrissant les potagers, les rizi\u00e8res et les champs qui nous entourent.<br data-start=\"158\" data-end=\"161\" \/>Au pied des <strong>Ports<\/strong> s\u2019\u00e9tendent des oliviers centenaires, des amandiers et des vignobles ; plus bas, le paysage devient plus doux avec les cl\u00e9mentiniers et les orangers qui embaument l\u2019air de leur parfum. Et, \u00e0 l\u2019embouchure du fleuve, le <strong>Delta<\/strong> nous offre son tr\u00e9sor le plus pr\u00e9cieux : le riz, symbole de vie, d\u2019\u00e9quilibre et d\u2019identit\u00e9.<\/p><br \/>\n<p>De la <strong>mer<\/strong> arrivent gal\u00e8res, langoustines et poissons bleus ; du fleuve, les anguilles et les herbes de rive ; de la terre, les l\u00e9gumes tendres et les fruits qui changent au fil des saisons.<br data-start=\"688\" data-end=\"691\" \/>Chaque ingr\u00e9dient est le reflet de cette mosa\u00efque naturelle qui fait de <strong>Tortosa un garde-manger vivant et singulier<\/strong>.<br data-start=\"807\" data-end=\"810\" data-is-only-node=\"\" \/>Aux fourneaux, tout cela se transforme en <strong>cuisine de m\u00e9moire<\/strong> : des plats qui racontent qui nous sommes et d\u2019o\u00f9 nous venons.<br data-start=\"933\" data-end=\"936\" \/>L\u2019<em data-start=\"938\" data-end=\"954\">abadejo en suc<\/em>, le riz aux gal\u00e8res, l\u2019omelette aux \u00e9pinards et aux bourraches, le <em data-start=\"1022\" data-end=\"1036\">menjar blanc<\/em> ou les petits g\u00e2teaux aux cheveux d\u2019ange sont bien plus que des recettes \u2014 ce sont des fragments d\u2019une histoire collective qui continue de s\u2019\u00e9crire chaque jour.<\/p><br \/>\n<p>Tortosa est <strong>paysage et cuisine, fleuve et table, tradition et \u00e9motion<\/strong>.<br data-start=\"1271\" data-end=\"1274\" \/>Ici, chaque bouch\u00e9e est m\u00e9moire et chaque plat, une mani\u00e8re de se souvenir.<\/p><br \/>\n<div class=\"z-0 flex min-h-[46px] justify-start\"><\/div><br \/>\n<p><\/div><\/div>[\/vc_column][\/vc_row][vc_row][vc_column]<div class=\"vc-incubalia-text-image-full\"><div class=\"vc-incubalia-text-image-full__image-container\"><img decoding=\"async\" class=\"vc-incubalia-text-image-full__image-mobile\" alt=\"\" src=\"https:\/\/www.tortosaturisme.cat\/wp-content\/uploads\/2025\/10\/768x350-cuina-de-memoria-landing-1.jpg\"><img decoding=\"async\" class=\"vc-incubalia-text-image-full__image-desktop\" alt=\"\" src=\"https:\/\/www.tortosaturisme.cat\/wp-content\/uploads\/2025\/10\/1920x550-cuina-de-memoria-landing-2.jpg\"><h2 class=\"vc-incubalia-text-image-full__title\">Le nouvel abadejo \u00e0 la tortosine<\/h2><i class=\"arrow-down\"><\/i><\/div><div class=\"vc-incubalia-text-image-full__text-container\"><h2 class=\"vc-incubalia-text-image-full__subtitle\">Une cr\u00e9ation de m\u00e9moire et de territoire<\/h2><div class=\"vc-incubalia-text-image-full__text\"><\/p><br \/>\n<p data-start=\"0\" data-end=\"350\">Longe de <strong>cabillaud<\/strong> sur ajoblanco de <strong>gal\u00e8re<\/strong>, avec crumble d\u2019<strong>olives noires<\/strong>, <strong>tomate<\/strong> confite, zeste d\u2019<strong>agrumes et herbes<\/strong> des Ports.<br data-start=\"126\" data-end=\"129\" \/>Un plat qui unit la mer et la montagne, le souvenir et l\u2019innovation.<br data-start=\"197\" data-end=\"200\" \/>Cr\u00e9\u00e9 par quatre chefs locaux et l\u2019\u00c9cole d\u2019H\u00f4tellerie de Tortosa, ce plat est l\u2019essence d\u2019une ville qui sait r\u00e9inventer son patrimoine gastronomique.<\/p><br \/>\n<p data-start=\"352\" data-end=\"441\" data-is-last-node=\"\" data-is-only-node=\"\">C\u2019est <strong>le go\u00fbt de la Tortosa contemporaine<\/strong> : authentique, audacieuse et fid\u00e8le \u00e0 sa terre.<\/p><br \/>\n<p><\/div><\/div><\/div>[\/vc_column][\/vc_row][vc_row][vc_column]<div class=\"vc-incubalia-image-huge\"><img decoding=\"async\" class=\"vc-incubalia-image-huge__mobile-picture brightness-100\" src=\"https:\/\/www.tortosaturisme.cat\/wp-content\/uploads\/2025\/10\/768x550-cuina-de-memoria.jpg\" alt=\"\"><img decoding=\"async\" class=\"vc-incubalia-image-huge__desktop-picture brightness-100\" src=\"https:\/\/www.tortosaturisme.cat\/wp-content\/uploads\/2025\/10\/1920x1050-cuina-de-memoria.jpg\" alt=\"\"><\/div><div class=\"vc-incubalia-text-image-full\"><div class=\"vc-incubalia-text-image-full__image-container\"><img decoding=\"async\" class=\"vc-incubalia-text-image-full__image-mobile\" alt=\"\" src=\"\"><img decoding=\"async\" class=\"vc-incubalia-text-image-full__image-desktop\" alt=\"\" src=\"\"><i class=\"arrow-down\"><\/i><\/div><div class=\"vc-incubalia-text-image-full__text-container\"><h2 class=\"vc-incubalia-text-image-full__subtitle\">Une tradition qui inspire, des saveurs qui rassemblent<\/h2><div class=\"vc-incubalia-text-image-full__text\"><\/p><br \/>\n<p data-start=\"0\" data-end=\"388\">La meilleure fa\u00e7on de d\u00e9couvrir Tortosa est de s\u2019asseoir \u00e0 table.<br data-start=\"65\" data-end=\"68\" \/>Dans les restaurants locaux, des recettes de toujours vous attendent, revisit\u00e9es avec une sensibilit\u00e9 contemporaine : la <strong><em data-start=\"189\" data-end=\"198\">baldana<\/em> <\/strong>aux oignons et \u00e0 la tomate, la <strong>seiche <em data-start=\"237\" data-end=\"246\">solsida<\/em><\/strong>, la s<strong>oupe de la reine<\/strong>, les <strong><em data-start=\"274\" data-end=\"295\">garrofetes del Papa<\/em><\/strong>\u2026<br data-start=\"296\" data-end=\"299\" \/>Chaque bouch\u00e9e est un hommage \u00e0 celles et ceux qui maintiennent vivante notre identit\u00e9.<\/p><br \/>\n<p data-start=\"390\" data-end=\"555\" data-is-last-node=\"\" data-is-only-node=\"\">\ud83d\udcc5 Participez aux journ\u00e9es gastronomiques, explorez le r\u00e9pertoire culinaire local et laissez-vous s\u00e9duire par le go\u00fbt authentique d\u2019une ville qui cuisine sa m\u00e9moire.<\/p><br \/>\n<p><\/div><\/div><\/div>[\/vc_column][\/vc_row][vc_row][vc_column]<div class=\"vc-incubalia-5-cards\"><h2 class=\"vc-incubalia-5-cards__title\">D\u00e9couvrez la Tortosa gastronomique<\/h2><div class=\"vc-incubalia-5-cards__card card-1 has-url\"><a href=\"\/fr\/restaurants-a-tortosa\/\"><img decoding=\"async\" class=\"vc-incubalia-5-cards__card-mobile-picture\" src=\"https:\/\/www.tortosaturisme.cat\/wp-content\/uploads\/2018\/02\/b-1280-cultiva-2-640x460.jpg\">\n                      <img decoding=\"async\" class=\"vc-incubalia-5-cards__card-desktop-picture\" src=\"https:\/\/www.tortosaturisme.cat\/wp-content\/uploads\/2018\/02\/b-1280-cultiva-2.jpg\"><\/a><div class=\"vc-incubalia-5-cards__card-text-container\"><p class=\"vc-incubalia-5-cards__card-title\">Restaurants<\/p><p class=\"vc-incubalia-5-cards__card-subtitle\">La cuisine de Tortosa \u00e0 votre table<\/p><\/div><div class=\"vc-incubalia-5-cards__card-url-container\"><span class=\"vc-incubalia-5-cards__card-url\">Lire la suite<\/span><\/div><\/div><div class=\"vc-incubalia-5-cards__card card-2 has-url\"><a href=\"\/receptes-tortosines-pas-a-pas\/\"><img decoding=\"async\" class=\"vc-incubalia-5-cards__card-mobile-picture\" src=\"https:\/\/www.tortosaturisme.cat\/wp-content\/uploads\/2025\/11\/Fideus-en-costella-640x460.jpg\">\n                      <img decoding=\"async\" class=\"vc-incubalia-5-cards__card-desktop-picture\" src=\"https:\/\/www.tortosaturisme.cat\/wp-content\/uploads\/2025\/11\/Fideus-en-costella-640x460.jpg\"><\/a><div class=\"vc-incubalia-5-cards__card-text-container\"><p class=\"vc-incubalia-5-cards__card-title\">Recettes tortosines<\/p><p class=\"vc-incubalia-5-cards__card-subtitle\">Les saveurs de la cuisine de m\u00e9moire<\/p><\/div><div class=\"vc-incubalia-5-cards__card-url-container\"><span class=\"vc-incubalia-5-cards__card-url\">Lire la suite<\/span><\/div><\/div><div class=\"vc-incubalia-5-cards__card-3-and-4-container\"><div class=\"vc-incubalia-5-cards__card card-3 has-url\"><a href=\"\/nou-plat-tortosi\/\"><img decoding=\"async\" class=\"vc-incubalia-5-cards__card-mobile-picture\" src=\"https:\/\/www.tortosaturisme.cat\/wp-content\/uploads\/2025\/11\/Plat-tortosi-640x460.jpg\">\n                      <img decoding=\"async\" class=\"vc-incubalia-5-cards__card-desktop-picture\" src=\"https:\/\/www.tortosaturisme.cat\/wp-content\/uploads\/2025\/11\/Plat-tortosi-640x460.jpg\"><\/a><div class=\"vc-incubalia-5-cards__card-text-container\"><p class=\"vc-incubalia-5-cards__card-title\">Un plat qui repr\u00e9sente la cuisine de Tortosa<\/p><p class=\"vc-incubalia-5-cards__card-subtitle\">Une synth\u00e8se de notre identit\u00e9 et de notre tradition culinaire<\/p><\/div><div class=\"vc-incubalia-5-cards__card-url-container\"><span class=\"vc-incubalia-5-cards__card-url\">Lire la suite<\/span><\/div><\/div><div class=\"vc-incubalia-5-cards__card card-4 has-url\"><a href=\"\/fr\/llibre-blanc-del-turisme-gastronomic\/\"><img decoding=\"async\" class=\"vc-incubalia-5-cards__card-mobile-picture\" src=\"https:\/\/www.tortosaturisme.cat\/wp-content\/uploads\/2025\/11\/llibre-blanc-640x460.jpg\">\n                      <img decoding=\"async\" class=\"vc-incubalia-5-cards__card-desktop-picture\" src=\"https:\/\/www.tortosaturisme.cat\/wp-content\/uploads\/2025\/11\/llibre-blanc-640x460.jpg\"><\/a><div class=\"vc-incubalia-5-cards__card-text-container\"><p class=\"vc-incubalia-5-cards__card-title\">Le livre blanc du tourisme gastronomique \u00e0 Tortosa<\/p><p class=\"vc-incubalia-5-cards__card-subtitle\">D\u00e9couvrez les racines, le pr\u00e9sent et l\u2019avenir de la cuisine de notre ville<\/p><\/div><div class=\"vc-incubalia-5-cards__card-url-container\"><span class=\"vc-incubalia-5-cards__card-url\">Lire la suite<\/span><\/div><\/div><\/div><div class=\"vc-incubalia-5-cards__card card-5 has-url\"><a href=\"\/fr\/le-marche\/\"><img decoding=\"async\" class=\"vc-incubalia-5-cards__card-mobile-picture\" src=\"https:\/\/www.tortosaturisme.cat\/wp-content\/uploads\/2025\/11\/Mercat-640x460.jpg\">\n                      <img decoding=\"async\" class=\"vc-incubalia-5-cards__card-desktop-picture\" src=\"https:\/\/www.tortosaturisme.cat\/wp-content\/uploads\/2025\/11\/Mercat-640x449.jpg\"><\/a><div class=\"vc-incubalia-5-cards__card-text-container\"><p class=\"vc-incubalia-5-cards__card-title\">Le march\u00e9 municipal<\/p><p class=\"vc-incubalia-5-cards__card-subtitle\">Le v\u00e9ritable temple de la gastronomie de Tortosa<\/p><\/div><div class=\"vc-incubalia-5-cards__card-url-container\"><span class=\"vc-incubalia-5-cards__card-url\">Lire la suite<\/span><\/div><\/div><\/div>[\/vc_column][\/vc_row][vc_row][vc_column]<div class=\"vc-incubalia-4-icons\"><h2 class=\"vc-incubalia-4-icons__title\"><\/h2><div class=\"vc-incubalia-4-icons__icon\"><a class=\"vc-incubalia-4-icons__icon-url\" href=\"http:\/\/www2.tortosa.cat\/\"><img decoding=\"async\" class=\"vc-incubalia-4-icons__icon-image\" src=\"https:\/\/www.tortosaturisme.cat\/wp-content\/uploads\/2020\/03\/ajuntament-500x500-400x400.jpg\"><\/a><\/div><div class=\"vc-incubalia-4-icons__icon\"><a class=\"vc-incubalia-4-icons__icon-url\" href=\"http:\/\/www.tortosaturisme.cat\"><img decoding=\"async\" class=\"vc-incubalia-4-icons__icon-image\" src=\"https:\/\/www.tortosaturisme.cat\/wp-content\/uploads\/2018\/03\/logo-turisme-400-400x355.jpg\"><\/a><\/div><div class=\"vc-incubalia-4-icons__icon\"><a class=\"vc-incubalia-4-icons__icon-url\" href=\"\"><img decoding=\"async\" class=\"vc-incubalia-4-icons__icon-image\" src=\"\"><\/a><\/div><div class=\"vc-incubalia-4-icons__icon\"><a class=\"vc-incubalia-4-icons__icon-url\" href=\"\"><img decoding=\"async\" class=\"vc-incubalia-4-icons__icon-image\" src=\"\"><\/a><\/div><\/div><div class=\"vc-incubalia-image-3x2-centered\"><img decoding=\"async\" class=\"vc-incubalia-image-3x2-centered__mobile-picture\" src=\"\" alt=\"\"><img decoding=\"async\" class=\"vc-incubalia-image-3x2-centered__desktop-picture\" src=\"https:\/\/www.tortosaturisme.cat\/wp-content\/uploads\/2024\/11\/01-Logo-web.jpg\" alt=\"\"><\/div>[\/vc_column][\/vc_row]<\/p>\n","protected":false},"excerpt":{"rendered":"<p>[vc_row][vc_column][\/vc_column][\/vc_row][vc_row][vc_column][\/vc_column][\/vc_row][vc_row][vc_column][\/vc_column][\/vc_row][vc_row][vc_column][\/vc_column][\/vc_row][vc_row][vc_column][\/vc_column][\/vc_row][vc_row][vc_column][\/vc_column][\/vc_row][vc_row][vc_column][\/vc_column][\/vc_row]<\/p>\n","protected":false},"author":2,"featured_media":0,"parent":0,"menu_order":0,"comment_status":"closed","ping_status":"closed","template":"","meta":{"footnotes":""},"class_list":["post-41686","page","type-page","status-publish","hentry"],"acf":[],"yoast_head":"<!-- This site is optimized with the Yoast SEO plugin v27.3 - https:\/\/yoast.com\/product\/yoast-seo-wordpress\/ -->\n<title>Tortosa, cuina de mem\u00f2ria - tortosaturisme<\/title>\n<meta name=\"robots\" content=\"index, follow, max-snippet:-1, max-image-preview:large, max-video-preview:-1\" \/>\n<link rel=\"canonical\" href=\"https:\/\/www.tortosaturisme.cat\/fr\/tortosa-cuina-de-memoria\/\" \/>\n<meta property=\"og:locale\" content=\"fr_FR\" \/>\n<meta property=\"og:type\" content=\"article\" \/>\n<meta property=\"og:title\" content=\"Tortosa, cuina de mem\u00f2ria - tortosaturisme\" \/>\n<meta property=\"og:description\" content=\"[vc_row][vc_column][\/vc_column][\/vc_row][vc_row][vc_column][\/vc_column][\/vc_row][vc_row][vc_column][\/vc_column][\/vc_row][vc_row][vc_column][\/vc_column][\/vc_row][vc_row][vc_column][\/vc_column][\/vc_row][vc_row][vc_column][\/vc_column][\/vc_row][vc_row][vc_column][\/vc_column][\/vc_row]\" \/>\n<meta property=\"og:url\" content=\"https:\/\/www.tortosaturisme.cat\/fr\/tortosa-cuina-de-memoria\/\" \/>\n<meta property=\"og:site_name\" content=\"tortosaturisme\" \/>\n<meta property=\"article:modified_time\" content=\"2026-03-31T16:24:50+00:00\" \/>\n<meta name=\"twitter:card\" content=\"summary_large_image\" \/>\n<script type=\"application\/ld+json\" class=\"yoast-schema-graph\">{\"@context\":\"https:\\\/\\\/schema.org\",\"@graph\":[{\"@type\":\"WebPage\",\"@id\":\"https:\\\/\\\/www.tortosaturisme.cat\\\/fr\\\/tortosa-cuina-de-memoria\\\/\",\"url\":\"https:\\\/\\\/www.tortosaturisme.cat\\\/fr\\\/tortosa-cuina-de-memoria\\\/\",\"name\":\"Tortosa, cuina de mem\u00f2ria - tortosaturisme\",\"isPartOf\":{\"@id\":\"https:\\\/\\\/www.tortosaturisme.cat\\\/fr\\\/#website\"},\"datePublished\":\"2025-10-13T10:40:05+00:00\",\"dateModified\":\"2026-03-31T16:24:50+00:00\",\"breadcrumb\":{\"@id\":\"https:\\\/\\\/www.tortosaturisme.cat\\\/fr\\\/tortosa-cuina-de-memoria\\\/#breadcrumb\"},\"inLanguage\":\"fr-FR\",\"potentialAction\":[{\"@type\":\"ReadAction\",\"target\":[\"https:\\\/\\\/www.tortosaturisme.cat\\\/fr\\\/tortosa-cuina-de-memoria\\\/\"]}]},{\"@type\":\"BreadcrumbList\",\"@id\":\"https:\\\/\\\/www.tortosaturisme.cat\\\/fr\\\/tortosa-cuina-de-memoria\\\/#breadcrumb\",\"itemListElement\":[{\"@type\":\"ListItem\",\"position\":1,\"name\":\"Home\",\"item\":\"https:\\\/\\\/www.tortosaturisme.cat\\\/fr\\\/home-page\\\/\"},{\"@type\":\"ListItem\",\"position\":2,\"name\":\"Tortosa, cuina de mem\u00f2ria\"}]},{\"@type\":\"WebSite\",\"@id\":\"https:\\\/\\\/www.tortosaturisme.cat\\\/fr\\\/#website\",\"url\":\"https:\\\/\\\/www.tortosaturisme.cat\\\/fr\\\/\",\"name\":\"tortosaturisme\",\"description\":\"Otro sitio realizado con WordPress\",\"potentialAction\":[{\"@type\":\"SearchAction\",\"target\":{\"@type\":\"EntryPoint\",\"urlTemplate\":\"https:\\\/\\\/www.tortosaturisme.cat\\\/fr\\\/?s={search_term_string}\"},\"query-input\":{\"@type\":\"PropertyValueSpecification\",\"valueRequired\":true,\"valueName\":\"search_term_string\"}}],\"inLanguage\":\"fr-FR\"}]}<\/script>\n<!-- \/ Yoast SEO plugin. -->","yoast_head_json":{"title":"Tortosa, cuina de mem\u00f2ria - tortosaturisme","robots":{"index":"index","follow":"follow","max-snippet":"max-snippet:-1","max-image-preview":"max-image-preview:large","max-video-preview":"max-video-preview:-1"},"canonical":"https:\/\/www.tortosaturisme.cat\/fr\/tortosa-cuina-de-memoria\/","og_locale":"fr_FR","og_type":"article","og_title":"Tortosa, cuina de mem\u00f2ria - tortosaturisme","og_description":"[vc_row][vc_column][\/vc_column][\/vc_row][vc_row][vc_column][\/vc_column][\/vc_row][vc_row][vc_column][\/vc_column][\/vc_row][vc_row][vc_column][\/vc_column][\/vc_row][vc_row][vc_column][\/vc_column][\/vc_row][vc_row][vc_column][\/vc_column][\/vc_row][vc_row][vc_column][\/vc_column][\/vc_row]","og_url":"https:\/\/www.tortosaturisme.cat\/fr\/tortosa-cuina-de-memoria\/","og_site_name":"tortosaturisme","article_modified_time":"2026-03-31T16:24:50+00:00","twitter_card":"summary_large_image","schema":{"@context":"https:\/\/schema.org","@graph":[{"@type":"WebPage","@id":"https:\/\/www.tortosaturisme.cat\/fr\/tortosa-cuina-de-memoria\/","url":"https:\/\/www.tortosaturisme.cat\/fr\/tortosa-cuina-de-memoria\/","name":"Tortosa, cuina de mem\u00f2ria - tortosaturisme","isPartOf":{"@id":"https:\/\/www.tortosaturisme.cat\/fr\/#website"},"datePublished":"2025-10-13T10:40:05+00:00","dateModified":"2026-03-31T16:24:50+00:00","breadcrumb":{"@id":"https:\/\/www.tortosaturisme.cat\/fr\/tortosa-cuina-de-memoria\/#breadcrumb"},"inLanguage":"fr-FR","potentialAction":[{"@type":"ReadAction","target":["https:\/\/www.tortosaturisme.cat\/fr\/tortosa-cuina-de-memoria\/"]}]},{"@type":"BreadcrumbList","@id":"https:\/\/www.tortosaturisme.cat\/fr\/tortosa-cuina-de-memoria\/#breadcrumb","itemListElement":[{"@type":"ListItem","position":1,"name":"Home","item":"https:\/\/www.tortosaturisme.cat\/fr\/home-page\/"},{"@type":"ListItem","position":2,"name":"Tortosa, cuina de mem\u00f2ria"}]},{"@type":"WebSite","@id":"https:\/\/www.tortosaturisme.cat\/fr\/#website","url":"https:\/\/www.tortosaturisme.cat\/fr\/","name":"tortosaturisme","description":"Otro sitio realizado con WordPress","potentialAction":[{"@type":"SearchAction","target":{"@type":"EntryPoint","urlTemplate":"https:\/\/www.tortosaturisme.cat\/fr\/?s={search_term_string}"},"query-input":{"@type":"PropertyValueSpecification","valueRequired":true,"valueName":"search_term_string"}}],"inLanguage":"fr-FR"}]}},"_links":{"self":[{"href":"https:\/\/www.tortosaturisme.cat\/fr\/wp-json\/wp\/v2\/pages\/41686","targetHints":{"allow":["GET"]}}],"collection":[{"href":"https:\/\/www.tortosaturisme.cat\/fr\/wp-json\/wp\/v2\/pages"}],"about":[{"href":"https:\/\/www.tortosaturisme.cat\/fr\/wp-json\/wp\/v2\/types\/page"}],"author":[{"embeddable":true,"href":"https:\/\/www.tortosaturisme.cat\/fr\/wp-json\/wp\/v2\/users\/2"}],"replies":[{"embeddable":true,"href":"https:\/\/www.tortosaturisme.cat\/fr\/wp-json\/wp\/v2\/comments?post=41686"}],"version-history":[{"count":6,"href":"https:\/\/www.tortosaturisme.cat\/fr\/wp-json\/wp\/v2\/pages\/41686\/revisions"}],"predecessor-version":[{"id":41706,"href":"https:\/\/www.tortosaturisme.cat\/fr\/wp-json\/wp\/v2\/pages\/41686\/revisions\/41706"}],"wp:attachment":[{"href":"https:\/\/www.tortosaturisme.cat\/fr\/wp-json\/wp\/v2\/media?parent=41686"}],"curies":[{"name":"wp","href":"https:\/\/api.w.org\/{rel}","templated":true}]}}