{"id":41708,"date":"2025-06-25T09:09:22","date_gmt":"2025-06-25T09:09:22","guid":{"rendered":"https:\/\/www.tortosaturisme.cat\/receptes-tortosines-pas-a-pas\/"},"modified":"2026-04-02T13:18:19","modified_gmt":"2026-04-02T11:18:19","slug":"receptes-tortosines-pas-a-pas","status":"publish","type":"page","link":"https:\/\/www.tortosaturisme.cat\/fr\/receptes-tortosines-pas-a-pas\/","title":{"rendered":"Receptes tortosines pas a pas"},"content":{"rendered":"<p>[vc_row][vc_column]<div class=\"vc-incubalia-big-header\"><h1 class=\"vc-incubalia-big-header__title\">Tortosa : recettes de la cuisine de m\u00e9moire<\/h1><img decoding=\"async\" class=\"vc-incubalia-big-header__mobile-picture\" src=\"https:\/\/www.tortosaturisme.cat\/wp-content\/uploads\/2025\/06\/768x450-receptes-superior.jpg\">\n                  <img decoding=\"async\" class=\"vc-incubalia-big-header__desktop-picture\" src=\"https:\/\/www.tortosaturisme.cat\/wp-content\/uploads\/2025\/06\/1920x700-receptes-superior.jpg\"><\/div>[\/vc_column][\/vc_row][vc_row][vc_column]<div class=\"vc-incubalia-text-1-column-subtitle\"><h2 class=\"vc-incubalia-text-1-column-subtitle__title\">La tradition qui se d\u00e9guste. L\u2019\u00e2me d\u2019un territoire qui mijote \u00e0 feu doux.<\/h2><h3 class=\"vc-incubalia-text-1-column-subtitle__subtitle\">La tradition qui se d\u00e9guste. L\u2019\u00e2me d\u2019un paysage qui mijote \u00e0 feu doux.<\/h3><div class=\"vc-incubalia-text-1-column-subtitle__text\"><\/p><br \/>\n<p data-start=\"1280\" data-end=\"1511\">\u00c0 Tortosa, chaque recette est une histoire. La gastronomie fait partie de notre patrimoine immat\u00e9riel : un h\u00e9ritage qui se transmet de m\u00e8res en filles, de grands-parents \u00e0 petits-enfants, \u00e0 travers des saveurs qui racontent le fleuve, le verger, la for\u00eat et la mer.<\/p><br \/>\n<p data-start=\"1513\" data-end=\"1791\">Voici notre <strong>cuisine de m\u00e9moire<\/strong>. Une cuisine humble, de saison, fond\u00e9e sur l\u2019art de tirer parti des ingr\u00e9dients, mais aussi intense, cr\u00e9ative et profond\u00e9ment ancr\u00e9e dans le territoire. Des recettes comme le <strong>menjar blanc<\/strong>, l<strong>\u2019omelette de borratxets<\/strong> ou le lapin en sauce ne remplissent pas seulement les assiettes, elles nourrissent aussi l\u2019\u00e2me.<\/p><br \/>\n<p data-start=\"1793\" data-end=\"2131\">Ce recueil de recettes, accompagn\u00e9 de vid\u00e9os enregistr\u00e9es \u00e0 l\u2019<strong>\u00c9cole d\u2019H\u00f4tellerie de l\u2019Institut Dertosa<\/strong> et guid\u00e9es par la cheffe <strong>Margaret Nofre<\/strong>, fait partie du projet \u00ab <strong>Tortosa, le pass\u00e9 est une aventure<\/strong> \u00bb, cofinanc\u00e9 par les <strong>fonds Next Generation EU<\/strong> \u00e0 travers le <strong>Plan de durabilit\u00e9 touristique des destinations 2022<\/strong>.<\/p><br \/>\n<p data-start=\"1793\" data-end=\"2131\"><\/div><\/div>[\/vc_column][\/vc_row][vc_row][vc_column]<div class=\"vc-incubalia-5-cards\"><h2 class=\"vc-incubalia-5-cards__title\">Nos recettes : un aper\u00e7u du territoire<\/h2><h3 class=\"vc-incubalia-5-cards__subtitle\">Des plats du quotidien au go\u00fbt de chez soi<\/h3><div class=\"vc-incubalia-5-cards__card card-1 has-url\"><a href=\"\/fr\/recette-vermicelles-a-la-cote-de-porc\/\"><img decoding=\"async\" class=\"vc-incubalia-5-cards__card-mobile-picture\" src=\"https:\/\/www.tortosaturisme.cat\/wp-content\/uploads\/2025\/06\/Fideus-amb-costella-640x460.jpg\">\n                      <img decoding=\"async\" class=\"vc-incubalia-5-cards__card-desktop-picture\" src=\"https:\/\/www.tortosaturisme.cat\/wp-content\/uploads\/2025\/06\/Fideus-amb-costella.jpg\"><\/a><div class=\"vc-incubalia-5-cards__card-text-container\"><p class=\"vc-incubalia-5-cards__card-title\">Vermicelles \u00e0 la c\u00f4te de porc<\/p><\/div><div class=\"vc-incubalia-5-cards__card-url-container\"><span class=\"vc-incubalia-5-cards__card-url\">Lire la suite<\/span><\/div><\/div><div class=\"vc-incubalia-5-cards__card card-2 has-url\"><a href=\"\/fr\/recette-morue-en-sauce\/\"><img decoding=\"async\" class=\"vc-incubalia-5-cards__card-mobile-picture\" src=\"https:\/\/www.tortosaturisme.cat\/wp-content\/uploads\/2025\/06\/Abadejo-en-suc-640x460.jpg\">\n                      <img decoding=\"async\" class=\"vc-incubalia-5-cards__card-desktop-picture\" src=\"https:\/\/www.tortosaturisme.cat\/wp-content\/uploads\/2025\/06\/Abadejo-en-suc-640x460.jpg\"><\/a><div class=\"vc-incubalia-5-cards__card-text-container\"><p class=\"vc-incubalia-5-cards__card-title\">Morue en sauce<\/p><\/div><div class=\"vc-incubalia-5-cards__card-url-container\"><span class=\"vc-incubalia-5-cards__card-url\">Lire la suite<\/span><\/div><\/div><div class=\"vc-incubalia-5-cards__card-3-and-4-container\"><div class=\"vc-incubalia-5-cards__card card-3 has-url\"><a href=\"\/fr\/recette-sopa-bruta\/\"><img decoding=\"async\" class=\"vc-incubalia-5-cards__card-mobile-picture\" src=\"https:\/\/www.tortosaturisme.cat\/wp-content\/uploads\/2025\/06\/Sopa-bruta-1-640x460.jpg\">\n                      <img decoding=\"async\" class=\"vc-incubalia-5-cards__card-desktop-picture\" src=\"https:\/\/www.tortosaturisme.cat\/wp-content\/uploads\/2025\/06\/Sopa-bruta-1-640x460.jpg\"><\/a><div class=\"vc-incubalia-5-cards__card-text-container\"><p class=\"vc-incubalia-5-cards__card-title\">Sopa bruta (Soupe de poule rustique)<\/p><\/div><div class=\"vc-incubalia-5-cards__card-url-container\"><span class=\"vc-incubalia-5-cards__card-url\">Lire la suite<\/span><\/div><\/div><div class=\"vc-incubalia-5-cards__card card-4 has-url\"><a href=\"\/fr\/recette-lapin-en-sauce\/\"><img decoding=\"async\" class=\"vc-incubalia-5-cards__card-mobile-picture\" src=\"https:\/\/www.tortosaturisme.cat\/wp-content\/uploads\/2025\/06\/Conill-amb-Salsa-640x460.jpg\">\n                      <img decoding=\"async\" class=\"vc-incubalia-5-cards__card-desktop-picture\" src=\"https:\/\/www.tortosaturisme.cat\/wp-content\/uploads\/2025\/06\/Conill-amb-Salsa-640x460.jpg\"><\/a><div class=\"vc-incubalia-5-cards__card-text-container\"><p class=\"vc-incubalia-5-cards__card-title\">Lapin en sauce<\/p><\/div><div class=\"vc-incubalia-5-cards__card-url-container\"><span class=\"vc-incubalia-5-cards__card-url\">Lire la suite<\/span><\/div><\/div><\/div><div class=\"vc-incubalia-5-cards__card card-5 has-url\"><a href=\"\/fr\/recette-seiche-mijotee\/\"><img decoding=\"async\" class=\"vc-incubalia-5-cards__card-mobile-picture\" src=\"https:\/\/www.tortosaturisme.cat\/wp-content\/uploads\/2025\/06\/Sipia-solsida-640x460.jpg\">\n                      <img decoding=\"async\" class=\"vc-incubalia-5-cards__card-desktop-picture\" src=\"https:\/\/www.tortosaturisme.cat\/wp-content\/uploads\/2025\/06\/Sipia-solsida-640x449.jpg\"><\/a><div class=\"vc-incubalia-5-cards__card-text-container\"><p class=\"vc-incubalia-5-cards__card-title\">Seiche mijot\u00e9e<\/p><\/div><div class=\"vc-incubalia-5-cards__card-url-container\"><span class=\"vc-incubalia-5-cards__card-url\">Lire la suite<\/span><\/div><\/div><\/div>[\/vc_column][\/vc_row][vc_row][vc_column]<div class=\"vc-incubalia-4-images\"><h2 class=\"vc-incubalia-4-images__title\">Recettes \u00e0 m\u00e9moire paysanne<\/h2><div class=\"vc-incubalia-4-images__image has-url\"\"><a href=\"\/fr\/recette-omelette-aux-borratxets\/\"><img decoding=\"async\" src=\"https:\/\/www.tortosaturisme.cat\/wp-content\/uploads\/2025\/06\/Truita-de-borratxets.jpg\" alt=\"\"><\/a><div class=\"vc-incubalia-4-images__image-text-container\"><p class=\"vc-incubalia-4-images__image-title\">Omelette aux borratxets (petits poivrons frits)<\/p><\/div><div class=\"vc-incubalia-4-images__image-url-container\"><span class=\"vc-incubalia-4-images__image-url\">Lire la suite<\/span><\/div><\/div><div class=\"vc-incubalia-4-images__image has-url\"\"><a href=\"\/fr\/recette-artichaut-en-beignet-croustillant\/\"><img decoding=\"async\" src=\"https:\/\/www.tortosaturisme.cat\/wp-content\/uploads\/2025\/06\/Carxofa-encassecada.jpg\" alt=\"\"><\/a><div class=\"vc-incubalia-4-images__image-text-container\"><p class=\"vc-incubalia-4-images__image-title\">Artichaut en beignet croustillant<\/p><\/div><div class=\"vc-incubalia-4-images__image-url-container\"><span class=\"vc-incubalia-4-images__image-url\">Lire la suite<\/span><\/div><\/div><div class=\"vc-incubalia-4-images__image has-url\"\"><a href=\"\/fr\/recette-boudin-noir-avec-oignon-et-tomate\/\"><img decoding=\"async\" src=\"https:\/\/www.tortosaturisme.cat\/wp-content\/uploads\/2025\/06\/baldana-amb-ceba-i-tomata.jpg\" alt=\"\"><\/a><div class=\"vc-incubalia-4-images__image-text-container\"><p class=\"vc-incubalia-4-images__image-title\">Boudin noir avec oignon et tomate<\/p><\/div><div class=\"vc-incubalia-4-images__image-url-container\"><span class=\"vc-incubalia-4-images__image-url\">Lire la suite<\/span><\/div><\/div><div class=\"vc-incubalia-4-images__image has-url\"\"><a href=\"\/fr\/recette-chou-avec-sardine-de-casco\/\"><img decoding=\"async\" src=\"https:\/\/www.tortosaturisme.cat\/wp-content\/uploads\/2025\/06\/Trinxat-de-col-amb-sardina-de-casco-1-900x400.jpg\" alt=\"\"><\/a><div class=\"vc-incubalia-4-images__image-text-container\"><p class=\"vc-incubalia-4-images__image-title\">Chou avec sardine de casco (sardine press\u00e9e en f\u00fbt)<\/p><\/div><div class=\"vc-incubalia-4-images__image-url-container\"><span class=\"vc-incubalia-4-images__image-url\">Lire la suite<\/span><\/div><\/div><\/div>[\/vc_column][\/vc_row][vc_row][vc_column]<div class=\"vc-incubalia-4-images\"><h2 class=\"vc-incubalia-4-images__title\">Douceurs traditionnelles avec \u00e2me<\/h2><div class=\"vc-incubalia-4-images__image has-url\"\"><a href=\"\/fr\/recette-pastisset\/\"><img decoding=\"async\" src=\"https:\/\/www.tortosaturisme.cat\/wp-content\/uploads\/2025\/06\/Pastissets.png\" alt=\"\"><\/a><div class=\"vc-incubalia-4-images__image-text-container\"><p class=\"vc-incubalia-4-images__image-title\">PASTISSETS (P\u00e2tisseries Fourr\u00e9es Sucr\u00e9es)<\/p><\/div><div class=\"vc-incubalia-4-images__image-url-container\"><span class=\"vc-incubalia-4-images__image-url\">Lire la suite<\/span><\/div><\/div><div class=\"vc-incubalia-4-images__image has-url\"\"><a href=\"\/fr\/recette-blanc-manger-catalan\/\"><img decoding=\"async\" src=\"https:\/\/www.tortosaturisme.cat\/wp-content\/uploads\/2025\/06\/Menjar-Blanc.png\" alt=\"\"><\/a><div class=\"vc-incubalia-4-images__image-text-container\"><p class=\"vc-incubalia-4-images__image-title\">Blanc-manger catalan<\/p><\/div><div class=\"vc-incubalia-4-images__image-url-container\"><span class=\"vc-incubalia-4-images__image-url\">Lire la suite<\/span><\/div><\/div><div class=\"vc-incubalia-4-images__image\"\"><img decoding=\"async\" src=\"\" alt=\"\"><div class=\"vc-incubalia-4-images__image-text-container\"><\/div><div class=\"vc-incubalia-4-images__image-url-container\"><span class=\"vc-incubalia-4-images__image-url\">Lire la suite<\/span><\/div><\/div><div class=\"vc-incubalia-4-images__image\"\"><img decoding=\"async\" src=\"\" alt=\"\"><div class=\"vc-incubalia-4-images__image-text-container\"><\/div><div class=\"vc-incubalia-4-images__image-url-container\"><span class=\"vc-incubalia-4-images__image-url\">Lire la suite<\/span><\/div><\/div><\/div>[\/vc_column][\/vc_row][vc_row][vc_column]<div class=\"vc-incubalia-text-1-column-subtitle\"><h2 class=\"vc-incubalia-text-1-column-subtitle__title\">Tortosa : cuisine de m\u00e9moire, un territoire de saveurs<\/h2><div class=\"vc-incubalia-text-1-column-subtitle__text\">La cuisine est l\u2019une des meilleures fa\u00e7ons de d\u00e9couvrir une culture. Et \u00e0 Tortosa, la culture se sert \u00e0 table. D\u00e9couvrez la ville \u00e0 travers sa gastronomie, ses march\u00e9s, ses journ\u00e9es gastronomiques et ses produits de proximit\u00e9.<\/div><\/div><div class=\"vc-incubalia-4-images\"><div class=\"vc-incubalia-4-images__image has-url\"\"><a href=\"\/fr\/restaurants-a-tortosa\/\"><img decoding=\"async\" src=\"https:\/\/www.tortosaturisme.cat\/wp-content\/uploads\/2018\/02\/b-900-cuina-terres.jpg\" alt=\"\"><\/a><div class=\"vc-incubalia-4-images__image-text-container\"><p class=\"vc-incubalia-4-images__image-title\">Restaurants<\/p><p class=\"vc-incubalia-4-images__image-subtitle\">Du livre de recettes \u00e0 l\u2019assiette : un h\u00e9ritage qui se d\u00e9guste<\/p><\/div><div class=\"vc-incubalia-4-images__image-url-container\"><span class=\"vc-incubalia-4-images__image-url\">Lire la suite<\/span><\/div><\/div><div class=\"vc-incubalia-4-images__image has-url\"\"><a href=\"\/fr\/la-cuisine-des-terres-de-lebre\/\"><img decoding=\"async\" src=\"https:\/\/www.tortosaturisme.cat\/wp-content\/uploads\/2018\/02\/b-900-millor-terra-d.jpg\" alt=\"\"><\/a><div class=\"vc-incubalia-4-images__image-text-container\"><p class=\"vc-incubalia-4-images__image-title\">La cuisine des Terres de l\u2019\u00c8bre<\/p><p class=\"vc-incubalia-4-images__image-subtitle\">on la cuina de mem\u00f2ria es posa a taula<\/p><\/div><div class=\"vc-incubalia-4-images__image-url-container\"><span class=\"vc-incubalia-4-images__image-url\">Lire la suite<\/span><\/div><\/div><div class=\"vc-incubalia-4-images__image has-url\"\"><a href=\"\/fr\/llibre-blanc-del-turisme-gastronomic\/\"><img decoding=\"async\" src=\"https:\/\/www.tortosaturisme.cat\/wp-content\/uploads\/2025\/06\/Llibre-bland-del-turisme-gastronomic.jpg\" alt=\"\"><\/a><div class=\"vc-incubalia-4-images__image-text-container\"><p class=\"vc-incubalia-4-images__image-title\">Livre Blanc du Tourisme Gastronomique de Tortosa<\/p><p class=\"vc-incubalia-4-images__image-subtitle\">Quand la bonne cuisine devient un projet de ville<\/p><\/div><div class=\"vc-incubalia-4-images__image-url-container\"><span class=\"vc-incubalia-4-images__image-url\">Lire la suite<\/span><\/div><\/div><div class=\"vc-incubalia-4-images__image has-url\"\"><a href=\"\/fr\/le-marche\/\"><img decoding=\"async\" src=\"https:\/\/www.tortosaturisme.cat\/wp-content\/uploads\/2020\/07\/mercat_900x400.jpg\" alt=\"\"><\/a><div class=\"vc-incubalia-4-images__image-text-container\"><p class=\"vc-incubalia-4-images__image-title\">Le march\u00e9<\/p><p class=\"vc-incubalia-4-images__image-subtitle\">O\u00f9 le produit local prend vie<\/p><\/div><div class=\"vc-incubalia-4-images__image-url-container\"><span class=\"vc-incubalia-4-images__image-url\">Lire la suite<\/span><\/div><\/div><\/div>[\/vc_column][\/vc_row][vc_row][vc_column]<div class=\"vc-incubalia-4-icons\"><h2 class=\"vc-incubalia-4-icons__title\"><\/h2><div class=\"vc-incubalia-4-icons__icon\"><a class=\"vc-incubalia-4-icons__icon-url\" href=\"http:\/\/www2.tortosa.cat\/\"><img decoding=\"async\" class=\"vc-incubalia-4-icons__icon-image\" src=\"https:\/\/www.tortosaturisme.cat\/wp-content\/uploads\/2020\/03\/ajuntament-500x500-400x400.jpg\"><\/a><\/div><div class=\"vc-incubalia-4-icons__icon\"><a class=\"vc-incubalia-4-icons__icon-url\" href=\"http:\/\/www.tortosaturisme.cat\"><img decoding=\"async\" class=\"vc-incubalia-4-icons__icon-image\" src=\"https:\/\/www.tortosaturisme.cat\/wp-content\/uploads\/2018\/03\/logo-turisme-400-400x355.jpg\"><\/a><\/div><div class=\"vc-incubalia-4-icons__icon\"><a class=\"vc-incubalia-4-icons__icon-url\" href=\"\"><img decoding=\"async\" class=\"vc-incubalia-4-icons__icon-image\" src=\"\"><\/a><\/div><div class=\"vc-incubalia-4-icons__icon\"><a class=\"vc-incubalia-4-icons__icon-url\" href=\"\"><img decoding=\"async\" class=\"vc-incubalia-4-icons__icon-image\" src=\"\"><\/a><\/div><\/div><div class=\"vc-incubalia-image-3x2-centered\"><img decoding=\"async\" class=\"vc-incubalia-image-3x2-centered__mobile-picture\" src=\"\" alt=\"\"><img decoding=\"async\" class=\"vc-incubalia-image-3x2-centered__desktop-picture\" src=\"https:\/\/www.tortosaturisme.cat\/wp-content\/uploads\/2024\/11\/01-Logo-web.jpg\" alt=\"\"><\/div>[\/vc_column][\/vc_row]<\/p>\n","protected":false},"excerpt":{"rendered":"<p>[vc_row][vc_column][\/vc_column][\/vc_row][vc_row][vc_column][\/vc_column][\/vc_row][vc_row][vc_column][\/vc_column][\/vc_row][vc_row][vc_column][\/vc_column][\/vc_row][vc_row][vc_column][\/vc_column][\/vc_row][vc_row][vc_column][\/vc_column][\/vc_row][vc_row][vc_column][\/vc_column][\/vc_row]<\/p>\n","protected":false},"author":2,"featured_media":0,"parent":0,"menu_order":0,"comment_status":"closed","ping_status":"closed","template":"","meta":{"footnotes":""},"class_list":["post-41708","page","type-page","status-publish","hentry"],"acf":[],"yoast_head":"<!-- This site is optimized with the Yoast SEO plugin v27.4 - https:\/\/yoast.com\/product\/yoast-seo-wordpress\/ -->\n<title>Receptes tortosines pas a pas - tortosaturisme<\/title>\n<meta name=\"description\" content=\"A Tortosa, cada recepta \u00e9s mem\u00f2ria i tradici\u00f3: cuina humil, creativa i arrelada al territori, amb sabors del riu, l\u2019horta i el mar.\" \/>\n<meta name=\"robots\" content=\"index, follow, max-snippet:-1, max-image-preview:large, max-video-preview:-1\" \/>\n<link rel=\"canonical\" href=\"https:\/\/www.tortosaturisme.cat\/fr\/receptes-tortosines-pas-a-pas\/\" \/>\n<meta property=\"og:locale\" content=\"fr_FR\" \/>\n<meta property=\"og:type\" content=\"article\" \/>\n<meta property=\"og:title\" content=\"Receptes tortosines pas a pas - tortosaturisme\" \/>\n<meta property=\"og:description\" content=\"A Tortosa, cada recepta \u00e9s mem\u00f2ria i tradici\u00f3: cuina humil, creativa i arrelada al territori, amb sabors del riu, l\u2019horta i el mar.\" \/>\n<meta property=\"og:url\" content=\"https:\/\/www.tortosaturisme.cat\/fr\/receptes-tortosines-pas-a-pas\/\" \/>\n<meta property=\"og:site_name\" content=\"tortosaturisme\" \/>\n<meta property=\"article:modified_time\" content=\"2026-04-02T11:18:19+00:00\" \/>\n<meta name=\"twitter:card\" content=\"summary_large_image\" \/>\n<meta name=\"twitter:label1\" content=\"Dur\u00e9e de lecture estim\u00e9e\" \/>\n\t<meta name=\"twitter:data1\" content=\"2 minutes\" \/>\n<script type=\"application\/ld+json\" class=\"yoast-schema-graph\">{\"@context\":\"https:\\\/\\\/schema.org\",\"@graph\":[{\"@type\":\"WebPage\",\"@id\":\"https:\\\/\\\/www.tortosaturisme.cat\\\/fr\\\/receptes-tortosines-pas-a-pas\\\/\",\"url\":\"https:\\\/\\\/www.tortosaturisme.cat\\\/fr\\\/receptes-tortosines-pas-a-pas\\\/\",\"name\":\"Receptes tortosines pas a pas - tortosaturisme\",\"isPartOf\":{\"@id\":\"https:\\\/\\\/www.tortosaturisme.cat\\\/fr\\\/#website\"},\"datePublished\":\"2025-06-25T09:09:22+00:00\",\"dateModified\":\"2026-04-02T11:18:19+00:00\",\"description\":\"A Tortosa, cada recepta \u00e9s mem\u00f2ria i tradici\u00f3: cuina humil, creativa i arrelada al territori, amb sabors del riu, l\u2019horta i el mar.\",\"breadcrumb\":{\"@id\":\"https:\\\/\\\/www.tortosaturisme.cat\\\/fr\\\/receptes-tortosines-pas-a-pas\\\/#breadcrumb\"},\"inLanguage\":\"fr-FR\",\"potentialAction\":[{\"@type\":\"ReadAction\",\"target\":[\"https:\\\/\\\/www.tortosaturisme.cat\\\/fr\\\/receptes-tortosines-pas-a-pas\\\/\"]}]},{\"@type\":\"BreadcrumbList\",\"@id\":\"https:\\\/\\\/www.tortosaturisme.cat\\\/fr\\\/receptes-tortosines-pas-a-pas\\\/#breadcrumb\",\"itemListElement\":[{\"@type\":\"ListItem\",\"position\":1,\"name\":\"Home\",\"item\":\"https:\\\/\\\/www.tortosaturisme.cat\\\/fr\\\/home-page\\\/\"},{\"@type\":\"ListItem\",\"position\":2,\"name\":\"Receptes tortosines pas a pas\"}]},{\"@type\":\"WebSite\",\"@id\":\"https:\\\/\\\/www.tortosaturisme.cat\\\/fr\\\/#website\",\"url\":\"https:\\\/\\\/www.tortosaturisme.cat\\\/fr\\\/\",\"name\":\"tortosaturisme\",\"description\":\"Otro sitio realizado con WordPress\",\"potentialAction\":[{\"@type\":\"SearchAction\",\"target\":{\"@type\":\"EntryPoint\",\"urlTemplate\":\"https:\\\/\\\/www.tortosaturisme.cat\\\/fr\\\/?s={search_term_string}\"},\"query-input\":{\"@type\":\"PropertyValueSpecification\",\"valueRequired\":true,\"valueName\":\"search_term_string\"}}],\"inLanguage\":\"fr-FR\"}]}<\/script>\n<!-- \/ Yoast SEO plugin. -->","yoast_head_json":{"title":"Receptes tortosines pas a pas - tortosaturisme","description":"A Tortosa, cada recepta \u00e9s mem\u00f2ria i tradici\u00f3: cuina humil, creativa i arrelada al territori, amb sabors del riu, l\u2019horta i el mar.","robots":{"index":"index","follow":"follow","max-snippet":"max-snippet:-1","max-image-preview":"max-image-preview:large","max-video-preview":"max-video-preview:-1"},"canonical":"https:\/\/www.tortosaturisme.cat\/fr\/receptes-tortosines-pas-a-pas\/","og_locale":"fr_FR","og_type":"article","og_title":"Receptes tortosines pas a pas - tortosaturisme","og_description":"A Tortosa, cada recepta \u00e9s mem\u00f2ria i tradici\u00f3: cuina humil, creativa i arrelada al territori, amb sabors del riu, l\u2019horta i el mar.","og_url":"https:\/\/www.tortosaturisme.cat\/fr\/receptes-tortosines-pas-a-pas\/","og_site_name":"tortosaturisme","article_modified_time":"2026-04-02T11:18:19+00:00","twitter_card":"summary_large_image","twitter_misc":{"Dur\u00e9e de lecture estim\u00e9e":"2 minutes"},"schema":{"@context":"https:\/\/schema.org","@graph":[{"@type":"WebPage","@id":"https:\/\/www.tortosaturisme.cat\/fr\/receptes-tortosines-pas-a-pas\/","url":"https:\/\/www.tortosaturisme.cat\/fr\/receptes-tortosines-pas-a-pas\/","name":"Receptes tortosines pas a pas - tortosaturisme","isPartOf":{"@id":"https:\/\/www.tortosaturisme.cat\/fr\/#website"},"datePublished":"2025-06-25T09:09:22+00:00","dateModified":"2026-04-02T11:18:19+00:00","description":"A Tortosa, cada recepta \u00e9s mem\u00f2ria i tradici\u00f3: cuina humil, creativa i arrelada al territori, amb sabors del riu, l\u2019horta i el mar.","breadcrumb":{"@id":"https:\/\/www.tortosaturisme.cat\/fr\/receptes-tortosines-pas-a-pas\/#breadcrumb"},"inLanguage":"fr-FR","potentialAction":[{"@type":"ReadAction","target":["https:\/\/www.tortosaturisme.cat\/fr\/receptes-tortosines-pas-a-pas\/"]}]},{"@type":"BreadcrumbList","@id":"https:\/\/www.tortosaturisme.cat\/fr\/receptes-tortosines-pas-a-pas\/#breadcrumb","itemListElement":[{"@type":"ListItem","position":1,"name":"Home","item":"https:\/\/www.tortosaturisme.cat\/fr\/home-page\/"},{"@type":"ListItem","position":2,"name":"Receptes tortosines pas a pas"}]},{"@type":"WebSite","@id":"https:\/\/www.tortosaturisme.cat\/fr\/#website","url":"https:\/\/www.tortosaturisme.cat\/fr\/","name":"tortosaturisme","description":"Otro sitio realizado con WordPress","potentialAction":[{"@type":"SearchAction","target":{"@type":"EntryPoint","urlTemplate":"https:\/\/www.tortosaturisme.cat\/fr\/?s={search_term_string}"},"query-input":{"@type":"PropertyValueSpecification","valueRequired":true,"valueName":"search_term_string"}}],"inLanguage":"fr-FR"}]}},"_links":{"self":[{"href":"https:\/\/www.tortosaturisme.cat\/fr\/wp-json\/wp\/v2\/pages\/41708","targetHints":{"allow":["GET"]}}],"collection":[{"href":"https:\/\/www.tortosaturisme.cat\/fr\/wp-json\/wp\/v2\/pages"}],"about":[{"href":"https:\/\/www.tortosaturisme.cat\/fr\/wp-json\/wp\/v2\/types\/page"}],"author":[{"embeddable":true,"href":"https:\/\/www.tortosaturisme.cat\/fr\/wp-json\/wp\/v2\/users\/2"}],"replies":[{"embeddable":true,"href":"https:\/\/www.tortosaturisme.cat\/fr\/wp-json\/wp\/v2\/comments?post=41708"}],"version-history":[{"count":7,"href":"https:\/\/www.tortosaturisme.cat\/fr\/wp-json\/wp\/v2\/pages\/41708\/revisions"}],"predecessor-version":[{"id":41726,"href":"https:\/\/www.tortosaturisme.cat\/fr\/wp-json\/wp\/v2\/pages\/41708\/revisions\/41726"}],"wp:attachment":[{"href":"https:\/\/www.tortosaturisme.cat\/fr\/wp-json\/wp\/v2\/media?parent=41708"}],"curies":[{"name":"wp","href":"https:\/\/api.w.org\/{rel}","templated":true}]}}