{"id":41728,"date":"2025-09-22T11:56:13","date_gmt":"2025-09-22T11:56:13","guid":{"rendered":"https:\/\/www.tortosaturisme.cat\/nou-plat-tortosi\/"},"modified":"2026-04-03T13:04:05","modified_gmt":"2026-04-03T11:04:05","slug":"nou-plat-tortosi","status":"publish","type":"page","link":"https:\/\/www.tortosaturisme.cat\/fr\/nou-plat-tortosi\/","title":{"rendered":"Nou plat tortos\u00ed"},"content":{"rendered":"<p>[vc_row][vc_column]<div class=\"vc-incubalia-big-header\"><img decoding=\"async\" class=\"vc-incubalia-big-header__mobile-picture brightness-100\" src=\"https:\/\/www.tortosaturisme.cat\/wp-content\/uploads\/2025\/09\/header-plat-cuina-memoria-2.jpg\">\n                  <img decoding=\"async\" class=\"vc-incubalia-big-header__desktop-picture brightness-100\" src=\"https:\/\/www.tortosaturisme.cat\/wp-content\/uploads\/2025\/09\/header-plat-cuina-memoria-1.jpg\"><\/div>[\/vc_column][\/vc_row][vc_row][vc_column]<div class=\"vc-incubalia-text-1-column-subtitle\"><h2 class=\"vc-incubalia-text-1-column-subtitle__title\">Un plat unique qui rend hommage \u00e0 nos racines et projette la gastronomie tortosine vers l\u2019avenir<\/h2><h3 class=\"vc-incubalia-text-1-column-subtitle__subtitle\">\ud83d\udc49 Participez au processus et aidez-nous \u00e0 lui donner un nom<\/h3><div class=\"vc-incubalia-text-1-column-subtitle__text\"><strong>Le Livre blanc du tourisme gastronomique de Tortosa<\/strong> nous a aid\u00e9s \u00e0 reconna\u00eetre les produits et les recettes qui racontent qui nous sommes. De ce travail na\u00eet un nouveau plat qui associe les saveurs traditionnelles \u00e0 des techniques modernes.<br data-start=\"240\" data-end=\"243\" \/>Il n\u2019a pas encore de nom, car nous voulons que vous fassiez partie de cette histoire et que ce soit vous qui nous aidiez \u00e0 le baptiser.<\/div><\/div><div class=\"vc-incubalia-video-full-width\"><img decoding=\"async\" class=\"vc-incubalia-video-full-width__image-mobile\" src=\"https:\/\/www.tortosaturisme.cat\/wp-content\/uploads\/2025\/09\/cuina-de-memoria-plat-2-1.jpg\"><img decoding=\"async\" class=\"vc-incubalia-video-full-width__image-desktop\" src=\"https:\/\/www.tortosaturisme.cat\/wp-content\/uploads\/2025\/09\/cuina-de-memoria-plat-2-2.jpg\"><div id=\"9e909ea5e9\" class=\"vc-incubalia-video-full-width__play-button\"><img decoding=\"async\" class=\"play-button\" src=\"https:\/\/www.tortosaturisme.cat\/wp-content\/plugins\/vc-incubalia-elements\/elements\/..\/assets\/img\/video-play.png\"><\/div><div class=\"vc-incubalia-video-full-width__youtube-iframe\"><iframe loading=\"lazy\" width=\"560\" height=\"315\" src=\"https:\/\/www.youtube.com\/embed\/LwlbcwHJvq4\" frameborder=\"0\" allowfullscreen><\/iframe><\/div><\/div><script>(function($) {\n                $(function() {\n                    $('#9e909ea5e9').on('click', function() {\n                        $(this).parent().parent().find('.vc-incubalia-video-full-width').addClass('play');\n                        \/\/$(this).parent().parent().find('.vc-incubalia-video-full-width__youtube-iframe iframe').attr('src', $('.vc-incubalia-video-full-width__youtube-iframe iframe').attr('src') + '?autoplay=1');\n                    });\n                });\n\n                $(window).load(function() {\n                    height = $('.vc-incubalia-video-full-width').height();\n                    setYoutubeIframeDimensions();\n                });\n\n                $(window).resize(function() {\n                    setYoutubeIframeDimensions();\n                });\n\n                function setYoutubeIframeDimensions()\n                {\n                    if ($('.vc-incubalia-video-full-width').height() > 0) {\n                        height = $('.vc-incubalia-video-full-width').height();\n                    }\n                    $('.vc-incubalia-video-full-width__youtube-iframe iframe').attr('height', height);\n                    let width = height * 16 \/ 9;\n                    $('.vc-incubalia-video-full-width__youtube-iframe iframe').attr('width', width);\n                }\n            })(jQuery)<\/script>[\/vc_column][\/vc_row][vc_row][vc_column]<div class=\"vc-incubalia-text-1-column-subtitle\"><h2 class=\"vc-incubalia-text-1-column-subtitle__title\">La m\u00e9moire se cuisine, l\u2019avenir se partage<\/h2><h3 class=\"vc-incubalia-text-1-column-subtitle__subtitle\">Un plat \u00e0 l\u2019\u00e2me de Tortosa<\/h3><div class=\"vc-incubalia-text-1-column-subtitle__text\">Un <strong>abadejo<\/strong> (cabillaud) sur un <strong>lit d\u2019ajoblanco de galera<\/strong>, accompagn\u00e9 d\u2019<strong>une terre d\u2019olive<\/strong>, de <strong>p\u00e9tales de tomate confite<\/strong> et d\u2019une touche <strong>fra\u00eeche d\u2019orange et d\u2019herbes aromatiques<\/strong> des Terres de l\u2019\u00c8bre.<br data-start=\"186\" data-end=\"189\" \/>Un reflet de ce que nous sommes : diversit\u00e9, tradition et innovation.<\/div><\/div><div class=\"vc-incubalia-text-1-column-subtitle\"><h3 class=\"vc-incubalia-text-1-column-subtitle__subtitle\">Prochainement dans les restaurants de Tortosa<\/h3><div class=\"vc-incubalia-text-1-column-subtitle__text\"><\/div><\/div>[\/vc_column][\/vc_row][vc_row][vc_column]<div class=\"vc-incubalia-medium-header\"><img decoding=\"async\" class=\"vc-incubalia-medium-header__mobile-picture brightness-100\" src=\"https:\/\/www.tortosaturisme.cat\/wp-content\/uploads\/2025\/09\/Nobles-sopant-cuina-memoria.png\">\n                  <img decoding=\"async\" class=\"vc-incubalia-medium-header__desktop-picture brightness-100\" src=\"https:\/\/www.tortosaturisme.cat\/wp-content\/uploads\/2025\/09\/Nobles-sopant-cuina-memoria.jpg\"><\/div>[\/vc_column][\/vc_row][vc_row][vc_column]<div class=\"vc-incubalia-text-1-column-subtitle\"><h2 class=\"vc-incubalia-text-1-column-subtitle__title\">Les cr\u00e9ateurs<\/h2><h3 class=\"vc-incubalia-text-1-column-subtitle__subtitle\">Le fruit de la cr\u00e9ativit\u00e9 collective<\/h3><div class=\"vc-incubalia-text-1-column-subtitle__text\"><\/p><br \/>\n<p data-start=\"1762\" data-end=\"1953\">Ce plat a \u00e9t\u00e9 cr\u00e9\u00e9 par quatre chefs de Tortosa et les \u00e9l\u00e8ves de l\u2019\u00c9cole d\u2019H\u00f4tellerie de l\u2019Institut Dertosa, travaillant ensemble pour r\u00e9interpr\u00e9ter la cuisine locale.<\/p><br \/>\n<ul><br \/>\n<li>Christian L\u00f3pez (Moments)<\/li><br \/>\n<li>Jordi Mart\u00ednez (Cristal)<\/li><br \/>\n<li>Laura Garcia (Rac\u00f3 de Mig Cam\u00ed)<\/li><br \/>\n<li>Marc Duran (La Torreta de Remolins)<\/li><br \/>\n<\/ul><br \/>\n<p><\/div><\/div><div class=\"vc-incubalia-image-3x2-centered\"><img decoding=\"async\" class=\"vc-incubalia-image-3x2-centered__mobile-picture\" src=\"https:\/\/www.tortosaturisme.cat\/wp-content\/uploads\/2025\/09\/plat-final-pagina-nou-abadejo-2.jpg\" alt=\"\"><img decoding=\"async\" class=\"vc-incubalia-image-3x2-centered__desktop-picture\" src=\"https:\/\/www.tortosaturisme.cat\/wp-content\/uploads\/2025\/09\/plat-final-pagina-nou-abadejo-1.jpg\" alt=\"\"><\/div>[\/vc_column][\/vc_row][vc_row][vc_column]<div class=\"vc-incubalia-text-1-column-subtitle\"><h2 class=\"vc-incubalia-text-1-column-subtitle__title\">Aidez-nous \u00e0 lui donner un nom<\/h2><h3 class=\"vc-incubalia-text-1-column-subtitle__subtitle\">Faites partie de l\u2019histoire de Tortosa, cuisine de m\u00e9moire<\/h3><div class=\"vc-incubalia-text-1-column-subtitle__text\"><\/p><br \/>\n<p data-start=\"0\" data-end=\"231\">Ce plat est de Tortosa et pour Tortosa. C\u2019est pourquoi nous voulons que ce soient les habitants et les visiteurs qui d\u00e9cident comment il doit s\u2019appeler.<br data-start=\"152\" data-end=\"155\" \/>Votre proposition peut faire partie de l\u2019histoire gastronomique de la ville.<\/p><br \/>\n<p data-start=\"233\" data-end=\"345\">Proposez votre nom, puis venez le d\u00e9guster dans les restaurants locaux. La m\u00e9moire d\u2019un peuple se cuisine aussi.<\/p><br \/>\n<p data-start=\"347\" data-end=\"374\">Que pouvez-vous faire :<\/p><br \/>\n<ul data-start=\"376\" data-end=\"680\"><br \/>\n<li data-section-id=\"1dh9ye2\" data-start=\"376\" data-end=\"639\">Proposer un nom : en envoyant un e-mail avec votre proposition \u00e0 <em data-start=\"447\" data-end=\"468\"><a class=\"decorated-link cursor-pointer\" rel=\"noopener\" data-start=\"448\" data-end=\"467\">turisme@tortosa.cat<\/a><\/em> (en indiquant votre nom, pr\u00e9nom et num\u00e9ro de t\u00e9l\u00e9phone) ou en remplissant le bulletin lors de la d\u00e9gustation du plat, le vendredi 26 septembre \u00e0 19h30 au Casal Tortos\u00ed.<\/li><br \/>\n<li data-section-id=\"5c86xy\" data-start=\"640\" data-end=\"680\">Voter parmi les noms s\u00e9lectionn\u00e9s.<\/li><br \/>\n<\/ul><br \/>\n<p data-start=\"682\" data-end=\"863\" data-is-last-node=\"\" data-is-only-node=\"\">Parmi les participants ayant propos\u00e9 un nom et ceux ayant vot\u00e9, deux repas pour 2 personnes dans un restaurant de Tortosa seront tir\u00e9s au sort, un pour chaque type de participation.<\/p><br \/>\n<p><\/div><\/div><div class=\"vc-incubalia-text-1-column-subtitle\"><h2 class=\"vc-incubalia-text-1-column-subtitle__title\">Pourquoi c\u2019est important<\/h2><h3 class=\"vc-incubalia-text-1-column-subtitle__subtitle\">Plus que de la gastronomie : m\u00e9moire, identit\u00e9 et territoire<\/h3><div class=\"vc-incubalia-text-1-column-subtitle__text\"><\/p><br \/>\n<ul><br \/>\n<li>Une valorisation du patrimoine culinaire tortosin.<\/li><br \/>\n<li>Des produits de proximit\u00e9 et de saison.<\/li><br \/>\n<li>Une exp\u00e9rience unique de tourisme gastronomique durable.<\/li><br \/>\n<li>Un plat qui aspire \u00e0 devenir un symbole de Tortosa.<\/li><br \/>\n<\/ul><br \/>\n<p><\/div><\/div><div class=\"vc-incubalia-3-images\"><h2 class=\"vc-incubalia-3-images__title\">Organisez-vous<\/h2><div class=\"vc-incubalia-3-images__image\"><a href=\"\/fr\/restaurants-a-tortosa\/\"><img decoding=\"async\" src=\"https:\/\/www.tortosaturisme.cat\/wp-content\/uploads\/2018\/02\/B-800-600-cuina.jpg\" alt=\"\"><\/a><p class=\"vc-incubalia-3-images__image-subtitle\">Une cuisine li\u00e9e \u00e0 la terre, qui tire parti des produits de proximit\u00e9, mais aussi ouverte aux nouvelles tendances. \u00c0 Tortosa, vous trouverez une cuisine de march\u00e9, mais aussi une cuisine internationale et m\u00e9diterran\u00e9enne.<\/p><\/div><div class=\"vc-incubalia-3-images__image\"><a href=\"\/fr\/hebergements\/\"><img decoding=\"async\" src=\"https:\/\/www.tortosaturisme.cat\/wp-content\/uploads\/2018\/02\/b-800-allotjament.jpg\" alt=\"\"><\/a><a href=\"\/fr\/hebergements\/\"><p class=\"vc-incubalia-3-images__image-title\">H\u00e9bergements<\/p><\/a><p class=\"vc-incubalia-3-images__image-subtitle\">Tortosa vous propose des h\u00e9bergements de tout type. Dormez dans un ch\u00e2teau, des maisons rurales entour\u00e9es de nature, des h\u00f4tels avec tout le confort ou des appartements au c\u0153ur de la vieille ville.<\/p><\/div><div class=\"vc-incubalia-3-images__image\"><a href=\"\/fr\/experiences\/\"><img decoding=\"async\" src=\"https:\/\/www.tortosaturisme.cat\/wp-content\/uploads\/2018\/02\/b-800-experiencies-navegacio.jpg\" alt=\"\"><\/a><a href=\"\/fr\/experiences\/\"><p class=\"vc-incubalia-3-images__image-title\">Exp\u00e9riences<\/p><\/a><p class=\"vc-incubalia-3-images__image-subtitle\">Compl\u00e9tez votre visite avec une offre d\u2019exp\u00e9riences de tout type : randonn\u00e9e, visites guid\u00e9es, navigations, \u2026<\/p><\/div><\/div><div class=\"vc-incubalia-5-cards\"><h2 class=\"vc-incubalia-5-cards__title\">Nous vous recommandons<\/h2><div class=\"vc-incubalia-5-cards__card card-1 has-url\"><a href=\"\/fr\/tortosa-en-un-jour\/\"><img decoding=\"async\" class=\"vc-incubalia-5-cards__card-mobile-picture\" src=\"https:\/\/www.tortosaturisme.cat\/wp-content\/uploads\/2018\/02\/b-1280-tortosa-en-un-dia-4-640x460.jpg\">\n                      <img decoding=\"async\" class=\"vc-incubalia-5-cards__card-desktop-picture\" src=\"https:\/\/www.tortosaturisme.cat\/wp-content\/uploads\/2018\/02\/b-1280-tortosa-en-un-dia-4.jpg\"><\/a><div class=\"vc-incubalia-5-cards__card-text-container\"><p class=\"vc-incubalia-5-cards__card-title\">Tortosa en un jour<\/p><\/div><div class=\"vc-incubalia-5-cards__card-url-container\"><span class=\"vc-incubalia-5-cards__card-url\">Lire la suite<\/span><\/div><\/div><div class=\"vc-incubalia-5-cards__card card-2 has-url\"><a href=\"\/fr\/journees-gastronomiques\/\"><img decoding=\"async\" class=\"vc-incubalia-5-cards__card-mobile-picture\" src=\"https:\/\/www.tortosaturisme.cat\/wp-content\/uploads\/2018\/02\/b-1280-cuina-renaixement-2-640x460.jpg\">\n                      <img decoding=\"async\" class=\"vc-incubalia-5-cards__card-desktop-picture\" src=\"https:\/\/www.tortosaturisme.cat\/wp-content\/uploads\/2018\/02\/b-1280-cuina-renaixement-2-640x460.jpg\"><\/a><div class=\"vc-incubalia-5-cards__card-text-container\"><p class=\"vc-incubalia-5-cards__card-title\">Journ\u00e9es gastronomiques<\/p><\/div><div class=\"vc-incubalia-5-cards__card-url-container\"><span class=\"vc-incubalia-5-cards__card-url\">Lire la suite<\/span><\/div><\/div><div class=\"vc-incubalia-5-cards__card-3-and-4-container\"><div class=\"vc-incubalia-5-cards__card card-3 has-url\"><a href=\"\/fr\/le-marche\/\"><img decoding=\"async\" class=\"vc-incubalia-5-cards__card-mobile-picture\" src=\"https:\/\/www.tortosaturisme.cat\/wp-content\/uploads\/2018\/02\/b-1280-el-mercat-g-640x460.jpg\">\n                      <img decoding=\"async\" class=\"vc-incubalia-5-cards__card-desktop-picture\" src=\"https:\/\/www.tortosaturisme.cat\/wp-content\/uploads\/2018\/02\/b-1280-el-mercat-g-640x460.jpg\"><\/a><div class=\"vc-incubalia-5-cards__card-text-container\"><p class=\"vc-incubalia-5-cards__card-title\">Le march\u00e9<\/p><\/div><div class=\"vc-incubalia-5-cards__card-url-container\"><span class=\"vc-incubalia-5-cards__card-url\">Lire la suite<\/span><\/div><\/div><div class=\"vc-incubalia-5-cards__card card-4 has-url\"><a href=\"\/fr\/le-meilleur-de-la-terra\/\"><img decoding=\"async\" class=\"vc-incubalia-5-cards__card-mobile-picture\" src=\"https:\/\/www.tortosaturisme.cat\/wp-content\/uploads\/2018\/02\/b-1280-millor-terra-640x460.jpg\">\n                      <img decoding=\"async\" class=\"vc-incubalia-5-cards__card-desktop-picture\" src=\"https:\/\/www.tortosaturisme.cat\/wp-content\/uploads\/2018\/02\/b-1280-millor-terra-640x460.jpg\"><\/a><div class=\"vc-incubalia-5-cards__card-text-container\"><p class=\"vc-incubalia-5-cards__card-title\">Les meilleurs produits du terroir<\/p><p class=\"vc-incubalia-5-cards__card-subtitle\">Un territoire exub\u00e9rant de rizi\u00e8res, de vignobles, d\u2019orangers et d\u2019oliviers<\/p><\/div><div class=\"vc-incubalia-5-cards__card-url-container\"><span class=\"vc-incubalia-5-cards__card-url\">Lire la suite<\/span><\/div><\/div><\/div><div class=\"vc-incubalia-5-cards__card card-5 has-url\"><a href=\"\/fr\/le-meilleur-de-la-mer\/\"><img decoding=\"async\" class=\"vc-incubalia-5-cards__card-mobile-picture\" src=\"https:\/\/www.tortosaturisme.cat\/wp-content\/uploads\/2018\/02\/b-1280-millor-mar-640x460.jpg\">\n                      <img decoding=\"async\" class=\"vc-incubalia-5-cards__card-desktop-picture\" src=\"https:\/\/www.tortosaturisme.cat\/wp-content\/uploads\/2018\/02\/b-1280-millor-mar-640x449.jpg\"><\/a><div class=\"vc-incubalia-5-cards__card-text-container\"><p class=\"vc-incubalia-5-cards__card-title\">Le meilleur de la mer<\/p><p class=\"vc-incubalia-5-cards__card-subtitle\">Profitez de la richesse de la mer de l\u2019\u00c8bre<\/p><\/div><div class=\"vc-incubalia-5-cards__card-url-container\"><span class=\"vc-incubalia-5-cards__card-url\">Lire la suite<\/span><\/div><\/div><\/div>[\/vc_column][\/vc_row][vc_row][vc_column]<div class=\"vc-incubalia-3-images\"><h2 class=\"vc-incubalia-3-images__title\">Nous vous proposons<\/h2><div class=\"vc-incubalia-3-images__image\"><a href=\"\/fr\/experiences\/\"><img decoding=\"async\" src=\"https:\/\/www.tortosaturisme.cat\/wp-content\/uploads\/2018\/02\/b-800-experiencies-completes.jpg\" alt=\"\"><\/a><a href=\"\/fr\/experiences\/\"><p class=\"vc-incubalia-3-images__image-title\">Exp\u00e9riences compl\u00e8tes<\/p><\/a><p class=\"vc-incubalia-3-images__image-subtitle\">Combinez la gastronomie et les activit\u00e9s autour de la ville et de la nature<\/p><\/div><div class=\"vc-incubalia-3-images__image\"><a href=\"\/fr\/naviguer-sur-lebre\/\"><img decoding=\"async\" src=\"https:\/\/www.tortosaturisme.cat\/wp-content\/uploads\/2018\/02\/b-800-navegacions-f.jpg\" alt=\"\"><\/a><a href=\"\/fr\/naviguer-sur-lebre\/\"><p class=\"vc-incubalia-3-images__image-title\">Navigations<\/p><\/a><p class=\"vc-incubalia-3-images__image-subtitle\">Parcourez l\u2019\u00c8bre avec Lo Sirgador, laissez-vous envo\u00fbter par les couchers de soleil, d\u00e9gustez les vins de la terre ou profitez de concerts \u00e9vocateurs \u00e0 bord.<\/p><\/div><div class=\"vc-incubalia-3-images__image\"><a href=\"\/fr\/restaurants-a-tortosa\/\"><img decoding=\"async\" src=\"https:\/\/www.tortosaturisme.cat\/wp-content\/uploads\/2018\/02\/b-800-experiences-gastronomiques.jpg\" alt=\"\"><\/a><a href=\"\/fr\/restaurants-a-tortosa\/\"><p class=\"vc-incubalia-3-images__image-title\">Exp\u00e9riences gastronomiques<\/p><\/a><p class=\"vc-incubalia-3-images__image-subtitle\">Pour les palais les plus exigeants<\/p><\/div><\/div>[\/vc_column][\/vc_row][vc_row][vc_column]<div class=\"vc-incubalia-4-icons\"><h2 class=\"vc-incubalia-4-icons__title\"><\/h2><div class=\"vc-incubalia-4-icons__icon\"><a class=\"vc-incubalia-4-icons__icon-url\" href=\"http:\/\/www2.tortosa.cat\/\"><img decoding=\"async\" class=\"vc-incubalia-4-icons__icon-image\" src=\"https:\/\/www.tortosaturisme.cat\/wp-content\/uploads\/2020\/03\/ajuntament-500x500-400x400.jpg\"><\/a><\/div><div class=\"vc-incubalia-4-icons__icon\"><a class=\"vc-incubalia-4-icons__icon-url\" href=\"http:\/\/www.tortosaturisme.cat\"><img decoding=\"async\" class=\"vc-incubalia-4-icons__icon-image\" src=\"https:\/\/www.tortosaturisme.cat\/wp-content\/uploads\/2018\/03\/logo-turisme-400-400x355.jpg\"><\/a><\/div><div class=\"vc-incubalia-4-icons__icon\"><a class=\"vc-incubalia-4-icons__icon-url\" href=\"\"><img decoding=\"async\" class=\"vc-incubalia-4-icons__icon-image\" src=\"\"><\/a><\/div><div class=\"vc-incubalia-4-icons__icon\"><a class=\"vc-incubalia-4-icons__icon-url\" href=\"\"><img decoding=\"async\" class=\"vc-incubalia-4-icons__icon-image\" src=\"\"><\/a><\/div><\/div><div class=\"vc-incubalia-image-3x2-centered\"><img decoding=\"async\" class=\"vc-incubalia-image-3x2-centered__mobile-picture\" src=\"\" alt=\"\"><img decoding=\"async\" class=\"vc-incubalia-image-3x2-centered__desktop-picture\" src=\"https:\/\/www.tortosaturisme.cat\/wp-content\/uploads\/2024\/11\/01-Logo-web.jpg\" alt=\"\"><\/div>[\/vc_column][\/vc_row]<\/p>\n","protected":false},"excerpt":{"rendered":"<p>[vc_row][vc_column][\/vc_column][\/vc_row][vc_row][vc_column][\/vc_column][\/vc_row][vc_row][vc_column][\/vc_column][\/vc_row][vc_row][vc_column][\/vc_column][\/vc_row][vc_row][vc_column][\/vc_column][\/vc_row][vc_row][vc_column][\/vc_column][\/vc_row][vc_row][vc_column][\/vc_column][\/vc_row][vc_row][vc_column][\/vc_column][\/vc_row]<\/p>\n","protected":false},"author":2,"featured_media":0,"parent":0,"menu_order":0,"comment_status":"closed","ping_status":"closed","template":"","meta":{"footnotes":""},"class_list":["post-41728","page","type-page","status-publish","hentry"],"acf":[],"yoast_head":"<!-- This site is optimized with the Yoast SEO plugin v27.4 - https:\/\/yoast.com\/product\/yoast-seo-wordpress\/ -->\n<title>Nou plat tortos\u00ed - tortosaturisme<\/title>\n<meta name=\"robots\" content=\"index, follow, max-snippet:-1, max-image-preview:large, max-video-preview:-1\" \/>\n<link rel=\"canonical\" href=\"https:\/\/www.tortosaturisme.cat\/fr\/nou-plat-tortosi\/\" \/>\n<meta property=\"og:locale\" content=\"fr_FR\" \/>\n<meta property=\"og:type\" content=\"article\" \/>\n<meta property=\"og:title\" content=\"Nou plat tortos\u00ed - tortosaturisme\" \/>\n<meta property=\"og:description\" content=\"[vc_row][vc_column][\/vc_column][\/vc_row][vc_row][vc_column][\/vc_column][\/vc_row][vc_row][vc_column][\/vc_column][\/vc_row][vc_row][vc_column][\/vc_column][\/vc_row][vc_row][vc_column][\/vc_column][\/vc_row][vc_row][vc_column][\/vc_column][\/vc_row][vc_row][vc_column][\/vc_column][\/vc_row][vc_row][vc_column][\/vc_column][\/vc_row]\" \/>\n<meta property=\"og:url\" content=\"https:\/\/www.tortosaturisme.cat\/fr\/nou-plat-tortosi\/\" \/>\n<meta property=\"og:site_name\" content=\"tortosaturisme\" \/>\n<meta property=\"article:modified_time\" content=\"2026-04-03T11:04:05+00:00\" \/>\n<meta name=\"twitter:card\" content=\"summary_large_image\" \/>\n<meta name=\"twitter:label1\" content=\"Dur\u00e9e de lecture estim\u00e9e\" \/>\n\t<meta name=\"twitter:data1\" content=\"4 minutes\" \/>\n<script type=\"application\/ld+json\" class=\"yoast-schema-graph\">{\"@context\":\"https:\\\/\\\/schema.org\",\"@graph\":[{\"@type\":\"WebPage\",\"@id\":\"https:\\\/\\\/www.tortosaturisme.cat\\\/fr\\\/nou-plat-tortosi\\\/\",\"url\":\"https:\\\/\\\/www.tortosaturisme.cat\\\/fr\\\/nou-plat-tortosi\\\/\",\"name\":\"Nou plat tortos\u00ed - tortosaturisme\",\"isPartOf\":{\"@id\":\"https:\\\/\\\/www.tortosaturisme.cat\\\/fr\\\/#website\"},\"datePublished\":\"2025-09-22T11:56:13+00:00\",\"dateModified\":\"2026-04-03T11:04:05+00:00\",\"breadcrumb\":{\"@id\":\"https:\\\/\\\/www.tortosaturisme.cat\\\/fr\\\/nou-plat-tortosi\\\/#breadcrumb\"},\"inLanguage\":\"fr-FR\",\"potentialAction\":[{\"@type\":\"ReadAction\",\"target\":[\"https:\\\/\\\/www.tortosaturisme.cat\\\/fr\\\/nou-plat-tortosi\\\/\"]}]},{\"@type\":\"BreadcrumbList\",\"@id\":\"https:\\\/\\\/www.tortosaturisme.cat\\\/fr\\\/nou-plat-tortosi\\\/#breadcrumb\",\"itemListElement\":[{\"@type\":\"ListItem\",\"position\":1,\"name\":\"Home\",\"item\":\"https:\\\/\\\/www.tortosaturisme.cat\\\/fr\\\/home-page\\\/\"},{\"@type\":\"ListItem\",\"position\":2,\"name\":\"Nou plat tortos\u00ed\"}]},{\"@type\":\"WebSite\",\"@id\":\"https:\\\/\\\/www.tortosaturisme.cat\\\/fr\\\/#website\",\"url\":\"https:\\\/\\\/www.tortosaturisme.cat\\\/fr\\\/\",\"name\":\"tortosaturisme\",\"description\":\"Otro sitio realizado con WordPress\",\"potentialAction\":[{\"@type\":\"SearchAction\",\"target\":{\"@type\":\"EntryPoint\",\"urlTemplate\":\"https:\\\/\\\/www.tortosaturisme.cat\\\/fr\\\/?s={search_term_string}\"},\"query-input\":{\"@type\":\"PropertyValueSpecification\",\"valueRequired\":true,\"valueName\":\"search_term_string\"}}],\"inLanguage\":\"fr-FR\"}]}<\/script>\n<!-- \/ Yoast SEO plugin. -->","yoast_head_json":{"title":"Nou plat tortos\u00ed - tortosaturisme","robots":{"index":"index","follow":"follow","max-snippet":"max-snippet:-1","max-image-preview":"max-image-preview:large","max-video-preview":"max-video-preview:-1"},"canonical":"https:\/\/www.tortosaturisme.cat\/fr\/nou-plat-tortosi\/","og_locale":"fr_FR","og_type":"article","og_title":"Nou plat tortos\u00ed - tortosaturisme","og_description":"[vc_row][vc_column][\/vc_column][\/vc_row][vc_row][vc_column][\/vc_column][\/vc_row][vc_row][vc_column][\/vc_column][\/vc_row][vc_row][vc_column][\/vc_column][\/vc_row][vc_row][vc_column][\/vc_column][\/vc_row][vc_row][vc_column][\/vc_column][\/vc_row][vc_row][vc_column][\/vc_column][\/vc_row][vc_row][vc_column][\/vc_column][\/vc_row]","og_url":"https:\/\/www.tortosaturisme.cat\/fr\/nou-plat-tortosi\/","og_site_name":"tortosaturisme","article_modified_time":"2026-04-03T11:04:05+00:00","twitter_card":"summary_large_image","twitter_misc":{"Dur\u00e9e de lecture estim\u00e9e":"4 minutes"},"schema":{"@context":"https:\/\/schema.org","@graph":[{"@type":"WebPage","@id":"https:\/\/www.tortosaturisme.cat\/fr\/nou-plat-tortosi\/","url":"https:\/\/www.tortosaturisme.cat\/fr\/nou-plat-tortosi\/","name":"Nou plat tortos\u00ed - tortosaturisme","isPartOf":{"@id":"https:\/\/www.tortosaturisme.cat\/fr\/#website"},"datePublished":"2025-09-22T11:56:13+00:00","dateModified":"2026-04-03T11:04:05+00:00","breadcrumb":{"@id":"https:\/\/www.tortosaturisme.cat\/fr\/nou-plat-tortosi\/#breadcrumb"},"inLanguage":"fr-FR","potentialAction":[{"@type":"ReadAction","target":["https:\/\/www.tortosaturisme.cat\/fr\/nou-plat-tortosi\/"]}]},{"@type":"BreadcrumbList","@id":"https:\/\/www.tortosaturisme.cat\/fr\/nou-plat-tortosi\/#breadcrumb","itemListElement":[{"@type":"ListItem","position":1,"name":"Home","item":"https:\/\/www.tortosaturisme.cat\/fr\/home-page\/"},{"@type":"ListItem","position":2,"name":"Nou plat tortos\u00ed"}]},{"@type":"WebSite","@id":"https:\/\/www.tortosaturisme.cat\/fr\/#website","url":"https:\/\/www.tortosaturisme.cat\/fr\/","name":"tortosaturisme","description":"Otro sitio realizado con WordPress","potentialAction":[{"@type":"SearchAction","target":{"@type":"EntryPoint","urlTemplate":"https:\/\/www.tortosaturisme.cat\/fr\/?s={search_term_string}"},"query-input":{"@type":"PropertyValueSpecification","valueRequired":true,"valueName":"search_term_string"}}],"inLanguage":"fr-FR"}]}},"_links":{"self":[{"href":"https:\/\/www.tortosaturisme.cat\/fr\/wp-json\/wp\/v2\/pages\/41728","targetHints":{"allow":["GET"]}}],"collection":[{"href":"https:\/\/www.tortosaturisme.cat\/fr\/wp-json\/wp\/v2\/pages"}],"about":[{"href":"https:\/\/www.tortosaturisme.cat\/fr\/wp-json\/wp\/v2\/types\/page"}],"author":[{"embeddable":true,"href":"https:\/\/www.tortosaturisme.cat\/fr\/wp-json\/wp\/v2\/users\/2"}],"replies":[{"embeddable":true,"href":"https:\/\/www.tortosaturisme.cat\/fr\/wp-json\/wp\/v2\/comments?post=41728"}],"version-history":[{"count":12,"href":"https:\/\/www.tortosaturisme.cat\/fr\/wp-json\/wp\/v2\/pages\/41728\/revisions"}],"predecessor-version":[{"id":41766,"href":"https:\/\/www.tortosaturisme.cat\/fr\/wp-json\/wp\/v2\/pages\/41728\/revisions\/41766"}],"wp:attachment":[{"href":"https:\/\/www.tortosaturisme.cat\/fr\/wp-json\/wp\/v2\/media?parent=41728"}],"curies":[{"name":"wp","href":"https:\/\/api.w.org\/{rel}","templated":true}]}}