{"id":4224,"date":"2018-02-11T10:02:47","date_gmt":"2018-02-11T10:02:47","guid":{"rendered":"http:\/\/tortosaturisme-preprod.incubaliadev.com\/fr\/ciutat-de-lart\/"},"modified":"2025-09-20T11:42:20","modified_gmt":"2025-09-20T11:42:20","slug":"ville-d-art","status":"publish","type":"page","link":"https:\/\/www.tortosaturisme.cat\/fr\/ville-d-art\/","title":{"rendered":"Ville d&rsquo;Art"},"content":{"rendered":"<p>[vc_row][vc_column]<div class=\"vc-incubalia-big-header\"><h1 class=\"vc-incubalia-big-header__title\">Ville d'Art<\/h1><img decoding=\"async\" class=\"vc-incubalia-big-header__mobile-picture\" src=\"https:\/\/www.tortosaturisme.cat\/wp-content\/uploads\/2018\/02\/1-ciut-art-mb.jpg\">\n                  <img decoding=\"async\" class=\"vc-incubalia-big-header__desktop-picture\" src=\"https:\/\/www.tortosaturisme.cat\/wp-content\/uploads\/2018\/02\/1-ciut-art-ds.jpg\"><\/div><div class=\"vc-incubalia-text-1-column-subtitle\"><h3 class=\"vc-incubalia-text-1-column-subtitle__subtitle\">Tortosa est la capitale historique et le centre commercial principal d'un territoire qui se consacre presque enti\u00e8rement \u00e0 l'\u00e9conomie agricole et qui est attach\u00e9 \u00e0 la terre. Cela a d\u00e9termin\u00e9 la magnitude et la splendeur de la ville.<\/h3><div class=\"vc-incubalia-text-1-column-subtitle__text\"><\/p><br \/>\n<p style=\"text-align: center;\"><strong>Il est vivement conseill\u00e9 de la d\u00e9couvrir \u00e0 pied, pour voir l&rsquo;ensemble de toutes les empreintes appartenant \u00e0 chaque \u00e9poque historique<\/strong>. La ville est le berceau d&rsquo;artistes universels. Elle conserve des ensembles architectoniques tr\u00e8s int\u00e9ressants, des \u0153uvres d&rsquo;art remarquables et des collections uniques.<\/p><br \/>\n<p><\/div><\/div>[\/vc_column][\/vc_row][vc_row][vc_column]<div class=\"vc-incubalia-text-image-full\"><div class=\"vc-incubalia-text-image-full__image-container\"><img decoding=\"async\" class=\"vc-incubalia-text-image-full__image-mobile\" alt=\"\" src=\"https:\/\/www.tortosaturisme.cat\/wp-content\/uploads\/2018\/02\/2-ciutat-art-mb.jpg\"><img decoding=\"async\" class=\"vc-incubalia-text-image-full__image-desktop\" alt=\"\" src=\"https:\/\/www.tortosaturisme.cat\/wp-content\/uploads\/2018\/02\/2-ciutat-art-ds.jpg\"><i class=\"arrow-down\"><\/i><\/div><div class=\"vc-incubalia-text-image-full__text-container\"><h2 class=\"vc-incubalia-text-image-full__subtitle\">Une randonn\u00e9e par l'histoire de l'art<\/h2><div class=\"vc-incubalia-text-image-full__text\">Une promenade dans ses rues et ses quartiers vous permettra de comprendre que la ville ne se distingue pas par une seule exposition, une \u0153uvre monoth\u00e9matique ou un artiste isol\u00e9. C&rsquo;est une ville o\u00f9 vous pouvez d\u00e9couvrir la <strong>Cath\u00e9drale<\/strong>, le <strong>Ch\u00e2teau<\/strong>, les <strong>palais<\/strong> (m\u00e9di\u00e9vaux et renaissantistes), les <strong>monast\u00e8res<\/strong>, les <strong>tours<\/strong> et les <b>remparts<\/b>, les <strong>halles<\/strong>, le <strong>march\u00e9<\/strong>, les <strong>portails<\/strong>, les <strong>forts<\/strong> et les <strong>bastions<\/strong>, les <strong>ermitages<\/strong> et les <strong>chapelles<\/strong>, les <strong>bains<\/strong> et les <strong>stations thermales<\/strong>, les<strong> maisons seigneuriales<\/strong> et bourgeoises, le <strong>quartier juif<\/strong>, les <strong>dalles fun\u00e9raires<\/strong> et les <strong>restes de n&rsquo;importe quelle \u00e9poque<\/strong>, dans un amalgame et un apparent d\u00e9sordre difficile \u00e0 croire.<\/div><\/div><\/div><div class=\"vc-incubalia-5-cards\"><h2 class=\"vc-incubalia-5-cards__title\">Explorez<\/h2><h3 class=\"vc-incubalia-5-cards__subtitle\">Pour ne rien manquer<\/h3><div class=\"vc-incubalia-5-cards__card card-1 has-url\"><a href=\"\/fr\/ruta\/la-tortosa-de-la-renaissance\/\"><img decoding=\"async\" class=\"vc-incubalia-5-cards__card-mobile-picture\" src=\"https:\/\/www.tortosaturisme.cat\/wp-content\/uploads\/2018\/02\/b-1280-renaxiement-2-640x460.jpg\">\n                      <img decoding=\"async\" class=\"vc-incubalia-5-cards__card-desktop-picture\" src=\"https:\/\/www.tortosaturisme.cat\/wp-content\/uploads\/2018\/02\/b-1280-renaxiement-2.jpg\"><\/a><div class=\"vc-incubalia-5-cards__card-text-container\"><p class=\"vc-incubalia-5-cards__card-title\">Route de la Renaissance <\/p><\/div><div class=\"vc-incubalia-5-cards__card-url-container\"><span class=\"vc-incubalia-5-cards__card-url\">Lire la suite<\/span><\/div><\/div><div class=\"vc-incubalia-5-cards__card card-2 has-url\"><a href=\"\/fr\/ruta\/la-juiverie\/\"><img decoding=\"async\" class=\"vc-incubalia-5-cards__card-mobile-picture\" src=\"https:\/\/www.tortosaturisme.cat\/wp-content\/uploads\/2018\/02\/b-1280-call-j-640x460.jpg\">\n                      <img decoding=\"async\" class=\"vc-incubalia-5-cards__card-desktop-picture\" src=\"https:\/\/www.tortosaturisme.cat\/wp-content\/uploads\/2018\/02\/b-1280-call-j-640x460.jpg\"><\/a><div class=\"vc-incubalia-5-cards__card-text-container\"><p class=\"vc-incubalia-5-cards__card-title\">La juiverie<\/p><\/div><div class=\"vc-incubalia-5-cards__card-url-container\"><span class=\"vc-incubalia-5-cards__card-url\">Lire la suite<\/span><\/div><\/div><div class=\"vc-incubalia-5-cards__card-3-and-4-container\"><div class=\"vc-incubalia-5-cards__card card-3 has-url\"><a href=\"\/fr\/ruta\/les-fortifications\/\"><img decoding=\"async\" class=\"vc-incubalia-5-cards__card-mobile-picture\" src=\"https:\/\/www.tortosaturisme.cat\/wp-content\/uploads\/2018\/02\/b-1280-fortifcacions-640x460.jpg\">\n                      <img decoding=\"async\" class=\"vc-incubalia-5-cards__card-desktop-picture\" src=\"https:\/\/www.tortosaturisme.cat\/wp-content\/uploads\/2018\/02\/b-1280-fortifcacions-640x460.jpg\"><\/a><div class=\"vc-incubalia-5-cards__card-text-container\"><p class=\"vc-incubalia-5-cards__card-title\">Les fortifications<\/p><\/div><div class=\"vc-incubalia-5-cards__card-url-container\"><span class=\"vc-incubalia-5-cards__card-url\">Lire la suite<\/span><\/div><\/div><div class=\"vc-incubalia-5-cards__card card-4 has-url\"><a href=\"\/fr\/ruta\/le-modernisme\/\"><img decoding=\"async\" class=\"vc-incubalia-5-cards__card-mobile-picture\" src=\"https:\/\/www.tortosaturisme.cat\/wp-content\/uploads\/2017\/10\/modernisme-640x460.jpg\">\n                      <img decoding=\"async\" class=\"vc-incubalia-5-cards__card-desktop-picture\" src=\"https:\/\/www.tortosaturisme.cat\/wp-content\/uploads\/2017\/10\/modernisme-640x460.jpg\"><\/a><div class=\"vc-incubalia-5-cards__card-text-container\"><p class=\"vc-incubalia-5-cards__card-title\">Le Modernisme<\/p><\/div><div class=\"vc-incubalia-5-cards__card-url-container\"><span class=\"vc-incubalia-5-cards__card-url\">Lire la suite<\/span><\/div><\/div><\/div><div class=\"vc-incubalia-5-cards__card card-5 has-url\"><a href=\"\/fr\/ruta\/hemingway-et-la-guerre-civile\/\"><img decoding=\"async\" class=\"vc-incubalia-5-cards__card-mobile-picture\" src=\"https:\/\/www.tortosaturisme.cat\/wp-content\/uploads\/2018\/02\/B-1280-visites-guiades-1-640x460.jpg\">\n                      <img decoding=\"async\" class=\"vc-incubalia-5-cards__card-desktop-picture\" src=\"https:\/\/www.tortosaturisme.cat\/wp-content\/uploads\/2018\/02\/B-1280-visites-guiades-1-640x449.jpg\"><\/a><div class=\"vc-incubalia-5-cards__card-text-container\"><p class=\"vc-incubalia-5-cards__card-title\">Hemingway et la Guerre Civile<\/p><\/div><div class=\"vc-incubalia-5-cards__card-url-container\"><span class=\"vc-incubalia-5-cards__card-url\">Lire la suite<\/span><\/div><\/div><\/div><div class=\"vc-incubalia-text-image-full\"><div class=\"vc-incubalia-text-image-full__image-container\"><img decoding=\"async\" class=\"vc-incubalia-text-image-full__image-mobile\" alt=\"\" src=\"https:\/\/www.tortosaturisme.cat\/wp-content\/uploads\/2018\/02\/3-ciutat-art-bis-mb.jpg\"><img decoding=\"async\" class=\"vc-incubalia-text-image-full__image-desktop\" alt=\"\" src=\"https:\/\/www.tortosaturisme.cat\/wp-content\/uploads\/2018\/02\/3-ciutat-art-bis-ds.jpg\"><i class=\"arrow-down\"><\/i><\/div><div class=\"vc-incubalia-text-image-full__text-container\"><h2 class=\"vc-incubalia-text-image-full__subtitle\">le fait d'\u00eatre une ville bimill\u00e9nairelui a donn\u00e9 un air capable de m\u00e9langertous les styles et les tendances dans des espaces r\u00e9duits<\/h2><div class=\"vc-incubalia-text-image-full__text\">En vous promenant dans les rues, <strong>vous comprendrez comment il est possible d&rsquo;int\u00e9grer la vie quotidienne avec des \u00e9difices et des restes arch\u00e9ologiques et artistiques de premi\u00e8re importance<\/strong>. En effet, un portail baroque peut exister \u00e0 c\u00f4t\u00e9 d&rsquo;un immeuble moderniste. Vous pourrez aussi contempler des restes m\u00e9di\u00e9vaux int\u00e9gr\u00e9s dans un \u00e9difice du XXIe si\u00e8cle, ou observer minutieusement les murs et les remparts et <strong>d\u00e9couvrir des choses inattendues.<\/strong><\/div><\/div><\/div><div class=\"vc-incubalia-text-image-full\"><div class=\"vc-incubalia-text-image-full__image-container\"><img decoding=\"async\" class=\"vc-incubalia-text-image-full__image-mobile\" alt=\"\" src=\"https:\/\/www.tortosaturisme.cat\/wp-content\/uploads\/2018\/02\/4-ciutat-art-ds.jpg\"><img decoding=\"async\" class=\"vc-incubalia-text-image-full__image-desktop\" alt=\"\" src=\"https:\/\/www.tortosaturisme.cat\/wp-content\/uploads\/2018\/02\/4-ciutat-art-ds-de-veritat.jpg\"><i class=\"arrow-down\"><\/i><\/div><div class=\"vc-incubalia-text-image-full__text-container\"><div class=\"vc-incubalia-text-image-full__text\"><\/p><br \/>\n<p>Vous vous rendrez compte que <strong>des \u00e9difices notables ont \u00e9t\u00e9 resitu\u00e9s et qu&rsquo;ils n&rsquo;occupent plus leur place originale<\/strong> (les Halles, le palais Oliver de Boteller), que d&rsquo;autres ont \u00e9t\u00e9 cr\u00e9\u00e9s dans un but et qu&rsquo;ils ont aujourd&rsquo;hui une fonction diff\u00e9rente (les Abattoirs), et comment d&rsquo;autres maintiennent leur finalit\u00e9 et la fonction pour laquelle ils ont \u00e9t\u00e9 construits (le March\u00e9). Vous contemplerez comment des couvents, des palais et des maisons seigneuriales sont magnifiquement int\u00e9gr\u00e9s dans la trame urbaine, et tout cela malgr\u00e9 le fait que la ville, de par son histoire et sa situation g\u00e9ographique, a subi des d\u00e9vastations dues \u00e0 la guerre et des d\u00e9sastres.<\/div><\/div><\/div><div class=\"vc-incubalia-3-images\"><h2 class=\"vc-incubalia-3-images__title\">Quoi voir<\/h2><div class=\"vc-incubalia-3-images__image\"><a href=\"\/fr\/lieux\/?place-type=monument-fr&amp;list-view=cards\"><img decoding=\"async\" src=\"https:\/\/www.tortosaturisme.cat\/wp-content\/uploads\/2018\/02\/b-800-monuments.jpg\" alt=\"\"><\/a><a href=\"\/fr\/lieux\/?place-type=monument-fr&amp;list-view=cards\"><p class=\"vc-incubalia-3-images__image-title\">Monuments<\/p><\/a><\/div><div class=\"vc-incubalia-3-images__image\"><a href=\"\/fr\/lieux\/?place-type=museu-fr&amp;list-view=cards\"><img decoding=\"async\" src=\"https:\/\/www.tortosaturisme.cat\/wp-content\/uploads\/2018\/02\/b-800-museus.jpg\" alt=\"\"><\/a><a href=\"\/fr\/lieux\/?place-type=museu-fr&amp;list-view=cards\"><p class=\"vc-incubalia-3-images__image-title\">Mus\u00e9es<\/p><\/a><\/div><div class=\"vc-incubalia-3-images__image\"><a href=\"\/fr\/lieux\/?place-type=lloc-dinteres-fr&amp;list-view=cards\"><img decoding=\"async\" src=\"https:\/\/www.tortosaturisme.cat\/wp-content\/uploads\/2018\/02\/b-800-llocs-d-ineteres.jpg\" alt=\"\"><\/a><a href=\"\/fr\/lieux\/?place-type=lloc-dinteres-fr&amp;list-view=cards\"><p class=\"vc-incubalia-3-images__image-title\">Lieux Naturels<\/p><\/a><\/div><\/div>[\/vc_column][\/vc_row][vc_row][vc_column]<div class=\"vc-incubalia-5-cards\"><h2 class=\"vc-incubalia-5-cards__title\">\u00c0 ne pas manquer<\/h2><div class=\"vc-incubalia-5-cards__card card-1 has-url\"><a href=\"\/fr\/dix-raisons-pour-venir\/\"><img decoding=\"async\" class=\"vc-incubalia-5-cards__card-mobile-picture\" src=\"https:\/\/www.tortosaturisme.cat\/wp-content\/uploads\/2018\/02\/b-1280-10-imperdibles-640x460.jpg\">\n                      <img decoding=\"async\" class=\"vc-incubalia-5-cards__card-desktop-picture\" src=\"https:\/\/www.tortosaturisme.cat\/wp-content\/uploads\/2018\/02\/b-1280-10-imperdibles.jpg\"><\/a><div class=\"vc-incubalia-5-cards__card-text-container\"><p class=\"vc-incubalia-5-cards__card-title\">Dix raisons pour venir<\/p><\/div><div class=\"vc-incubalia-5-cards__card-url-container\"><span class=\"vc-incubalia-5-cards__card-url\">Lire la suite<\/span><\/div><\/div><div class=\"vc-incubalia-5-cards__card card-2 has-url\"><a href=\"\/fr\/tortosa-en-un-jour\/\"><img decoding=\"async\" class=\"vc-incubalia-5-cards__card-mobile-picture\" src=\"https:\/\/www.tortosaturisme.cat\/wp-content\/uploads\/2018\/02\/b-1280-tortosa-en-un-dia-640x460.jpg\">\n                      <img decoding=\"async\" class=\"vc-incubalia-5-cards__card-desktop-picture\" src=\"https:\/\/www.tortosaturisme.cat\/wp-content\/uploads\/2018\/02\/b-1280-tortosa-en-un-dia-640x460.jpg\"><\/a><div class=\"vc-incubalia-5-cards__card-text-container\"><p class=\"vc-incubalia-5-cards__card-title\">Tortosa en une journ\u00e9e<\/p><\/div><div class=\"vc-incubalia-5-cards__card-url-container\"><span class=\"vc-incubalia-5-cards__card-url\">Lire la suite<\/span><\/div><\/div><div class=\"vc-incubalia-5-cards__card-3-and-4-container\"><div class=\"vc-incubalia-5-cards__card card-3 has-url\"><a href=\"\/fr\/cultivez-l-art-de-vivre\/\"><img decoding=\"async\" class=\"vc-incubalia-5-cards__card-mobile-picture\" src=\"https:\/\/www.tortosaturisme.cat\/wp-content\/uploads\/2018\/02\/b-129-cultiva-2-640x460.jpg\">\n                      <img decoding=\"async\" class=\"vc-incubalia-5-cards__card-desktop-picture\" src=\"https:\/\/www.tortosaturisme.cat\/wp-content\/uploads\/2018\/02\/b-129-cultiva-2-640x460.jpg\"><\/a><div class=\"vc-incubalia-5-cards__card-text-container\"><p class=\"vc-incubalia-5-cards__card-title\">Cultivez l'art de vivre<\/p><\/div><div class=\"vc-incubalia-5-cards__card-url-container\"><span class=\"vc-incubalia-5-cards__card-url\">Lire la suite<\/span><\/div><\/div><div class=\"vc-incubalia-5-cards__card card-4 has-url\"><a href=\"\/fr\/la-ville-de-la-renaissance\/\"><img decoding=\"async\" class=\"vc-incubalia-5-cards__card-mobile-picture\" src=\"https:\/\/www.tortosaturisme.cat\/wp-content\/uploads\/2018\/02\/b-1280-ciutat-renaixement-2-1-640x460.jpg\">\n                      <img decoding=\"async\" class=\"vc-incubalia-5-cards__card-desktop-picture\" src=\"https:\/\/www.tortosaturisme.cat\/wp-content\/uploads\/2018\/02\/b-1280-ciutat-renaixement-2-1-640x460.jpg\"><\/a><div class=\"vc-incubalia-5-cards__card-text-container\"><p class=\"vc-incubalia-5-cards__card-title\">La ville de la Renaissance<\/p><\/div><div class=\"vc-incubalia-5-cards__card-url-container\"><span class=\"vc-incubalia-5-cards__card-url\">Lire la suite<\/span><\/div><\/div><\/div><div class=\"vc-incubalia-5-cards__card card-5 has-url\"><a href=\"\/fr\/sillonez-lebre\/\"><img decoding=\"async\" class=\"vc-incubalia-5-cards__card-mobile-picture\" src=\"https:\/\/www.tortosaturisme.cat\/wp-content\/uploads\/2018\/02\/B-1280-navega-640x460.jpg\">\n                      <img decoding=\"async\" class=\"vc-incubalia-5-cards__card-desktop-picture\" src=\"https:\/\/www.tortosaturisme.cat\/wp-content\/uploads\/2018\/02\/B-1280-navega-640x449.jpg\"><\/a><div class=\"vc-incubalia-5-cards__card-text-container\"><p class=\"vc-incubalia-5-cards__card-title\">Sillonnez l'ebre<\/p><\/div><div class=\"vc-incubalia-5-cards__card-url-container\"><span class=\"vc-incubalia-5-cards__card-url\">Lire la suite<\/span><\/div><\/div><\/div>[\/vc_column][\/vc_row][vc_row][vc_column]<div class=\"vc-incubalia-3-images\"><h2 class=\"vc-incubalia-3-images__title\">Un entourage unique<\/h2><div class=\"vc-incubalia-3-images__image\"><a href=\"\/fr\/delta-de-l-ebre\/\"><img decoding=\"async\" src=\"https:\/\/www.tortosaturisme.cat\/wp-content\/uploads\/2018\/02\/b-800-delta-e-e1560351911117.jpg\" alt=\"\"><\/a><a href=\"\/fr\/delta-de-l-ebre\/\"><p class=\"vc-incubalia-3-images__image-title\">Le Delta de l'\u00c8bre<\/p><\/a><\/div><div class=\"vc-incubalia-3-images__image\"><a href=\"\/fr\/le-parc-naturel-des-ports\/\"><img decoding=\"async\" src=\"https:\/\/www.tortosaturisme.cat\/wp-content\/uploads\/2018\/02\/b-800-ports-da.jpg\" alt=\"\"><\/a><a href=\"\/fr\/le-parc-naturel-des-ports\/\"><p class=\"vc-incubalia-3-images__image-title\">Les ports<\/p><\/a><\/div><div class=\"vc-incubalia-3-images__image\"><a href=\"\/fr\/la-voie-verte\/\"><img decoding=\"async\" src=\"https:\/\/www.tortosaturisme.cat\/wp-content\/uploads\/2018\/02\/b-800-via-verda-1.jpg\" alt=\"\"><\/a><a href=\"\/fr\/la-voie-verte\/\"><p class=\"vc-incubalia-3-images__image-title\">La Voie Verte<\/p><\/a><\/div><\/div>[\/vc_column][\/vc_row]<\/p>\n","protected":false},"excerpt":{"rendered":"<p>[vc_row][vc_column][\/vc_column][\/vc_row][vc_row][vc_column][\/vc_column][\/vc_row][vc_row][vc_column][\/vc_column][\/vc_row][vc_row][vc_column][\/vc_column][\/vc_row]<\/p>\n","protected":false},"author":2,"featured_media":0,"parent":0,"menu_order":387,"comment_status":"closed","ping_status":"closed","template":"","meta":{"footnotes":""},"class_list":["post-4224","page","type-page","status-publish","hentry"],"acf":[],"yoast_head":"<!-- This site is optimized with the Yoast SEO plugin v27.5 - https:\/\/yoast.com\/product\/yoast-seo-wordpress\/ -->\n<title>Ville d&#039;Art - Tortosa Turisme<\/title>\n<meta name=\"description\" content=\"D\u00e9couvrez Tortosa \u00e0 pied : traces historiques, architecture remarquable et \u0153uvres d\u2019art uniques, t\u00e9moignant de son riche h\u00e9ritage.\" \/>\n<meta name=\"robots\" content=\"index, follow, max-snippet:-1, max-image-preview:large, max-video-preview:-1\" \/>\n<link rel=\"canonical\" href=\"https:\/\/www.tortosaturisme.cat\/fr\/ville-d-art\/\" \/>\n<meta property=\"og:locale\" content=\"fr_FR\" \/>\n<meta property=\"og:type\" content=\"article\" \/>\n<meta property=\"og:title\" content=\"Ville d&#039;Art - Tortosa Turisme\" \/>\n<meta property=\"og:description\" content=\"D\u00e9couvrez Tortosa \u00e0 pied : traces historiques, architecture remarquable et \u0153uvres d\u2019art uniques, t\u00e9moignant de son riche h\u00e9ritage.\" \/>\n<meta property=\"og:url\" content=\"https:\/\/www.tortosaturisme.cat\/fr\/ville-d-art\/\" \/>\n<meta property=\"og:site_name\" content=\"tortosaturisme\" \/>\n<meta property=\"article:modified_time\" content=\"2025-09-20T11:42:20+00:00\" \/>\n<meta name=\"twitter:card\" content=\"summary_large_image\" \/>\n<meta name=\"twitter:label1\" content=\"Dur\u00e9e de lecture estim\u00e9e\" \/>\n\t<meta name=\"twitter:data1\" content=\"3 minutes\" \/>\n<script type=\"application\/ld+json\" class=\"yoast-schema-graph\">{\"@context\":\"https:\\\/\\\/schema.org\",\"@graph\":[{\"@type\":\"WebPage\",\"@id\":\"https:\\\/\\\/www.tortosaturisme.cat\\\/fr\\\/ville-d-art\\\/\",\"url\":\"https:\\\/\\\/www.tortosaturisme.cat\\\/fr\\\/ville-d-art\\\/\",\"name\":\"Ville d'Art - Tortosa Turisme\",\"isPartOf\":{\"@id\":\"https:\\\/\\\/www.tortosaturisme.cat\\\/fr\\\/#website\"},\"datePublished\":\"2018-02-11T10:02:47+00:00\",\"dateModified\":\"2025-09-20T11:42:20+00:00\",\"description\":\"D\u00e9couvrez Tortosa \u00e0 pied : traces historiques, architecture remarquable et \u0153uvres d\u2019art uniques, t\u00e9moignant de son riche h\u00e9ritage.\",\"breadcrumb\":{\"@id\":\"https:\\\/\\\/www.tortosaturisme.cat\\\/fr\\\/ville-d-art\\\/#breadcrumb\"},\"inLanguage\":\"fr-FR\",\"potentialAction\":[{\"@type\":\"ReadAction\",\"target\":[\"https:\\\/\\\/www.tortosaturisme.cat\\\/fr\\\/ville-d-art\\\/\"]}]},{\"@type\":\"BreadcrumbList\",\"@id\":\"https:\\\/\\\/www.tortosaturisme.cat\\\/fr\\\/ville-d-art\\\/#breadcrumb\",\"itemListElement\":[{\"@type\":\"ListItem\",\"position\":1,\"name\":\"Home\",\"item\":\"https:\\\/\\\/www.tortosaturisme.cat\\\/fr\\\/home-page\\\/\"},{\"@type\":\"ListItem\",\"position\":2,\"name\":\"Ville d&#8217;Art\"}]},{\"@type\":\"WebSite\",\"@id\":\"https:\\\/\\\/www.tortosaturisme.cat\\\/fr\\\/#website\",\"url\":\"https:\\\/\\\/www.tortosaturisme.cat\\\/fr\\\/\",\"name\":\"tortosaturisme\",\"description\":\"Otro sitio realizado con WordPress\",\"potentialAction\":[{\"@type\":\"SearchAction\",\"target\":{\"@type\":\"EntryPoint\",\"urlTemplate\":\"https:\\\/\\\/www.tortosaturisme.cat\\\/fr\\\/?s={search_term_string}\"},\"query-input\":{\"@type\":\"PropertyValueSpecification\",\"valueRequired\":true,\"valueName\":\"search_term_string\"}}],\"inLanguage\":\"fr-FR\"}]}<\/script>\n<!-- \/ Yoast SEO plugin. -->","yoast_head_json":{"title":"Ville d'Art - Tortosa Turisme","description":"D\u00e9couvrez Tortosa \u00e0 pied : traces historiques, architecture remarquable et \u0153uvres d\u2019art uniques, t\u00e9moignant de son riche h\u00e9ritage.","robots":{"index":"index","follow":"follow","max-snippet":"max-snippet:-1","max-image-preview":"max-image-preview:large","max-video-preview":"max-video-preview:-1"},"canonical":"https:\/\/www.tortosaturisme.cat\/fr\/ville-d-art\/","og_locale":"fr_FR","og_type":"article","og_title":"Ville d'Art - Tortosa Turisme","og_description":"D\u00e9couvrez Tortosa \u00e0 pied : traces historiques, architecture remarquable et \u0153uvres d\u2019art uniques, t\u00e9moignant de son riche h\u00e9ritage.","og_url":"https:\/\/www.tortosaturisme.cat\/fr\/ville-d-art\/","og_site_name":"tortosaturisme","article_modified_time":"2025-09-20T11:42:20+00:00","twitter_card":"summary_large_image","twitter_misc":{"Dur\u00e9e de lecture estim\u00e9e":"3 minutes"},"schema":{"@context":"https:\/\/schema.org","@graph":[{"@type":"WebPage","@id":"https:\/\/www.tortosaturisme.cat\/fr\/ville-d-art\/","url":"https:\/\/www.tortosaturisme.cat\/fr\/ville-d-art\/","name":"Ville d'Art - Tortosa Turisme","isPartOf":{"@id":"https:\/\/www.tortosaturisme.cat\/fr\/#website"},"datePublished":"2018-02-11T10:02:47+00:00","dateModified":"2025-09-20T11:42:20+00:00","description":"D\u00e9couvrez Tortosa \u00e0 pied : traces historiques, architecture remarquable et \u0153uvres d\u2019art uniques, t\u00e9moignant de son riche h\u00e9ritage.","breadcrumb":{"@id":"https:\/\/www.tortosaturisme.cat\/fr\/ville-d-art\/#breadcrumb"},"inLanguage":"fr-FR","potentialAction":[{"@type":"ReadAction","target":["https:\/\/www.tortosaturisme.cat\/fr\/ville-d-art\/"]}]},{"@type":"BreadcrumbList","@id":"https:\/\/www.tortosaturisme.cat\/fr\/ville-d-art\/#breadcrumb","itemListElement":[{"@type":"ListItem","position":1,"name":"Home","item":"https:\/\/www.tortosaturisme.cat\/fr\/home-page\/"},{"@type":"ListItem","position":2,"name":"Ville d&#8217;Art"}]},{"@type":"WebSite","@id":"https:\/\/www.tortosaturisme.cat\/fr\/#website","url":"https:\/\/www.tortosaturisme.cat\/fr\/","name":"tortosaturisme","description":"Otro sitio realizado con WordPress","potentialAction":[{"@type":"SearchAction","target":{"@type":"EntryPoint","urlTemplate":"https:\/\/www.tortosaturisme.cat\/fr\/?s={search_term_string}"},"query-input":{"@type":"PropertyValueSpecification","valueRequired":true,"valueName":"search_term_string"}}],"inLanguage":"fr-FR"}]}},"_links":{"self":[{"href":"https:\/\/www.tortosaturisme.cat\/fr\/wp-json\/wp\/v2\/pages\/4224","targetHints":{"allow":["GET"]}}],"collection":[{"href":"https:\/\/www.tortosaturisme.cat\/fr\/wp-json\/wp\/v2\/pages"}],"about":[{"href":"https:\/\/www.tortosaturisme.cat\/fr\/wp-json\/wp\/v2\/types\/page"}],"author":[{"embeddable":true,"href":"https:\/\/www.tortosaturisme.cat\/fr\/wp-json\/wp\/v2\/users\/2"}],"replies":[{"embeddable":true,"href":"https:\/\/www.tortosaturisme.cat\/fr\/wp-json\/wp\/v2\/comments?post=4224"}],"version-history":[{"count":9,"href":"https:\/\/www.tortosaturisme.cat\/fr\/wp-json\/wp\/v2\/pages\/4224\/revisions"}],"predecessor-version":[{"id":39562,"href":"https:\/\/www.tortosaturisme.cat\/fr\/wp-json\/wp\/v2\/pages\/4224\/revisions\/39562"}],"wp:attachment":[{"href":"https:\/\/www.tortosaturisme.cat\/fr\/wp-json\/wp\/v2\/media?parent=4224"}],"curies":[{"name":"wp","href":"https:\/\/api.w.org\/{rel}","templated":true}]}}