{"id":4226,"date":"2018-02-10T10:54:51","date_gmt":"2018-02-10T10:54:51","guid":{"rendered":"http:\/\/tortosaturisme-preprod.incubaliadev.com\/fr\/cultiva-lart-de-viure\/"},"modified":"2020-10-02T13:17:35","modified_gmt":"2020-10-02T13:17:35","slug":"cultivez-l-art-de-vivre","status":"publish","type":"page","link":"https:\/\/www.tortosaturisme.cat\/fr\/cultivez-l-art-de-vivre\/","title":{"rendered":"Cultivez l&rsquo;art de vivre"},"content":{"rendered":"<p>[vc_row][vc_column]<div class=\"vc-incubalia-big-header\"><h1 class=\"vc-incubalia-big-header__title\">Cultivez l'art de vivre<\/h1><img decoding=\"async\" class=\"vc-incubalia-big-header__mobile-picture\" src=\"https:\/\/www.tortosaturisme.cat\/wp-content\/uploads\/2018\/02\/c-cultiva-mb.jpg\">\n                  <img decoding=\"async\" class=\"vc-incubalia-big-header__desktop-picture\" src=\"https:\/\/www.tortosaturisme.cat\/wp-content\/uploads\/2018\/02\/c-cultiva-d-1920x700.jpg\"><\/div>[\/vc_column][\/vc_row][vc_row][vc_column]<div class=\"vc-incubalia-text-1-column-subtitle\"><h2 class=\"vc-incubalia-text-1-column-subtitle__title\">Laissez-vous porter et vivez sans \u00eatre press\u00e9<\/h2><h3 class=\"vc-incubalia-text-1-column-subtitle__subtitle\">Histoire, nature et savoir faire<\/h3><div class=\"vc-incubalia-text-1-column-subtitle__text\"><\/p><br \/>\n<p style=\"text-align: center;\"><strong>Imaginez<\/strong> une ville \u00e9quip\u00e9e de tous les services, mais o\u00f9 r\u00e8gne aussi <strong>le calme d&rsquo;un petit village sur les bords de l&rsquo;\u00c8bre<\/strong>. Imaginez<strong> une vie dynamique<\/strong>, culturelle, parsem\u00e9e de nombreuses f\u00eates, mais qui vous permet <strong>aussi d&rsquo;avoir acc\u00e8s \u00e0 des paysages naturels remplis de paix<\/strong>? Imaginez que vous visitez l&rsquo;<strong>un des ensembles monumentaux les plus remarquables de la Catalogne<\/strong>, mais que vous vous sentez en m\u00eame temps \u00e9loign\u00e9 de la civilisation? Tout cela est possible: <strong>c&rsquo;est Tortosa<\/strong>.<\/p><br \/>\n<p><\/div><\/div>[\/vc_column][\/vc_row][vc_row][vc_column]<div class=\"vc-incubalia-image-huge\"><img decoding=\"async\" class=\"vc-incubalia-image-huge__mobile-picture brightness-100\" src=\"https:\/\/www.tortosaturisme.cat\/wp-content\/uploads\/2018\/02\/cult-2-mb.jpg\" alt=\"\"><img decoding=\"async\" class=\"vc-incubalia-image-huge__desktop-picture brightness-100\" src=\"https:\/\/www.tortosaturisme.cat\/wp-content\/uploads\/2018\/02\/cult-2-ds.jpg\" alt=\"\"><\/div>[\/vc_column][\/vc_row][vc_row][vc_column]<div class=\"vc-incubalia-text-1-column-subtitle\"><div class=\"vc-incubalia-text-1-column-subtitle__text\"><\/p><br \/>\n<p style=\"text-align: center;\"><strong>Visiter Tortosa vous rapproche des parcs naturels du Delta de l&rsquo;\u00c8bre et des Ports<\/strong>. C&rsquo;est <strong>une ville situ\u00e9e entre la mer et la montagne<\/strong>. Elle attire presque toute la vie \u00e9conomique, sociale et culturelle de la vall\u00e9e inf\u00e9rieure de l&rsquo;\u00c8bre, gr\u00e2ce notamment \u00e0 son important centre commercial et \u00e0 ses services. Mais c&rsquo;est aussi <strong>une ville qui se caract\u00e9rise par le savoir-faire de ses habitants<\/strong>, par le calme, la gastronomie, le fait de pouvoir profiter d&rsquo;<strong>un s\u00e9jour avec tous les plaisirs garantis<\/strong>.<\/p><br \/>\n<p><\/div><\/div><div class=\"vc-incubalia-text-image-full\"><div class=\"vc-incubalia-text-image-full__image-container\"><img decoding=\"async\" class=\"vc-incubalia-text-image-full__image-mobile\" alt=\"\" src=\"https:\/\/www.tortosaturisme.cat\/wp-content\/uploads\/2018\/02\/cult-3-mb.jpg\"><img decoding=\"async\" class=\"vc-incubalia-text-image-full__image-desktop\" alt=\"\" src=\"https:\/\/www.tortosaturisme.cat\/wp-content\/uploads\/2018\/02\/cult-3-ds-1.jpg\"><i class=\"arrow-down\"><\/i><\/div><div class=\"vc-incubalia-text-image-full__text-container\"><div class=\"vc-incubalia-text-image-full__text\"><\/div><\/div><\/div>[\/vc_column][\/vc_row][vc_row][vc_column]<div class=\"vc-incubalia-text-1-column-subtitle\"><div class=\"vc-incubalia-text-1-column-subtitle__text\"><\/p><br \/>\n<p style=\"text-align: center;\">Elle est la capitale d&rsquo;<strong>une terre dot\u00e9e d&rsquo;un caract\u00e8re et d&rsquo;une identit\u00e9 bien d\u00e9finis<\/strong>, qui se refl\u00e8tent dans un h\u00e9ritage vieux de plus de 2000 ans d&rsquo;histoire, dans ses f\u00eates, sa gastronomie et ses traditions bien ancr\u00e9es. <strong>Les habitants de Tortosa adorent la gastronomie<\/strong>. La cuisine autochtone allie les produits du potager avec ceux du Delta, et ceux de la montagne avec ceux de la mer. La richesse gastronomique pleine de contrastes se transforme en un compl\u00e9ment parfait pour profiter de l&rsquo;exp\u00e9rience de la d\u00e9couverte de Tortosa. \u00c9tant proche <strong>des tr\u00e9sors gastronomiques<\/strong> d&rsquo;un bout \u00e0 l&rsquo;autre des Terres de l&rsquo;\u00c8bre, Tortosa b\u00e9n\u00e9ficie des produits les plus vari\u00e9s et les meilleurs du territoire: le <strong>riz<\/strong>, les <strong>l\u00e9gumes<\/strong>, les <strong>champignons<\/strong>, les <strong>agrumes<\/strong>, les <strong>fruits sucr\u00e9s<\/strong>, les <strong>moules<\/strong>, les <strong>gambas<\/strong>, les <strong>crevettes-mantes<\/strong>, les <strong>anguilles<\/strong>, les <strong>saucisses<\/strong>, les <strong>boudins de riz<\/strong>, l&rsquo;<strong>agneau<\/strong>&#8230;<\/p><br \/>\n<p><\/div><\/div><div class=\"vc-incubalia-text-image-full\"><div class=\"vc-incubalia-text-image-full__image-container\"><img decoding=\"async\" class=\"vc-incubalia-text-image-full__image-mobile\" alt=\"\" src=\"https:\/\/www.tortosaturisme.cat\/wp-content\/uploads\/2018\/02\/cult-4-mb.jpg\"><img decoding=\"async\" class=\"vc-incubalia-text-image-full__image-desktop\" alt=\"\" src=\"https:\/\/www.tortosaturisme.cat\/wp-content\/uploads\/2018\/02\/cult-4-ds.jpg\"><i class=\"arrow-down\"><\/i><\/div><div class=\"vc-incubalia-text-image-full__text-container\"><div class=\"vc-incubalia-text-image-full__text\"><\/div><\/div><\/div>[\/vc_column][\/vc_row][vc_row][vc_column]<div class=\"vc-incubalia-text-1-column-subtitle\"><div class=\"vc-incubalia-text-1-column-subtitle__text\"><\/p><br \/>\n<p style=\"text-align: center;\"><strong>Le March\u00e9 municipal<\/strong> est tout particuli\u00e8rement anim\u00e9. On peut y trouver certains produits tr\u00e8s appr\u00e9ci\u00e9s dans cette ville, comme <strong>l&rsquo;\u00e9glefin<\/strong> (ou la morue), les <strong>petits g\u00e2teaux<\/strong> et les <strong>boudins au riz<\/strong>. Tout au long de l&rsquo;ann\u00e9e, des <strong>\u00e9v\u00e9nements gastronomiques<\/strong> sont organis\u00e9s, comme les Journ\u00e9es de la morue sal\u00e9e (Abadejo) en mars, les Journ\u00e9es de la Cuisine cadienne, qui co\u00efncident avec le Festival de Jazz en juillet, ou une route de tapas en automne. Les villages de Tortosa organisent aussi, entre autres, la <strong>Foire de l&rsquo;Huile<\/strong> de Jes\u00fas, de la <strong>Cl\u00e9mentine<\/strong> \u00e0 B\u00edtem ou du <strong>Lactaire d\u00e9licieux<\/strong> \u00e0 Els Reguers.<\/p><br \/>\n<p><\/div><\/div><div class=\"vc-incubalia-text-image-full\"><div class=\"vc-incubalia-text-image-full__image-container\"><img decoding=\"async\" class=\"vc-incubalia-text-image-full__image-mobile\" alt=\"\" src=\"https:\/\/www.tortosaturisme.cat\/wp-content\/uploads\/2018\/02\/cult-5-mb.jpg\"><img decoding=\"async\" class=\"vc-incubalia-text-image-full__image-desktop\" alt=\"\" src=\"https:\/\/www.tortosaturisme.cat\/wp-content\/uploads\/2018\/02\/cult-5-ds.jpg\"><i class=\"arrow-down\"><\/i><\/div><div class=\"vc-incubalia-text-image-full__text-container\"><div class=\"vc-incubalia-text-image-full__text\"><\/div><\/div><\/div><div class=\"vc-incubalia-text-1-column-subtitle\"><div class=\"vc-incubalia-text-1-column-subtitle__text\"><\/p><br \/>\n<p style=\"text-align: center;\"><strong>Venez d\u00e9couvrir Tortosa en parcourant ses ruelles et ses palais charg\u00e9s de pass\u00e9<\/strong>, en vous promenant dans les recoins pleins d&rsquo;histoire, en contemplant la vie sur chaque terrasse, sur chaque place. C&rsquo;est une ville tourn\u00e9e vers le pass\u00e9 et le futur. Vous pourrez profiter de toutes les possibilit\u00e9s qu&rsquo;elle vous offre, comme un bon repas avec vue sur le fleuve et la Cath\u00e9drale, se perdre dans les ruelles de son vieux centre ou boire un verre de vin au moment du coucher de soleil \u00e0 bord de la felouque de la ville, au milieu de la rivi\u00e8re. <strong>\u00c0 Tortosa, vous cultiverez l&rsquo;art de vivre !<\/strong><\/p><br \/>\n<p><\/div><\/div><div class=\"vc-incubalia-5-cards\"><h2 class=\"vc-incubalia-5-cards__title\">On vous conseille<\/h2><div class=\"vc-incubalia-5-cards__card card-1 has-url\"><a href=\"\/fr\/tortosa-en-un-jour\/\"><img decoding=\"async\" class=\"vc-incubalia-5-cards__card-mobile-picture\" src=\"https:\/\/www.tortosaturisme.cat\/wp-content\/uploads\/2018\/02\/B-1280-Tort-1-dia-640x460.jpg\">\n                      <img decoding=\"async\" class=\"vc-incubalia-5-cards__card-desktop-picture\" src=\"https:\/\/www.tortosaturisme.cat\/wp-content\/uploads\/2018\/02\/B-1280-Tort-1-dia.jpg\"><\/a><div class=\"vc-incubalia-5-cards__card-text-container\"><p class=\"vc-incubalia-5-cards__card-title\">Tortosa en une journ\u00e9e<\/p><\/div><div class=\"vc-incubalia-5-cards__card-url-container\"><span class=\"vc-incubalia-5-cards__card-url\">Lire la suite<\/span><\/div><\/div><div class=\"vc-incubalia-5-cards__card card-2 has-url\"><a href=\"\/fr\/la-cuisine-des-terres-de-lebre\/\"><img decoding=\"async\" class=\"vc-incubalia-5-cards__card-mobile-picture\" src=\"https:\/\/www.tortosaturisme.cat\/wp-content\/uploads\/2018\/02\/B-1280-cuina-tor-640x460.jpg\">\n                      <img decoding=\"async\" class=\"vc-incubalia-5-cards__card-desktop-picture\" src=\"https:\/\/www.tortosaturisme.cat\/wp-content\/uploads\/2018\/02\/B-1280-cuina-tor-640x460.jpg\"><\/a><div class=\"vc-incubalia-5-cards__card-text-container\"><p class=\"vc-incubalia-5-cards__card-title\">La cuisine des Terres de l'\u00c8bre<\/p><\/div><div class=\"vc-incubalia-5-cards__card-url-container\"><span class=\"vc-incubalia-5-cards__card-url\">Lire la suite<\/span><\/div><\/div><div class=\"vc-incubalia-5-cards__card-3-and-4-container\"><div class=\"vc-incubalia-5-cards__card card-3 has-url\"><a href=\"\/fr\/le-marche\/\"><img decoding=\"async\" class=\"vc-incubalia-5-cards__card-mobile-picture\" src=\"https:\/\/www.tortosaturisme.cat\/wp-content\/uploads\/2018\/02\/B-1280-mercat-640x460.jpg\">\n                      <img decoding=\"async\" class=\"vc-incubalia-5-cards__card-desktop-picture\" src=\"https:\/\/www.tortosaturisme.cat\/wp-content\/uploads\/2018\/02\/B-1280-mercat-640x460.jpg\"><\/a><div class=\"vc-incubalia-5-cards__card-text-container\"><p class=\"vc-incubalia-5-cards__card-title\">Le march\u00e9<\/p><\/div><div class=\"vc-incubalia-5-cards__card-url-container\"><span class=\"vc-incubalia-5-cards__card-url\">Lire la suite<\/span><\/div><\/div><div class=\"vc-incubalia-5-cards__card card-4 has-url\"><a href=\"\/fr\/la-voie-verte\/\"><img decoding=\"async\" class=\"vc-incubalia-5-cards__card-mobile-picture\" src=\"https:\/\/www.tortosaturisme.cat\/wp-content\/uploads\/2018\/02\/B-1280-via-verda-2-640x460.jpg\">\n                      <img decoding=\"async\" class=\"vc-incubalia-5-cards__card-desktop-picture\" src=\"https:\/\/www.tortosaturisme.cat\/wp-content\/uploads\/2018\/02\/B-1280-via-verda-2-640x460.jpg\"><\/a><div class=\"vc-incubalia-5-cards__card-text-container\"><p class=\"vc-incubalia-5-cards__card-title\">La Voie Verte<\/p><\/div><div class=\"vc-incubalia-5-cards__card-url-container\"><span class=\"vc-incubalia-5-cards__card-url\">Lire la suite<\/span><\/div><\/div><\/div><div class=\"vc-incubalia-5-cards__card card-5 has-url\"><a href=\"\/fr\/ville-d-art\/\"><img decoding=\"async\" class=\"vc-incubalia-5-cards__card-mobile-picture\" src=\"https:\/\/www.tortosaturisme.cat\/wp-content\/uploads\/2018\/02\/b-1280-ciutat-art-640x460.jpg\">\n                      <img decoding=\"async\" class=\"vc-incubalia-5-cards__card-desktop-picture\" src=\"https:\/\/www.tortosaturisme.cat\/wp-content\/uploads\/2018\/02\/b-1280-ciutat-art-640x449.jpg\"><\/a><div class=\"vc-incubalia-5-cards__card-text-container\"><p class=\"vc-incubalia-5-cards__card-title\">Ville d'art<\/p><\/div><div class=\"vc-incubalia-5-cards__card-url-container\"><span class=\"vc-incubalia-5-cards__card-url\">Lire la suite<\/span><\/div><\/div><\/div>[\/vc_column][\/vc_row][vc_row][vc_column]<div class=\"vc-incubalia-3-images\"><h2 class=\"vc-incubalia-3-images__title\">On vous propose<\/h2><div class=\"vc-incubalia-3-images__image\"><a href=\"\/fr\/experiencies\/?experience-type=packs-turistics-fr&list-view=cards\"><img decoding=\"async\" src=\"https:\/\/www.tortosaturisme.cat\/wp-content\/uploads\/2018\/02\/B-800-vista-tor.jpg\" alt=\"\"><\/a><a href=\"\/fr\/experiencies\/?experience-type=packs-turistics-fr&list-view=cards\"><p class=\"vc-incubalia-3-images__image-title\">Forfaits<\/p><\/a><\/div><div class=\"vc-incubalia-3-images__image\"><a href=\"\/fr\/experiencies\/?experience-type=navegacio-fr&list-view=cards\"><img decoding=\"async\" src=\"https:\/\/www.tortosaturisme.cat\/wp-content\/uploads\/2018\/02\/B-800-navega-1.jpg\" alt=\"\"><\/a><a href=\"\/fr\/experiencies\/?experience-type=navegacio-fr&list-view=cards\"><p class=\"vc-incubalia-3-images__image-title\">Navigations sur l'\u00c8bre<\/p><\/a><\/div><div class=\"vc-incubalia-3-images__image\"><a href=\"\/fr\/experiencies\/?experience-type=gastronomiques&list-view=cards\"><img decoding=\"async\" src=\"https:\/\/www.tortosaturisme.cat\/wp-content\/uploads\/2018\/02\/B-800-exp-gastro.jpg\" alt=\"\"><\/a><a href=\"\/fr\/experiencies\/?experience-type=gastronomiques&list-view=cards\"><p class=\"vc-incubalia-3-images__image-title\">Exp\u00e9riences gastronomiques<\/p><\/a><\/div><\/div>[\/vc_column][\/vc_row]<\/p>\n","protected":false},"excerpt":{"rendered":"<p>[vc_row][vc_column][\/vc_column][\/vc_row][vc_row][vc_column][\/vc_column][\/vc_row][vc_row][vc_column][\/vc_column][\/vc_row][vc_row][vc_column][\/vc_column][\/vc_row][vc_row][vc_column][\/vc_column][\/vc_row][vc_row][vc_column][\/vc_column][\/vc_row][vc_row][vc_column][\/vc_column][\/vc_row]<\/p>\n","protected":false},"author":2,"featured_media":0,"parent":0,"menu_order":401,"comment_status":"closed","ping_status":"closed","template":"","meta":{"footnotes":""},"class_list":["post-4226","page","type-page","status-publish","hentry"],"acf":[],"yoast_head":"<!-- This site is optimized with the Yoast SEO plugin v27.5 - https:\/\/yoast.com\/product\/yoast-seo-wordpress\/ -->\n<title>Cultivez l&#039;art de vivre - tortosaturisme<\/title>\n<meta name=\"robots\" content=\"index, follow, max-snippet:-1, max-image-preview:large, max-video-preview:-1\" \/>\n<link rel=\"canonical\" href=\"https:\/\/www.tortosaturisme.cat\/fr\/cultivez-l-art-de-vivre\/\" \/>\n<meta property=\"og:locale\" content=\"fr_FR\" \/>\n<meta property=\"og:type\" content=\"article\" \/>\n<meta property=\"og:title\" content=\"Cultivez l&#039;art de vivre - tortosaturisme\" \/>\n<meta property=\"og:description\" content=\"[vc_row][vc_column][\/vc_column][\/vc_row][vc_row][vc_column][\/vc_column][\/vc_row][vc_row][vc_column][\/vc_column][\/vc_row][vc_row][vc_column][\/vc_column][\/vc_row][vc_row][vc_column][\/vc_column][\/vc_row][vc_row][vc_column][\/vc_column][\/vc_row][vc_row][vc_column][\/vc_column][\/vc_row]\" \/>\n<meta property=\"og:url\" content=\"https:\/\/www.tortosaturisme.cat\/fr\/cultivez-l-art-de-vivre\/\" \/>\n<meta property=\"og:site_name\" content=\"tortosaturisme\" \/>\n<meta property=\"article:modified_time\" content=\"2020-10-02T13:17:35+00:00\" \/>\n<meta name=\"twitter:card\" content=\"summary_large_image\" \/>\n<meta name=\"twitter:label1\" content=\"Dur\u00e9e de lecture estim\u00e9e\" \/>\n\t<meta name=\"twitter:data1\" content=\"4 minutes\" \/>\n<script type=\"application\/ld+json\" class=\"yoast-schema-graph\">{\"@context\":\"https:\\\/\\\/schema.org\",\"@graph\":[{\"@type\":\"WebPage\",\"@id\":\"https:\\\/\\\/www.tortosaturisme.cat\\\/fr\\\/cultivez-l-art-de-vivre\\\/\",\"url\":\"https:\\\/\\\/www.tortosaturisme.cat\\\/fr\\\/cultivez-l-art-de-vivre\\\/\",\"name\":\"Cultivez l'art de vivre - tortosaturisme\",\"isPartOf\":{\"@id\":\"https:\\\/\\\/www.tortosaturisme.cat\\\/fr\\\/#website\"},\"datePublished\":\"2018-02-10T10:54:51+00:00\",\"dateModified\":\"2020-10-02T13:17:35+00:00\",\"breadcrumb\":{\"@id\":\"https:\\\/\\\/www.tortosaturisme.cat\\\/fr\\\/cultivez-l-art-de-vivre\\\/#breadcrumb\"},\"inLanguage\":\"fr-FR\",\"potentialAction\":[{\"@type\":\"ReadAction\",\"target\":[\"https:\\\/\\\/www.tortosaturisme.cat\\\/fr\\\/cultivez-l-art-de-vivre\\\/\"]}]},{\"@type\":\"BreadcrumbList\",\"@id\":\"https:\\\/\\\/www.tortosaturisme.cat\\\/fr\\\/cultivez-l-art-de-vivre\\\/#breadcrumb\",\"itemListElement\":[{\"@type\":\"ListItem\",\"position\":1,\"name\":\"Home\",\"item\":\"https:\\\/\\\/www.tortosaturisme.cat\\\/fr\\\/home-page\\\/\"},{\"@type\":\"ListItem\",\"position\":2,\"name\":\"Cultivez l&rsquo;art de vivre\"}]},{\"@type\":\"WebSite\",\"@id\":\"https:\\\/\\\/www.tortosaturisme.cat\\\/fr\\\/#website\",\"url\":\"https:\\\/\\\/www.tortosaturisme.cat\\\/fr\\\/\",\"name\":\"tortosaturisme\",\"description\":\"Otro sitio realizado con WordPress\",\"potentialAction\":[{\"@type\":\"SearchAction\",\"target\":{\"@type\":\"EntryPoint\",\"urlTemplate\":\"https:\\\/\\\/www.tortosaturisme.cat\\\/fr\\\/?s={search_term_string}\"},\"query-input\":{\"@type\":\"PropertyValueSpecification\",\"valueRequired\":true,\"valueName\":\"search_term_string\"}}],\"inLanguage\":\"fr-FR\"}]}<\/script>\n<!-- \/ Yoast SEO plugin. -->","yoast_head_json":{"title":"Cultivez l'art de vivre - tortosaturisme","robots":{"index":"index","follow":"follow","max-snippet":"max-snippet:-1","max-image-preview":"max-image-preview:large","max-video-preview":"max-video-preview:-1"},"canonical":"https:\/\/www.tortosaturisme.cat\/fr\/cultivez-l-art-de-vivre\/","og_locale":"fr_FR","og_type":"article","og_title":"Cultivez l'art de vivre - tortosaturisme","og_description":"[vc_row][vc_column][\/vc_column][\/vc_row][vc_row][vc_column][\/vc_column][\/vc_row][vc_row][vc_column][\/vc_column][\/vc_row][vc_row][vc_column][\/vc_column][\/vc_row][vc_row][vc_column][\/vc_column][\/vc_row][vc_row][vc_column][\/vc_column][\/vc_row][vc_row][vc_column][\/vc_column][\/vc_row]","og_url":"https:\/\/www.tortosaturisme.cat\/fr\/cultivez-l-art-de-vivre\/","og_site_name":"tortosaturisme","article_modified_time":"2020-10-02T13:17:35+00:00","twitter_card":"summary_large_image","twitter_misc":{"Dur\u00e9e de lecture estim\u00e9e":"4 minutes"},"schema":{"@context":"https:\/\/schema.org","@graph":[{"@type":"WebPage","@id":"https:\/\/www.tortosaturisme.cat\/fr\/cultivez-l-art-de-vivre\/","url":"https:\/\/www.tortosaturisme.cat\/fr\/cultivez-l-art-de-vivre\/","name":"Cultivez l'art de vivre - tortosaturisme","isPartOf":{"@id":"https:\/\/www.tortosaturisme.cat\/fr\/#website"},"datePublished":"2018-02-10T10:54:51+00:00","dateModified":"2020-10-02T13:17:35+00:00","breadcrumb":{"@id":"https:\/\/www.tortosaturisme.cat\/fr\/cultivez-l-art-de-vivre\/#breadcrumb"},"inLanguage":"fr-FR","potentialAction":[{"@type":"ReadAction","target":["https:\/\/www.tortosaturisme.cat\/fr\/cultivez-l-art-de-vivre\/"]}]},{"@type":"BreadcrumbList","@id":"https:\/\/www.tortosaturisme.cat\/fr\/cultivez-l-art-de-vivre\/#breadcrumb","itemListElement":[{"@type":"ListItem","position":1,"name":"Home","item":"https:\/\/www.tortosaturisme.cat\/fr\/home-page\/"},{"@type":"ListItem","position":2,"name":"Cultivez l&rsquo;art de vivre"}]},{"@type":"WebSite","@id":"https:\/\/www.tortosaturisme.cat\/fr\/#website","url":"https:\/\/www.tortosaturisme.cat\/fr\/","name":"tortosaturisme","description":"Otro sitio realizado con WordPress","potentialAction":[{"@type":"SearchAction","target":{"@type":"EntryPoint","urlTemplate":"https:\/\/www.tortosaturisme.cat\/fr\/?s={search_term_string}"},"query-input":{"@type":"PropertyValueSpecification","valueRequired":true,"valueName":"search_term_string"}}],"inLanguage":"fr-FR"}]}},"_links":{"self":[{"href":"https:\/\/www.tortosaturisme.cat\/fr\/wp-json\/wp\/v2\/pages\/4226","targetHints":{"allow":["GET"]}}],"collection":[{"href":"https:\/\/www.tortosaturisme.cat\/fr\/wp-json\/wp\/v2\/pages"}],"about":[{"href":"https:\/\/www.tortosaturisme.cat\/fr\/wp-json\/wp\/v2\/types\/page"}],"author":[{"embeddable":true,"href":"https:\/\/www.tortosaturisme.cat\/fr\/wp-json\/wp\/v2\/users\/2"}],"replies":[{"embeddable":true,"href":"https:\/\/www.tortosaturisme.cat\/fr\/wp-json\/wp\/v2\/comments?post=4226"}],"version-history":[{"count":10,"href":"https:\/\/www.tortosaturisme.cat\/fr\/wp-json\/wp\/v2\/pages\/4226\/revisions"}],"predecessor-version":[{"id":15851,"href":"https:\/\/www.tortosaturisme.cat\/fr\/wp-json\/wp\/v2\/pages\/4226\/revisions\/15851"}],"wp:attachment":[{"href":"https:\/\/www.tortosaturisme.cat\/fr\/wp-json\/wp\/v2\/media?parent=4226"}],"curies":[{"name":"wp","href":"https:\/\/api.w.org\/{rel}","templated":true}]}}