{"id":4233,"date":"2018-02-08T23:45:20","date_gmt":"2018-02-08T23:45:20","guid":{"rendered":"http:\/\/tortosaturisme-preprod.incubaliadev.com\/fr\/a-cel-obert\/"},"modified":"2025-10-02T09:46:56","modified_gmt":"2025-10-02T09:46:56","slug":"a-cel-obert","status":"publish","type":"page","link":"https:\/\/www.tortosaturisme.cat\/fr\/a-cel-obert\/","title":{"rendered":"A Cel Obert"},"content":{"rendered":"<p>[vc_row][vc_column]<div class=\"vc-incubalia-image-huge\"><h1 class=\"vc-incubalia-image-huge__title\" style=\"font-size: 56px;\">A Cel Obert<\/h1><img decoding=\"async\" class=\"vc-incubalia-image-huge__mobile-picture\" src=\"https:\/\/www.tortosaturisme.cat\/wp-content\/uploads\/2018\/02\/1-cel-obert-mb.jpg\" alt=\"\"><img decoding=\"async\" class=\"vc-incubalia-image-huge__desktop-picture\" src=\"https:\/\/www.tortosaturisme.cat\/wp-content\/uploads\/2018\/02\/1-cel-obert-ds.jpg\" alt=\"\"><\/div>[\/vc_column][\/vc_row][vc_row][vc_column]<div class=\"vc-incubalia-text-1-column-subtitle\"><h2 class=\"vc-incubalia-text-1-column-subtitle__title\">Un festival innovant, original, captivant, r\u00e9flexif...<\/h2><div class=\"vc-incubalia-text-1-column-subtitle__text\"><\/p><br \/>\n<p style=\"text-align: center;\">Nombreux sont les adjectifs qui peuvent d\u00e9finir le Festival d&rsquo;interventions \u00e9ph\u00e9m\u00e8res A Cel Obert (\u00c0 ciel ouvert), qui a lieu <strong>en octobre<\/strong>. Le festival fait des patios de grande valeur patrimoniale de certains \u00e9difices monumentaux et de la vieille ville de Tortosa le d\u00e9cor des diverses installations artistiques. Le but du festival est de<strong> faire de Tortosa le si\u00e8ge de la cr\u00e9ation<\/strong>, de mettre en valeur le patrimoine architectural de la commune et de diffuser et rapprocher l&rsquo;art \u00e9ph\u00e9m\u00e8re du public en g\u00e9n\u00e9ral. <strong>Un dialogue s&rsquo;\u00e9tablit ainsi entre l&rsquo;architecture la plus classique d&rsquo;il y a plusieurs si\u00e8cles et les \u0153uvres d&rsquo;art les plus contemporaines<\/strong>.<\/p><br \/>\n<p><\/div><\/div>[\/vc_column][\/vc_row][vc_row][vc_column]<div class=\"vc-incubalia-image-huge\"><img decoding=\"async\" class=\"vc-incubalia-image-huge__mobile-picture brightness-100\" src=\"https:\/\/www.tortosaturisme.cat\/wp-content\/uploads\/2018\/02\/2-cel-obert-ds.mb_.jpg\" alt=\"\"><img decoding=\"async\" class=\"vc-incubalia-image-huge__desktop-picture brightness-100\" src=\"https:\/\/www.tortosaturisme.cat\/wp-content\/uploads\/2018\/02\/2-cel-obert-ds.jpg\" alt=\"\"><\/div><div class=\"vc-incubalia-spacer\"><\/div>[\/vc_column][\/vc_row][vc_row][vc_column]<div class=\"vc-incubalia-text-1-column-subtitle\"><div class=\"vc-incubalia-text-1-column-subtitle__text\"><\/p><br \/>\n<p style=\"text-align: center;\">Les propositions des architectes, artistes et designers, pr\u00e9par\u00e9es au millim\u00e8tre pr\u00e8s pour chaque patio en particulier, sont choisies par un jury qui \u00e9value la technique, la conformit\u00e9 de la th\u00e9matique et aussi le concept artistique. <strong>Chaque \u00e9dition traite d&rsquo;un sujet diff\u00e9rent<\/strong>, si bien que dans certaines \u00e9ditions nous avons vu les patios tr\u00e8s color\u00e9s, d&rsquo;autres avec des interventions sur le concept du temps, sur la perspective, le contraste&#8230; Mais attention, <strong>les patios o\u00f9 se d\u00e9roulent ces interventions ne peuvent \u00eatre visit\u00e9s que pendant trois jours<\/strong>. Ensuite&#8230; ils disparaissent.<\/p><br \/>\n<p><\/div><\/div><div class=\"vc-incubalia-text-image-full\"><div class=\"vc-incubalia-text-image-full__image-container\"><img decoding=\"async\" class=\"vc-incubalia-text-image-full__image-mobile\" alt=\"\" src=\"https:\/\/www.tortosaturisme.cat\/wp-content\/uploads\/2018\/02\/3-cel-obert-mb-bo-768x350.jpg\"><img decoding=\"async\" class=\"vc-incubalia-text-image-full__image-desktop\" alt=\"\" src=\"https:\/\/www.tortosaturisme.cat\/wp-content\/uploads\/2018\/02\/3-cel-obert-mb.jpg\"><i class=\"arrow-down\"><\/i><\/div><div class=\"vc-incubalia-text-image-full__text-container\"><div class=\"vc-incubalia-text-image-full__text\"><\/div><\/div><\/div>[\/vc_column][\/vc_row][vc_row][vc_column]<div class=\"vc-incubalia-text-1-column-subtitle\"><div class=\"vc-incubalia-text-1-column-subtitle__text\"><\/p><br \/>\n<p style=\"text-align: center;\">Le festival renforce la proposition culturelle et touristique du territoire en ouvrant les portes de ses patios aux citoyens. Nombre de ces espaces, d&rsquo;une grande importance historique, restent ferm\u00e9s au public le reste de l&rsquo;ann\u00e9e\u00a0; le festival est alors <strong>une belle occasion de d\u00e9couvrir ce patrimoine riche en art.<\/strong><\/p><br \/>\n<p><\/div><\/div>[\/vc_column][\/vc_row][vc_row][vc_column]<div class=\"vc-incubalia-3-images\"><h2 class=\"vc-incubalia-3-images__title\">En savoir plus<\/h2><div class=\"vc-incubalia-3-images__image\"><a href=\"https:\/\/acelobertfestival.cat\/en\/actual-edition\/\"><img decoding=\"async\" src=\"https:\/\/www.tortosaturisme.cat\/wp-content\/uploads\/2018\/02\/b-800-cel-obert.jpg\" alt=\"\"><\/a><a href=\"https:\/\/acelobertfestival.cat\/en\/actual-edition\/\"><p class=\"vc-incubalia-3-images__image-title\">Site<\/p><\/a><p class=\"vc-incubalia-3-images__image-subtitle\">Toute l'information et programme du festival<\/p><\/div><div class=\"vc-incubalia-3-images__image\"><a href=\"\/fr\/lieux\/?place-type=monument-fr&list-view=cards\"><img decoding=\"async\" src=\"https:\/\/www.tortosaturisme.cat\/wp-content\/uploads\/2018\/02\/b-800-reials-col-legis.jpg\" alt=\"\"><\/a><a href=\"\/fr\/lieux\/?place-type=monument-fr&list-view=cards\"><p class=\"vc-incubalia-3-images__image-title\">Monuments<\/p><\/a><p class=\"vc-incubalia-3-images__image-subtitle\">Le festival transforme les cours historiques, mais, comment sont-ils le reste de l'ann\u00e9e?<\/p><\/div><div class=\"vc-incubalia-3-images__image\"><a href=\"\/fr\/cultivez-l-art-de-vivre\/\"><img decoding=\"async\" src=\"https:\/\/www.tortosaturisme.cat\/wp-content\/uploads\/2018\/02\/b-800-experiencies-navegacio.jpg\" alt=\"\"><\/a><a href=\"\/fr\/cultivez-l-art-de-vivre\/\"><p class=\"vc-incubalia-3-images__image-title\">Cultivez l'art de vivre<\/p><\/a><p class=\"vc-incubalia-3-images__image-subtitle\">Venir \u00e0 Tortosa c'est retourner \u00e0 un territoire qui vit dans son propre rythme <\/p><\/div><\/div>[\/vc_column][\/vc_row][vc_row][vc_column]<div class=\"vc-incubalia-4-images\"><h2 class=\"vc-incubalia-4-images__title\">Vivez la ville et le territoire<\/h2><div class=\"vc-incubalia-4-images__image has-url\"\"><a href=\"\/fr\/experiencies\/\"><img decoding=\"async\" src=\"https:\/\/www.tortosaturisme.cat\/wp-content\/uploads\/2018\/02\/b-900-visites-guiades.jpg\" alt=\"\"><\/a><div class=\"vc-incubalia-4-images__image-text-container\"><p class=\"vc-incubalia-4-images__image-title\">Exp\u00e9riences <\/p><\/div><div class=\"vc-incubalia-4-images__image-url-container\"><span class=\"vc-incubalia-4-images__image-url\">Lire la suite<\/span><\/div><\/div><div class=\"vc-incubalia-4-images__image has-url\"\"><a href=\"\/fr\/experiencies\/?experience-type=a-laire-lliure-fr&list-view=cards\"><img decoding=\"async\" src=\"https:\/\/www.tortosaturisme.cat\/wp-content\/uploads\/2018\/02\/b-900-600-aire-lliure.jpg\" alt=\"\"><\/a><div class=\"vc-incubalia-4-images__image-text-container\"><p class=\"vc-incubalia-4-images__image-title\">En plein air<\/p><p class=\"vc-incubalia-4-images__image-subtitle\">Randon\u00e9es \u00e0 pied, en 4x4 ou \u00e0 v\u00e9lo<\/p><\/div><div class=\"vc-incubalia-4-images__image-url-container\"><span class=\"vc-incubalia-4-images__image-url\">Lire la suite<\/span><\/div><\/div><div class=\"vc-incubalia-4-images__image has-url\"\"><a href=\"\/fr\/experiencies\/?experience-type=al-riu-fr&list-view=cards\"><img decoding=\"async\" src=\"https:\/\/www.tortosaturisme.cat\/wp-content\/uploads\/2018\/02\/b-900-navega-1.jpg\" alt=\"\"><\/a><div class=\"vc-incubalia-4-images__image-text-container\"><p class=\"vc-incubalia-4-images__image-title\">Sur le fleuve<\/p><\/div><div class=\"vc-incubalia-4-images__image-url-container\"><span class=\"vc-incubalia-4-images__image-url\">Lire la suite<\/span><\/div><\/div><div class=\"vc-incubalia-4-images__image has-url\"\"><a href=\"\/fr\/experiencies\/?experience-type=amb-nens-fr&list-view=cards\"><img decoding=\"async\" src=\"https:\/\/www.tortosaturisme.cat\/wp-content\/uploads\/2018\/02\/b-900-club-poni.jpg\" alt=\"\"><\/a><div class=\"vc-incubalia-4-images__image-text-container\"><p class=\"vc-incubalia-4-images__image-title\">Avec des enfants<\/p><\/div><div class=\"vc-incubalia-4-images__image-url-container\"><span class=\"vc-incubalia-4-images__image-url\">Lire la suite<\/span><\/div><\/div><\/div>[\/vc_column][\/vc_row]<\/p>\n","protected":false},"excerpt":{"rendered":"<p>[vc_row][vc_column][\/vc_column][\/vc_row][vc_row][vc_column][\/vc_column][\/vc_row][vc_row][vc_column][\/vc_column][\/vc_row][vc_row][vc_column][\/vc_column][\/vc_row][vc_row][vc_column][\/vc_column][\/vc_row][vc_row][vc_column][\/vc_column][\/vc_row][vc_row][vc_column][\/vc_column][\/vc_row]<\/p>\n","protected":false},"author":2,"featured_media":0,"parent":0,"menu_order":414,"comment_status":"closed","ping_status":"closed","template":"","meta":{"footnotes":""},"class_list":["post-4233","page","type-page","status-publish","hentry"],"acf":[],"yoast_head":"<!-- This site is optimized with the Yoast SEO plugin v27.5 - https:\/\/yoast.com\/product\/yoast-seo-wordpress\/ -->\n<title>A Cel Obert - tortosaturisme<\/title>\n<meta name=\"robots\" content=\"index, follow, max-snippet:-1, max-image-preview:large, max-video-preview:-1\" \/>\n<link rel=\"canonical\" href=\"https:\/\/www.tortosaturisme.cat\/fr\/a-cel-obert\/\" \/>\n<meta property=\"og:locale\" content=\"fr_FR\" \/>\n<meta property=\"og:type\" content=\"article\" \/>\n<meta property=\"og:title\" content=\"A Cel Obert - tortosaturisme\" \/>\n<meta property=\"og:description\" content=\"[vc_row][vc_column][\/vc_column][\/vc_row][vc_row][vc_column][\/vc_column][\/vc_row][vc_row][vc_column][\/vc_column][\/vc_row][vc_row][vc_column][\/vc_column][\/vc_row][vc_row][vc_column][\/vc_column][\/vc_row][vc_row][vc_column][\/vc_column][\/vc_row][vc_row][vc_column][\/vc_column][\/vc_row]\" \/>\n<meta property=\"og:url\" content=\"https:\/\/www.tortosaturisme.cat\/fr\/a-cel-obert\/\" \/>\n<meta property=\"og:site_name\" content=\"tortosaturisme\" \/>\n<meta property=\"article:modified_time\" content=\"2025-10-02T09:46:56+00:00\" \/>\n<meta name=\"twitter:card\" content=\"summary_large_image\" \/>\n<meta name=\"twitter:label1\" content=\"Dur\u00e9e de lecture estim\u00e9e\" \/>\n\t<meta name=\"twitter:data1\" content=\"3 minutes\" \/>\n<script type=\"application\/ld+json\" class=\"yoast-schema-graph\">{\"@context\":\"https:\\\/\\\/schema.org\",\"@graph\":[{\"@type\":\"WebPage\",\"@id\":\"https:\\\/\\\/www.tortosaturisme.cat\\\/fr\\\/a-cel-obert\\\/\",\"url\":\"https:\\\/\\\/www.tortosaturisme.cat\\\/fr\\\/a-cel-obert\\\/\",\"name\":\"A Cel Obert - tortosaturisme\",\"isPartOf\":{\"@id\":\"https:\\\/\\\/www.tortosaturisme.cat\\\/fr\\\/#website\"},\"datePublished\":\"2018-02-08T23:45:20+00:00\",\"dateModified\":\"2025-10-02T09:46:56+00:00\",\"breadcrumb\":{\"@id\":\"https:\\\/\\\/www.tortosaturisme.cat\\\/fr\\\/a-cel-obert\\\/#breadcrumb\"},\"inLanguage\":\"fr-FR\",\"potentialAction\":[{\"@type\":\"ReadAction\",\"target\":[\"https:\\\/\\\/www.tortosaturisme.cat\\\/fr\\\/a-cel-obert\\\/\"]}]},{\"@type\":\"BreadcrumbList\",\"@id\":\"https:\\\/\\\/www.tortosaturisme.cat\\\/fr\\\/a-cel-obert\\\/#breadcrumb\",\"itemListElement\":[{\"@type\":\"ListItem\",\"position\":1,\"name\":\"Home\",\"item\":\"https:\\\/\\\/www.tortosaturisme.cat\\\/fr\\\/home-page\\\/\"},{\"@type\":\"ListItem\",\"position\":2,\"name\":\"A Cel Obert\"}]},{\"@type\":\"WebSite\",\"@id\":\"https:\\\/\\\/www.tortosaturisme.cat\\\/fr\\\/#website\",\"url\":\"https:\\\/\\\/www.tortosaturisme.cat\\\/fr\\\/\",\"name\":\"tortosaturisme\",\"description\":\"Otro sitio realizado con WordPress\",\"potentialAction\":[{\"@type\":\"SearchAction\",\"target\":{\"@type\":\"EntryPoint\",\"urlTemplate\":\"https:\\\/\\\/www.tortosaturisme.cat\\\/fr\\\/?s={search_term_string}\"},\"query-input\":{\"@type\":\"PropertyValueSpecification\",\"valueRequired\":true,\"valueName\":\"search_term_string\"}}],\"inLanguage\":\"fr-FR\"}]}<\/script>\n<!-- \/ Yoast SEO plugin. -->","yoast_head_json":{"title":"A Cel Obert - tortosaturisme","robots":{"index":"index","follow":"follow","max-snippet":"max-snippet:-1","max-image-preview":"max-image-preview:large","max-video-preview":"max-video-preview:-1"},"canonical":"https:\/\/www.tortosaturisme.cat\/fr\/a-cel-obert\/","og_locale":"fr_FR","og_type":"article","og_title":"A Cel Obert - tortosaturisme","og_description":"[vc_row][vc_column][\/vc_column][\/vc_row][vc_row][vc_column][\/vc_column][\/vc_row][vc_row][vc_column][\/vc_column][\/vc_row][vc_row][vc_column][\/vc_column][\/vc_row][vc_row][vc_column][\/vc_column][\/vc_row][vc_row][vc_column][\/vc_column][\/vc_row][vc_row][vc_column][\/vc_column][\/vc_row]","og_url":"https:\/\/www.tortosaturisme.cat\/fr\/a-cel-obert\/","og_site_name":"tortosaturisme","article_modified_time":"2025-10-02T09:46:56+00:00","twitter_card":"summary_large_image","twitter_misc":{"Dur\u00e9e de lecture estim\u00e9e":"3 minutes"},"schema":{"@context":"https:\/\/schema.org","@graph":[{"@type":"WebPage","@id":"https:\/\/www.tortosaturisme.cat\/fr\/a-cel-obert\/","url":"https:\/\/www.tortosaturisme.cat\/fr\/a-cel-obert\/","name":"A Cel Obert - tortosaturisme","isPartOf":{"@id":"https:\/\/www.tortosaturisme.cat\/fr\/#website"},"datePublished":"2018-02-08T23:45:20+00:00","dateModified":"2025-10-02T09:46:56+00:00","breadcrumb":{"@id":"https:\/\/www.tortosaturisme.cat\/fr\/a-cel-obert\/#breadcrumb"},"inLanguage":"fr-FR","potentialAction":[{"@type":"ReadAction","target":["https:\/\/www.tortosaturisme.cat\/fr\/a-cel-obert\/"]}]},{"@type":"BreadcrumbList","@id":"https:\/\/www.tortosaturisme.cat\/fr\/a-cel-obert\/#breadcrumb","itemListElement":[{"@type":"ListItem","position":1,"name":"Home","item":"https:\/\/www.tortosaturisme.cat\/fr\/home-page\/"},{"@type":"ListItem","position":2,"name":"A Cel Obert"}]},{"@type":"WebSite","@id":"https:\/\/www.tortosaturisme.cat\/fr\/#website","url":"https:\/\/www.tortosaturisme.cat\/fr\/","name":"tortosaturisme","description":"Otro sitio realizado con WordPress","potentialAction":[{"@type":"SearchAction","target":{"@type":"EntryPoint","urlTemplate":"https:\/\/www.tortosaturisme.cat\/fr\/?s={search_term_string}"},"query-input":{"@type":"PropertyValueSpecification","valueRequired":true,"valueName":"search_term_string"}}],"inLanguage":"fr-FR"}]}},"_links":{"self":[{"href":"https:\/\/www.tortosaturisme.cat\/fr\/wp-json\/wp\/v2\/pages\/4233","targetHints":{"allow":["GET"]}}],"collection":[{"href":"https:\/\/www.tortosaturisme.cat\/fr\/wp-json\/wp\/v2\/pages"}],"about":[{"href":"https:\/\/www.tortosaturisme.cat\/fr\/wp-json\/wp\/v2\/types\/page"}],"author":[{"embeddable":true,"href":"https:\/\/www.tortosaturisme.cat\/fr\/wp-json\/wp\/v2\/users\/2"}],"replies":[{"embeddable":true,"href":"https:\/\/www.tortosaturisme.cat\/fr\/wp-json\/wp\/v2\/comments?post=4233"}],"version-history":[{"count":14,"href":"https:\/\/www.tortosaturisme.cat\/fr\/wp-json\/wp\/v2\/pages\/4233\/revisions"}],"predecessor-version":[{"id":39673,"href":"https:\/\/www.tortosaturisme.cat\/fr\/wp-json\/wp\/v2\/pages\/4233\/revisions\/39673"}],"wp:attachment":[{"href":"https:\/\/www.tortosaturisme.cat\/fr\/wp-json\/wp\/v2\/media?parent=4233"}],"curies":[{"name":"wp","href":"https:\/\/api.w.org\/{rel}","templated":true}]}}