{"id":4252,"date":"2018-02-11T18:17:34","date_gmt":"2018-02-11T18:17:34","guid":{"rendered":"http:\/\/tortosaturisme-preprod.incubaliadev.com\/fr\/els-ports\/"},"modified":"2025-09-19T16:36:34","modified_gmt":"2025-09-19T16:36:34","slug":"le-parc-naturel-de-els-ports","status":"publish","type":"page","link":"https:\/\/www.tortosaturisme.cat\/fr\/le-parc-naturel-de-els-ports\/","title":{"rendered":"Le Parc Naturel de Els Ports"},"content":{"rendered":"<p>[vc_row][vc_column]<div class=\"vc-incubalia-big-header\"><h1 class=\"vc-incubalia-big-header__title\">Le parc naturel de Els Ports<\/h1><img decoding=\"async\" class=\"vc-incubalia-big-header__mobile-picture\" src=\"https:\/\/www.tortosaturisme.cat\/wp-content\/uploads\/2018\/02\/1-els-ports-mb.jpg\">\n                  <img decoding=\"async\" class=\"vc-incubalia-big-header__desktop-picture\" src=\"https:\/\/www.tortosaturisme.cat\/wp-content\/uploads\/2018\/02\/1-els-ports-ds.jpg\"><\/div>[\/vc_column][\/vc_row][vc_row][vc_column]<div class=\"vc-incubalia-text-1-column-subtitle\"><h3 class=\"vc-incubalia-text-1-column-subtitle__subtitle\">Ravins, torrents, falaises, sentiers et pistes, gorges d'une beaut\u00e9 chromatique incroyable, alternant avec des for\u00eats touffues et planes d'une \u00e9paisseur exub\u00e9rante.<\/h3><div class=\"vc-incubalia-text-1-column-subtitle__text\"><\/p><br \/>\n<p style=\"text-align: center;\">Els Ports, <strong>lo Port<\/strong> pour les habitants de ces cantons, est un massif montagneux qui appartient \u00e0 la cordill\u00e8re littorale catalane, situ\u00e9e \u00e0 la confluence administrative de Tarragone, Terol et Castell\u00f3. C&rsquo;est un carrefour o\u00f9 les liens \u00e9troits entre les diff\u00e9rents villages cr\u00e9ent <strong>une richesse ajout\u00e9e aux valeurs naturelles et \u00e0 l&rsquo;int\u00e9r\u00eat biog\u00e9ographique exceptionnel<\/strong>. Depuis 2001, il est class\u00e9 Parc Naturel. Il s&rsquo;\u00e9tend sur plus de 35\u00a0000 ha.<\/p><br \/>\n<p><\/div><\/div>[\/vc_column][\/vc_row][vc_row][vc_column]<div class=\"vc-incubalia-image-huge\"><img decoding=\"async\" class=\"vc-incubalia-image-huge__mobile-picture brightness-100\" src=\"https:\/\/www.tortosaturisme.cat\/wp-content\/uploads\/2018\/02\/2-els-ports-mb-bis.jpg\" alt=\"\"><img decoding=\"async\" class=\"vc-incubalia-image-huge__desktop-picture brightness-100\" src=\"https:\/\/www.tortosaturisme.cat\/wp-content\/uploads\/2018\/02\/2-els-ports-ds-bis.jpg\" alt=\"\"><\/div>[\/vc_column][\/vc_row][vc_row][vc_column]<div class=\"vc-incubalia-text-1-column-subtitle\"><div class=\"vc-incubalia-text-1-column-subtitle__text\"><\/p><br \/>\n<p style=\"text-align: center;\"><strong>Le sommet le plus \u00e9lev\u00e9 de tout le massif est le Mont Caro<\/strong>, avec 1447 m d&rsquo;altitude, au-dessus de Tortosa et la vall\u00e9e de l&rsquo;\u00c8bre. Le <strong><em>Mons Sacer<\/em><\/strong>, d\u00e9j\u00e0 appel\u00e9 ainsi au IVe si\u00e8cle par Avi\u00e8, constitue le v\u00e9ritable Olympe des gens du pays et domine de sa pr\u00e9sence le tron\u00e7on final de la vall\u00e9e de l&rsquo;\u00c8bre. Il sert de toile de fond au Delta lui-m\u00eame et, illumin\u00e9 par le sol levant, il absorbe les tonalit\u00e9s de couleur \u00e0 la mani\u00e8re d&rsquo;un tableau impressionniste. \u00c0 la tomb\u00e9e du jour, il d\u00e9coupe l&rsquo;horizon avec une combinaison surprenante de lumi\u00e8res et d&rsquo;ombres, <strong>formant un paysage qui attire tous les regards et transforme ce lieu en une r\u00e9f\u00e9rence dans la r\u00e9gion<\/strong>.<\/p><br \/>\n<p><\/div><\/div><div class=\"vc-incubalia-text-image-full\"><div class=\"vc-incubalia-text-image-full__image-container\"><img decoding=\"async\" class=\"vc-incubalia-text-image-full__image-mobile\" alt=\"\" src=\"https:\/\/www.tortosaturisme.cat\/wp-content\/uploads\/2018\/02\/5-escapada-mb.jpg\"><img decoding=\"async\" class=\"vc-incubalia-text-image-full__image-desktop\" alt=\"\" src=\"https:\/\/www.tortosaturisme.cat\/wp-content\/uploads\/2018\/02\/5-escapada-ds.jpg\"><i class=\"arrow-down\"><\/i><\/div><div class=\"vc-incubalia-text-image-full__text-container\"><div class=\"vc-incubalia-text-image-full__text\"><\/div><\/div><\/div>[\/vc_column][\/vc_row][vc_row][vc_column]<div class=\"vc-incubalia-text-1-column-subtitle\"><div class=\"vc-incubalia-text-1-column-subtitle__text\"><\/p><br \/>\n<p style=\"text-align: center;\"><strong>Les passionn\u00e9s de la botanique, les d\u00e9vots de la zoologie, les amateurs d&rsquo;ethnologie, les experts en g\u00e9ologie et en hydrographie<\/strong>, trouvent toutes les excuses du monde pour r\u00e9aliser les<strong> centaines d&rsquo;itin\u00e9raires possibles<\/strong>. Dot\u00e9 d&rsquo;une orographie cisel\u00e9e et sauvage, parfois tortueuse et labyrinthique, il constitue un cadre incomparable et <strong>une destination parfaite pour r\u00e9aliser des activit\u00e9s et faire du sport dans la nature<\/strong>. Justement, les amateurs de nature pourront s&rsquo;y perdre <strong>\u00e0 pied<\/strong>, <strong>en v\u00e9lo<\/strong>, et <strong>faire de l&rsquo;escalade<\/strong>, <strong>de la sp\u00e9l\u00e9ologie ou du canyonisme<\/strong>, gr\u00e2ce \u00e0 un guide de services bien pr\u00e9par\u00e9.<\/p><br \/>\n<p><\/div><\/div><div class=\"vc-incubalia-text-image-full\"><div class=\"vc-incubalia-text-image-full__image-container\"><img decoding=\"async\" class=\"vc-incubalia-text-image-full__image-mobile\" alt=\"\" src=\"https:\/\/www.tortosaturisme.cat\/wp-content\/uploads\/2018\/02\/3-ports-mb.jpg\"><img decoding=\"async\" class=\"vc-incubalia-text-image-full__image-desktop\" alt=\"\" src=\"https:\/\/www.tortosaturisme.cat\/wp-content\/uploads\/2018\/02\/3-ports-ds-1.jpg\"><i class=\"arrow-down\"><\/i><\/div><div class=\"vc-incubalia-text-image-full__text-container\"><div class=\"vc-incubalia-text-image-full__text\"><\/div><\/div><\/div><div class=\"vc-incubalia-text-1-column-subtitle\"><h3 class=\"vc-incubalia-text-1-column-subtitle__subtitle\">Els Ports s'allient harmonieusement et parfaitement avec le charme de villages pleins d'histoire, d'art et de tradition, avec des paysages spectaculaires, une flore et une faune riches, ainsi qu'une gastronomie pleine de saveur et d'ar\u00f4me.<\/h3><div class=\"vc-incubalia-text-1-column-subtitle__text\"><\/p><br \/>\n<p>Enfin, il faut tenir compte du fait que le Parc Naturel est un espace prot\u00e9g\u00e9 dans lequel la biodiversit\u00e9 et les diff\u00e9rents usages et propri\u00e9t\u00e9s existants doivent \u00eatre pr\u00e9serv\u00e9s.<\/p><br \/>\n<p><\/div><\/div>[\/vc_column][\/vc_row][vc_row][vc_column]<div class=\"vc-incubalia-5-cards\"><h2 class=\"vc-incubalia-5-cards__title\">Explorez l'entourage<\/h2><div class=\"vc-incubalia-5-cards__card card-1 has-url\"><a href=\"\/fr\/la-voie-verte\/\"><img decoding=\"async\" class=\"vc-incubalia-5-cards__card-mobile-picture\" src=\"https:\/\/www.tortosaturisme.cat\/wp-content\/uploads\/2018\/02\/b-1280-via-verda-2-640x460.jpg\">\n                      <img decoding=\"async\" class=\"vc-incubalia-5-cards__card-desktop-picture\" src=\"https:\/\/www.tortosaturisme.cat\/wp-content\/uploads\/2018\/02\/b-1280-via-verda-2.jpg\"><\/a><div class=\"vc-incubalia-5-cards__card-text-container\"><p class=\"vc-incubalia-5-cards__card-title\">La Voie Verte<\/p><\/div><div class=\"vc-incubalia-5-cards__card-url-container\"><span class=\"vc-incubalia-5-cards__card-url\">Lire la suite<\/span><\/div><\/div><div class=\"vc-incubalia-5-cards__card card-2 has-url\"><a href=\"\/fr\/delta-de-l-ebre\/\"><img decoding=\"async\" class=\"vc-incubalia-5-cards__card-mobile-picture\" src=\"https:\/\/www.tortosaturisme.cat\/wp-content\/uploads\/2018\/02\/B-1280-entorn-640x460.jpg\">\n                      <img decoding=\"async\" class=\"vc-incubalia-5-cards__card-desktop-picture\" src=\"https:\/\/www.tortosaturisme.cat\/wp-content\/uploads\/2018\/02\/B-1280-entorn-640x460.jpg\"><\/a><div class=\"vc-incubalia-5-cards__card-text-container\"><p class=\"vc-incubalia-5-cards__card-title\">Le Delta de l'\u00c8bre <\/p><\/div><div class=\"vc-incubalia-5-cards__card-url-container\"><span class=\"vc-incubalia-5-cards__card-url\">Lire la suite<\/span><\/div><\/div><div class=\"vc-incubalia-5-cards__card-3-and-4-container\"><div class=\"vc-incubalia-5-cards__card card-3 has-url\"><a href=\"\/fr\/sillonez-lebre\/\"><img decoding=\"async\" class=\"vc-incubalia-5-cards__card-mobile-picture\" src=\"https:\/\/www.tortosaturisme.cat\/wp-content\/uploads\/2018\/02\/b-1280-tortosa-en-un-dia-640x460.jpg\">\n                      <img decoding=\"async\" class=\"vc-incubalia-5-cards__card-desktop-picture\" src=\"https:\/\/www.tortosaturisme.cat\/wp-content\/uploads\/2018\/02\/b-1280-tortosa-en-un-dia-640x460.jpg\"><\/a><div class=\"vc-incubalia-5-cards__card-text-container\"><p class=\"vc-incubalia-5-cards__card-title\">Sillonnez l'\u00c8bre<\/p><\/div><div class=\"vc-incubalia-5-cards__card-url-container\"><span class=\"vc-incubalia-5-cards__card-url\">Lire la suite<\/span><\/div><\/div><div class=\"vc-incubalia-5-cards__card card-4 has-url\"><a href=\"\/fr\/la-ville-de-la-renaissance\/\"><img decoding=\"async\" class=\"vc-incubalia-5-cards__card-mobile-picture\" src=\"https:\/\/www.tortosaturisme.cat\/wp-content\/uploads\/2018\/02\/b-1280-ciutat-renaixement-2-1-640x460.jpg\">\n                      <img decoding=\"async\" class=\"vc-incubalia-5-cards__card-desktop-picture\" src=\"https:\/\/www.tortosaturisme.cat\/wp-content\/uploads\/2018\/02\/b-1280-ciutat-renaixement-2-1-640x460.jpg\"><\/a><div class=\"vc-incubalia-5-cards__card-text-container\"><p class=\"vc-incubalia-5-cards__card-title\">La ville de la renaissance<\/p><\/div><div class=\"vc-incubalia-5-cards__card-url-container\"><span class=\"vc-incubalia-5-cards__card-url\">Lire la suite<\/span><\/div><\/div><\/div><div class=\"vc-incubalia-5-cards__card card-5 has-url\"><a href=\"\/fr\/dix-raisons-pour-venir\/\"><img decoding=\"async\" class=\"vc-incubalia-5-cards__card-mobile-picture\" src=\"https:\/\/www.tortosaturisme.cat\/wp-content\/uploads\/2018\/02\/B-1280-tortosa-1-dia-640x460.jpg\">\n                      <img decoding=\"async\" class=\"vc-incubalia-5-cards__card-desktop-picture\" src=\"https:\/\/www.tortosaturisme.cat\/wp-content\/uploads\/2018\/02\/B-1280-tortosa-1-dia-640x449.jpg\"><\/a><div class=\"vc-incubalia-5-cards__card-text-container\"><p class=\"vc-incubalia-5-cards__card-title\">Dix raisons pour venir<\/p><\/div><div class=\"vc-incubalia-5-cards__card-url-container\"><span class=\"vc-incubalia-5-cards__card-url\">Lire la suite<\/span><\/div><\/div><\/div>[\/vc_column][\/vc_row][vc_row][vc_column]<div class=\"vc-incubalia-3-images\"><h2 class=\"vc-incubalia-3-images__title\">Exp\u00e9riences<\/h2><div class=\"vc-incubalia-3-images__image\"><a href=\"\/fr\/experiencies\/?experience-type=navegacio-fr&amp;list-view=cards\"><img decoding=\"async\" src=\"https:\/\/www.tortosaturisme.cat\/wp-content\/uploads\/2018\/02\/b-800-experiencies-navegacio.jpg\" alt=\"\"><\/a><a href=\"\/fr\/experiencies\/?experience-type=navegacio-fr&amp;list-view=cards\"><p class=\"vc-incubalia-3-images__image-title\">Navigation<\/p><\/a><\/div><div class=\"vc-incubalia-3-images__image\"><a href=\"\/fr\/experiencies\/?experience-type=en-piragua-fr&amp;list-view=cards\"><img decoding=\"async\" src=\"https:\/\/www.tortosaturisme.cat\/wp-content\/uploads\/2018\/02\/b-800-piragua.jpg\" alt=\"\"><\/a><a href=\"\/fr\/experiencies\/?experience-type=en-piragua-fr&amp;list-view=cards\"><p class=\"vc-incubalia-3-images__image-title\">Kayak et cano\u00eb<\/p><\/a><\/div><div class=\"vc-incubalia-3-images__image\"><a href=\"\/fr\/experiencies\/?experience-type=a-laire-lliure-fr&amp;list-view=cards\"><img decoding=\"async\" src=\"https:\/\/www.tortosaturisme.cat\/wp-content\/uploads\/2018\/02\/b-800-exc.jpg\" alt=\"\"><\/a><a href=\"\/fr\/experiencies\/?experience-type=a-laire-lliure-fr&amp;list-view=cards\"><p class=\"vc-incubalia-3-images__image-title\">En plein air<\/p><\/a><\/div><\/div>[\/vc_column][\/vc_row][vc_row][vc_column]<div class=\"vc-incubalia-3-images\"><h2 class=\"vc-incubalia-3-images__title\">On vous propose<\/h2><div class=\"vc-incubalia-3-images__image\"><a href=\"\/fr\/une-escapade-de-week-end\/\"><img decoding=\"async\" src=\"https:\/\/www.tortosaturisme.cat\/wp-content\/uploads\/2018\/02\/B-800-600-escapada-finde.jpg\" alt=\"\"><\/a><a href=\"\/fr\/une-escapade-de-week-end\/\"><p class=\"vc-incubalia-3-images__image-title\">Une escapade id\u00e9ale<\/p><\/a><\/div><div class=\"vc-incubalia-3-images__image\"><a href=\"\/fr\/la-cuisine-des-terres-de-lebre\/\"><img decoding=\"async\" src=\"https:\/\/www.tortosaturisme.cat\/wp-content\/uploads\/2018\/02\/B-800-600-cuina.jpg\" alt=\"\"><\/a><a href=\"\/fr\/la-cuisine-des-terres-de-lebre\/\"><p class=\"vc-incubalia-3-images__image-title\">La cuisine des Terres de l'\u00c8bre<\/p><\/a><\/div><div class=\"vc-incubalia-3-images__image\"><a href=\"\/fr\/restaurants\/\"><img decoding=\"async\" src=\"https:\/\/www.tortosaturisme.cat\/wp-content\/uploads\/2018\/02\/B-800-600-rutes.jpg\" alt=\"\"><\/a><a href=\"\/fr\/restaurants\/\"><p class=\"vc-incubalia-3-images__image-title\">Restaurants<\/p><\/a><\/div><\/div>[\/vc_column][\/vc_row][vc_row][vc_column]<div class=\"vc-incubalia-3-images\"><h2 class=\"vc-incubalia-3-images__title\">Routes<\/h2><div class=\"vc-incubalia-3-images__image\"><a href=\"\/fr\/routes-a-velo\/\"><img decoding=\"async\" src=\"https:\/\/www.tortosaturisme.cat\/wp-content\/uploads\/2018\/02\/b-800-btt.jpg\" alt=\"\"><\/a><a href=\"\/fr\/routes-a-velo\/\"><p class=\"vc-incubalia-3-images__image-title\">Routes \u00e0 v\u00e9lo <\/p><\/a><\/div><div class=\"vc-incubalia-3-images__image\"><a href=\"\/fr\/ruta\/hemingway-et-la-guerre-civile\/\"><img decoding=\"async\" src=\"https:\/\/www.tortosaturisme.cat\/wp-content\/uploads\/2018\/02\/b-800-hemingway.jpg\" alt=\"\"><\/a><a href=\"\/fr\/ruta\/hemingway-et-la-guerre-civile\/\"><p class=\"vc-incubalia-3-images__image-title\">Hemingway et la Guerre Civile<\/p><\/a><\/div><div class=\"vc-incubalia-3-images__image\"><a href=\"\/fr\/ruta\/le-modernisme\/\"><img decoding=\"async\" src=\"https:\/\/www.tortosaturisme.cat\/wp-content\/uploads\/2018\/02\/b-800-modernisme-3.jpg\" alt=\"\"><\/a><a href=\"\/fr\/ruta\/le-modernisme\/\"><p class=\"vc-incubalia-3-images__image-title\">Le Modernisme<\/p><\/a><\/div><\/div>[\/vc_column][\/vc_row]<\/p>\n","protected":false},"excerpt":{"rendered":"<p>[vc_row][vc_column][\/vc_column][\/vc_row][vc_row][vc_column][\/vc_column][\/vc_row][vc_row][vc_column][\/vc_column][\/vc_row][vc_row][vc_column][\/vc_column][\/vc_row][vc_row][vc_column][\/vc_column][\/vc_row][vc_row][vc_column][\/vc_column][\/vc_row][vc_row][vc_column][\/vc_column][\/vc_row][vc_row][vc_column][\/vc_column][\/vc_row][vc_row][vc_column][\/vc_column][\/vc_row]<\/p>\n","protected":false},"author":2,"featured_media":0,"parent":0,"menu_order":343,"comment_status":"closed","ping_status":"closed","template":"","meta":{"footnotes":""},"class_list":["post-4252","page","type-page","status-publish","hentry"],"acf":[],"yoast_head":"<!-- This site is optimized with the Yoast SEO plugin v27.5 - https:\/\/yoast.com\/product\/yoast-seo-wordpress\/ -->\n<title>Le Parc Naturel de Els Ports - tortosaturisme<\/title>\n<meta name=\"description\" content=\"Les Ports, massif montagneux class\u00e9 Parc Naturel, \u00e0 la confluence de Tarragone, Terol et Castell\u00f3, offre une richesse naturelle unique.\" \/>\n<meta name=\"robots\" content=\"index, follow, max-snippet:-1, max-image-preview:large, max-video-preview:-1\" \/>\n<link rel=\"canonical\" href=\"https:\/\/www.tortosaturisme.cat\/fr\/le-parc-naturel-de-els-ports\/\" \/>\n<meta property=\"og:locale\" content=\"fr_FR\" \/>\n<meta property=\"og:type\" content=\"article\" \/>\n<meta property=\"og:title\" content=\"Le Parc Naturel de Els Ports - tortosaturisme\" \/>\n<meta property=\"og:description\" content=\"Les Ports, massif montagneux class\u00e9 Parc Naturel, \u00e0 la confluence de Tarragone, Terol et Castell\u00f3, offre une richesse naturelle unique.\" \/>\n<meta property=\"og:url\" content=\"https:\/\/www.tortosaturisme.cat\/fr\/le-parc-naturel-de-els-ports\/\" \/>\n<meta property=\"og:site_name\" content=\"tortosaturisme\" \/>\n<meta property=\"article:modified_time\" content=\"2025-09-19T16:36:34+00:00\" \/>\n<meta name=\"twitter:card\" content=\"summary_large_image\" \/>\n<meta name=\"twitter:label1\" content=\"Dur\u00e9e de lecture estim\u00e9e\" \/>\n\t<meta name=\"twitter:data1\" content=\"3 minutes\" \/>\n<script type=\"application\/ld+json\" class=\"yoast-schema-graph\">{\"@context\":\"https:\\\/\\\/schema.org\",\"@graph\":[{\"@type\":\"WebPage\",\"@id\":\"https:\\\/\\\/www.tortosaturisme.cat\\\/fr\\\/le-parc-naturel-de-els-ports\\\/\",\"url\":\"https:\\\/\\\/www.tortosaturisme.cat\\\/fr\\\/le-parc-naturel-de-els-ports\\\/\",\"name\":\"Le Parc Naturel de Els Ports - tortosaturisme\",\"isPartOf\":{\"@id\":\"https:\\\/\\\/www.tortosaturisme.cat\\\/fr\\\/#website\"},\"datePublished\":\"2018-02-11T18:17:34+00:00\",\"dateModified\":\"2025-09-19T16:36:34+00:00\",\"description\":\"Les Ports, massif montagneux class\u00e9 Parc Naturel, \u00e0 la confluence de Tarragone, Terol et Castell\u00f3, offre une richesse naturelle unique.\",\"breadcrumb\":{\"@id\":\"https:\\\/\\\/www.tortosaturisme.cat\\\/fr\\\/le-parc-naturel-de-els-ports\\\/#breadcrumb\"},\"inLanguage\":\"fr-FR\",\"potentialAction\":[{\"@type\":\"ReadAction\",\"target\":[\"https:\\\/\\\/www.tortosaturisme.cat\\\/fr\\\/le-parc-naturel-de-els-ports\\\/\"]}]},{\"@type\":\"BreadcrumbList\",\"@id\":\"https:\\\/\\\/www.tortosaturisme.cat\\\/fr\\\/le-parc-naturel-de-els-ports\\\/#breadcrumb\",\"itemListElement\":[{\"@type\":\"ListItem\",\"position\":1,\"name\":\"Home\",\"item\":\"https:\\\/\\\/www.tortosaturisme.cat\\\/fr\\\/home-page\\\/\"},{\"@type\":\"ListItem\",\"position\":2,\"name\":\"Le Parc Naturel de Els Ports\"}]},{\"@type\":\"WebSite\",\"@id\":\"https:\\\/\\\/www.tortosaturisme.cat\\\/fr\\\/#website\",\"url\":\"https:\\\/\\\/www.tortosaturisme.cat\\\/fr\\\/\",\"name\":\"tortosaturisme\",\"description\":\"Otro sitio realizado con WordPress\",\"potentialAction\":[{\"@type\":\"SearchAction\",\"target\":{\"@type\":\"EntryPoint\",\"urlTemplate\":\"https:\\\/\\\/www.tortosaturisme.cat\\\/fr\\\/?s={search_term_string}\"},\"query-input\":{\"@type\":\"PropertyValueSpecification\",\"valueRequired\":true,\"valueName\":\"search_term_string\"}}],\"inLanguage\":\"fr-FR\"}]}<\/script>\n<!-- \/ Yoast SEO plugin. -->","yoast_head_json":{"title":"Le Parc Naturel de Els Ports - tortosaturisme","description":"Les Ports, massif montagneux class\u00e9 Parc Naturel, \u00e0 la confluence de Tarragone, Terol et Castell\u00f3, offre une richesse naturelle unique.","robots":{"index":"index","follow":"follow","max-snippet":"max-snippet:-1","max-image-preview":"max-image-preview:large","max-video-preview":"max-video-preview:-1"},"canonical":"https:\/\/www.tortosaturisme.cat\/fr\/le-parc-naturel-de-els-ports\/","og_locale":"fr_FR","og_type":"article","og_title":"Le Parc Naturel de Els Ports - tortosaturisme","og_description":"Les Ports, massif montagneux class\u00e9 Parc Naturel, \u00e0 la confluence de Tarragone, Terol et Castell\u00f3, offre une richesse naturelle unique.","og_url":"https:\/\/www.tortosaturisme.cat\/fr\/le-parc-naturel-de-els-ports\/","og_site_name":"tortosaturisme","article_modified_time":"2025-09-19T16:36:34+00:00","twitter_card":"summary_large_image","twitter_misc":{"Dur\u00e9e de lecture estim\u00e9e":"3 minutes"},"schema":{"@context":"https:\/\/schema.org","@graph":[{"@type":"WebPage","@id":"https:\/\/www.tortosaturisme.cat\/fr\/le-parc-naturel-de-els-ports\/","url":"https:\/\/www.tortosaturisme.cat\/fr\/le-parc-naturel-de-els-ports\/","name":"Le Parc Naturel de Els Ports - tortosaturisme","isPartOf":{"@id":"https:\/\/www.tortosaturisme.cat\/fr\/#website"},"datePublished":"2018-02-11T18:17:34+00:00","dateModified":"2025-09-19T16:36:34+00:00","description":"Les Ports, massif montagneux class\u00e9 Parc Naturel, \u00e0 la confluence de Tarragone, Terol et Castell\u00f3, offre une richesse naturelle unique.","breadcrumb":{"@id":"https:\/\/www.tortosaturisme.cat\/fr\/le-parc-naturel-de-els-ports\/#breadcrumb"},"inLanguage":"fr-FR","potentialAction":[{"@type":"ReadAction","target":["https:\/\/www.tortosaturisme.cat\/fr\/le-parc-naturel-de-els-ports\/"]}]},{"@type":"BreadcrumbList","@id":"https:\/\/www.tortosaturisme.cat\/fr\/le-parc-naturel-de-els-ports\/#breadcrumb","itemListElement":[{"@type":"ListItem","position":1,"name":"Home","item":"https:\/\/www.tortosaturisme.cat\/fr\/home-page\/"},{"@type":"ListItem","position":2,"name":"Le Parc Naturel de Els Ports"}]},{"@type":"WebSite","@id":"https:\/\/www.tortosaturisme.cat\/fr\/#website","url":"https:\/\/www.tortosaturisme.cat\/fr\/","name":"tortosaturisme","description":"Otro sitio realizado con WordPress","potentialAction":[{"@type":"SearchAction","target":{"@type":"EntryPoint","urlTemplate":"https:\/\/www.tortosaturisme.cat\/fr\/?s={search_term_string}"},"query-input":{"@type":"PropertyValueSpecification","valueRequired":true,"valueName":"search_term_string"}}],"inLanguage":"fr-FR"}]}},"_links":{"self":[{"href":"https:\/\/www.tortosaturisme.cat\/fr\/wp-json\/wp\/v2\/pages\/4252","targetHints":{"allow":["GET"]}}],"collection":[{"href":"https:\/\/www.tortosaturisme.cat\/fr\/wp-json\/wp\/v2\/pages"}],"about":[{"href":"https:\/\/www.tortosaturisme.cat\/fr\/wp-json\/wp\/v2\/types\/page"}],"author":[{"embeddable":true,"href":"https:\/\/www.tortosaturisme.cat\/fr\/wp-json\/wp\/v2\/users\/2"}],"replies":[{"embeddable":true,"href":"https:\/\/www.tortosaturisme.cat\/fr\/wp-json\/wp\/v2\/comments?post=4252"}],"version-history":[{"count":12,"href":"https:\/\/www.tortosaturisme.cat\/fr\/wp-json\/wp\/v2\/pages\/4252\/revisions"}],"predecessor-version":[{"id":39532,"href":"https:\/\/www.tortosaturisme.cat\/fr\/wp-json\/wp\/v2\/pages\/4252\/revisions\/39532"}],"wp:attachment":[{"href":"https:\/\/www.tortosaturisme.cat\/fr\/wp-json\/wp\/v2\/media?parent=4252"}],"curies":[{"name":"wp","href":"https:\/\/api.w.org\/{rel}","templated":true}]}}