{"id":4254,"date":"2018-02-10T11:41:19","date_gmt":"2018-02-10T11:41:19","guid":{"rendered":"http:\/\/tortosaturisme-preprod.incubaliadev.com\/fr\/en-el-cor-de-la-reserva-de-la-biosfera\/"},"modified":"2025-09-19T16:44:28","modified_gmt":"2025-09-19T16:44:28","slug":"tortosa-au-coeur-de-la-reserve-de-la-biosphere","status":"publish","type":"page","link":"https:\/\/www.tortosaturisme.cat\/fr\/tortosa-au-coeur-de-la-reserve-de-la-biosphere\/","title":{"rendered":"Tortosa, Au coeur de la r\u00e9serve de la Biosph\u00e8re"},"content":{"rendered":"<p>[vc_row][vc_column]<div class=\"vc-incubalia-big-header\"><h1 class=\"vc-incubalia-big-header__title\">Tortosa, Au c\u0153ur de la R\u00e9serve de la Biosph\u00e8re<\/h1><img decoding=\"async\" class=\"vc-incubalia-big-header__mobile-picture\" src=\"https:\/\/www.tortosaturisme.cat\/wp-content\/uploads\/2018\/02\/1-cor-mb.jpg\">\n                  <img decoding=\"async\" class=\"vc-incubalia-big-header__desktop-picture\" src=\"https:\/\/www.tortosaturisme.cat\/wp-content\/uploads\/2018\/02\/1-cor-ds.jpg\"><\/div>[\/vc_column][\/vc_row][vc_row][vc_column]<div class=\"vc-incubalia-text-1-column-subtitle\"><h2 class=\"vc-incubalia-text-1-column-subtitle__title\">Un environnement privil\u00e9gie <\/h2><div class=\"vc-incubalia-text-1-column-subtitle__text\"><\/p><br \/>\n<p style=\"text-align: center;\">Tortosa est situ\u00e9 <strong>au centre des Terres de l&rsquo;\u00c8bre<\/strong>, d\u00e9clar\u00e9es<strong> R\u00e9serve de la Biosph\u00e8re par l&rsquo;Unesco<\/strong> en 2013. Ce statut leur a \u00e9t\u00e9 reconnu gr\u00e2ce \u00e0 leur qualit\u00e9 environnementale. R\u00e9cemment, les Terres de l&rsquo;\u00c8bre ont \u00e9galement \u00e9t\u00e9 consid\u00e9r\u00e9es comme l&rsquo;<strong>une des 100 meilleures destinations de tourisme durable<\/strong>.<\/p><br \/>\n<p><\/div><\/div>[\/vc_column][\/vc_row][vc_row][vc_column]<div class=\"vc-incubalia-image-huge\"><img decoding=\"async\" class=\"vc-incubalia-image-huge__mobile-picture brightness-100\" src=\"https:\/\/www.tortosaturisme.cat\/wp-content\/uploads\/2018\/02\/2-cor-mb.jpg\" alt=\"\"><img decoding=\"async\" class=\"vc-incubalia-image-huge__desktop-picture brightness-100\" src=\"https:\/\/www.tortosaturisme.cat\/wp-content\/uploads\/2018\/02\/2-cor-ds.jpg\" alt=\"\"><\/div>[\/vc_column][\/vc_row][vc_row][vc_column]<div class=\"vc-incubalia-text-1-column-subtitle\"><div class=\"vc-incubalia-text-1-column-subtitle__text\"><\/p><br \/>\n<p style=\"text-align: center;\">Ce territoire se <strong>caract\u00e9rise par sa nature exub\u00e9rante et la puissance lyrique de ses paysages<\/strong>. Une grande partie de la richesse naturelle des Terres de l&rsquo;\u00c8bre r\u00e9side dans la vari\u00e9t\u00e9 des paysages et des \u00e9cosyst\u00e8mes \u00e0 visiter. En effet, les reliefs changent radicalement en 40 km : le territoire passe d&rsquo;une altitude de 1500 m \u00e0 la plaine du delta et au niveau de la mer.<\/p><br \/>\n<p><\/div><\/div><div class=\"vc-incubalia-text-image-full\"><div class=\"vc-incubalia-text-image-full__image-container\"><img decoding=\"async\" class=\"vc-incubalia-text-image-full__image-mobile\" alt=\"\" src=\"https:\/\/www.tortosaturisme.cat\/wp-content\/uploads\/2018\/02\/3-cor-mb.jpg\"><img decoding=\"async\" class=\"vc-incubalia-text-image-full__image-desktop\" alt=\"\" src=\"https:\/\/www.tortosaturisme.cat\/wp-content\/uploads\/2018\/02\/3-cor-ds.jpg\"><i class=\"arrow-down\"><\/i><\/div><div class=\"vc-incubalia-text-image-full__text-container\"><div class=\"vc-incubalia-text-image-full__text\"><\/div><\/div><\/div>[\/vc_column][\/vc_row][vc_row][vc_column]<div class=\"vc-incubalia-text-1-column-subtitle\"><div class=\"vc-incubalia-text-1-column-subtitle__text\"><\/p><br \/>\n<p style=\"text-align: center;\"><strong>La richesse naturelle et biologique s&rsquo;appr\u00e9cie en y ajoutant la pratique d&rsquo;activit\u00e9s de tourisme<\/strong> actif et d&rsquo;aventure, tels que la randonn\u00e9e, des promenades en v\u00e9lo, la navigation en kayak ou des balades \u00e0 cheval.<\/p><br \/>\n<p><\/div><\/div><div class=\"vc-incubalia-text-image-full\"><div class=\"vc-incubalia-text-image-full__image-container\"><img decoding=\"async\" class=\"vc-incubalia-text-image-full__image-mobile\" alt=\"\" src=\"https:\/\/www.tortosaturisme.cat\/wp-content\/uploads\/2018\/02\/4-cor-mb.jpg\"><img decoding=\"async\" class=\"vc-incubalia-text-image-full__image-desktop\" alt=\"\" src=\"https:\/\/www.tortosaturisme.cat\/wp-content\/uploads\/2018\/02\/4-cor-ds.jpg\"><i class=\"arrow-down\"><\/i><\/div><div class=\"vc-incubalia-text-image-full__text-container\"><div class=\"vc-incubalia-text-image-full__text\"><\/div><\/div><\/div>[\/vc_column][\/vc_row][vc_row][vc_column]<div class=\"vc-incubalia-text-1-column-subtitle\"><div class=\"vc-incubalia-text-1-column-subtitle__text\"><\/p><br \/>\n<p style=\"text-align: center;\">\u00c0 20 kilom\u00e8tres de Tortosa se trouve <strong>la plus grande r\u00e9serve nationale de ch\u00e8vres sauvages<\/strong>: le <strong>Parc naturel des Ports<\/strong>. Le massif calcaire, au relief escarp\u00e9, est plac\u00e9e entre la Catalogne, Valence et Aragon, et offre aux visiteurs<strong> un espace naturel indompt\u00e9 et plein de vie sauvage<\/strong>. Les visiteurs peuvent faire de nombreuses <strong>excursions<\/strong> aptes \u00e0 tous les publics et toutes les conditions physiques. \u00a0D\u00e9cider tout simplement de se perdre dans le parc est effectivement <strong>une bonne solution pour le d\u00e9couvrir<\/strong>.<\/p><br \/>\n<p><\/div><\/div><div class=\"vc-incubalia-text-image-full\"><div class=\"vc-incubalia-text-image-full__image-container\"><img decoding=\"async\" class=\"vc-incubalia-text-image-full__image-mobile\" alt=\"\" src=\"https:\/\/www.tortosaturisme.cat\/wp-content\/uploads\/2018\/02\/5-cor-mb.jpg\"><img decoding=\"async\" class=\"vc-incubalia-text-image-full__image-desktop\" alt=\"\" src=\"https:\/\/www.tortosaturisme.cat\/wp-content\/uploads\/2018\/02\/5-cor-ds.jpg\"><i class=\"arrow-down\"><\/i><\/div><div class=\"vc-incubalia-text-image-full__text-container\"><div class=\"vc-incubalia-text-image-full__text\"><\/div><\/div><\/div><div class=\"vc-incubalia-text-1-column-subtitle\"><div class=\"vc-incubalia-text-1-column-subtitle__text\"><\/p><br \/>\n<p style=\"text-align: center;\"><strong>Le Parc naturel du Delta de l&rsquo;\u00c8bre<\/strong> se trouve \u00e0 40 kilom\u00e8tres environ de Tortosa. Il s&rsquo;agit de <strong>la zone humide la plus grande de la Catalogne<\/strong>, et l&rsquo;une des plus importantes de la r\u00e9gion m\u00e9diterran\u00e9enne. L&#8217;embouchure de la rivi\u00e8re se transforme en un parc naturel exceptionnel, d<strong>ot\u00e9 d&rsquo;une faune et d&rsquo;une flore d&rsquo;une richesse incomparable<\/strong>. Des dunes g\u00e9antes de sable tr\u00e8s fin, des plages sur des kilom\u00e8tres, des zones pleines de mirages&#8230; <strong>Tous ces tr\u00e9sors vous attendent.<\/strong><\/p><br \/>\n<p><\/div><\/div><div class=\"vc-incubalia-5-cards\"><h2 class=\"vc-incubalia-5-cards__title\">D\u00e9couvrez le terroir<\/h2><h3 class=\"vc-incubalia-5-cards__subtitle\">Du sommet de Caro au Delta de l'\u00c8bre, paysages transformants <\/h3><div class=\"vc-incubalia-5-cards__card card-1 has-url\"><a href=\"\/fr\/delta-de-l-ebre\/ \"><img decoding=\"async\" class=\"vc-incubalia-5-cards__card-mobile-picture\" src=\"https:\/\/www.tortosaturisme.cat\/wp-content\/uploads\/2018\/02\/b-1280-delta-e-640x460.jpg\">\n                      <img decoding=\"async\" class=\"vc-incubalia-5-cards__card-desktop-picture\" src=\"https:\/\/www.tortosaturisme.cat\/wp-content\/uploads\/2018\/02\/b-1280-delta-e.jpg\"><\/a><div class=\"vc-incubalia-5-cards__card-text-container\"><p class=\"vc-incubalia-5-cards__card-title\">Le Delta de l'Ebre<\/p><\/div><div class=\"vc-incubalia-5-cards__card-url-container\"><span class=\"vc-incubalia-5-cards__card-url\">Lire la suite<\/span><\/div><\/div><div class=\"vc-incubalia-5-cards__card card-2 has-url\"><a href=\"\/fr\/sillonez-lebre\/ \"><img decoding=\"async\" class=\"vc-incubalia-5-cards__card-mobile-picture\" src=\"https:\/\/www.tortosaturisme.cat\/wp-content\/uploads\/2018\/02\/b-1280-solca-4-640x460.jpg\">\n                      <img decoding=\"async\" class=\"vc-incubalia-5-cards__card-desktop-picture\" src=\"https:\/\/www.tortosaturisme.cat\/wp-content\/uploads\/2018\/02\/b-1280-solca-4-640x460.jpg\"><\/a><div class=\"vc-incubalia-5-cards__card-text-container\"><p class=\"vc-incubalia-5-cards__card-title\">Sillonnez l'ebre<\/p><\/div><div class=\"vc-incubalia-5-cards__card-url-container\"><span class=\"vc-incubalia-5-cards__card-url\">Lire la suite<\/span><\/div><\/div><div class=\"vc-incubalia-5-cards__card-3-and-4-container\"><div class=\"vc-incubalia-5-cards__card card-3 has-url\"><a href=\"\/fr\/la-voie-verte\/\"><img decoding=\"async\" class=\"vc-incubalia-5-cards__card-mobile-picture\" src=\"https:\/\/www.tortosaturisme.cat\/wp-content\/uploads\/2018\/02\/B-via-verda-640x460.jpg\">\n                      <img decoding=\"async\" class=\"vc-incubalia-5-cards__card-desktop-picture\" src=\"https:\/\/www.tortosaturisme.cat\/wp-content\/uploads\/2018\/02\/B-via-verda-640x460.jpg\"><\/a><div class=\"vc-incubalia-5-cards__card-text-container\"><p class=\"vc-incubalia-5-cards__card-title\">Par la voie verte<\/p><\/div><div class=\"vc-incubalia-5-cards__card-url-container\"><span class=\"vc-incubalia-5-cards__card-url\">Lire la suite<\/span><\/div><\/div><div class=\"vc-incubalia-5-cards__card card-4 has-url\"><a href=\"\/fr\/le-parc-naturel-des-ports\/\"><img decoding=\"async\" class=\"vc-incubalia-5-cards__card-mobile-picture\" src=\"https:\/\/www.tortosaturisme.cat\/wp-content\/uploads\/2018\/02\/b-1280-port-cabra-640x460.jpg\">\n                      <img decoding=\"async\" class=\"vc-incubalia-5-cards__card-desktop-picture\" src=\"https:\/\/www.tortosaturisme.cat\/wp-content\/uploads\/2018\/02\/b-1280-port-cabra-640x460.jpg\"><\/a><div class=\"vc-incubalia-5-cards__card-text-container\"><p class=\"vc-incubalia-5-cards__card-title\">Parc Naturel de Els Ports<\/p><\/div><div class=\"vc-incubalia-5-cards__card-url-container\"><span class=\"vc-incubalia-5-cards__card-url\">Lire la suite<\/span><\/div><\/div><\/div><div class=\"vc-incubalia-5-cards__card card-5 has-url\"><a href=\"\/fr\/routes-a-velo\/\"><img decoding=\"async\" class=\"vc-incubalia-5-cards__card-mobile-picture\" src=\"https:\/\/www.tortosaturisme.cat\/wp-content\/uploads\/2018\/02\/b-1280-btt-640x460.jpg\">\n                      <img decoding=\"async\" class=\"vc-incubalia-5-cards__card-desktop-picture\" src=\"https:\/\/www.tortosaturisme.cat\/wp-content\/uploads\/2018\/02\/b-1280-btt-640x449.jpg\"><\/a><div class=\"vc-incubalia-5-cards__card-text-container\"><p class=\"vc-incubalia-5-cards__card-title\">\u00c0 v\u00e9lo<\/p><\/div><div class=\"vc-incubalia-5-cards__card-url-container\"><span class=\"vc-incubalia-5-cards__card-url\">Lire la suite<\/span><\/div><\/div><\/div>[\/vc_column][\/vc_row][vc_row][vc_column]<div class=\"vc-incubalia-3-images\"><h2 class=\"vc-incubalia-3-images__title\">On vous propose<\/h2><div class=\"vc-incubalia-3-images__image\"><a href=\"\/fr\/experiencies\/?experience-type=excursionisme-fr&amp;list-view=cards\"><img decoding=\"async\" src=\"https:\/\/www.tortosaturisme.cat\/wp-content\/uploads\/2018\/02\/b-800-exc.jpg\" alt=\"\"><\/a><a href=\"\/fr\/experiencies\/?experience-type=excursionisme-fr&amp;list-view=cards\"><p class=\"vc-incubalia-3-images__image-title\">Randon\u00e9es<\/p><\/a><p class=\"vc-incubalia-3-images__image-subtitle\">Des guides experts vous guideront \u00e0 travers les endroits les plus \u00e9vocateurs<\/p><\/div><div class=\"vc-incubalia-3-images__image\"><a href=\"\/fr\/experiencies\/?experience-type=via-verda-fr&amp;list-view=cards\"><img decoding=\"async\" src=\"https:\/\/www.tortosaturisme.cat\/wp-content\/uploads\/2018\/02\/b-800-via-verda.jpg\" alt=\"\"><\/a><a href=\"\/fr\/experiencies\/?experience-type=via-verda-fr&amp;list-view=cards\"><p class=\"vc-incubalia-3-images__image-title\">Exp\u00e9riences \u00e0 la Voie Verte<\/p><\/a><p class=\"vc-incubalia-3-images__image-subtitle\">Pr\u00e9parez-vous \u00e0 p\u00e9daler sur tous les Terres de l'Ebre<\/p><\/div><div class=\"vc-incubalia-3-images__image\"><a href=\"\/fr\/experiencies\/?experience-type=bicicletes-fr&amp;list-view=cards\"><img decoding=\"async\" src=\"https:\/\/www.tortosaturisme.cat\/wp-content\/uploads\/2018\/02\/b-800-lloguer-bicis.jpg\" alt=\"\"><\/a><a href=\"\/fr\/experiencies\/?experience-type=bicicletes-fr&amp;list-view=cards\"><p class=\"vc-incubalia-3-images__image-title\">Location de v\u00e9los<\/p><\/a><p class=\"vc-incubalia-3-images__image-subtitle\">Vous d\u00e9cidez o\u00f9 aller<\/p><\/div><\/div>[\/vc_column][\/vc_row]<\/p>\n","protected":false},"excerpt":{"rendered":"<p>[vc_row][vc_column][\/vc_column][\/vc_row][vc_row][vc_column][\/vc_column][\/vc_row][vc_row][vc_column][\/vc_column][\/vc_row][vc_row][vc_column][\/vc_column][\/vc_row][vc_row][vc_column][\/vc_column][\/vc_row][vc_row][vc_column][\/vc_column][\/vc_row][vc_row][vc_column][\/vc_column][\/vc_row]<\/p>\n","protected":false},"author":2,"featured_media":0,"parent":0,"menu_order":395,"comment_status":"closed","ping_status":"closed","template":"","meta":{"footnotes":""},"class_list":["post-4254","page","type-page","status-publish","hentry"],"acf":[],"yoast_head":"<!-- This site is optimized with the Yoast SEO plugin v27.3 - https:\/\/yoast.com\/product\/yoast-seo-wordpress\/ -->\n<title>Tortosa, Au coeur de la r\u00e9serve de la Biosph\u00e8re - tortosaturisme<\/title>\n<meta name=\"description\" content=\"Tortosa, au c\u0153ur des Terres de l\u2019\u00c8bre, r\u00e9serve de biosph\u00e8re UNESCO, reconnue pour sa qualit\u00e9 environnementale et son tourisme durable.\" \/>\n<meta name=\"robots\" content=\"index, follow, max-snippet:-1, max-image-preview:large, max-video-preview:-1\" \/>\n<link rel=\"canonical\" href=\"https:\/\/www.tortosaturisme.cat\/fr\/tortosa-au-coeur-de-la-reserve-de-la-biosphere\/\" \/>\n<meta property=\"og:locale\" content=\"fr_FR\" \/>\n<meta property=\"og:type\" content=\"article\" \/>\n<meta property=\"og:title\" content=\"Tortosa, Au coeur de la r\u00e9serve de la Biosph\u00e8re - tortosaturisme\" \/>\n<meta property=\"og:description\" content=\"Tortosa, au c\u0153ur des Terres de l\u2019\u00c8bre, r\u00e9serve de biosph\u00e8re UNESCO, reconnue pour sa qualit\u00e9 environnementale et son tourisme durable.\" \/>\n<meta property=\"og:url\" content=\"https:\/\/www.tortosaturisme.cat\/fr\/tortosa-au-coeur-de-la-reserve-de-la-biosphere\/\" \/>\n<meta property=\"og:site_name\" content=\"tortosaturisme\" \/>\n<meta property=\"article:modified_time\" content=\"2025-09-19T16:44:28+00:00\" \/>\n<meta name=\"twitter:card\" content=\"summary_large_image\" \/>\n<meta name=\"twitter:label1\" content=\"Dur\u00e9e de lecture estim\u00e9e\" \/>\n\t<meta name=\"twitter:data1\" content=\"3 minutes\" \/>\n<script type=\"application\/ld+json\" class=\"yoast-schema-graph\">{\"@context\":\"https:\\\/\\\/schema.org\",\"@graph\":[{\"@type\":\"WebPage\",\"@id\":\"https:\\\/\\\/www.tortosaturisme.cat\\\/fr\\\/tortosa-au-coeur-de-la-reserve-de-la-biosphere\\\/\",\"url\":\"https:\\\/\\\/www.tortosaturisme.cat\\\/fr\\\/tortosa-au-coeur-de-la-reserve-de-la-biosphere\\\/\",\"name\":\"Tortosa, Au coeur de la r\u00e9serve de la Biosph\u00e8re - tortosaturisme\",\"isPartOf\":{\"@id\":\"https:\\\/\\\/www.tortosaturisme.cat\\\/fr\\\/#website\"},\"datePublished\":\"2018-02-10T11:41:19+00:00\",\"dateModified\":\"2025-09-19T16:44:28+00:00\",\"description\":\"Tortosa, au c\u0153ur des Terres de l\u2019\u00c8bre, r\u00e9serve de biosph\u00e8re UNESCO, reconnue pour sa qualit\u00e9 environnementale et son tourisme durable.\",\"breadcrumb\":{\"@id\":\"https:\\\/\\\/www.tortosaturisme.cat\\\/fr\\\/tortosa-au-coeur-de-la-reserve-de-la-biosphere\\\/#breadcrumb\"},\"inLanguage\":\"fr-FR\",\"potentialAction\":[{\"@type\":\"ReadAction\",\"target\":[\"https:\\\/\\\/www.tortosaturisme.cat\\\/fr\\\/tortosa-au-coeur-de-la-reserve-de-la-biosphere\\\/\"]}]},{\"@type\":\"BreadcrumbList\",\"@id\":\"https:\\\/\\\/www.tortosaturisme.cat\\\/fr\\\/tortosa-au-coeur-de-la-reserve-de-la-biosphere\\\/#breadcrumb\",\"itemListElement\":[{\"@type\":\"ListItem\",\"position\":1,\"name\":\"Home\",\"item\":\"https:\\\/\\\/www.tortosaturisme.cat\\\/fr\\\/home-page\\\/\"},{\"@type\":\"ListItem\",\"position\":2,\"name\":\"Tortosa, Au coeur de la r\u00e9serve de la Biosph\u00e8re\"}]},{\"@type\":\"WebSite\",\"@id\":\"https:\\\/\\\/www.tortosaturisme.cat\\\/fr\\\/#website\",\"url\":\"https:\\\/\\\/www.tortosaturisme.cat\\\/fr\\\/\",\"name\":\"tortosaturisme\",\"description\":\"Otro sitio realizado con WordPress\",\"potentialAction\":[{\"@type\":\"SearchAction\",\"target\":{\"@type\":\"EntryPoint\",\"urlTemplate\":\"https:\\\/\\\/www.tortosaturisme.cat\\\/fr\\\/?s={search_term_string}\"},\"query-input\":{\"@type\":\"PropertyValueSpecification\",\"valueRequired\":true,\"valueName\":\"search_term_string\"}}],\"inLanguage\":\"fr-FR\"}]}<\/script>\n<!-- \/ Yoast SEO plugin. -->","yoast_head_json":{"title":"Tortosa, Au coeur de la r\u00e9serve de la Biosph\u00e8re - tortosaturisme","description":"Tortosa, au c\u0153ur des Terres de l\u2019\u00c8bre, r\u00e9serve de biosph\u00e8re UNESCO, reconnue pour sa qualit\u00e9 environnementale et son tourisme durable.","robots":{"index":"index","follow":"follow","max-snippet":"max-snippet:-1","max-image-preview":"max-image-preview:large","max-video-preview":"max-video-preview:-1"},"canonical":"https:\/\/www.tortosaturisme.cat\/fr\/tortosa-au-coeur-de-la-reserve-de-la-biosphere\/","og_locale":"fr_FR","og_type":"article","og_title":"Tortosa, Au coeur de la r\u00e9serve de la Biosph\u00e8re - tortosaturisme","og_description":"Tortosa, au c\u0153ur des Terres de l\u2019\u00c8bre, r\u00e9serve de biosph\u00e8re UNESCO, reconnue pour sa qualit\u00e9 environnementale et son tourisme durable.","og_url":"https:\/\/www.tortosaturisme.cat\/fr\/tortosa-au-coeur-de-la-reserve-de-la-biosphere\/","og_site_name":"tortosaturisme","article_modified_time":"2025-09-19T16:44:28+00:00","twitter_card":"summary_large_image","twitter_misc":{"Dur\u00e9e de lecture estim\u00e9e":"3 minutes"},"schema":{"@context":"https:\/\/schema.org","@graph":[{"@type":"WebPage","@id":"https:\/\/www.tortosaturisme.cat\/fr\/tortosa-au-coeur-de-la-reserve-de-la-biosphere\/","url":"https:\/\/www.tortosaturisme.cat\/fr\/tortosa-au-coeur-de-la-reserve-de-la-biosphere\/","name":"Tortosa, Au coeur de la r\u00e9serve de la Biosph\u00e8re - tortosaturisme","isPartOf":{"@id":"https:\/\/www.tortosaturisme.cat\/fr\/#website"},"datePublished":"2018-02-10T11:41:19+00:00","dateModified":"2025-09-19T16:44:28+00:00","description":"Tortosa, au c\u0153ur des Terres de l\u2019\u00c8bre, r\u00e9serve de biosph\u00e8re UNESCO, reconnue pour sa qualit\u00e9 environnementale et son tourisme durable.","breadcrumb":{"@id":"https:\/\/www.tortosaturisme.cat\/fr\/tortosa-au-coeur-de-la-reserve-de-la-biosphere\/#breadcrumb"},"inLanguage":"fr-FR","potentialAction":[{"@type":"ReadAction","target":["https:\/\/www.tortosaturisme.cat\/fr\/tortosa-au-coeur-de-la-reserve-de-la-biosphere\/"]}]},{"@type":"BreadcrumbList","@id":"https:\/\/www.tortosaturisme.cat\/fr\/tortosa-au-coeur-de-la-reserve-de-la-biosphere\/#breadcrumb","itemListElement":[{"@type":"ListItem","position":1,"name":"Home","item":"https:\/\/www.tortosaturisme.cat\/fr\/home-page\/"},{"@type":"ListItem","position":2,"name":"Tortosa, Au coeur de la r\u00e9serve de la Biosph\u00e8re"}]},{"@type":"WebSite","@id":"https:\/\/www.tortosaturisme.cat\/fr\/#website","url":"https:\/\/www.tortosaturisme.cat\/fr\/","name":"tortosaturisme","description":"Otro sitio realizado con WordPress","potentialAction":[{"@type":"SearchAction","target":{"@type":"EntryPoint","urlTemplate":"https:\/\/www.tortosaturisme.cat\/fr\/?s={search_term_string}"},"query-input":{"@type":"PropertyValueSpecification","valueRequired":true,"valueName":"search_term_string"}}],"inLanguage":"fr-FR"}]}},"_links":{"self":[{"href":"https:\/\/www.tortosaturisme.cat\/fr\/wp-json\/wp\/v2\/pages\/4254","targetHints":{"allow":["GET"]}}],"collection":[{"href":"https:\/\/www.tortosaturisme.cat\/fr\/wp-json\/wp\/v2\/pages"}],"about":[{"href":"https:\/\/www.tortosaturisme.cat\/fr\/wp-json\/wp\/v2\/types\/page"}],"author":[{"embeddable":true,"href":"https:\/\/www.tortosaturisme.cat\/fr\/wp-json\/wp\/v2\/users\/2"}],"replies":[{"embeddable":true,"href":"https:\/\/www.tortosaturisme.cat\/fr\/wp-json\/wp\/v2\/comments?post=4254"}],"version-history":[{"count":10,"href":"https:\/\/www.tortosaturisme.cat\/fr\/wp-json\/wp\/v2\/pages\/4254\/revisions"}],"predecessor-version":[{"id":16219,"href":"https:\/\/www.tortosaturisme.cat\/fr\/wp-json\/wp\/v2\/pages\/4254\/revisions\/16219"}],"wp:attachment":[{"href":"https:\/\/www.tortosaturisme.cat\/fr\/wp-json\/wp\/v2\/media?parent=4254"}],"curies":[{"name":"wp","href":"https:\/\/api.w.org\/{rel}","templated":true}]}}