{"id":4256,"date":"2018-02-11T11:53:15","date_gmt":"2018-02-11T11:53:15","guid":{"rendered":"http:\/\/tortosaturisme-preprod.incubaliadev.com\/fr\/entre-2-parcs-naturals\/"},"modified":"2025-09-19T16:02:05","modified_gmt":"2025-09-19T16:02:05","slug":"entre-deux-parcs-naturels","status":"publish","type":"page","link":"https:\/\/www.tortosaturisme.cat\/fr\/entre-deux-parcs-naturels\/","title":{"rendered":"Entre deux parcs naturels"},"content":{"rendered":"<p>[vc_row][vc_column]<div class=\"vc-incubalia-big-header\"><h1 class=\"vc-incubalia-big-header__title\">Entre deux parcs naturels<\/h1><img decoding=\"async\" class=\"vc-incubalia-big-header__mobile-picture\" src=\"https:\/\/www.tortosaturisme.cat\/wp-content\/uploads\/2018\/02\/1-entres-2-parcs-mb.jpg\">\n                  <img decoding=\"async\" class=\"vc-incubalia-big-header__desktop-picture\" src=\"https:\/\/www.tortosaturisme.cat\/wp-content\/uploads\/2018\/02\/1-entres-2-parcs-ds.jpg\"><\/div>[\/vc_column][\/vc_row][vc_row][vc_column]<div class=\"vc-incubalia-text-1-column-subtitle\"><h3 class=\"vc-incubalia-text-1-column-subtitle__subtitle\">Tortosa se situe entre le Parc Naturel des Ports et celui du Delta de l'\u00c8bre. Sa situation g\u00e9ographique fait d'elle un lieu id\u00e9al pour profiter au maximum de la visite et d\u00e9couvrir ces paysages naturels impressionnants.<\/h3><div class=\"vc-incubalia-text-1-column-subtitle__text\"><\/div><\/div>[vc_raw_html]JTNDZGl2JTIwc3R5bGUlM0QlMjJ3aWR0aCUzQTk1JTI1JTNCJTIwaGVpZ2h0JTNBJTIwY2FsYyUyODkwdmglMjAtJTIwMTAwcHglMjklM0JtYXJnaW4lM0EwJTIwYXV0byUzQiUyMiUzRSUwQSUyMCUyMCUyMCUyMCUzQ2RpdiUwQSUyMCUyMCUyMCUyMCUyMCUyMCUyMCUyMGlkJTNEJTIyYldpZGdldE1hcCUyMiUwQSUyMCUyMCUyMCUyMCUyMCUyMCUyMCUyMGludGVncmF0aW9uJTNEJTIyc2VnbWVudCUyMiUwQSUyMCUyMCUyMCUyMCUyMCUyMCUyMCUyMHRvcEhlaWdodCUzRCUyMjEwMCUyMiUwQSUyMCUyMCUyMCUyMCUyMCUyMCUyMCUyMGJ0bkNvbG9yJTNEJTI3JTIzYzMwNjFhJTI3JTBBJTIwJTIwJTIwJTIwJTIwJTIwJTIwJTIwc2hvd0N1cnRhaW4lM0QlMjJ0cnVlJTIyJTBBJTIwJTIwJTIwJTIwJTIwJTIwJTIwJTIwc2hvd0J1dHRvbnMlM0QlMjJ0cnVlJTIyJTBBJTIwJTIwJTIwJTIwJTIwJTIwJTIwJTIwdmlld01hcFRleHQlM0QlMjJDQVJURSUyMElOVEVSQUNUSVZFJTIyJTBBJTIwJTIwJTIwJTIwJTIwJTIwJTIwJTIwcGFyZW50dXJpcHJlZml4JTNEJTIyYndpZGdldCUzQSUyMiUwQSUyMCUyMCUyMCUyMCUyMCUyMCUyMCUyMGlnbm9yZUJvdHRvbUNvbnRlbnQlM0QlMjJ0cnVlJTIyJTBBJTIwJTIwJTIwJTIwJTIwJTIwJTIwJTIwZW1iZWR1cmwlM0QlMjJodHRwcyUzQSUyRiUyRm1hcGVzLnRvcnRvc2F0dXJpc21lLmNhdCUyMiUwQSUyMCUyMCUyMCUyMCUyMCUyMCUyMCUyMGVtYmVkbWFpbnVyaSUzRCUyMiUyRmZyJTJGZW50cmUtZGV1eC1wYXJjcy1uYXR1cmVscyUyMiUwQSUyMCUyMCUyMCUyMCUyMCUyMCUyMCUyMG1hcFNjcm9sbHdoZWVsJTNEJTIyZmFsc2UlMjIlMEElMjAlMjAlMjAlMjAlMjAlMjAlMjAlMjBvbkZvY3VzJTNEJTIyJTIyJTBBJTIwJTIwJTIwJTIwJTIwJTIwJTIwJTIwb25Gb2N1c091dCUzRCUyMiUyMiUwQSUyMCUyMCUyMCUyMCUzRSUzQyUyRmRpdiUzRSUwQSUyMCUyMCUyMCUyMCUzQ3NjcmlwdCUyMHR5cGUlM0QlMjJ0ZXh0JTJGamF2YXNjcmlwdCUyMiUyMHNyYyUzRCUyMmh0dHBzJTNBJTJGJTJGbWFwZXMudG9ydG9zYXR1cmlzbWUuY2F0JTJGZW1iZWQuanMlMjIlM0UlM0MlMkZzY3JpcHQlM0UlMEElM0MlMkZkaXYlM0U=[\/vc_raw_html][\/vc_column][\/vc_row][vc_row][vc_column]<div class=\"vc-incubalia-text-image-full\"><div class=\"vc-incubalia-text-image-full__image-container\"><img decoding=\"async\" class=\"vc-incubalia-text-image-full__image-mobile\" alt=\"\" src=\"https:\/\/www.tortosaturisme.cat\/wp-content\/uploads\/2018\/02\/2-entres-2-parcs-mb-1.jpg\"><img decoding=\"async\" class=\"vc-incubalia-text-image-full__image-desktop\" alt=\"\" src=\"https:\/\/www.tortosaturisme.cat\/wp-content\/uploads\/2018\/02\/2-entres-2-parcs-ds-1-1.jpg\"><h2 class=\"vc-incubalia-text-image-full__title\">Le Delta de l'\u00c8bre<\/h2><i class=\"arrow-down\"><\/i><\/div><div class=\"vc-incubalia-text-image-full__text-container\"><div class=\"vc-incubalia-text-image-full__text\">&nbsp;<\/p><br \/>\n<p><strong>C&rsquo;est l&rsquo;habitat de milliers d&rsquo;oiseaux<\/strong> que l&rsquo;on peut observer depuis les belv\u00e9d\u00e8res<b><\/b> et les espaces sp\u00e9cialement am\u00e9nag\u00e9s, pour pratiquer le <strong>birdwatching<\/strong> (l&rsquo;observation d&rsquo;oiseaux). Les <strong>flamants<\/strong>\u00a0<strong>roses<\/strong> exotiques sont les sujets principals absolus et peuvent \u00eatre contempl\u00e9s sans trop de difficult\u00e9. <strong>Le Delta offre de nombreuses routes<\/strong> \u00e0 faire \u00e0 pied ou en v\u00e9lo, puisqu&rsquo;il s&rsquo;agit d&rsquo;une zone tr\u00e8s plate. En outre, le littoral des Terres de l&rsquo;\u00c8bre et le Delta sont depuis longtemps <strong>un espace id\u00e9al pour r\u00e9aliser des activit\u00e9s nautiques<\/strong>, comme le kayak ou le snorkel (plong\u00e9e sous-marine). Le vent qui souffle habituellement sur ces terres est un alli\u00e9 pour pratiquer le Kitesurf (surf avec un cerf-volant) par exemple.<\/div><\/div><\/div><div class=\"vc-incubalia-text-image-full\"><div class=\"vc-incubalia-text-image-full__image-container\"><img decoding=\"async\" class=\"vc-incubalia-text-image-full__image-mobile\" alt=\"\" src=\"https:\/\/www.tortosaturisme.cat\/wp-content\/uploads\/2018\/02\/3-entre-dos-parcs-mb-bis.jpg\"><img decoding=\"async\" class=\"vc-incubalia-text-image-full__image-desktop\" alt=\"\" src=\"https:\/\/www.tortosaturisme.cat\/wp-content\/uploads\/2018\/02\/3-entre-dos-parcs-ds-bis-3.jpg\"><h2 class=\"vc-incubalia-text-image-full__title\">Le Parc naturel de Els Ports <\/h2><i class=\"arrow-down\"><\/i><\/div><div class=\"vc-incubalia-text-image-full__text-container\"><div class=\"vc-incubalia-text-image-full__text\">&nbsp;<\/p><br \/>\n<p>Il se trouve dans la zone catalane du massif montagneux de Els Ports, qui d\u00e9passent les limites des Terres de l&rsquo;\u00c8bre et continue dans les provinces de Terol et Castell\u00f3. Le sommet du Caro, d&rsquo;une altitude de 1441 m\u00e8tres au-dessus du niveau de la mer, est l&rsquo;endroit le plus \u00e9lev\u00e9. <strong>Il faut souligner la richesse de la faune et de la flore dans ces montagnes<\/strong>, qui sont d&rsquo;ailleurs le refuge de nombreuses esp\u00e8ces animales et v\u00e9g\u00e9tales. Il est \u00e9galement important de souligner la pr\u00e9sence dans ce parc de la <strong>ch\u00e8vre hispanique<\/strong> et des <strong>h\u00eatres<\/strong>, puisque la h\u00eatraie la plus m\u00e9ridionale d&rsquo;Europe se trouve ici, avec la pr\u00e9sence imposante du <strong>H\u00eatre P\u00e8re<\/strong> et de la <strong>h\u00eatraie du Retable<\/strong> (sur le territoire de la S\u00e9nia). <strong>Les amateurs de courses et d&rsquo;excursions dans la montagne trouveront ici un paradis rien que pour eux<\/strong>, avec des dizaines de chantiers et de chemins qui permettent de profiter pleinement et activement de l&rsquo;environnement, et de <strong>d\u00e9couvrir des paysages merveilleux et cach\u00e9s<\/strong>, auxquels il est possible d&rsquo;acc\u00e9der uniquement avec des bottes et apr\u00e8s des heures de marche courageuse.<\/div><\/div><\/div>[\/vc_column][\/vc_row][vc_row][vc_column]<div class=\"vc-incubalia-5-cards\"><h2 class=\"vc-incubalia-5-cards__title\">Tortosa et son entourage<\/h2><div class=\"vc-incubalia-5-cards__card card-1 has-url\"><a href=\"\/fr\/tortosa-en-un-jour\/\"><img decoding=\"async\" class=\"vc-incubalia-5-cards__card-mobile-picture\" src=\"https:\/\/www.tortosaturisme.cat\/wp-content\/uploads\/2018\/02\/B-1280-tortosa-1-dia-640x460.jpg\">\n                      <img decoding=\"async\" class=\"vc-incubalia-5-cards__card-desktop-picture\" src=\"https:\/\/www.tortosaturisme.cat\/wp-content\/uploads\/2018\/02\/B-1280-tortosa-1-dia.jpg\"><\/a><div class=\"vc-incubalia-5-cards__card-text-container\"><p class=\"vc-incubalia-5-cards__card-title\">Tortosa en un jour<\/p><\/div><div class=\"vc-incubalia-5-cards__card-url-container\"><span class=\"vc-incubalia-5-cards__card-url\">Lire la suite<\/span><\/div><\/div><div class=\"vc-incubalia-5-cards__card card-2 has-url\"><a href=\"\/fr\/la-voie-verte\/\"><img decoding=\"async\" class=\"vc-incubalia-5-cards__card-mobile-picture\" src=\"https:\/\/www.tortosaturisme.cat\/wp-content\/uploads\/2018\/02\/B-via-verda-640x460.jpg\">\n                      <img decoding=\"async\" class=\"vc-incubalia-5-cards__card-desktop-picture\" src=\"https:\/\/www.tortosaturisme.cat\/wp-content\/uploads\/2018\/02\/B-via-verda-640x460.jpg\"><\/a><div class=\"vc-incubalia-5-cards__card-text-container\"><p class=\"vc-incubalia-5-cards__card-title\">La Voie Verte<\/p><p class=\"vc-incubalia-5-cards__card-subtitle\">Au d\u00e9part de Tortosa, parcourez les Terres de l'\u00c8bre<\/p><\/div><div class=\"vc-incubalia-5-cards__card-url-container\"><span class=\"vc-incubalia-5-cards__card-url\">Lire la suite<\/span><\/div><\/div><div class=\"vc-incubalia-5-cards__card-3-and-4-container\"><div class=\"vc-incubalia-5-cards__card card-3 has-url\"><a href=\"\/fr\/les-incontournables\/\"><img decoding=\"async\" class=\"vc-incubalia-5-cards__card-mobile-picture\" src=\"https:\/\/www.tortosaturisme.cat\/wp-content\/uploads\/2018\/02\/B-10-imp-640x460.jpg\">\n                      <img decoding=\"async\" class=\"vc-incubalia-5-cards__card-desktop-picture\" src=\"https:\/\/www.tortosaturisme.cat\/wp-content\/uploads\/2018\/02\/B-10-imp-640x460.jpg\"><\/a><div class=\"vc-incubalia-5-cards__card-text-container\"><p class=\"vc-incubalia-5-cards__card-title\">Les 10 incountornables<\/p><p class=\"vc-incubalia-5-cards__card-subtitle\">Les incontournables de votre visite<\/p><\/div><div class=\"vc-incubalia-5-cards__card-url-container\"><span class=\"vc-incubalia-5-cards__card-url\">Lire la suite<\/span><\/div><\/div><div class=\"vc-incubalia-5-cards__card card-4 has-url\"><a href=\"\/fr\/delta-de-l-ebre\/\"><img decoding=\"async\" class=\"vc-incubalia-5-cards__card-mobile-picture\" src=\"https:\/\/www.tortosaturisme.cat\/wp-content\/uploads\/2018\/02\/B-delta-ebre-e1560351224263-640x460.jpg\">\n                      <img decoding=\"async\" class=\"vc-incubalia-5-cards__card-desktop-picture\" src=\"https:\/\/www.tortosaturisme.cat\/wp-content\/uploads\/2018\/02\/B-delta-ebre-e1560351224263-640x460.jpg\"><\/a><div class=\"vc-incubalia-5-cards__card-text-container\"><p class=\"vc-incubalia-5-cards__card-title\">Delta de l'\u00c8bre<\/p><\/div><div class=\"vc-incubalia-5-cards__card-url-container\"><span class=\"vc-incubalia-5-cards__card-url\">Lire la suite<\/span><\/div><\/div><\/div><div class=\"vc-incubalia-5-cards__card card-5 has-url\"><a href=\"\/fr\/le-parc-naturel-des-ports\/\"><img decoding=\"async\" class=\"vc-incubalia-5-cards__card-mobile-picture\" src=\"https:\/\/www.tortosaturisme.cat\/wp-content\/uploads\/2018\/02\/b-1280-faig-pare-1-640x460.jpg\">\n                      <img decoding=\"async\" class=\"vc-incubalia-5-cards__card-desktop-picture\" src=\"https:\/\/www.tortosaturisme.cat\/wp-content\/uploads\/2018\/02\/b-1280-faig-pare-1-640x449.jpg\"><\/a><div class=\"vc-incubalia-5-cards__card-text-container\"><p class=\"vc-incubalia-5-cards__card-title\">Le parc naturel de Els Ports<\/p><\/div><div class=\"vc-incubalia-5-cards__card-url-container\"><span class=\"vc-incubalia-5-cards__card-url\">Lire la suite<\/span><\/div><\/div><\/div><div class=\"vc-incubalia-4-images\"><h2 class=\"vc-incubalia-4-images__title\">Vivre la ville et le territoire<\/h2><div class=\"vc-incubalia-4-images__image has-url\"\"><a href=\"\/fr\/experiencies\/\"><img decoding=\"async\" src=\"https:\/\/www.tortosaturisme.cat\/wp-content\/uploads\/2018\/02\/B-experiencies.jpg\" alt=\"\"><\/a><div class=\"vc-incubalia-4-images__image-text-container\"><p class=\"vc-incubalia-4-images__image-title\">Exp\u00e9riences<\/p><p class=\"vc-incubalia-4-images__image-subtitle\">Culturelle, aventure, activit\u00e9s de groupe, pour toute la famille et, surtout, pour profiter!<\/p><\/div><div class=\"vc-incubalia-4-images__image-url-container\"><span class=\"vc-incubalia-4-images__image-url\">Lire la suite<\/span><\/div><\/div><div class=\"vc-incubalia-4-images__image has-url\"\"><a href=\"\/fr\/experiencies\/?experience-type=a-laire-lliure-fr&list-view=cards\"><img decoding=\"async\" src=\"https:\/\/www.tortosaturisme.cat\/wp-content\/uploads\/2018\/02\/B-exp-aire-lliure.jpg\" alt=\"\"><\/a><div class=\"vc-incubalia-4-images__image-text-container\"><p class=\"vc-incubalia-4-images__image-title\">En plein air <\/p><p class=\"vc-incubalia-4-images__image-subtitle\">Randonn\u00e9es p\u00e9destres, 4x4 ou \u00e0 v\u00e9lo<\/p><\/div><div class=\"vc-incubalia-4-images__image-url-container\"><span class=\"vc-incubalia-4-images__image-url\">Lire la suite<\/span><\/div><\/div><div class=\"vc-incubalia-4-images__image has-url\"\"><a href=\"\/fr\/experiencies\/?experience-type=al-riu-fr&list-view=cards\"><img decoding=\"async\" src=\"https:\/\/www.tortosaturisme.cat\/wp-content\/uploads\/2018\/02\/B-exp-piragua.jpg\" alt=\"\"><\/a><div class=\"vc-incubalia-4-images__image-text-container\"><p class=\"vc-incubalia-4-images__image-title\">Sur le fleuve <\/p><p class=\"vc-incubalia-4-images__image-subtitle\">Parcourez la felouque ou explorez en cano\u00eb ou en kayak<\/p><\/div><div class=\"vc-incubalia-4-images__image-url-container\"><span class=\"vc-incubalia-4-images__image-url\">Lire la suite<\/span><\/div><\/div><div class=\"vc-incubalia-4-images__image has-url\"\"><a href=\"\/fr\/experiencies\/?experience-type=amb-nens-fr&list-view=cards\"><img decoding=\"async\" src=\"https:\/\/www.tortosaturisme.cat\/wp-content\/uploads\/2018\/02\/B-exp-nens.jpg\" alt=\"\"><\/a><div class=\"vc-incubalia-4-images__image-text-container\"><p class=\"vc-incubalia-4-images__image-title\">Avec des enfants <\/p><p class=\"vc-incubalia-4-images__image-subtitle\">Une visite inoubliable<\/p><\/div><div class=\"vc-incubalia-4-images__image-url-container\"><span class=\"vc-incubalia-4-images__image-url\">Lire la suite<\/span><\/div><\/div><\/div>[\/vc_column][\/vc_row][vc_row][vc_column]<div class=\"vc-incubalia-3-images\"><h2 class=\"vc-incubalia-3-images__title\">On vous propose<\/h2><div class=\"vc-incubalia-3-images__image\"><a href=\"\/fr\/une-escapade-de-week-end\/ \"><img decoding=\"async\" src=\"https:\/\/www.tortosaturisme.cat\/wp-content\/uploads\/2018\/02\/B-800-600-escapada-finde.jpg\" alt=\"\"><\/a><a href=\"\/fr\/une-escapade-de-week-end\/ \"><p class=\"vc-incubalia-3-images__image-title\">Une escapade id\u00e9ale <\/p><\/a><p class=\"vc-incubalia-3-images__image-subtitle\">Un week-end pour d\u00e9couvrir Tortosa et les Terres de l'\u00c8bre<\/p><\/div><div class=\"vc-incubalia-3-images__image\"><a href=\"\/fr\/la-cuisine-des-terres-de-lebre\/\"><img decoding=\"async\" src=\"https:\/\/www.tortosaturisme.cat\/wp-content\/uploads\/2018\/02\/B-800-600-cuina.jpg\" alt=\"\"><\/a><a href=\"\/fr\/la-cuisine-des-terres-de-lebre\/\"><p class=\"vc-incubalia-3-images__image-title\">Gastronomie<\/p><\/a><p class=\"vc-incubalia-3-images__image-subtitle\">Une cuisine li\u00e9e au terroir<\/p><\/div><div class=\"vc-incubalia-3-images__image\"><a href=\"\/fr\/routes\/\"><img decoding=\"async\" src=\"https:\/\/www.tortosaturisme.cat\/wp-content\/uploads\/2018\/02\/B-800-600-rutes.jpg\" alt=\"\"><\/a><a href=\"\/fr\/routes\/\"><p class=\"vc-incubalia-3-images__image-title\">Routes<\/p><\/a><p class=\"vc-incubalia-3-images__image-subtitle\">Entrez dans l'histoire de la ville<\/p><\/div><\/div>[\/vc_column][\/vc_row]<\/p>\n","protected":false},"excerpt":{"rendered":"<p>[vc_row][vc_column][\/vc_column][\/vc_row][vc_row][vc_column][vc_raw_html]JTNDZGl2JTIwc3R5bGUlM0QlMjJ3aWR0aCUzQTk1JTI1JTNCJTIwaGVpZ2h0JTNBJTIwY2FsYyUyODkwdmglMjAtJTIwMTAwcHglMjklM0JtYXJnaW4lM0EwJTIwYXV0byUzQiUyMiUzRSUwQSUyMCUyMCUyMCUyMCUzQ2RpdiUwQSUyMCUyMCUyMCUyMCUyMCUyMCUyMCUyMGlkJTNEJTIyYldpZGdldE1hcCUyMiUwQSUyMCUyMCUyMCUyMCUyMCUyMCUyMCUyMGludGVncmF0aW9uJTNEJTIyc2VnbWVudCUyMiUwQSUyMCUyMCUyMCUyMCUyMCUyMCUyMCUyMHRvcEhlaWdodCUzRCUyMjEwMCUyMiUwQSUyMCUyMCUyMCUyMCUyMCUyMCUyMCUyMGJ0bkNvbG9yJTNEJTI3JTIzYzMwNjFhJTI3JTBBJTIwJTIwJTIwJTIwJTIwJTIwJTIwJTIwc2hvd0N1cnRhaW4lM0QlMjJ0cnVlJTIyJTBBJTIwJTIwJTIwJTIwJTIwJTIwJTIwJTIwc2hvd0J1dHRvbnMlM0QlMjJ0cnVlJTIyJTBBJTIwJTIwJTIwJTIwJTIwJTIwJTIwJTIwdmlld01hcFRleHQlM0QlMjJDQVJURSUyMElOVEVSQUNUSVZFJTIyJTBBJTIwJTIwJTIwJTIwJTIwJTIwJTIwJTIwcGFyZW50dXJpcHJlZml4JTNEJTIyYndpZGdldCUzQSUyMiUwQSUyMCUyMCUyMCUyMCUyMCUyMCUyMCUyMGlnbm9yZUJvdHRvbUNvbnRlbnQlM0QlMjJ0cnVlJTIyJTBBJTIwJTIwJTIwJTIwJTIwJTIwJTIwJTIwZW1iZWR1cmwlM0QlMjJodHRwcyUzQSUyRiUyRm1hcGVzLnRvcnRvc2F0dXJpc21lLmNhdCUyMiUwQSUyMCUyMCUyMCUyMCUyMCUyMCUyMCUyMGVtYmVkbWFpbnVyaSUzRCUyMiUyRmZyJTJGZW50cmUtZGV1eC1wYXJjcy1uYXR1cmVscyUyMiUwQSUyMCUyMCUyMCUyMCUyMCUyMCUyMCUyMG1hcFNjcm9sbHdoZWVsJTNEJTIyZmFsc2UlMjIlMEElMjAlMjAlMjAlMjAlMjAlMjAlMjAlMjBvbkZvY3VzJTNEJTIyJTIyJTBBJTIwJTIwJTIwJTIwJTIwJTIwJTIwJTIwb25Gb2N1c091dCUzRCUyMiUyMiUwQSUyMCUyMCUyMCUyMCUzRSUzQyUyRmRpdiUzRSUwQSUyMCUyMCUyMCUyMCUzQ3NjcmlwdCUyMHR5cGUlM0QlMjJ0ZXh0JTJGamF2YXNjcmlwdCUyMiUyMHNyYyUzRCUyMmh0dHBzJTNBJTJGJTJGbWFwZXMudG9ydG9zYXR1cmlzbWUuY2F0JTJGZW1iZWQuanMlMjIlM0UlM0MlMkZzY3JpcHQlM0UlMEElM0MlMkZkaXYlM0U=[\/vc_raw_html][\/vc_column][\/vc_row][vc_row][vc_column][\/vc_column][\/vc_row][vc_row][vc_column][\/vc_column][\/vc_row][vc_row][vc_column][\/vc_column][\/vc_row]<\/p>\n","protected":false},"author":2,"featured_media":0,"parent":0,"menu_order":374,"comment_status":"closed","ping_status":"closed","template":"","meta":{"footnotes":""},"class_list":["post-4256","page","type-page","status-publish","hentry"],"acf":[],"yoast_head":"<!-- This site is optimized with the Yoast SEO plugin v27.4 - https:\/\/yoast.com\/product\/yoast-seo-wordpress\/ -->\n<title>Entre deux parcs naturels - tortosaturisme<\/title>\n<meta name=\"description\" content=\"Tortosa, entre le Parc naturel des Ports et le Delta de l\u2019\u00c8bre, est l\u2019endroit id\u00e9al pour d\u00e9couvrir des paysages naturels impressionnants.\" \/>\n<meta name=\"robots\" content=\"index, follow, max-snippet:-1, max-image-preview:large, max-video-preview:-1\" \/>\n<link rel=\"canonical\" href=\"https:\/\/www.tortosaturisme.cat\/fr\/entre-deux-parcs-naturels\/\" \/>\n<meta property=\"og:locale\" content=\"fr_FR\" \/>\n<meta property=\"og:type\" content=\"article\" \/>\n<meta property=\"og:title\" content=\"Entre deux parcs naturels - tortosaturisme\" \/>\n<meta property=\"og:description\" content=\"Tortosa, entre le Parc naturel des Ports et le Delta de l\u2019\u00c8bre, est l\u2019endroit id\u00e9al pour d\u00e9couvrir des paysages naturels impressionnants.\" \/>\n<meta property=\"og:url\" content=\"https:\/\/www.tortosaturisme.cat\/fr\/entre-deux-parcs-naturels\/\" \/>\n<meta property=\"og:site_name\" content=\"tortosaturisme\" \/>\n<meta property=\"article:modified_time\" content=\"2025-09-19T16:02:05+00:00\" \/>\n<meta name=\"twitter:card\" content=\"summary_large_image\" \/>\n<meta name=\"twitter:label1\" content=\"Dur\u00e9e de lecture estim\u00e9e\" \/>\n\t<meta name=\"twitter:data1\" content=\"3 minutes\" \/>\n<script type=\"application\/ld+json\" class=\"yoast-schema-graph\">{\"@context\":\"https:\\\/\\\/schema.org\",\"@graph\":[{\"@type\":\"WebPage\",\"@id\":\"https:\\\/\\\/www.tortosaturisme.cat\\\/fr\\\/entre-deux-parcs-naturels\\\/\",\"url\":\"https:\\\/\\\/www.tortosaturisme.cat\\\/fr\\\/entre-deux-parcs-naturels\\\/\",\"name\":\"Entre deux parcs naturels - tortosaturisme\",\"isPartOf\":{\"@id\":\"https:\\\/\\\/www.tortosaturisme.cat\\\/fr\\\/#website\"},\"datePublished\":\"2018-02-11T11:53:15+00:00\",\"dateModified\":\"2025-09-19T16:02:05+00:00\",\"description\":\"Tortosa, entre le Parc naturel des Ports et le Delta de l\u2019\u00c8bre, est l\u2019endroit id\u00e9al pour d\u00e9couvrir des paysages naturels impressionnants.\",\"breadcrumb\":{\"@id\":\"https:\\\/\\\/www.tortosaturisme.cat\\\/fr\\\/entre-deux-parcs-naturels\\\/#breadcrumb\"},\"inLanguage\":\"fr-FR\",\"potentialAction\":[{\"@type\":\"ReadAction\",\"target\":[\"https:\\\/\\\/www.tortosaturisme.cat\\\/fr\\\/entre-deux-parcs-naturels\\\/\"]}]},{\"@type\":\"BreadcrumbList\",\"@id\":\"https:\\\/\\\/www.tortosaturisme.cat\\\/fr\\\/entre-deux-parcs-naturels\\\/#breadcrumb\",\"itemListElement\":[{\"@type\":\"ListItem\",\"position\":1,\"name\":\"Home\",\"item\":\"https:\\\/\\\/www.tortosaturisme.cat\\\/fr\\\/home-page\\\/\"},{\"@type\":\"ListItem\",\"position\":2,\"name\":\"Entre deux parcs naturels\"}]},{\"@type\":\"WebSite\",\"@id\":\"https:\\\/\\\/www.tortosaturisme.cat\\\/fr\\\/#website\",\"url\":\"https:\\\/\\\/www.tortosaturisme.cat\\\/fr\\\/\",\"name\":\"tortosaturisme\",\"description\":\"Otro sitio realizado con WordPress\",\"potentialAction\":[{\"@type\":\"SearchAction\",\"target\":{\"@type\":\"EntryPoint\",\"urlTemplate\":\"https:\\\/\\\/www.tortosaturisme.cat\\\/fr\\\/?s={search_term_string}\"},\"query-input\":{\"@type\":\"PropertyValueSpecification\",\"valueRequired\":true,\"valueName\":\"search_term_string\"}}],\"inLanguage\":\"fr-FR\"}]}<\/script>\n<!-- \/ Yoast SEO plugin. -->","yoast_head_json":{"title":"Entre deux parcs naturels - tortosaturisme","description":"Tortosa, entre le Parc naturel des Ports et le Delta de l\u2019\u00c8bre, est l\u2019endroit id\u00e9al pour d\u00e9couvrir des paysages naturels impressionnants.","robots":{"index":"index","follow":"follow","max-snippet":"max-snippet:-1","max-image-preview":"max-image-preview:large","max-video-preview":"max-video-preview:-1"},"canonical":"https:\/\/www.tortosaturisme.cat\/fr\/entre-deux-parcs-naturels\/","og_locale":"fr_FR","og_type":"article","og_title":"Entre deux parcs naturels - tortosaturisme","og_description":"Tortosa, entre le Parc naturel des Ports et le Delta de l\u2019\u00c8bre, est l\u2019endroit id\u00e9al pour d\u00e9couvrir des paysages naturels impressionnants.","og_url":"https:\/\/www.tortosaturisme.cat\/fr\/entre-deux-parcs-naturels\/","og_site_name":"tortosaturisme","article_modified_time":"2025-09-19T16:02:05+00:00","twitter_card":"summary_large_image","twitter_misc":{"Dur\u00e9e de lecture estim\u00e9e":"3 minutes"},"schema":{"@context":"https:\/\/schema.org","@graph":[{"@type":"WebPage","@id":"https:\/\/www.tortosaturisme.cat\/fr\/entre-deux-parcs-naturels\/","url":"https:\/\/www.tortosaturisme.cat\/fr\/entre-deux-parcs-naturels\/","name":"Entre deux parcs naturels - tortosaturisme","isPartOf":{"@id":"https:\/\/www.tortosaturisme.cat\/fr\/#website"},"datePublished":"2018-02-11T11:53:15+00:00","dateModified":"2025-09-19T16:02:05+00:00","description":"Tortosa, entre le Parc naturel des Ports et le Delta de l\u2019\u00c8bre, est l\u2019endroit id\u00e9al pour d\u00e9couvrir des paysages naturels impressionnants.","breadcrumb":{"@id":"https:\/\/www.tortosaturisme.cat\/fr\/entre-deux-parcs-naturels\/#breadcrumb"},"inLanguage":"fr-FR","potentialAction":[{"@type":"ReadAction","target":["https:\/\/www.tortosaturisme.cat\/fr\/entre-deux-parcs-naturels\/"]}]},{"@type":"BreadcrumbList","@id":"https:\/\/www.tortosaturisme.cat\/fr\/entre-deux-parcs-naturels\/#breadcrumb","itemListElement":[{"@type":"ListItem","position":1,"name":"Home","item":"https:\/\/www.tortosaturisme.cat\/fr\/home-page\/"},{"@type":"ListItem","position":2,"name":"Entre deux parcs naturels"}]},{"@type":"WebSite","@id":"https:\/\/www.tortosaturisme.cat\/fr\/#website","url":"https:\/\/www.tortosaturisme.cat\/fr\/","name":"tortosaturisme","description":"Otro sitio realizado con WordPress","potentialAction":[{"@type":"SearchAction","target":{"@type":"EntryPoint","urlTemplate":"https:\/\/www.tortosaturisme.cat\/fr\/?s={search_term_string}"},"query-input":{"@type":"PropertyValueSpecification","valueRequired":true,"valueName":"search_term_string"}}],"inLanguage":"fr-FR"}]}},"_links":{"self":[{"href":"https:\/\/www.tortosaturisme.cat\/fr\/wp-json\/wp\/v2\/pages\/4256","targetHints":{"allow":["GET"]}}],"collection":[{"href":"https:\/\/www.tortosaturisme.cat\/fr\/wp-json\/wp\/v2\/pages"}],"about":[{"href":"https:\/\/www.tortosaturisme.cat\/fr\/wp-json\/wp\/v2\/types\/page"}],"author":[{"embeddable":true,"href":"https:\/\/www.tortosaturisme.cat\/fr\/wp-json\/wp\/v2\/users\/2"}],"replies":[{"embeddable":true,"href":"https:\/\/www.tortosaturisme.cat\/fr\/wp-json\/wp\/v2\/comments?post=4256"}],"version-history":[{"count":11,"href":"https:\/\/www.tortosaturisme.cat\/fr\/wp-json\/wp\/v2\/pages\/4256\/revisions"}],"predecessor-version":[{"id":36863,"href":"https:\/\/www.tortosaturisme.cat\/fr\/wp-json\/wp\/v2\/pages\/4256\/revisions\/36863"}],"wp:attachment":[{"href":"https:\/\/www.tortosaturisme.cat\/fr\/wp-json\/wp\/v2\/media?parent=4256"}],"curies":[{"name":"wp","href":"https:\/\/api.w.org\/{rel}","templated":true}]}}