{"id":4276,"date":"2018-02-13T21:08:47","date_gmt":"2018-02-13T21:08:47","guid":{"rendered":"http:\/\/tortosaturisme-preprod.incubaliadev.com\/fr\/jornades-gastronomiques\/"},"modified":"2020-11-24T13:31:26","modified_gmt":"2020-11-24T13:31:26","slug":"journees-gastronomiques","status":"publish","type":"page","link":"https:\/\/www.tortosaturisme.cat\/fr\/journees-gastronomiques\/","title":{"rendered":"Journ\u00e9es gastronomiques"},"content":{"rendered":"<p>[vc_row][vc_column]<div class=\"vc-incubalia-medium-header\"><h1 class=\"vc-incubalia-medium-header__title\">Journ\u00e9es gastronomiques <\/h1><img decoding=\"async\" class=\"vc-incubalia-medium-header__mobile-picture\" src=\"https:\/\/www.tortosaturisme.cat\/wp-content\/uploads\/2018\/02\/1-jornades-mb.jpg\">\n                  <img decoding=\"async\" class=\"vc-incubalia-medium-header__desktop-picture\" src=\"https:\/\/www.tortosaturisme.cat\/wp-content\/uploads\/2018\/02\/1-jornades-ds.jpg\"><\/div><div class=\"vc-incubalia-text-title\"><h2 class=\"vc-incubalia-text-title__title\">Du 16\u00e8me si\u00e8cle \u00e0 la mer du Nord et la Nouvelle-Orl\u00e9ans, un voyage de saveurs<\/h2><\/div><div class=\"vc-incubalia-text-1-column-subtitle\"><h3 class=\"vc-incubalia-text-1-column-subtitle__subtitle\">Autour de l'ann\u00e9e il y a plusieurs initiatives gastronomiques men\u00e9es par les restaurateurs de la ville, souvent ce sont des menus propos\u00e9s dans le cadre de la promotion d'un produit de la saison. Nous vous recommandons fortement les diff\u00e9rentes journ\u00e9es gastronomiques organis\u00e9es par Platigot.<\/h3><div class=\"vc-incubalia-text-1-column-subtitle__text\"><\/div><\/div><div class=\"vc-incubalia-3-images\"><h2 class=\"vc-incubalia-3-images__title\">Nos journ\u00e9es<\/h2><div class=\"vc-incubalia-3-images__image\"><a href=\"\/fr\/mengeu-de-festa\/\"><img decoding=\"async\" src=\"https:\/\/www.tortosaturisme.cat\/wp-content\/uploads\/2018\/02\/b-800-mengeu-de-festa-1.jpg\" alt=\"\"><\/a><a href=\"\/fr\/mengeu-de-festa\/\"><p class=\"vc-incubalia-3-images__image-title\">Mengeu de Festa<\/p><\/a><p class=\"vc-incubalia-3-images__image-subtitle\">Les journ\u00e9es de la cuisine de la Renaissance<\/p><\/div><div class=\"vc-incubalia-3-images__image\"><a href=\"\/fr\/journees-de-la-cuisine-cadienne\/\"><img decoding=\"async\" src=\"https:\/\/www.tortosaturisme.cat\/wp-content\/uploads\/2018\/02\/b-800-cuina-cajun.jpg\" alt=\"\"><\/a><a href=\"\/fr\/journees-de-la-cuisine-cadienne\/\"><p class=\"vc-incubalia-3-images__image-title\">La cuisine cadienne<\/p><\/a><p class=\"vc-incubalia-3-images__image-subtitle\">Mangez a rythme de jazz<\/p><\/div><div class=\"vc-incubalia-3-images__image\"><a href=\"\/fr\/journees-de-la-cuisine-de-la-morue\/\"><img decoding=\"async\" src=\"https:\/\/www.tortosaturisme.cat\/wp-content\/uploads\/2018\/02\/b-800-jornades.jpg\" alt=\"\"><\/a><a href=\"\/fr\/journees-de-la-cuisine-de-la-morue\/\"><p class=\"vc-incubalia-3-images__image-title\">La cuisine de la morue<\/p><\/a><p class=\"vc-incubalia-3-images__image-subtitle\">\u00c0 Tortosa la morue est tr\u00e8s appr\u00e9ci\u00e9e <\/p><\/div><\/div>[\/vc_column][\/vc_row]<\/p>\n","protected":false},"excerpt":{"rendered":"<p>[vc_row][vc_column][\/vc_column][\/vc_row]<\/p>\n","protected":false},"author":2,"featured_media":0,"parent":0,"menu_order":297,"comment_status":"closed","ping_status":"closed","template":"","meta":{"footnotes":""},"class_list":["post-4276","page","type-page","status-publish","hentry"],"acf":[],"yoast_head":"<!-- This site is optimized with the Yoast SEO plugin v27.5 - https:\/\/yoast.com\/product\/yoast-seo-wordpress\/ -->\n<title>Journ\u00e9es gastronomiques - tortosaturisme<\/title>\n<meta name=\"robots\" content=\"index, follow, max-snippet:-1, max-image-preview:large, max-video-preview:-1\" \/>\n<link rel=\"canonical\" href=\"https:\/\/www.tortosaturisme.cat\/fr\/journees-gastronomiques\/\" \/>\n<meta property=\"og:locale\" content=\"fr_FR\" \/>\n<meta property=\"og:type\" content=\"article\" \/>\n<meta property=\"og:title\" content=\"Journ\u00e9es gastronomiques - tortosaturisme\" \/>\n<meta property=\"og:description\" content=\"[vc_row][vc_column][\/vc_column][\/vc_row]\" \/>\n<meta property=\"og:url\" content=\"https:\/\/www.tortosaturisme.cat\/fr\/journees-gastronomiques\/\" \/>\n<meta property=\"og:site_name\" content=\"tortosaturisme\" \/>\n<meta property=\"article:modified_time\" content=\"2020-11-24T13:31:26+00:00\" \/>\n<meta name=\"twitter:card\" content=\"summary_large_image\" \/>\n<meta name=\"twitter:label1\" content=\"Dur\u00e9e de lecture estim\u00e9e\" \/>\n\t<meta name=\"twitter:data1\" content=\"1 minute\" \/>\n<script type=\"application\/ld+json\" class=\"yoast-schema-graph\">{\"@context\":\"https:\\\/\\\/schema.org\",\"@graph\":[{\"@type\":\"WebPage\",\"@id\":\"https:\\\/\\\/www.tortosaturisme.cat\\\/fr\\\/journees-gastronomiques\\\/\",\"url\":\"https:\\\/\\\/www.tortosaturisme.cat\\\/fr\\\/journees-gastronomiques\\\/\",\"name\":\"Journ\u00e9es gastronomiques - tortosaturisme\",\"isPartOf\":{\"@id\":\"https:\\\/\\\/www.tortosaturisme.cat\\\/fr\\\/#website\"},\"datePublished\":\"2018-02-13T21:08:47+00:00\",\"dateModified\":\"2020-11-24T13:31:26+00:00\",\"breadcrumb\":{\"@id\":\"https:\\\/\\\/www.tortosaturisme.cat\\\/fr\\\/journees-gastronomiques\\\/#breadcrumb\"},\"inLanguage\":\"fr-FR\",\"potentialAction\":[{\"@type\":\"ReadAction\",\"target\":[\"https:\\\/\\\/www.tortosaturisme.cat\\\/fr\\\/journees-gastronomiques\\\/\"]}]},{\"@type\":\"BreadcrumbList\",\"@id\":\"https:\\\/\\\/www.tortosaturisme.cat\\\/fr\\\/journees-gastronomiques\\\/#breadcrumb\",\"itemListElement\":[{\"@type\":\"ListItem\",\"position\":1,\"name\":\"Home\",\"item\":\"https:\\\/\\\/www.tortosaturisme.cat\\\/fr\\\/home-page\\\/\"},{\"@type\":\"ListItem\",\"position\":2,\"name\":\"Journ\u00e9es gastronomiques\"}]},{\"@type\":\"WebSite\",\"@id\":\"https:\\\/\\\/www.tortosaturisme.cat\\\/fr\\\/#website\",\"url\":\"https:\\\/\\\/www.tortosaturisme.cat\\\/fr\\\/\",\"name\":\"tortosaturisme\",\"description\":\"Otro sitio realizado con WordPress\",\"potentialAction\":[{\"@type\":\"SearchAction\",\"target\":{\"@type\":\"EntryPoint\",\"urlTemplate\":\"https:\\\/\\\/www.tortosaturisme.cat\\\/fr\\\/?s={search_term_string}\"},\"query-input\":{\"@type\":\"PropertyValueSpecification\",\"valueRequired\":true,\"valueName\":\"search_term_string\"}}],\"inLanguage\":\"fr-FR\"}]}<\/script>\n<!-- \/ Yoast SEO plugin. -->","yoast_head_json":{"title":"Journ\u00e9es gastronomiques - tortosaturisme","robots":{"index":"index","follow":"follow","max-snippet":"max-snippet:-1","max-image-preview":"max-image-preview:large","max-video-preview":"max-video-preview:-1"},"canonical":"https:\/\/www.tortosaturisme.cat\/fr\/journees-gastronomiques\/","og_locale":"fr_FR","og_type":"article","og_title":"Journ\u00e9es gastronomiques - tortosaturisme","og_description":"[vc_row][vc_column][\/vc_column][\/vc_row]","og_url":"https:\/\/www.tortosaturisme.cat\/fr\/journees-gastronomiques\/","og_site_name":"tortosaturisme","article_modified_time":"2020-11-24T13:31:26+00:00","twitter_card":"summary_large_image","twitter_misc":{"Dur\u00e9e de lecture estim\u00e9e":"1 minute"},"schema":{"@context":"https:\/\/schema.org","@graph":[{"@type":"WebPage","@id":"https:\/\/www.tortosaturisme.cat\/fr\/journees-gastronomiques\/","url":"https:\/\/www.tortosaturisme.cat\/fr\/journees-gastronomiques\/","name":"Journ\u00e9es gastronomiques - tortosaturisme","isPartOf":{"@id":"https:\/\/www.tortosaturisme.cat\/fr\/#website"},"datePublished":"2018-02-13T21:08:47+00:00","dateModified":"2020-11-24T13:31:26+00:00","breadcrumb":{"@id":"https:\/\/www.tortosaturisme.cat\/fr\/journees-gastronomiques\/#breadcrumb"},"inLanguage":"fr-FR","potentialAction":[{"@type":"ReadAction","target":["https:\/\/www.tortosaturisme.cat\/fr\/journees-gastronomiques\/"]}]},{"@type":"BreadcrumbList","@id":"https:\/\/www.tortosaturisme.cat\/fr\/journees-gastronomiques\/#breadcrumb","itemListElement":[{"@type":"ListItem","position":1,"name":"Home","item":"https:\/\/www.tortosaturisme.cat\/fr\/home-page\/"},{"@type":"ListItem","position":2,"name":"Journ\u00e9es gastronomiques"}]},{"@type":"WebSite","@id":"https:\/\/www.tortosaturisme.cat\/fr\/#website","url":"https:\/\/www.tortosaturisme.cat\/fr\/","name":"tortosaturisme","description":"Otro sitio realizado con WordPress","potentialAction":[{"@type":"SearchAction","target":{"@type":"EntryPoint","urlTemplate":"https:\/\/www.tortosaturisme.cat\/fr\/?s={search_term_string}"},"query-input":{"@type":"PropertyValueSpecification","valueRequired":true,"valueName":"search_term_string"}}],"inLanguage":"fr-FR"}]}},"_links":{"self":[{"href":"https:\/\/www.tortosaturisme.cat\/fr\/wp-json\/wp\/v2\/pages\/4276","targetHints":{"allow":["GET"]}}],"collection":[{"href":"https:\/\/www.tortosaturisme.cat\/fr\/wp-json\/wp\/v2\/pages"}],"about":[{"href":"https:\/\/www.tortosaturisme.cat\/fr\/wp-json\/wp\/v2\/types\/page"}],"author":[{"embeddable":true,"href":"https:\/\/www.tortosaturisme.cat\/fr\/wp-json\/wp\/v2\/users\/2"}],"replies":[{"embeddable":true,"href":"https:\/\/www.tortosaturisme.cat\/fr\/wp-json\/wp\/v2\/comments?post=4276"}],"version-history":[{"count":9,"href":"https:\/\/www.tortosaturisme.cat\/fr\/wp-json\/wp\/v2\/pages\/4276\/revisions"}],"predecessor-version":[{"id":16214,"href":"https:\/\/www.tortosaturisme.cat\/fr\/wp-json\/wp\/v2\/pages\/4276\/revisions\/16214"}],"wp:attachment":[{"href":"https:\/\/www.tortosaturisme.cat\/fr\/wp-json\/wp\/v2\/media?parent=4276"}],"curies":[{"name":"wp","href":"https:\/\/api.w.org\/{rel}","templated":true}]}}