{"id":4278,"date":"2018-02-10T12:11:01","date_gmt":"2018-02-10T12:11:01","guid":{"rendered":"http:\/\/tortosaturisme-preprod.incubaliadev.com\/fr\/lempremta-jueva\/"},"modified":"2025-09-20T10:28:54","modified_gmt":"2025-09-20T10:28:54","slug":"lempreinte-juive","status":"publish","type":"page","link":"https:\/\/www.tortosaturisme.cat\/fr\/lempreinte-juive\/","title":{"rendered":"L&rsquo;Empreinte juive"},"content":{"rendered":"<p>[vc_row][vc_column]<div class=\"vc-incubalia-big-header\"><h1 class=\"vc-incubalia-big-header__title\">L'empreinte juive<\/h1><img decoding=\"async\" class=\"vc-incubalia-big-header__mobile-picture\" src=\"https:\/\/www.tortosaturisme.cat\/wp-content\/uploads\/2018\/02\/1-empremta-jueva-mb-1.jpg\">\n                  <img decoding=\"async\" class=\"vc-incubalia-big-header__desktop-picture\" src=\"https:\/\/www.tortosaturisme.cat\/wp-content\/uploads\/2018\/02\/1-empremta-jueva-ds-1-1920x700.jpg\"><\/div>[\/vc_column][\/vc_row][vc_row][vc_column]<div class=\"vc-incubalia-text-1-column-subtitle\"><h2 class=\"vc-incubalia-text-1-column-subtitle__title\">L'une des aljamas juives les plus importantes de la Couronne<\/h2><h3 class=\"vc-incubalia-text-1-column-subtitle__subtitle\">Tortosa est l'un de ces rares endroits o\u00f9 ont coexist\u00e9 et v\u00e9cu ensemble les trois grandes religions \u00e0 l'\u00e9poque du Moyen \u00c2ge tardif <\/h3><div class=\"vc-incubalia-text-1-column-subtitle__text\"><\/p><br \/>\n<p style=\"text-align: center;\"><strong>Le premier t\u00e9moignage de la pr\u00e9sence des juifs \u00e0 Tortosa appara\u00eet au VIe si\u00e8cle<\/strong>, sur une description fun\u00e9raire trilingue expos\u00e9e dans la Cath\u00e9drale. Mais il semble qu&rsquo;\u00e0 l&rsquo;\u00e9poque romaine, des juifs vivaient d\u00e9j\u00e0 \u00e0 Tortosa.<\/p><br \/>\n<p><\/div><\/div>[\/vc_column][\/vc_row][vc_row][vc_column]<div class=\"vc-incubalia-image-huge\"><img decoding=\"async\" class=\"vc-incubalia-image-huge__mobile-picture brightness-100\" src=\"https:\/\/www.tortosaturisme.cat\/wp-content\/uploads\/2018\/02\/2-empremta-jueva-mb-bis.jpg\" alt=\"\"><img decoding=\"async\" class=\"vc-incubalia-image-huge__desktop-picture brightness-100\" src=\"https:\/\/www.tortosaturisme.cat\/wp-content\/uploads\/2018\/02\/2-empremta-jueva-ds-bis.jpg\" alt=\"\"><\/div>[\/vc_column][\/vc_row][vc_row][vc_column]<div class=\"vc-incubalia-text-1-column-subtitle\"><div class=\"vc-incubalia-text-1-column-subtitle__text\"><\/p><br \/>\n<p style=\"text-align: center;\">En 1149, le Comte Roi <strong>Ramon Berenguer IV<\/strong> leur a c\u00e9d\u00e9 les anciens chantiers navals datant de l&rsquo;\u00e9poque musulmane, situ\u00e9s \u00e0 l&rsquo;extr\u00eame nord-ouest de la ville, pour qu&rsquo;ils y installent leur quartier. Cette vieille juiverie, <strong>situ\u00e9e entre l&rsquo;actuelle rue Major de Remolins et l&rsquo;avenue de Felip Pedrell<\/strong>, la rue de Jaume T\u00edo et le ravin du C\u00e8lio, a connu (vers le XIIIe si\u00e8cle) un \u00e9largissement en direction de la montagne.<strong> Le nouveau quartier juif<\/strong> a alors \u00e9t\u00e9 cr\u00e9\u00e9 et il est actuellement mieux conserv\u00e9. Le quartier juif de Tortosa a cohabit\u00e9 \u00e9troitement avec le quartier des Maures ou celui des Sarrasins. Ensuite, l&rsquo;aljama s&rsquo;est consid\u00e9rablement r\u00e9duite apr\u00e8s les attaques contre les juifs \u00e0 la fin du XIVe si\u00e8cle et les conversions massives.<\/p><br \/>\n<p><\/div><\/div><div class=\"vc-incubalia-text-image-full\"><div class=\"vc-incubalia-text-image-full__image-container\"><img decoding=\"async\" class=\"vc-incubalia-text-image-full__image-mobile\" alt=\"\" src=\"https:\/\/www.tortosaturisme.cat\/wp-content\/uploads\/2018\/02\/3-empremta-mb-bis.jpg\"><img decoding=\"async\" class=\"vc-incubalia-text-image-full__image-desktop\" alt=\"\" src=\"https:\/\/www.tortosaturisme.cat\/wp-content\/uploads\/2018\/02\/3-empremta-ds.bis_.jpg\"><i class=\"arrow-down\"><\/i><\/div><div class=\"vc-incubalia-text-image-full__text-container\"><div class=\"vc-incubalia-text-image-full__text\"><\/div><\/div><\/div>[\/vc_column][\/vc_row][vc_row][vc_column]<div class=\"vc-incubalia-text-1-column-subtitle\"><div class=\"vc-incubalia-text-1-column-subtitle__text\"><\/p><br \/>\n<p style=\"text-align: center;\"><strong>Les \u00e9l\u00e9ments les plus int\u00e9ressants<\/strong> de la pr\u00e9sence juive \u00e0 Tortosa sont les <strong>deux dalles fun\u00e9raires<\/strong> de l&rsquo;exposition de la Cath\u00e9drale et la tour du Rastre. Les documents confirment cependant l&rsquo;existence d&rsquo;une synagogue, d&rsquo;un cimeti\u00e8re, d&rsquo;une boucherie et d&rsquo;un four.<\/p><br \/>\n<p><\/div><\/div><div class=\"vc-incubalia-video-full-width\"><img decoding=\"async\" class=\"vc-incubalia-video-full-width__image-mobile\" src=\"https:\/\/www.tortosaturisme.cat\/wp-content\/uploads\/2018\/02\/4-empremta-jueva-mb.jpg\"><img decoding=\"async\" class=\"vc-incubalia-video-full-width__image-desktop\" src=\"https:\/\/www.tortosaturisme.cat\/wp-content\/uploads\/2018\/02\/4-empremta-jueva-ds.jpg\"><div id=\"23fe229489\" class=\"vc-incubalia-video-full-width__play-button\"><img decoding=\"async\" class=\"play-button\" src=\"https:\/\/www.tortosaturisme.cat\/wp-content\/plugins\/vc-incubalia-elements\/elements\/..\/assets\/img\/video-play.png\"><\/div><div class=\"vc-incubalia-video-full-width__youtube-iframe\"><iframe loading=\"lazy\" width=\"560\" height=\"315\" src=\"https:\/\/www.youtube.com\/embed\/EUuSYCAK7Bs\" frameborder=\"0\" allowfullscreen><\/iframe><\/div><\/div><script>(function($) {\n                $(function() {\n                    $('#23fe229489').on('click', function() {\n                        $(this).parent().parent().find('.vc-incubalia-video-full-width').addClass('play');\n                        \/\/$(this).parent().parent().find('.vc-incubalia-video-full-width__youtube-iframe iframe').attr('src', $('.vc-incubalia-video-full-width__youtube-iframe iframe').attr('src') + '?autoplay=1');\n                    });\n                });\n\n                $(window).load(function() {\n                    height = $('.vc-incubalia-video-full-width').height();\n                    setYoutubeIframeDimensions();\n                });\n\n                $(window).resize(function() {\n                    setYoutubeIframeDimensions();\n                });\n\n                function setYoutubeIframeDimensions()\n                {\n                    if ($('.vc-incubalia-video-full-width').height() > 0) {\n                        height = $('.vc-incubalia-video-full-width').height();\n                    }\n                    $('.vc-incubalia-video-full-width__youtube-iframe iframe').attr('height', height);\n                    let width = height * 16 \/ 9;\n                    $('.vc-incubalia-video-full-width__youtube-iframe iframe').attr('width', width);\n                }\n            })(jQuery)<\/script>[\/vc_column][\/vc_row][vc_row][vc_column]<div class=\"vc-incubalia-text-1-column-subtitle\"><div class=\"vc-incubalia-text-1-column-subtitle__text\"><\/p><br \/>\n<p style=\"text-align: center;\"><strong>Le quartier juif<\/strong>, qui peut \u00eatre visit\u00e9 aujourd&rsquo;hui, <strong>conserve le trac\u00e9 urbain et la trame des rues sinueuses<\/strong>, ainsi que certains toponymes, comme une place d\u00e9di\u00e9e aussi \u00e0 <strong>Menahem Ben Saruq<\/strong>, auteur d&rsquo;une grammaire h\u00e9bra\u00efque bas\u00e9e sur la langue arabe.<\/p><br \/>\n<p><\/div><\/div><div class=\"vc-incubalia-5-cards\"><h2 class=\"vc-incubalia-5-cards__title\">Parcourez l'histoire<\/h2><div class=\"vc-incubalia-5-cards__card card-1 has-url\"><a href=\"\/fr\/experiencies\/?experience-type=visites-caracteritzades-fr&amp;list-view=cards\"><img decoding=\"async\" class=\"vc-incubalia-5-cards__card-mobile-picture\" src=\"https:\/\/www.tortosaturisme.cat\/wp-content\/uploads\/2018\/02\/B-1280-visits-caracteritzades-640x460.jpg\">\n                      <img decoding=\"async\" class=\"vc-incubalia-5-cards__card-desktop-picture\" src=\"https:\/\/www.tortosaturisme.cat\/wp-content\/uploads\/2018\/02\/B-1280-visits-caracteritzades.jpg\"><\/a><div class=\"vc-incubalia-5-cards__card-text-container\"><p class=\"vc-incubalia-5-cards__card-title\">Visites caract\u00e9ris\u00e9es<\/p><\/div><div class=\"vc-incubalia-5-cards__card-url-container\"><span class=\"vc-incubalia-5-cards__card-url\">Lire la suite<\/span><\/div><\/div><div class=\"vc-incubalia-5-cards__card card-2 has-url\"><a href=\"\/fr\/ruta\/la-juiverie\/\"><img decoding=\"async\" class=\"vc-incubalia-5-cards__card-mobile-picture\" src=\"https:\/\/www.tortosaturisme.cat\/wp-content\/uploads\/2018\/02\/b-1280-ruta-call-640x460.jpg\">\n                      <img decoding=\"async\" class=\"vc-incubalia-5-cards__card-desktop-picture\" src=\"https:\/\/www.tortosaturisme.cat\/wp-content\/uploads\/2018\/02\/b-1280-ruta-call-640x460.jpg\"><\/a><div class=\"vc-incubalia-5-cards__card-text-container\"><p class=\"vc-incubalia-5-cards__card-title\">Route de la juiverie<\/p><\/div><div class=\"vc-incubalia-5-cards__card-url-container\"><span class=\"vc-incubalia-5-cards__card-url\">Lire la suite<\/span><\/div><\/div><div class=\"vc-incubalia-5-cards__card-3-and-4-container\"><div class=\"vc-incubalia-5-cards__card card-3 has-url\"><a href=\"\/fr\/experiencia\/vivez-le-quartier-juif-de-tortosa\/\"><img decoding=\"async\" class=\"vc-incubalia-5-cards__card-mobile-picture\" src=\"https:\/\/www.tortosaturisme.cat\/wp-content\/uploads\/2018\/02\/b-1280-jueva-2-640x460.jpg\">\n                      <img decoding=\"async\" class=\"vc-incubalia-5-cards__card-desktop-picture\" src=\"https:\/\/www.tortosaturisme.cat\/wp-content\/uploads\/2018\/02\/b-1280-jueva-2-640x460.jpg\"><\/a><div class=\"vc-incubalia-5-cards__card-text-container\"><p class=\"vc-incubalia-5-cards__card-title\">La juive de Tortosa<\/p><\/div><div class=\"vc-incubalia-5-cards__card-url-container\"><span class=\"vc-incubalia-5-cards__card-url\">Lire la suite<\/span><\/div><\/div><div class=\"vc-incubalia-5-cards__card card-4 has-url\"><a href=\"\/fr\/ville-d-art\/\"><img decoding=\"async\" class=\"vc-incubalia-5-cards__card-mobile-picture\" src=\"https:\/\/www.tortosaturisme.cat\/wp-content\/uploads\/2018\/02\/b-1280-ciutat-art-1-640x460.jpg\">\n                      <img decoding=\"async\" class=\"vc-incubalia-5-cards__card-desktop-picture\" src=\"https:\/\/www.tortosaturisme.cat\/wp-content\/uploads\/2018\/02\/b-1280-ciutat-art-1-640x460.jpg\"><\/a><div class=\"vc-incubalia-5-cards__card-text-container\"><p class=\"vc-incubalia-5-cards__card-title\">Ville d'art<\/p><\/div><div class=\"vc-incubalia-5-cards__card-url-container\"><span class=\"vc-incubalia-5-cards__card-url\">Lire la suite<\/span><\/div><\/div><\/div><div class=\"vc-incubalia-5-cards__card card-5 has-url\"><a href=\"\/fr\/tortosa-en-un-jour\/\"><img decoding=\"async\" class=\"vc-incubalia-5-cards__card-mobile-picture\" src=\"https:\/\/www.tortosaturisme.cat\/wp-content\/uploads\/2018\/02\/b-1280-riu-descobreix-640x460.jpg\">\n                      <img decoding=\"async\" class=\"vc-incubalia-5-cards__card-desktop-picture\" src=\"https:\/\/www.tortosaturisme.cat\/wp-content\/uploads\/2018\/02\/b-1280-riu-descobreix-640x449.jpg\"><\/a><div class=\"vc-incubalia-5-cards__card-text-container\"><p class=\"vc-incubalia-5-cards__card-title\">Tortosa en une journ\u00e9e<\/p><\/div><div class=\"vc-incubalia-5-cards__card-url-container\"><span class=\"vc-incubalia-5-cards__card-url\">Lire la suite<\/span><\/div><\/div><\/div>[\/vc_column][\/vc_row][vc_row][vc_column]<div class=\"vc-incubalia-3-images\"><h2 class=\"vc-incubalia-3-images__title\">Exp\u00e9riences<\/h2><div class=\"vc-incubalia-3-images__image\"><a href=\"\/fr\/experiencies\/?experience-type=visites-guiades-fr&amp;list-view=cards\"><img decoding=\"async\" src=\"https:\/\/www.tortosaturisme.cat\/wp-content\/uploads\/2018\/02\/b-800-experiencies-s.jpg\" alt=\"\"><\/a><a href=\"\/fr\/experiencies\/?experience-type=visites-guiades-fr&amp;list-view=cards\"><p class=\"vc-incubalia-3-images__image-title\">Visites guid\u00e9es<\/p><\/a><\/div><div class=\"vc-incubalia-3-images__image\"><a href=\"\/fr\/experiencies\/?experience-type=packs-turistics-fr&amp;list-view=cards\"><img decoding=\"async\" src=\"https:\/\/www.tortosaturisme.cat\/wp-content\/uploads\/2018\/02\/b-800-exp-pacs.jpg\" alt=\"\"><\/a><a href=\"\/fr\/experiencies\/?experience-type=packs-turistics-fr&amp;list-view=cards\"><p class=\"vc-incubalia-3-images__image-title\">Forfaits<\/p><\/a><\/div><div class=\"vc-incubalia-3-images__image\"><a href=\"\/fr\/experiencies\/?experience-type=navegacio-fr&amp;list-view=cards\"><img decoding=\"async\" src=\"https:\/\/www.tortosaturisme.cat\/wp-content\/uploads\/2018\/02\/b-800-experiencies-navegacio.jpg\" alt=\"\"><\/a><a href=\"\/fr\/experiencies\/?experience-type=navegacio-fr&amp;list-view=cards\"><p class=\"vc-incubalia-3-images__image-title\">Navigation<\/p><\/a><\/div><\/div>[\/vc_column][\/vc_row]<\/p>\n","protected":false},"excerpt":{"rendered":"<p>[vc_row][vc_column][\/vc_column][\/vc_row][vc_row][vc_column][\/vc_column][\/vc_row][vc_row][vc_column][\/vc_column][\/vc_row][vc_row][vc_column][\/vc_column][\/vc_row][vc_row][vc_column][\/vc_column][\/vc_row][vc_row][vc_column][\/vc_column][\/vc_row][vc_row][vc_column][\/vc_column][\/vc_row]<\/p>\n","protected":false},"author":2,"featured_media":0,"parent":0,"menu_order":394,"comment_status":"closed","ping_status":"closed","template":"","meta":{"footnotes":""},"class_list":["post-4278","page","type-page","status-publish","hentry"],"acf":[],"yoast_head":"<!-- This site is optimized with the Yoast SEO plugin v27.5 - https:\/\/yoast.com\/product\/yoast-seo-wordpress\/ -->\n<title>L&#039;Empreinte juive - Tortosa Turisme<\/title>\n<meta name=\"description\" content=\"La pr\u00e9sence des Juifs \u00e0 Tortosa remonte au VIe si\u00e8cle avec une inscription dans la cath\u00e9drale, et probablement d\u00e9j\u00e0 \u00e0 l\u2019\u00e9poque romaine.\" \/>\n<meta name=\"robots\" content=\"index, follow, max-snippet:-1, max-image-preview:large, max-video-preview:-1\" \/>\n<link rel=\"canonical\" href=\"https:\/\/www.tortosaturisme.cat\/fr\/lempreinte-juive\/\" \/>\n<meta property=\"og:locale\" content=\"fr_FR\" \/>\n<meta property=\"og:type\" content=\"article\" \/>\n<meta property=\"og:title\" content=\"L&#039;Empreinte juive - Tortosa Turisme\" \/>\n<meta property=\"og:description\" content=\"La pr\u00e9sence des Juifs \u00e0 Tortosa remonte au VIe si\u00e8cle avec une inscription dans la cath\u00e9drale, et probablement d\u00e9j\u00e0 \u00e0 l\u2019\u00e9poque romaine.\" \/>\n<meta property=\"og:url\" content=\"https:\/\/www.tortosaturisme.cat\/fr\/lempreinte-juive\/\" \/>\n<meta property=\"og:site_name\" content=\"tortosaturisme\" \/>\n<meta property=\"article:modified_time\" content=\"2025-09-20T10:28:54+00:00\" \/>\n<meta name=\"twitter:card\" content=\"summary_large_image\" \/>\n<meta name=\"twitter:label1\" content=\"Dur\u00e9e de lecture estim\u00e9e\" \/>\n\t<meta name=\"twitter:data1\" content=\"2 minutes\" \/>\n<script type=\"application\/ld+json\" class=\"yoast-schema-graph\">{\"@context\":\"https:\\\/\\\/schema.org\",\"@graph\":[{\"@type\":\"WebPage\",\"@id\":\"https:\\\/\\\/www.tortosaturisme.cat\\\/fr\\\/lempreinte-juive\\\/\",\"url\":\"https:\\\/\\\/www.tortosaturisme.cat\\\/fr\\\/lempreinte-juive\\\/\",\"name\":\"L'Empreinte juive - Tortosa Turisme\",\"isPartOf\":{\"@id\":\"https:\\\/\\\/www.tortosaturisme.cat\\\/fr\\\/#website\"},\"datePublished\":\"2018-02-10T12:11:01+00:00\",\"dateModified\":\"2025-09-20T10:28:54+00:00\",\"description\":\"La pr\u00e9sence des Juifs \u00e0 Tortosa remonte au VIe si\u00e8cle avec une inscription dans la cath\u00e9drale, et probablement d\u00e9j\u00e0 \u00e0 l\u2019\u00e9poque romaine.\",\"breadcrumb\":{\"@id\":\"https:\\\/\\\/www.tortosaturisme.cat\\\/fr\\\/lempreinte-juive\\\/#breadcrumb\"},\"inLanguage\":\"fr-FR\",\"potentialAction\":[{\"@type\":\"ReadAction\",\"target\":[\"https:\\\/\\\/www.tortosaturisme.cat\\\/fr\\\/lempreinte-juive\\\/\"]}]},{\"@type\":\"BreadcrumbList\",\"@id\":\"https:\\\/\\\/www.tortosaturisme.cat\\\/fr\\\/lempreinte-juive\\\/#breadcrumb\",\"itemListElement\":[{\"@type\":\"ListItem\",\"position\":1,\"name\":\"Home\",\"item\":\"https:\\\/\\\/www.tortosaturisme.cat\\\/fr\\\/home-page\\\/\"},{\"@type\":\"ListItem\",\"position\":2,\"name\":\"L&#8217;Empreinte juive\"}]},{\"@type\":\"WebSite\",\"@id\":\"https:\\\/\\\/www.tortosaturisme.cat\\\/fr\\\/#website\",\"url\":\"https:\\\/\\\/www.tortosaturisme.cat\\\/fr\\\/\",\"name\":\"tortosaturisme\",\"description\":\"Otro sitio realizado con WordPress\",\"potentialAction\":[{\"@type\":\"SearchAction\",\"target\":{\"@type\":\"EntryPoint\",\"urlTemplate\":\"https:\\\/\\\/www.tortosaturisme.cat\\\/fr\\\/?s={search_term_string}\"},\"query-input\":{\"@type\":\"PropertyValueSpecification\",\"valueRequired\":true,\"valueName\":\"search_term_string\"}}],\"inLanguage\":\"fr-FR\"}]}<\/script>\n<!-- \/ Yoast SEO plugin. -->","yoast_head_json":{"title":"L'Empreinte juive - Tortosa Turisme","description":"La pr\u00e9sence des Juifs \u00e0 Tortosa remonte au VIe si\u00e8cle avec une inscription dans la cath\u00e9drale, et probablement d\u00e9j\u00e0 \u00e0 l\u2019\u00e9poque romaine.","robots":{"index":"index","follow":"follow","max-snippet":"max-snippet:-1","max-image-preview":"max-image-preview:large","max-video-preview":"max-video-preview:-1"},"canonical":"https:\/\/www.tortosaturisme.cat\/fr\/lempreinte-juive\/","og_locale":"fr_FR","og_type":"article","og_title":"L'Empreinte juive - Tortosa Turisme","og_description":"La pr\u00e9sence des Juifs \u00e0 Tortosa remonte au VIe si\u00e8cle avec une inscription dans la cath\u00e9drale, et probablement d\u00e9j\u00e0 \u00e0 l\u2019\u00e9poque romaine.","og_url":"https:\/\/www.tortosaturisme.cat\/fr\/lempreinte-juive\/","og_site_name":"tortosaturisme","article_modified_time":"2025-09-20T10:28:54+00:00","twitter_card":"summary_large_image","twitter_misc":{"Dur\u00e9e de lecture estim\u00e9e":"2 minutes"},"schema":{"@context":"https:\/\/schema.org","@graph":[{"@type":"WebPage","@id":"https:\/\/www.tortosaturisme.cat\/fr\/lempreinte-juive\/","url":"https:\/\/www.tortosaturisme.cat\/fr\/lempreinte-juive\/","name":"L'Empreinte juive - Tortosa Turisme","isPartOf":{"@id":"https:\/\/www.tortosaturisme.cat\/fr\/#website"},"datePublished":"2018-02-10T12:11:01+00:00","dateModified":"2025-09-20T10:28:54+00:00","description":"La pr\u00e9sence des Juifs \u00e0 Tortosa remonte au VIe si\u00e8cle avec une inscription dans la cath\u00e9drale, et probablement d\u00e9j\u00e0 \u00e0 l\u2019\u00e9poque romaine.","breadcrumb":{"@id":"https:\/\/www.tortosaturisme.cat\/fr\/lempreinte-juive\/#breadcrumb"},"inLanguage":"fr-FR","potentialAction":[{"@type":"ReadAction","target":["https:\/\/www.tortosaturisme.cat\/fr\/lempreinte-juive\/"]}]},{"@type":"BreadcrumbList","@id":"https:\/\/www.tortosaturisme.cat\/fr\/lempreinte-juive\/#breadcrumb","itemListElement":[{"@type":"ListItem","position":1,"name":"Home","item":"https:\/\/www.tortosaturisme.cat\/fr\/home-page\/"},{"@type":"ListItem","position":2,"name":"L&#8217;Empreinte juive"}]},{"@type":"WebSite","@id":"https:\/\/www.tortosaturisme.cat\/fr\/#website","url":"https:\/\/www.tortosaturisme.cat\/fr\/","name":"tortosaturisme","description":"Otro sitio realizado con WordPress","potentialAction":[{"@type":"SearchAction","target":{"@type":"EntryPoint","urlTemplate":"https:\/\/www.tortosaturisme.cat\/fr\/?s={search_term_string}"},"query-input":{"@type":"PropertyValueSpecification","valueRequired":true,"valueName":"search_term_string"}}],"inLanguage":"fr-FR"}]}},"_links":{"self":[{"href":"https:\/\/www.tortosaturisme.cat\/fr\/wp-json\/wp\/v2\/pages\/4278","targetHints":{"allow":["GET"]}}],"collection":[{"href":"https:\/\/www.tortosaturisme.cat\/fr\/wp-json\/wp\/v2\/pages"}],"about":[{"href":"https:\/\/www.tortosaturisme.cat\/fr\/wp-json\/wp\/v2\/types\/page"}],"author":[{"embeddable":true,"href":"https:\/\/www.tortosaturisme.cat\/fr\/wp-json\/wp\/v2\/users\/2"}],"replies":[{"embeddable":true,"href":"https:\/\/www.tortosaturisme.cat\/fr\/wp-json\/wp\/v2\/comments?post=4278"}],"version-history":[{"count":11,"href":"https:\/\/www.tortosaturisme.cat\/fr\/wp-json\/wp\/v2\/pages\/4278\/revisions"}],"predecessor-version":[{"id":39559,"href":"https:\/\/www.tortosaturisme.cat\/fr\/wp-json\/wp\/v2\/pages\/4278\/revisions\/39559"}],"wp:attachment":[{"href":"https:\/\/www.tortosaturisme.cat\/fr\/wp-json\/wp\/v2\/media?parent=4278"}],"curies":[{"name":"wp","href":"https:\/\/api.w.org\/{rel}","templated":true}]}}