{"id":4280,"date":"2018-02-10T10:25:38","date_gmt":"2018-02-10T10:25:38","guid":{"rendered":"http:\/\/tortosaturisme-preprod.incubaliadev.com\/fr\/la-ciutat-del-renaixement\/"},"modified":"2020-10-02T11:41:32","modified_gmt":"2020-10-02T11:41:32","slug":"la-ville-de-la-renaissance","status":"publish","type":"page","link":"https:\/\/www.tortosaturisme.cat\/fr\/la-ville-de-la-renaissance\/","title":{"rendered":"La ville de la Renaissance"},"content":{"rendered":"<p>[vc_row][vc_column]<div class=\"vc-incubalia-big-header\"><h1 class=\"vc-incubalia-big-header__title\">La ville de la Renaissance<\/h1><img decoding=\"async\" class=\"vc-incubalia-big-header__mobile-picture\" src=\"https:\/\/www.tortosaturisme.cat\/wp-content\/uploads\/2018\/02\/capcalera-mb.jpg\">\n                  <img decoding=\"async\" class=\"vc-incubalia-big-header__desktop-picture\" src=\"https:\/\/www.tortosaturisme.cat\/wp-content\/uploads\/2018\/02\/capcalera-1920x700.jpg\"><\/div>[\/vc_column][\/vc_row][vc_row][vc_column]<div class=\"vc-incubalia-text-1-column-subtitle\"><h2 class=\"vc-incubalia-text-1-column-subtitle__title\">Rencontrez la splendeur du 16\u00e8me si\u00e8cle<\/h2><h3 class=\"vc-incubalia-text-1-column-subtitle__subtitle\">D\u00e9couvrez un ensemble de la Renaissance unique<\/h3><div class=\"vc-incubalia-text-1-column-subtitle__text\"><\/p><br \/>\n<p style=\"text-align: center;\">L&rsquo;histoire de Tortosa a toujours \u00e9t\u00e9 conditionn\u00e9e par le lien qui unit le fleuve de l&rsquo;\u00c8bre \u00e0 la mer M\u00e9diterran\u00e9e. Historiquement, <strong>elle fut une ville multiculturelle et ouverte sur le monde gr\u00e2ce \u00e0 l&rsquo;eau<\/strong>. La situation g\u00e9ographique privil\u00e9gi\u00e9e du lieu o\u00f9 la ville a \u00e9t\u00e9 fond\u00e9e, alli\u00e9e \u00e0 la fertilit\u00e9 de la vall\u00e9e de l&rsquo;\u00c8bre, d\u00e9crites par <strong>Crist\u00f3for Despuig<\/strong> dans <em><strong>Les Colloques de la magnifique ville de Tortosa<\/strong><\/em>, ont une place fondamentale dans son \u00e9conomie et sa richesse tout au long de l&rsquo;histoire.\u00a0 Au XVIe si\u00e8cle, <strong>Tortosa devient le centre culturel et artistique le plus important de la Renaissance en Catalogne<\/strong>. Six pr\u00e9sidents de la <strong>G\u00e9n\u00e9ralit\u00e9<\/strong> ont \u00e9t\u00e9 \u00e9troitement li\u00e9s \u00e0 Tortosa pendant ce si\u00e8cle.<\/p><br \/>\n<p><\/div><\/div>[\/vc_column][\/vc_row][vc_row][vc_column]<div class=\"vc-incubalia-image-huge\"><img decoding=\"async\" class=\"vc-incubalia-image-huge__mobile-picture brightness-100\" src=\"https:\/\/www.tortosaturisme.cat\/wp-content\/uploads\/2018\/02\/2-renaixement-mb.jpg\" alt=\"\"><img decoding=\"async\" class=\"vc-incubalia-image-huge__desktop-picture brightness-100\" src=\"https:\/\/www.tortosaturisme.cat\/wp-content\/uploads\/2018\/02\/2-renaixement-ds.jpg\" alt=\"\"><\/div>[\/vc_column][\/vc_row][vc_row][vc_column]<div class=\"vc-incubalia-text-1-column-subtitle\"><div class=\"vc-incubalia-text-1-column-subtitle__text\"><\/p><br \/>\n<p style=\"text-align: center;\">Le style de la Renaissance n&rsquo;est pas strictement catalan, et rares sont les repr\u00e9sentations de cet art en Catalogne. En revanche, <strong>ce style a eu un immense succ\u00e8s a Tortosa<\/strong>. Il existe deux grands \u00e9tendards qui le mettent particuli\u00e8rement en valeur, un litt\u00e9raire, avec l&rsquo;\u0153uvre de <strong>Crist\u00f2for Despuig<\/strong>, et un architectonique, avec l&rsquo;ensemble des <strong>Coll\u00e8ges Royaux<\/strong>, un exemple unique et fascinant en Catalogne. Les Coll\u00e8ges Royaux sont form\u00e9s par le <strong>Coll\u00e8ge de Saint Jaume et Sant Maties<\/strong>, le <strong>Coll\u00e8ge de Saint Jordi et Saint Dom\u00e8nec<\/strong>, et l&rsquo;<strong>\u00e9glise de Saint Dom\u00e8nec<\/strong>, o\u00f9 se trouve aussi actuellement le si\u00e8ge de <a href=\"\/fr\/lugar\/les-colleges-royaux-et-lexposition-permanente-sur-la-ville-et-la-fete-de-la-renaissance\/\">l&rsquo;exposition permanente<\/a> sur la Ville et la F\u00eate de la Renaissance. Elle abrite en outre<strong> l&rsquo;armoire construite en 1574<\/strong>, o\u00f9 sont class\u00e9es les archives et qui a \u00e9t\u00e9 utilis\u00e9e jusqu&rsquo;\u00e0 la fin du XXe si\u00e8cle. Elle contient tous les documents en parchemin des Archives de la Ville.<\/p><br \/>\n<p><\/div><\/div>[\/vc_column][\/vc_row][vc_row][vc_column]<div class=\"vc-incubalia-image-huge\"><img decoding=\"async\" class=\"vc-incubalia-image-huge__mobile-picture brightness-100\" src=\"https:\/\/www.tortosaturisme.cat\/wp-content\/uploads\/2018\/02\/3-ciutat-renaixement-mb.jpg\" alt=\"\"><img decoding=\"async\" class=\"vc-incubalia-image-huge__desktop-picture brightness-100\" src=\"https:\/\/www.tortosaturisme.cat\/wp-content\/uploads\/2018\/02\/3-ciutat-renaixement-ds.jpg\" alt=\"\"><\/div>[\/vc_column][\/vc_row][vc_row][vc_column]<div class=\"vc-incubalia-text-1-column-subtitle\"><div class=\"vc-incubalia-text-1-column-subtitle__text\"><\/p><br \/>\n<p style=\"text-align: center;\">L&rsquo;importance et la singularit\u00e9 des monuments du XVIe si\u00e8cle de Tortosa ont encourag\u00e9 la commune \u00e0 organiser en 1995 la<strong> F\u00eate de la Renaissance<\/strong>. Il s&rsquo;agit d&rsquo;une f\u00eate de reconstitution historique autour de cette \u00e9poque, qui est devenue avec les ann\u00e9es la principale attraction touristique de la ville. Pendant les quatre jours que dure la f\u00eate, fix\u00e9e au troisi\u00e8me week-end de juillet, <strong>les rues de la ville sont d\u00e9cor\u00e9es et des milliers de personnes s&rsquo;habillent avec des v\u00eatements d&rsquo;\u00e9poque pour participer \u00e0 un programme d&rsquo;activit\u00e9s tr\u00e8s charg\u00e9<\/strong>, \u00e0 des d\u00e9fil\u00e9s, \u00e0 des repas d&rsquo;inspiration renaissantiste, et \u00e0 des march\u00e9s de produits vari\u00e9s. <strong>Participer \u00e0 la F\u00eate de la Renaissance est une exp\u00e9rience inoubliable.<\/strong><\/p><br \/>\n<p><\/div><\/div><div class=\"vc-incubalia-video-full-width\"><img decoding=\"async\" class=\"vc-incubalia-video-full-width__image-mobile\" src=\"https:\/\/www.tortosaturisme.cat\/wp-content\/uploads\/2018\/02\/abanderats-768x350.jpg\"><img decoding=\"async\" class=\"vc-incubalia-video-full-width__image-desktop\" src=\"https:\/\/www.tortosaturisme.cat\/wp-content\/uploads\/2018\/02\/abanderats_1920x550.jpg\"><div id=\"c77fcc8977\" class=\"vc-incubalia-video-full-width__play-button\"><img decoding=\"async\" class=\"play-button\" src=\"https:\/\/www.tortosaturisme.cat\/wp-content\/plugins\/vc-incubalia-elements\/elements\/..\/assets\/img\/video-play.png\"><\/div><div class=\"vc-incubalia-video-full-width__youtube-iframe\"><iframe loading=\"lazy\" width=\"560\" height=\"315\" src=\"https:\/\/www.youtube.com\/embed\/ABulmgdqNmY\" frameborder=\"0\" allowfullscreen><\/iframe><\/div><\/div><script>(function($) {\n                $(function() {\n                    $('#c77fcc8977').on('click', function() {\n                        $(this).parent().parent().find('.vc-incubalia-video-full-width').addClass('play');\n                        \/\/$(this).parent().parent().find('.vc-incubalia-video-full-width__youtube-iframe iframe').attr('src', $('.vc-incubalia-video-full-width__youtube-iframe iframe').attr('src') + '?autoplay=1');\n                    });\n                });\n\n                $(window).load(function() {\n                    height = $('.vc-incubalia-video-full-width').height();\n                    setYoutubeIframeDimensions();\n                });\n\n                $(window).resize(function() {\n                    setYoutubeIframeDimensions();\n                });\n\n                function setYoutubeIframeDimensions()\n                {\n                    if ($('.vc-incubalia-video-full-width').height() > 0) {\n                        height = $('.vc-incubalia-video-full-width').height();\n                    }\n                    $('.vc-incubalia-video-full-width__youtube-iframe iframe').attr('height', height);\n                    let width = height * 16 \/ 9;\n                    $('.vc-incubalia-video-full-width__youtube-iframe iframe').attr('width', width);\n                }\n            })(jQuery)<\/script>[\/vc_column][\/vc_row][vc_row][vc_column]<div class=\"vc-incubalia-5-cards\"><h2 class=\"vc-incubalia-5-cards__title\">Vivez la ville de la Renaissance<\/h2><h3 class=\"vc-incubalia-5-cards__subtitle\">Une exp\u00e9rience unique<\/h3><div class=\"vc-incubalia-5-cards__card card-1 has-url\"><a href=\"\/fr\/la-fete-de-la-renaissance\/\"><img decoding=\"async\" class=\"vc-incubalia-5-cards__card-mobile-picture\" src=\"https:\/\/www.tortosaturisme.cat\/wp-content\/uploads\/2018\/02\/B-festa-ren-640x460.jpg\">\n                      <img decoding=\"async\" class=\"vc-incubalia-5-cards__card-desktop-picture\" src=\"https:\/\/www.tortosaturisme.cat\/wp-content\/uploads\/2018\/02\/B-festa-ren.jpg\"><\/a><div class=\"vc-incubalia-5-cards__card-text-container\"><p class=\"vc-incubalia-5-cards__card-title\">La F\u00eate de la Renaissance<\/p><\/div><div class=\"vc-incubalia-5-cards__card-url-container\"><span class=\"vc-incubalia-5-cards__card-url\">Lire la suite<\/span><\/div><\/div><div class=\"vc-incubalia-5-cards__card card-2 has-url\"><a href=\"\/fr\/lieux\/?period=renaissance-fr\"><img decoding=\"async\" class=\"vc-incubalia-5-cards__card-mobile-picture\" src=\"https:\/\/www.tortosaturisme.cat\/wp-content\/uploads\/2018\/02\/boto-1280-ruta-renaixement-640x460.jpg\">\n                      <img decoding=\"async\" class=\"vc-incubalia-5-cards__card-desktop-picture\" src=\"https:\/\/www.tortosaturisme.cat\/wp-content\/uploads\/2018\/02\/boto-1280-ruta-renaixement-640x460.jpg\"><\/a><div class=\"vc-incubalia-5-cards__card-text-container\"><p class=\"vc-incubalia-5-cards__card-title\">Le patrimoine de la Renaissance<\/p><p class=\"vc-incubalia-5-cards__card-subtitle\">D\u00e9couvrez l'art de la Renaissance<\/p><\/div><div class=\"vc-incubalia-5-cards__card-url-container\"><span class=\"vc-incubalia-5-cards__card-url\">Lire la suite<\/span><\/div><\/div><div class=\"vc-incubalia-5-cards__card-3-and-4-container\"><div class=\"vc-incubalia-5-cards__card card-3 has-url\"><a href=\"\/fr\/ruta\/la-tortosa-de-la-renaissance\/\"><img decoding=\"async\" class=\"vc-incubalia-5-cards__card-mobile-picture\" src=\"https:\/\/www.tortosaturisme.cat\/wp-content\/uploads\/2018\/02\/B-1280-ruta-ren-640x460.jpg\">\n                      <img decoding=\"async\" class=\"vc-incubalia-5-cards__card-desktop-picture\" src=\"https:\/\/www.tortosaturisme.cat\/wp-content\/uploads\/2018\/02\/B-1280-ruta-ren-640x460.jpg\"><\/a><div class=\"vc-incubalia-5-cards__card-text-container\"><p class=\"vc-incubalia-5-cards__card-title\">La route de la Renaissance <\/p><p class=\"vc-incubalia-5-cards__card-subtitle\">Suivez les traces des citoyens illustres<\/p><\/div><div class=\"vc-incubalia-5-cards__card-url-container\"><span class=\"vc-incubalia-5-cards__card-url\">Lire la suite<\/span><\/div><\/div><div class=\"vc-incubalia-5-cards__card card-4 has-url\"><a href=\"\/fr\/mengeu-de-festa\/\"><img decoding=\"async\" class=\"vc-incubalia-5-cards__card-mobile-picture\" src=\"https:\/\/www.tortosaturisme.cat\/wp-content\/uploads\/2018\/02\/b-1280-cuina-renaixement-2-640x460.jpg\">\n                      <img decoding=\"async\" class=\"vc-incubalia-5-cards__card-desktop-picture\" src=\"https:\/\/www.tortosaturisme.cat\/wp-content\/uploads\/2018\/02\/b-1280-cuina-renaixement-2-640x460.jpg\"><\/a><div class=\"vc-incubalia-5-cards__card-text-container\"><p class=\"vc-incubalia-5-cards__card-title\">D\u00e9gustez dans la F\u00eate<\/p><p class=\"vc-incubalia-5-cards__card-subtitle\">D\u00e9gustez la cuisine de la Renaissance<\/p><\/div><div class=\"vc-incubalia-5-cards__card-url-container\"><span class=\"vc-incubalia-5-cards__card-url\">Lire la suite<\/span><\/div><\/div><\/div><div class=\"vc-incubalia-5-cards__card card-5 has-url\"><a href=\"\/fr\/l-empreinte-des-cultures\/\"><img decoding=\"async\" class=\"vc-incubalia-5-cards__card-mobile-picture\" src=\"https:\/\/www.tortosaturisme.cat\/wp-content\/uploads\/2018\/02\/B-1280-empremta-cultures-640x460.jpg\">\n                      <img decoding=\"async\" class=\"vc-incubalia-5-cards__card-desktop-picture\" src=\"https:\/\/www.tortosaturisme.cat\/wp-content\/uploads\/2018\/02\/B-1280-empremta-cultures-640x449.jpg\"><\/a><div class=\"vc-incubalia-5-cards__card-text-container\"><p class=\"vc-incubalia-5-cards__card-title\">Un ville bimill\u00e9naire<\/p><p class=\"vc-incubalia-5-cards__card-subtitle\">L'empreinte des cultures<\/p><\/div><div class=\"vc-incubalia-5-cards__card-url-container\"><span class=\"vc-incubalia-5-cards__card-url\">Lire la suite<\/span><\/div><\/div><\/div>[\/vc_column][\/vc_row][vc_row][vc_column]<div class=\"vc-incubalia-3-images\"><h2 class=\"vc-incubalia-3-images__title\">Exp\u00e9riences<\/h2><div class=\"vc-incubalia-3-images__image\"><a href=\"\/fr\/experiencies\/?experience-type=visites-guiades-fr&list-view=cards\"><img decoding=\"async\" src=\"https:\/\/www.tortosaturisme.cat\/wp-content\/uploads\/2018\/02\/B-800-visites-guiades.jpg\" alt=\"\"><\/a><a href=\"\/fr\/experiencies\/?experience-type=visites-guiades-fr&list-view=cards\"><p class=\"vc-incubalia-3-images__image-title\">Visites guid\u00e9es<\/p><\/a><p class=\"vc-incubalia-3-images__image-subtitle\">Apprenez \u00e0 conna\u00eetre la ville en profondeur<\/p><\/div><div class=\"vc-incubalia-3-images__image\"><a href=\"\/fr\/experiencies\/?experience-type=visites-caracteritzades-fr&list-view=cards\"><img decoding=\"async\" src=\"https:\/\/www.tortosaturisme.cat\/wp-content\/uploads\/2018\/02\/B-800-visites-caracteritzades.jpg\" alt=\"\"><\/a><a href=\"\/fr\/experiencies\/?experience-type=visites-caracteritzades-fr&list-view=cards\"><p class=\"vc-incubalia-3-images__image-title\">Visites caract\u00e9ris\u00e9es<\/p><\/a><p class=\"vc-incubalia-3-images__image-subtitle\">Une immersion dans le pass\u00e9<\/p><\/div><div class=\"vc-incubalia-3-images__image\"><a href=\"\/fr\/experiencies\/?experience-type=navegacio-fr&list-view=cards\"><img decoding=\"async\" src=\"https:\/\/www.tortosaturisme.cat\/wp-content\/uploads\/2018\/02\/B-800-navega.jpg\" alt=\"\"><\/a><a href=\"\/fr\/experiencies\/?experience-type=navegacio-fr&list-view=cards\"><p class=\"vc-incubalia-3-images__image-title\">Naviguez l'\u00c8bre<\/p><\/a><p class=\"vc-incubalia-3-images__image-subtitle\">Un fleuve d'histoire<\/p><\/div><\/div>[\/vc_column][\/vc_row]<\/p>\n","protected":false},"excerpt":{"rendered":"<p>[vc_row][vc_column][\/vc_column][\/vc_row][vc_row][vc_column][\/vc_column][\/vc_row][vc_row][vc_column][\/vc_column][\/vc_row][vc_row][vc_column][\/vc_column][\/vc_row][vc_row][vc_column][\/vc_column][\/vc_row][vc_row][vc_column][\/vc_column][\/vc_row][vc_row][vc_column][\/vc_column][\/vc_row][vc_row][vc_column][\/vc_column][\/vc_row]<\/p>\n","protected":false},"author":2,"featured_media":0,"parent":0,"menu_order":406,"comment_status":"closed","ping_status":"closed","template":"","meta":{"footnotes":""},"class_list":["post-4280","page","type-page","status-publish","hentry"],"acf":[],"yoast_head":"<!-- This site is optimized with the Yoast SEO plugin v27.3 - https:\/\/yoast.com\/product\/yoast-seo-wordpress\/ -->\n<title>La ville de la Renaissance - tortosaturisme<\/title>\n<meta name=\"robots\" content=\"index, follow, max-snippet:-1, max-image-preview:large, max-video-preview:-1\" \/>\n<link rel=\"canonical\" href=\"https:\/\/www.tortosaturisme.cat\/fr\/la-ville-de-la-renaissance\/\" \/>\n<meta property=\"og:locale\" content=\"fr_FR\" \/>\n<meta property=\"og:type\" content=\"article\" \/>\n<meta property=\"og:title\" content=\"La ville de la Renaissance - tortosaturisme\" \/>\n<meta property=\"og:description\" content=\"[vc_row][vc_column][\/vc_column][\/vc_row][vc_row][vc_column][\/vc_column][\/vc_row][vc_row][vc_column][\/vc_column][\/vc_row][vc_row][vc_column][\/vc_column][\/vc_row][vc_row][vc_column][\/vc_column][\/vc_row][vc_row][vc_column][\/vc_column][\/vc_row][vc_row][vc_column][\/vc_column][\/vc_row][vc_row][vc_column][\/vc_column][\/vc_row]\" \/>\n<meta property=\"og:url\" content=\"https:\/\/www.tortosaturisme.cat\/fr\/la-ville-de-la-renaissance\/\" \/>\n<meta property=\"og:site_name\" content=\"tortosaturisme\" \/>\n<meta property=\"article:modified_time\" content=\"2020-10-02T11:41:32+00:00\" \/>\n<meta name=\"twitter:card\" content=\"summary_large_image\" \/>\n<meta name=\"twitter:label1\" content=\"Dur\u00e9e de lecture estim\u00e9e\" \/>\n\t<meta name=\"twitter:data1\" content=\"4 minutes\" \/>\n<script type=\"application\/ld+json\" class=\"yoast-schema-graph\">{\"@context\":\"https:\\\/\\\/schema.org\",\"@graph\":[{\"@type\":\"WebPage\",\"@id\":\"https:\\\/\\\/www.tortosaturisme.cat\\\/fr\\\/la-ville-de-la-renaissance\\\/\",\"url\":\"https:\\\/\\\/www.tortosaturisme.cat\\\/fr\\\/la-ville-de-la-renaissance\\\/\",\"name\":\"La ville de la Renaissance - tortosaturisme\",\"isPartOf\":{\"@id\":\"https:\\\/\\\/www.tortosaturisme.cat\\\/fr\\\/#website\"},\"datePublished\":\"2018-02-10T10:25:38+00:00\",\"dateModified\":\"2020-10-02T11:41:32+00:00\",\"breadcrumb\":{\"@id\":\"https:\\\/\\\/www.tortosaturisme.cat\\\/fr\\\/la-ville-de-la-renaissance\\\/#breadcrumb\"},\"inLanguage\":\"fr-FR\",\"potentialAction\":[{\"@type\":\"ReadAction\",\"target\":[\"https:\\\/\\\/www.tortosaturisme.cat\\\/fr\\\/la-ville-de-la-renaissance\\\/\"]}]},{\"@type\":\"BreadcrumbList\",\"@id\":\"https:\\\/\\\/www.tortosaturisme.cat\\\/fr\\\/la-ville-de-la-renaissance\\\/#breadcrumb\",\"itemListElement\":[{\"@type\":\"ListItem\",\"position\":1,\"name\":\"Home\",\"item\":\"https:\\\/\\\/www.tortosaturisme.cat\\\/fr\\\/home-page\\\/\"},{\"@type\":\"ListItem\",\"position\":2,\"name\":\"La ville de la Renaissance\"}]},{\"@type\":\"WebSite\",\"@id\":\"https:\\\/\\\/www.tortosaturisme.cat\\\/fr\\\/#website\",\"url\":\"https:\\\/\\\/www.tortosaturisme.cat\\\/fr\\\/\",\"name\":\"tortosaturisme\",\"description\":\"Otro sitio realizado con WordPress\",\"potentialAction\":[{\"@type\":\"SearchAction\",\"target\":{\"@type\":\"EntryPoint\",\"urlTemplate\":\"https:\\\/\\\/www.tortosaturisme.cat\\\/fr\\\/?s={search_term_string}\"},\"query-input\":{\"@type\":\"PropertyValueSpecification\",\"valueRequired\":true,\"valueName\":\"search_term_string\"}}],\"inLanguage\":\"fr-FR\"}]}<\/script>\n<!-- \/ Yoast SEO plugin. -->","yoast_head_json":{"title":"La ville de la Renaissance - tortosaturisme","robots":{"index":"index","follow":"follow","max-snippet":"max-snippet:-1","max-image-preview":"max-image-preview:large","max-video-preview":"max-video-preview:-1"},"canonical":"https:\/\/www.tortosaturisme.cat\/fr\/la-ville-de-la-renaissance\/","og_locale":"fr_FR","og_type":"article","og_title":"La ville de la Renaissance - tortosaturisme","og_description":"[vc_row][vc_column][\/vc_column][\/vc_row][vc_row][vc_column][\/vc_column][\/vc_row][vc_row][vc_column][\/vc_column][\/vc_row][vc_row][vc_column][\/vc_column][\/vc_row][vc_row][vc_column][\/vc_column][\/vc_row][vc_row][vc_column][\/vc_column][\/vc_row][vc_row][vc_column][\/vc_column][\/vc_row][vc_row][vc_column][\/vc_column][\/vc_row]","og_url":"https:\/\/www.tortosaturisme.cat\/fr\/la-ville-de-la-renaissance\/","og_site_name":"tortosaturisme","article_modified_time":"2020-10-02T11:41:32+00:00","twitter_card":"summary_large_image","twitter_misc":{"Dur\u00e9e de lecture estim\u00e9e":"4 minutes"},"schema":{"@context":"https:\/\/schema.org","@graph":[{"@type":"WebPage","@id":"https:\/\/www.tortosaturisme.cat\/fr\/la-ville-de-la-renaissance\/","url":"https:\/\/www.tortosaturisme.cat\/fr\/la-ville-de-la-renaissance\/","name":"La ville de la Renaissance - tortosaturisme","isPartOf":{"@id":"https:\/\/www.tortosaturisme.cat\/fr\/#website"},"datePublished":"2018-02-10T10:25:38+00:00","dateModified":"2020-10-02T11:41:32+00:00","breadcrumb":{"@id":"https:\/\/www.tortosaturisme.cat\/fr\/la-ville-de-la-renaissance\/#breadcrumb"},"inLanguage":"fr-FR","potentialAction":[{"@type":"ReadAction","target":["https:\/\/www.tortosaturisme.cat\/fr\/la-ville-de-la-renaissance\/"]}]},{"@type":"BreadcrumbList","@id":"https:\/\/www.tortosaturisme.cat\/fr\/la-ville-de-la-renaissance\/#breadcrumb","itemListElement":[{"@type":"ListItem","position":1,"name":"Home","item":"https:\/\/www.tortosaturisme.cat\/fr\/home-page\/"},{"@type":"ListItem","position":2,"name":"La ville de la Renaissance"}]},{"@type":"WebSite","@id":"https:\/\/www.tortosaturisme.cat\/fr\/#website","url":"https:\/\/www.tortosaturisme.cat\/fr\/","name":"tortosaturisme","description":"Otro sitio realizado con WordPress","potentialAction":[{"@type":"SearchAction","target":{"@type":"EntryPoint","urlTemplate":"https:\/\/www.tortosaturisme.cat\/fr\/?s={search_term_string}"},"query-input":{"@type":"PropertyValueSpecification","valueRequired":true,"valueName":"search_term_string"}}],"inLanguage":"fr-FR"}]}},"_links":{"self":[{"href":"https:\/\/www.tortosaturisme.cat\/fr\/wp-json\/wp\/v2\/pages\/4280","targetHints":{"allow":["GET"]}}],"collection":[{"href":"https:\/\/www.tortosaturisme.cat\/fr\/wp-json\/wp\/v2\/pages"}],"about":[{"href":"https:\/\/www.tortosaturisme.cat\/fr\/wp-json\/wp\/v2\/types\/page"}],"author":[{"embeddable":true,"href":"https:\/\/www.tortosaturisme.cat\/fr\/wp-json\/wp\/v2\/users\/2"}],"replies":[{"embeddable":true,"href":"https:\/\/www.tortosaturisme.cat\/fr\/wp-json\/wp\/v2\/comments?post=4280"}],"version-history":[{"count":10,"href":"https:\/\/www.tortosaturisme.cat\/fr\/wp-json\/wp\/v2\/pages\/4280\/revisions"}],"predecessor-version":[{"id":15850,"href":"https:\/\/www.tortosaturisme.cat\/fr\/wp-json\/wp\/v2\/pages\/4280\/revisions\/15850"}],"wp:attachment":[{"href":"https:\/\/www.tortosaturisme.cat\/fr\/wp-json\/wp\/v2\/media?parent=4280"}],"curies":[{"name":"wp","href":"https:\/\/api.w.org\/{rel}","templated":true}]}}