{"id":4285,"date":"2018-02-12T10:30:19","date_gmt":"2018-02-12T10:30:19","guid":{"rendered":"http:\/\/tortosaturisme-preprod.incubaliadev.com\/fr\/la-cuina-de-les-terres-de-lebre\/"},"modified":"2025-09-19T16:24:27","modified_gmt":"2025-09-19T16:24:27","slug":"la-cuisine-des-terres-de-lebre","status":"publish","type":"page","link":"https:\/\/www.tortosaturisme.cat\/fr\/la-cuisine-des-terres-de-lebre\/","title":{"rendered":"La cuisine des Terres de l&rsquo;\u00c9bre"},"content":{"rendered":"<p>[vc_row][vc_column]<div class=\"vc-incubalia-big-header\"><h1 class=\"vc-incubalia-big-header__title\">Les saveurs de la cuisine de l\u2019\u00c8bre<\/h1><img decoding=\"async\" class=\"vc-incubalia-big-header__mobile-picture\" src=\"https:\/\/www.tortosaturisme.cat\/wp-content\/uploads\/2018\/02\/2-cuina-mb.jpg\">\n                  <img decoding=\"async\" class=\"vc-incubalia-big-header__desktop-picture\" src=\"https:\/\/www.tortosaturisme.cat\/wp-content\/uploads\/2018\/02\/2-cuina-ds.jpg\"><\/div>[\/vc_column][\/vc_row][vc_row][vc_column]<div class=\"vc-incubalia-text-1-column-subtitle\"><h2 class=\"vc-incubalia-text-1-column-subtitle__title\">L'\u00c8bre, un terroir aimant de la bonne cuisine<\/h2><div class=\"vc-incubalia-text-1-column-subtitle__text\"><\/p><br \/>\n<p style=\"text-align: center;\"><strong>Une bonne fa\u00e7on de conna\u00eetre un territoire commence par conna\u00eetre sa cuisine<\/strong>. C\u2019est dans la diversit\u00e9 de ses habitats naturels que r\u00e9side le secret de la vari\u00e9t\u00e9 culinaire de Terres de l\u2019Ebre. Les for\u00eats et les plaines de l\u2019int\u00e9rieur permettent la production de fruits, de l\u00e9gumes et du riz caract\u00e9ristique de la r\u00e9gion. La mer, les baies et les cours d\u2019eau fournissent quant \u00e0 eux les meilleurs poissons et fruits de mer.<\/p><br \/>\n<p><\/div><\/div>[\/vc_column][\/vc_row][vc_row][vc_column]<div class=\"vc-incubalia-image-huge\"><img decoding=\"async\" class=\"vc-incubalia-image-huge__mobile-picture brightness-100\" src=\"https:\/\/www.tortosaturisme.cat\/wp-content\/uploads\/2018\/02\/1-cuina-mb.jpg\" alt=\"\"><img decoding=\"async\" class=\"vc-incubalia-image-huge__desktop-picture brightness-100\" src=\"https:\/\/www.tortosaturisme.cat\/wp-content\/uploads\/2018\/02\/1-cuina-ds.jpg\" alt=\"\"><\/div>[\/vc_column][\/vc_row][vc_row][vc_column]<div class=\"vc-incubalia-text-1-column-subtitle\"><div class=\"vc-incubalia-text-1-column-subtitle__text\"><\/p><br \/>\n<p style=\"text-align: center;\"><strong>La cuisine des Terres de l&rsquo;Ebre refl\u00e8te son histoire et les influences des cultures<\/strong> du pass\u00e9 et d\u00e9voile en d\u00e9finitive la richesse de son environnement naturel si vari\u00e9 que puissant<\/p><br \/>\n<p><\/div><\/div><div class=\"vc-incubalia-text-image-full\"><div class=\"vc-incubalia-text-image-full__image-container\"><img decoding=\"async\" class=\"vc-incubalia-text-image-full__image-mobile\" alt=\"\" src=\"https:\/\/www.tortosaturisme.cat\/wp-content\/uploads\/2018\/02\/3-cuina-mb.jpg\"><img decoding=\"async\" class=\"vc-incubalia-text-image-full__image-desktop\" alt=\"\" src=\"https:\/\/www.tortosaturisme.cat\/wp-content\/uploads\/2018\/02\/3-cuina-ds.jpg\"><i class=\"arrow-down\"><\/i><\/div><div class=\"vc-incubalia-text-image-full__text-container\"><div class=\"vc-incubalia-text-image-full__text\"><\/div><\/div><\/div>[\/vc_column][\/vc_row][vc_row][vc_column]<div class=\"vc-incubalia-text-1-column-subtitle\"><div class=\"vc-incubalia-text-1-column-subtitle__text\"><\/p><br \/>\n<p style=\"text-align: center;\"><strong>La cuisine de la r\u00e9gion de l&rsquo;\u00c8bre se caract\u00e9rise par cet environnement naturel privil\u00e9gi\u00e9<\/strong> dans toutes ses sp\u00e9cialit\u00e9s\u00a0: des <strong>fruits<\/strong> et <strong>l\u00e9gumes<\/strong> du potager aux meilleurs <strong>crustac\u00e9s<\/strong> et <strong>mollusques<\/strong> du Delta de l&rsquo;Ebre, en passant par des ingr\u00e9dients tr\u00e8s pr\u00e9cieux comme le <strong>riz<\/strong>, le <strong>vin<\/strong> et <strong>l&rsquo;huile<\/strong>. La mer, les for\u00eats du Port, le potager \u00e0 proximit\u00e9 de l&rsquo;\u00c8bre, la plaine delta\u00efque et les zones non irrigu\u00e9es\u00a0; des produits frais tr\u00e8s pris\u00e9s comme les <strong>agrumes<\/strong>, les fruits <strong>doux<\/strong>, les <strong>l\u00e9gumes<\/strong> ou le <strong>poisson<\/strong> \u00e9mergent de chaque coin du territoire. Par ailleurs, bon nombre de ces produits ont obtenu la reconnaissance de l&rsquo;<strong>Appellation d&rsquo;origine prot\u00e9g\u00e9e<\/strong> (AOP). La <strong>p\u00e2tisserie<\/strong> est \u00e9galement le produit phare de nombreux villages des Terres de l&rsquo;Ebre, <strong>dont les recettes sont transmises de g\u00e9n\u00e9ration en g\u00e9n\u00e9ration<\/strong>.<\/p><br \/>\n<p><\/div><\/div><div class=\"vc-incubalia-text-image-full\"><div class=\"vc-incubalia-text-image-full__image-container\"><img decoding=\"async\" class=\"vc-incubalia-text-image-full__image-mobile\" alt=\"\" src=\"https:\/\/www.tortosaturisme.cat\/wp-content\/uploads\/2018\/02\/4-cuina-mb-e1561201567948.jpg\"><img decoding=\"async\" class=\"vc-incubalia-text-image-full__image-desktop\" alt=\"\" src=\"https:\/\/www.tortosaturisme.cat\/wp-content\/uploads\/2018\/02\/4-cuina-ds.jpg\"><i class=\"arrow-down\"><\/i><\/div><div class=\"vc-incubalia-text-image-full__text-container\"><div class=\"vc-incubalia-text-image-full__text\"><\/div><\/div><\/div>[\/vc_column][\/vc_row][vc_row][vc_column]<div class=\"vc-incubalia-text-1-column-subtitle\"><div class=\"vc-incubalia-text-1-column-subtitle__text\"><\/p><br \/>\n<p style=\"text-align: center;\">C&rsquo;est pour cette raison que des nombreaux villages de l&rsquo;\u00c8bre ont leurs propres journ\u00e9es gastronomiques et festivit\u00e9s consacr\u00e9es aux produits locaux les plus pris\u00e9s, qu&rsquo;il s&rsquo;agite de <strong>crevettes<\/strong>, <strong>d&rsquo;hu\u00eetres<\/strong>, <strong>d&rsquo;artichauts<\/strong>, de champignons, <strong>d&rsquo;huile<\/strong> ou <strong>de l&rsquo;agneau<\/strong>.\u00a0 Tortosa, en tant que le centre des Terres de l&rsquo;Ebre, rassemble toute cette tradition, des p\u00eacheurs, des paysans, des viticulteurs, des riziculteurs, et <strong>offre le meilleur de chaque produit.<\/strong><\/p><br \/>\n<p><\/div><\/div><div class=\"vc-incubalia-3-images\"><h2 class=\"vc-incubalia-3-images__title\">Organisez-vous<\/h2><div class=\"vc-incubalia-3-images__image\"><a href=\"\/fr\/restaurants\/\"><img decoding=\"async\" src=\"https:\/\/www.tortosaturisme.cat\/wp-content\/uploads\/2018\/02\/B-800-600-cuina.jpg\" alt=\"\"><\/a><a href=\"\/fr\/restaurants\/\"><p class=\"vc-incubalia-3-images__image-title\">Restaurants<\/p><\/a><p class=\"vc-incubalia-3-images__image-subtitle\">Une cuisine du terroir qui profite des produits du terroir, mais aussi ouverte aux nouvelles tendances. A Tortosa, vous trouverez une cuisine de saison, mais aussi une cuisine internationale et m\u00e9diterran\u00e9enne<\/p><\/div><div class=\"vc-incubalia-3-images__image\"><a href=\"\/fr\/hebergements\/\"><img decoding=\"async\" src=\"https:\/\/www.tortosaturisme.cat\/wp-content\/uploads\/2018\/02\/b-800-allotjament.jpg\" alt=\"\"><\/a><a href=\"\/fr\/hebergements\/\"><p class=\"vc-incubalia-3-images__image-title\">H\u00e9bergements<\/p><\/a><p class=\"vc-incubalia-3-images__image-subtitle\">ortosa propose un h\u00e9bergement de toutes sortes. Dormir dans un ch\u00e2teau, des bastides en pleine nature, des h\u00f4tels tout confort ou des appartements au coeur de la vieille ville<\/p><\/div><div class=\"vc-incubalia-3-images__image\"><a href=\"\/fr\/experiencies\/\"><img decoding=\"async\" src=\"https:\/\/www.tortosaturisme.cat\/wp-content\/uploads\/2018\/02\/b-800-experiencies-navegacio.jpg\" alt=\"\"><\/a><a href=\"\/fr\/experiencies\/\"><p class=\"vc-incubalia-3-images__image-title\">Exp\u00e9riences<\/p><\/a><p class=\"vc-incubalia-3-images__image-subtitle\">Completa la teva visita amb una oferta d'experi\u00e8ncies de tot tipus: excursionisme, visites guiades, navegacions, etc.<\/p><\/div><\/div><div class=\"vc-incubalia-5-cards\"><h2 class=\"vc-incubalia-5-cards__title\">On vous recommande<\/h2><div class=\"vc-incubalia-5-cards__card card-1 has-url\"><a href=\"\/fr\/tortosa-en-un-jour\/\"><img decoding=\"async\" class=\"vc-incubalia-5-cards__card-mobile-picture\" src=\"https:\/\/www.tortosaturisme.cat\/wp-content\/uploads\/2018\/02\/b-1280-tortosa-en-un-dia-4-640x460.jpg\">\n                      <img decoding=\"async\" class=\"vc-incubalia-5-cards__card-desktop-picture\" src=\"https:\/\/www.tortosaturisme.cat\/wp-content\/uploads\/2018\/02\/b-1280-tortosa-en-un-dia-4.jpg\"><\/a><div class=\"vc-incubalia-5-cards__card-text-container\"><p class=\"vc-incubalia-5-cards__card-title\">Tortosa en un jour<\/p><\/div><div class=\"vc-incubalia-5-cards__card-url-container\"><span class=\"vc-incubalia-5-cards__card-url\">Lire la suite<\/span><\/div><\/div><div class=\"vc-incubalia-5-cards__card card-2 has-url\"><a href=\"\/fr\/journees-gastronomiques\/\"><img decoding=\"async\" class=\"vc-incubalia-5-cards__card-mobile-picture\" src=\"https:\/\/www.tortosaturisme.cat\/wp-content\/uploads\/2018\/02\/b-1280-cuina-renaixement-2-640x460.jpg\">\n                      <img decoding=\"async\" class=\"vc-incubalia-5-cards__card-desktop-picture\" src=\"https:\/\/www.tortosaturisme.cat\/wp-content\/uploads\/2018\/02\/b-1280-cuina-renaixement-2-640x460.jpg\"><\/a><div class=\"vc-incubalia-5-cards__card-text-container\"><p class=\"vc-incubalia-5-cards__card-title\">Journ\u00e9es gastronomiques<\/p><\/div><div class=\"vc-incubalia-5-cards__card-url-container\"><span class=\"vc-incubalia-5-cards__card-url\">Lire la suite<\/span><\/div><\/div><div class=\"vc-incubalia-5-cards__card-3-and-4-container\"><div class=\"vc-incubalia-5-cards__card card-3 has-url\"><a href=\"\/fr\/le-marche\/\"><img decoding=\"async\" class=\"vc-incubalia-5-cards__card-mobile-picture\" src=\"https:\/\/www.tortosaturisme.cat\/wp-content\/uploads\/2018\/02\/b-1280-el-mercat-g-640x460.jpg\">\n                      <img decoding=\"async\" class=\"vc-incubalia-5-cards__card-desktop-picture\" src=\"https:\/\/www.tortosaturisme.cat\/wp-content\/uploads\/2018\/02\/b-1280-el-mercat-g-640x460.jpg\"><\/a><div class=\"vc-incubalia-5-cards__card-text-container\"><p class=\"vc-incubalia-5-cards__card-title\">Le march\u00e9<\/p><\/div><div class=\"vc-incubalia-5-cards__card-url-container\"><span class=\"vc-incubalia-5-cards__card-url\">Lire la suite<\/span><\/div><\/div><div class=\"vc-incubalia-5-cards__card card-4 has-url\"><a href=\"\/fr\/le-meilleur-de-la-terra\/ \"><img decoding=\"async\" class=\"vc-incubalia-5-cards__card-mobile-picture\" src=\"https:\/\/www.tortosaturisme.cat\/wp-content\/uploads\/2018\/02\/b-1280-millor-terra-640x460.jpg\">\n                      <img decoding=\"async\" class=\"vc-incubalia-5-cards__card-desktop-picture\" src=\"https:\/\/www.tortosaturisme.cat\/wp-content\/uploads\/2018\/02\/b-1280-millor-terra-640x460.jpg\"><\/a><div class=\"vc-incubalia-5-cards__card-text-container\"><p class=\"vc-incubalia-5-cards__card-title\">Le meilleur de la terre <\/p><p class=\"vc-incubalia-5-cards__card-subtitle\">Un territoire luxuriant de rizi\u00e8res, de vignes, d'orangers et d'oliviers<\/p><\/div><div class=\"vc-incubalia-5-cards__card-url-container\"><span class=\"vc-incubalia-5-cards__card-url\">Lire la suite<\/span><\/div><\/div><\/div><div class=\"vc-incubalia-5-cards__card card-5 has-url\"><a href=\"\/fr\/le-meilleur-de-la-mer\/\"><img decoding=\"async\" class=\"vc-incubalia-5-cards__card-mobile-picture\" src=\"https:\/\/www.tortosaturisme.cat\/wp-content\/uploads\/2018\/02\/b-1280-millor-mar-640x460.jpg\">\n                      <img decoding=\"async\" class=\"vc-incubalia-5-cards__card-desktop-picture\" src=\"https:\/\/www.tortosaturisme.cat\/wp-content\/uploads\/2018\/02\/b-1280-millor-mar-640x449.jpg\"><\/a><div class=\"vc-incubalia-5-cards__card-text-container\"><p class=\"vc-incubalia-5-cards__card-title\">Le meilleur de la mer<\/p><p class=\"vc-incubalia-5-cards__card-subtitle\">Profitez de la richesse de la mer de l'\u00c8bre<\/p><\/div><div class=\"vc-incubalia-5-cards__card-url-container\"><span class=\"vc-incubalia-5-cards__card-url\">Lire la suite<\/span><\/div><\/div><\/div>[\/vc_column][\/vc_row][vc_row][vc_column]<div class=\"vc-incubalia-3-images\"><h2 class=\"vc-incubalia-3-images__title\">On vous propose<\/h2><div class=\"vc-incubalia-3-images__image\"><a href=\"\/fr\/experiencies\/?experience-type=packs-turistics-fr&amp;list-view=cards\"><img decoding=\"async\" src=\"https:\/\/www.tortosaturisme.cat\/wp-content\/uploads\/2018\/02\/b-800-experiencies-completes.jpg\" alt=\"\"><\/a><a href=\"\/fr\/experiencies\/?experience-type=packs-turistics-fr&amp;list-view=cards\"><p class=\"vc-incubalia-3-images__image-title\">Forfaits<\/p><\/a><p class=\"vc-incubalia-3-images__image-subtitle\">Combinez gastronomie et activit\u00e9s autour de la ville et de la nature<\/p><\/div><div class=\"vc-incubalia-3-images__image\"><a href=\"\/fr\/experiencies\/?experience-type=navegacio-fr&amp;list-view=cards\"><img decoding=\"async\" src=\"https:\/\/www.tortosaturisme.cat\/wp-content\/uploads\/2018\/02\/b-800-navegacions-f.jpg\" alt=\"\"><\/a><a href=\"\/fr\/experiencies\/?experience-type=navegacio-fr&amp;list-view=cards\"><p class=\"vc-incubalia-3-images__image-title\">Navigation<\/p><\/a><p class=\"vc-incubalia-3-images__image-subtitle\">Sillonez l'Ebre avec Lo Sirgador, profitez des couchers de soleil, d\u00e9gustez les vins de la Terre ou des concerts \u00e9vocateurs \u00e0 bord.<\/p><\/div><div class=\"vc-incubalia-3-images__image\"><a href=\"\/fr\/experiencies\/?experience-type=gastronomiques&amp;list-view=cards\"><img decoding=\"async\" src=\"https:\/\/www.tortosaturisme.cat\/wp-content\/uploads\/2018\/02\/b-800-experiences-gastronomiques.jpg\" alt=\"\"><\/a><a href=\"\/fr\/experiencies\/?experience-type=gastronomiques&amp;list-view=cards\"><p class=\"vc-incubalia-3-images__image-title\">Exp\u00e9riences gastronomiques<\/p><\/a><p class=\"vc-incubalia-3-images__image-subtitle\">Pour les palais les plus exigeants<\/p><\/div><\/div>[\/vc_column][\/vc_row]<\/p>\n","protected":false},"excerpt":{"rendered":"<p>[vc_row][vc_column][\/vc_column][\/vc_row][vc_row][vc_column][\/vc_column][\/vc_row][vc_row][vc_column][\/vc_column][\/vc_row][vc_row][vc_column][\/vc_column][\/vc_row][vc_row][vc_column][\/vc_column][\/vc_row][vc_row][vc_column][\/vc_column][\/vc_row][vc_row][vc_column][\/vc_column][\/vc_row]<\/p>\n","protected":false},"author":2,"featured_media":0,"parent":0,"menu_order":339,"comment_status":"closed","ping_status":"closed","template":"","meta":{"footnotes":""},"class_list":["post-4285","page","type-page","status-publish","hentry"],"acf":[],"yoast_head":"<!-- This site is optimized with the Yoast SEO plugin v27.5 - https:\/\/yoast.com\/product\/yoast-seo-wordpress\/ -->\n<title>La cuisine des Terres de l&#039;\u00c9bre - tortosaturisme<\/title>\n<meta name=\"description\" content=\"D\u00e9couvrez Tortosa, ville entre mer et montagne avec parcs naturels, gastronomie et histoire. Profitez d\u2019un s\u00e9jour plein de plaisirs.\" \/>\n<meta name=\"robots\" content=\"index, follow, max-snippet:-1, max-image-preview:large, max-video-preview:-1\" \/>\n<link rel=\"canonical\" href=\"https:\/\/www.tortosaturisme.cat\/fr\/la-cuisine-des-terres-de-lebre\/\" \/>\n<meta property=\"og:locale\" content=\"fr_FR\" \/>\n<meta property=\"og:type\" content=\"article\" \/>\n<meta property=\"og:title\" content=\"La cuisine des Terres de l&#039;\u00c9bre - tortosaturisme\" \/>\n<meta property=\"og:description\" content=\"D\u00e9couvrez Tortosa, ville entre mer et montagne avec parcs naturels, gastronomie et histoire. Profitez d\u2019un s\u00e9jour plein de plaisirs.\" \/>\n<meta property=\"og:url\" content=\"https:\/\/www.tortosaturisme.cat\/fr\/la-cuisine-des-terres-de-lebre\/\" \/>\n<meta property=\"og:site_name\" content=\"tortosaturisme\" \/>\n<meta property=\"article:modified_time\" content=\"2025-09-19T16:24:27+00:00\" \/>\n<meta name=\"twitter:card\" content=\"summary_large_image\" \/>\n<meta name=\"twitter:label1\" content=\"Dur\u00e9e de lecture estim\u00e9e\" \/>\n\t<meta name=\"twitter:data1\" content=\"3 minutes\" \/>\n<script type=\"application\/ld+json\" class=\"yoast-schema-graph\">{\"@context\":\"https:\\\/\\\/schema.org\",\"@graph\":[{\"@type\":\"WebPage\",\"@id\":\"https:\\\/\\\/www.tortosaturisme.cat\\\/fr\\\/la-cuisine-des-terres-de-lebre\\\/\",\"url\":\"https:\\\/\\\/www.tortosaturisme.cat\\\/fr\\\/la-cuisine-des-terres-de-lebre\\\/\",\"name\":\"La cuisine des Terres de l'\u00c9bre - tortosaturisme\",\"isPartOf\":{\"@id\":\"https:\\\/\\\/www.tortosaturisme.cat\\\/fr\\\/#website\"},\"datePublished\":\"2018-02-12T10:30:19+00:00\",\"dateModified\":\"2025-09-19T16:24:27+00:00\",\"description\":\"D\u00e9couvrez Tortosa, ville entre mer et montagne avec parcs naturels, gastronomie et histoire. Profitez d\u2019un s\u00e9jour plein de plaisirs.\",\"breadcrumb\":{\"@id\":\"https:\\\/\\\/www.tortosaturisme.cat\\\/fr\\\/la-cuisine-des-terres-de-lebre\\\/#breadcrumb\"},\"inLanguage\":\"fr-FR\",\"potentialAction\":[{\"@type\":\"ReadAction\",\"target\":[\"https:\\\/\\\/www.tortosaturisme.cat\\\/fr\\\/la-cuisine-des-terres-de-lebre\\\/\"]}]},{\"@type\":\"BreadcrumbList\",\"@id\":\"https:\\\/\\\/www.tortosaturisme.cat\\\/fr\\\/la-cuisine-des-terres-de-lebre\\\/#breadcrumb\",\"itemListElement\":[{\"@type\":\"ListItem\",\"position\":1,\"name\":\"Home\",\"item\":\"https:\\\/\\\/www.tortosaturisme.cat\\\/fr\\\/home-page\\\/\"},{\"@type\":\"ListItem\",\"position\":2,\"name\":\"La cuisine des Terres de l&#8217;\u00c9bre\"}]},{\"@type\":\"WebSite\",\"@id\":\"https:\\\/\\\/www.tortosaturisme.cat\\\/fr\\\/#website\",\"url\":\"https:\\\/\\\/www.tortosaturisme.cat\\\/fr\\\/\",\"name\":\"tortosaturisme\",\"description\":\"Otro sitio realizado con WordPress\",\"potentialAction\":[{\"@type\":\"SearchAction\",\"target\":{\"@type\":\"EntryPoint\",\"urlTemplate\":\"https:\\\/\\\/www.tortosaturisme.cat\\\/fr\\\/?s={search_term_string}\"},\"query-input\":{\"@type\":\"PropertyValueSpecification\",\"valueRequired\":true,\"valueName\":\"search_term_string\"}}],\"inLanguage\":\"fr-FR\"}]}<\/script>\n<!-- \/ Yoast SEO plugin. -->","yoast_head_json":{"title":"La cuisine des Terres de l'\u00c9bre - tortosaturisme","description":"D\u00e9couvrez Tortosa, ville entre mer et montagne avec parcs naturels, gastronomie et histoire. Profitez d\u2019un s\u00e9jour plein de plaisirs.","robots":{"index":"index","follow":"follow","max-snippet":"max-snippet:-1","max-image-preview":"max-image-preview:large","max-video-preview":"max-video-preview:-1"},"canonical":"https:\/\/www.tortosaturisme.cat\/fr\/la-cuisine-des-terres-de-lebre\/","og_locale":"fr_FR","og_type":"article","og_title":"La cuisine des Terres de l'\u00c9bre - tortosaturisme","og_description":"D\u00e9couvrez Tortosa, ville entre mer et montagne avec parcs naturels, gastronomie et histoire. Profitez d\u2019un s\u00e9jour plein de plaisirs.","og_url":"https:\/\/www.tortosaturisme.cat\/fr\/la-cuisine-des-terres-de-lebre\/","og_site_name":"tortosaturisme","article_modified_time":"2025-09-19T16:24:27+00:00","twitter_card":"summary_large_image","twitter_misc":{"Dur\u00e9e de lecture estim\u00e9e":"3 minutes"},"schema":{"@context":"https:\/\/schema.org","@graph":[{"@type":"WebPage","@id":"https:\/\/www.tortosaturisme.cat\/fr\/la-cuisine-des-terres-de-lebre\/","url":"https:\/\/www.tortosaturisme.cat\/fr\/la-cuisine-des-terres-de-lebre\/","name":"La cuisine des Terres de l'\u00c9bre - tortosaturisme","isPartOf":{"@id":"https:\/\/www.tortosaturisme.cat\/fr\/#website"},"datePublished":"2018-02-12T10:30:19+00:00","dateModified":"2025-09-19T16:24:27+00:00","description":"D\u00e9couvrez Tortosa, ville entre mer et montagne avec parcs naturels, gastronomie et histoire. Profitez d\u2019un s\u00e9jour plein de plaisirs.","breadcrumb":{"@id":"https:\/\/www.tortosaturisme.cat\/fr\/la-cuisine-des-terres-de-lebre\/#breadcrumb"},"inLanguage":"fr-FR","potentialAction":[{"@type":"ReadAction","target":["https:\/\/www.tortosaturisme.cat\/fr\/la-cuisine-des-terres-de-lebre\/"]}]},{"@type":"BreadcrumbList","@id":"https:\/\/www.tortosaturisme.cat\/fr\/la-cuisine-des-terres-de-lebre\/#breadcrumb","itemListElement":[{"@type":"ListItem","position":1,"name":"Home","item":"https:\/\/www.tortosaturisme.cat\/fr\/home-page\/"},{"@type":"ListItem","position":2,"name":"La cuisine des Terres de l&#8217;\u00c9bre"}]},{"@type":"WebSite","@id":"https:\/\/www.tortosaturisme.cat\/fr\/#website","url":"https:\/\/www.tortosaturisme.cat\/fr\/","name":"tortosaturisme","description":"Otro sitio realizado con WordPress","potentialAction":[{"@type":"SearchAction","target":{"@type":"EntryPoint","urlTemplate":"https:\/\/www.tortosaturisme.cat\/fr\/?s={search_term_string}"},"query-input":{"@type":"PropertyValueSpecification","valueRequired":true,"valueName":"search_term_string"}}],"inLanguage":"fr-FR"}]}},"_links":{"self":[{"href":"https:\/\/www.tortosaturisme.cat\/fr\/wp-json\/wp\/v2\/pages\/4285","targetHints":{"allow":["GET"]}}],"collection":[{"href":"https:\/\/www.tortosaturisme.cat\/fr\/wp-json\/wp\/v2\/pages"}],"about":[{"href":"https:\/\/www.tortosaturisme.cat\/fr\/wp-json\/wp\/v2\/types\/page"}],"author":[{"embeddable":true,"href":"https:\/\/www.tortosaturisme.cat\/fr\/wp-json\/wp\/v2\/users\/2"}],"replies":[{"embeddable":true,"href":"https:\/\/www.tortosaturisme.cat\/fr\/wp-json\/wp\/v2\/comments?post=4285"}],"version-history":[{"count":18,"href":"https:\/\/www.tortosaturisme.cat\/fr\/wp-json\/wp\/v2\/pages\/4285\/revisions"}],"predecessor-version":[{"id":16212,"href":"https:\/\/www.tortosaturisme.cat\/fr\/wp-json\/wp\/v2\/pages\/4285\/revisions\/16212"}],"wp:attachment":[{"href":"https:\/\/www.tortosaturisme.cat\/fr\/wp-json\/wp\/v2\/media?parent=4285"}],"curies":[{"name":"wp","href":"https:\/\/api.w.org\/{rel}","templated":true}]}}