{"id":4293,"date":"2018-02-11T16:28:04","date_gmt":"2018-02-11T16:28:04","guid":{"rendered":"http:\/\/tortosaturisme-preprod.incubaliadev.com\/fr\/la-petjada-de-les-cultures\/"},"modified":"2020-11-23T14:12:18","modified_gmt":"2020-11-23T14:12:18","slug":"l-empreinte-des-cultures","status":"publish","type":"page","link":"https:\/\/www.tortosaturisme.cat\/fr\/l-empreinte-des-cultures\/","title":{"rendered":"L&#8217;empreinte des cultures"},"content":{"rendered":"<p>[vc_row][vc_column]<div class=\"vc-incubalia-big-header\"><h1 class=\"vc-incubalia-big-header__title\">L'empreinte des cultures<\/h1><img decoding=\"async\" class=\"vc-incubalia-big-header__mobile-picture\" src=\"https:\/\/www.tortosaturisme.cat\/wp-content\/uploads\/2018\/02\/1-petjada-mb.jpg\">\n                  <img decoding=\"async\" class=\"vc-incubalia-big-header__desktop-picture\" src=\"https:\/\/www.tortosaturisme.cat\/wp-content\/uploads\/2018\/02\/1-petjada-ds.jpg\"><\/div><div class=\"vc-incubalia-text-1-column-subtitle\"><h3 class=\"vc-incubalia-text-1-column-subtitle__subtitle\">Les mat\u00e9riaux arch\u00e9ologiques les plus anciens trouv\u00e9s \u00e0 ce jour dans le sous-sol de Tortosa datent du VIe si\u00e8cle av. J.-C. Ce fait d\u00e9termine l'\u00e9poque \u00e0 partir de laquelle le site o\u00f9 est \u00e9tablie la ville a \u00e9t\u00e9 peupl\u00e9 de mani\u00e8re continue.<\/h3><div class=\"vc-incubalia-text-1-column-subtitle__text\"><\/p><br \/>\n<p style=\"text-align: center;\">La <strong>Hibera<\/strong>, cit\u00e9 mentionn\u00e9e par les g\u00e9ographes de l&rsquo;antiquit\u00e9, co\u00efncide probablement avec l&#8217;emplacement de l&rsquo;ancien site de la ville.\u00a0 Les caract\u00e9ristiques urbaines de la p\u00e9riode ib\u00e9rique dans la r\u00e9gion de l&rsquo;\u00c8bre le confirment\u00a0: collines surplombant le territoire environnant, facilement d\u00e9fendables, et proximit\u00e9 des cours d&rsquo;eau pour ma\u00eetriser la circulation et le commerce.<\/p><br \/>\n<p><\/div><\/div>[\/vc_column][\/vc_row][vc_row][vc_column]<div class=\"vc-incubalia-text-image-full\"><div class=\"vc-incubalia-text-image-full__image-container\"><img decoding=\"async\" class=\"vc-incubalia-text-image-full__image-mobile\" alt=\"\" src=\"https:\/\/www.tortosaturisme.cat\/wp-content\/uploads\/2018\/02\/2-petjada-mb.jpg\"><img decoding=\"async\" class=\"vc-incubalia-text-image-full__image-desktop\" alt=\"\" src=\"https:\/\/www.tortosaturisme.cat\/wp-content\/uploads\/2018\/02\/2-petjada-ds.jpg\"><i class=\"arrow-down\"><\/i><\/div><div class=\"vc-incubalia-text-image-full__text-container\"><h2 class=\"vc-incubalia-text-image-full__subtitle\">Grecs et Ph\u00e9niciens<\/h2><div class=\"vc-incubalia-text-image-full__text\">Le fleuve et son embouchure imm\u00e9diate dans l&rsquo;Antiquit\u00e9 ont affect\u00e9 l&rsquo;<strong>\u00e9tablissement de liens commerciaux avec des peuples venus de la M\u00e9diterran\u00e9e<\/strong>, les Grecs et les Ph\u00e9niciens, alors que la voie navigable \u00e9tait une voie de p\u00e9n\u00e9tration et d&rsquo;\u00e9change avec les villages de l&rsquo;int\u00e9rieur.<\/div><\/div><\/div><div class=\"vc-incubalia-text-image-full\"><div class=\"vc-incubalia-text-image-full__image-container\"><img decoding=\"async\" class=\"vc-incubalia-text-image-full__image-mobile\" alt=\"\" src=\"https:\/\/www.tortosaturisme.cat\/wp-content\/uploads\/2018\/02\/3-petjada-mb.jpg\"><img decoding=\"async\" class=\"vc-incubalia-text-image-full__image-desktop\" alt=\"\" src=\"https:\/\/www.tortosaturisme.cat\/wp-content\/uploads\/2018\/02\/3-petjada-ds.jpg\"><i class=\"arrow-down\"><\/i><\/div><div class=\"vc-incubalia-text-image-full__text-container\"><h2 class=\"vc-incubalia-text-image-full__subtitle\">Romains<\/h2><div class=\"vc-incubalia-text-image-full__text\">L&rsquo;\u00c8bre est devenu une fronti\u00e8re physique entre Romains et Carthaginois \u00e0 la suite du trait\u00e9 de l&rsquo;\u00c8bre de l&rsquo;an 226 av. J.-C. Lorsque l&rsquo;Hispanie se trouvait sous la domination des Romains, ceux-ci se rendirent compte de l&rsquo;importance strat\u00e9gique de cet emplacement et, apr\u00e8s avoir occup\u00e9 la colline de la Suda et les environs,<strong> ils fond\u00e8rent la ville de Dertosa<\/strong>. Le point de passage de la Via Augusta sur l&rsquo;\u00c8bre a \u00e9t\u00e9 construit dans notre ville.<\/p><br \/>\n<p>Ce sont les Romains qui donneront \u00e0 la ville une v\u00e9ritable structure urbaine. Il est tr\u00e8s probable qu&rsquo;\u00e0 cette \u00e9poque la pr\u00e9sence des Juifs \u00e0 Tortosa \u00e9tait d\u00e9j\u00e0 manifeste, et elle se maintiendra, avec une intensit\u00e9 in\u00e9gale suivant les p\u00e9riodes, jusqu&rsquo;\u00e0 l&rsquo;\u00e9poque moderne.<\/div><\/div><\/div><div class=\"vc-incubalia-text-image-full\"><div class=\"vc-incubalia-text-image-full__image-container\"><img decoding=\"async\" class=\"vc-incubalia-text-image-full__image-mobile\" alt=\"\" src=\"https:\/\/www.tortosaturisme.cat\/wp-content\/uploads\/2018\/02\/4-petjada-mb.jpg\"><img decoding=\"async\" class=\"vc-incubalia-text-image-full__image-desktop\" alt=\"\" src=\"https:\/\/www.tortosaturisme.cat\/wp-content\/uploads\/2018\/02\/4-petjada-ds.bo_.jpg\"><i class=\"arrow-down\"><\/i><\/div><div class=\"vc-incubalia-text-image-full__text-container\"><h2 class=\"vc-incubalia-text-image-full__subtitle\">Wisigoths <\/h2><div class=\"vc-incubalia-text-image-full__text\">Pendant la p\u00e9riode visigothique, le territoire se constitue en dioc\u00e8se. <strong>Des fouilles r\u00e9centes devant la Cath\u00e9drale actuelle ont permis de d\u00e9couvrir des vestiges du rempart romain et de ce qui aurait constitu\u00e9 le premier si\u00e8ge visigothique.<\/strong><\/div><\/div><\/div><div class=\"vc-incubalia-text-image-full\"><div class=\"vc-incubalia-text-image-full__image-container\"><img decoding=\"async\" class=\"vc-incubalia-text-image-full__image-mobile\" alt=\"\" src=\"https:\/\/www.tortosaturisme.cat\/wp-content\/uploads\/2018\/02\/5-petjada-mb.jpg\"><img decoding=\"async\" class=\"vc-incubalia-text-image-full__image-desktop\" alt=\"\" src=\"https:\/\/www.tortosaturisme.cat\/wp-content\/uploads\/2018\/02\/5-petjada-ds.jpg\"><i class=\"arrow-down\"><\/i><\/div><div class=\"vc-incubalia-text-image-full__text-container\"><h2 class=\"vc-incubalia-text-image-full__subtitle\">La conqu\u00eate musulmane<\/h2><div class=\"vc-incubalia-text-image-full__text\">La domination musulmane, qui a dur\u00e9 plus de quatre si\u00e8cles, a laiss\u00e9 <strong>une empreinte tout \u00e0 fait singuli\u00e8re et permanente sur le d\u00e9veloppement urbain et commercial<\/strong>. <strong>Turt\u00fbxa<\/strong> a \u00e9t\u00e9 un centre fondamental, comme terre fronti\u00e8re, mais aussi sur le plan culturel. Dans ce p\u00e9riode ressortent le juriste et philosophe <strong>Abu Bakr at-Turtushi<\/strong> et le po\u00e8te et grammairien juif <strong>Menahem ben Saruq<\/strong>.<\/div><\/div><\/div><div class=\"vc-incubalia-text-image-full\"><div class=\"vc-incubalia-text-image-full__image-container\"><img decoding=\"async\" class=\"vc-incubalia-text-image-full__image-mobile\" alt=\"\" src=\"https:\/\/www.tortosaturisme.cat\/wp-content\/uploads\/2018\/02\/6-petjada-mb.jpg\"><img decoding=\"async\" class=\"vc-incubalia-text-image-full__image-desktop\" alt=\"\" src=\"https:\/\/www.tortosaturisme.cat\/wp-content\/uploads\/2018\/02\/6-petjada-ds.jpg\"><i class=\"arrow-down\"><\/i><\/div><div class=\"vc-incubalia-text-image-full__text-container\"><h2 class=\"vc-incubalia-text-image-full__subtitle\">La conqu\u00eate chr\u00e9tienne <\/h2><div class=\"vc-incubalia-text-image-full__text\">Apr\u00e8s la conqu\u00eate de la ville, en <strong>1148<\/strong>, par <strong>Raimond-B\u00e9renger IV<\/strong> et ses alli\u00e9s chr\u00e9tiens, les musulmans qui l&rsquo;avaient domin\u00e9e depuis le VIIIe si\u00e8cle \u00e9taient autoris\u00e9s \u00e0 maintenir leur communaut\u00e9 sarrasine, \u00e0 l&rsquo;instar de la communaut\u00e9 juive, \u00e9tablie \u00e0 Tortosa depuis la p\u00e9riode romaine.<\/p><br \/>\n<p><strong>Les cultures chr\u00e9tienne, musulmane et juive ont cohabit\u00e9 et coexist\u00e9 \u00e0 Tortosa<\/strong>, et cette pr\u00e9sence a marqu\u00e9 la ville pendant des si\u00e8cles\u00a0; une pr\u00e9sence encore bien visible aujourd&rsquo;hui \u00e0 Tortosa.<\/p><br \/>\n<p>Afin de g\u00e9rer ces populations, de les r\u00e9partir, de leur attribuer des terres et des ressources, les deux communaut\u00e9s se sont vu octroyer des cartes de s\u00e9curit\u00e9 ou des franchises. Celles-ci faisaient preuve de respect et de tol\u00e9rance, en reconnaissant la pratique de leur religion respective, la pr\u00e9servation du r\u00e9gime juridique de chaque communaut\u00e9 ainsi que d&rsquo;autres garanties et privil\u00e8ges. Cela dit, elles devaient vivre dans des quartiers s\u00e9par\u00e9s et extra-muros (\u00e0 l&rsquo;Aljama). La communaut\u00e9 chr\u00e9tienne dominante s&rsquo;est \u00e9tablie dans la <strong>vieille ville<\/strong>\u00a0; la communaut\u00e9 mauresque, de l&rsquo;autre c\u00f4t\u00e9 de la <strong>Cortadura<\/strong>\u00a0; et la juive, dans l&rsquo;<strong>arsenal fortifi\u00e9<\/strong>, plus au nord. Les chr\u00e9tiens nouvellement arriv\u00e9s ont re\u00e7u une charte de peuplement.<\/p><br \/>\n<p><strong>Les trois communaut\u00e9s ont subsist\u00e9 dans la ville de Tortosa et sur son territoire en coexistant d&rsquo;une mani\u00e8re relativement pacifique pendant des si\u00e8cles.<\/strong><\/div><\/div><\/div><div class=\"vc-incubalia-text-image-full\"><div class=\"vc-incubalia-text-image-full__image-container\"><img decoding=\"async\" class=\"vc-incubalia-text-image-full__image-mobile\" alt=\"\" src=\"https:\/\/www.tortosaturisme.cat\/wp-content\/uploads\/2018\/02\/7-petjada-mb.jpg\"><img decoding=\"async\" class=\"vc-incubalia-text-image-full__image-desktop\" alt=\"\" src=\"https:\/\/www.tortosaturisme.cat\/wp-content\/uploads\/2018\/02\/7-petjada-ds.jpg\"><i class=\"arrow-down\"><\/i><\/div><div class=\"vc-incubalia-text-image-full__text-container\"><h2 class=\"vc-incubalia-text-image-full__subtitle\">Les Coll\u00e8ges Royaux<\/h2><div class=\"vc-incubalia-text-image-full__text\">Sans doute, l&rsquo;un des joyaux monumentaux de la ville qui est \u00e9galement une visite essentielle aujourd&rsquo;hui est<strong> l&rsquo;ensemble des Coll\u00e8ges Royaux de Tortosa<\/strong>, dat\u00e9 du 16\u00e8me si\u00e8cle, un exemple de<strong> la splendeur de la ville pendant la Renaissance<\/strong>.<\/div><\/div><\/div><div class=\"vc-incubalia-text-image-full\"><div class=\"vc-incubalia-text-image-full__image-container\"><img decoding=\"async\" class=\"vc-incubalia-text-image-full__image-mobile\" alt=\"\" src=\"https:\/\/www.tortosaturisme.cat\/wp-content\/uploads\/2018\/02\/8-pejada-mb.jpg\"><img decoding=\"async\" class=\"vc-incubalia-text-image-full__image-desktop\" alt=\"\" src=\"https:\/\/www.tortosaturisme.cat\/wp-content\/uploads\/2018\/02\/8-pejada-ds.jpg\"><i class=\"arrow-down\"><\/i><\/div><div class=\"vc-incubalia-text-image-full__text-container\"><h2 class=\"vc-incubalia-text-image-full__subtitle\">Carrefour de territoires<\/h2><div class=\"vc-incubalia-text-image-full__text\">L&rsquo;importance de Tortosa r\u00e9side dans le fait qu&rsquo;elle <strong>a \u00e9t\u00e9 un site cl\u00e9 dans des situations de guerre<\/strong>, mais aussi, en raison de sa situation, dans <strong>les \u00e9changes avec des gens venus du monde entier<\/strong>, notamment des Aragonais et des Valenciens, mais aussi avec des Francs et des Occitans, voire des colonies britanniques.<\/div><\/div><\/div><div class=\"vc-incubalia-text-image-full\"><div class=\"vc-incubalia-text-image-full__image-container\"><img decoding=\"async\" class=\"vc-incubalia-text-image-full__image-mobile\" alt=\"\" src=\"https:\/\/www.tortosaturisme.cat\/wp-content\/uploads\/2018\/02\/9-petjada-mb.jpg\"><img decoding=\"async\" class=\"vc-incubalia-text-image-full__image-desktop\" alt=\"\" src=\"https:\/\/www.tortosaturisme.cat\/wp-content\/uploads\/2018\/02\/9-petjada-ds.jpg\"><i class=\"arrow-down\"><\/i><\/div><div class=\"vc-incubalia-text-image-full__text-container\"><h2 class=\"vc-incubalia-text-image-full__subtitle\">Le mus\u00e9e de Tortosa<\/h2><div class=\"vc-incubalia-text-image-full__text\">Au mus\u00e9e de Tortosa, <strong>vous pourrez voir un bel \u00e9chantillon des empreintes<\/strong> ib\u00e9rique, romaine et visigothique dans la ville. La <strong>st\u00e8le fun\u00e9raire romaine<\/strong> \u2014 command\u00e9e par une veuve pour son mari qui est parti en bateau et n&rsquo;est plus revenu \u2014 est l&rsquo;une des pi\u00e8ces phare du mus\u00e9e.<\/p><br \/>\n<p>De la p\u00e9riode islamique, dans le m\u00eame \u00e9quipement culturel, vous pourrez admirer de nombreux ouvrages en c\u00e9ramique, ainsi que la pierre tombale repr\u00e9sentative de la fondation des arsenaux du Xe si\u00e8cle, qui se trouve \u00e0 l&rsquo;exposition permanente de la Cath\u00e9drale de Tortosa.\u00a0 Il y a une copie sur le mur lat\u00e9ral de l&rsquo;enceinte de la Cath\u00e9drale pr\u00e8s de la place de l&rsquo;Absis.<\/p><br \/>\n<p>De la p\u00e9riode chr\u00e9tienne, la <strong>charte de peuplement de 1149<\/strong> ou le c\u00e9l\u00e8bre<strong> Llibre de Costums<\/strong> (Livre des coutumes) de Tortosa en sont des exemples repr\u00e9sentatifs.<\/div><\/div><\/div>[\/vc_column][\/vc_row][vc_row][vc_column]<div class=\"vc-incubalia-5-cards\"><h2 class=\"vc-incubalia-5-cards__title\">Les voix du pass\u00e9<\/h2><h3 class=\"vc-incubalia-5-cards__subtitle\">Poursuivez son h\u00e9ritage<\/h3><div class=\"vc-incubalia-5-cards__card card-1 has-url\"><a href=\"\/fr\/ruta\/la-tortosa-de-la-renaissance\/\"><img decoding=\"async\" class=\"vc-incubalia-5-cards__card-mobile-picture\" src=\"https:\/\/www.tortosaturisme.cat\/wp-content\/uploads\/2018\/02\/b-1280-ciutat-art-1-640x460.jpg\">\n                      <img decoding=\"async\" class=\"vc-incubalia-5-cards__card-desktop-picture\" src=\"https:\/\/www.tortosaturisme.cat\/wp-content\/uploads\/2018\/02\/b-1280-ciutat-art-1.jpg\"><\/a><div class=\"vc-incubalia-5-cards__card-text-container\"><p class=\"vc-incubalia-5-cards__card-title\">Route de la Renaissance<\/p><\/div><div class=\"vc-incubalia-5-cards__card-url-container\"><span class=\"vc-incubalia-5-cards__card-url\">Lire la suite<\/span><\/div><\/div><div class=\"vc-incubalia-5-cards__card card-2 has-url\"><a href=\"\/fr\/ruta\/lecartierjuif\/\"><img decoding=\"async\" class=\"vc-incubalia-5-cards__card-mobile-picture\" src=\"https:\/\/www.tortosaturisme.cat\/wp-content\/uploads\/2018\/02\/b-1280-ruta-call-640x460.jpg\">\n                      <img decoding=\"async\" class=\"vc-incubalia-5-cards__card-desktop-picture\" src=\"https:\/\/www.tortosaturisme.cat\/wp-content\/uploads\/2018\/02\/b-1280-ruta-call-640x460.jpg\"><\/a><div class=\"vc-incubalia-5-cards__card-text-container\"><p class=\"vc-incubalia-5-cards__card-title\">Route du quartier Juif<\/p><\/div><div class=\"vc-incubalia-5-cards__card-url-container\"><span class=\"vc-incubalia-5-cards__card-url\">Lire la suite<\/span><\/div><\/div><div class=\"vc-incubalia-5-cards__card-3-and-4-container\"><div class=\"vc-incubalia-5-cards__card card-3 has-url\"><a href=\"\/fr\/lugar\/musee-de-tortosa-historique-et-archeologique-des-terres-de-lebre\/\"><img decoding=\"async\" class=\"vc-incubalia-5-cards__card-mobile-picture\" src=\"https:\/\/www.tortosaturisme.cat\/wp-content\/uploads\/2018\/02\/b-1280-museu-640x460.jpg\">\n                      <img decoding=\"async\" class=\"vc-incubalia-5-cards__card-desktop-picture\" src=\"https:\/\/www.tortosaturisme.cat\/wp-content\/uploads\/2018\/02\/b-1280-museu-640x460.jpg\"><\/a><div class=\"vc-incubalia-5-cards__card-text-container\"><p class=\"vc-incubalia-5-cards__card-title\">Le Mus\u00e9e de la ville<\/p><\/div><div class=\"vc-incubalia-5-cards__card-url-container\"><span class=\"vc-incubalia-5-cards__card-url\">Lire la suite<\/span><\/div><\/div><div class=\"vc-incubalia-5-cards__card card-4 has-url\"><a href=\"\/fr\/experiencies\/?experience-type=visites-guiades-fr&amp;list-view=cards\"><img decoding=\"async\" class=\"vc-incubalia-5-cards__card-mobile-picture\" src=\"https:\/\/www.tortosaturisme.cat\/wp-content\/uploads\/2018\/02\/B-1280-visites-guiades-1-640x460.jpg\">\n                      <img decoding=\"async\" class=\"vc-incubalia-5-cards__card-desktop-picture\" src=\"https:\/\/www.tortosaturisme.cat\/wp-content\/uploads\/2018\/02\/B-1280-visites-guiades-640x460.jpg\"><\/a><div class=\"vc-incubalia-5-cards__card-text-container\"><p class=\"vc-incubalia-5-cards__card-title\">Visites guid\u00e9es<\/p><\/div><div class=\"vc-incubalia-5-cards__card-url-container\"><span class=\"vc-incubalia-5-cards__card-url\">Lire la suite<\/span><\/div><\/div><\/div><div class=\"vc-incubalia-5-cards__card card-5 has-url\"><a href=\"\/fr\/experiencies\/?experience-type=visites-caracteritzades-fr&amp;list-view=cards\"><img decoding=\"async\" class=\"vc-incubalia-5-cards__card-mobile-picture\" src=\"https:\/\/www.tortosaturisme.cat\/wp-content\/uploads\/2018\/02\/b-1280-jueva-2-640x460.jpg\">\n                      <img decoding=\"async\" class=\"vc-incubalia-5-cards__card-desktop-picture\" src=\"https:\/\/www.tortosaturisme.cat\/wp-content\/uploads\/2018\/02\/b-1280-jueva-2-640x449.jpg\"><\/a><div class=\"vc-incubalia-5-cards__card-text-container\"><p class=\"vc-incubalia-5-cards__card-title\">Visites caract\u00e9ris\u00e9es<\/p><\/div><div class=\"vc-incubalia-5-cards__card-url-container\"><span class=\"vc-incubalia-5-cards__card-url\">Lire la suite<\/span><\/div><\/div><\/div>[\/vc_column][\/vc_row][vc_row][vc_column]<div class=\"vc-incubalia-3-images\"><h2 class=\"vc-incubalia-3-images__title\">L'h\u00e9ritage<\/h2><div class=\"vc-incubalia-3-images__image\"><a href=\"\/fr\/lugar\/le-chateau-de-la-suda-ou-saint-jean\/\"><img decoding=\"async\" src=\"https:\/\/www.tortosaturisme.cat\/wp-content\/uploads\/2018\/02\/b-800-castell.jpg\" alt=\"\"><\/a><a href=\"\/fr\/lugar\/le-chateau-de-la-suda-ou-saint-jean\/\"><p class=\"vc-incubalia-3-images__image-title\">Le ch\u00e2teau de la Suda<\/p><\/a><\/div><div class=\"vc-incubalia-3-images__image\"><a href=\"\/fr\/lugar\/la-cathedrale-et-lexposition-permanente\/\"><img decoding=\"async\" src=\"https:\/\/www.tortosaturisme.cat\/wp-content\/uploads\/2018\/02\/b-800-catedral.jpg\" alt=\"\"><\/a><a href=\"\/fr\/lugar\/la-cathedrale-et-lexposition-permanente\/\"><p class=\"vc-incubalia-3-images__image-title\">La cath\u00e9drale<\/p><\/a><\/div><div class=\"vc-incubalia-3-images__image\"><a href=\"\/fr\/lugar\/les-colleges-royaux-et-lexposition-permanente-sur-la-ville-et-la-fete-de-la-renaissance\/\"><img decoding=\"async\" src=\"https:\/\/www.tortosaturisme.cat\/wp-content\/uploads\/2018\/02\/b-800-reials-col-legis.jpg\" alt=\"\"><\/a><a href=\"\/fr\/lugar\/les-colleges-royaux-et-lexposition-permanente-sur-la-ville-et-la-fete-de-la-renaissance\/\"><p class=\"vc-incubalia-3-images__image-title\">Les Coll\u00e8ges royaux<\/p><\/a><\/div><\/div>[\/vc_column][\/vc_row]<\/p>\n","protected":false},"excerpt":{"rendered":"<p>[vc_row][vc_column][\/vc_column][\/vc_row][vc_row][vc_column][\/vc_column][\/vc_row][vc_row][vc_column][\/vc_column][\/vc_row][vc_row][vc_column][\/vc_column][\/vc_row]<\/p>\n","protected":false},"author":2,"featured_media":0,"parent":0,"menu_order":363,"comment_status":"closed","ping_status":"closed","template":"","meta":{"footnotes":""},"class_list":["post-4293","page","type-page","status-publish","hentry"],"acf":[],"yoast_head":"<!-- This site is optimized with the Yoast SEO plugin v27.5 - https:\/\/yoast.com\/product\/yoast-seo-wordpress\/ -->\n<title>L&#039;empreinte des cultures - tortosaturisme<\/title>\n<meta name=\"robots\" content=\"index, follow, max-snippet:-1, max-image-preview:large, max-video-preview:-1\" \/>\n<link rel=\"canonical\" href=\"https:\/\/www.tortosaturisme.cat\/fr\/l-empreinte-des-cultures\/\" \/>\n<meta property=\"og:locale\" content=\"fr_FR\" \/>\n<meta property=\"og:type\" content=\"article\" \/>\n<meta property=\"og:title\" content=\"L&#039;empreinte des cultures - tortosaturisme\" \/>\n<meta property=\"og:description\" content=\"[vc_row][vc_column][\/vc_column][\/vc_row][vc_row][vc_column][\/vc_column][\/vc_row][vc_row][vc_column][\/vc_column][\/vc_row][vc_row][vc_column][\/vc_column][\/vc_row]\" \/>\n<meta property=\"og:url\" content=\"https:\/\/www.tortosaturisme.cat\/fr\/l-empreinte-des-cultures\/\" \/>\n<meta property=\"og:site_name\" content=\"tortosaturisme\" \/>\n<meta property=\"article:modified_time\" content=\"2020-11-23T14:12:18+00:00\" \/>\n<meta name=\"twitter:card\" content=\"summary_large_image\" \/>\n<meta name=\"twitter:label1\" content=\"Dur\u00e9e de lecture estim\u00e9e\" \/>\n\t<meta name=\"twitter:data1\" content=\"6 minutes\" \/>\n<script type=\"application\/ld+json\" class=\"yoast-schema-graph\">{\"@context\":\"https:\\\/\\\/schema.org\",\"@graph\":[{\"@type\":\"WebPage\",\"@id\":\"https:\\\/\\\/www.tortosaturisme.cat\\\/fr\\\/l-empreinte-des-cultures\\\/\",\"url\":\"https:\\\/\\\/www.tortosaturisme.cat\\\/fr\\\/l-empreinte-des-cultures\\\/\",\"name\":\"L'empreinte des cultures - tortosaturisme\",\"isPartOf\":{\"@id\":\"https:\\\/\\\/www.tortosaturisme.cat\\\/fr\\\/#website\"},\"datePublished\":\"2018-02-11T16:28:04+00:00\",\"dateModified\":\"2020-11-23T14:12:18+00:00\",\"breadcrumb\":{\"@id\":\"https:\\\/\\\/www.tortosaturisme.cat\\\/fr\\\/l-empreinte-des-cultures\\\/#breadcrumb\"},\"inLanguage\":\"fr-FR\",\"potentialAction\":[{\"@type\":\"ReadAction\",\"target\":[\"https:\\\/\\\/www.tortosaturisme.cat\\\/fr\\\/l-empreinte-des-cultures\\\/\"]}]},{\"@type\":\"BreadcrumbList\",\"@id\":\"https:\\\/\\\/www.tortosaturisme.cat\\\/fr\\\/l-empreinte-des-cultures\\\/#breadcrumb\",\"itemListElement\":[{\"@type\":\"ListItem\",\"position\":1,\"name\":\"Home\",\"item\":\"https:\\\/\\\/www.tortosaturisme.cat\\\/fr\\\/home-page\\\/\"},{\"@type\":\"ListItem\",\"position\":2,\"name\":\"L&#8217;empreinte des cultures\"}]},{\"@type\":\"WebSite\",\"@id\":\"https:\\\/\\\/www.tortosaturisme.cat\\\/fr\\\/#website\",\"url\":\"https:\\\/\\\/www.tortosaturisme.cat\\\/fr\\\/\",\"name\":\"tortosaturisme\",\"description\":\"Otro sitio realizado con WordPress\",\"potentialAction\":[{\"@type\":\"SearchAction\",\"target\":{\"@type\":\"EntryPoint\",\"urlTemplate\":\"https:\\\/\\\/www.tortosaturisme.cat\\\/fr\\\/?s={search_term_string}\"},\"query-input\":{\"@type\":\"PropertyValueSpecification\",\"valueRequired\":true,\"valueName\":\"search_term_string\"}}],\"inLanguage\":\"fr-FR\"}]}<\/script>\n<!-- \/ Yoast SEO plugin. -->","yoast_head_json":{"title":"L'empreinte des cultures - tortosaturisme","robots":{"index":"index","follow":"follow","max-snippet":"max-snippet:-1","max-image-preview":"max-image-preview:large","max-video-preview":"max-video-preview:-1"},"canonical":"https:\/\/www.tortosaturisme.cat\/fr\/l-empreinte-des-cultures\/","og_locale":"fr_FR","og_type":"article","og_title":"L'empreinte des cultures - tortosaturisme","og_description":"[vc_row][vc_column][\/vc_column][\/vc_row][vc_row][vc_column][\/vc_column][\/vc_row][vc_row][vc_column][\/vc_column][\/vc_row][vc_row][vc_column][\/vc_column][\/vc_row]","og_url":"https:\/\/www.tortosaturisme.cat\/fr\/l-empreinte-des-cultures\/","og_site_name":"tortosaturisme","article_modified_time":"2020-11-23T14:12:18+00:00","twitter_card":"summary_large_image","twitter_misc":{"Dur\u00e9e de lecture estim\u00e9e":"6 minutes"},"schema":{"@context":"https:\/\/schema.org","@graph":[{"@type":"WebPage","@id":"https:\/\/www.tortosaturisme.cat\/fr\/l-empreinte-des-cultures\/","url":"https:\/\/www.tortosaturisme.cat\/fr\/l-empreinte-des-cultures\/","name":"L'empreinte des cultures - tortosaturisme","isPartOf":{"@id":"https:\/\/www.tortosaturisme.cat\/fr\/#website"},"datePublished":"2018-02-11T16:28:04+00:00","dateModified":"2020-11-23T14:12:18+00:00","breadcrumb":{"@id":"https:\/\/www.tortosaturisme.cat\/fr\/l-empreinte-des-cultures\/#breadcrumb"},"inLanguage":"fr-FR","potentialAction":[{"@type":"ReadAction","target":["https:\/\/www.tortosaturisme.cat\/fr\/l-empreinte-des-cultures\/"]}]},{"@type":"BreadcrumbList","@id":"https:\/\/www.tortosaturisme.cat\/fr\/l-empreinte-des-cultures\/#breadcrumb","itemListElement":[{"@type":"ListItem","position":1,"name":"Home","item":"https:\/\/www.tortosaturisme.cat\/fr\/home-page\/"},{"@type":"ListItem","position":2,"name":"L&#8217;empreinte des cultures"}]},{"@type":"WebSite","@id":"https:\/\/www.tortosaturisme.cat\/fr\/#website","url":"https:\/\/www.tortosaturisme.cat\/fr\/","name":"tortosaturisme","description":"Otro sitio realizado con WordPress","potentialAction":[{"@type":"SearchAction","target":{"@type":"EntryPoint","urlTemplate":"https:\/\/www.tortosaturisme.cat\/fr\/?s={search_term_string}"},"query-input":{"@type":"PropertyValueSpecification","valueRequired":true,"valueName":"search_term_string"}}],"inLanguage":"fr-FR"}]}},"_links":{"self":[{"href":"https:\/\/www.tortosaturisme.cat\/fr\/wp-json\/wp\/v2\/pages\/4293","targetHints":{"allow":["GET"]}}],"collection":[{"href":"https:\/\/www.tortosaturisme.cat\/fr\/wp-json\/wp\/v2\/pages"}],"about":[{"href":"https:\/\/www.tortosaturisme.cat\/fr\/wp-json\/wp\/v2\/types\/page"}],"author":[{"embeddable":true,"href":"https:\/\/www.tortosaturisme.cat\/fr\/wp-json\/wp\/v2\/users\/2"}],"replies":[{"embeddable":true,"href":"https:\/\/www.tortosaturisme.cat\/fr\/wp-json\/wp\/v2\/comments?post=4293"}],"version-history":[{"count":9,"href":"https:\/\/www.tortosaturisme.cat\/fr\/wp-json\/wp\/v2\/pages\/4293\/revisions"}],"predecessor-version":[{"id":16147,"href":"https:\/\/www.tortosaturisme.cat\/fr\/wp-json\/wp\/v2\/pages\/4293\/revisions\/16147"}],"wp:attachment":[{"href":"https:\/\/www.tortosaturisme.cat\/fr\/wp-json\/wp\/v2\/media?parent=4293"}],"curies":[{"name":"wp","href":"https:\/\/api.w.org\/{rel}","templated":true}]}}