{"id":4307,"date":"2018-02-11T12:24:13","date_gmt":"2018-02-11T12:24:13","guid":{"rendered":"http:\/\/tortosaturisme-preprod.incubaliadev.com\/fr\/solca-lebre\/"},"modified":"2025-09-19T15:29:50","modified_gmt":"2025-09-19T15:29:50","slug":"naviguer-sur-lebre","status":"publish","type":"page","link":"https:\/\/www.tortosaturisme.cat\/fr\/naviguer-sur-lebre\/","title":{"rendered":"Naviguer sur l&rsquo;\u00c8bre"},"content":{"rendered":"<p>[vc_row][vc_column]<div class=\"vc-incubalia-image-huge\"><h1 class=\"vc-incubalia-image-huge__title\" style=\"font-size: 56px;\">Naviguer sur l\u2019\u00c8bre<\/h1><img decoding=\"async\" class=\"vc-incubalia-image-huge__mobile-picture\" src=\"https:\/\/www.tortosaturisme.cat\/wp-content\/uploads\/2018\/02\/2-solca-mb.jpg\" alt=\"\"><img decoding=\"async\" class=\"vc-incubalia-image-huge__desktop-picture\" src=\"https:\/\/www.tortosaturisme.cat\/wp-content\/uploads\/2018\/02\/2-solca-ds.jpg\" alt=\"\"><\/div>[\/vc_column][\/vc_row][vc_row][vc_column]<div class=\"vc-incubalia-text-1-column-subtitle\"><h2 class=\"vc-incubalia-text-1-column-subtitle__title\">L'\u00c8bre donne son nom \u00e0 ces terres et c'est aucun doute l'\u00e2me de ce territoire<\/h2><h3 class=\"vc-incubalia-text-1-column-subtitle__subtitle\">L'\u00c8bre catalan s'\u00e9tend de la R\u00e9serve Naturelle de Sebes, dans la r\u00e9gion Ribera d'\u00c8bre, jusqu'\u00e0 son embouchure, dans le Delta, en traversant tout au long de son parcours des espaces d'une grande beaut\u00e9 naturelle et d'une richesse biologique consid\u00e9rable<\/h3><div class=\"vc-incubalia-text-1-column-subtitle__text\"><\/p><br \/>\n<p style=\"text-align: center;\"><strong>Le fleuve \u00c8bre et la navigation fluviale<\/strong> ont \u00e9t\u00e9 choisis, par vote populaire, comme l&rsquo;un des 7 Tr\u00e9sors du Patrimoine Culturel de Tortosa dans le cadre de la c\u00e9l\u00e9bration de Tortosa Capitale de la Culture Catalane 2021.<\/p><br \/>\n<p>&nbsp;<\/div><\/div>[\/vc_column][\/vc_row][vc_row][vc_column]<div class=\"vc-incubalia-image-huge\"><img decoding=\"async\" class=\"vc-incubalia-image-huge__mobile-picture brightness-100\" src=\"https:\/\/www.tortosaturisme.cat\/wp-content\/uploads\/2018\/02\/1-solca-mb.jpg\" alt=\"\"><img decoding=\"async\" class=\"vc-incubalia-image-huge__desktop-picture brightness-100\" src=\"https:\/\/www.tortosaturisme.cat\/wp-content\/uploads\/2018\/02\/1-solca-ds.jpg\" alt=\"\"><\/div>[\/vc_column][\/vc_row][vc_row][vc_column]<div class=\"vc-incubalia-text-1-column-subtitle\"><div class=\"vc-incubalia-text-1-column-subtitle__text\"><\/p><br \/>\n<p style=\"text-align: center;\"><strong>En plein c\u0153ur de Tortosa, sur la jet\u00e9e, juste \u00e0 c\u00f4t\u00e9 du march\u00e9 moderniste, vous pouvez monter \u00e0 bord de la felouque Lo Sirgador<\/strong>, une activit\u00e9 originale pour toute la famille, et une source d&rsquo;inspiration <strong>\u00e9voquant l&rsquo;essence authentique de la navigation sur le fleuve comme cela se faisait avec les felouques d&rsquo;autrefois<\/strong>.<\/p><br \/>\n<p><\/div><\/div><div class=\"vc-incubalia-video-full-width\"><img decoding=\"async\" class=\"vc-incubalia-video-full-width__image-mobile\" src=\"https:\/\/www.tortosaturisme.cat\/wp-content\/uploads\/2018\/02\/3-solca-mb.jpg\"><img decoding=\"async\" class=\"vc-incubalia-video-full-width__image-desktop\" src=\"https:\/\/www.tortosaturisme.cat\/wp-content\/uploads\/2018\/02\/3-solca-ds.jpg\"><div id=\"c163face2f\" class=\"vc-incubalia-video-full-width__play-button\"><img decoding=\"async\" class=\"play-button\" src=\"https:\/\/www.tortosaturisme.cat\/wp-content\/plugins\/vc-incubalia-elements\/elements\/..\/assets\/img\/video-play.png\"><\/div><div class=\"vc-incubalia-video-full-width__youtube-iframe\"><iframe loading=\"lazy\" width=\"560\" height=\"315\" src=\"https:\/\/www.youtube.com\/embed\/2FFsa9L61Ts\" frameborder=\"0\" allowfullscreen><\/iframe><\/div><\/div><script>(function($) {\n                $(function() {\n                    $('#c163face2f').on('click', function() {\n                        $(this).parent().parent().find('.vc-incubalia-video-full-width').addClass('play');\n                        \/\/$(this).parent().parent().find('.vc-incubalia-video-full-width__youtube-iframe iframe').attr('src', $('.vc-incubalia-video-full-width__youtube-iframe iframe').attr('src') + '?autoplay=1');\n                    });\n                });\n\n                $(window).load(function() {\n                    height = $('.vc-incubalia-video-full-width').height();\n                    setYoutubeIframeDimensions();\n                });\n\n                $(window).resize(function() {\n                    setYoutubeIframeDimensions();\n                });\n\n                function setYoutubeIframeDimensions()\n                {\n                    if ($('.vc-incubalia-video-full-width').height() > 0) {\n                        height = $('.vc-incubalia-video-full-width').height();\n                    }\n                    $('.vc-incubalia-video-full-width__youtube-iframe iframe').attr('height', height);\n                    let width = height * 16 \/ 9;\n                    $('.vc-incubalia-video-full-width__youtube-iframe iframe').attr('width', width);\n                }\n            })(jQuery)<\/script>[\/vc_column][\/vc_row][vc_row][vc_column]<div class=\"vc-incubalia-text-1-column-subtitle\"><div class=\"vc-incubalia-text-1-column-subtitle__text\"><\/p><br \/>\n<p style=\"text-align: center;\"><strong>De Tortosa<\/strong>, un itin\u00e9raire d&rsquo;une heure est pr\u00e9vu pour d\u00e9couvrir la fa\u00e7ade fluviale et historique de la ville, ainsi que la spectaculaire for\u00eat riveraine qui entoure<strong> l&rsquo;\u00eele de la Xiquina<\/strong>.\u00a0Des randonn\u00e9es plus sp\u00e9cifiques sur de longues distances sont \u00e9galement propos\u00e9es en felouque soit avec de la musique en direct \u00e0 bord, soit avec <strong>une d\u00e9gustation de vin au coucher du soleil<\/strong>. Sur l&rsquo;\u00c8bre, en passant par Tortosa, vous d\u00e9couvrirez aussi<strong> l&rsquo;IIla dels Bous<\/strong>, \u00eele habit\u00e9e par des taureaux sauvages que vous pourrez voir depuis les bateaux lors de la travers\u00e9e.<\/p><br \/>\n<p><\/div><\/div><div class=\"vc-incubalia-text-image-full\"><div class=\"vc-incubalia-text-image-full__image-container\"><img decoding=\"async\" class=\"vc-incubalia-text-image-full__image-mobile\" alt=\"\" src=\"https:\/\/www.tortosaturisme.cat\/wp-content\/uploads\/2018\/02\/4-solca-mb.jpg\"><img decoding=\"async\" class=\"vc-incubalia-text-image-full__image-desktop\" alt=\"\" src=\"https:\/\/www.tortosaturisme.cat\/wp-content\/uploads\/2018\/02\/4-solca-ds.jpg\"><i class=\"arrow-down\"><\/i><\/div><div class=\"vc-incubalia-text-image-full__text-container\"><div class=\"vc-incubalia-text-image-full__text\"><\/div><\/div><\/div>[\/vc_column][\/vc_row][vc_row][vc_column]<div class=\"vc-incubalia-text-1-column-subtitle\"><div class=\"vc-incubalia-text-1-column-subtitle__text\"><\/p><br \/>\n<p style=\"text-align: center;\"><strong>Une autre fa\u00e7on de d\u00e9couvrir l&rsquo;\u00c8bre dans toute sa pl\u00e9nitude est de pratiquer le cano\u00eb-kayak<\/strong>, une activit\u00e9 que vous pourrez r\u00e9aliser de Riba-roja d&rsquo;\u00c8bre au Delta, en diff\u00e9rentes \u00e9tapes.\u00a0 Ce service est propos\u00e9 sur l&rsquo;ensemble du territoire fluvial, car il s&rsquo;agit d&rsquo;une pratique tr\u00e8s r\u00e9pandue et id\u00e9ale pour tous les publics. Si vous le pr\u00e9f\u00e9rez, l&rsquo;autre option est de monter \u00e0 bord d&rsquo;un bateau de croisi\u00e8re ou \u00e0 moteur pour d\u00e9couvrir le Delta de l&rsquo;\u00c8bre avec tout le confort.<\/p><br \/>\n<p><\/div><\/div><div class=\"vc-incubalia-text-1-column-subtitle\"><h3 class=\"vc-incubalia-text-1-column-subtitle__subtitle\">La d\u00e9couverte de l'\u00c8bre de l'int\u00e9rieur est une exp\u00e9rience aux multiples facettes, car le visiteur sentira qu'il fait partie du paysage et qu'il s'int\u00e8gre dans des images de cartes postales idylliques.<\/h3><div class=\"vc-incubalia-text-1-column-subtitle__text\"><\/div><\/div><div class=\"vc-incubalia-4-images\"><h2 class=\"vc-incubalia-4-images__title\">On vous propose<\/h2><div class=\"vc-incubalia-4-images__image has-url\"\"><a href=\"\/fr\/experiencies\/?experience-type=visites-guiades-fr&list-view=cards\"><img decoding=\"async\" src=\"https:\/\/www.tortosaturisme.cat\/wp-content\/uploads\/2018\/02\/b-900-visites-guiades.jpg\" alt=\"\"><\/a><div class=\"vc-incubalia-4-images__image-text-container\"><p class=\"vc-incubalia-4-images__image-title\">Visites guid\u00e9es<\/p><p class=\"vc-incubalia-4-images__image-subtitle\">D\u00e9couvrez tous les secrets de la ville<\/p><\/div><div class=\"vc-incubalia-4-images__image-url-container\"><span class=\"vc-incubalia-4-images__image-url\">Lire la suite<\/span><\/div><\/div><div class=\"vc-incubalia-4-images__image has-url\"\"><a href=\"\/fr\/experiencies\/?experience-type=navegacio-fr&list-view=cards\"><img decoding=\"async\" src=\"https:\/\/www.tortosaturisme.cat\/wp-content\/uploads\/2018\/02\/b-900-navega-1.jpg\" alt=\"\"><\/a><div class=\"vc-incubalia-4-images__image-text-container\"><p class=\"vc-incubalia-4-images__image-title\">Navigations<\/p><p class=\"vc-incubalia-4-images__image-subtitle\">Sillonez l'\u00c8bre<\/p><\/div><div class=\"vc-incubalia-4-images__image-url-container\"><span class=\"vc-incubalia-4-images__image-url\">Lire la suite<\/span><\/div><\/div><div class=\"vc-incubalia-4-images__image has-url\"\"><a href=\"\/fr\/experiencies\/?experience-type=a-laire-lliure-fr&list-view=cards\"><img decoding=\"async\" src=\"https:\/\/www.tortosaturisme.cat\/wp-content\/uploads\/2018\/02\/b-900-aire-lliure-1.jpg\" alt=\"\"><\/a><div class=\"vc-incubalia-4-images__image-text-container\"><p class=\"vc-incubalia-4-images__image-title\">En plein air<\/p><p class=\"vc-incubalia-4-images__image-subtitle\">Propositions pour d\u00e9couvrir l'entourage<\/p><\/div><div class=\"vc-incubalia-4-images__image-url-container\"><span class=\"vc-incubalia-4-images__image-url\">Lire la suite<\/span><\/div><\/div><div class=\"vc-incubalia-4-images__image has-url\"\"><a href=\"\/fr\/experiencies\/?experience-type=visites-caracteritzades-fr&list-view=cards\"><img decoding=\"async\" src=\"https:\/\/www.tortosaturisme.cat\/wp-content\/uploads\/2018\/02\/b-900-visites-caracteritzades.jpg\" alt=\"\"><\/a><div class=\"vc-incubalia-4-images__image-text-container\"><p class=\"vc-incubalia-4-images__image-title\">Visites caract\u00e9ris\u00e9es<\/p><p class=\"vc-incubalia-4-images__image-subtitle\">Les protagonistes vous guident<\/p><\/div><div class=\"vc-incubalia-4-images__image-url-container\"><span class=\"vc-incubalia-4-images__image-url\">Lire la suite<\/span><\/div><\/div><\/div><div class=\"vc-incubalia-5-cards\"><h2 class=\"vc-incubalia-5-cards__title\">Compl\u00e9tez votre visite<\/h2><h3 class=\"vc-incubalia-5-cards__subtitle\">Le charme d'une ville qui regarde la rivi\u00e8re<\/h3><div class=\"vc-incubalia-5-cards__card card-1 has-url\"><a href=\"\/fr\/tortosa-en-un-jour\/\"><img decoding=\"async\" class=\"vc-incubalia-5-cards__card-mobile-picture\" src=\"https:\/\/www.tortosaturisme.cat\/wp-content\/uploads\/2018\/02\/b-1280-ciutat-640x460.jpg\">\n                      <img decoding=\"async\" class=\"vc-incubalia-5-cards__card-desktop-picture\" src=\"https:\/\/www.tortosaturisme.cat\/wp-content\/uploads\/2018\/02\/b-1280-ciutat.jpg\"><\/a><div class=\"vc-incubalia-5-cards__card-text-container\"><p class=\"vc-incubalia-5-cards__card-title\">Un jour \u00e0 Tortosa<\/p><\/div><div class=\"vc-incubalia-5-cards__card-url-container\"><span class=\"vc-incubalia-5-cards__card-url\">Lire la suite<\/span><\/div><\/div><div class=\"vc-incubalia-5-cards__card card-2 has-url\"><a href=\"\/fr\/la-ville-de-la-renaissance\/\"><img decoding=\"async\" class=\"vc-incubalia-5-cards__card-mobile-picture\" src=\"https:\/\/www.tortosaturisme.cat\/wp-content\/uploads\/2018\/02\/b-1280-ciutat-renaixement-2-640x460.jpg\">\n                      <img decoding=\"async\" class=\"vc-incubalia-5-cards__card-desktop-picture\" src=\"https:\/\/www.tortosaturisme.cat\/wp-content\/uploads\/2018\/02\/b-1280-ciutat-renaixement-2-640x460.jpg\"><\/a><div class=\"vc-incubalia-5-cards__card-text-container\"><p class=\"vc-incubalia-5-cards__card-title\">D\u00e9couvrez la Renaissance<\/p><\/div><div class=\"vc-incubalia-5-cards__card-url-container\"><span class=\"vc-incubalia-5-cards__card-url\">Lire la suite<\/span><\/div><\/div><div class=\"vc-incubalia-5-cards__card-3-and-4-container\"><div class=\"vc-incubalia-5-cards__card card-3 has-url\"><a href=\"\/fr\/la-voie-verte\/\"><img decoding=\"async\" class=\"vc-incubalia-5-cards__card-mobile-picture\" src=\"https:\/\/www.tortosaturisme.cat\/wp-content\/uploads\/2018\/02\/b-1280-via-verda-640x460.jpg\">\n                      <img decoding=\"async\" class=\"vc-incubalia-5-cards__card-desktop-picture\" src=\"https:\/\/www.tortosaturisme.cat\/wp-content\/uploads\/2018\/02\/b-1280-via-verda-640x460.jpg\"><\/a><div class=\"vc-incubalia-5-cards__card-text-container\"><p class=\"vc-incubalia-5-cards__card-title\">La Voie Verte<\/p><\/div><div class=\"vc-incubalia-5-cards__card-url-container\"><span class=\"vc-incubalia-5-cards__card-url\">Lire la suite<\/span><\/div><\/div><div class=\"vc-incubalia-5-cards__card card-4 has-url\"><a href=\"\/fr\/delta-de-l-ebre\/\"><img decoding=\"async\" class=\"vc-incubalia-5-cards__card-mobile-picture\" src=\"https:\/\/www.tortosaturisme.cat\/wp-content\/uploads\/2018\/02\/b-1280-delta-e-640x460.jpg\">\n                      <img decoding=\"async\" class=\"vc-incubalia-5-cards__card-desktop-picture\" src=\"https:\/\/www.tortosaturisme.cat\/wp-content\/uploads\/2018\/02\/b-1280-delta-e-640x460.jpg\"><\/a><div class=\"vc-incubalia-5-cards__card-text-container\"><p class=\"vc-incubalia-5-cards__card-title\">Le Delta de l'\u00c8bre <\/p><\/div><div class=\"vc-incubalia-5-cards__card-url-container\"><span class=\"vc-incubalia-5-cards__card-url\">Lire la suite<\/span><\/div><\/div><\/div><div class=\"vc-incubalia-5-cards__card card-5 has-url\"><a href=\"\/fr\/le-parc-naturel-des-ports\/\"><img decoding=\"async\" class=\"vc-incubalia-5-cards__card-mobile-picture\" src=\"https:\/\/www.tortosaturisme.cat\/wp-content\/uploads\/2018\/02\/b-1280-port-parc-640x460.jpg\">\n                      <img decoding=\"async\" class=\"vc-incubalia-5-cards__card-desktop-picture\" src=\"https:\/\/www.tortosaturisme.cat\/wp-content\/uploads\/2018\/02\/b-1280-port-parc-640x449.jpg\"><\/a><div class=\"vc-incubalia-5-cards__card-text-container\"><p class=\"vc-incubalia-5-cards__card-title\">Le parc naturel de Els Ports\t<\/p><\/div><div class=\"vc-incubalia-5-cards__card-url-container\"><span class=\"vc-incubalia-5-cards__card-url\">Lire la suite<\/span><\/div><\/div><\/div>[\/vc_column][\/vc_row][vc_row][vc_column]<div class=\"vc-incubalia-3-images\"><h2 class=\"vc-incubalia-3-images__title\">Routes<\/h2><div class=\"vc-incubalia-3-images__image\"><a href=\"\/fr\/routes-a-velo\/\"><img decoding=\"async\" src=\"https:\/\/www.tortosaturisme.cat\/wp-content\/uploads\/2018\/02\/b-800-btt.jpg\" alt=\"\"><\/a><a href=\"\/fr\/routes-a-velo\/\"><p class=\"vc-incubalia-3-images__image-title\">En v\u00e9lo<\/p><\/a><p class=\"vc-incubalia-3-images__image-subtitle\">Parcourez des kilom\u00e8tres d'itin\u00e9raires urbains, culturels, naturels, des plus simples aux plus exigeants<\/p><\/div><div class=\"vc-incubalia-3-images__image\"><a href=\"\/fr\/ruta\/hemingway-et-la-guerre-civile\/\"><img decoding=\"async\" src=\"https:\/\/www.tortosaturisme.cat\/wp-content\/uploads\/2018\/02\/b-800-hemingway.jpg\" alt=\"\"><\/a><a href=\"\/fr\/ruta\/hemingway-et-la-guerre-civile\/\"><p class=\"vc-incubalia-3-images__image-title\">Hemingway et la Guerre Civile<\/p><\/a><p class=\"vc-incubalia-3-images__image-subtitle\">Suivez les traces du Noble am\u00e9ricain et ses exp\u00e9riences lorsque la ville \u00e9tait front de guerre<\/p><\/div><div class=\"vc-incubalia-3-images__image\"><a href=\"\/fr\/ruta\/le-modernisme\/\"><img decoding=\"async\" src=\"https:\/\/www.tortosaturisme.cat\/wp-content\/uploads\/2018\/02\/b-800-ruta-modernisme.jpg\" alt=\"\"><\/a><a href=\"\/fr\/ruta\/le-modernisme\/\"><p class=\"vc-incubalia-3-images__image-title\">Le Modernisme<\/p><\/a><p class=\"vc-incubalia-3-images__image-subtitle\">Au tournant du XIXe si\u00e8cle, la ville se transforme selon les derni\u00e8res tendances<\/p><\/div><\/div>[\/vc_column][\/vc_row]<\/p>\n","protected":false},"excerpt":{"rendered":"<p>[vc_row][vc_column][\/vc_column][\/vc_row][vc_row][vc_column][\/vc_column][\/vc_row][vc_row][vc_column][\/vc_column][\/vc_row][vc_row][vc_column][\/vc_column][\/vc_row][vc_row][vc_column][\/vc_column][\/vc_row][vc_row][vc_column][\/vc_column][\/vc_row][vc_row][vc_column][\/vc_column][\/vc_row]<\/p>\n","protected":false},"author":2,"featured_media":0,"parent":0,"menu_order":367,"comment_status":"closed","ping_status":"closed","template":"","meta":{"footnotes":""},"class_list":["post-4307","page","type-page","status-publish","hentry"],"acf":[],"yoast_head":"<!-- This site is optimized with the Yoast SEO plugin v27.5 - https:\/\/yoast.com\/product\/yoast-seo-wordpress\/ -->\n<title>Naviguer sur l&#039;\u00c8bre - tortosaturisme<\/title>\n<meta name=\"description\" content=\"Parcourez l\u2019\u00c8bre en felouque, kayak ou pirogue et d\u00e9couvrez Tortosa depuis le fleuve. Une exp\u00e9rience unique et inoubliable.\" \/>\n<meta name=\"robots\" content=\"index, follow, max-snippet:-1, max-image-preview:large, max-video-preview:-1\" \/>\n<link rel=\"canonical\" href=\"https:\/\/www.tortosaturisme.cat\/fr\/naviguer-sur-lebre\/\" \/>\n<meta property=\"og:locale\" content=\"fr_FR\" \/>\n<meta property=\"og:type\" content=\"article\" \/>\n<meta property=\"og:title\" content=\"Naviguer sur l&#039;\u00c8bre - tortosaturisme\" \/>\n<meta property=\"og:description\" content=\"Parcourez l\u2019\u00c8bre en felouque, kayak ou pirogue et d\u00e9couvrez Tortosa depuis le fleuve. Une exp\u00e9rience unique et inoubliable.\" \/>\n<meta property=\"og:url\" content=\"https:\/\/www.tortosaturisme.cat\/fr\/naviguer-sur-lebre\/\" \/>\n<meta property=\"og:site_name\" content=\"tortosaturisme\" \/>\n<meta property=\"article:modified_time\" content=\"2025-09-19T15:29:50+00:00\" \/>\n<meta name=\"twitter:card\" content=\"summary_large_image\" \/>\n<meta name=\"twitter:label1\" content=\"Dur\u00e9e de lecture estim\u00e9e\" \/>\n\t<meta name=\"twitter:data1\" content=\"3 minutes\" \/>\n<script type=\"application\/ld+json\" class=\"yoast-schema-graph\">{\"@context\":\"https:\\\/\\\/schema.org\",\"@graph\":[{\"@type\":\"WebPage\",\"@id\":\"https:\\\/\\\/www.tortosaturisme.cat\\\/fr\\\/naviguer-sur-lebre\\\/\",\"url\":\"https:\\\/\\\/www.tortosaturisme.cat\\\/fr\\\/naviguer-sur-lebre\\\/\",\"name\":\"Naviguer sur l'\u00c8bre - tortosaturisme\",\"isPartOf\":{\"@id\":\"https:\\\/\\\/www.tortosaturisme.cat\\\/fr\\\/#website\"},\"datePublished\":\"2018-02-11T12:24:13+00:00\",\"dateModified\":\"2025-09-19T15:29:50+00:00\",\"description\":\"Parcourez l\u2019\u00c8bre en felouque, kayak ou pirogue et d\u00e9couvrez Tortosa depuis le fleuve. Une exp\u00e9rience unique et inoubliable.\",\"breadcrumb\":{\"@id\":\"https:\\\/\\\/www.tortosaturisme.cat\\\/fr\\\/naviguer-sur-lebre\\\/#breadcrumb\"},\"inLanguage\":\"fr-FR\",\"potentialAction\":[{\"@type\":\"ReadAction\",\"target\":[\"https:\\\/\\\/www.tortosaturisme.cat\\\/fr\\\/naviguer-sur-lebre\\\/\"]}]},{\"@type\":\"BreadcrumbList\",\"@id\":\"https:\\\/\\\/www.tortosaturisme.cat\\\/fr\\\/naviguer-sur-lebre\\\/#breadcrumb\",\"itemListElement\":[{\"@type\":\"ListItem\",\"position\":1,\"name\":\"Home\",\"item\":\"https:\\\/\\\/www.tortosaturisme.cat\\\/fr\\\/home-page\\\/\"},{\"@type\":\"ListItem\",\"position\":2,\"name\":\"Naviguer sur l&#8217;\u00c8bre\"}]},{\"@type\":\"WebSite\",\"@id\":\"https:\\\/\\\/www.tortosaturisme.cat\\\/fr\\\/#website\",\"url\":\"https:\\\/\\\/www.tortosaturisme.cat\\\/fr\\\/\",\"name\":\"tortosaturisme\",\"description\":\"Otro sitio realizado con WordPress\",\"potentialAction\":[{\"@type\":\"SearchAction\",\"target\":{\"@type\":\"EntryPoint\",\"urlTemplate\":\"https:\\\/\\\/www.tortosaturisme.cat\\\/fr\\\/?s={search_term_string}\"},\"query-input\":{\"@type\":\"PropertyValueSpecification\",\"valueRequired\":true,\"valueName\":\"search_term_string\"}}],\"inLanguage\":\"fr-FR\"}]}<\/script>\n<!-- \/ Yoast SEO plugin. -->","yoast_head_json":{"title":"Naviguer sur l'\u00c8bre - tortosaturisme","description":"Parcourez l\u2019\u00c8bre en felouque, kayak ou pirogue et d\u00e9couvrez Tortosa depuis le fleuve. Une exp\u00e9rience unique et inoubliable.","robots":{"index":"index","follow":"follow","max-snippet":"max-snippet:-1","max-image-preview":"max-image-preview:large","max-video-preview":"max-video-preview:-1"},"canonical":"https:\/\/www.tortosaturisme.cat\/fr\/naviguer-sur-lebre\/","og_locale":"fr_FR","og_type":"article","og_title":"Naviguer sur l'\u00c8bre - tortosaturisme","og_description":"Parcourez l\u2019\u00c8bre en felouque, kayak ou pirogue et d\u00e9couvrez Tortosa depuis le fleuve. Une exp\u00e9rience unique et inoubliable.","og_url":"https:\/\/www.tortosaturisme.cat\/fr\/naviguer-sur-lebre\/","og_site_name":"tortosaturisme","article_modified_time":"2025-09-19T15:29:50+00:00","twitter_card":"summary_large_image","twitter_misc":{"Dur\u00e9e de lecture estim\u00e9e":"3 minutes"},"schema":{"@context":"https:\/\/schema.org","@graph":[{"@type":"WebPage","@id":"https:\/\/www.tortosaturisme.cat\/fr\/naviguer-sur-lebre\/","url":"https:\/\/www.tortosaturisme.cat\/fr\/naviguer-sur-lebre\/","name":"Naviguer sur l'\u00c8bre - tortosaturisme","isPartOf":{"@id":"https:\/\/www.tortosaturisme.cat\/fr\/#website"},"datePublished":"2018-02-11T12:24:13+00:00","dateModified":"2025-09-19T15:29:50+00:00","description":"Parcourez l\u2019\u00c8bre en felouque, kayak ou pirogue et d\u00e9couvrez Tortosa depuis le fleuve. Une exp\u00e9rience unique et inoubliable.","breadcrumb":{"@id":"https:\/\/www.tortosaturisme.cat\/fr\/naviguer-sur-lebre\/#breadcrumb"},"inLanguage":"fr-FR","potentialAction":[{"@type":"ReadAction","target":["https:\/\/www.tortosaturisme.cat\/fr\/naviguer-sur-lebre\/"]}]},{"@type":"BreadcrumbList","@id":"https:\/\/www.tortosaturisme.cat\/fr\/naviguer-sur-lebre\/#breadcrumb","itemListElement":[{"@type":"ListItem","position":1,"name":"Home","item":"https:\/\/www.tortosaturisme.cat\/fr\/home-page\/"},{"@type":"ListItem","position":2,"name":"Naviguer sur l&#8217;\u00c8bre"}]},{"@type":"WebSite","@id":"https:\/\/www.tortosaturisme.cat\/fr\/#website","url":"https:\/\/www.tortosaturisme.cat\/fr\/","name":"tortosaturisme","description":"Otro sitio realizado con WordPress","potentialAction":[{"@type":"SearchAction","target":{"@type":"EntryPoint","urlTemplate":"https:\/\/www.tortosaturisme.cat\/fr\/?s={search_term_string}"},"query-input":{"@type":"PropertyValueSpecification","valueRequired":true,"valueName":"search_term_string"}}],"inLanguage":"fr-FR"}]}},"_links":{"self":[{"href":"https:\/\/www.tortosaturisme.cat\/fr\/wp-json\/wp\/v2\/pages\/4307","targetHints":{"allow":["GET"]}}],"collection":[{"href":"https:\/\/www.tortosaturisme.cat\/fr\/wp-json\/wp\/v2\/pages"}],"about":[{"href":"https:\/\/www.tortosaturisme.cat\/fr\/wp-json\/wp\/v2\/types\/page"}],"author":[{"embeddable":true,"href":"https:\/\/www.tortosaturisme.cat\/fr\/wp-json\/wp\/v2\/users\/2"}],"replies":[{"embeddable":true,"href":"https:\/\/www.tortosaturisme.cat\/fr\/wp-json\/wp\/v2\/comments?post=4307"}],"version-history":[{"count":16,"href":"https:\/\/www.tortosaturisme.cat\/fr\/wp-json\/wp\/v2\/pages\/4307\/revisions"}],"predecessor-version":[{"id":39519,"href":"https:\/\/www.tortosaturisme.cat\/fr\/wp-json\/wp\/v2\/pages\/4307\/revisions\/39519"}],"wp:attachment":[{"href":"https:\/\/www.tortosaturisme.cat\/fr\/wp-json\/wp\/v2\/media?parent=4307"}],"curies":[{"name":"wp","href":"https:\/\/api.w.org\/{rel}","templated":true}]}}