{"id":6797,"date":"2018-03-05T10:54:43","date_gmt":"2018-03-05T10:54:43","guid":{"rendered":"https:\/\/www.tortosaturisme.cat\/fr\/com-arribar-hi\/"},"modified":"2023-05-22T09:13:49","modified_gmt":"2023-05-22T09:13:49","slug":"comment-arriver","status":"publish","type":"page","link":"https:\/\/www.tortosaturisme.cat\/fr\/comment-arriver\/","title":{"rendered":"Comment arriver"},"content":{"rendered":"<p>[vc_row][vc_column]<div class=\"vc-incubalia-medium-header\"><h1 class=\"vc-incubalia-medium-header__title\">Comment arriver<\/h1><img decoding=\"async\" class=\"vc-incubalia-medium-header__mobile-picture\" src=\"https:\/\/www.tortosaturisme.cat\/wp-content\/uploads\/2018\/03\/1-com-arribar-mb-1.jpg\">\n                  <img decoding=\"async\" class=\"vc-incubalia-medium-header__desktop-picture\" src=\"https:\/\/www.tortosaturisme.cat\/wp-content\/uploads\/2018\/03\/1-com-arribar-ds-1.jpg\"><\/div>[\/vc_column][\/vc_row][vc_row][vc_column width=\u00a0\u00bb1\/2&Prime;]<div class=\"vc-incubalia-text-1-column\"><h2 class=\"vc-incubalia-text-1-column__title\"><span class=\"first-word\">En<\/span> v\u00e9hicule priv\u00e9<\/h2><div class=\"vc-incubalia-text-1-column__text\">AP-7 Sortida 40 Tortosa-l&rsquo;Aldea<\/p><br \/>\n<p>N-340, carretera nacional<\/p><br \/>\n<p>Carretera C-12 (Eix de l&rsquo;Ebre) Tortosa-Lleida<\/p><br \/>\n<p>&nbsp;<\/p><br \/>\n<p>&nbsp;<\/div><\/div><script>\n            (function($) {\n                $(function() {\n                    $(\".vc_col-sm-6\").parent(\".vc_row\").addClass(\"vc_layout_2\");\n                });\n            })(jQuery);\n            <\/script>[vc_gmaps link=\u00a0\u00bb#E-8_JTNDaWZyYW1lJTIwc3JjJTNEJTIyaHR0cHMlM0ElMkYlMkZ3d3cuZ29vZ2xlLmNvbSUyRm1hcHMlMkZlbWJlZCUzRnBiJTNEJTIxMW0xOCUyMTFtMTIlMjExbTMlMjExZDI0MTU5Ljk2Mzc2MzIyNTQyMyUyMTJkMC41MDM1MDc4MDkzMTE0MjQ1JTIxM2Q0MC44MDYwOTMzMjY1NzY0MyUyMTJtMyUyMTFmMCUyMTJmMCUyMTNmMCUyMTNtMiUyMTFpMTAyNCUyMTJpNzY4JTIxNGYxMy4xJTIxM20zJTIxMW0yJTIxMXMweDEyYTBlNGE0ODg3ZGU1NDklMjUzQTB4NDc1MGYwZDlhYTczNWI1YyUyMTJzVG9ydG9zYSUyNTJDJTJCVGFycmFnb25hJTIxNWUwJTIxM20yJTIxMXNjYSUyMTJzZXMlMjE0djE1MjAyNDYxMTUwOTQlMjIlMjB3aWR0aCUzRCUyMjYwMCUyMiUyMGhlaWdodCUzRCUyMjQ1MCUyMiUyMGZyYW1lYm9yZGVyJTNEJTIyMCUyMiUyMHN0eWxlJTNEJTIyYm9yZGVyJTNBMCUyMiUyMGFsbG93ZnVsbHNjcmVlbiUzRSUzQyUyRmlmcmFtZSUzRQ==\u00a0\u00bb][\/vc_column][vc_column width=\u00a0\u00bb1\/2&Prime;]<div class=\"vc-incubalia-text-1-column\"><h2 class=\"vc-incubalia-text-1-column__title\"><span class=\"first-word\">En<\/span> bus<\/h2><div class=\"vc-incubalia-text-1-column__text\">HIFE<\/p><br \/>\n<p>Carrer Rosa Maria Molas, s\/n<\/p><br \/>\n<p>43500 Tortosa<\/p><br \/>\n<p>Tel. 902 119 814<\/p><br \/>\n<p><a href=\"https:\/\/www.hife.es\/ca-ES\">Web<\/a><\/div><\/div><script>\n            (function($) {\n                $(function() {\n                    $(\".vc_col-sm-6\").parent(\".vc_row\").addClass(\"vc_layout_2\");\n                });\n            })(jQuery);\n            <\/script>[vc_gmaps link=\u00a0\u00bb#E-8_JTNDaWZyYW1lJTIwc3JjJTNEJTIyaHR0cHMlM0ElMkYlMkZ3d3cuZ29vZ2xlLmNvbSUyRm1hcHMlMkZlbWJlZCUzRnBiJTNEJTIxMW0xNCUyMTFtOCUyMTFtMyUyMTFkMTIwODAuMDk4NDM3ODUwOTAyJTIxMmQwLjUyMTYyNSUyMTNkNDAuODA1NDUzJTIxM20yJTIxMWkxMDI0JTIxMmk3NjglMjE0ZjEzLjElMjEzbTMlMjExbTIlMjExczB4MCUyNTNBMHg3ZjRiOTI2MzMxM2FjYzdiJTIxMnNBdXRvY2FyZXMlMkJIaWZlJTIxNWUwJTIxM20yJTIxMXNjYSUyMTJzZXMlMjE0djE1MjAyNDYxNTM0MjUlMjIlMjB3aWR0aCUzRCUyMjYwMCUyMiUyMGhlaWdodCUzRCUyMjQ1MCUyMiUyMGZyYW1lYm9yZGVyJTNEJTIyMCUyMiUyMHN0eWxlJTNEJTIyYm9yZGVyJTNBMCUyMiUyMGFsbG93ZnVsbHNjcmVlbiUzRSUzQyUyRmlmcmFtZSUzRQ==\u00a0\u00bb][\/vc_column][\/vc_row][vc_row][vc_column]<div class=\"vc-incubalia-text-title\"><h2 class=\"vc-incubalia-text-title__title\">En train<\/h2><\/div>[\/vc_column][\/vc_row][vc_row][vc_column width=\u00a0\u00bb1\/2&Prime;]<div class=\"vc-incubalia-text-1-column\"><h2 class=\"vc-incubalia-text-1-column__title\"><span class=\"first-word\">Estaci\u00f3<\/span> de Tortosa<\/h2><div class=\"vc-incubalia-text-1-column__text\">Trens Regionals<\/p><br \/>\n<p>Carrer Poeta Vicent Garc\u00eda, n\u00ba 6 i 12<\/p><br \/>\n<p>43500 Tortosa<\/p><br \/>\n<p>Tel. 912 320 320<\/p><br \/>\n<p><a href=\"http:\/\/rodalies.gencat.cat\/ca\/inici\/\">Web<\/a><\/div><\/div><script>\n            (function($) {\n                $(function() {\n                    $(\".vc_col-sm-6\").parent(\".vc_row\").addClass(\"vc_layout_2\");\n                });\n            })(jQuery);\n            <\/script>[vc_gmaps link=\u00a0\u00bb#E-8_JTNDaWZyYW1lJTIwc3JjJTNEJTIyaHR0cHMlM0ElMkYlMkZ3d3cuZ29vZ2xlLmNvbSUyRm1hcHMlMkZlbWJlZCUzRnBiJTNEJTIxMW0xNCUyMTFtOCUyMTFtMyUyMTFkMTIwNzkuNzU1MTMyMDQyMzc3JTIxMmQwLjUyMjkzNyUyMTNkNDAuODA3MzM5JTIxM20yJTIxMWkxMDI0JTIxMmk3NjglMjE0ZjEzLjElMjEzbTMlMjExbTIlMjExczB4MCUyNTNBMHhiNDRmMGQzNDhjM2Q3MmZiJTIxMnNUb3J0b3NhJTIxNWUwJTIxM20yJTIxMXNjYSUyMTJzZXMlMjE0djE1MjAyNDYzODE1MDMlMjIlMjB3aWR0aCUzRCUyMjYwMCUyMiUyMGhlaWdodCUzRCUyMjQ1MCUyMiUyMGZyYW1lYm9yZGVyJTNEJTIyMCUyMiUyMHN0eWxlJTNEJTIyYm9yZGVyJTNBMCUyMiUyMGFsbG93ZnVsbHNjcmVlbiUzRSUzQyUyRmlmcmFtZSUzRQ==\u00a0\u00bb][\/vc_column][vc_column width=\u00a0\u00bb1\/2&Prime;]<div class=\"vc-incubalia-text-1-column\"><h2 class=\"vc-incubalia-text-1-column__title\"><span class=\"first-word\">Estaci\u00f3<\/span> de l'Aldea-Amposta<\/h2><div class=\"vc-incubalia-text-1-column__text\">Trens Regionals, Euromed i llarga dist\u00e0ncia<\/p><br \/>\n<p>Arrabal de San Ram\u00f3n, S\/N<\/p><br \/>\n<p>43896 L&rsquo;Aldea<\/p><br \/>\n<p>Tel . 912 320 320<\/p><br \/>\n<p><a href=\"http:\/\/www.renfe.com\/\">Web<\/a><\/div><\/div><script>\n            (function($) {\n                $(function() {\n                    $(\".vc_col-sm-6\").parent(\".vc_row\").addClass(\"vc_layout_2\");\n                });\n            })(jQuery);\n            <\/script>[vc_gmaps link=\u00a0\u00bb#E-8_JTNDaWZyYW1lJTIwc3JjJTNEJTIyaHR0cHMlM0ElMkYlMkZ3d3cuZ29vZ2xlLmNvbSUyRm1hcHMlMkZlbWJlZCUzRnBiJTNEJTIxMW0xOCUyMTFtMTIlMjExbTMlMjExZDMwMjIuMzg1NDYxNTU3NzQ0MyUyMTJkMC42MTIxMjUzMTU2NjczNDgxJTIxM2Q0MC43NTM1NDYwNDMwMDkxNSUyMTJtMyUyMTFmMCUyMTJmMCUyMTNmMCUyMTNtMiUyMTFpMTAyNCUyMTJpNzY4JTIxNGYxMy4xJTIxM20zJTIxMW0yJTIxMXMweDEyYTEwMjYyNjk3YjgzMDUlMjUzQTB4YzlmNTY0NjdjMTdjYzdmYSUyMTJzTCUyNiUyMzM5JTNCQWxkZWEtQW1wb3N0YS1Ub3J0b3NhJTIxNWUwJTIxM20yJTIxMXNjYSUyMTJzZXMlMjE0djE1MjAyNDY0MTAwMTAlMjIlMjB3aWR0aCUzRCUyMjYwMCUyMiUyMGhlaWdodCUzRCUyMjQ1MCUyMiUyMGZyYW1lYm9yZGVyJTNEJTIyMCUyMiUyMHN0eWxlJTNEJTIyYm9yZGVyJTNBMCUyMiUyMGFsbG93ZnVsbHNjcmVlbiUzRSUzQyUyRmlmcmFtZSUzRQ==\u00a0\u00bb][\/vc_column][\/vc_row][vc_row][vc_column]<div class=\"vc-incubalia-text-title\"><h2 class=\"vc-incubalia-text-title__title\">A\u00e9roports<\/h2><\/div><div class=\"vc-incubalia-text-1-column-subtitle\"><div class=\"vc-incubalia-text-1-column-subtitle__text\">L&rsquo;a\u00e9roport le plus proche est Reus, suivi de Barcelone et Valence, qui sont presque \u00e0 la m\u00eame distance. Cependant, les liaisons de transport en commun sont meilleures depuis Barcelone, car il y a des bus directs (<a href=\"https:\/\/www.hife.es\/ca-ES\/Paginas\/43\">Hife<\/a>) et \u00e0 la gare de Barcelone Sants.<\/div><\/div>[\/vc_column][\/vc_row][vc_row][vc_column width=\u00a0\u00bb1\/2&Prime;]<div class=\"vc-incubalia-text-1-column\"><h2 class=\"vc-incubalia-text-1-column__title\"><span class=\"first-word\">A\u00e9roport<\/span> de Reus<\/h2><div class=\"vc-incubalia-text-1-column__text\">\u00c0 80 Km<\/p><br \/>\n<p>AENA: 902 404 704<\/p><br \/>\n<p><a href=\"http:\/\/www.aena.es\/ca\/aeroport-reus\/reus.html\">Web<\/a><\/div><\/div><script>\n            (function($) {\n                $(function() {\n                    $(\".vc_col-sm-6\").parent(\".vc_row\").addClass(\"vc_layout_2\");\n                });\n            })(jQuery);\n            <\/script>[vc_gmaps link=\u00a0\u00bb#E-8_JTNDaWZyYW1lJTIwc3JjJTNEJTIyaHR0cHMlM0ElMkYlMkZ3d3cuZ29vZ2xlLmNvbSUyRm1hcHMlMkZlbWJlZCUzRnBiJTNEJTIxMW0xOCUyMTFtMTIlMjExbTMlMjExZDMwMDQuNDA1OTM4ODExMDM3JTIxMmQxLjE2MzA5MjUxNTY3NjA3OCUyMTNkNDEuMTQ3NDkyNzE4Nzk0OTE1JTIxMm0zJTIxMWYwJTIxMmYwJTIxM2YwJTIxM20yJTIxMWkxMDI0JTIxMmk3NjglMjE0ZjEzLjElMjEzbTMlMjExbTIlMjExczB4MTJhMTU3MTljNGNlMDFjOSUyNTNBMHhhNzAwZjgxYzVlNmQ2NzU3JTIxMnNBZXJvcG9ydCUyQmRlJTJCUmV1cyUyMTVlMCUyMTNtMiUyMTFzY2ElMjEyc2VzJTIxNHYxNTIwMjQ2OTUzOTEwJTIyJTIwd2lkdGglM0QlMjI2MDAlMjIlMjBoZWlnaHQlM0QlMjI0NTAlMjIlMjBmcmFtZWJvcmRlciUzRCUyMjAlMjIlMjBzdHlsZSUzRCUyMmJvcmRlciUzQTAlMjIlMjBhbGxvd2Z1bGxzY3JlZW4lM0UlM0MlMkZpZnJhbWUlM0U=\u00a0\u00bb][\/vc_column][vc_column width=\u00a0\u00bb1\/2&Prime;]<div class=\"vc-incubalia-text-1-column\"><h2 class=\"vc-incubalia-text-1-column__title\"><span class=\"first-word\">A\u00e9roport<\/span> de Barcelona<\/h2><div class=\"vc-incubalia-text-1-column__text\">\u00c0 180 Km<\/p><br \/>\n<p>AENA: 902 404 704<\/p><br \/>\n<p><a href=\"http:\/\/www.aena.es\/ca\/aeroport-barcelona\/index.html\">Web<\/a><\/div><\/div><script>\n            (function($) {\n                $(function() {\n                    $(\".vc_col-sm-6\").parent(\".vc_row\").addClass(\"vc_layout_2\");\n                });\n            })(jQuery);\n            <\/script>[vc_gmaps link=\u00a0\u00bb#E-8_JTNDaWZyYW1lJTIwc3JjJTNEJTIyaHR0cHMlM0ElMkYlMkZ3d3cuZ29vZ2xlLmNvbSUyRm1hcHMlMkZlbWJlZCUzRnBiJTNEJTIxMW0xNCUyMTFtOCUyMTFtMyUyMTFkMTE5OTAuMDk5MzA3NDg4OTQzJTIxMmQyLjA4MzI5NDElMjEzZDQxLjI5NzQ0NSUyMTNtMiUyMTFpMTAyNCUyMTJpNzY4JTIxNGYxMy4xJTIxM20zJTIxMW0yJTIxMXMweDAlMjUzQTB4ZjMyYmU5NDJmYjZmOWJkNyUyMTJzQWVyb3BvcnQlMkJkZSUyQkJhcmNlbG9uYS1FbCUyQlByYXQlMjE1ZTAlMjEzbTIlMjExc2NhJTIxMnNlcyUyMTR2MTUyMDI0NjkzNTEyMSUyMiUyMHdpZHRoJTNEJTIyNjAwJTIyJTIwaGVpZ2h0JTNEJTIyNDUwJTIyJTIwZnJhbWVib3JkZXIlM0QlMjIwJTIyJTIwc3R5bGUlM0QlMjJib3JkZXIlM0EwJTIyJTIwYWxsb3dmdWxsc2NyZWVuJTNFJTNDJTJGaWZyYW1lJTNF\u00a0\u00bb][\/vc_column][\/vc_row][vc_row][vc_column]<div class=\"vc-incubalia-spacer-half\"><\/div>[\/vc_column][\/vc_row][vc_row][vc_column width=\u00a0\u00bb1\/2&Prime;]<div class=\"vc-incubalia-text-1-column\"><h2 class=\"vc-incubalia-text-1-column__title\"><span class=\"first-word\">A\u00e9roport<\/span> de Val\u00e8ncia<\/h2><div class=\"vc-incubalia-text-1-column__text\">\u00c0 188 Km<\/p><br \/>\n<p>AENA: 902 404 704<\/p><br \/>\n<p><a href=\"http:\/\/www.aena.es\/va\/aeroport-valencia\/index.html\">Web<\/a><\/div><\/div><script>\n            (function($) {\n                $(function() {\n                    $(\".vc_col-sm-6\").parent(\".vc_row\").addClass(\"vc_layout_2\");\n                });\n            })(jQuery);\n            <\/script>[vc_gmaps link=\u00a0\u00bb#E-8_JTNDaWZyYW1lJTIwc3JjJTNEJTIyaHR0cHMlM0ElMkYlMkZ3d3cuZ29vZ2xlLmNvbSUyRm1hcHMlMkZlbWJlZCUzRnBiJTNEJTIxMW0xNCUyMTFtOCUyMTFtMyUyMTFkMTIzMTYuNDc1MDY5NTE0ODE0JTIxMmQtMC40NzgwMjU2JTIxM2QzOS40ODkyMzI3JTIxM20yJTIxMWkxMDI0JTIxMmk3NjglMjE0ZjEzLjElMjEzbTMlMjExbTIlMjExczB4MCUyNTNBMHg0Y2MyYjdmZmFhYjEwMTgyJTIxMnNBZXJvcHVlcnRvJTJCZGUlMkJWYWxlbmNpYSUyMTVlMCUyMTNtMiUyMTFzY2ElMjEyc2VzJTIxNHYxNTIwMjQ3MTc4NjYyJTIyJTIwd2lkdGglM0QlMjI2MDAlMjIlMjBoZWlnaHQlM0QlMjI0NTAlMjIlMjBmcmFtZWJvcmRlciUzRCUyMjAlMjIlMjBzdHlsZSUzRCUyMmJvcmRlciUzQTAlMjIlMjBhbGxvd2Z1bGxzY3JlZW4lM0UlM0MlMkZpZnJhbWUlM0U=\u00a0\u00bb][\/vc_column][vc_column width=\u00a0\u00bb1\/2&Prime;][\/vc_column][\/vc_row]<\/p>\n","protected":false},"excerpt":{"rendered":"<p>[vc_row][vc_column][\/vc_column][\/vc_row][vc_row][vc_column width=\u00a0\u00bb1\/2&Prime;][vc_gmaps link=\u00a0\u00bb#E-8_JTNDaWZyYW1lJTIwc3JjJTNEJTIyaHR0cHMlM0ElMkYlMkZ3d3cuZ29vZ2xlLmNvbSUyRm1hcHMlMkZlbWJlZCUzRnBiJTNEJTIxMW0xOCUyMTFtMTIlMjExbTMlMjExZDI0MTU5Ljk2Mzc2MzIyNTQyMyUyMTJkMC41MDM1MDc4MDkzMTE0MjQ1JTIxM2Q0MC44MDYwOTMzMjY1NzY0MyUyMTJtMyUyMTFmMCUyMTJmMCUyMTNmMCUyMTNtMiUyMTFpMTAyNCUyMTJpNzY4JTIxNGYxMy4xJTIxM20zJTIxMW0yJTIxMXMweDEyYTBlNGE0ODg3ZGU1NDklMjUzQTB4NDc1MGYwZDlhYTczNWI1YyUyMTJzVG9ydG9zYSUyNTJDJTJCVGFycmFnb25hJTIxNWUwJTIxM20yJTIxMXNjYSUyMTJzZXMlMjE0djE1MjAyNDYxMTUwOTQlMjIlMjB3aWR0aCUzRCUyMjYwMCUyMiUyMGhlaWdodCUzRCUyMjQ1MCUyMiUyMGZyYW1lYm9yZGVyJTNEJTIyMCUyMiUyMHN0eWxlJTNEJTIyYm9yZGVyJTNBMCUyMiUyMGFsbG93ZnVsbHNjcmVlbiUzRSUzQyUyRmlmcmFtZSUzRQ==\u00a0\u00bb][\/vc_column][vc_column width=\u00a0\u00bb1\/2&Prime;][vc_gmaps link=\u00a0\u00bb#E-8_JTNDaWZyYW1lJTIwc3JjJTNEJTIyaHR0cHMlM0ElMkYlMkZ3d3cuZ29vZ2xlLmNvbSUyRm1hcHMlMkZlbWJlZCUzRnBiJTNEJTIxMW0xNCUyMTFtOCUyMTFtMyUyMTFkMTIwODAuMDk4NDM3ODUwOTAyJTIxMmQwLjUyMTYyNSUyMTNkNDAuODA1NDUzJTIxM20yJTIxMWkxMDI0JTIxMmk3NjglMjE0ZjEzLjElMjEzbTMlMjExbTIlMjExczB4MCUyNTNBMHg3ZjRiOTI2MzMxM2FjYzdiJTIxMnNBdXRvY2FyZXMlMkJIaWZlJTIxNWUwJTIxM20yJTIxMXNjYSUyMTJzZXMlMjE0djE1MjAyNDYxNTM0MjUlMjIlMjB3aWR0aCUzRCUyMjYwMCUyMiUyMGhlaWdodCUzRCUyMjQ1MCUyMiUyMGZyYW1lYm9yZGVyJTNEJTIyMCUyMiUyMHN0eWxlJTNEJTIyYm9yZGVyJTNBMCUyMiUyMGFsbG93ZnVsbHNjcmVlbiUzRSUzQyUyRmlmcmFtZSUzRQ==\u00a0\u00bb][\/vc_column][\/vc_row][vc_row][vc_column][\/vc_column][\/vc_row][vc_row][vc_column width=\u00a0\u00bb1\/2&Prime;][vc_gmaps link=\u00a0\u00bb#E-8_JTNDaWZyYW1lJTIwc3JjJTNEJTIyaHR0cHMlM0ElMkYlMkZ3d3cuZ29vZ2xlLmNvbSUyRm1hcHMlMkZlbWJlZCUzRnBiJTNEJTIxMW0xNCUyMTFtOCUyMTFtMyUyMTFkMTIwNzkuNzU1MTMyMDQyMzc3JTIxMmQwLjUyMjkzNyUyMTNkNDAuODA3MzM5JTIxM20yJTIxMWkxMDI0JTIxMmk3NjglMjE0ZjEzLjElMjEzbTMlMjExbTIlMjExczB4MCUyNTNBMHhiNDRmMGQzNDhjM2Q3MmZiJTIxMnNUb3J0b3NhJTIxNWUwJTIxM20yJTIxMXNjYSUyMTJzZXMlMjE0djE1MjAyNDYzODE1MDMlMjIlMjB3aWR0aCUzRCUyMjYwMCUyMiUyMGhlaWdodCUzRCUyMjQ1MCUyMiUyMGZyYW1lYm9yZGVyJTNEJTIyMCUyMiUyMHN0eWxlJTNEJTIyYm9yZGVyJTNBMCUyMiUyMGFsbG93ZnVsbHNjcmVlbiUzRSUzQyUyRmlmcmFtZSUzRQ==\u00a0\u00bb][\/vc_column][vc_column width=\u00a0\u00bb1\/2&Prime;][vc_gmaps link=\u00a0\u00bb#E-8_JTNDaWZyYW1lJTIwc3JjJTNEJTIyaHR0cHMlM0ElMkYlMkZ3d3cuZ29vZ2xlLmNvbSUyRm1hcHMlMkZlbWJlZCUzRnBiJTNEJTIxMW0xOCUyMTFtMTIlMjExbTMlMjExZDMwMjIuMzg1NDYxNTU3NzQ0MyUyMTJkMC42MTIxMjUzMTU2NjczNDgxJTIxM2Q0MC43NTM1NDYwNDMwMDkxNSUyMTJtMyUyMTFmMCUyMTJmMCUyMTNmMCUyMTNtMiUyMTFpMTAyNCUyMTJpNzY4JTIxNGYxMy4xJTIxM20zJTIxMW0yJTIxMXMweDEyYTEwMjYyNjk3YjgzMDUlMjUzQTB4YzlmNTY0NjdjMTdjYzdmYSUyMTJzTCUyNiUyMzM5JTNCQWxkZWEtQW1wb3N0YS1Ub3J0b3NhJTIxNWUwJTIxM20yJTIxMXNjYSUyMTJzZXMlMjE0djE1MjAyNDY0MTAwMTAlMjIlMjB3aWR0aCUzRCUyMjYwMCUyMiUyMGhlaWdodCUzRCUyMjQ1MCUyMiUyMGZyYW1lYm9yZGVyJTNEJTIyMCUyMiUyMHN0eWxlJTNEJTIyYm9yZGVyJTNBMCUyMiUyMGFsbG93ZnVsbHNjcmVlbiUzRSUzQyUyRmlmcmFtZSUzRQ==\u00a0\u00bb][\/vc_column][\/vc_row][vc_row][vc_column][\/vc_column][\/vc_row][vc_row][vc_column width=\u00a0\u00bb1\/2&Prime;][vc_gmaps link=\u00a0\u00bb#E-8_JTNDaWZyYW1lJTIwc3JjJTNEJTIyaHR0cHMlM0ElMkYlMkZ3d3cuZ29vZ2xlLmNvbSUyRm1hcHMlMkZlbWJlZCUzRnBiJTNEJTIxMW0xOCUyMTFtMTIlMjExbTMlMjExZDMwMDQuNDA1OTM4ODExMDM3JTIxMmQxLjE2MzA5MjUxNTY3NjA3OCUyMTNkNDEuMTQ3NDkyNzE4Nzk0OTE1JTIxMm0zJTIxMWYwJTIxMmYwJTIxM2YwJTIxM20yJTIxMWkxMDI0JTIxMmk3NjglMjE0ZjEzLjElMjEzbTMlMjExbTIlMjExczB4MTJhMTU3MTljNGNlMDFjOSUyNTNBMHhhNzAwZjgxYzVlNmQ2NzU3JTIxMnNBZXJvcG9ydCUyQmRlJTJCUmV1cyUyMTVlMCUyMTNtMiUyMTFzY2ElMjEyc2VzJTIxNHYxNTIwMjQ2OTUzOTEwJTIyJTIwd2lkdGglM0QlMjI2MDAlMjIlMjBoZWlnaHQlM0QlMjI0NTAlMjIlMjBmcmFtZWJvcmRlciUzRCUyMjAlMjIlMjBzdHlsZSUzRCUyMmJvcmRlciUzQTAlMjIlMjBhbGxvd2Z1bGxzY3JlZW4lM0UlM0MlMkZpZnJhbWUlM0U=\u00a0\u00bb][\/vc_column][vc_column width=\u00a0\u00bb1\/2&Prime;][vc_gmaps link=\u00a0\u00bb#E-8_JTNDaWZyYW1lJTIwc3JjJTNEJTIyaHR0cHMlM0ElMkYlMkZ3d3cuZ29vZ2xlLmNvbSUyRm1hcHMlMkZlbWJlZCUzRnBiJTNEJTIxMW0xNCUyMTFtOCUyMTFtMyUyMTFkMTE5OTAuMDk5MzA3NDg4OTQzJTIxMmQyLjA4MzI5NDElMjEzZDQxLjI5NzQ0NSUyMTNtMiUyMTFpMTAyNCUyMTJpNzY4JTIxNGYxMy4xJTIxM20zJTIxMW0yJTIxMXMweDAlMjUzQTB4ZjMyYmU5NDJmYjZmOWJkNyUyMTJzQWVyb3BvcnQlMkJkZSUyQkJhcmNlbG9uYS1FbCUyQlByYXQlMjE1ZTAlMjEzbTIlMjExc2NhJTIxMnNlcyUyMTR2MTUyMDI0NjkzNTEyMSUyMiUyMHdpZHRoJTNEJTIyNjAwJTIyJTIwaGVpZ2h0JTNEJTIyNDUwJTIyJTIwZnJhbWVib3JkZXIlM0QlMjIwJTIyJTIwc3R5bGUlM0QlMjJib3JkZXIlM0EwJTIyJTIwYWxsb3dmdWxsc2NyZWVuJTNFJTNDJTJGaWZyYW1lJTNF\u00a0\u00bb][\/vc_column][\/vc_row][vc_row][vc_column][\/vc_column][\/vc_row][vc_row][vc_column width=\u00a0\u00bb1\/2&Prime;][vc_gmaps link=\u00a0\u00bb#E-8_JTNDaWZyYW1lJTIwc3JjJTNEJTIyaHR0cHMlM0ElMkYlMkZ3d3cuZ29vZ2xlLmNvbSUyRm1hcHMlMkZlbWJlZCUzRnBiJTNEJTIxMW0xNCUyMTFtOCUyMTFtMyUyMTFkMTIzMTYuNDc1MDY5NTE0ODE0JTIxMmQtMC40NzgwMjU2JTIxM2QzOS40ODkyMzI3JTIxM20yJTIxMWkxMDI0JTIxMmk3NjglMjE0ZjEzLjElMjEzbTMlMjExbTIlMjExczB4MCUyNTNBMHg0Y2MyYjdmZmFhYjEwMTgyJTIxMnNBZXJvcHVlcnRvJTJCZGUlMkJWYWxlbmNpYSUyMTVlMCUyMTNtMiUyMTFzY2ElMjEyc2VzJTIxNHYxNTIwMjQ3MTc4NjYyJTIyJTIwd2lkdGglM0QlMjI2MDAlMjIlMjBoZWlnaHQlM0QlMjI0NTAlMjIlMjBmcmFtZWJvcmRlciUzRCUyMjAlMjIlMjBzdHlsZSUzRCUyMmJvcmRlciUzQTAlMjIlMjBhbGxvd2Z1bGxzY3JlZW4lM0UlM0MlMkZpZnJhbWUlM0U=\u00a0\u00bb][\/vc_column][vc_column width=\u00a0\u00bb1\/2&Prime;][\/vc_column][\/vc_row]<\/p>\n","protected":false},"author":2,"featured_media":0,"parent":0,"menu_order":238,"comment_status":"closed","ping_status":"closed","template":"","meta":{"footnotes":""},"class_list":["post-6797","page","type-page","status-publish","hentry"],"acf":[],"yoast_head":"<!-- This site is optimized with the Yoast SEO plugin v27.5 - https:\/\/yoast.com\/product\/yoast-seo-wordpress\/ -->\n<title>La a - Tortosa Turisme<\/title>\n<meta name=\"description\" content=\"Les diferents rutes i informaci\u00f3 necess\u00e0ries per poder arribar a Tortosa.\" \/>\n<meta name=\"robots\" content=\"index, follow, max-snippet:-1, max-image-preview:large, max-video-preview:-1\" \/>\n<link rel=\"canonical\" href=\"https:\/\/www.tortosaturisme.cat\/fr\/comment-arriver\/\" \/>\n<meta property=\"og:locale\" content=\"fr_FR\" \/>\n<meta property=\"og:type\" content=\"article\" \/>\n<meta property=\"og:title\" content=\"La a - Tortosa Turisme\" \/>\n<meta property=\"og:description\" content=\"Les diferents rutes i informaci\u00f3 necess\u00e0ries per poder arribar a Tortosa.\" \/>\n<meta property=\"og:url\" content=\"https:\/\/www.tortosaturisme.cat\/fr\/comment-arriver\/\" \/>\n<meta property=\"og:site_name\" content=\"tortosaturisme\" \/>\n<meta property=\"article:modified_time\" content=\"2023-05-22T09:13:49+00:00\" \/>\n<meta name=\"twitter:card\" content=\"summary_large_image\" \/>\n<meta name=\"twitter:label1\" content=\"Dur\u00e9e de lecture estim\u00e9e\" \/>\n\t<meta name=\"twitter:data1\" content=\"3 minutes\" \/>\n<script type=\"application\/ld+json\" class=\"yoast-schema-graph\">{\"@context\":\"https:\\\/\\\/schema.org\",\"@graph\":[{\"@type\":\"WebPage\",\"@id\":\"https:\\\/\\\/www.tortosaturisme.cat\\\/fr\\\/comment-arriver\\\/\",\"url\":\"https:\\\/\\\/www.tortosaturisme.cat\\\/fr\\\/comment-arriver\\\/\",\"name\":\"La a - Tortosa Turisme\",\"isPartOf\":{\"@id\":\"https:\\\/\\\/www.tortosaturisme.cat\\\/fr\\\/#website\"},\"datePublished\":\"2018-03-05T10:54:43+00:00\",\"dateModified\":\"2023-05-22T09:13:49+00:00\",\"description\":\"Les diferents rutes i informaci\u00f3 necess\u00e0ries per poder arribar a Tortosa.\",\"breadcrumb\":{\"@id\":\"https:\\\/\\\/www.tortosaturisme.cat\\\/fr\\\/comment-arriver\\\/#breadcrumb\"},\"inLanguage\":\"fr-FR\",\"potentialAction\":[{\"@type\":\"ReadAction\",\"target\":[\"https:\\\/\\\/www.tortosaturisme.cat\\\/fr\\\/comment-arriver\\\/\"]}]},{\"@type\":\"BreadcrumbList\",\"@id\":\"https:\\\/\\\/www.tortosaturisme.cat\\\/fr\\\/comment-arriver\\\/#breadcrumb\",\"itemListElement\":[{\"@type\":\"ListItem\",\"position\":1,\"name\":\"Home\",\"item\":\"https:\\\/\\\/www.tortosaturisme.cat\\\/fr\\\/home-page\\\/\"},{\"@type\":\"ListItem\",\"position\":2,\"name\":\"Comment arriver\"}]},{\"@type\":\"WebSite\",\"@id\":\"https:\\\/\\\/www.tortosaturisme.cat\\\/fr\\\/#website\",\"url\":\"https:\\\/\\\/www.tortosaturisme.cat\\\/fr\\\/\",\"name\":\"tortosaturisme\",\"description\":\"Otro sitio realizado con WordPress\",\"potentialAction\":[{\"@type\":\"SearchAction\",\"target\":{\"@type\":\"EntryPoint\",\"urlTemplate\":\"https:\\\/\\\/www.tortosaturisme.cat\\\/fr\\\/?s={search_term_string}\"},\"query-input\":{\"@type\":\"PropertyValueSpecification\",\"valueRequired\":true,\"valueName\":\"search_term_string\"}}],\"inLanguage\":\"fr-FR\"}]}<\/script>\n<!-- \/ Yoast SEO plugin. -->","yoast_head_json":{"title":"La a - Tortosa Turisme","description":"Les diferents rutes i informaci\u00f3 necess\u00e0ries per poder arribar a Tortosa.","robots":{"index":"index","follow":"follow","max-snippet":"max-snippet:-1","max-image-preview":"max-image-preview:large","max-video-preview":"max-video-preview:-1"},"canonical":"https:\/\/www.tortosaturisme.cat\/fr\/comment-arriver\/","og_locale":"fr_FR","og_type":"article","og_title":"La a - Tortosa Turisme","og_description":"Les diferents rutes i informaci\u00f3 necess\u00e0ries per poder arribar a Tortosa.","og_url":"https:\/\/www.tortosaturisme.cat\/fr\/comment-arriver\/","og_site_name":"tortosaturisme","article_modified_time":"2023-05-22T09:13:49+00:00","twitter_card":"summary_large_image","twitter_misc":{"Dur\u00e9e de lecture estim\u00e9e":"3 minutes"},"schema":{"@context":"https:\/\/schema.org","@graph":[{"@type":"WebPage","@id":"https:\/\/www.tortosaturisme.cat\/fr\/comment-arriver\/","url":"https:\/\/www.tortosaturisme.cat\/fr\/comment-arriver\/","name":"La a - Tortosa Turisme","isPartOf":{"@id":"https:\/\/www.tortosaturisme.cat\/fr\/#website"},"datePublished":"2018-03-05T10:54:43+00:00","dateModified":"2023-05-22T09:13:49+00:00","description":"Les diferents rutes i informaci\u00f3 necess\u00e0ries per poder arribar a Tortosa.","breadcrumb":{"@id":"https:\/\/www.tortosaturisme.cat\/fr\/comment-arriver\/#breadcrumb"},"inLanguage":"fr-FR","potentialAction":[{"@type":"ReadAction","target":["https:\/\/www.tortosaturisme.cat\/fr\/comment-arriver\/"]}]},{"@type":"BreadcrumbList","@id":"https:\/\/www.tortosaturisme.cat\/fr\/comment-arriver\/#breadcrumb","itemListElement":[{"@type":"ListItem","position":1,"name":"Home","item":"https:\/\/www.tortosaturisme.cat\/fr\/home-page\/"},{"@type":"ListItem","position":2,"name":"Comment arriver"}]},{"@type":"WebSite","@id":"https:\/\/www.tortosaturisme.cat\/fr\/#website","url":"https:\/\/www.tortosaturisme.cat\/fr\/","name":"tortosaturisme","description":"Otro sitio realizado con WordPress","potentialAction":[{"@type":"SearchAction","target":{"@type":"EntryPoint","urlTemplate":"https:\/\/www.tortosaturisme.cat\/fr\/?s={search_term_string}"},"query-input":{"@type":"PropertyValueSpecification","valueRequired":true,"valueName":"search_term_string"}}],"inLanguage":"fr-FR"}]}},"_links":{"self":[{"href":"https:\/\/www.tortosaturisme.cat\/fr\/wp-json\/wp\/v2\/pages\/6797","targetHints":{"allow":["GET"]}}],"collection":[{"href":"https:\/\/www.tortosaturisme.cat\/fr\/wp-json\/wp\/v2\/pages"}],"about":[{"href":"https:\/\/www.tortosaturisme.cat\/fr\/wp-json\/wp\/v2\/types\/page"}],"author":[{"embeddable":true,"href":"https:\/\/www.tortosaturisme.cat\/fr\/wp-json\/wp\/v2\/users\/2"}],"replies":[{"embeddable":true,"href":"https:\/\/www.tortosaturisme.cat\/fr\/wp-json\/wp\/v2\/comments?post=6797"}],"version-history":[{"count":6,"href":"https:\/\/www.tortosaturisme.cat\/fr\/wp-json\/wp\/v2\/pages\/6797\/revisions"}],"predecessor-version":[{"id":33741,"href":"https:\/\/www.tortosaturisme.cat\/fr\/wp-json\/wp\/v2\/pages\/6797\/revisions\/33741"}],"wp:attachment":[{"href":"https:\/\/www.tortosaturisme.cat\/fr\/wp-json\/wp\/v2\/media?parent=6797"}],"curies":[{"name":"wp","href":"https:\/\/api.w.org\/{rel}","templated":true}]}}