{"id":6800,"date":"2018-03-05T11:16:08","date_gmt":"2018-03-05T11:16:08","guid":{"rendered":"https:\/\/www.tortosaturisme.cat\/fr\/com-mouret\/"},"modified":"2021-07-20T16:10:15","modified_gmt":"2021-07-20T16:10:15","slug":"comment-se-deplacer","status":"publish","type":"page","link":"https:\/\/www.tortosaturisme.cat\/fr\/comment-se-deplacer\/","title":{"rendered":"Comment se d\u00e9placer"},"content":{"rendered":"<p>[vc_row][vc_column]<div class=\"vc-incubalia-medium-header\"><h1 class=\"vc-incubalia-medium-header__title\">Comment se d\u00e9placer<\/h1><img decoding=\"async\" class=\"vc-incubalia-medium-header__mobile-picture\" src=\"https:\/\/www.tortosaturisme.cat\/wp-content\/uploads\/2018\/03\/1-com-moure-t-mb.jpg\">\n                  <img decoding=\"async\" class=\"vc-incubalia-medium-header__desktop-picture\" src=\"https:\/\/www.tortosaturisme.cat\/wp-content\/uploads\/2018\/03\/1-com-moure-t-ds.jpg\"><\/div>[\/vc_column][\/vc_row][vc_row][vc_column width=\u00a0\u00bb1\/2&Prime;]<div class=\"vc-incubalia-text-1-column\"><h2 class=\"vc-incubalia-text-1-column__title\"><span class=\"first-word\">En<\/span> bus<\/h2><div class=\"vc-incubalia-text-1-column__text\">Lignes<\/p><br \/>\n<p><strong>L-1 Centre &#8211; Ferreries &#8211; Jes\u00fas \u2013 Roquetes<br \/><br \/>\n<\/strong><\/p><br \/>\n<p>Du lundi au vendredi: \u00e0 7h10, 7h20, 7h40, 7h55, 8h20, successivement jusqu&rsquo;\u00e0 &#8230; 20h10, 20h20, 20h40<br \/><br \/>\nLes samedis: toutes les 30 minutes de 7h15 \u00e0 20h45<br \/><br \/>\nJours f\u00e9ri\u00e9s: toutes les 30 minutes de 9h15 \u00e0 20h45<\/p><br \/>\n<p><strong>L-2 Tortosa centre-Sant Ll\u00e0tzer &#8211; Hospital V. Cinta<br \/><br \/>\n<\/strong>Du lundi au vendredi\u00a0d&rsquo;affaires (sauf ao\u00fbt)<\/p><br \/>\n<p><strong>L-3 Tortosa centre-Rastre-Remolins<br \/><br \/>\n<\/strong>Du lundi au vendredi d&rsquo;affaires (sauf ao\u00fbt)<\/p><br \/>\n<p><strong>L-D Tortosa centre-Sant Ll\u00e0tzer -Rastre-Remolins<br \/><br \/>\n<\/strong>Samedis d&rsquo;affaires (sauf ao\u00fbt)<\/p><br \/>\n<p><strong>Bus Llan\u00e7adora<br \/><br \/>\n<\/strong>Parking Bus &#8211; Estaci\u00f3 Bus Hife &#8211; Hospital V. de la Cinta<br \/><br \/>\nDu lundi au vendredi d&rsquo;affaires<\/p><br \/>\n<p>&nbsp;<\/p><br \/>\n<p>Arr\u00eats, horaires et tarifs\u00a0<a href=\"http:\/\/www.hife.es\/ca-ES\/LineaUrbana\/8\">web Hife<\/a><\/p><br \/>\n<p>&nbsp;<\/p><br \/>\n<p><\/div><\/div><script>\n            (function($) {\n                $(function() {\n                    $(\".vc_col-sm-6\").parent(\".vc_row\").addClass(\"vc_layout_2\");\n                });\n            })(jQuery);\n            <\/script>[\/vc_column][vc_column width=\u00a0\u00bb1\/2&Prime;]<div class=\"vc-incubalia-text-1-column\"><h2 class=\"vc-incubalia-text-1-column__title\"><span class=\"first-word\">En<\/span> v\u00e9hicule priv\u00e9<\/h2><div class=\"vc-incubalia-text-1-column__text\"><strong>Parkings<\/strong><\/p><br \/>\n<p>Parking du Centre historique<br \/><br \/>\nPlace Alfonso XII<br \/><br \/>\nPlace Carrilet<\/p><br \/>\n<p><strong>Aires de stationnement dissuasives<\/strong><strong><br \/><br \/>\n<\/strong>Avenue Remolins avec \u00ab\u00a0Pavell\u00f3 Firal\u00a0\u00bb<br \/><br \/>\nRambla Pompeu Fabra avec Carrer Comer\u00e7<br \/><br \/>\nMoss\u00e8n Many\u00e0 avec Pont del Mil\u00b7lenari<\/div><\/div><script>\n            (function($) {\n                $(function() {\n                    $(\".vc_col-sm-6\").parent(\".vc_row\").addClass(\"vc_layout_2\");\n                });\n            })(jQuery);\n            <\/script><div class=\"vc-incubalia-text-1-column\"><h2 class=\"vc-incubalia-text-1-column__title\"><span class=\"first-word\">En<\/span> taxi<\/h2><div class=\"vc-incubalia-text-1-column__text\"><strong>Taxi Corbal\u00e1n<br \/><br \/>\n<\/strong>Avinguda de la Generalitat, 22<br \/><br \/>\nTel. 609 34 60 66 \/ 696 083 323<br \/><br \/>\nEmail: taxicorbalan@outlook.com<br \/><br \/>\n<a href=\"http:\/\/www.taxicorbalan.com\/\">Web<\/a><\/p><br \/>\n<p><strong>Taxi Juan Trigo<br \/><br \/>\n<\/strong>Carrer Ampolla, 2 &#8211; esc. B, bajos, 1.\u00aa<br \/><br \/>\nTel. +34 610 33 42 45<br \/><br \/>\nEmail: taxijuantrigo@hotmail.es<br \/><br \/>\n<a href=\"http:\/\/www.taxitortosa.es\">Web<\/a><\/p><br \/>\n<p><strong>TDE Taxi<br \/><br \/>\n<\/strong>C\/ Argentina 9, 4t D<br \/><br \/>\nTel. +34 <a href=\"tel:+34618172343\">618 172 343<\/a><br \/><br \/>\nEmail: tdetaxi@tdetaxi.es<br \/><br \/>\n<a href=\"http:\/\/www.tdetaxi.com\">Web<\/a><\/div><\/div><script>\n            (function($) {\n                $(function() {\n                    $(\".vc_col-sm-6\").parent(\".vc_row\").addClass(\"vc_layout_2\");\n                });\n            })(jQuery);\n            <\/script>[\/vc_column][\/vc_row]<\/p>\n","protected":false},"excerpt":{"rendered":"<p>[vc_row][vc_column][\/vc_column][\/vc_row][vc_row][vc_column width=\u00a0\u00bb1\/2&Prime;][\/vc_column][vc_column width=\u00a0\u00bb1\/2&Prime;][\/vc_column][\/vc_row]<\/p>\n","protected":false},"author":2,"featured_media":0,"parent":0,"menu_order":234,"comment_status":"closed","ping_status":"closed","template":"","meta":{"footnotes":""},"class_list":["post-6800","page","type-page","status-publish","hentry"],"acf":[],"yoast_head":"<!-- This site is optimized with the Yoast SEO plugin v27.3 - https:\/\/yoast.com\/product\/yoast-seo-wordpress\/ -->\n<title>La manera m\u00e9s c\u00f2moda per moure&#039;t-hi - Tortosa Turisme<\/title>\n<meta name=\"description\" content=\"Els diferents serveis de transport disponibles per moure&#039;s per la ciutat.\" \/>\n<meta name=\"robots\" content=\"index, follow, max-snippet:-1, max-image-preview:large, max-video-preview:-1\" \/>\n<link rel=\"canonical\" href=\"https:\/\/www.tortosaturisme.cat\/fr\/comment-se-deplacer\/\" \/>\n<meta property=\"og:locale\" content=\"fr_FR\" \/>\n<meta property=\"og:type\" content=\"article\" \/>\n<meta property=\"og:title\" content=\"La manera m\u00e9s c\u00f2moda per moure&#039;t-hi - Tortosa Turisme\" \/>\n<meta property=\"og:description\" content=\"Els diferents serveis de transport disponibles per moure&#039;s per la ciutat.\" \/>\n<meta property=\"og:url\" content=\"https:\/\/www.tortosaturisme.cat\/fr\/comment-se-deplacer\/\" \/>\n<meta property=\"og:site_name\" content=\"tortosaturisme\" \/>\n<meta property=\"article:modified_time\" content=\"2021-07-20T16:10:15+00:00\" \/>\n<meta name=\"twitter:card\" content=\"summary_large_image\" \/>\n<meta name=\"twitter:label1\" content=\"Dur\u00e9e de lecture estim\u00e9e\" \/>\n\t<meta name=\"twitter:data1\" content=\"1 minute\" \/>\n<script type=\"application\/ld+json\" class=\"yoast-schema-graph\">{\"@context\":\"https:\\\/\\\/schema.org\",\"@graph\":[{\"@type\":\"WebPage\",\"@id\":\"https:\\\/\\\/www.tortosaturisme.cat\\\/fr\\\/comment-se-deplacer\\\/\",\"url\":\"https:\\\/\\\/www.tortosaturisme.cat\\\/fr\\\/comment-se-deplacer\\\/\",\"name\":\"La manera m\u00e9s c\u00f2moda per moure't-hi - Tortosa Turisme\",\"isPartOf\":{\"@id\":\"https:\\\/\\\/www.tortosaturisme.cat\\\/fr\\\/#website\"},\"datePublished\":\"2018-03-05T11:16:08+00:00\",\"dateModified\":\"2021-07-20T16:10:15+00:00\",\"description\":\"Els diferents serveis de transport disponibles per moure's per la ciutat.\",\"breadcrumb\":{\"@id\":\"https:\\\/\\\/www.tortosaturisme.cat\\\/fr\\\/comment-se-deplacer\\\/#breadcrumb\"},\"inLanguage\":\"fr-FR\",\"potentialAction\":[{\"@type\":\"ReadAction\",\"target\":[\"https:\\\/\\\/www.tortosaturisme.cat\\\/fr\\\/comment-se-deplacer\\\/\"]}]},{\"@type\":\"BreadcrumbList\",\"@id\":\"https:\\\/\\\/www.tortosaturisme.cat\\\/fr\\\/comment-se-deplacer\\\/#breadcrumb\",\"itemListElement\":[{\"@type\":\"ListItem\",\"position\":1,\"name\":\"Home\",\"item\":\"https:\\\/\\\/www.tortosaturisme.cat\\\/fr\\\/home-page\\\/\"},{\"@type\":\"ListItem\",\"position\":2,\"name\":\"Comment se d\u00e9placer\"}]},{\"@type\":\"WebSite\",\"@id\":\"https:\\\/\\\/www.tortosaturisme.cat\\\/fr\\\/#website\",\"url\":\"https:\\\/\\\/www.tortosaturisme.cat\\\/fr\\\/\",\"name\":\"tortosaturisme\",\"description\":\"Otro sitio realizado con WordPress\",\"potentialAction\":[{\"@type\":\"SearchAction\",\"target\":{\"@type\":\"EntryPoint\",\"urlTemplate\":\"https:\\\/\\\/www.tortosaturisme.cat\\\/fr\\\/?s={search_term_string}\"},\"query-input\":{\"@type\":\"PropertyValueSpecification\",\"valueRequired\":true,\"valueName\":\"search_term_string\"}}],\"inLanguage\":\"fr-FR\"}]}<\/script>\n<!-- \/ Yoast SEO plugin. -->","yoast_head_json":{"title":"La manera m\u00e9s c\u00f2moda per moure't-hi - Tortosa Turisme","description":"Els diferents serveis de transport disponibles per moure's per la ciutat.","robots":{"index":"index","follow":"follow","max-snippet":"max-snippet:-1","max-image-preview":"max-image-preview:large","max-video-preview":"max-video-preview:-1"},"canonical":"https:\/\/www.tortosaturisme.cat\/fr\/comment-se-deplacer\/","og_locale":"fr_FR","og_type":"article","og_title":"La manera m\u00e9s c\u00f2moda per moure't-hi - Tortosa Turisme","og_description":"Els diferents serveis de transport disponibles per moure's per la ciutat.","og_url":"https:\/\/www.tortosaturisme.cat\/fr\/comment-se-deplacer\/","og_site_name":"tortosaturisme","article_modified_time":"2021-07-20T16:10:15+00:00","twitter_card":"summary_large_image","twitter_misc":{"Dur\u00e9e de lecture estim\u00e9e":"1 minute"},"schema":{"@context":"https:\/\/schema.org","@graph":[{"@type":"WebPage","@id":"https:\/\/www.tortosaturisme.cat\/fr\/comment-se-deplacer\/","url":"https:\/\/www.tortosaturisme.cat\/fr\/comment-se-deplacer\/","name":"La manera m\u00e9s c\u00f2moda per moure't-hi - Tortosa Turisme","isPartOf":{"@id":"https:\/\/www.tortosaturisme.cat\/fr\/#website"},"datePublished":"2018-03-05T11:16:08+00:00","dateModified":"2021-07-20T16:10:15+00:00","description":"Els diferents serveis de transport disponibles per moure's per la ciutat.","breadcrumb":{"@id":"https:\/\/www.tortosaturisme.cat\/fr\/comment-se-deplacer\/#breadcrumb"},"inLanguage":"fr-FR","potentialAction":[{"@type":"ReadAction","target":["https:\/\/www.tortosaturisme.cat\/fr\/comment-se-deplacer\/"]}]},{"@type":"BreadcrumbList","@id":"https:\/\/www.tortosaturisme.cat\/fr\/comment-se-deplacer\/#breadcrumb","itemListElement":[{"@type":"ListItem","position":1,"name":"Home","item":"https:\/\/www.tortosaturisme.cat\/fr\/home-page\/"},{"@type":"ListItem","position":2,"name":"Comment se d\u00e9placer"}]},{"@type":"WebSite","@id":"https:\/\/www.tortosaturisme.cat\/fr\/#website","url":"https:\/\/www.tortosaturisme.cat\/fr\/","name":"tortosaturisme","description":"Otro sitio realizado con WordPress","potentialAction":[{"@type":"SearchAction","target":{"@type":"EntryPoint","urlTemplate":"https:\/\/www.tortosaturisme.cat\/fr\/?s={search_term_string}"},"query-input":{"@type":"PropertyValueSpecification","valueRequired":true,"valueName":"search_term_string"}}],"inLanguage":"fr-FR"}]}},"_links":{"self":[{"href":"https:\/\/www.tortosaturisme.cat\/fr\/wp-json\/wp\/v2\/pages\/6800","targetHints":{"allow":["GET"]}}],"collection":[{"href":"https:\/\/www.tortosaturisme.cat\/fr\/wp-json\/wp\/v2\/pages"}],"about":[{"href":"https:\/\/www.tortosaturisme.cat\/fr\/wp-json\/wp\/v2\/types\/page"}],"author":[{"embeddable":true,"href":"https:\/\/www.tortosaturisme.cat\/fr\/wp-json\/wp\/v2\/users\/2"}],"replies":[{"embeddable":true,"href":"https:\/\/www.tortosaturisme.cat\/fr\/wp-json\/wp\/v2\/comments?post=6800"}],"version-history":[{"count":8,"href":"https:\/\/www.tortosaturisme.cat\/fr\/wp-json\/wp\/v2\/pages\/6800\/revisions"}],"predecessor-version":[{"id":17013,"href":"https:\/\/www.tortosaturisme.cat\/fr\/wp-json\/wp\/v2\/pages\/6800\/revisions\/17013"}],"wp:attachment":[{"href":"https:\/\/www.tortosaturisme.cat\/fr\/wp-json\/wp\/v2\/media?parent=6800"}],"curies":[{"name":"wp","href":"https:\/\/api.w.org\/{rel}","templated":true}]}}