{"id":6812,"date":"2018-03-12T11:03:10","date_gmt":"2018-03-12T11:03:10","guid":{"rendered":"https:\/\/www.tortosaturisme.cat\/fr\/planol-turistic\/"},"modified":"2020-11-07T15:44:02","modified_gmt":"2020-11-07T15:44:02","slug":"carte-touristique","status":"publish","type":"page","link":"https:\/\/www.tortosaturisme.cat\/fr\/carte-touristique\/","title":{"rendered":"carte touristique"},"content":{"rendered":"<p>[vc_row][vc_column]<div class=\"vc-incubalia-small-header\"><h1 class=\"vc-incubalia-small-header__title\">Carte touristique<\/h1><img decoding=\"async\" class=\"vc-incubalia-small-header__mobile-picture\" src=\"https:\/\/www.tortosaturisme.cat\/wp-content\/uploads\/2018\/03\/1-planol-turistic-mb.jpg\">\n                  <img decoding=\"async\" class=\"vc-incubalia-small-header__desktop-picture\" src=\"https:\/\/www.tortosaturisme.cat\/wp-content\/uploads\/2018\/03\/1-planol-turistic-ds.jpg\"><\/div>[\/vc_column][\/vc_row][vc_row][vc_column]<div class=\"vc-incubalia-text-1-column\"><h2 class=\"vc-incubalia-text-1-column__title\"><span class=\"first-word\">Pour<\/span> ne pas se perdre<\/h2><div class=\"vc-incubalia-text-1-column__text\"><strong>La carte touristique de Tortosa pr\u00e9sente des informations d\u00e9taill\u00e9es avec les principales zones de visite de la ville.<\/strong> C&rsquo;est une carte de grand format qui, lorsqu&rsquo;elle est imprim\u00e9e sur A4, a des difficult\u00e9s \u00e0 lire. Pour cette raison, nous vous offrons la possibilit\u00e9 de t\u00e9l\u00e9charger la carte en deux versions, une plus petite, format A4 avec le noyau historique et la rivi\u00e8re, et l&rsquo;autre version d&rsquo;affiche, pr\u00e9par\u00e9e pour imprimer la carte enti\u00e8re dans diff\u00e9rentes pages, puis unir dans un exercice divertissant d&rsquo;artisanat.<br \/><br \/>\n<strong>Nous vous rappelons que la carte touristique de la ville est disponible dans les diff\u00e9rents offices de tourisme de Tortosa et dans le m\u00eame h\u00f4tel de ville.<\/strong><\/div><\/div><script>\n            (function($) {\n                $(function() {\n                    $(\".vc_col-sm-6\").parent(\".vc_row\").addClass(\"vc_layout_2\");\n                });\n            })(jQuery);\n            <\/script>[\/vc_column][\/vc_row][vc_row][vc_column]<div class=\"vc-incubalia-3-black-boxes\"><h2 class=\"vc-incubalia-3-black-boxes__title\">T\u00e9l\u00e9charger la carte<\/h2><a class=\"vc-incubalia-3-black-boxes__box\" href=\"https:\/\/www.tortosaturisme.cat\/wp-content\/uploads\/2018\/08\/Planol-tur\u00edstic-Tortosa-A4.pdf\"><div class=\"vc-incubalia-3-black-boxes__box-title-container\"><p class=\"vc-incubalia-3-black-boxes__box-title\">Version standard<\/p><\/div><\/a><a class=\"vc-incubalia-3-black-boxes__box\" href=\"\/wp-content\/uploads\/2018\/03\/Planol-centre2.pdf\"><div class=\"vc-incubalia-3-black-boxes__box-title-container\"><p class=\"vc-incubalia-3-black-boxes__box-title\">Version A4 - Centre et rivi\u00e8re<\/p><\/div><\/a><a class=\"vc-incubalia-3-black-boxes__box\" href=\"\/wp-content\/uploads\/2018\/03\/planol-turisitc-cat-es-handmade.pdf\"><div class=\"vc-incubalia-3-black-boxes__box-title-container\"><p class=\"vc-incubalia-3-black-boxes__box-title\">Version poster<\/p><\/div><\/a><\/div>[\/vc_column][\/vc_row]<\/p>\n","protected":false},"excerpt":{"rendered":"<p>[vc_row][vc_column][\/vc_column][\/vc_row][vc_row][vc_column][\/vc_column][\/vc_row][vc_row][vc_column][\/vc_column][\/vc_row]<\/p>\n","protected":false},"author":2,"featured_media":0,"parent":0,"menu_order":211,"comment_status":"closed","ping_status":"closed","template":"","meta":{"footnotes":""},"class_list":["post-6812","page","type-page","status-publish","hentry"],"acf":[],"yoast_head":"<!-- This site is optimized with the Yoast SEO plugin v27.5 - https:\/\/yoast.com\/product\/yoast-seo-wordpress\/ -->\n<title>Pl\u00e0nol tur\u00edstic pdf - Tortosa Turisme - Ciutat del Renaixement<\/title>\n<meta name=\"description\" content=\"Pl\u00e0nol tur\u00edstic oficial de Tortosa en pdf amb tota la informaci\u00f3 per no perdre&#039;s i gaudir de la vostra visita a la ciutat. Us el podeu descarregar o recollir-lo en qualsevol oficina de Turisme de Tortosa o a l&#039;ajuntament. Tortosa, ciutat del Renaixement, cultiva l&#039;art de viure!\" \/>\n<meta name=\"robots\" content=\"index, follow, max-snippet:-1, max-image-preview:large, max-video-preview:-1\" \/>\n<link rel=\"canonical\" href=\"https:\/\/www.tortosaturisme.cat\/fr\/carte-touristique\/\" \/>\n<meta property=\"og:locale\" content=\"fr_FR\" \/>\n<meta property=\"og:type\" content=\"article\" \/>\n<meta property=\"og:title\" content=\"Pl\u00e0nol tur\u00edstic pdf - Tortosa Turisme - Ciutat del Renaixement\" \/>\n<meta property=\"og:description\" content=\"Pl\u00e0nol tur\u00edstic oficial de Tortosa en pdf amb tota la informaci\u00f3 per no perdre&#039;s i gaudir de la vostra visita a la ciutat. Us el podeu descarregar o recollir-lo en qualsevol oficina de Turisme de Tortosa o a l&#039;ajuntament. Tortosa, ciutat del Renaixement, cultiva l&#039;art de viure!\" \/>\n<meta property=\"og:url\" content=\"https:\/\/www.tortosaturisme.cat\/fr\/carte-touristique\/\" \/>\n<meta property=\"og:site_name\" content=\"tortosaturisme\" \/>\n<meta property=\"article:modified_time\" content=\"2020-11-07T15:44:02+00:00\" \/>\n<meta name=\"twitter:card\" content=\"summary_large_image\" \/>\n<meta name=\"twitter:label1\" content=\"Dur\u00e9e de lecture estim\u00e9e\" \/>\n\t<meta name=\"twitter:data1\" content=\"1 minute\" \/>\n<script type=\"application\/ld+json\" class=\"yoast-schema-graph\">{\"@context\":\"https:\\\/\\\/schema.org\",\"@graph\":[{\"@type\":\"WebPage\",\"@id\":\"https:\\\/\\\/www.tortosaturisme.cat\\\/fr\\\/carte-touristique\\\/\",\"url\":\"https:\\\/\\\/www.tortosaturisme.cat\\\/fr\\\/carte-touristique\\\/\",\"name\":\"Pl\u00e0nol tur\u00edstic pdf - Tortosa Turisme - Ciutat del Renaixement\",\"isPartOf\":{\"@id\":\"https:\\\/\\\/www.tortosaturisme.cat\\\/fr\\\/#website\"},\"datePublished\":\"2018-03-12T11:03:10+00:00\",\"dateModified\":\"2020-11-07T15:44:02+00:00\",\"description\":\"Pl\u00e0nol tur\u00edstic oficial de Tortosa en pdf amb tota la informaci\u00f3 per no perdre's i gaudir de la vostra visita a la ciutat. Us el podeu descarregar o recollir-lo en qualsevol oficina de Turisme de Tortosa o a l'ajuntament. Tortosa, ciutat del Renaixement, cultiva l'art de viure!\",\"breadcrumb\":{\"@id\":\"https:\\\/\\\/www.tortosaturisme.cat\\\/fr\\\/carte-touristique\\\/#breadcrumb\"},\"inLanguage\":\"fr-FR\",\"potentialAction\":[{\"@type\":\"ReadAction\",\"target\":[\"https:\\\/\\\/www.tortosaturisme.cat\\\/fr\\\/carte-touristique\\\/\"]}]},{\"@type\":\"BreadcrumbList\",\"@id\":\"https:\\\/\\\/www.tortosaturisme.cat\\\/fr\\\/carte-touristique\\\/#breadcrumb\",\"itemListElement\":[{\"@type\":\"ListItem\",\"position\":1,\"name\":\"Home\",\"item\":\"https:\\\/\\\/www.tortosaturisme.cat\\\/fr\\\/home-page\\\/\"},{\"@type\":\"ListItem\",\"position\":2,\"name\":\"carte touristique\"}]},{\"@type\":\"WebSite\",\"@id\":\"https:\\\/\\\/www.tortosaturisme.cat\\\/fr\\\/#website\",\"url\":\"https:\\\/\\\/www.tortosaturisme.cat\\\/fr\\\/\",\"name\":\"tortosaturisme\",\"description\":\"Otro sitio realizado con WordPress\",\"potentialAction\":[{\"@type\":\"SearchAction\",\"target\":{\"@type\":\"EntryPoint\",\"urlTemplate\":\"https:\\\/\\\/www.tortosaturisme.cat\\\/fr\\\/?s={search_term_string}\"},\"query-input\":{\"@type\":\"PropertyValueSpecification\",\"valueRequired\":true,\"valueName\":\"search_term_string\"}}],\"inLanguage\":\"fr-FR\"}]}<\/script>\n<!-- \/ Yoast SEO plugin. -->","yoast_head_json":{"title":"Pl\u00e0nol tur\u00edstic pdf - Tortosa Turisme - Ciutat del Renaixement","description":"Pl\u00e0nol tur\u00edstic oficial de Tortosa en pdf amb tota la informaci\u00f3 per no perdre's i gaudir de la vostra visita a la ciutat. Us el podeu descarregar o recollir-lo en qualsevol oficina de Turisme de Tortosa o a l'ajuntament. Tortosa, ciutat del Renaixement, cultiva l'art de viure!","robots":{"index":"index","follow":"follow","max-snippet":"max-snippet:-1","max-image-preview":"max-image-preview:large","max-video-preview":"max-video-preview:-1"},"canonical":"https:\/\/www.tortosaturisme.cat\/fr\/carte-touristique\/","og_locale":"fr_FR","og_type":"article","og_title":"Pl\u00e0nol tur\u00edstic pdf - Tortosa Turisme - Ciutat del Renaixement","og_description":"Pl\u00e0nol tur\u00edstic oficial de Tortosa en pdf amb tota la informaci\u00f3 per no perdre's i gaudir de la vostra visita a la ciutat. Us el podeu descarregar o recollir-lo en qualsevol oficina de Turisme de Tortosa o a l'ajuntament. Tortosa, ciutat del Renaixement, cultiva l'art de viure!","og_url":"https:\/\/www.tortosaturisme.cat\/fr\/carte-touristique\/","og_site_name":"tortosaturisme","article_modified_time":"2020-11-07T15:44:02+00:00","twitter_card":"summary_large_image","twitter_misc":{"Dur\u00e9e de lecture estim\u00e9e":"1 minute"},"schema":{"@context":"https:\/\/schema.org","@graph":[{"@type":"WebPage","@id":"https:\/\/www.tortosaturisme.cat\/fr\/carte-touristique\/","url":"https:\/\/www.tortosaturisme.cat\/fr\/carte-touristique\/","name":"Pl\u00e0nol tur\u00edstic pdf - Tortosa Turisme - Ciutat del Renaixement","isPartOf":{"@id":"https:\/\/www.tortosaturisme.cat\/fr\/#website"},"datePublished":"2018-03-12T11:03:10+00:00","dateModified":"2020-11-07T15:44:02+00:00","description":"Pl\u00e0nol tur\u00edstic oficial de Tortosa en pdf amb tota la informaci\u00f3 per no perdre's i gaudir de la vostra visita a la ciutat. Us el podeu descarregar o recollir-lo en qualsevol oficina de Turisme de Tortosa o a l'ajuntament. Tortosa, ciutat del Renaixement, cultiva l'art de viure!","breadcrumb":{"@id":"https:\/\/www.tortosaturisme.cat\/fr\/carte-touristique\/#breadcrumb"},"inLanguage":"fr-FR","potentialAction":[{"@type":"ReadAction","target":["https:\/\/www.tortosaturisme.cat\/fr\/carte-touristique\/"]}]},{"@type":"BreadcrumbList","@id":"https:\/\/www.tortosaturisme.cat\/fr\/carte-touristique\/#breadcrumb","itemListElement":[{"@type":"ListItem","position":1,"name":"Home","item":"https:\/\/www.tortosaturisme.cat\/fr\/home-page\/"},{"@type":"ListItem","position":2,"name":"carte touristique"}]},{"@type":"WebSite","@id":"https:\/\/www.tortosaturisme.cat\/fr\/#website","url":"https:\/\/www.tortosaturisme.cat\/fr\/","name":"tortosaturisme","description":"Otro sitio realizado con WordPress","potentialAction":[{"@type":"SearchAction","target":{"@type":"EntryPoint","urlTemplate":"https:\/\/www.tortosaturisme.cat\/fr\/?s={search_term_string}"},"query-input":{"@type":"PropertyValueSpecification","valueRequired":true,"valueName":"search_term_string"}}],"inLanguage":"fr-FR"}]}},"_links":{"self":[{"href":"https:\/\/www.tortosaturisme.cat\/fr\/wp-json\/wp\/v2\/pages\/6812","targetHints":{"allow":["GET"]}}],"collection":[{"href":"https:\/\/www.tortosaturisme.cat\/fr\/wp-json\/wp\/v2\/pages"}],"about":[{"href":"https:\/\/www.tortosaturisme.cat\/fr\/wp-json\/wp\/v2\/types\/page"}],"author":[{"embeddable":true,"href":"https:\/\/www.tortosaturisme.cat\/fr\/wp-json\/wp\/v2\/users\/2"}],"replies":[{"embeddable":true,"href":"https:\/\/www.tortosaturisme.cat\/fr\/wp-json\/wp\/v2\/comments?post=6812"}],"version-history":[{"count":7,"href":"https:\/\/www.tortosaturisme.cat\/fr\/wp-json\/wp\/v2\/pages\/6812\/revisions"}],"predecessor-version":[{"id":15965,"href":"https:\/\/www.tortosaturisme.cat\/fr\/wp-json\/wp\/v2\/pages\/6812\/revisions\/15965"}],"wp:attachment":[{"href":"https:\/\/www.tortosaturisme.cat\/fr\/wp-json\/wp\/v2\/media?parent=6812"}],"curies":[{"name":"wp","href":"https:\/\/api.w.org\/{rel}","templated":true}]}}