{"id":6818,"date":"2018-03-12T10:13:51","date_gmt":"2018-03-12T10:13:51","guid":{"rendered":"https:\/\/www.tortosaturisme.cat\/fr\/tortosa-de-tapes\/"},"modified":"2024-10-04T11:10:59","modified_gmt":"2024-10-04T11:10:59","slug":"tortosa-de-tapes","status":"publish","type":"page","link":"https:\/\/www.tortosaturisme.cat\/fr\/tortosa-de-tapes\/","title":{"rendered":"Tortosa de tapes"},"content":{"rendered":"<p>[vc_row][vc_column]<div class=\"vc-incubalia-medium-header\"><img decoding=\"async\" class=\"vc-incubalia-medium-header__mobile-picture brightness-100\" src=\"https:\/\/www.tortosaturisme.cat\/wp-content\/uploads\/2024\/10\/BANNER-A-TORTOSA-DE-TAPES-2024-768X350.jpg\">\n                  <img decoding=\"async\" class=\"vc-incubalia-medium-header__desktop-picture brightness-100\" src=\"https:\/\/www.tortosaturisme.cat\/wp-content\/uploads\/2024\/10\/BANNER-A-TORTOSA-DE-TAPES-2024-1920X550.jpg\"><\/div>[\/vc_column][\/vc_row][vc_row][vc_column]<div class=\"vc-incubalia-text-1-column-subtitle\"><h2 class=\"vc-incubalia-text-1-column-subtitle__title\">\u00c0 Tortosa de Tapas 2024 : un parcours pour savourer la ville<\/h2><h3 class=\"vc-incubalia-text-1-column-subtitle__subtitle\">Du 3 au 13 octobre. D\u00e9couvrez les meilleures tapas locales et laissez-vous surprendre \u00e0 chaque bouch\u00e9e.<\/h3><div class=\"vc-incubalia-text-1-column-subtitle__text\"><\/p><br \/>\n<p align=\"justify\"><strong>Du 3 au 13 octobre 2024<\/strong>, une nouvelle \u00e9dition de <strong>Tortosa de Tapas<\/strong> arrive, un parcours gastronomique qui vous permettra de d\u00e9guster l&rsquo;exquise offre culinaire de <strong>21 \u00e9tablissements locaux<\/strong>. Chaque tapa comprend un verre de bi\u00e8re El \u00c1guila pour seulement 4 \u20ac, une occasion parfaite de profiter de la richesse gastronomique de Tortosa.<\/p><br \/>\n<p><\/div><\/div>[\/vc_column][\/vc_row][vc_row][vc_column]<div class=\"vc-incubalia-text-image-full\"><div class=\"vc-incubalia-text-image-full__image-container\"><img decoding=\"async\" class=\"vc-incubalia-text-image-full__image-mobile\" alt=\"\" src=\"https:\/\/www.tortosaturisme.cat\/wp-content\/uploads\/2024\/10\/composicio-tapes-1-768x500-2-768x350.png\"><img decoding=\"async\" class=\"vc-incubalia-text-image-full__image-desktop\" alt=\"\" src=\"https:\/\/www.tortosaturisme.cat\/wp-content\/uploads\/2024\/10\/composicio-tapes-1-1920x1050-2-1920x550.png\"><i class=\"arrow-down\"><\/i><\/div><div class=\"vc-incubalia-text-image-full__text-container\"><div class=\"vc-incubalia-text-image-full__text\">&nbsp;<\/p><br \/>\n<p align=\"justify\"><strong>Le \u00ab tapeador \u00bb (amateur de tapas) peut visiter diff\u00e9rents lieux et faire tamponner sa carte avec les tapas d\u00e9gust\u00e9es.<\/strong> Non seulement vous pourrez d\u00e9guster des tapas \u00e9labor\u00e9es avec des ingr\u00e9dients locaux et des propositions innovantes, mais vous pourrez \u00e9galement participer en votant pour votre tapa pr\u00e9f\u00e9r\u00e9e. Parmi tous les participants ayant go\u00fbt\u00e9 au moins 8 tapas, <strong>un tirage au sort permettra de gagner un d\u00eener \u00e0 l&rsquo;Antic Mol\u00ed et 5 paniers de produits.<\/strong><\/p><br \/>\n<p><\/div><\/div><\/div>[\/vc_column][\/vc_row][vc_row][vc_column]<div class=\"vc-incubalia-text-image-full\"><div class=\"vc-incubalia-text-image-full__image-container\"><img decoding=\"async\" class=\"vc-incubalia-text-image-full__image-mobile\" alt=\"\" src=\"https:\/\/www.tortosaturisme.cat\/wp-content\/uploads\/2024\/10\/composicio-tapes-2-768x500-1-768x350.png\"><img decoding=\"async\" class=\"vc-incubalia-text-image-full__image-desktop\" alt=\"\" src=\"https:\/\/www.tortosaturisme.cat\/wp-content\/uploads\/2024\/10\/composicio-tapes-2-1920x1050-1-1920x550.png\"><i class=\"arrow-down\"><\/i><\/div><div class=\"vc-incubalia-text-image-full__text-container\"><div class=\"vc-incubalia-text-image-full__text\">&nbsp;<\/p><br \/>\n<p align=\"justify\"><strong>Venez d\u00e9couvrir la magie des tapas de Tortosa !<\/strong> Chaque cr\u00e9ation est une explosion de saveurs, con\u00e7ue pour surprendre vos sens. <strong>Des ingr\u00e9dients locaux<\/strong> aux <strong>combinaisons innovantes<\/strong>, ces tapas ne satisfont pas seulement, elles <strong>\u00e9merveillent<\/strong>. Laissez-vous s\u00e9duire par cette exp\u00e9rience unique, o\u00f9 <strong>la tradition se m\u00eale \u00e0 la cr\u00e9ativit\u00e9<\/strong> des meilleurs chefs de la ville. C&rsquo;est <strong>un plan irr\u00e9sistible<\/strong> que vous ne voudrez pas manquer !<\/p><br \/>\n<p><\/div><\/div><\/div>[\/vc_column][\/vc_row][vc_row][vc_column]<div class=\"vc-incubalia-3-images\"><h2 class=\"vc-incubalia-3-images__title\">En savoir plus<\/h2><div class=\"vc-incubalia-3-images__image\"><a href=\"http:\/\/www.atortosadetapes.cat\"><img decoding=\"async\" src=\"https:\/\/www.tortosaturisme.cat\/wp-content\/uploads\/2018\/03\/b-800-tortosa-de-tapes.jpg\" alt=\"\"><\/a><a href=\"http:\/\/www.atortosadetapes.cat\"><p class=\"vc-incubalia-3-images__image-title\">\u00c0 Tortosa de Tapas<\/p><\/a><p class=\"vc-incubalia-3-images__image-subtitle\">Web avec toutes les informations, tapas et \u00e9tablissements<\/p><\/div><div class=\"vc-incubalia-3-images__image\"><a href=\"\/restaurantes\/\"><img decoding=\"async\" src=\"https:\/\/www.tortosaturisme.cat\/wp-content\/uploads\/2018\/02\/b-800-experiences-gastronomiques.jpg\" alt=\"\"><\/a><a href=\"\/restaurantes\/\"><p class=\"vc-incubalia-3-images__image-title\">Restaruants<\/p><\/a><p class=\"vc-incubalia-3-images__image-subtitle\">Toute l'offre gastronomique de la ville<\/p><\/div><div class=\"vc-incubalia-3-images__image\"><a href=\"\/la-cuina-de-les-terres-de-lebre\/\"><img decoding=\"async\" src=\"https:\/\/www.tortosaturisme.cat\/wp-content\/uploads\/2018\/03\/b-800-cuina.jpg\" alt=\"\"><\/a><a href=\"\/la-cuina-de-les-terres-de-lebre\/\"><p class=\"vc-incubalia-3-images__image-title\">La cuisine des Terres de l'\u00c8bre<\/p><\/a><p class=\"vc-incubalia-3-images__image-subtitle\">Un territoire qui profite du meilleur de la mer et de la terre<\/p><\/div><\/div><div class=\"vc-incubalia-5-cards\"><h2 class=\"vc-incubalia-5-cards__title\">\u00c0 ne pas manquer<\/h2><div class=\"vc-incubalia-5-cards__card card-1 has-url\"><a href=\" http:\/\/tortosaturisme-preprod.incubaliadev.com\/tortosa-en-un-dia\"><img decoding=\"async\" class=\"vc-incubalia-5-cards__card-mobile-picture\" src=\"https:\/\/www.tortosaturisme.cat\/wp-content\/uploads\/2018\/02\/b-1280-call-jueu-ruta-640x460.jpg\">\n                      <img decoding=\"async\" class=\"vc-incubalia-5-cards__card-desktop-picture\" src=\"https:\/\/www.tortosaturisme.cat\/wp-content\/uploads\/2018\/02\/b-1280-call-jueu-ruta.jpg\"><\/a><div class=\"vc-incubalia-5-cards__card-text-container\"><p class=\"vc-incubalia-5-cards__card-title\">Tortosa en une journ\u00e9e<\/p><\/div><div class=\"vc-incubalia-5-cards__card-url-container\"><span class=\"vc-incubalia-5-cards__card-url\">Lire la suite<\/span><\/div><\/div><div class=\"vc-incubalia-5-cards__card card-2 has-url\"><a href=\"http:\/\/tortosaturisme-preprod.incubaliadev.com\/la-via-verda\/\"><img decoding=\"async\" class=\"vc-incubalia-5-cards__card-mobile-picture\" src=\"https:\/\/www.tortosaturisme.cat\/wp-content\/uploads\/2018\/02\/b-1280-via-verda-640x460.jpg\">\n                      <img decoding=\"async\" class=\"vc-incubalia-5-cards__card-desktop-picture\" src=\"https:\/\/www.tortosaturisme.cat\/wp-content\/uploads\/2018\/02\/b-1280-via-verda-640x460.jpg\"><\/a><div class=\"vc-incubalia-5-cards__card-text-container\"><p class=\"vc-incubalia-5-cards__card-title\">La Voie Verte<\/p><p class=\"vc-incubalia-5-cards__card-subtitle\">Avec le d\u00e9part depuis Tortosa, traversez les Terres de l'\u00c8bre<\/p><\/div><div class=\"vc-incubalia-5-cards__card-url-container\"><span class=\"vc-incubalia-5-cards__card-url\">Lire la suite<\/span><\/div><\/div><div class=\"vc-incubalia-5-cards__card-3-and-4-container\"><div class=\"vc-incubalia-5-cards__card card-3 has-url\"><a href=\"http:\/\/tortosaturisme-preprod.incubaliadev.com\/els-10-imperdibles\/\"><img decoding=\"async\" class=\"vc-incubalia-5-cards__card-mobile-picture\" src=\"https:\/\/www.tortosaturisme.cat\/wp-content\/uploads\/2018\/02\/B-10-imp-640x460.jpg\">\n                      <img decoding=\"async\" class=\"vc-incubalia-5-cards__card-desktop-picture\" src=\"https:\/\/www.tortosaturisme.cat\/wp-content\/uploads\/2018\/02\/B-10-imp-640x460.jpg\"><\/a><div class=\"vc-incubalia-5-cards__card-text-container\"><p class=\"vc-incubalia-5-cards__card-title\">Les 10 incontournables<\/p><p class=\"vc-incubalia-5-cards__card-subtitle\">Les incontournables de votre visite<\/p><\/div><div class=\"vc-incubalia-5-cards__card-url-container\"><span class=\"vc-incubalia-5-cards__card-url\">Lire la suite<\/span><\/div><\/div><div class=\"vc-incubalia-5-cards__card card-4 has-url\"><a href=\"\/experiencies\/?experience-type=navegacio&list-view=cards\"><img decoding=\"async\" class=\"vc-incubalia-5-cards__card-mobile-picture\" src=\"https:\/\/www.tortosaturisme.cat\/wp-content\/uploads\/2018\/02\/b-1280-tortosa-un-dia-640x460.jpg\">\n                      <img decoding=\"async\" class=\"vc-incubalia-5-cards__card-desktop-picture\" src=\"https:\/\/www.tortosaturisme.cat\/wp-content\/uploads\/2018\/02\/b-1280-tortosa-un-dia-640x460.jpg\"><\/a><div class=\"vc-incubalia-5-cards__card-text-container\"><p class=\"vc-incubalia-5-cards__card-title\">Naviguez dans l'\u00c8bre<\/p><\/div><div class=\"vc-incubalia-5-cards__card-url-container\"><span class=\"vc-incubalia-5-cards__card-url\">Lire la suite<\/span><\/div><\/div><\/div><div class=\"vc-incubalia-5-cards__card card-5 has-url\"><a href=\"\/experiencies\/?experience-type=visites-guiades&list-view=cards\"><img decoding=\"async\" class=\"vc-incubalia-5-cards__card-mobile-picture\" src=\"https:\/\/www.tortosaturisme.cat\/wp-content\/uploads\/2018\/02\/b-1280-ciutat-art-1-640x460.jpg\">\n                      <img decoding=\"async\" class=\"vc-incubalia-5-cards__card-desktop-picture\" src=\"https:\/\/www.tortosaturisme.cat\/wp-content\/uploads\/2018\/02\/b-1280-ciutat-art-1-640x449.jpg\"><\/a><div class=\"vc-incubalia-5-cards__card-text-container\"><p class=\"vc-incubalia-5-cards__card-title\">Visites guid\u00e9es<\/p><\/div><div class=\"vc-incubalia-5-cards__card-url-container\"><span class=\"vc-incubalia-5-cards__card-url\">Lire la suite<\/span><\/div><\/div><\/div>[\/vc_column][\/vc_row]<\/p>\n","protected":false},"excerpt":{"rendered":"<p>[vc_row][vc_column][\/vc_column][\/vc_row][vc_row][vc_column][\/vc_column][\/vc_row][vc_row][vc_column][\/vc_column][\/vc_row][vc_row][vc_column][\/vc_column][\/vc_row][vc_row][vc_column][\/vc_column][\/vc_row]<\/p>\n","protected":false},"author":2,"featured_media":0,"parent":0,"menu_order":216,"comment_status":"closed","ping_status":"closed","template":"","meta":{"footnotes":""},"class_list":["post-6818","page","type-page","status-publish","hentry"],"acf":[],"yoast_head":"<!-- This site is optimized with the Yoast SEO plugin v27.5 - https:\/\/yoast.com\/product\/yoast-seo-wordpress\/ -->\n<title>Ruta Tortosa DTapes - Tortosa Turisme<\/title>\n<meta name=\"description\" content=\"Una ruta que se celebra anualment en la qu\u00e8 restauradors de la ciutat concentren tot el seu enginy culinari per crear les tapes m\u00e9s originals i delicioses.\" \/>\n<meta name=\"robots\" content=\"index, follow, max-snippet:-1, max-image-preview:large, max-video-preview:-1\" \/>\n<link rel=\"canonical\" href=\"https:\/\/www.tortosaturisme.cat\/fr\/tortosa-de-tapes\/\" \/>\n<meta property=\"og:locale\" content=\"fr_FR\" \/>\n<meta property=\"og:type\" content=\"article\" \/>\n<meta property=\"og:title\" content=\"Ruta Tortosa DTapes - Tortosa Turisme\" \/>\n<meta property=\"og:description\" content=\"Una ruta que se celebra anualment en la qu\u00e8 restauradors de la ciutat concentren tot el seu enginy culinari per crear les tapes m\u00e9s originals i delicioses.\" \/>\n<meta property=\"og:url\" content=\"https:\/\/www.tortosaturisme.cat\/fr\/tortosa-de-tapes\/\" \/>\n<meta property=\"og:site_name\" content=\"tortosaturisme\" \/>\n<meta property=\"article:modified_time\" content=\"2024-10-04T11:10:59+00:00\" \/>\n<meta name=\"twitter:card\" content=\"summary_large_image\" \/>\n<meta name=\"twitter:label1\" content=\"Dur\u00e9e de lecture estim\u00e9e\" \/>\n\t<meta name=\"twitter:data1\" content=\"2 minutes\" \/>\n<script type=\"application\/ld+json\" class=\"yoast-schema-graph\">{\"@context\":\"https:\\\/\\\/schema.org\",\"@graph\":[{\"@type\":\"WebPage\",\"@id\":\"https:\\\/\\\/www.tortosaturisme.cat\\\/fr\\\/tortosa-de-tapes\\\/\",\"url\":\"https:\\\/\\\/www.tortosaturisme.cat\\\/fr\\\/tortosa-de-tapes\\\/\",\"name\":\"Ruta Tortosa DTapes - Tortosa Turisme\",\"isPartOf\":{\"@id\":\"https:\\\/\\\/www.tortosaturisme.cat\\\/fr\\\/#website\"},\"datePublished\":\"2018-03-12T10:13:51+00:00\",\"dateModified\":\"2024-10-04T11:10:59+00:00\",\"description\":\"Una ruta que se celebra anualment en la qu\u00e8 restauradors de la ciutat concentren tot el seu enginy culinari per crear les tapes m\u00e9s originals i delicioses.\",\"breadcrumb\":{\"@id\":\"https:\\\/\\\/www.tortosaturisme.cat\\\/fr\\\/tortosa-de-tapes\\\/#breadcrumb\"},\"inLanguage\":\"fr-FR\",\"potentialAction\":[{\"@type\":\"ReadAction\",\"target\":[\"https:\\\/\\\/www.tortosaturisme.cat\\\/fr\\\/tortosa-de-tapes\\\/\"]}]},{\"@type\":\"BreadcrumbList\",\"@id\":\"https:\\\/\\\/www.tortosaturisme.cat\\\/fr\\\/tortosa-de-tapes\\\/#breadcrumb\",\"itemListElement\":[{\"@type\":\"ListItem\",\"position\":1,\"name\":\"Home\",\"item\":\"https:\\\/\\\/www.tortosaturisme.cat\\\/fr\\\/home-page\\\/\"},{\"@type\":\"ListItem\",\"position\":2,\"name\":\"Tortosa de tapes\"}]},{\"@type\":\"WebSite\",\"@id\":\"https:\\\/\\\/www.tortosaturisme.cat\\\/fr\\\/#website\",\"url\":\"https:\\\/\\\/www.tortosaturisme.cat\\\/fr\\\/\",\"name\":\"tortosaturisme\",\"description\":\"Otro sitio realizado con WordPress\",\"potentialAction\":[{\"@type\":\"SearchAction\",\"target\":{\"@type\":\"EntryPoint\",\"urlTemplate\":\"https:\\\/\\\/www.tortosaturisme.cat\\\/fr\\\/?s={search_term_string}\"},\"query-input\":{\"@type\":\"PropertyValueSpecification\",\"valueRequired\":true,\"valueName\":\"search_term_string\"}}],\"inLanguage\":\"fr-FR\"}]}<\/script>\n<!-- \/ Yoast SEO plugin. -->","yoast_head_json":{"title":"Ruta Tortosa DTapes - Tortosa Turisme","description":"Una ruta que se celebra anualment en la qu\u00e8 restauradors de la ciutat concentren tot el seu enginy culinari per crear les tapes m\u00e9s originals i delicioses.","robots":{"index":"index","follow":"follow","max-snippet":"max-snippet:-1","max-image-preview":"max-image-preview:large","max-video-preview":"max-video-preview:-1"},"canonical":"https:\/\/www.tortosaturisme.cat\/fr\/tortosa-de-tapes\/","og_locale":"fr_FR","og_type":"article","og_title":"Ruta Tortosa DTapes - Tortosa Turisme","og_description":"Una ruta que se celebra anualment en la qu\u00e8 restauradors de la ciutat concentren tot el seu enginy culinari per crear les tapes m\u00e9s originals i delicioses.","og_url":"https:\/\/www.tortosaturisme.cat\/fr\/tortosa-de-tapes\/","og_site_name":"tortosaturisme","article_modified_time":"2024-10-04T11:10:59+00:00","twitter_card":"summary_large_image","twitter_misc":{"Dur\u00e9e de lecture estim\u00e9e":"2 minutes"},"schema":{"@context":"https:\/\/schema.org","@graph":[{"@type":"WebPage","@id":"https:\/\/www.tortosaturisme.cat\/fr\/tortosa-de-tapes\/","url":"https:\/\/www.tortosaturisme.cat\/fr\/tortosa-de-tapes\/","name":"Ruta Tortosa DTapes - Tortosa Turisme","isPartOf":{"@id":"https:\/\/www.tortosaturisme.cat\/fr\/#website"},"datePublished":"2018-03-12T10:13:51+00:00","dateModified":"2024-10-04T11:10:59+00:00","description":"Una ruta que se celebra anualment en la qu\u00e8 restauradors de la ciutat concentren tot el seu enginy culinari per crear les tapes m\u00e9s originals i delicioses.","breadcrumb":{"@id":"https:\/\/www.tortosaturisme.cat\/fr\/tortosa-de-tapes\/#breadcrumb"},"inLanguage":"fr-FR","potentialAction":[{"@type":"ReadAction","target":["https:\/\/www.tortosaturisme.cat\/fr\/tortosa-de-tapes\/"]}]},{"@type":"BreadcrumbList","@id":"https:\/\/www.tortosaturisme.cat\/fr\/tortosa-de-tapes\/#breadcrumb","itemListElement":[{"@type":"ListItem","position":1,"name":"Home","item":"https:\/\/www.tortosaturisme.cat\/fr\/home-page\/"},{"@type":"ListItem","position":2,"name":"Tortosa de tapes"}]},{"@type":"WebSite","@id":"https:\/\/www.tortosaturisme.cat\/fr\/#website","url":"https:\/\/www.tortosaturisme.cat\/fr\/","name":"tortosaturisme","description":"Otro sitio realizado con WordPress","potentialAction":[{"@type":"SearchAction","target":{"@type":"EntryPoint","urlTemplate":"https:\/\/www.tortosaturisme.cat\/fr\/?s={search_term_string}"},"query-input":{"@type":"PropertyValueSpecification","valueRequired":true,"valueName":"search_term_string"}}],"inLanguage":"fr-FR"}]}},"_links":{"self":[{"href":"https:\/\/www.tortosaturisme.cat\/fr\/wp-json\/wp\/v2\/pages\/6818","targetHints":{"allow":["GET"]}}],"collection":[{"href":"https:\/\/www.tortosaturisme.cat\/fr\/wp-json\/wp\/v2\/pages"}],"about":[{"href":"https:\/\/www.tortosaturisme.cat\/fr\/wp-json\/wp\/v2\/types\/page"}],"author":[{"embeddable":true,"href":"https:\/\/www.tortosaturisme.cat\/fr\/wp-json\/wp\/v2\/users\/2"}],"replies":[{"embeddable":true,"href":"https:\/\/www.tortosaturisme.cat\/fr\/wp-json\/wp\/v2\/comments?post=6818"}],"version-history":[{"count":12,"href":"https:\/\/www.tortosaturisme.cat\/fr\/wp-json\/wp\/v2\/pages\/6818\/revisions"}],"predecessor-version":[{"id":35669,"href":"https:\/\/www.tortosaturisme.cat\/fr\/wp-json\/wp\/v2\/pages\/6818\/revisions\/35669"}],"wp:attachment":[{"href":"https:\/\/www.tortosaturisme.cat\/fr\/wp-json\/wp\/v2\/media?parent=6818"}],"curies":[{"name":"wp","href":"https:\/\/api.w.org\/{rel}","templated":true}]}}