{"id":7883,"date":"2018-03-07T08:00:02","date_gmt":"2018-03-07T08:00:02","guid":{"rendered":"https:\/\/www.tortosaturisme.cat\/fr\/avis-legal\/"},"modified":"2020-04-17T05:35:41","modified_gmt":"2020-04-17T05:35:41","slug":"avis-legal","status":"publish","type":"page","link":"https:\/\/www.tortosaturisme.cat\/fr\/avis-legal\/","title":{"rendered":"Protecci\u00f3 de dades personals"},"content":{"rendered":"<div class=\"container\" style=\"padding-top: 80px;\">\n<p><b>AV\u00cdS LEGAL I POL\u00cdTICA DE PRIVACITAT<\/b><\/p>\n<p><span style=\"font-weight: 400;\">INFORMACI\u00d3 LEGAL LSSIICE<\/span><\/p>\n<p><span style=\"font-weight: 400;\">D\u2019acord amb les obligacions previstes en la Llei 34\/2002, de Serveis de la Societat de la Informaci\u00f3 i de Comer\u00e7 Electr\u00f2nic (en endavant LSSICE), AJUNTAMENT DE TORTOSA manifesta que el domini <\/span><a href=\"http:\/\/www.tortosaturisme.cat\"><span style=\"font-weight: 400;\">www.tortosaturisme.cat<\/span><\/a> <span style=\"font-weight: 400;\">\u00a0<\/span><b>es propietat de <\/b><span style=\"font-weight: 400;\">AJUNTAMENT DE TORTOSA, amb CIF P4315700G, i amb domicili a Pla\u00e7a d\u2019Espanya 1, 43500 Tortosa (TARRAGONA).<\/span><\/p>\n<p><span style=\"font-weight: 400;\">AJUNTAMENT DE TORTOSA no pot assumir cap responsabilitat derivada de l&rsquo;\u00fas incorrecte, inadequat o il\u00b7l\u00edcit de la informaci\u00f3 apareguda en les seves p\u00e0gines d&rsquo;Internet. Amb els l\u00edmits establerts en la llei, AJUNTAMENT DE TORTOSA no assumeix cap responsabilitat derivada de la falta de veracitat, integritat, actualitzaci\u00f3 i precisi\u00f3 de les dades o informacions que es contenen en les seves p\u00e0gines d&rsquo;Internet. <\/span><\/p>\n<p><span style=\"font-weight: 400;\">Els continguts i informaci\u00f3 de les p\u00e0gines d&rsquo;Internet de AJUNTAMENT DE TORTOSA estan elaborades per professionals de la mateixa degudament qualificats per a l&rsquo;exercici de la seva professi\u00f3. No obstant aix\u00f2, els continguts i informaci\u00f3 no vinculen a l\u2019esmentada corporaci\u00f3 ni constitueixen opinions, consells o assessorament legal de cap tipus, doncs es tracta merament d&rsquo;un servei ofert amb car\u00e0cter informatiu i divulgatiu. Les p\u00e0gines d&rsquo;Internet de AJUNTAMENT DE TORTOSA poden contenir enlla\u00e7os (links) a altres p\u00e0gines de terceres parts. Per tant, aquesta no pot assumir responsabilitats pel contingut que pugui apar\u00e8ixer en p\u00e0gines de tercers. Els textos, imatges, sons, animacions, programari i la resta de continguts inclosos en aquest website s\u00f3n propietat exclusiva de AJUNTAMENT DE TORTOSA o les seves llicenciants. Qualsevol acte de transmissi\u00f3, distribuci\u00f3, cessi\u00f3, reproducci\u00f3, emmagatzematge o comunicaci\u00f3 p\u00fablica total o parcial, ha de comptar amb el consentiment expr\u00e9s de AJUNTAMENT DE TORTOSA.<\/span><\/p>\n<p><span style=\"font-weight: 400;\">De la mateixa manera es reserva el dret a retirar l\u2019acc\u00e9s al Portal, sense necessitat de previ av\u00eds, a qualsevol usuari que contravingui el disposat en aquest av\u00eds legal.<\/span><\/p>\n<h4><b>PROTECCI\u00d3 DE DADES PERSONALS<\/b><\/h4>\n<p>De conformitat amb la normativa de protecci\u00f3 de dades de car\u00e0cter personal, amb la signatura d&rsquo;aquest document s&rsquo;autoritza que les dades de car\u00e0cter personal proporcionades siguin tractades i incorporades en el fitxer denominat Gesti\u00f3 de Serveis Municipals, responsabilitat de l\u2019Ajuntament de Tortosa.<br \/>\nLa finalitat d\u2019aquest tractament \u00e9s incloure les dades per a la prestaci\u00f3 de serveis d&rsquo;informaci\u00f3 i promoci\u00f3 tur\u00edstica de la ciutat. Aquestes dades no seran transmeses a terceres persones, llevat dels casos en qu\u00e8 hi hagi una obligaci\u00f3 legal, i seran conservades sempre que sigui imprescindible o leg\u00edtim per a la finalitat que es van captar.<br \/>\nEn qualsevol cas es podr\u00e0 indicar la revocaci\u00f3 del consentiment atorgat, aix\u00ed com exercitar els drets d\u2019acc\u00e9s, rectificaci\u00f3 o supressi\u00f3, la limitaci\u00f3 del tractament o d&rsquo;oposici\u00f3, aix\u00ed com el dret a la portabilitat de les dades. Aquestes peticions caldr\u00e0 que es facin a l\u2019Ajuntament de Tortosa, Pla\u00e7a d\u2019Espanya n\u00fam.1, 43500 Tortosa (Tarragona) o b\u00e9 per correu electr\u00f2nic a sac@tortosa.cat<br \/>\nS\u2019informa que tamb\u00e9 es pot presentar una reclamaci\u00f3, si aix\u00ed es considera, davant l\u2019Autoritat Catalana de Protecci\u00f3 de Dades o b\u00e9 posar-se en contacte amb el Delegat de Protecci\u00f3 de Dades del l&rsquo;Ajuntament a protecciodades@tortosa.cat<\/p>\n<h4><b>PROPIETAT INDUSTRIAL I INTEL\u00b7LECTUAL<\/b><\/h4>\n<p><span style=\"font-weight: 400;\">\u00a0<\/span><span style=\"font-weight: 400;\">Aquesta web \u00e9s propietat de AJUNTAMENT DE TORTOSA. Els drets de Propietat Intel\u00b7lectual i drets d&rsquo;explotaci\u00f3 i reproducci\u00f3 d&rsquo;aquesta web, de les seves p\u00e0gines, pantalles, la Informaci\u00f3 que contenen, la seva aparen\u00e7a i disseny, aix\u00ed com els vincles (\u00ab\u00a0hiperlinks\u00a0\u00bb) que s&rsquo;estableixin des d&rsquo;ella a altres p\u00e0gines web de qualsevol centre adscrits o organisme depenent, s\u00f3n propietat exclusiva d&rsquo;aquesta, tret que expressament s&rsquo;especifiqui altra cosa. <\/span><\/p>\n<p><span style=\"font-weight: 400;\">Qualsevol denominacions, dissenys i\/o logotips, aix\u00ed com qualsevol producte o servei oferts i reflectits en aquesta p\u00e0gina web, s\u00f3n marques degudament registrades per AJUNTAMENT DE TORTOSA, per les seves societats filials i\/o dominades o per tercers. <\/span><\/p>\n<p><span style=\"font-weight: 400;\">Qualsevol \u00fas indegut de les mateixes per persones diferents del seu leg\u00edtim titular i sense el consentiment expr\u00e9s i inequ\u00edvoc per part d&rsquo;aquest podr\u00e0 ser denunciat i perseguit a trav\u00e9s de tots els mitjans legals existents en l&rsquo;Ordenament Jur\u00eddic espanyol i\/o comunitari.<\/span><\/p>\n<p><span style=\"font-weight: 400;\">Els drets de propietat intel\u00b7lectual i marques de tercers estan destacats convenientment i han de ser respectats per tot aquell que accedeixi a aquesta p\u00e0gina, no sent responsabilitat de AJUNTAMENT DE TORTOSA l&rsquo;\u00fas que L&rsquo;USUARI pugui portar a terme referent a aix\u00f2, recaient la responsabilitat exclusiva en la seva persona.<\/span><\/p>\n<p><span style=\"font-weight: 400;\">Nom\u00e9s per a \u00fas personal i privat es permet descarregar els continguts, copiar o imprimir qualsevol p\u00e0gina d&rsquo;aquesta web. Queda prohibit reproduir, transmetre, modificar o suprimir la informaci\u00f3, contingut o advertiments d&rsquo;aquesta web sense la pr\u00e8via autoritzaci\u00f3 per escrit de AJUNTAMENT DE TORTOSA<\/span><\/p>\n<p><span style=\"font-weight: 400;\">AJUNTAMENT DE TORTOSA no transfereix als usuaris la propietat del seu software. L\u2019usuari \u00c9s el propietari del suport en el qual el software es gravat. AJUNTAMENT DE TORTOSA poseeix tots els drets de propietat industrial i intelectual, incloent el sowftare. Si l\u2019 usuari transfereix software d\u2019 aquest website al seu terminal, no podr\u00e0 disseccionar pel seu estudi i \u00a0descompilar, traduir la versi\u00f3 del codi objecte original o el seu llenguatge a un altre codi o llenguatge.<\/span><\/p>\n<h4><b>LLEI APLICABLE I JURISDICCI\u00d3<\/b><\/h4>\n<p><span style=\"font-weight: 400;\">Les presents condicions generals es regeixen per la Legislaci\u00f3 espanyola, sent competents els Jutjats i Tribunals espanyols per a con\u00e8ixer de quantes q\u00fcestions se suscitin sobre la interpretaci\u00f3, aplicaci\u00f3 i compliment de les mateixes. L&rsquo;USUARI, en virtut de la seva acceptaci\u00f3 a les condicions generals recollides en aquest av\u00eds legal, renuncia expressament a qualsevol fur que, per aplicaci\u00f3 de la Llei d&rsquo;Enjudiciament Civil vigent pogu\u00e9s correspondre-li.<\/span><\/p>\n<\/div>\n","protected":false},"excerpt":{"rendered":"<p>AV\u00cdS LEGAL I POL\u00cdTICA DE PRIVACITAT INFORMACI\u00d3 LEGAL LSSIICE D\u2019acord amb les obligacions previstes en la Llei 34\/2002, de Serveis de la Societat de la Informaci\u00f3 i de Comer\u00e7 Electr\u00f2nic (en endavant LSSICE), AJUNTAMENT DE TORTOSA manifesta que el domini [&hellip;]<\/p>\n","protected":false},"author":5,"featured_media":0,"parent":0,"menu_order":218,"comment_status":"closed","ping_status":"closed","template":"","meta":{"footnotes":""},"class_list":["post-7883","page","type-page","status-publish","hentry"],"acf":[],"yoast_head":"<!-- This site is optimized with the Yoast SEO plugin v27.3 - https:\/\/yoast.com\/product\/yoast-seo-wordpress\/ -->\n<title>Protecci\u00f3 de dades personals - tortosaturisme<\/title>\n<meta name=\"robots\" content=\"index, follow, max-snippet:-1, max-image-preview:large, max-video-preview:-1\" \/>\n<link rel=\"canonical\" href=\"https:\/\/www.tortosaturisme.cat\/fr\/avis-legal\/\" \/>\n<meta property=\"og:locale\" content=\"fr_FR\" \/>\n<meta property=\"og:type\" content=\"article\" \/>\n<meta property=\"og:title\" content=\"Protecci\u00f3 de dades personals - tortosaturisme\" \/>\n<meta property=\"og:description\" content=\"AV\u00cdS LEGAL I POL\u00cdTICA DE PRIVACITAT INFORMACI\u00d3 LEGAL LSSIICE D\u2019acord amb les obligacions previstes en la Llei 34\/2002, de Serveis de la Societat de la Informaci\u00f3 i de Comer\u00e7 Electr\u00f2nic (en endavant LSSICE), AJUNTAMENT DE TORTOSA manifesta que el domini [&hellip;]\" \/>\n<meta property=\"og:url\" content=\"https:\/\/www.tortosaturisme.cat\/fr\/avis-legal\/\" \/>\n<meta property=\"og:site_name\" content=\"tortosaturisme\" \/>\n<meta property=\"article:modified_time\" content=\"2020-04-17T05:35:41+00:00\" \/>\n<meta name=\"twitter:card\" content=\"summary_large_image\" \/>\n<meta name=\"twitter:label1\" content=\"Dur\u00e9e de lecture estim\u00e9e\" \/>\n\t<meta name=\"twitter:data1\" content=\"5 minutes\" \/>\n<script type=\"application\/ld+json\" class=\"yoast-schema-graph\">{\"@context\":\"https:\\\/\\\/schema.org\",\"@graph\":[{\"@type\":\"WebPage\",\"@id\":\"https:\\\/\\\/www.tortosaturisme.cat\\\/fr\\\/avis-legal\\\/\",\"url\":\"https:\\\/\\\/www.tortosaturisme.cat\\\/fr\\\/avis-legal\\\/\",\"name\":\"Protecci\u00f3 de dades personals - tortosaturisme\",\"isPartOf\":{\"@id\":\"https:\\\/\\\/www.tortosaturisme.cat\\\/fr\\\/#website\"},\"datePublished\":\"2018-03-07T08:00:02+00:00\",\"dateModified\":\"2020-04-17T05:35:41+00:00\",\"breadcrumb\":{\"@id\":\"https:\\\/\\\/www.tortosaturisme.cat\\\/fr\\\/avis-legal\\\/#breadcrumb\"},\"inLanguage\":\"fr-FR\",\"potentialAction\":[{\"@type\":\"ReadAction\",\"target\":[\"https:\\\/\\\/www.tortosaturisme.cat\\\/fr\\\/avis-legal\\\/\"]}]},{\"@type\":\"BreadcrumbList\",\"@id\":\"https:\\\/\\\/www.tortosaturisme.cat\\\/fr\\\/avis-legal\\\/#breadcrumb\",\"itemListElement\":[{\"@type\":\"ListItem\",\"position\":1,\"name\":\"Home\",\"item\":\"https:\\\/\\\/www.tortosaturisme.cat\\\/fr\\\/home-page\\\/\"},{\"@type\":\"ListItem\",\"position\":2,\"name\":\"Protecci\u00f3 de dades personals\"}]},{\"@type\":\"WebSite\",\"@id\":\"https:\\\/\\\/www.tortosaturisme.cat\\\/fr\\\/#website\",\"url\":\"https:\\\/\\\/www.tortosaturisme.cat\\\/fr\\\/\",\"name\":\"tortosaturisme\",\"description\":\"Otro sitio realizado con WordPress\",\"potentialAction\":[{\"@type\":\"SearchAction\",\"target\":{\"@type\":\"EntryPoint\",\"urlTemplate\":\"https:\\\/\\\/www.tortosaturisme.cat\\\/fr\\\/?s={search_term_string}\"},\"query-input\":{\"@type\":\"PropertyValueSpecification\",\"valueRequired\":true,\"valueName\":\"search_term_string\"}}],\"inLanguage\":\"fr-FR\"}]}<\/script>\n<!-- \/ Yoast SEO plugin. -->","yoast_head_json":{"title":"Protecci\u00f3 de dades personals - tortosaturisme","robots":{"index":"index","follow":"follow","max-snippet":"max-snippet:-1","max-image-preview":"max-image-preview:large","max-video-preview":"max-video-preview:-1"},"canonical":"https:\/\/www.tortosaturisme.cat\/fr\/avis-legal\/","og_locale":"fr_FR","og_type":"article","og_title":"Protecci\u00f3 de dades personals - tortosaturisme","og_description":"AV\u00cdS LEGAL I POL\u00cdTICA DE PRIVACITAT INFORMACI\u00d3 LEGAL LSSIICE D\u2019acord amb les obligacions previstes en la Llei 34\/2002, de Serveis de la Societat de la Informaci\u00f3 i de Comer\u00e7 Electr\u00f2nic (en endavant LSSICE), AJUNTAMENT DE TORTOSA manifesta que el domini [&hellip;]","og_url":"https:\/\/www.tortosaturisme.cat\/fr\/avis-legal\/","og_site_name":"tortosaturisme","article_modified_time":"2020-04-17T05:35:41+00:00","twitter_card":"summary_large_image","twitter_misc":{"Dur\u00e9e de lecture estim\u00e9e":"5 minutes"},"schema":{"@context":"https:\/\/schema.org","@graph":[{"@type":"WebPage","@id":"https:\/\/www.tortosaturisme.cat\/fr\/avis-legal\/","url":"https:\/\/www.tortosaturisme.cat\/fr\/avis-legal\/","name":"Protecci\u00f3 de dades personals - tortosaturisme","isPartOf":{"@id":"https:\/\/www.tortosaturisme.cat\/fr\/#website"},"datePublished":"2018-03-07T08:00:02+00:00","dateModified":"2020-04-17T05:35:41+00:00","breadcrumb":{"@id":"https:\/\/www.tortosaturisme.cat\/fr\/avis-legal\/#breadcrumb"},"inLanguage":"fr-FR","potentialAction":[{"@type":"ReadAction","target":["https:\/\/www.tortosaturisme.cat\/fr\/avis-legal\/"]}]},{"@type":"BreadcrumbList","@id":"https:\/\/www.tortosaturisme.cat\/fr\/avis-legal\/#breadcrumb","itemListElement":[{"@type":"ListItem","position":1,"name":"Home","item":"https:\/\/www.tortosaturisme.cat\/fr\/home-page\/"},{"@type":"ListItem","position":2,"name":"Protecci\u00f3 de dades personals"}]},{"@type":"WebSite","@id":"https:\/\/www.tortosaturisme.cat\/fr\/#website","url":"https:\/\/www.tortosaturisme.cat\/fr\/","name":"tortosaturisme","description":"Otro sitio realizado con WordPress","potentialAction":[{"@type":"SearchAction","target":{"@type":"EntryPoint","urlTemplate":"https:\/\/www.tortosaturisme.cat\/fr\/?s={search_term_string}"},"query-input":{"@type":"PropertyValueSpecification","valueRequired":true,"valueName":"search_term_string"}}],"inLanguage":"fr-FR"}]}},"_links":{"self":[{"href":"https:\/\/www.tortosaturisme.cat\/fr\/wp-json\/wp\/v2\/pages\/7883","targetHints":{"allow":["GET"]}}],"collection":[{"href":"https:\/\/www.tortosaturisme.cat\/fr\/wp-json\/wp\/v2\/pages"}],"about":[{"href":"https:\/\/www.tortosaturisme.cat\/fr\/wp-json\/wp\/v2\/types\/page"}],"author":[{"embeddable":true,"href":"https:\/\/www.tortosaturisme.cat\/fr\/wp-json\/wp\/v2\/users\/5"}],"replies":[{"embeddable":true,"href":"https:\/\/www.tortosaturisme.cat\/fr\/wp-json\/wp\/v2\/comments?post=7883"}],"version-history":[{"count":4,"href":"https:\/\/www.tortosaturisme.cat\/fr\/wp-json\/wp\/v2\/pages\/7883\/revisions"}],"predecessor-version":[{"id":12948,"href":"https:\/\/www.tortosaturisme.cat\/fr\/wp-json\/wp\/v2\/pages\/7883\/revisions\/12948"}],"wp:attachment":[{"href":"https:\/\/www.tortosaturisme.cat\/fr\/wp-json\/wp\/v2\/media?parent=7883"}],"curies":[{"name":"wp","href":"https:\/\/api.w.org\/{rel}","templated":true}]}}